{"id":16630,"date":"2025-12-12T17:54:48","date_gmt":"2025-12-12T16:54:48","guid":{"rendered":"https:\/\/test.ecbeaute.com\/?post_type=product&#038;p=16630"},"modified":"2025-12-12T17:54:50","modified_gmt":"2025-12-12T16:54:50","slug":"d-cap-anti-pelliculaire-serum-hydratant-50-ml","status":"publish","type":"product","link":"https:\/\/paracherkaoui.ma\/index.php\/produit\/d-cap-anti-pelliculaire-serum-hydratant-50-ml\/","title":{"rendered":"D CAP ANTI PELLICULAIRE SERUM HYDRATANT 50 ML"},"content":{"rendered":"<p>S\u00e9rum hydratant pour le cuir chevelu. Formule \u00e0 base d\u2019acide hyaluronique, d\u00e9j\u00e0 connu pour son action hydratante et r\u00e9gulatrice d\u2019\u00e9lasticit\u00e9, et de kaempferol, flavonol qui inhibe l\u2019enzyme hyaluronidase responsable de la d\u00e9gradation de l\u2019acide hyaluronique que nous produisons naturellement, ainsi que de ferments lactiques permettant de r\u00e9\u00e9quilibrer et prot\u00e9ger le cuir chevelu.<br \/>\nCONSEILS D\u2019UTILISATION :<br \/>\nAppliquez le s\u00e9rum sur un cuir chevelu propre et sec.<br \/>\nMassez du bout des doigts en faisant des mouvements circulaires afin de favoriser l\u2019action des principes actifs.<\/p>\n","protected":false},"excerpt":{"rendered":"<p>S\u00e9rum hydratant pour le cuir chevelu. Formule \u00e0 base d\u2019acide hyaluronique, d\u00e9j\u00e0 connu pour son action hydratante et r\u00e9gulatrice d\u2019\u00e9lasticit\u00e9,<\/p>\n","protected":false},"featured_media":16678,"comment_status":"open","ping_status":"closed","template":"","meta":[],"product_brand":[238],"product_cat":[276],"product_tag":[],"class_list":{"0":"post-16630","1":"product","2":"type-product","3":"status-publish","4":"has-post-thumbnail","6":"product_brand-d-cap","7":"product_cat-serums-et-huiles","9":"first","10":"instock","11":"sale","12":"shipping-taxable","13":"purchasable","14":"product-type-simple"},"yoast_head":"<!-- This site is optimized with the Yoast SEO plugin v26.6 - https:\/\/yoast.com\/wordpress\/plugins\/seo\/ -->\r\n<title>D CAP ANTI PELLICULAIRE SERUM HYDRATANT 50 ML - Paracherkaoui.ma<\/title>\r\n<meta name=\"robots\" content=\"index, follow, max-snippet:-1, max-image-preview:large, max-video-preview:-1\" \/>\r\n<link rel=\"canonical\" href=\"https:\/\/paracherkaoui.ma\/index.php\/produit\/d-cap-anti-pelliculaire-serum-hydratant-50-ml\/\" \/>\r\n<meta property=\"og:locale\" content=\"fr_FR\" \/>\r\n<meta property=\"og:type\" content=\"article\" \/>\r\n<meta property=\"og:title\" content=\"D CAP ANTI PELLICULAIRE SERUM HYDRATANT 50 ML - Paracherkaoui.ma\" \/>\r\n<meta property=\"og:description\" content=\"S\u00e9rum hydratant pour le cuir chevelu. Formule \u00e0 base d\u2019acide hyaluronique, d\u00e9j\u00e0 connu pour son action hydratante et r\u00e9gulatrice d\u2019\u00e9lasticit\u00e9,\" \/>\r\n<meta property=\"og:url\" content=\"https:\/\/paracherkaoui.ma\/index.php\/produit\/d-cap-anti-pelliculaire-serum-hydratant-50-ml\/\" \/>\r\n<meta property=\"og:site_name\" content=\"Paracherkaoui.ma\" \/>\r\n<meta property=\"article:modified_time\" content=\"2025-12-12T16:54:50+00:00\" \/>\r\n<meta property=\"og:image\" content=\"https:\/\/paracherkaoui.ma\/wp-content\/uploads\/2025\/12\/d-cap-d-cap-anti-pelliculaire-serum-hydratant-50-ml-serum-et-huiles.jpg\" \/>\r\n\t<meta property=\"og:image:width\" content=\"700\" \/>\r\n\t<meta property=\"og:image:height\" content=\"700\" \/>\r\n\t<meta property=\"og:image:type\" content=\"image\/jpeg\" \/>\r\n<meta name=\"twitter:card\" content=\"summary_large_image\" \/>\r\n<script type=\"application\/ld+json\" class=\"yoast-schema-graph\">{\"@context\":\"https:\/\/schema.org\",\"@graph\":[{\"@type\":\"WebPage\",\"@id\":\"https:\/\/paracherkaoui.ma\/index.php\/produit\/d-cap-anti-pelliculaire-serum-hydratant-50-ml\/\",\"url\":\"https:\/\/paracherkaoui.ma\/index.php\/produit\/d-cap-anti-pelliculaire-serum-hydratant-50-ml\/\",\"name\":\"D CAP ANTI PELLICULAIRE SERUM HYDRATANT 50 ML - Paracherkaoui.ma\",\"isPartOf\":{\"@id\":\"https:\/\/paracherkaoui.ma\/#website\"},\"primaryImageOfPage\":{\"@id\":\"https:\/\/paracherkaoui.ma\/index.php\/produit\/d-cap-anti-pelliculaire-serum-hydratant-50-ml\/#primaryimage\"},\"image\":{\"@id\":\"https:\/\/paracherkaoui.ma\/index.php\/produit\/d-cap-anti-pelliculaire-serum-hydratant-50-ml\/#primaryimage\"},\"thumbnailUrl\":\"https:\/\/paracherkaoui.ma\/wp-content\/uploads\/2025\/12\/d-cap-d-cap-anti-pelliculaire-serum-hydratant-50-ml-serum-et-huiles.jpg\",\"datePublished\":\"2025-12-12T16:54:48+00:00\",\"dateModified\":\"2025-12-12T16:54:50+00:00\",\"breadcrumb\":{\"@id\":\"https:\/\/paracherkaoui.ma\/index.php\/produit\/d-cap-anti-pelliculaire-serum-hydratant-50-ml\/#breadcrumb\"},\"inLanguage\":\"fr-FR\",\"potentialAction\":[{\"@type\":\"ReadAction\",\"target\":[\"https:\/\/paracherkaoui.ma\/index.php\/produit\/d-cap-anti-pelliculaire-serum-hydratant-50-ml\/\"]}]},{\"@type\":\"ImageObject\",\"inLanguage\":\"fr-FR\",\"@id\":\"https:\/\/paracherkaoui.ma\/index.php\/produit\/d-cap-anti-pelliculaire-serum-hydratant-50-ml\/#primaryimage\",\"url\":\"https:\/\/paracherkaoui.ma\/wp-content\/uploads\/2025\/12\/d-cap-d-cap-anti-pelliculaire-serum-hydratant-50-ml-serum-et-huiles.jpg\",\"contentUrl\":\"https:\/\/paracherkaoui.ma\/wp-content\/uploads\/2025\/12\/d-cap-d-cap-anti-pelliculaire-serum-hydratant-50-ml-serum-et-huiles.jpg\",\"width\":700,\"height\":700},{\"@type\":\"BreadcrumbList\",\"@id\":\"https:\/\/paracherkaoui.ma\/index.php\/produit\/d-cap-anti-pelliculaire-serum-hydratant-50-ml\/#breadcrumb\",\"itemListElement\":[{\"@type\":\"ListItem\",\"position\":1,\"name\":\"Accueil\",\"item\":\"https:\/\/paracherkaoui.ma\/\"},{\"@type\":\"ListItem\",\"position\":2,\"name\":\"Boutique\",\"item\":\"https:\/\/paracherkaoui.ma\/index.php\/boutique\/\"},{\"@type\":\"ListItem\",\"position\":3,\"name\":\"D CAP ANTI PELLICULAIRE SERUM HYDRATANT 50 ML\"}]},{\"@type\":\"WebSite\",\"@id\":\"https:\/\/paracherkaoui.ma\/#website\",\"url\":\"https:\/\/paracherkaoui.ma\/\",\"name\":\"Paracherkaoui.ma\",\"description\":\"Achetez en ligne sur Paracherkaoui.ma\",\"potentialAction\":[{\"@type\":\"SearchAction\",\"target\":{\"@type\":\"EntryPoint\",\"urlTemplate\":\"https:\/\/paracherkaoui.ma\/?s={search_term_string}\"},\"query-input\":{\"@type\":\"PropertyValueSpecification\",\"valueRequired\":true,\"valueName\":\"search_term_string\"}}],\"inLanguage\":\"fr-FR\"}]}<\/script>\r\n<!-- \/ Yoast SEO plugin. -->","yoast_head_json":{"title":"D CAP ANTI PELLICULAIRE SERUM HYDRATANT 50 ML - Paracherkaoui.ma","robots":{"index":"index","follow":"follow","max-snippet":"max-snippet:-1","max-image-preview":"max-image-preview:large","max-video-preview":"max-video-preview:-1"},"canonical":"https:\/\/paracherkaoui.ma\/index.php\/produit\/d-cap-anti-pelliculaire-serum-hydratant-50-ml\/","og_locale":"fr_FR","og_type":"article","og_title":"D CAP ANTI PELLICULAIRE SERUM HYDRATANT 50 ML - Paracherkaoui.ma","og_description":"S\u00e9rum hydratant pour le cuir chevelu. Formule \u00e0 base d\u2019acide hyaluronique, d\u00e9j\u00e0 connu pour son action hydratante et r\u00e9gulatrice d\u2019\u00e9lasticit\u00e9,","og_url":"https:\/\/paracherkaoui.ma\/index.php\/produit\/d-cap-anti-pelliculaire-serum-hydratant-50-ml\/","og_site_name":"Paracherkaoui.ma","article_modified_time":"2025-12-12T16:54:50+00:00","og_image":[{"width":700,"height":700,"url":"https:\/\/paracherkaoui.ma\/wp-content\/uploads\/2025\/12\/d-cap-d-cap-anti-pelliculaire-serum-hydratant-50-ml-serum-et-huiles.jpg","type":"image\/jpeg"}],"twitter_card":"summary_large_image","schema":{"@context":"https:\/\/schema.org","@graph":[{"@type":"WebPage","@id":"https:\/\/paracherkaoui.ma\/index.php\/produit\/d-cap-anti-pelliculaire-serum-hydratant-50-ml\/","url":"https:\/\/paracherkaoui.ma\/index.php\/produit\/d-cap-anti-pelliculaire-serum-hydratant-50-ml\/","name":"D CAP ANTI PELLICULAIRE SERUM HYDRATANT 50 ML - Paracherkaoui.ma","isPartOf":{"@id":"https:\/\/paracherkaoui.ma\/#website"},"primaryImageOfPage":{"@id":"https:\/\/paracherkaoui.ma\/index.php\/produit\/d-cap-anti-pelliculaire-serum-hydratant-50-ml\/#primaryimage"},"image":{"@id":"https:\/\/paracherkaoui.ma\/index.php\/produit\/d-cap-anti-pelliculaire-serum-hydratant-50-ml\/#primaryimage"},"thumbnailUrl":"https:\/\/paracherkaoui.ma\/wp-content\/uploads\/2025\/12\/d-cap-d-cap-anti-pelliculaire-serum-hydratant-50-ml-serum-et-huiles.jpg","datePublished":"2025-12-12T16:54:48+00:00","dateModified":"2025-12-12T16:54:50+00:00","breadcrumb":{"@id":"https:\/\/paracherkaoui.ma\/index.php\/produit\/d-cap-anti-pelliculaire-serum-hydratant-50-ml\/#breadcrumb"},"inLanguage":"fr-FR","potentialAction":[{"@type":"ReadAction","target":["https:\/\/paracherkaoui.ma\/index.php\/produit\/d-cap-anti-pelliculaire-serum-hydratant-50-ml\/"]}]},{"@type":"ImageObject","inLanguage":"fr-FR","@id":"https:\/\/paracherkaoui.ma\/index.php\/produit\/d-cap-anti-pelliculaire-serum-hydratant-50-ml\/#primaryimage","url":"https:\/\/paracherkaoui.ma\/wp-content\/uploads\/2025\/12\/d-cap-d-cap-anti-pelliculaire-serum-hydratant-50-ml-serum-et-huiles.jpg","contentUrl":"https:\/\/paracherkaoui.ma\/wp-content\/uploads\/2025\/12\/d-cap-d-cap-anti-pelliculaire-serum-hydratant-50-ml-serum-et-huiles.jpg","width":700,"height":700},{"@type":"BreadcrumbList","@id":"https:\/\/paracherkaoui.ma\/index.php\/produit\/d-cap-anti-pelliculaire-serum-hydratant-50-ml\/#breadcrumb","itemListElement":[{"@type":"ListItem","position":1,"name":"Accueil","item":"https:\/\/paracherkaoui.ma\/"},{"@type":"ListItem","position":2,"name":"Boutique","item":"https:\/\/paracherkaoui.ma\/index.php\/boutique\/"},{"@type":"ListItem","position":3,"name":"D CAP ANTI PELLICULAIRE SERUM HYDRATANT 50 ML"}]},{"@type":"WebSite","@id":"https:\/\/paracherkaoui.ma\/#website","url":"https:\/\/paracherkaoui.ma\/","name":"Paracherkaoui.ma","description":"Achetez en ligne sur Paracherkaoui.ma","potentialAction":[{"@type":"SearchAction","target":{"@type":"EntryPoint","urlTemplate":"https:\/\/paracherkaoui.ma\/?s={search_term_string}"},"query-input":{"@type":"PropertyValueSpecification","valueRequired":true,"valueName":"search_term_string"}}],"inLanguage":"fr-FR"}]}},"_links":{"self":[{"href":"https:\/\/paracherkaoui.ma\/index.php\/wp-json\/wp\/v2\/product\/16630","targetHints":{"allow":["GET"]}}],"collection":[{"href":"https:\/\/paracherkaoui.ma\/index.php\/wp-json\/wp\/v2\/product"}],"about":[{"href":"https:\/\/paracherkaoui.ma\/index.php\/wp-json\/wp\/v2\/types\/product"}],"replies":[{"embeddable":true,"href":"https:\/\/paracherkaoui.ma\/index.php\/wp-json\/wp\/v2\/comments?post=16630"}],"version-history":[{"count":1,"href":"https:\/\/paracherkaoui.ma\/index.php\/wp-json\/wp\/v2\/product\/16630\/revisions"}],"predecessor-version":[{"id":16680,"href":"https:\/\/paracherkaoui.ma\/index.php\/wp-json\/wp\/v2\/product\/16630\/revisions\/16680"}],"wp:featuredmedia":[{"embeddable":true,"href":"https:\/\/paracherkaoui.ma\/index.php\/wp-json\/wp\/v2\/media\/16678"}],"wp:attachment":[{"href":"https:\/\/paracherkaoui.ma\/index.php\/wp-json\/wp\/v2\/media?parent=16630"}],"wp:term":[{"taxonomy":"product_brand","embeddable":true,"href":"https:\/\/paracherkaoui.ma\/index.php\/wp-json\/wp\/v2\/product_brand?post=16630"},{"taxonomy":"product_cat","embeddable":true,"href":"https:\/\/paracherkaoui.ma\/index.php\/wp-json\/wp\/v2\/product_cat?post=16630"},{"taxonomy":"product_tag","embeddable":true,"href":"https:\/\/paracherkaoui.ma\/index.php\/wp-json\/wp\/v2\/product_tag?post=16630"}],"curies":[{"name":"wp","href":"https:\/\/api.w.org\/{rel}","templated":true}]}}