{"id":16620,"date":"2025-12-12T17:54:48","date_gmt":"2025-12-12T16:54:48","guid":{"rendered":"https:\/\/test.ecbeaute.com\/?post_type=product&#038;p=16620"},"modified":"2025-12-12T17:54:49","modified_gmt":"2025-12-12T16:54:49","slug":"puressentiel-anti-chute-huile-revitalisante-7-racines-100-ml","status":"publish","type":"product","link":"https:\/\/paracherkaoui.ma\/index.php\/produit\/puressentiel-anti-chute-huile-revitalisante-7-racines-100-ml\/","title":{"rendered":"PURESSENTIEL ANTI CHUTE HUILE REVITALISANTE 7 RACINES 100 ML"},"content":{"rendered":"<p>DESCRIPTION :<br \/>\nCette huile au complexe brevet\u00e9 aux 7 racines s\u2019utilise comme revitalisant pour cheveux. En usage quotidien, elle sculpte les cheveux sans ass\u00e9cher le cuir chevelu. Utilis\u00e9 en masque, ce revitalisant cheveux nourrit la fibre capillaire de la racine \u00e0 la pointe. R\u00e9sultat ? Les cheveux sont moins cassants(1) et les pellicules et d\u00e9mangeaisons du cuir chevelu sont r\u00e9duites(2). L\u2019efficacit\u00e9(1) de ce revitalisant pour cheveux est approuv\u00e9e d\u00e8s 6 semaines et optimale \u00e0 partir de 3 mois pour redonner force et brillance aux cheveux. Formule 100% d\u2019origine naturelle -Test\u00e9e sous contr\u00f4le dermatologique<br \/>\nCONSEILS D\u2019UTILISATION :<br \/>\nVous pouvez appliquer ce revitalisant cheveux de mani\u00e8re quotidienne en huile coiffante ou comme soin des cheveux en masque hebdomadaire avant un shampooing. Elle est id\u00e9ale pour prolonger l\u2019efficacit\u00e9 de notre s\u00e9rum anti-chute de cheveux.<\/p>\n","protected":false},"excerpt":{"rendered":"<p>DESCRIPTION : Cette huile au complexe brevet\u00e9 aux 7 racines s\u2019utilise comme revitalisant pour cheveux. En usage quotidien, elle sculpte<\/p>\n","protected":false},"featured_media":16655,"comment_status":"open","ping_status":"closed","template":"","meta":[],"product_brand":[204],"product_cat":[276],"product_tag":[],"class_list":{"0":"post-16620","1":"product","2":"type-product","3":"status-publish","4":"has-post-thumbnail","6":"product_brand-puressentiel","7":"product_cat-serums-et-huiles","9":"first","10":"instock","11":"sale","12":"shipping-taxable","13":"purchasable","14":"product-type-simple"},"yoast_head":"<!-- This site is optimized with the Yoast SEO plugin v26.6 - https:\/\/yoast.com\/wordpress\/plugins\/seo\/ -->\r\n<title>PURESSENTIEL ANTI CHUTE HUILE REVITALISANTE 7 RACINES 100 ML - Paracherkaoui.ma<\/title>\r\n<meta name=\"robots\" content=\"index, follow, max-snippet:-1, max-image-preview:large, max-video-preview:-1\" \/>\r\n<link rel=\"canonical\" href=\"https:\/\/paracherkaoui.ma\/index.php\/produit\/puressentiel-anti-chute-huile-revitalisante-7-racines-100-ml\/\" \/>\r\n<meta property=\"og:locale\" content=\"fr_FR\" \/>\r\n<meta property=\"og:type\" content=\"article\" \/>\r\n<meta property=\"og:title\" content=\"PURESSENTIEL ANTI CHUTE HUILE REVITALISANTE 7 RACINES 100 ML - Paracherkaoui.ma\" \/>\r\n<meta property=\"og:description\" content=\"DESCRIPTION : Cette huile au complexe brevet\u00e9 aux 7 racines s\u2019utilise comme revitalisant pour cheveux. En usage quotidien, elle sculpte\" \/>\r\n<meta property=\"og:url\" content=\"https:\/\/paracherkaoui.ma\/index.php\/produit\/puressentiel-anti-chute-huile-revitalisante-7-racines-100-ml\/\" \/>\r\n<meta property=\"og:site_name\" content=\"Paracherkaoui.ma\" \/>\r\n<meta property=\"article:modified_time\" content=\"2025-12-12T16:54:49+00:00\" \/>\r\n<meta property=\"og:image\" content=\"https:\/\/paracherkaoui.ma\/wp-content\/uploads\/2025\/12\/puressentiel-anti-chute-huile-revitalisante-7-racines-100-ml.jpg\" \/>\r\n\t<meta property=\"og:image:width\" content=\"700\" \/>\r\n\t<meta property=\"og:image:height\" content=\"700\" \/>\r\n\t<meta property=\"og:image:type\" content=\"image\/jpeg\" \/>\r\n<meta name=\"twitter:card\" content=\"summary_large_image\" \/>\r\n<meta name=\"twitter:label1\" content=\"Dur\u00e9e de lecture estim\u00e9e\" \/>\n\t<meta name=\"twitter:data1\" content=\"1 minute\" \/>\r\n<script type=\"application\/ld+json\" class=\"yoast-schema-graph\">{\"@context\":\"https:\/\/schema.org\",\"@graph\":[{\"@type\":\"WebPage\",\"@id\":\"https:\/\/paracherkaoui.ma\/index.php\/produit\/puressentiel-anti-chute-huile-revitalisante-7-racines-100-ml\/\",\"url\":\"https:\/\/paracherkaoui.ma\/index.php\/produit\/puressentiel-anti-chute-huile-revitalisante-7-racines-100-ml\/\",\"name\":\"PURESSENTIEL ANTI CHUTE HUILE REVITALISANTE 7 RACINES 100 ML - Paracherkaoui.ma\",\"isPartOf\":{\"@id\":\"https:\/\/paracherkaoui.ma\/#website\"},\"primaryImageOfPage\":{\"@id\":\"https:\/\/paracherkaoui.ma\/index.php\/produit\/puressentiel-anti-chute-huile-revitalisante-7-racines-100-ml\/#primaryimage\"},\"image\":{\"@id\":\"https:\/\/paracherkaoui.ma\/index.php\/produit\/puressentiel-anti-chute-huile-revitalisante-7-racines-100-ml\/#primaryimage\"},\"thumbnailUrl\":\"https:\/\/paracherkaoui.ma\/wp-content\/uploads\/2025\/12\/puressentiel-anti-chute-huile-revitalisante-7-racines-100-ml.jpg\",\"datePublished\":\"2025-12-12T16:54:48+00:00\",\"dateModified\":\"2025-12-12T16:54:49+00:00\",\"breadcrumb\":{\"@id\":\"https:\/\/paracherkaoui.ma\/index.php\/produit\/puressentiel-anti-chute-huile-revitalisante-7-racines-100-ml\/#breadcrumb\"},\"inLanguage\":\"fr-FR\",\"potentialAction\":[{\"@type\":\"ReadAction\",\"target\":[\"https:\/\/paracherkaoui.ma\/index.php\/produit\/puressentiel-anti-chute-huile-revitalisante-7-racines-100-ml\/\"]}]},{\"@type\":\"ImageObject\",\"inLanguage\":\"fr-FR\",\"@id\":\"https:\/\/paracherkaoui.ma\/index.php\/produit\/puressentiel-anti-chute-huile-revitalisante-7-racines-100-ml\/#primaryimage\",\"url\":\"https:\/\/paracherkaoui.ma\/wp-content\/uploads\/2025\/12\/puressentiel-anti-chute-huile-revitalisante-7-racines-100-ml.jpg\",\"contentUrl\":\"https:\/\/paracherkaoui.ma\/wp-content\/uploads\/2025\/12\/puressentiel-anti-chute-huile-revitalisante-7-racines-100-ml.jpg\",\"width\":700,\"height\":700},{\"@type\":\"BreadcrumbList\",\"@id\":\"https:\/\/paracherkaoui.ma\/index.php\/produit\/puressentiel-anti-chute-huile-revitalisante-7-racines-100-ml\/#breadcrumb\",\"itemListElement\":[{\"@type\":\"ListItem\",\"position\":1,\"name\":\"Accueil\",\"item\":\"https:\/\/paracherkaoui.ma\/\"},{\"@type\":\"ListItem\",\"position\":2,\"name\":\"Boutique\",\"item\":\"https:\/\/paracherkaoui.ma\/index.php\/boutique\/\"},{\"@type\":\"ListItem\",\"position\":3,\"name\":\"PURESSENTIEL ANTI CHUTE HUILE REVITALISANTE 7 RACINES 100 ML\"}]},{\"@type\":\"WebSite\",\"@id\":\"https:\/\/paracherkaoui.ma\/#website\",\"url\":\"https:\/\/paracherkaoui.ma\/\",\"name\":\"Paracherkaoui.ma\",\"description\":\"Achetez en ligne sur Paracherkaoui.ma\",\"potentialAction\":[{\"@type\":\"SearchAction\",\"target\":{\"@type\":\"EntryPoint\",\"urlTemplate\":\"https:\/\/paracherkaoui.ma\/?s={search_term_string}\"},\"query-input\":{\"@type\":\"PropertyValueSpecification\",\"valueRequired\":true,\"valueName\":\"search_term_string\"}}],\"inLanguage\":\"fr-FR\"}]}<\/script>\r\n<!-- \/ Yoast SEO plugin. -->","yoast_head_json":{"title":"PURESSENTIEL ANTI CHUTE HUILE REVITALISANTE 7 RACINES 100 ML - Paracherkaoui.ma","robots":{"index":"index","follow":"follow","max-snippet":"max-snippet:-1","max-image-preview":"max-image-preview:large","max-video-preview":"max-video-preview:-1"},"canonical":"https:\/\/paracherkaoui.ma\/index.php\/produit\/puressentiel-anti-chute-huile-revitalisante-7-racines-100-ml\/","og_locale":"fr_FR","og_type":"article","og_title":"PURESSENTIEL ANTI CHUTE HUILE REVITALISANTE 7 RACINES 100 ML - Paracherkaoui.ma","og_description":"DESCRIPTION : Cette huile au complexe brevet\u00e9 aux 7 racines s\u2019utilise comme revitalisant pour cheveux. En usage quotidien, elle sculpte","og_url":"https:\/\/paracherkaoui.ma\/index.php\/produit\/puressentiel-anti-chute-huile-revitalisante-7-racines-100-ml\/","og_site_name":"Paracherkaoui.ma","article_modified_time":"2025-12-12T16:54:49+00:00","og_image":[{"width":700,"height":700,"url":"https:\/\/paracherkaoui.ma\/wp-content\/uploads\/2025\/12\/puressentiel-anti-chute-huile-revitalisante-7-racines-100-ml.jpg","type":"image\/jpeg"}],"twitter_card":"summary_large_image","twitter_misc":{"Dur\u00e9e de lecture estim\u00e9e":"1 minute"},"schema":{"@context":"https:\/\/schema.org","@graph":[{"@type":"WebPage","@id":"https:\/\/paracherkaoui.ma\/index.php\/produit\/puressentiel-anti-chute-huile-revitalisante-7-racines-100-ml\/","url":"https:\/\/paracherkaoui.ma\/index.php\/produit\/puressentiel-anti-chute-huile-revitalisante-7-racines-100-ml\/","name":"PURESSENTIEL ANTI CHUTE HUILE REVITALISANTE 7 RACINES 100 ML - Paracherkaoui.ma","isPartOf":{"@id":"https:\/\/paracherkaoui.ma\/#website"},"primaryImageOfPage":{"@id":"https:\/\/paracherkaoui.ma\/index.php\/produit\/puressentiel-anti-chute-huile-revitalisante-7-racines-100-ml\/#primaryimage"},"image":{"@id":"https:\/\/paracherkaoui.ma\/index.php\/produit\/puressentiel-anti-chute-huile-revitalisante-7-racines-100-ml\/#primaryimage"},"thumbnailUrl":"https:\/\/paracherkaoui.ma\/wp-content\/uploads\/2025\/12\/puressentiel-anti-chute-huile-revitalisante-7-racines-100-ml.jpg","datePublished":"2025-12-12T16:54:48+00:00","dateModified":"2025-12-12T16:54:49+00:00","breadcrumb":{"@id":"https:\/\/paracherkaoui.ma\/index.php\/produit\/puressentiel-anti-chute-huile-revitalisante-7-racines-100-ml\/#breadcrumb"},"inLanguage":"fr-FR","potentialAction":[{"@type":"ReadAction","target":["https:\/\/paracherkaoui.ma\/index.php\/produit\/puressentiel-anti-chute-huile-revitalisante-7-racines-100-ml\/"]}]},{"@type":"ImageObject","inLanguage":"fr-FR","@id":"https:\/\/paracherkaoui.ma\/index.php\/produit\/puressentiel-anti-chute-huile-revitalisante-7-racines-100-ml\/#primaryimage","url":"https:\/\/paracherkaoui.ma\/wp-content\/uploads\/2025\/12\/puressentiel-anti-chute-huile-revitalisante-7-racines-100-ml.jpg","contentUrl":"https:\/\/paracherkaoui.ma\/wp-content\/uploads\/2025\/12\/puressentiel-anti-chute-huile-revitalisante-7-racines-100-ml.jpg","width":700,"height":700},{"@type":"BreadcrumbList","@id":"https:\/\/paracherkaoui.ma\/index.php\/produit\/puressentiel-anti-chute-huile-revitalisante-7-racines-100-ml\/#breadcrumb","itemListElement":[{"@type":"ListItem","position":1,"name":"Accueil","item":"https:\/\/paracherkaoui.ma\/"},{"@type":"ListItem","position":2,"name":"Boutique","item":"https:\/\/paracherkaoui.ma\/index.php\/boutique\/"},{"@type":"ListItem","position":3,"name":"PURESSENTIEL ANTI CHUTE HUILE REVITALISANTE 7 RACINES 100 ML"}]},{"@type":"WebSite","@id":"https:\/\/paracherkaoui.ma\/#website","url":"https:\/\/paracherkaoui.ma\/","name":"Paracherkaoui.ma","description":"Achetez en ligne sur Paracherkaoui.ma","potentialAction":[{"@type":"SearchAction","target":{"@type":"EntryPoint","urlTemplate":"https:\/\/paracherkaoui.ma\/?s={search_term_string}"},"query-input":{"@type":"PropertyValueSpecification","valueRequired":true,"valueName":"search_term_string"}}],"inLanguage":"fr-FR"}]}},"_links":{"self":[{"href":"https:\/\/paracherkaoui.ma\/index.php\/wp-json\/wp\/v2\/product\/16620","targetHints":{"allow":["GET"]}}],"collection":[{"href":"https:\/\/paracherkaoui.ma\/index.php\/wp-json\/wp\/v2\/product"}],"about":[{"href":"https:\/\/paracherkaoui.ma\/index.php\/wp-json\/wp\/v2\/types\/product"}],"replies":[{"embeddable":true,"href":"https:\/\/paracherkaoui.ma\/index.php\/wp-json\/wp\/v2\/comments?post=16620"}],"version-history":[{"count":1,"href":"https:\/\/paracherkaoui.ma\/index.php\/wp-json\/wp\/v2\/product\/16620\/revisions"}],"predecessor-version":[{"id":16657,"href":"https:\/\/paracherkaoui.ma\/index.php\/wp-json\/wp\/v2\/product\/16620\/revisions\/16657"}],"wp:featuredmedia":[{"embeddable":true,"href":"https:\/\/paracherkaoui.ma\/index.php\/wp-json\/wp\/v2\/media\/16655"}],"wp:attachment":[{"href":"https:\/\/paracherkaoui.ma\/index.php\/wp-json\/wp\/v2\/media?parent=16620"}],"wp:term":[{"taxonomy":"product_brand","embeddable":true,"href":"https:\/\/paracherkaoui.ma\/index.php\/wp-json\/wp\/v2\/product_brand?post=16620"},{"taxonomy":"product_cat","embeddable":true,"href":"https:\/\/paracherkaoui.ma\/index.php\/wp-json\/wp\/v2\/product_cat?post=16620"},{"taxonomy":"product_tag","embeddable":true,"href":"https:\/\/paracherkaoui.ma\/index.php\/wp-json\/wp\/v2\/product_tag?post=16620"}],"curies":[{"name":"wp","href":"https:\/\/api.w.org\/{rel}","templated":true}]}}