{"id":16559,"date":"2025-12-12T17:54:43","date_gmt":"2025-12-12T16:54:43","guid":{"rendered":"https:\/\/test.ecbeaute.com\/?post_type=product&#038;p=16559"},"modified":"2025-12-12T17:54:46","modified_gmt":"2025-12-12T16:54:46","slug":"caditar-serum-anti-chute-100-ml","status":"publish","type":"product","link":"https:\/\/paracherkaoui.ma\/index.php\/produit\/caditar-serum-anti-chute-100-ml\/","title":{"rendered":"CADITAR SERUM ANTI CHUTE 100 ML"},"content":{"rendered":"<p>Grace \u00e0 une formule innovante r\u00e9unissant de puissants actifs r\u00e9g\u00e9n\u00e9rateurs, le S\u00e9rum Anti-chute Caditar va permettre d\u2019acc\u00e9l\u00e9rer le retour \u00e0 un cycle pilaire normal afin d\u2019enrayer la chute de cheveu pour les alop\u00e9cies r\u00e9versibles et de retarder, ralentir et limiter la chute des alop\u00e9cies \u00e9volutives.<br \/>\nDe plus, Caditar S\u00e9rum Anti-chute va rendre la chevelure plus dense, les cheveux plus \u00e9pais et plus forts ainsi que faciliter le coiffage.<br \/>\nComment utiliser Caditar S\u00e9rum Anti-chute<br \/>\nAppliquer le S\u00e9rum matin et soir sur le cuir chevelu, raie par raie. L\u2019embout applicateur permet un ciblage des zones \u00e0 traiter.<br \/>\nEffectuer un massage tr\u00e8s doux du cuir chevelu afin de faire bien p\u00e9n\u00e9trer les actifs.<br \/>\nRenouveler chaque jour pendant 3 mois.<br \/>\nLe traitement peut \u00eatre prolong\u00e9 pour accentuer ses effets ou renouvel\u00e9 dans l\u2019ann\u00e9e, en particulier en p\u00e9riode intersaison.<\/p>\n","protected":false},"excerpt":{"rendered":"<p>Grace \u00e0 une formule innovante r\u00e9unissant de puissants actifs r\u00e9g\u00e9n\u00e9rateurs, le S\u00e9rum Anti-chute Caditar va permettre d\u2019acc\u00e9l\u00e9rer le retour \u00e0<\/p>\n","protected":false},"featured_media":16607,"comment_status":"open","ping_status":"closed","template":"","meta":[],"product_brand":[265],"product_cat":[276],"product_tag":[],"class_list":{"0":"post-16559","1":"product","2":"type-product","3":"status-publish","4":"has-post-thumbnail","6":"product_brand-caditar","7":"product_cat-serums-et-huiles","9":"first","10":"instock","11":"sale","12":"shipping-taxable","13":"purchasable","14":"product-type-simple"},"yoast_head":"<!-- This site is optimized with the Yoast SEO plugin v26.6 - https:\/\/yoast.com\/wordpress\/plugins\/seo\/ -->\r\n<title>CADITAR SERUM ANTI CHUTE 100 ML - Paracherkaoui.ma<\/title>\r\n<meta name=\"robots\" content=\"index, follow, max-snippet:-1, max-image-preview:large, max-video-preview:-1\" \/>\r\n<link rel=\"canonical\" href=\"https:\/\/paracherkaoui.ma\/index.php\/produit\/caditar-serum-anti-chute-100-ml\/\" \/>\r\n<meta property=\"og:locale\" content=\"fr_FR\" \/>\r\n<meta property=\"og:type\" content=\"article\" \/>\r\n<meta property=\"og:title\" content=\"CADITAR SERUM ANTI CHUTE 100 ML - Paracherkaoui.ma\" \/>\r\n<meta property=\"og:description\" content=\"Grace \u00e0 une formule innovante r\u00e9unissant de puissants actifs r\u00e9g\u00e9n\u00e9rateurs, le S\u00e9rum Anti-chute Caditar va permettre d\u2019acc\u00e9l\u00e9rer le retour \u00e0\" \/>\r\n<meta property=\"og:url\" content=\"https:\/\/paracherkaoui.ma\/index.php\/produit\/caditar-serum-anti-chute-100-ml\/\" \/>\r\n<meta property=\"og:site_name\" content=\"Paracherkaoui.ma\" \/>\r\n<meta property=\"article:modified_time\" content=\"2025-12-12T16:54:46+00:00\" \/>\r\n<meta property=\"og:image\" content=\"https:\/\/paracherkaoui.ma\/wp-content\/uploads\/2025\/12\/caditar-serum-anti-chute-100-ml.jpg\" \/>\r\n\t<meta property=\"og:image:width\" content=\"700\" \/>\r\n\t<meta property=\"og:image:height\" content=\"700\" \/>\r\n\t<meta property=\"og:image:type\" content=\"image\/jpeg\" \/>\r\n<meta name=\"twitter:card\" content=\"summary_large_image\" \/>\r\n<meta name=\"twitter:label1\" content=\"Dur\u00e9e de lecture estim\u00e9e\" \/>\n\t<meta name=\"twitter:data1\" content=\"1 minute\" \/>\r\n<script type=\"application\/ld+json\" class=\"yoast-schema-graph\">{\"@context\":\"https:\/\/schema.org\",\"@graph\":[{\"@type\":\"WebPage\",\"@id\":\"https:\/\/paracherkaoui.ma\/index.php\/produit\/caditar-serum-anti-chute-100-ml\/\",\"url\":\"https:\/\/paracherkaoui.ma\/index.php\/produit\/caditar-serum-anti-chute-100-ml\/\",\"name\":\"CADITAR SERUM ANTI CHUTE 100 ML - Paracherkaoui.ma\",\"isPartOf\":{\"@id\":\"https:\/\/paracherkaoui.ma\/#website\"},\"primaryImageOfPage\":{\"@id\":\"https:\/\/paracherkaoui.ma\/index.php\/produit\/caditar-serum-anti-chute-100-ml\/#primaryimage\"},\"image\":{\"@id\":\"https:\/\/paracherkaoui.ma\/index.php\/produit\/caditar-serum-anti-chute-100-ml\/#primaryimage\"},\"thumbnailUrl\":\"https:\/\/paracherkaoui.ma\/wp-content\/uploads\/2025\/12\/caditar-serum-anti-chute-100-ml.jpg\",\"datePublished\":\"2025-12-12T16:54:43+00:00\",\"dateModified\":\"2025-12-12T16:54:46+00:00\",\"breadcrumb\":{\"@id\":\"https:\/\/paracherkaoui.ma\/index.php\/produit\/caditar-serum-anti-chute-100-ml\/#breadcrumb\"},\"inLanguage\":\"fr-FR\",\"potentialAction\":[{\"@type\":\"ReadAction\",\"target\":[\"https:\/\/paracherkaoui.ma\/index.php\/produit\/caditar-serum-anti-chute-100-ml\/\"]}]},{\"@type\":\"ImageObject\",\"inLanguage\":\"fr-FR\",\"@id\":\"https:\/\/paracherkaoui.ma\/index.php\/produit\/caditar-serum-anti-chute-100-ml\/#primaryimage\",\"url\":\"https:\/\/paracherkaoui.ma\/wp-content\/uploads\/2025\/12\/caditar-serum-anti-chute-100-ml.jpg\",\"contentUrl\":\"https:\/\/paracherkaoui.ma\/wp-content\/uploads\/2025\/12\/caditar-serum-anti-chute-100-ml.jpg\",\"width\":700,\"height\":700},{\"@type\":\"BreadcrumbList\",\"@id\":\"https:\/\/paracherkaoui.ma\/index.php\/produit\/caditar-serum-anti-chute-100-ml\/#breadcrumb\",\"itemListElement\":[{\"@type\":\"ListItem\",\"position\":1,\"name\":\"Accueil\",\"item\":\"https:\/\/paracherkaoui.ma\/\"},{\"@type\":\"ListItem\",\"position\":2,\"name\":\"Boutique\",\"item\":\"https:\/\/paracherkaoui.ma\/index.php\/boutique\/\"},{\"@type\":\"ListItem\",\"position\":3,\"name\":\"CADITAR SERUM ANTI CHUTE 100 ML\"}]},{\"@type\":\"WebSite\",\"@id\":\"https:\/\/paracherkaoui.ma\/#website\",\"url\":\"https:\/\/paracherkaoui.ma\/\",\"name\":\"Paracherkaoui.ma\",\"description\":\"Achetez en ligne sur Paracherkaoui.ma\",\"potentialAction\":[{\"@type\":\"SearchAction\",\"target\":{\"@type\":\"EntryPoint\",\"urlTemplate\":\"https:\/\/paracherkaoui.ma\/?s={search_term_string}\"},\"query-input\":{\"@type\":\"PropertyValueSpecification\",\"valueRequired\":true,\"valueName\":\"search_term_string\"}}],\"inLanguage\":\"fr-FR\"}]}<\/script>\r\n<!-- \/ Yoast SEO plugin. -->","yoast_head_json":{"title":"CADITAR SERUM ANTI CHUTE 100 ML - Paracherkaoui.ma","robots":{"index":"index","follow":"follow","max-snippet":"max-snippet:-1","max-image-preview":"max-image-preview:large","max-video-preview":"max-video-preview:-1"},"canonical":"https:\/\/paracherkaoui.ma\/index.php\/produit\/caditar-serum-anti-chute-100-ml\/","og_locale":"fr_FR","og_type":"article","og_title":"CADITAR SERUM ANTI CHUTE 100 ML - Paracherkaoui.ma","og_description":"Grace \u00e0 une formule innovante r\u00e9unissant de puissants actifs r\u00e9g\u00e9n\u00e9rateurs, le S\u00e9rum Anti-chute Caditar va permettre d\u2019acc\u00e9l\u00e9rer le retour \u00e0","og_url":"https:\/\/paracherkaoui.ma\/index.php\/produit\/caditar-serum-anti-chute-100-ml\/","og_site_name":"Paracherkaoui.ma","article_modified_time":"2025-12-12T16:54:46+00:00","og_image":[{"width":700,"height":700,"url":"https:\/\/paracherkaoui.ma\/wp-content\/uploads\/2025\/12\/caditar-serum-anti-chute-100-ml.jpg","type":"image\/jpeg"}],"twitter_card":"summary_large_image","twitter_misc":{"Dur\u00e9e de lecture estim\u00e9e":"1 minute"},"schema":{"@context":"https:\/\/schema.org","@graph":[{"@type":"WebPage","@id":"https:\/\/paracherkaoui.ma\/index.php\/produit\/caditar-serum-anti-chute-100-ml\/","url":"https:\/\/paracherkaoui.ma\/index.php\/produit\/caditar-serum-anti-chute-100-ml\/","name":"CADITAR SERUM ANTI CHUTE 100 ML - Paracherkaoui.ma","isPartOf":{"@id":"https:\/\/paracherkaoui.ma\/#website"},"primaryImageOfPage":{"@id":"https:\/\/paracherkaoui.ma\/index.php\/produit\/caditar-serum-anti-chute-100-ml\/#primaryimage"},"image":{"@id":"https:\/\/paracherkaoui.ma\/index.php\/produit\/caditar-serum-anti-chute-100-ml\/#primaryimage"},"thumbnailUrl":"https:\/\/paracherkaoui.ma\/wp-content\/uploads\/2025\/12\/caditar-serum-anti-chute-100-ml.jpg","datePublished":"2025-12-12T16:54:43+00:00","dateModified":"2025-12-12T16:54:46+00:00","breadcrumb":{"@id":"https:\/\/paracherkaoui.ma\/index.php\/produit\/caditar-serum-anti-chute-100-ml\/#breadcrumb"},"inLanguage":"fr-FR","potentialAction":[{"@type":"ReadAction","target":["https:\/\/paracherkaoui.ma\/index.php\/produit\/caditar-serum-anti-chute-100-ml\/"]}]},{"@type":"ImageObject","inLanguage":"fr-FR","@id":"https:\/\/paracherkaoui.ma\/index.php\/produit\/caditar-serum-anti-chute-100-ml\/#primaryimage","url":"https:\/\/paracherkaoui.ma\/wp-content\/uploads\/2025\/12\/caditar-serum-anti-chute-100-ml.jpg","contentUrl":"https:\/\/paracherkaoui.ma\/wp-content\/uploads\/2025\/12\/caditar-serum-anti-chute-100-ml.jpg","width":700,"height":700},{"@type":"BreadcrumbList","@id":"https:\/\/paracherkaoui.ma\/index.php\/produit\/caditar-serum-anti-chute-100-ml\/#breadcrumb","itemListElement":[{"@type":"ListItem","position":1,"name":"Accueil","item":"https:\/\/paracherkaoui.ma\/"},{"@type":"ListItem","position":2,"name":"Boutique","item":"https:\/\/paracherkaoui.ma\/index.php\/boutique\/"},{"@type":"ListItem","position":3,"name":"CADITAR SERUM ANTI CHUTE 100 ML"}]},{"@type":"WebSite","@id":"https:\/\/paracherkaoui.ma\/#website","url":"https:\/\/paracherkaoui.ma\/","name":"Paracherkaoui.ma","description":"Achetez en ligne sur Paracherkaoui.ma","potentialAction":[{"@type":"SearchAction","target":{"@type":"EntryPoint","urlTemplate":"https:\/\/paracherkaoui.ma\/?s={search_term_string}"},"query-input":{"@type":"PropertyValueSpecification","valueRequired":true,"valueName":"search_term_string"}}],"inLanguage":"fr-FR"}]}},"_links":{"self":[{"href":"https:\/\/paracherkaoui.ma\/index.php\/wp-json\/wp\/v2\/product\/16559","targetHints":{"allow":["GET"]}}],"collection":[{"href":"https:\/\/paracherkaoui.ma\/index.php\/wp-json\/wp\/v2\/product"}],"about":[{"href":"https:\/\/paracherkaoui.ma\/index.php\/wp-json\/wp\/v2\/types\/product"}],"replies":[{"embeddable":true,"href":"https:\/\/paracherkaoui.ma\/index.php\/wp-json\/wp\/v2\/comments?post=16559"}],"version-history":[{"count":1,"href":"https:\/\/paracherkaoui.ma\/index.php\/wp-json\/wp\/v2\/product\/16559\/revisions"}],"predecessor-version":[{"id":16608,"href":"https:\/\/paracherkaoui.ma\/index.php\/wp-json\/wp\/v2\/product\/16559\/revisions\/16608"}],"wp:featuredmedia":[{"embeddable":true,"href":"https:\/\/paracherkaoui.ma\/index.php\/wp-json\/wp\/v2\/media\/16607"}],"wp:attachment":[{"href":"https:\/\/paracherkaoui.ma\/index.php\/wp-json\/wp\/v2\/media?parent=16559"}],"wp:term":[{"taxonomy":"product_brand","embeddable":true,"href":"https:\/\/paracherkaoui.ma\/index.php\/wp-json\/wp\/v2\/product_brand?post=16559"},{"taxonomy":"product_cat","embeddable":true,"href":"https:\/\/paracherkaoui.ma\/index.php\/wp-json\/wp\/v2\/product_cat?post=16559"},{"taxonomy":"product_tag","embeddable":true,"href":"https:\/\/paracherkaoui.ma\/index.php\/wp-json\/wp\/v2\/product_tag?post=16559"}],"curies":[{"name":"wp","href":"https:\/\/api.w.org\/{rel}","templated":true}]}}