{"id":16478,"date":"2025-12-12T17:54:37","date_gmt":"2025-12-12T16:54:37","guid":{"rendered":"https:\/\/test.ecbeaute.com\/?post_type=product&#038;p=16478"},"modified":"2025-12-12T17:54:45","modified_gmt":"2025-12-12T16:54:45","slug":"biorga-cystiphane-lotion-anti-chute-125-ml","status":"publish","type":"product","link":"https:\/\/paracherkaoui.ma\/index.php\/produit\/biorga-cystiphane-lotion-anti-chute-125-ml\/","title":{"rendered":"BIORGA CYSTIPHANE LOTION ANTI CHUTE 125 ML"},"content":{"rendered":"<p>Description:<br \/>\nIssue de la recherche Bailleul-Biorge, Cystine B6 Lotion antichute b\u00e9n\u00e9ficie d&rsquo;une formule originale brevet\u00e9e permettant de freiner la chute, favoriser la repousse et prot\u00e9ger des agressions ext\u00e9rieures. La Vinif\u00e9rine, extrait de sarment de vigne, inhibe l&rsquo;activit\u00e9 de l&rsquo;enzyme 5 a-r\u00e9ductase \u00e0 l&rsquo;origine de la chute de cheveux et stimule la production de sirtuines (prot\u00e9ines de r\u00e9gulation cellulaire) permettant le prolongement de la dur\u00e9e de vie des cellules du bulbe capillaire. Le pr\u00e9curseur de Cystine et la vitamine B6, 2 actifs essentiels \u00e0 la bonne sant\u00e9 du cheveu, renforcent l&rsquo;action de la Vinif\u00e9rine tout en prot\u00e9geant le bulbe capillaire contre les agressions ext\u00e9rieures. La Piroctone Olamine r\u00e9duit l&rsquo;inflammation du cuir chevelu induite par les micro-organismes et favorise la repousse des cheveux. Cystine B6 Lotion antichute dispose aussi de v\u00e9ritables qualit\u00e9s cosm\u00e9tiques pour une meilleure utilisation. Gr\u00e2ce \u00e0 sa gal\u00e9nique agr\u00e9able et \u00e0 sa texture l\u00e9g\u00e8re, Cystine B6 Lotion Antichute s&rsquo;applique facilement sans alourdir ni graisser les cheveux permettant ainsi un usage quotidien.<br \/>\nConseils d&rsquo;utilisation<br \/>\nAppliquer 2ml (=14 pulv\u00e9risations) de Cystine B6 Lotion antichute une fois par jour, de pr\u00e9f\u00e9rence le soir, pendant 6 semaines sur l&rsquo;ensemble du cuir chevelu sec, puis 2ml (=14 pulv\u00e9risations) 3 fois par semaine pendant 6 semaines. Bien masser pour faire p\u00e9n\u00e9trer le produit. Ne pas rincer. Le traitement doit \u00eatre poursuivi 3 mois. Un coffret permet 3 mois de traitement. Pour optimiser l&rsquo;efficacit\u00e9 du traitement, il est recommand\u00e9 d&rsquo;utiliser conjointement 3 fois par semaine Cystine B6 Shampooing Antichute.<\/p>\n","protected":false},"excerpt":{"rendered":"<p>Description: Issue de la recherche Bailleul-Biorge, Cystine B6 Lotion antichute b\u00e9n\u00e9ficie d&rsquo;une formule originale brevet\u00e9e permettant de freiner la chute,<\/p>\n","protected":false},"featured_media":16587,"comment_status":"open","ping_status":"closed","template":"","meta":[],"product_brand":[292],"product_cat":[276],"product_tag":[],"class_list":{"0":"post-16478","1":"product","2":"type-product","3":"status-publish","4":"has-post-thumbnail","6":"product_brand-biorga","7":"product_cat-serums-et-huiles","9":"first","10":"instock","11":"sale","12":"shipping-taxable","13":"purchasable","14":"product-type-simple"},"yoast_head":"<!-- This site is optimized with the Yoast SEO plugin v26.6 - https:\/\/yoast.com\/wordpress\/plugins\/seo\/ -->\r\n<title>BIORGA CYSTIPHANE LOTION ANTI CHUTE 125 ML - Paracherkaoui.ma<\/title>\r\n<meta name=\"robots\" content=\"index, follow, max-snippet:-1, max-image-preview:large, max-video-preview:-1\" \/>\r\n<link rel=\"canonical\" href=\"https:\/\/paracherkaoui.ma\/index.php\/produit\/biorga-cystiphane-lotion-anti-chute-125-ml\/\" \/>\r\n<meta property=\"og:locale\" content=\"fr_FR\" \/>\r\n<meta property=\"og:type\" content=\"article\" \/>\r\n<meta property=\"og:title\" content=\"BIORGA CYSTIPHANE LOTION ANTI CHUTE 125 ML - Paracherkaoui.ma\" \/>\r\n<meta property=\"og:description\" content=\"Description: Issue de la recherche Bailleul-Biorge, Cystine B6 Lotion antichute b\u00e9n\u00e9ficie d&rsquo;une formule originale brevet\u00e9e permettant de freiner la chute,\" \/>\r\n<meta property=\"og:url\" content=\"https:\/\/paracherkaoui.ma\/index.php\/produit\/biorga-cystiphane-lotion-anti-chute-125-ml\/\" \/>\r\n<meta property=\"og:site_name\" content=\"Paracherkaoui.ma\" \/>\r\n<meta property=\"article:modified_time\" content=\"2025-12-12T16:54:45+00:00\" \/>\r\n<meta property=\"og:image\" content=\"https:\/\/paracherkaoui.ma\/wp-content\/uploads\/2025\/12\/biorga-biorga-cystiphane-lotion-anti-chute-125-ml-cheveux.jpg\" \/>\r\n\t<meta property=\"og:image:width\" content=\"700\" \/>\r\n\t<meta property=\"og:image:height\" content=\"700\" \/>\r\n\t<meta property=\"og:image:type\" content=\"image\/jpeg\" \/>\r\n<meta name=\"twitter:card\" content=\"summary_large_image\" \/>\r\n<meta name=\"twitter:label1\" content=\"Dur\u00e9e de lecture estim\u00e9e\" \/>\n\t<meta name=\"twitter:data1\" content=\"1 minute\" \/>\r\n<script type=\"application\/ld+json\" class=\"yoast-schema-graph\">{\"@context\":\"https:\/\/schema.org\",\"@graph\":[{\"@type\":\"WebPage\",\"@id\":\"https:\/\/paracherkaoui.ma\/index.php\/produit\/biorga-cystiphane-lotion-anti-chute-125-ml\/\",\"url\":\"https:\/\/paracherkaoui.ma\/index.php\/produit\/biorga-cystiphane-lotion-anti-chute-125-ml\/\",\"name\":\"BIORGA CYSTIPHANE LOTION ANTI CHUTE 125 ML - Paracherkaoui.ma\",\"isPartOf\":{\"@id\":\"https:\/\/paracherkaoui.ma\/#website\"},\"primaryImageOfPage\":{\"@id\":\"https:\/\/paracherkaoui.ma\/index.php\/produit\/biorga-cystiphane-lotion-anti-chute-125-ml\/#primaryimage\"},\"image\":{\"@id\":\"https:\/\/paracherkaoui.ma\/index.php\/produit\/biorga-cystiphane-lotion-anti-chute-125-ml\/#primaryimage\"},\"thumbnailUrl\":\"https:\/\/paracherkaoui.ma\/wp-content\/uploads\/2025\/12\/biorga-biorga-cystiphane-lotion-anti-chute-125-ml-cheveux.jpg\",\"datePublished\":\"2025-12-12T16:54:37+00:00\",\"dateModified\":\"2025-12-12T16:54:45+00:00\",\"breadcrumb\":{\"@id\":\"https:\/\/paracherkaoui.ma\/index.php\/produit\/biorga-cystiphane-lotion-anti-chute-125-ml\/#breadcrumb\"},\"inLanguage\":\"fr-FR\",\"potentialAction\":[{\"@type\":\"ReadAction\",\"target\":[\"https:\/\/paracherkaoui.ma\/index.php\/produit\/biorga-cystiphane-lotion-anti-chute-125-ml\/\"]}]},{\"@type\":\"ImageObject\",\"inLanguage\":\"fr-FR\",\"@id\":\"https:\/\/paracherkaoui.ma\/index.php\/produit\/biorga-cystiphane-lotion-anti-chute-125-ml\/#primaryimage\",\"url\":\"https:\/\/paracherkaoui.ma\/wp-content\/uploads\/2025\/12\/biorga-biorga-cystiphane-lotion-anti-chute-125-ml-cheveux.jpg\",\"contentUrl\":\"https:\/\/paracherkaoui.ma\/wp-content\/uploads\/2025\/12\/biorga-biorga-cystiphane-lotion-anti-chute-125-ml-cheveux.jpg\",\"width\":700,\"height\":700},{\"@type\":\"BreadcrumbList\",\"@id\":\"https:\/\/paracherkaoui.ma\/index.php\/produit\/biorga-cystiphane-lotion-anti-chute-125-ml\/#breadcrumb\",\"itemListElement\":[{\"@type\":\"ListItem\",\"position\":1,\"name\":\"Accueil\",\"item\":\"https:\/\/paracherkaoui.ma\/\"},{\"@type\":\"ListItem\",\"position\":2,\"name\":\"Boutique\",\"item\":\"https:\/\/paracherkaoui.ma\/index.php\/boutique\/\"},{\"@type\":\"ListItem\",\"position\":3,\"name\":\"BIORGA CYSTIPHANE LOTION ANTI CHUTE 125 ML\"}]},{\"@type\":\"WebSite\",\"@id\":\"https:\/\/paracherkaoui.ma\/#website\",\"url\":\"https:\/\/paracherkaoui.ma\/\",\"name\":\"Paracherkaoui.ma\",\"description\":\"Achetez en ligne sur Paracherkaoui.ma\",\"potentialAction\":[{\"@type\":\"SearchAction\",\"target\":{\"@type\":\"EntryPoint\",\"urlTemplate\":\"https:\/\/paracherkaoui.ma\/?s={search_term_string}\"},\"query-input\":{\"@type\":\"PropertyValueSpecification\",\"valueRequired\":true,\"valueName\":\"search_term_string\"}}],\"inLanguage\":\"fr-FR\"}]}<\/script>\r\n<!-- \/ Yoast SEO plugin. -->","yoast_head_json":{"title":"BIORGA CYSTIPHANE LOTION ANTI CHUTE 125 ML - Paracherkaoui.ma","robots":{"index":"index","follow":"follow","max-snippet":"max-snippet:-1","max-image-preview":"max-image-preview:large","max-video-preview":"max-video-preview:-1"},"canonical":"https:\/\/paracherkaoui.ma\/index.php\/produit\/biorga-cystiphane-lotion-anti-chute-125-ml\/","og_locale":"fr_FR","og_type":"article","og_title":"BIORGA CYSTIPHANE LOTION ANTI CHUTE 125 ML - Paracherkaoui.ma","og_description":"Description: Issue de la recherche Bailleul-Biorge, Cystine B6 Lotion antichute b\u00e9n\u00e9ficie d&rsquo;une formule originale brevet\u00e9e permettant de freiner la chute,","og_url":"https:\/\/paracherkaoui.ma\/index.php\/produit\/biorga-cystiphane-lotion-anti-chute-125-ml\/","og_site_name":"Paracherkaoui.ma","article_modified_time":"2025-12-12T16:54:45+00:00","og_image":[{"width":700,"height":700,"url":"https:\/\/paracherkaoui.ma\/wp-content\/uploads\/2025\/12\/biorga-biorga-cystiphane-lotion-anti-chute-125-ml-cheveux.jpg","type":"image\/jpeg"}],"twitter_card":"summary_large_image","twitter_misc":{"Dur\u00e9e de lecture estim\u00e9e":"1 minute"},"schema":{"@context":"https:\/\/schema.org","@graph":[{"@type":"WebPage","@id":"https:\/\/paracherkaoui.ma\/index.php\/produit\/biorga-cystiphane-lotion-anti-chute-125-ml\/","url":"https:\/\/paracherkaoui.ma\/index.php\/produit\/biorga-cystiphane-lotion-anti-chute-125-ml\/","name":"BIORGA CYSTIPHANE LOTION ANTI CHUTE 125 ML - Paracherkaoui.ma","isPartOf":{"@id":"https:\/\/paracherkaoui.ma\/#website"},"primaryImageOfPage":{"@id":"https:\/\/paracherkaoui.ma\/index.php\/produit\/biorga-cystiphane-lotion-anti-chute-125-ml\/#primaryimage"},"image":{"@id":"https:\/\/paracherkaoui.ma\/index.php\/produit\/biorga-cystiphane-lotion-anti-chute-125-ml\/#primaryimage"},"thumbnailUrl":"https:\/\/paracherkaoui.ma\/wp-content\/uploads\/2025\/12\/biorga-biorga-cystiphane-lotion-anti-chute-125-ml-cheveux.jpg","datePublished":"2025-12-12T16:54:37+00:00","dateModified":"2025-12-12T16:54:45+00:00","breadcrumb":{"@id":"https:\/\/paracherkaoui.ma\/index.php\/produit\/biorga-cystiphane-lotion-anti-chute-125-ml\/#breadcrumb"},"inLanguage":"fr-FR","potentialAction":[{"@type":"ReadAction","target":["https:\/\/paracherkaoui.ma\/index.php\/produit\/biorga-cystiphane-lotion-anti-chute-125-ml\/"]}]},{"@type":"ImageObject","inLanguage":"fr-FR","@id":"https:\/\/paracherkaoui.ma\/index.php\/produit\/biorga-cystiphane-lotion-anti-chute-125-ml\/#primaryimage","url":"https:\/\/paracherkaoui.ma\/wp-content\/uploads\/2025\/12\/biorga-biorga-cystiphane-lotion-anti-chute-125-ml-cheveux.jpg","contentUrl":"https:\/\/paracherkaoui.ma\/wp-content\/uploads\/2025\/12\/biorga-biorga-cystiphane-lotion-anti-chute-125-ml-cheveux.jpg","width":700,"height":700},{"@type":"BreadcrumbList","@id":"https:\/\/paracherkaoui.ma\/index.php\/produit\/biorga-cystiphane-lotion-anti-chute-125-ml\/#breadcrumb","itemListElement":[{"@type":"ListItem","position":1,"name":"Accueil","item":"https:\/\/paracherkaoui.ma\/"},{"@type":"ListItem","position":2,"name":"Boutique","item":"https:\/\/paracherkaoui.ma\/index.php\/boutique\/"},{"@type":"ListItem","position":3,"name":"BIORGA CYSTIPHANE LOTION ANTI CHUTE 125 ML"}]},{"@type":"WebSite","@id":"https:\/\/paracherkaoui.ma\/#website","url":"https:\/\/paracherkaoui.ma\/","name":"Paracherkaoui.ma","description":"Achetez en ligne sur Paracherkaoui.ma","potentialAction":[{"@type":"SearchAction","target":{"@type":"EntryPoint","urlTemplate":"https:\/\/paracherkaoui.ma\/?s={search_term_string}"},"query-input":{"@type":"PropertyValueSpecification","valueRequired":true,"valueName":"search_term_string"}}],"inLanguage":"fr-FR"}]}},"_links":{"self":[{"href":"https:\/\/paracherkaoui.ma\/index.php\/wp-json\/wp\/v2\/product\/16478","targetHints":{"allow":["GET"]}}],"collection":[{"href":"https:\/\/paracherkaoui.ma\/index.php\/wp-json\/wp\/v2\/product"}],"about":[{"href":"https:\/\/paracherkaoui.ma\/index.php\/wp-json\/wp\/v2\/types\/product"}],"replies":[{"embeddable":true,"href":"https:\/\/paracherkaoui.ma\/index.php\/wp-json\/wp\/v2\/comments?post=16478"}],"version-history":[{"count":1,"href":"https:\/\/paracherkaoui.ma\/index.php\/wp-json\/wp\/v2\/product\/16478\/revisions"}],"predecessor-version":[{"id":16590,"href":"https:\/\/paracherkaoui.ma\/index.php\/wp-json\/wp\/v2\/product\/16478\/revisions\/16590"}],"wp:featuredmedia":[{"embeddable":true,"href":"https:\/\/paracherkaoui.ma\/index.php\/wp-json\/wp\/v2\/media\/16587"}],"wp:attachment":[{"href":"https:\/\/paracherkaoui.ma\/index.php\/wp-json\/wp\/v2\/media?parent=16478"}],"wp:term":[{"taxonomy":"product_brand","embeddable":true,"href":"https:\/\/paracherkaoui.ma\/index.php\/wp-json\/wp\/v2\/product_brand?post=16478"},{"taxonomy":"product_cat","embeddable":true,"href":"https:\/\/paracherkaoui.ma\/index.php\/wp-json\/wp\/v2\/product_cat?post=16478"},{"taxonomy":"product_tag","embeddable":true,"href":"https:\/\/paracherkaoui.ma\/index.php\/wp-json\/wp\/v2\/product_tag?post=16478"}],"curies":[{"name":"wp","href":"https:\/\/api.w.org\/{rel}","templated":true}]}}