{"id":16472,"date":"2025-12-12T17:54:37","date_gmt":"2025-12-12T16:54:37","guid":{"rendered":"https:\/\/test.ecbeaute.com\/?post_type=product&#038;p=16472"},"modified":"2025-12-12T17:54:43","modified_gmt":"2025-12-12T16:54:43","slug":"cliniceutica-ceracap-nr-serum-elixir-lissant-115-ml","status":"publish","type":"product","link":"https:\/\/paracherkaoui.ma\/index.php\/produit\/cliniceutica-ceracap-nr-serum-elixir-lissant-115-ml\/","title":{"rendered":"CLINICEUTICA CERACAP NR SERUM ELIXIR LISSANT 115 ML"},"content":{"rendered":"<p>Le S\u00e9rum CERACAP NR est un \u00c9lixir capillaire lissant et Nutri-r\u00e9parateur, id\u00e9al pour les cheveux secs, abim\u00e9s, rebelles et difficiles \u00e0 coiffer. Sa formule douce et luxueuse riche en C\u00e9ramides A2 et en huile de Macadamia, aide \u00e0 nourrir les cheveux fragilis\u00e9s, combattre les frisottis et r\u00e9parer visiblement les pointes fourchues, tout en prot\u00e9geant la chevelure de la d\u00e9coloration et de la chaleur. Les cheveux sont imm\u00e9diatement soyeux, souples et faciles \u00e0 coiffer.<br \/>\nConseils d&rsquo;utilisation:<br \/>\nAppliquer g\u00e9n\u00e9reusement une quantit\u00e9 de s\u00e9rum sur les cheveux secs ou essor\u00e9s, en insistant sur les longueurs et pointes fourchues. Peignez pour r\u00e9partir uniform\u00e9ment et laisser s\u00e9cher naturellement ou au s\u00e9choir.<br \/>\nNe pas rincer.<br \/>\nAu besoin, 3 \u00e0 4 fois par semaine.<\/p>\n","protected":false},"excerpt":{"rendered":"<p>Le S\u00e9rum CERACAP NR est un \u00c9lixir capillaire lissant et Nutri-r\u00e9parateur, id\u00e9al pour les cheveux secs, abim\u00e9s, rebelles et difficiles<\/p>\n","protected":false},"featured_media":16566,"comment_status":"open","ping_status":"closed","template":"","meta":[],"product_brand":[258],"product_cat":[276],"product_tag":[],"class_list":{"0":"post-16472","1":"product","2":"type-product","3":"status-publish","4":"has-post-thumbnail","6":"product_brand-cliniceutica","7":"product_cat-serums-et-huiles","9":"first","10":"instock","11":"sale","12":"shipping-taxable","13":"purchasable","14":"product-type-simple"},"yoast_head":"<!-- This site is optimized with the Yoast SEO plugin v26.6 - https:\/\/yoast.com\/wordpress\/plugins\/seo\/ -->\r\n<title>CLINICEUTICA CERACAP NR SERUM ELIXIR LISSANT 115 ML - Paracherkaoui.ma<\/title>\r\n<meta name=\"robots\" content=\"index, follow, max-snippet:-1, max-image-preview:large, max-video-preview:-1\" \/>\r\n<link rel=\"canonical\" href=\"https:\/\/paracherkaoui.ma\/index.php\/produit\/cliniceutica-ceracap-nr-serum-elixir-lissant-115-ml\/\" \/>\r\n<meta property=\"og:locale\" content=\"fr_FR\" \/>\r\n<meta property=\"og:type\" content=\"article\" \/>\r\n<meta property=\"og:title\" content=\"CLINICEUTICA CERACAP NR SERUM ELIXIR LISSANT 115 ML - Paracherkaoui.ma\" \/>\r\n<meta property=\"og:description\" content=\"Le S\u00e9rum CERACAP NR est un \u00c9lixir capillaire lissant et Nutri-r\u00e9parateur, id\u00e9al pour les cheveux secs, abim\u00e9s, rebelles et difficiles\" \/>\r\n<meta property=\"og:url\" content=\"https:\/\/paracherkaoui.ma\/index.php\/produit\/cliniceutica-ceracap-nr-serum-elixir-lissant-115-ml\/\" \/>\r\n<meta property=\"og:site_name\" content=\"Paracherkaoui.ma\" \/>\r\n<meta property=\"article:modified_time\" content=\"2025-12-12T16:54:43+00:00\" \/>\r\n<meta property=\"og:image\" content=\"https:\/\/paracherkaoui.ma\/wp-content\/uploads\/2025\/12\/cliniceutica-cliniceutica-ceracap-nr-serum-elixir-lissant-115-ml-serums-et-huiles.jpg\" \/>\r\n\t<meta property=\"og:image:width\" content=\"700\" \/>\r\n\t<meta property=\"og:image:height\" content=\"700\" \/>\r\n\t<meta property=\"og:image:type\" content=\"image\/jpeg\" \/>\r\n<meta name=\"twitter:card\" content=\"summary_large_image\" \/>\r\n<meta name=\"twitter:label1\" content=\"Dur\u00e9e de lecture estim\u00e9e\" \/>\n\t<meta name=\"twitter:data1\" content=\"1 minute\" \/>\r\n<script type=\"application\/ld+json\" class=\"yoast-schema-graph\">{\"@context\":\"https:\/\/schema.org\",\"@graph\":[{\"@type\":\"WebPage\",\"@id\":\"https:\/\/paracherkaoui.ma\/index.php\/produit\/cliniceutica-ceracap-nr-serum-elixir-lissant-115-ml\/\",\"url\":\"https:\/\/paracherkaoui.ma\/index.php\/produit\/cliniceutica-ceracap-nr-serum-elixir-lissant-115-ml\/\",\"name\":\"CLINICEUTICA CERACAP NR SERUM ELIXIR LISSANT 115 ML - Paracherkaoui.ma\",\"isPartOf\":{\"@id\":\"https:\/\/paracherkaoui.ma\/#website\"},\"primaryImageOfPage\":{\"@id\":\"https:\/\/paracherkaoui.ma\/index.php\/produit\/cliniceutica-ceracap-nr-serum-elixir-lissant-115-ml\/#primaryimage\"},\"image\":{\"@id\":\"https:\/\/paracherkaoui.ma\/index.php\/produit\/cliniceutica-ceracap-nr-serum-elixir-lissant-115-ml\/#primaryimage\"},\"thumbnailUrl\":\"https:\/\/paracherkaoui.ma\/wp-content\/uploads\/2025\/12\/cliniceutica-cliniceutica-ceracap-nr-serum-elixir-lissant-115-ml-serums-et-huiles.jpg\",\"datePublished\":\"2025-12-12T16:54:37+00:00\",\"dateModified\":\"2025-12-12T16:54:43+00:00\",\"breadcrumb\":{\"@id\":\"https:\/\/paracherkaoui.ma\/index.php\/produit\/cliniceutica-ceracap-nr-serum-elixir-lissant-115-ml\/#breadcrumb\"},\"inLanguage\":\"fr-FR\",\"potentialAction\":[{\"@type\":\"ReadAction\",\"target\":[\"https:\/\/paracherkaoui.ma\/index.php\/produit\/cliniceutica-ceracap-nr-serum-elixir-lissant-115-ml\/\"]}]},{\"@type\":\"ImageObject\",\"inLanguage\":\"fr-FR\",\"@id\":\"https:\/\/paracherkaoui.ma\/index.php\/produit\/cliniceutica-ceracap-nr-serum-elixir-lissant-115-ml\/#primaryimage\",\"url\":\"https:\/\/paracherkaoui.ma\/wp-content\/uploads\/2025\/12\/cliniceutica-cliniceutica-ceracap-nr-serum-elixir-lissant-115-ml-serums-et-huiles.jpg\",\"contentUrl\":\"https:\/\/paracherkaoui.ma\/wp-content\/uploads\/2025\/12\/cliniceutica-cliniceutica-ceracap-nr-serum-elixir-lissant-115-ml-serums-et-huiles.jpg\",\"width\":700,\"height\":700},{\"@type\":\"BreadcrumbList\",\"@id\":\"https:\/\/paracherkaoui.ma\/index.php\/produit\/cliniceutica-ceracap-nr-serum-elixir-lissant-115-ml\/#breadcrumb\",\"itemListElement\":[{\"@type\":\"ListItem\",\"position\":1,\"name\":\"Accueil\",\"item\":\"https:\/\/paracherkaoui.ma\/\"},{\"@type\":\"ListItem\",\"position\":2,\"name\":\"Boutique\",\"item\":\"https:\/\/paracherkaoui.ma\/index.php\/boutique\/\"},{\"@type\":\"ListItem\",\"position\":3,\"name\":\"CLINICEUTICA CERACAP NR SERUM ELIXIR LISSANT 115 ML\"}]},{\"@type\":\"WebSite\",\"@id\":\"https:\/\/paracherkaoui.ma\/#website\",\"url\":\"https:\/\/paracherkaoui.ma\/\",\"name\":\"Paracherkaoui.ma\",\"description\":\"Achetez en ligne sur Paracherkaoui.ma\",\"potentialAction\":[{\"@type\":\"SearchAction\",\"target\":{\"@type\":\"EntryPoint\",\"urlTemplate\":\"https:\/\/paracherkaoui.ma\/?s={search_term_string}\"},\"query-input\":{\"@type\":\"PropertyValueSpecification\",\"valueRequired\":true,\"valueName\":\"search_term_string\"}}],\"inLanguage\":\"fr-FR\"}]}<\/script>\r\n<!-- \/ Yoast SEO plugin. -->","yoast_head_json":{"title":"CLINICEUTICA CERACAP NR SERUM ELIXIR LISSANT 115 ML - Paracherkaoui.ma","robots":{"index":"index","follow":"follow","max-snippet":"max-snippet:-1","max-image-preview":"max-image-preview:large","max-video-preview":"max-video-preview:-1"},"canonical":"https:\/\/paracherkaoui.ma\/index.php\/produit\/cliniceutica-ceracap-nr-serum-elixir-lissant-115-ml\/","og_locale":"fr_FR","og_type":"article","og_title":"CLINICEUTICA CERACAP NR SERUM ELIXIR LISSANT 115 ML - Paracherkaoui.ma","og_description":"Le S\u00e9rum CERACAP NR est un \u00c9lixir capillaire lissant et Nutri-r\u00e9parateur, id\u00e9al pour les cheveux secs, abim\u00e9s, rebelles et difficiles","og_url":"https:\/\/paracherkaoui.ma\/index.php\/produit\/cliniceutica-ceracap-nr-serum-elixir-lissant-115-ml\/","og_site_name":"Paracherkaoui.ma","article_modified_time":"2025-12-12T16:54:43+00:00","og_image":[{"width":700,"height":700,"url":"https:\/\/paracherkaoui.ma\/wp-content\/uploads\/2025\/12\/cliniceutica-cliniceutica-ceracap-nr-serum-elixir-lissant-115-ml-serums-et-huiles.jpg","type":"image\/jpeg"}],"twitter_card":"summary_large_image","twitter_misc":{"Dur\u00e9e de lecture estim\u00e9e":"1 minute"},"schema":{"@context":"https:\/\/schema.org","@graph":[{"@type":"WebPage","@id":"https:\/\/paracherkaoui.ma\/index.php\/produit\/cliniceutica-ceracap-nr-serum-elixir-lissant-115-ml\/","url":"https:\/\/paracherkaoui.ma\/index.php\/produit\/cliniceutica-ceracap-nr-serum-elixir-lissant-115-ml\/","name":"CLINICEUTICA CERACAP NR SERUM ELIXIR LISSANT 115 ML - Paracherkaoui.ma","isPartOf":{"@id":"https:\/\/paracherkaoui.ma\/#website"},"primaryImageOfPage":{"@id":"https:\/\/paracherkaoui.ma\/index.php\/produit\/cliniceutica-ceracap-nr-serum-elixir-lissant-115-ml\/#primaryimage"},"image":{"@id":"https:\/\/paracherkaoui.ma\/index.php\/produit\/cliniceutica-ceracap-nr-serum-elixir-lissant-115-ml\/#primaryimage"},"thumbnailUrl":"https:\/\/paracherkaoui.ma\/wp-content\/uploads\/2025\/12\/cliniceutica-cliniceutica-ceracap-nr-serum-elixir-lissant-115-ml-serums-et-huiles.jpg","datePublished":"2025-12-12T16:54:37+00:00","dateModified":"2025-12-12T16:54:43+00:00","breadcrumb":{"@id":"https:\/\/paracherkaoui.ma\/index.php\/produit\/cliniceutica-ceracap-nr-serum-elixir-lissant-115-ml\/#breadcrumb"},"inLanguage":"fr-FR","potentialAction":[{"@type":"ReadAction","target":["https:\/\/paracherkaoui.ma\/index.php\/produit\/cliniceutica-ceracap-nr-serum-elixir-lissant-115-ml\/"]}]},{"@type":"ImageObject","inLanguage":"fr-FR","@id":"https:\/\/paracherkaoui.ma\/index.php\/produit\/cliniceutica-ceracap-nr-serum-elixir-lissant-115-ml\/#primaryimage","url":"https:\/\/paracherkaoui.ma\/wp-content\/uploads\/2025\/12\/cliniceutica-cliniceutica-ceracap-nr-serum-elixir-lissant-115-ml-serums-et-huiles.jpg","contentUrl":"https:\/\/paracherkaoui.ma\/wp-content\/uploads\/2025\/12\/cliniceutica-cliniceutica-ceracap-nr-serum-elixir-lissant-115-ml-serums-et-huiles.jpg","width":700,"height":700},{"@type":"BreadcrumbList","@id":"https:\/\/paracherkaoui.ma\/index.php\/produit\/cliniceutica-ceracap-nr-serum-elixir-lissant-115-ml\/#breadcrumb","itemListElement":[{"@type":"ListItem","position":1,"name":"Accueil","item":"https:\/\/paracherkaoui.ma\/"},{"@type":"ListItem","position":2,"name":"Boutique","item":"https:\/\/paracherkaoui.ma\/index.php\/boutique\/"},{"@type":"ListItem","position":3,"name":"CLINICEUTICA CERACAP NR SERUM ELIXIR LISSANT 115 ML"}]},{"@type":"WebSite","@id":"https:\/\/paracherkaoui.ma\/#website","url":"https:\/\/paracherkaoui.ma\/","name":"Paracherkaoui.ma","description":"Achetez en ligne sur Paracherkaoui.ma","potentialAction":[{"@type":"SearchAction","target":{"@type":"EntryPoint","urlTemplate":"https:\/\/paracherkaoui.ma\/?s={search_term_string}"},"query-input":{"@type":"PropertyValueSpecification","valueRequired":true,"valueName":"search_term_string"}}],"inLanguage":"fr-FR"}]}},"_links":{"self":[{"href":"https:\/\/paracherkaoui.ma\/index.php\/wp-json\/wp\/v2\/product\/16472","targetHints":{"allow":["GET"]}}],"collection":[{"href":"https:\/\/paracherkaoui.ma\/index.php\/wp-json\/wp\/v2\/product"}],"about":[{"href":"https:\/\/paracherkaoui.ma\/index.php\/wp-json\/wp\/v2\/types\/product"}],"replies":[{"embeddable":true,"href":"https:\/\/paracherkaoui.ma\/index.php\/wp-json\/wp\/v2\/comments?post=16472"}],"version-history":[{"count":1,"href":"https:\/\/paracherkaoui.ma\/index.php\/wp-json\/wp\/v2\/product\/16472\/revisions"}],"predecessor-version":[{"id":16568,"href":"https:\/\/paracherkaoui.ma\/index.php\/wp-json\/wp\/v2\/product\/16472\/revisions\/16568"}],"wp:featuredmedia":[{"embeddable":true,"href":"https:\/\/paracherkaoui.ma\/index.php\/wp-json\/wp\/v2\/media\/16566"}],"wp:attachment":[{"href":"https:\/\/paracherkaoui.ma\/index.php\/wp-json\/wp\/v2\/media?parent=16472"}],"wp:term":[{"taxonomy":"product_brand","embeddable":true,"href":"https:\/\/paracherkaoui.ma\/index.php\/wp-json\/wp\/v2\/product_brand?post=16472"},{"taxonomy":"product_cat","embeddable":true,"href":"https:\/\/paracherkaoui.ma\/index.php\/wp-json\/wp\/v2\/product_cat?post=16472"},{"taxonomy":"product_tag","embeddable":true,"href":"https:\/\/paracherkaoui.ma\/index.php\/wp-json\/wp\/v2\/product_tag?post=16472"}],"curies":[{"name":"wp","href":"https:\/\/api.w.org\/{rel}","templated":true}]}}