{"id":16452,"date":"2025-12-12T17:54:35","date_gmt":"2025-12-12T16:54:35","guid":{"rendered":"https:\/\/test.ecbeaute.com\/?post_type=product&#038;p=16452"},"modified":"2025-12-12T17:54:41","modified_gmt":"2025-12-12T16:54:41","slug":"tricovel-ampoules-anti-chute-103-5","status":"publish","type":"product","link":"https:\/\/paracherkaoui.ma\/index.php\/produit\/tricovel-ampoules-anti-chute-103-5\/","title":{"rendered":"TRICOVEL AMPOULES ANTI CHUTE 10*3.5"},"content":{"rendered":"<p>Tricovel Physiogenina Ampoules est le traitement cosm\u00e9tique d&rsquo;appoint qui aide \u00e0 lutter contre la chute temporaire des cheveux chez les hommes et les femmes, revitalise et pr\u00e9serve et prolonge leur dur\u00e9e de vie.<br \/>\nLe complexe innovant Physiogenin favorise le processus physiologique d&rsquo;auto-r\u00e9paration cellulaire pour le bien-\u00eatre des cheveux. Il contient \u00e9galement des actifs uniques et un complexe antioxydant brevet\u00e9 qui prot\u00e8ge les cheveux de l&rsquo;action des radicaux libres g\u00e9n\u00e9r\u00e9e par le stress psycho-physique, une mauvaise alimentation, le tabagisme, la pollution.<br \/>\nSa formule est combin\u00e9e avec la commodit\u00e9 d&rsquo;une seule application tous les trois jours, garantie par la technologie de lib\u00e9ration Triactive3.<br \/>\nTricovel Ampoule avec Physiogenin ne laisse pas les cheveux gras, lourds et secs rapidement.<br \/>\nIl est formul\u00e9 pour minimiser les ph\u00e9nom\u00e8nes irritants.<br \/>\nCONSEILS D&rsquo;UTILISATION :<br \/>\nAppliquer une ampoule tous les 3 jours. Un cycle de 3 mois est recommand\u00e9.<br \/>\n1- Pour ouvrir l&rsquo;ampoule, tournez la boule de fermeture vers le haut jusqu&rsquo;\u00e0 ce qu&rsquo;elle soit retir\u00e9e.<br \/>\n2- Pour doser le produit, enfoncez le distributeur dans la canule. Appliquez le contenu d&rsquo;une ampoule sur le cuir chevelu.<br \/>\n3- Masser jusqu&rsquo;\u00e0 absorption compl\u00e8te. Ne pas rincer. Le produit peut \u00eatre appliqu\u00e9 sur un cuir chevelu sec ou humide et une serviette.<\/p>\n","protected":false},"excerpt":{"rendered":"<p>Tricovel Physiogenina Ampoules est le traitement cosm\u00e9tique d&rsquo;appoint qui aide \u00e0 lutter contre la chute temporaire des cheveux chez les<\/p>\n","protected":false},"featured_media":16522,"comment_status":"open","ping_status":"closed","template":"","meta":[],"product_brand":[240],"product_cat":[276],"product_tag":[],"class_list":{"0":"post-16452","1":"product","2":"type-product","3":"status-publish","4":"has-post-thumbnail","6":"product_brand-tricovel","7":"product_cat-serums-et-huiles","9":"first","10":"instock","11":"sale","12":"shipping-taxable","13":"purchasable","14":"product-type-simple"},"yoast_head":"<!-- This site is optimized with the Yoast SEO plugin v26.6 - https:\/\/yoast.com\/wordpress\/plugins\/seo\/ -->\r\n<title>TRICOVEL AMPOULES ANTI CHUTE 10*3.5 - Paracherkaoui.ma<\/title>\r\n<meta name=\"robots\" content=\"index, follow, max-snippet:-1, max-image-preview:large, max-video-preview:-1\" \/>\r\n<link rel=\"canonical\" href=\"https:\/\/paracherkaoui.ma\/index.php\/produit\/tricovel-ampoules-anti-chute-103-5\/\" \/>\r\n<meta property=\"og:locale\" content=\"fr_FR\" \/>\r\n<meta property=\"og:type\" content=\"article\" \/>\r\n<meta property=\"og:title\" content=\"TRICOVEL AMPOULES ANTI CHUTE 10*3.5 - Paracherkaoui.ma\" \/>\r\n<meta property=\"og:description\" content=\"Tricovel Physiogenina Ampoules est le traitement cosm\u00e9tique d&rsquo;appoint qui aide \u00e0 lutter contre la chute temporaire des cheveux chez les\" \/>\r\n<meta property=\"og:url\" content=\"https:\/\/paracherkaoui.ma\/index.php\/produit\/tricovel-ampoules-anti-chute-103-5\/\" \/>\r\n<meta property=\"og:site_name\" content=\"Paracherkaoui.ma\" \/>\r\n<meta property=\"article:modified_time\" content=\"2025-12-12T16:54:41+00:00\" \/>\r\n<meta property=\"og:image\" content=\"https:\/\/paracherkaoui.ma\/wp-content\/uploads\/2025\/12\/tricovel-tricovel-ampoules-anti-chute-1035-serums-et-huiles.jpg\" \/>\r\n\t<meta property=\"og:image:width\" content=\"700\" \/>\r\n\t<meta property=\"og:image:height\" content=\"700\" \/>\r\n\t<meta property=\"og:image:type\" content=\"image\/jpeg\" \/>\r\n<meta name=\"twitter:card\" content=\"summary_large_image\" \/>\r\n<meta name=\"twitter:label1\" content=\"Dur\u00e9e de lecture estim\u00e9e\" \/>\n\t<meta name=\"twitter:data1\" content=\"1 minute\" \/>\r\n<script type=\"application\/ld+json\" class=\"yoast-schema-graph\">{\"@context\":\"https:\/\/schema.org\",\"@graph\":[{\"@type\":\"WebPage\",\"@id\":\"https:\/\/paracherkaoui.ma\/index.php\/produit\/tricovel-ampoules-anti-chute-103-5\/\",\"url\":\"https:\/\/paracherkaoui.ma\/index.php\/produit\/tricovel-ampoules-anti-chute-103-5\/\",\"name\":\"TRICOVEL AMPOULES ANTI CHUTE 10*3.5 - Paracherkaoui.ma\",\"isPartOf\":{\"@id\":\"https:\/\/paracherkaoui.ma\/#website\"},\"primaryImageOfPage\":{\"@id\":\"https:\/\/paracherkaoui.ma\/index.php\/produit\/tricovel-ampoules-anti-chute-103-5\/#primaryimage\"},\"image\":{\"@id\":\"https:\/\/paracherkaoui.ma\/index.php\/produit\/tricovel-ampoules-anti-chute-103-5\/#primaryimage\"},\"thumbnailUrl\":\"https:\/\/paracherkaoui.ma\/wp-content\/uploads\/2025\/12\/tricovel-tricovel-ampoules-anti-chute-1035-serums-et-huiles.jpg\",\"datePublished\":\"2025-12-12T16:54:35+00:00\",\"dateModified\":\"2025-12-12T16:54:41+00:00\",\"breadcrumb\":{\"@id\":\"https:\/\/paracherkaoui.ma\/index.php\/produit\/tricovel-ampoules-anti-chute-103-5\/#breadcrumb\"},\"inLanguage\":\"fr-FR\",\"potentialAction\":[{\"@type\":\"ReadAction\",\"target\":[\"https:\/\/paracherkaoui.ma\/index.php\/produit\/tricovel-ampoules-anti-chute-103-5\/\"]}]},{\"@type\":\"ImageObject\",\"inLanguage\":\"fr-FR\",\"@id\":\"https:\/\/paracherkaoui.ma\/index.php\/produit\/tricovel-ampoules-anti-chute-103-5\/#primaryimage\",\"url\":\"https:\/\/paracherkaoui.ma\/wp-content\/uploads\/2025\/12\/tricovel-tricovel-ampoules-anti-chute-1035-serums-et-huiles.jpg\",\"contentUrl\":\"https:\/\/paracherkaoui.ma\/wp-content\/uploads\/2025\/12\/tricovel-tricovel-ampoules-anti-chute-1035-serums-et-huiles.jpg\",\"width\":700,\"height\":700},{\"@type\":\"BreadcrumbList\",\"@id\":\"https:\/\/paracherkaoui.ma\/index.php\/produit\/tricovel-ampoules-anti-chute-103-5\/#breadcrumb\",\"itemListElement\":[{\"@type\":\"ListItem\",\"position\":1,\"name\":\"Accueil\",\"item\":\"https:\/\/paracherkaoui.ma\/\"},{\"@type\":\"ListItem\",\"position\":2,\"name\":\"Boutique\",\"item\":\"https:\/\/paracherkaoui.ma\/index.php\/boutique\/\"},{\"@type\":\"ListItem\",\"position\":3,\"name\":\"TRICOVEL AMPOULES ANTI CHUTE 10*3.5\"}]},{\"@type\":\"WebSite\",\"@id\":\"https:\/\/paracherkaoui.ma\/#website\",\"url\":\"https:\/\/paracherkaoui.ma\/\",\"name\":\"Paracherkaoui.ma\",\"description\":\"Achetez en ligne sur Paracherkaoui.ma\",\"potentialAction\":[{\"@type\":\"SearchAction\",\"target\":{\"@type\":\"EntryPoint\",\"urlTemplate\":\"https:\/\/paracherkaoui.ma\/?s={search_term_string}\"},\"query-input\":{\"@type\":\"PropertyValueSpecification\",\"valueRequired\":true,\"valueName\":\"search_term_string\"}}],\"inLanguage\":\"fr-FR\"}]}<\/script>\r\n<!-- \/ Yoast SEO plugin. -->","yoast_head_json":{"title":"TRICOVEL AMPOULES ANTI CHUTE 10*3.5 - Paracherkaoui.ma","robots":{"index":"index","follow":"follow","max-snippet":"max-snippet:-1","max-image-preview":"max-image-preview:large","max-video-preview":"max-video-preview:-1"},"canonical":"https:\/\/paracherkaoui.ma\/index.php\/produit\/tricovel-ampoules-anti-chute-103-5\/","og_locale":"fr_FR","og_type":"article","og_title":"TRICOVEL AMPOULES ANTI CHUTE 10*3.5 - Paracherkaoui.ma","og_description":"Tricovel Physiogenina Ampoules est le traitement cosm\u00e9tique d&rsquo;appoint qui aide \u00e0 lutter contre la chute temporaire des cheveux chez les","og_url":"https:\/\/paracherkaoui.ma\/index.php\/produit\/tricovel-ampoules-anti-chute-103-5\/","og_site_name":"Paracherkaoui.ma","article_modified_time":"2025-12-12T16:54:41+00:00","og_image":[{"width":700,"height":700,"url":"https:\/\/paracherkaoui.ma\/wp-content\/uploads\/2025\/12\/tricovel-tricovel-ampoules-anti-chute-1035-serums-et-huiles.jpg","type":"image\/jpeg"}],"twitter_card":"summary_large_image","twitter_misc":{"Dur\u00e9e de lecture estim\u00e9e":"1 minute"},"schema":{"@context":"https:\/\/schema.org","@graph":[{"@type":"WebPage","@id":"https:\/\/paracherkaoui.ma\/index.php\/produit\/tricovel-ampoules-anti-chute-103-5\/","url":"https:\/\/paracherkaoui.ma\/index.php\/produit\/tricovel-ampoules-anti-chute-103-5\/","name":"TRICOVEL AMPOULES ANTI CHUTE 10*3.5 - Paracherkaoui.ma","isPartOf":{"@id":"https:\/\/paracherkaoui.ma\/#website"},"primaryImageOfPage":{"@id":"https:\/\/paracherkaoui.ma\/index.php\/produit\/tricovel-ampoules-anti-chute-103-5\/#primaryimage"},"image":{"@id":"https:\/\/paracherkaoui.ma\/index.php\/produit\/tricovel-ampoules-anti-chute-103-5\/#primaryimage"},"thumbnailUrl":"https:\/\/paracherkaoui.ma\/wp-content\/uploads\/2025\/12\/tricovel-tricovel-ampoules-anti-chute-1035-serums-et-huiles.jpg","datePublished":"2025-12-12T16:54:35+00:00","dateModified":"2025-12-12T16:54:41+00:00","breadcrumb":{"@id":"https:\/\/paracherkaoui.ma\/index.php\/produit\/tricovel-ampoules-anti-chute-103-5\/#breadcrumb"},"inLanguage":"fr-FR","potentialAction":[{"@type":"ReadAction","target":["https:\/\/paracherkaoui.ma\/index.php\/produit\/tricovel-ampoules-anti-chute-103-5\/"]}]},{"@type":"ImageObject","inLanguage":"fr-FR","@id":"https:\/\/paracherkaoui.ma\/index.php\/produit\/tricovel-ampoules-anti-chute-103-5\/#primaryimage","url":"https:\/\/paracherkaoui.ma\/wp-content\/uploads\/2025\/12\/tricovel-tricovel-ampoules-anti-chute-1035-serums-et-huiles.jpg","contentUrl":"https:\/\/paracherkaoui.ma\/wp-content\/uploads\/2025\/12\/tricovel-tricovel-ampoules-anti-chute-1035-serums-et-huiles.jpg","width":700,"height":700},{"@type":"BreadcrumbList","@id":"https:\/\/paracherkaoui.ma\/index.php\/produit\/tricovel-ampoules-anti-chute-103-5\/#breadcrumb","itemListElement":[{"@type":"ListItem","position":1,"name":"Accueil","item":"https:\/\/paracherkaoui.ma\/"},{"@type":"ListItem","position":2,"name":"Boutique","item":"https:\/\/paracherkaoui.ma\/index.php\/boutique\/"},{"@type":"ListItem","position":3,"name":"TRICOVEL AMPOULES ANTI CHUTE 10*3.5"}]},{"@type":"WebSite","@id":"https:\/\/paracherkaoui.ma\/#website","url":"https:\/\/paracherkaoui.ma\/","name":"Paracherkaoui.ma","description":"Achetez en ligne sur Paracherkaoui.ma","potentialAction":[{"@type":"SearchAction","target":{"@type":"EntryPoint","urlTemplate":"https:\/\/paracherkaoui.ma\/?s={search_term_string}"},"query-input":{"@type":"PropertyValueSpecification","valueRequired":true,"valueName":"search_term_string"}}],"inLanguage":"fr-FR"}]}},"_links":{"self":[{"href":"https:\/\/paracherkaoui.ma\/index.php\/wp-json\/wp\/v2\/product\/16452","targetHints":{"allow":["GET"]}}],"collection":[{"href":"https:\/\/paracherkaoui.ma\/index.php\/wp-json\/wp\/v2\/product"}],"about":[{"href":"https:\/\/paracherkaoui.ma\/index.php\/wp-json\/wp\/v2\/types\/product"}],"replies":[{"embeddable":true,"href":"https:\/\/paracherkaoui.ma\/index.php\/wp-json\/wp\/v2\/comments?post=16452"}],"version-history":[{"count":1,"href":"https:\/\/paracherkaoui.ma\/index.php\/wp-json\/wp\/v2\/product\/16452\/revisions"}],"predecessor-version":[{"id":16524,"href":"https:\/\/paracherkaoui.ma\/index.php\/wp-json\/wp\/v2\/product\/16452\/revisions\/16524"}],"wp:featuredmedia":[{"embeddable":true,"href":"https:\/\/paracherkaoui.ma\/index.php\/wp-json\/wp\/v2\/media\/16522"}],"wp:attachment":[{"href":"https:\/\/paracherkaoui.ma\/index.php\/wp-json\/wp\/v2\/media?parent=16452"}],"wp:term":[{"taxonomy":"product_brand","embeddable":true,"href":"https:\/\/paracherkaoui.ma\/index.php\/wp-json\/wp\/v2\/product_brand?post=16452"},{"taxonomy":"product_cat","embeddable":true,"href":"https:\/\/paracherkaoui.ma\/index.php\/wp-json\/wp\/v2\/product_cat?post=16452"},{"taxonomy":"product_tag","embeddable":true,"href":"https:\/\/paracherkaoui.ma\/index.php\/wp-json\/wp\/v2\/product_tag?post=16452"}],"curies":[{"name":"wp","href":"https:\/\/api.w.org\/{rel}","templated":true}]}}