{"id":16447,"date":"2025-12-12T17:54:35","date_gmt":"2025-12-12T16:54:35","guid":{"rendered":"https:\/\/test.ecbeaute.com\/?post_type=product&#038;p=16447"},"modified":"2025-12-12T17:54:41","modified_gmt":"2025-12-12T16:54:41","slug":"cliniceutica-ceracap-ac-lotion-energisante-150-ml","status":"publish","type":"product","link":"https:\/\/paracherkaoui.ma\/index.php\/produit\/cliniceutica-ceracap-ac-lotion-energisante-150-ml\/","title":{"rendered":"CLINICEUTICA CERACAP AC LOTION ENERGISANTE 150 ML"},"content":{"rendered":"<p>La Lotion \u00e9nergisante CERACAP AC est sp\u00e9cifiquement formul\u00e9e \u00e0 partir d\u2019ingr\u00e9dients hautement qualifi\u00e9s pour fortifier, renforcer et aider \u00e0 fournir visiblement des cheveux clairsem\u00e9s en compl\u00e9ment d\u2019un traitement anti- chute. ansi que du palmier nain et ortie piquante aux propri\u00e9t\u00e9s revitalisantes et volumisantes. Un apport riche en Ceramides, en Papyrus et en Caf\u00e9ine vous procurera tous les \u00e9l\u00e9ments essentiels pour hydrater et am\u00e9liorer l\u2019apparence de cheveux fins, clairsem\u00e9s et fragilis\u00e9s.<br \/>\nConseils d&rsquo;utilisation:<br \/>\nAppliquer quelques pulv\u00e9risations de la lotion sur le cuir chevelu. R\u00e9partir en prenant soin de bien masser et couvrir l\u2019ensemble du cuir chevelu et laisser agir. Ne pas rincer apr\u00e8s application.<\/p>\n","protected":false},"excerpt":{"rendered":"<p>La Lotion \u00e9nergisante CERACAP AC est sp\u00e9cifiquement formul\u00e9e \u00e0 partir d\u2019ingr\u00e9dients hautement qualifi\u00e9s pour fortifier, renforcer et aider \u00e0 fournir<\/p>\n","protected":false},"featured_media":16509,"comment_status":"open","ping_status":"closed","template":"","meta":[],"product_brand":[258],"product_cat":[276],"product_tag":[],"class_list":{"0":"post-16447","1":"product","2":"type-product","3":"status-publish","4":"has-post-thumbnail","6":"product_brand-cliniceutica","7":"product_cat-serums-et-huiles","9":"first","10":"instock","11":"sale","12":"shipping-taxable","13":"purchasable","14":"product-type-simple"},"yoast_head":"<!-- This site is optimized with the Yoast SEO plugin v26.6 - https:\/\/yoast.com\/wordpress\/plugins\/seo\/ -->\r\n<title>CLINICEUTICA CERACAP AC LOTION ENERGISANTE 150 ML - Paracherkaoui.ma<\/title>\r\n<meta name=\"robots\" content=\"index, follow, max-snippet:-1, max-image-preview:large, max-video-preview:-1\" \/>\r\n<link rel=\"canonical\" href=\"https:\/\/paracherkaoui.ma\/index.php\/produit\/cliniceutica-ceracap-ac-lotion-energisante-150-ml\/\" \/>\r\n<meta property=\"og:locale\" content=\"fr_FR\" \/>\r\n<meta property=\"og:type\" content=\"article\" \/>\r\n<meta property=\"og:title\" content=\"CLINICEUTICA CERACAP AC LOTION ENERGISANTE 150 ML - Paracherkaoui.ma\" \/>\r\n<meta property=\"og:description\" content=\"La Lotion \u00e9nergisante CERACAP AC est sp\u00e9cifiquement formul\u00e9e \u00e0 partir d\u2019ingr\u00e9dients hautement qualifi\u00e9s pour fortifier, renforcer et aider \u00e0 fournir\" \/>\r\n<meta property=\"og:url\" content=\"https:\/\/paracherkaoui.ma\/index.php\/produit\/cliniceutica-ceracap-ac-lotion-energisante-150-ml\/\" \/>\r\n<meta property=\"og:site_name\" content=\"Paracherkaoui.ma\" \/>\r\n<meta property=\"article:modified_time\" content=\"2025-12-12T16:54:41+00:00\" \/>\r\n<meta property=\"og:image\" content=\"https:\/\/paracherkaoui.ma\/wp-content\/uploads\/2025\/12\/cliniceutica-cliniceutica-ceracap-ac-lotion-energisante-150-ml-serums-et-huiles.jpg\" \/>\r\n\t<meta property=\"og:image:width\" content=\"700\" \/>\r\n\t<meta property=\"og:image:height\" content=\"700\" \/>\r\n\t<meta property=\"og:image:type\" content=\"image\/jpeg\" \/>\r\n<meta name=\"twitter:card\" content=\"summary_large_image\" \/>\r\n<meta name=\"twitter:label1\" content=\"Dur\u00e9e de lecture estim\u00e9e\" \/>\n\t<meta name=\"twitter:data1\" content=\"1 minute\" \/>\r\n<script type=\"application\/ld+json\" class=\"yoast-schema-graph\">{\"@context\":\"https:\/\/schema.org\",\"@graph\":[{\"@type\":\"WebPage\",\"@id\":\"https:\/\/paracherkaoui.ma\/index.php\/produit\/cliniceutica-ceracap-ac-lotion-energisante-150-ml\/\",\"url\":\"https:\/\/paracherkaoui.ma\/index.php\/produit\/cliniceutica-ceracap-ac-lotion-energisante-150-ml\/\",\"name\":\"CLINICEUTICA CERACAP AC LOTION ENERGISANTE 150 ML - Paracherkaoui.ma\",\"isPartOf\":{\"@id\":\"https:\/\/paracherkaoui.ma\/#website\"},\"primaryImageOfPage\":{\"@id\":\"https:\/\/paracherkaoui.ma\/index.php\/produit\/cliniceutica-ceracap-ac-lotion-energisante-150-ml\/#primaryimage\"},\"image\":{\"@id\":\"https:\/\/paracherkaoui.ma\/index.php\/produit\/cliniceutica-ceracap-ac-lotion-energisante-150-ml\/#primaryimage\"},\"thumbnailUrl\":\"https:\/\/paracherkaoui.ma\/wp-content\/uploads\/2025\/12\/cliniceutica-cliniceutica-ceracap-ac-lotion-energisante-150-ml-serums-et-huiles.jpg\",\"datePublished\":\"2025-12-12T16:54:35+00:00\",\"dateModified\":\"2025-12-12T16:54:41+00:00\",\"breadcrumb\":{\"@id\":\"https:\/\/paracherkaoui.ma\/index.php\/produit\/cliniceutica-ceracap-ac-lotion-energisante-150-ml\/#breadcrumb\"},\"inLanguage\":\"fr-FR\",\"potentialAction\":[{\"@type\":\"ReadAction\",\"target\":[\"https:\/\/paracherkaoui.ma\/index.php\/produit\/cliniceutica-ceracap-ac-lotion-energisante-150-ml\/\"]}]},{\"@type\":\"ImageObject\",\"inLanguage\":\"fr-FR\",\"@id\":\"https:\/\/paracherkaoui.ma\/index.php\/produit\/cliniceutica-ceracap-ac-lotion-energisante-150-ml\/#primaryimage\",\"url\":\"https:\/\/paracherkaoui.ma\/wp-content\/uploads\/2025\/12\/cliniceutica-cliniceutica-ceracap-ac-lotion-energisante-150-ml-serums-et-huiles.jpg\",\"contentUrl\":\"https:\/\/paracherkaoui.ma\/wp-content\/uploads\/2025\/12\/cliniceutica-cliniceutica-ceracap-ac-lotion-energisante-150-ml-serums-et-huiles.jpg\",\"width\":700,\"height\":700},{\"@type\":\"BreadcrumbList\",\"@id\":\"https:\/\/paracherkaoui.ma\/index.php\/produit\/cliniceutica-ceracap-ac-lotion-energisante-150-ml\/#breadcrumb\",\"itemListElement\":[{\"@type\":\"ListItem\",\"position\":1,\"name\":\"Accueil\",\"item\":\"https:\/\/paracherkaoui.ma\/\"},{\"@type\":\"ListItem\",\"position\":2,\"name\":\"Boutique\",\"item\":\"https:\/\/paracherkaoui.ma\/index.php\/boutique\/\"},{\"@type\":\"ListItem\",\"position\":3,\"name\":\"CLINICEUTICA CERACAP AC LOTION ENERGISANTE 150 ML\"}]},{\"@type\":\"WebSite\",\"@id\":\"https:\/\/paracherkaoui.ma\/#website\",\"url\":\"https:\/\/paracherkaoui.ma\/\",\"name\":\"Paracherkaoui.ma\",\"description\":\"Achetez en ligne sur Paracherkaoui.ma\",\"potentialAction\":[{\"@type\":\"SearchAction\",\"target\":{\"@type\":\"EntryPoint\",\"urlTemplate\":\"https:\/\/paracherkaoui.ma\/?s={search_term_string}\"},\"query-input\":{\"@type\":\"PropertyValueSpecification\",\"valueRequired\":true,\"valueName\":\"search_term_string\"}}],\"inLanguage\":\"fr-FR\"}]}<\/script>\r\n<!-- \/ Yoast SEO plugin. -->","yoast_head_json":{"title":"CLINICEUTICA CERACAP AC LOTION ENERGISANTE 150 ML - Paracherkaoui.ma","robots":{"index":"index","follow":"follow","max-snippet":"max-snippet:-1","max-image-preview":"max-image-preview:large","max-video-preview":"max-video-preview:-1"},"canonical":"https:\/\/paracherkaoui.ma\/index.php\/produit\/cliniceutica-ceracap-ac-lotion-energisante-150-ml\/","og_locale":"fr_FR","og_type":"article","og_title":"CLINICEUTICA CERACAP AC LOTION ENERGISANTE 150 ML - Paracherkaoui.ma","og_description":"La Lotion \u00e9nergisante CERACAP AC est sp\u00e9cifiquement formul\u00e9e \u00e0 partir d\u2019ingr\u00e9dients hautement qualifi\u00e9s pour fortifier, renforcer et aider \u00e0 fournir","og_url":"https:\/\/paracherkaoui.ma\/index.php\/produit\/cliniceutica-ceracap-ac-lotion-energisante-150-ml\/","og_site_name":"Paracherkaoui.ma","article_modified_time":"2025-12-12T16:54:41+00:00","og_image":[{"width":700,"height":700,"url":"https:\/\/paracherkaoui.ma\/wp-content\/uploads\/2025\/12\/cliniceutica-cliniceutica-ceracap-ac-lotion-energisante-150-ml-serums-et-huiles.jpg","type":"image\/jpeg"}],"twitter_card":"summary_large_image","twitter_misc":{"Dur\u00e9e de lecture estim\u00e9e":"1 minute"},"schema":{"@context":"https:\/\/schema.org","@graph":[{"@type":"WebPage","@id":"https:\/\/paracherkaoui.ma\/index.php\/produit\/cliniceutica-ceracap-ac-lotion-energisante-150-ml\/","url":"https:\/\/paracherkaoui.ma\/index.php\/produit\/cliniceutica-ceracap-ac-lotion-energisante-150-ml\/","name":"CLINICEUTICA CERACAP AC LOTION ENERGISANTE 150 ML - Paracherkaoui.ma","isPartOf":{"@id":"https:\/\/paracherkaoui.ma\/#website"},"primaryImageOfPage":{"@id":"https:\/\/paracherkaoui.ma\/index.php\/produit\/cliniceutica-ceracap-ac-lotion-energisante-150-ml\/#primaryimage"},"image":{"@id":"https:\/\/paracherkaoui.ma\/index.php\/produit\/cliniceutica-ceracap-ac-lotion-energisante-150-ml\/#primaryimage"},"thumbnailUrl":"https:\/\/paracherkaoui.ma\/wp-content\/uploads\/2025\/12\/cliniceutica-cliniceutica-ceracap-ac-lotion-energisante-150-ml-serums-et-huiles.jpg","datePublished":"2025-12-12T16:54:35+00:00","dateModified":"2025-12-12T16:54:41+00:00","breadcrumb":{"@id":"https:\/\/paracherkaoui.ma\/index.php\/produit\/cliniceutica-ceracap-ac-lotion-energisante-150-ml\/#breadcrumb"},"inLanguage":"fr-FR","potentialAction":[{"@type":"ReadAction","target":["https:\/\/paracherkaoui.ma\/index.php\/produit\/cliniceutica-ceracap-ac-lotion-energisante-150-ml\/"]}]},{"@type":"ImageObject","inLanguage":"fr-FR","@id":"https:\/\/paracherkaoui.ma\/index.php\/produit\/cliniceutica-ceracap-ac-lotion-energisante-150-ml\/#primaryimage","url":"https:\/\/paracherkaoui.ma\/wp-content\/uploads\/2025\/12\/cliniceutica-cliniceutica-ceracap-ac-lotion-energisante-150-ml-serums-et-huiles.jpg","contentUrl":"https:\/\/paracherkaoui.ma\/wp-content\/uploads\/2025\/12\/cliniceutica-cliniceutica-ceracap-ac-lotion-energisante-150-ml-serums-et-huiles.jpg","width":700,"height":700},{"@type":"BreadcrumbList","@id":"https:\/\/paracherkaoui.ma\/index.php\/produit\/cliniceutica-ceracap-ac-lotion-energisante-150-ml\/#breadcrumb","itemListElement":[{"@type":"ListItem","position":1,"name":"Accueil","item":"https:\/\/paracherkaoui.ma\/"},{"@type":"ListItem","position":2,"name":"Boutique","item":"https:\/\/paracherkaoui.ma\/index.php\/boutique\/"},{"@type":"ListItem","position":3,"name":"CLINICEUTICA CERACAP AC LOTION ENERGISANTE 150 ML"}]},{"@type":"WebSite","@id":"https:\/\/paracherkaoui.ma\/#website","url":"https:\/\/paracherkaoui.ma\/","name":"Paracherkaoui.ma","description":"Achetez en ligne sur Paracherkaoui.ma","potentialAction":[{"@type":"SearchAction","target":{"@type":"EntryPoint","urlTemplate":"https:\/\/paracherkaoui.ma\/?s={search_term_string}"},"query-input":{"@type":"PropertyValueSpecification","valueRequired":true,"valueName":"search_term_string"}}],"inLanguage":"fr-FR"}]}},"_links":{"self":[{"href":"https:\/\/paracherkaoui.ma\/index.php\/wp-json\/wp\/v2\/product\/16447","targetHints":{"allow":["GET"]}}],"collection":[{"href":"https:\/\/paracherkaoui.ma\/index.php\/wp-json\/wp\/v2\/product"}],"about":[{"href":"https:\/\/paracherkaoui.ma\/index.php\/wp-json\/wp\/v2\/types\/product"}],"replies":[{"embeddable":true,"href":"https:\/\/paracherkaoui.ma\/index.php\/wp-json\/wp\/v2\/comments?post=16447"}],"version-history":[{"count":1,"href":"https:\/\/paracherkaoui.ma\/index.php\/wp-json\/wp\/v2\/product\/16447\/revisions"}],"predecessor-version":[{"id":16511,"href":"https:\/\/paracherkaoui.ma\/index.php\/wp-json\/wp\/v2\/product\/16447\/revisions\/16511"}],"wp:featuredmedia":[{"embeddable":true,"href":"https:\/\/paracherkaoui.ma\/index.php\/wp-json\/wp\/v2\/media\/16509"}],"wp:attachment":[{"href":"https:\/\/paracherkaoui.ma\/index.php\/wp-json\/wp\/v2\/media?parent=16447"}],"wp:term":[{"taxonomy":"product_brand","embeddable":true,"href":"https:\/\/paracherkaoui.ma\/index.php\/wp-json\/wp\/v2\/product_brand?post=16447"},{"taxonomy":"product_cat","embeddable":true,"href":"https:\/\/paracherkaoui.ma\/index.php\/wp-json\/wp\/v2\/product_cat?post=16447"},{"taxonomy":"product_tag","embeddable":true,"href":"https:\/\/paracherkaoui.ma\/index.php\/wp-json\/wp\/v2\/product_tag?post=16447"}],"curies":[{"name":"wp","href":"https:\/\/api.w.org\/{rel}","templated":true}]}}