{"id":16426,"date":"2025-12-12T17:54:32","date_gmt":"2025-12-12T16:54:32","guid":{"rendered":"https:\/\/test.ecbeaute.com\/?post_type=product&#038;p=16426"},"modified":"2025-12-12T17:54:42","modified_gmt":"2025-12-12T16:54:42","slug":"new-oil-cosmetics-huile-de-chanvre-3oml","status":"publish","type":"product","link":"https:\/\/paracherkaoui.ma\/index.php\/produit\/new-oil-cosmetics-huile-de-chanvre-3oml\/","title":{"rendered":"NEW OIL COSMETICS HUILE DE CHANVRE 3oml"},"content":{"rendered":"<p>Extraite \u00e0 partir de la graine de la plante, l\u2019huile de chanvre est dot\u00e9e de multiples vertus bienfaisantes pour la peau et les cheveux. Enrichit la peau du cuir chevelu, nourrit la fibre capillaire et am\u00e9liore l&rsquo;\u00e9lasticit\u00e9 du cheveu.<br \/>\nL\u2019huile de chanvre est une huile lissante qui facilite le peignage des cheveux ab\u00eem\u00e9s, secs et difficiles \u00e0 coiffer. Elle hydrate les cheveux et leur apporte de la brillance et les nutriments dont ils ont besoin.<br \/>\nTr\u00e8s efficace pour les cheveux tr\u00e8s fins, l\u2019huile de chanvre am\u00e9liore le volume .<br \/>\nConseils d&rsquo;utilisation :<br \/>\nPour des cheveux tr\u00e8s secs et cr\u00e9pus: Appliquer l&rsquo;huile de chanvre en masque , sur toute la chevelure, avant le shampoing. Puis sur les pointes uniquement apr\u00e8s le nettoyage.<\/p>\n<p>Pour des cheveux normaux \u00e0 gras: Appliquer l&rsquo;huile de chanvre sur les pointes avant ou apr\u00e8s le shampoing.<\/p>\n","protected":false},"excerpt":{"rendered":"<p>Extraite \u00e0 partir de la graine de la plante, l\u2019huile de chanvre est dot\u00e9e de multiples vertus bienfaisantes pour la<\/p>\n","protected":false},"featured_media":16543,"comment_status":"open","ping_status":"closed","template":"","meta":[],"product_brand":[290],"product_cat":[276],"product_tag":[],"class_list":{"0":"post-16426","1":"product","2":"type-product","3":"status-publish","4":"has-post-thumbnail","6":"product_brand-new-oil-cosmetics","7":"product_cat-serums-et-huiles","9":"first","10":"instock","11":"sale","12":"shipping-taxable","13":"purchasable","14":"product-type-simple"},"yoast_head":"<!-- This site is optimized with the Yoast SEO plugin v26.6 - https:\/\/yoast.com\/wordpress\/plugins\/seo\/ -->\r\n<title>NEW OIL COSMETICS HUILE DE CHANVRE 3oml - Paracherkaoui.ma<\/title>\r\n<meta name=\"robots\" content=\"index, follow, max-snippet:-1, max-image-preview:large, max-video-preview:-1\" \/>\r\n<link rel=\"canonical\" href=\"https:\/\/paracherkaoui.ma\/index.php\/produit\/new-oil-cosmetics-huile-de-chanvre-3oml\/\" \/>\r\n<meta property=\"og:locale\" content=\"fr_FR\" \/>\r\n<meta property=\"og:type\" content=\"article\" \/>\r\n<meta property=\"og:title\" content=\"NEW OIL COSMETICS HUILE DE CHANVRE 3oml - Paracherkaoui.ma\" \/>\r\n<meta property=\"og:description\" content=\"Extraite \u00e0 partir de la graine de la plante, l\u2019huile de chanvre est dot\u00e9e de multiples vertus bienfaisantes pour la\" \/>\r\n<meta property=\"og:url\" content=\"https:\/\/paracherkaoui.ma\/index.php\/produit\/new-oil-cosmetics-huile-de-chanvre-3oml\/\" \/>\r\n<meta property=\"og:site_name\" content=\"Paracherkaoui.ma\" \/>\r\n<meta property=\"article:modified_time\" content=\"2025-12-12T16:54:42+00:00\" \/>\r\n<meta property=\"og:image\" content=\"https:\/\/paracherkaoui.ma\/wp-content\/uploads\/2025\/12\/new-oil-cosmetics-new-oil-cosmetics-huile-de-chanvre-3oml-serum-et-huiles.jpg\" \/>\r\n\t<meta property=\"og:image:width\" content=\"700\" \/>\r\n\t<meta property=\"og:image:height\" content=\"700\" \/>\r\n\t<meta property=\"og:image:type\" content=\"image\/jpeg\" \/>\r\n<meta name=\"twitter:card\" content=\"summary_large_image\" \/>\r\n<meta name=\"twitter:label1\" content=\"Dur\u00e9e de lecture estim\u00e9e\" \/>\n\t<meta name=\"twitter:data1\" content=\"1 minute\" \/>\r\n<script type=\"application\/ld+json\" class=\"yoast-schema-graph\">{\"@context\":\"https:\/\/schema.org\",\"@graph\":[{\"@type\":\"WebPage\",\"@id\":\"https:\/\/paracherkaoui.ma\/index.php\/produit\/new-oil-cosmetics-huile-de-chanvre-3oml\/\",\"url\":\"https:\/\/paracherkaoui.ma\/index.php\/produit\/new-oil-cosmetics-huile-de-chanvre-3oml\/\",\"name\":\"NEW OIL COSMETICS HUILE DE CHANVRE 3oml - Paracherkaoui.ma\",\"isPartOf\":{\"@id\":\"https:\/\/paracherkaoui.ma\/#website\"},\"primaryImageOfPage\":{\"@id\":\"https:\/\/paracherkaoui.ma\/index.php\/produit\/new-oil-cosmetics-huile-de-chanvre-3oml\/#primaryimage\"},\"image\":{\"@id\":\"https:\/\/paracherkaoui.ma\/index.php\/produit\/new-oil-cosmetics-huile-de-chanvre-3oml\/#primaryimage\"},\"thumbnailUrl\":\"https:\/\/paracherkaoui.ma\/wp-content\/uploads\/2025\/12\/new-oil-cosmetics-new-oil-cosmetics-huile-de-chanvre-3oml-serum-et-huiles.jpg\",\"datePublished\":\"2025-12-12T16:54:32+00:00\",\"dateModified\":\"2025-12-12T16:54:42+00:00\",\"breadcrumb\":{\"@id\":\"https:\/\/paracherkaoui.ma\/index.php\/produit\/new-oil-cosmetics-huile-de-chanvre-3oml\/#breadcrumb\"},\"inLanguage\":\"fr-FR\",\"potentialAction\":[{\"@type\":\"ReadAction\",\"target\":[\"https:\/\/paracherkaoui.ma\/index.php\/produit\/new-oil-cosmetics-huile-de-chanvre-3oml\/\"]}]},{\"@type\":\"ImageObject\",\"inLanguage\":\"fr-FR\",\"@id\":\"https:\/\/paracherkaoui.ma\/index.php\/produit\/new-oil-cosmetics-huile-de-chanvre-3oml\/#primaryimage\",\"url\":\"https:\/\/paracherkaoui.ma\/wp-content\/uploads\/2025\/12\/new-oil-cosmetics-new-oil-cosmetics-huile-de-chanvre-3oml-serum-et-huiles.jpg\",\"contentUrl\":\"https:\/\/paracherkaoui.ma\/wp-content\/uploads\/2025\/12\/new-oil-cosmetics-new-oil-cosmetics-huile-de-chanvre-3oml-serum-et-huiles.jpg\",\"width\":700,\"height\":700},{\"@type\":\"BreadcrumbList\",\"@id\":\"https:\/\/paracherkaoui.ma\/index.php\/produit\/new-oil-cosmetics-huile-de-chanvre-3oml\/#breadcrumb\",\"itemListElement\":[{\"@type\":\"ListItem\",\"position\":1,\"name\":\"Accueil\",\"item\":\"https:\/\/paracherkaoui.ma\/\"},{\"@type\":\"ListItem\",\"position\":2,\"name\":\"Boutique\",\"item\":\"https:\/\/paracherkaoui.ma\/index.php\/boutique\/\"},{\"@type\":\"ListItem\",\"position\":3,\"name\":\"NEW OIL COSMETICS HUILE DE CHANVRE 3oml\"}]},{\"@type\":\"WebSite\",\"@id\":\"https:\/\/paracherkaoui.ma\/#website\",\"url\":\"https:\/\/paracherkaoui.ma\/\",\"name\":\"Paracherkaoui.ma\",\"description\":\"Achetez en ligne sur Paracherkaoui.ma\",\"potentialAction\":[{\"@type\":\"SearchAction\",\"target\":{\"@type\":\"EntryPoint\",\"urlTemplate\":\"https:\/\/paracherkaoui.ma\/?s={search_term_string}\"},\"query-input\":{\"@type\":\"PropertyValueSpecification\",\"valueRequired\":true,\"valueName\":\"search_term_string\"}}],\"inLanguage\":\"fr-FR\"}]}<\/script>\r\n<!-- \/ Yoast SEO plugin. -->","yoast_head_json":{"title":"NEW OIL COSMETICS HUILE DE CHANVRE 3oml - Paracherkaoui.ma","robots":{"index":"index","follow":"follow","max-snippet":"max-snippet:-1","max-image-preview":"max-image-preview:large","max-video-preview":"max-video-preview:-1"},"canonical":"https:\/\/paracherkaoui.ma\/index.php\/produit\/new-oil-cosmetics-huile-de-chanvre-3oml\/","og_locale":"fr_FR","og_type":"article","og_title":"NEW OIL COSMETICS HUILE DE CHANVRE 3oml - Paracherkaoui.ma","og_description":"Extraite \u00e0 partir de la graine de la plante, l\u2019huile de chanvre est dot\u00e9e de multiples vertus bienfaisantes pour la","og_url":"https:\/\/paracherkaoui.ma\/index.php\/produit\/new-oil-cosmetics-huile-de-chanvre-3oml\/","og_site_name":"Paracherkaoui.ma","article_modified_time":"2025-12-12T16:54:42+00:00","og_image":[{"width":700,"height":700,"url":"https:\/\/paracherkaoui.ma\/wp-content\/uploads\/2025\/12\/new-oil-cosmetics-new-oil-cosmetics-huile-de-chanvre-3oml-serum-et-huiles.jpg","type":"image\/jpeg"}],"twitter_card":"summary_large_image","twitter_misc":{"Dur\u00e9e de lecture estim\u00e9e":"1 minute"},"schema":{"@context":"https:\/\/schema.org","@graph":[{"@type":"WebPage","@id":"https:\/\/paracherkaoui.ma\/index.php\/produit\/new-oil-cosmetics-huile-de-chanvre-3oml\/","url":"https:\/\/paracherkaoui.ma\/index.php\/produit\/new-oil-cosmetics-huile-de-chanvre-3oml\/","name":"NEW OIL COSMETICS HUILE DE CHANVRE 3oml - Paracherkaoui.ma","isPartOf":{"@id":"https:\/\/paracherkaoui.ma\/#website"},"primaryImageOfPage":{"@id":"https:\/\/paracherkaoui.ma\/index.php\/produit\/new-oil-cosmetics-huile-de-chanvre-3oml\/#primaryimage"},"image":{"@id":"https:\/\/paracherkaoui.ma\/index.php\/produit\/new-oil-cosmetics-huile-de-chanvre-3oml\/#primaryimage"},"thumbnailUrl":"https:\/\/paracherkaoui.ma\/wp-content\/uploads\/2025\/12\/new-oil-cosmetics-new-oil-cosmetics-huile-de-chanvre-3oml-serum-et-huiles.jpg","datePublished":"2025-12-12T16:54:32+00:00","dateModified":"2025-12-12T16:54:42+00:00","breadcrumb":{"@id":"https:\/\/paracherkaoui.ma\/index.php\/produit\/new-oil-cosmetics-huile-de-chanvre-3oml\/#breadcrumb"},"inLanguage":"fr-FR","potentialAction":[{"@type":"ReadAction","target":["https:\/\/paracherkaoui.ma\/index.php\/produit\/new-oil-cosmetics-huile-de-chanvre-3oml\/"]}]},{"@type":"ImageObject","inLanguage":"fr-FR","@id":"https:\/\/paracherkaoui.ma\/index.php\/produit\/new-oil-cosmetics-huile-de-chanvre-3oml\/#primaryimage","url":"https:\/\/paracherkaoui.ma\/wp-content\/uploads\/2025\/12\/new-oil-cosmetics-new-oil-cosmetics-huile-de-chanvre-3oml-serum-et-huiles.jpg","contentUrl":"https:\/\/paracherkaoui.ma\/wp-content\/uploads\/2025\/12\/new-oil-cosmetics-new-oil-cosmetics-huile-de-chanvre-3oml-serum-et-huiles.jpg","width":700,"height":700},{"@type":"BreadcrumbList","@id":"https:\/\/paracherkaoui.ma\/index.php\/produit\/new-oil-cosmetics-huile-de-chanvre-3oml\/#breadcrumb","itemListElement":[{"@type":"ListItem","position":1,"name":"Accueil","item":"https:\/\/paracherkaoui.ma\/"},{"@type":"ListItem","position":2,"name":"Boutique","item":"https:\/\/paracherkaoui.ma\/index.php\/boutique\/"},{"@type":"ListItem","position":3,"name":"NEW OIL COSMETICS HUILE DE CHANVRE 3oml"}]},{"@type":"WebSite","@id":"https:\/\/paracherkaoui.ma\/#website","url":"https:\/\/paracherkaoui.ma\/","name":"Paracherkaoui.ma","description":"Achetez en ligne sur Paracherkaoui.ma","potentialAction":[{"@type":"SearchAction","target":{"@type":"EntryPoint","urlTemplate":"https:\/\/paracherkaoui.ma\/?s={search_term_string}"},"query-input":{"@type":"PropertyValueSpecification","valueRequired":true,"valueName":"search_term_string"}}],"inLanguage":"fr-FR"}]}},"_links":{"self":[{"href":"https:\/\/paracherkaoui.ma\/index.php\/wp-json\/wp\/v2\/product\/16426","targetHints":{"allow":["GET"]}}],"collection":[{"href":"https:\/\/paracherkaoui.ma\/index.php\/wp-json\/wp\/v2\/product"}],"about":[{"href":"https:\/\/paracherkaoui.ma\/index.php\/wp-json\/wp\/v2\/types\/product"}],"replies":[{"embeddable":true,"href":"https:\/\/paracherkaoui.ma\/index.php\/wp-json\/wp\/v2\/comments?post=16426"}],"version-history":[{"count":1,"href":"https:\/\/paracherkaoui.ma\/index.php\/wp-json\/wp\/v2\/product\/16426\/revisions"}],"predecessor-version":[{"id":16545,"href":"https:\/\/paracherkaoui.ma\/index.php\/wp-json\/wp\/v2\/product\/16426\/revisions\/16545"}],"wp:featuredmedia":[{"embeddable":true,"href":"https:\/\/paracherkaoui.ma\/index.php\/wp-json\/wp\/v2\/media\/16543"}],"wp:attachment":[{"href":"https:\/\/paracherkaoui.ma\/index.php\/wp-json\/wp\/v2\/media?parent=16426"}],"wp:term":[{"taxonomy":"product_brand","embeddable":true,"href":"https:\/\/paracherkaoui.ma\/index.php\/wp-json\/wp\/v2\/product_brand?post=16426"},{"taxonomy":"product_cat","embeddable":true,"href":"https:\/\/paracherkaoui.ma\/index.php\/wp-json\/wp\/v2\/product_cat?post=16426"},{"taxonomy":"product_tag","embeddable":true,"href":"https:\/\/paracherkaoui.ma\/index.php\/wp-json\/wp\/v2\/product_tag?post=16426"}],"curies":[{"name":"wp","href":"https:\/\/api.w.org\/{rel}","templated":true}]}}