{"id":16315,"date":"2025-12-12T17:54:25","date_gmt":"2025-12-12T16:54:25","guid":{"rendered":"https:\/\/test.ecbeaute.com\/?post_type=product&#038;p=16315"},"modified":"2025-12-12T17:54:32","modified_gmt":"2025-12-12T16:54:32","slug":"novahair-lotion-anti-chute-spf-30-haute-protection-125-ml","status":"publish","type":"product","link":"https:\/\/paracherkaoui.ma\/index.php\/produit\/novahair-lotion-anti-chute-spf-30-haute-protection-125-ml\/","title":{"rendered":"NOVAHAIR LOTION ANTI CHUTE SPF 30 HAUTE PROTECTION 125 ML"},"content":{"rendered":"<p>La NOVAHAIR Lotion Anti-Chute SPF 30 est la solution parfaite pour celles et ceux qui souhaitent pr\u00e9server la sant\u00e9 de leurs cheveux tout en les prot\u00e9geant des agressions ext\u00e9rieures. Ce soin capillaire avanc\u00e9 combine une protection solaire SPF 30 et des actifs puissants pour revitaliser vos cheveux et pr\u00e9venir leur chute. Gr\u00e2ce \u00e0 la technologie Procapil, cette lotion renforce les racines, am\u00e9liore la sant\u00e9 du cuir chevelu et stimule la repousse. En agissant directement sur le follicule pileux, elle optimise la circulation sanguine, favorisant ainsi l&rsquo;apport d&rsquo;oxyg\u00e8ne et de nutriments essentiels.<br \/>\nEnrichie en niacinamide, cette lotion am\u00e9liore la microcirculation, ce qui permet d&rsquo;apporter un maximum de vitalit\u00e9 \u00e0 vos cheveux. Son complexe d\u2019hydratation profonde, compos\u00e9 de k\u00e9ratine hydrolys\u00e9e, d&rsquo;aloe vera et de panth\u00e9nol, nourrit intens\u00e9ment les cheveux tout en apaisant le cuir chevelu. Fini les cheveux cassants : la k\u00e9ratine renforce leur \u00e9lasticit\u00e9 et leur r\u00e9sistance, tandis que l&rsquo;aloe vera r\u00e9pare les cheveux ab\u00eem\u00e9s et apaise les irritations.<br \/>\nEn plus de son action anti-chute, la lotion NOVAHAIR offre une protection solaire SPF 30, pr\u00e9venant ainsi les dommages caus\u00e9s par les rayons UV qui fragilisent le cuir chevelu et les fibres capillaires. Vos cheveux resteront hydrat\u00e9s, brillants et parfaitement prot\u00e9g\u00e9s tout au long de la journ\u00e9e.<br \/>\nConseils d&rsquo;utilisation :<br \/>\nAppliquer sur cheveux secs ou humides, directement sur le cuir chevelu.<br \/>\nMasser doucement pour faire p\u00e9n\u00e9trer la lotion et activer la circulation sanguine.<br \/>\nUtiliser quotidiennement pour un r\u00e9sultat optimal et des cheveux plus forts et plus r\u00e9sistant<\/p>\n","protected":false},"excerpt":{"rendered":"<p>La NOVAHAIR Lotion Anti-Chute SPF 30 est la solution parfaite pour celles et ceux qui souhaitent pr\u00e9server la sant\u00e9 de<\/p>\n","protected":false},"featured_media":16427,"comment_status":"open","ping_status":"closed","template":"","meta":[],"product_brand":[285],"product_cat":[276],"product_tag":[],"class_list":{"0":"post-16315","1":"product","2":"type-product","3":"status-publish","4":"has-post-thumbnail","6":"product_brand-novahair","7":"product_cat-serums-et-huiles","9":"first","10":"instock","11":"sale","12":"shipping-taxable","13":"purchasable","14":"product-type-simple"},"yoast_head":"<!-- This site is optimized with the Yoast SEO plugin v26.6 - https:\/\/yoast.com\/wordpress\/plugins\/seo\/ -->\r\n<title>NOVAHAIR LOTION ANTI CHUTE SPF 30 HAUTE PROTECTION 125 ML - Paracherkaoui.ma<\/title>\r\n<meta name=\"robots\" content=\"index, follow, max-snippet:-1, max-image-preview:large, max-video-preview:-1\" \/>\r\n<link rel=\"canonical\" href=\"https:\/\/paracherkaoui.ma\/index.php\/produit\/novahair-lotion-anti-chute-spf-30-haute-protection-125-ml\/\" \/>\r\n<meta property=\"og:locale\" content=\"fr_FR\" \/>\r\n<meta property=\"og:type\" content=\"article\" \/>\r\n<meta property=\"og:title\" content=\"NOVAHAIR LOTION ANTI CHUTE SPF 30 HAUTE PROTECTION 125 ML - Paracherkaoui.ma\" \/>\r\n<meta property=\"og:description\" content=\"La NOVAHAIR Lotion Anti-Chute SPF 30 est la solution parfaite pour celles et ceux qui souhaitent pr\u00e9server la sant\u00e9 de\" \/>\r\n<meta property=\"og:url\" content=\"https:\/\/paracherkaoui.ma\/index.php\/produit\/novahair-lotion-anti-chute-spf-30-haute-protection-125-ml\/\" \/>\r\n<meta property=\"og:site_name\" content=\"Paracherkaoui.ma\" \/>\r\n<meta property=\"article:modified_time\" content=\"2025-12-12T16:54:32+00:00\" \/>\r\n<meta property=\"og:image\" content=\"https:\/\/paracherkaoui.ma\/wp-content\/uploads\/2025\/12\/novahair-novahair-lotion-anti-chute-spf-30-haute-protection-125-ml-serums-et-huiles.jpg\" \/>\r\n\t<meta property=\"og:image:width\" content=\"700\" \/>\r\n\t<meta property=\"og:image:height\" content=\"700\" \/>\r\n\t<meta property=\"og:image:type\" content=\"image\/jpeg\" \/>\r\n<meta name=\"twitter:card\" content=\"summary_large_image\" \/>\r\n<meta name=\"twitter:label1\" content=\"Dur\u00e9e de lecture estim\u00e9e\" \/>\n\t<meta name=\"twitter:data1\" content=\"1 minute\" \/>\r\n<script type=\"application\/ld+json\" class=\"yoast-schema-graph\">{\"@context\":\"https:\/\/schema.org\",\"@graph\":[{\"@type\":\"WebPage\",\"@id\":\"https:\/\/paracherkaoui.ma\/index.php\/produit\/novahair-lotion-anti-chute-spf-30-haute-protection-125-ml\/\",\"url\":\"https:\/\/paracherkaoui.ma\/index.php\/produit\/novahair-lotion-anti-chute-spf-30-haute-protection-125-ml\/\",\"name\":\"NOVAHAIR LOTION ANTI CHUTE SPF 30 HAUTE PROTECTION 125 ML - Paracherkaoui.ma\",\"isPartOf\":{\"@id\":\"https:\/\/paracherkaoui.ma\/#website\"},\"primaryImageOfPage\":{\"@id\":\"https:\/\/paracherkaoui.ma\/index.php\/produit\/novahair-lotion-anti-chute-spf-30-haute-protection-125-ml\/#primaryimage\"},\"image\":{\"@id\":\"https:\/\/paracherkaoui.ma\/index.php\/produit\/novahair-lotion-anti-chute-spf-30-haute-protection-125-ml\/#primaryimage\"},\"thumbnailUrl\":\"https:\/\/paracherkaoui.ma\/wp-content\/uploads\/2025\/12\/novahair-novahair-lotion-anti-chute-spf-30-haute-protection-125-ml-serums-et-huiles.jpg\",\"datePublished\":\"2025-12-12T16:54:25+00:00\",\"dateModified\":\"2025-12-12T16:54:32+00:00\",\"breadcrumb\":{\"@id\":\"https:\/\/paracherkaoui.ma\/index.php\/produit\/novahair-lotion-anti-chute-spf-30-haute-protection-125-ml\/#breadcrumb\"},\"inLanguage\":\"fr-FR\",\"potentialAction\":[{\"@type\":\"ReadAction\",\"target\":[\"https:\/\/paracherkaoui.ma\/index.php\/produit\/novahair-lotion-anti-chute-spf-30-haute-protection-125-ml\/\"]}]},{\"@type\":\"ImageObject\",\"inLanguage\":\"fr-FR\",\"@id\":\"https:\/\/paracherkaoui.ma\/index.php\/produit\/novahair-lotion-anti-chute-spf-30-haute-protection-125-ml\/#primaryimage\",\"url\":\"https:\/\/paracherkaoui.ma\/wp-content\/uploads\/2025\/12\/novahair-novahair-lotion-anti-chute-spf-30-haute-protection-125-ml-serums-et-huiles.jpg\",\"contentUrl\":\"https:\/\/paracherkaoui.ma\/wp-content\/uploads\/2025\/12\/novahair-novahair-lotion-anti-chute-spf-30-haute-protection-125-ml-serums-et-huiles.jpg\",\"width\":700,\"height\":700},{\"@type\":\"BreadcrumbList\",\"@id\":\"https:\/\/paracherkaoui.ma\/index.php\/produit\/novahair-lotion-anti-chute-spf-30-haute-protection-125-ml\/#breadcrumb\",\"itemListElement\":[{\"@type\":\"ListItem\",\"position\":1,\"name\":\"Accueil\",\"item\":\"https:\/\/paracherkaoui.ma\/\"},{\"@type\":\"ListItem\",\"position\":2,\"name\":\"Boutique\",\"item\":\"https:\/\/paracherkaoui.ma\/index.php\/boutique\/\"},{\"@type\":\"ListItem\",\"position\":3,\"name\":\"NOVAHAIR LOTION ANTI CHUTE SPF 30 HAUTE PROTECTION 125 ML\"}]},{\"@type\":\"WebSite\",\"@id\":\"https:\/\/paracherkaoui.ma\/#website\",\"url\":\"https:\/\/paracherkaoui.ma\/\",\"name\":\"Paracherkaoui.ma\",\"description\":\"Achetez en ligne sur Paracherkaoui.ma\",\"potentialAction\":[{\"@type\":\"SearchAction\",\"target\":{\"@type\":\"EntryPoint\",\"urlTemplate\":\"https:\/\/paracherkaoui.ma\/?s={search_term_string}\"},\"query-input\":{\"@type\":\"PropertyValueSpecification\",\"valueRequired\":true,\"valueName\":\"search_term_string\"}}],\"inLanguage\":\"fr-FR\"}]}<\/script>\r\n<!-- \/ Yoast SEO plugin. -->","yoast_head_json":{"title":"NOVAHAIR LOTION ANTI CHUTE SPF 30 HAUTE PROTECTION 125 ML - Paracherkaoui.ma","robots":{"index":"index","follow":"follow","max-snippet":"max-snippet:-1","max-image-preview":"max-image-preview:large","max-video-preview":"max-video-preview:-1"},"canonical":"https:\/\/paracherkaoui.ma\/index.php\/produit\/novahair-lotion-anti-chute-spf-30-haute-protection-125-ml\/","og_locale":"fr_FR","og_type":"article","og_title":"NOVAHAIR LOTION ANTI CHUTE SPF 30 HAUTE PROTECTION 125 ML - Paracherkaoui.ma","og_description":"La NOVAHAIR Lotion Anti-Chute SPF 30 est la solution parfaite pour celles et ceux qui souhaitent pr\u00e9server la sant\u00e9 de","og_url":"https:\/\/paracherkaoui.ma\/index.php\/produit\/novahair-lotion-anti-chute-spf-30-haute-protection-125-ml\/","og_site_name":"Paracherkaoui.ma","article_modified_time":"2025-12-12T16:54:32+00:00","og_image":[{"width":700,"height":700,"url":"https:\/\/paracherkaoui.ma\/wp-content\/uploads\/2025\/12\/novahair-novahair-lotion-anti-chute-spf-30-haute-protection-125-ml-serums-et-huiles.jpg","type":"image\/jpeg"}],"twitter_card":"summary_large_image","twitter_misc":{"Dur\u00e9e de lecture estim\u00e9e":"1 minute"},"schema":{"@context":"https:\/\/schema.org","@graph":[{"@type":"WebPage","@id":"https:\/\/paracherkaoui.ma\/index.php\/produit\/novahair-lotion-anti-chute-spf-30-haute-protection-125-ml\/","url":"https:\/\/paracherkaoui.ma\/index.php\/produit\/novahair-lotion-anti-chute-spf-30-haute-protection-125-ml\/","name":"NOVAHAIR LOTION ANTI CHUTE SPF 30 HAUTE PROTECTION 125 ML - Paracherkaoui.ma","isPartOf":{"@id":"https:\/\/paracherkaoui.ma\/#website"},"primaryImageOfPage":{"@id":"https:\/\/paracherkaoui.ma\/index.php\/produit\/novahair-lotion-anti-chute-spf-30-haute-protection-125-ml\/#primaryimage"},"image":{"@id":"https:\/\/paracherkaoui.ma\/index.php\/produit\/novahair-lotion-anti-chute-spf-30-haute-protection-125-ml\/#primaryimage"},"thumbnailUrl":"https:\/\/paracherkaoui.ma\/wp-content\/uploads\/2025\/12\/novahair-novahair-lotion-anti-chute-spf-30-haute-protection-125-ml-serums-et-huiles.jpg","datePublished":"2025-12-12T16:54:25+00:00","dateModified":"2025-12-12T16:54:32+00:00","breadcrumb":{"@id":"https:\/\/paracherkaoui.ma\/index.php\/produit\/novahair-lotion-anti-chute-spf-30-haute-protection-125-ml\/#breadcrumb"},"inLanguage":"fr-FR","potentialAction":[{"@type":"ReadAction","target":["https:\/\/paracherkaoui.ma\/index.php\/produit\/novahair-lotion-anti-chute-spf-30-haute-protection-125-ml\/"]}]},{"@type":"ImageObject","inLanguage":"fr-FR","@id":"https:\/\/paracherkaoui.ma\/index.php\/produit\/novahair-lotion-anti-chute-spf-30-haute-protection-125-ml\/#primaryimage","url":"https:\/\/paracherkaoui.ma\/wp-content\/uploads\/2025\/12\/novahair-novahair-lotion-anti-chute-spf-30-haute-protection-125-ml-serums-et-huiles.jpg","contentUrl":"https:\/\/paracherkaoui.ma\/wp-content\/uploads\/2025\/12\/novahair-novahair-lotion-anti-chute-spf-30-haute-protection-125-ml-serums-et-huiles.jpg","width":700,"height":700},{"@type":"BreadcrumbList","@id":"https:\/\/paracherkaoui.ma\/index.php\/produit\/novahair-lotion-anti-chute-spf-30-haute-protection-125-ml\/#breadcrumb","itemListElement":[{"@type":"ListItem","position":1,"name":"Accueil","item":"https:\/\/paracherkaoui.ma\/"},{"@type":"ListItem","position":2,"name":"Boutique","item":"https:\/\/paracherkaoui.ma\/index.php\/boutique\/"},{"@type":"ListItem","position":3,"name":"NOVAHAIR LOTION ANTI CHUTE SPF 30 HAUTE PROTECTION 125 ML"}]},{"@type":"WebSite","@id":"https:\/\/paracherkaoui.ma\/#website","url":"https:\/\/paracherkaoui.ma\/","name":"Paracherkaoui.ma","description":"Achetez en ligne sur Paracherkaoui.ma","potentialAction":[{"@type":"SearchAction","target":{"@type":"EntryPoint","urlTemplate":"https:\/\/paracherkaoui.ma\/?s={search_term_string}"},"query-input":{"@type":"PropertyValueSpecification","valueRequired":true,"valueName":"search_term_string"}}],"inLanguage":"fr-FR"}]}},"_links":{"self":[{"href":"https:\/\/paracherkaoui.ma\/index.php\/wp-json\/wp\/v2\/product\/16315","targetHints":{"allow":["GET"]}}],"collection":[{"href":"https:\/\/paracherkaoui.ma\/index.php\/wp-json\/wp\/v2\/product"}],"about":[{"href":"https:\/\/paracherkaoui.ma\/index.php\/wp-json\/wp\/v2\/types\/product"}],"replies":[{"embeddable":true,"href":"https:\/\/paracherkaoui.ma\/index.php\/wp-json\/wp\/v2\/comments?post=16315"}],"version-history":[{"count":1,"href":"https:\/\/paracherkaoui.ma\/index.php\/wp-json\/wp\/v2\/product\/16315\/revisions"}],"predecessor-version":[{"id":16429,"href":"https:\/\/paracherkaoui.ma\/index.php\/wp-json\/wp\/v2\/product\/16315\/revisions\/16429"}],"wp:featuredmedia":[{"embeddable":true,"href":"https:\/\/paracherkaoui.ma\/index.php\/wp-json\/wp\/v2\/media\/16427"}],"wp:attachment":[{"href":"https:\/\/paracherkaoui.ma\/index.php\/wp-json\/wp\/v2\/media?parent=16315"}],"wp:term":[{"taxonomy":"product_brand","embeddable":true,"href":"https:\/\/paracherkaoui.ma\/index.php\/wp-json\/wp\/v2\/product_brand?post=16315"},{"taxonomy":"product_cat","embeddable":true,"href":"https:\/\/paracherkaoui.ma\/index.php\/wp-json\/wp\/v2\/product_cat?post=16315"},{"taxonomy":"product_tag","embeddable":true,"href":"https:\/\/paracherkaoui.ma\/index.php\/wp-json\/wp\/v2\/product_tag?post=16315"}],"curies":[{"name":"wp","href":"https:\/\/api.w.org\/{rel}","templated":true}]}}