{"id":16228,"date":"2025-12-12T17:54:22","date_gmt":"2025-12-12T16:54:22","guid":{"rendered":"https:\/\/test.ecbeaute.com\/?post_type=product&#038;p=16228"},"modified":"2025-12-12T17:54:26","modified_gmt":"2025-12-12T16:54:26","slug":"luxeol-serum-reparateur-75ml","status":"publish","type":"product","link":"https:\/\/paracherkaoui.ma\/index.php\/produit\/luxeol-serum-reparateur-75ml\/","title":{"rendered":"LUXEOL SERUM REPARATEUR 75ML"},"content":{"rendered":"<p>LUXEOL est une marque fran\u00e7aise qui d\u00e9veloppe des compl\u00e9ments alimentaires et produits cosm\u00e9tiques \u00e0 base de plantes, vitamines, et min\u00e9raux fabriqu\u00e9s selon la conformit\u00e9 de la r\u00e8glementation europ\u00e9enne, pour r\u00e9pondre aux besoins du quotidien pour tous.<br \/>\nLe S\u00e9rum R\u00e9parateur va r\u00e9parer le cheveu au c\u0153ur de la fibre capillaire, hydrater intens\u00e9ment les cheveux de la racine jusqu\u2019\u00e0 la pointe. Apr\u00e8s le soin, les cheveux sont souples, doux et plein de vitalit\u00e9, les pointes fourches sont r\u00e9par\u00e9es et \u00e9clatantes. Pratique le s\u00e9rum r\u00e9parateur ne n\u00e9cessite pas de rin\u00e7age ! Test\u00e9 sous contr\u00f4le dermatologique<\/p>\n","protected":false},"excerpt":{"rendered":"<p>LUXEOL est une marque fran\u00e7aise qui d\u00e9veloppe des compl\u00e9ments alimentaires et produits cosm\u00e9tiques \u00e0 base de plantes, vitamines, et min\u00e9raux<\/p>\n","protected":false},"featured_media":16322,"comment_status":"open","ping_status":"closed","template":"","meta":[],"product_brand":[146],"product_cat":[276],"product_tag":[],"class_list":{"0":"post-16228","1":"product","2":"type-product","3":"status-publish","4":"has-post-thumbnail","6":"product_brand-luxeol","7":"product_cat-serums-et-huiles","9":"first","10":"instock","11":"sale","12":"shipping-taxable","13":"purchasable","14":"product-type-simple"},"yoast_head":"<!-- This site is optimized with the Yoast SEO plugin v26.6 - https:\/\/yoast.com\/wordpress\/plugins\/seo\/ -->\r\n<title>LUXEOL SERUM REPARATEUR 75ML - Paracherkaoui.ma<\/title>\r\n<meta name=\"robots\" content=\"index, follow, max-snippet:-1, max-image-preview:large, max-video-preview:-1\" \/>\r\n<link rel=\"canonical\" href=\"https:\/\/paracherkaoui.ma\/index.php\/produit\/luxeol-serum-reparateur-75ml\/\" \/>\r\n<meta property=\"og:locale\" content=\"fr_FR\" \/>\r\n<meta property=\"og:type\" content=\"article\" \/>\r\n<meta property=\"og:title\" content=\"LUXEOL SERUM REPARATEUR 75ML - Paracherkaoui.ma\" \/>\r\n<meta property=\"og:description\" content=\"LUXEOL est une marque fran\u00e7aise qui d\u00e9veloppe des compl\u00e9ments alimentaires et produits cosm\u00e9tiques \u00e0 base de plantes, vitamines, et min\u00e9raux\" \/>\r\n<meta property=\"og:url\" content=\"https:\/\/paracherkaoui.ma\/index.php\/produit\/luxeol-serum-reparateur-75ml\/\" \/>\r\n<meta property=\"og:site_name\" content=\"Paracherkaoui.ma\" \/>\r\n<meta property=\"article:modified_time\" content=\"2025-12-12T16:54:26+00:00\" \/>\r\n<meta property=\"og:image\" content=\"https:\/\/paracherkaoui.ma\/wp-content\/uploads\/2025\/12\/luxeol-luxeol-serum-reparateur-75ml-serum-et-huiles.jpg\" \/>\r\n\t<meta property=\"og:image:width\" content=\"700\" \/>\r\n\t<meta property=\"og:image:height\" content=\"700\" \/>\r\n\t<meta property=\"og:image:type\" content=\"image\/jpeg\" \/>\r\n<meta name=\"twitter:card\" content=\"summary_large_image\" \/>\r\n<meta name=\"twitter:label1\" content=\"Dur\u00e9e de lecture estim\u00e9e\" \/>\n\t<meta name=\"twitter:data1\" content=\"1 minute\" \/>\r\n<script type=\"application\/ld+json\" class=\"yoast-schema-graph\">{\"@context\":\"https:\/\/schema.org\",\"@graph\":[{\"@type\":\"WebPage\",\"@id\":\"https:\/\/paracherkaoui.ma\/index.php\/produit\/luxeol-serum-reparateur-75ml\/\",\"url\":\"https:\/\/paracherkaoui.ma\/index.php\/produit\/luxeol-serum-reparateur-75ml\/\",\"name\":\"LUXEOL SERUM REPARATEUR 75ML - Paracherkaoui.ma\",\"isPartOf\":{\"@id\":\"https:\/\/paracherkaoui.ma\/#website\"},\"primaryImageOfPage\":{\"@id\":\"https:\/\/paracherkaoui.ma\/index.php\/produit\/luxeol-serum-reparateur-75ml\/#primaryimage\"},\"image\":{\"@id\":\"https:\/\/paracherkaoui.ma\/index.php\/produit\/luxeol-serum-reparateur-75ml\/#primaryimage\"},\"thumbnailUrl\":\"https:\/\/paracherkaoui.ma\/wp-content\/uploads\/2025\/12\/luxeol-luxeol-serum-reparateur-75ml-serum-et-huiles.jpg\",\"datePublished\":\"2025-12-12T16:54:22+00:00\",\"dateModified\":\"2025-12-12T16:54:26+00:00\",\"breadcrumb\":{\"@id\":\"https:\/\/paracherkaoui.ma\/index.php\/produit\/luxeol-serum-reparateur-75ml\/#breadcrumb\"},\"inLanguage\":\"fr-FR\",\"potentialAction\":[{\"@type\":\"ReadAction\",\"target\":[\"https:\/\/paracherkaoui.ma\/index.php\/produit\/luxeol-serum-reparateur-75ml\/\"]}]},{\"@type\":\"ImageObject\",\"inLanguage\":\"fr-FR\",\"@id\":\"https:\/\/paracherkaoui.ma\/index.php\/produit\/luxeol-serum-reparateur-75ml\/#primaryimage\",\"url\":\"https:\/\/paracherkaoui.ma\/wp-content\/uploads\/2025\/12\/luxeol-luxeol-serum-reparateur-75ml-serum-et-huiles.jpg\",\"contentUrl\":\"https:\/\/paracherkaoui.ma\/wp-content\/uploads\/2025\/12\/luxeol-luxeol-serum-reparateur-75ml-serum-et-huiles.jpg\",\"width\":700,\"height\":700},{\"@type\":\"BreadcrumbList\",\"@id\":\"https:\/\/paracherkaoui.ma\/index.php\/produit\/luxeol-serum-reparateur-75ml\/#breadcrumb\",\"itemListElement\":[{\"@type\":\"ListItem\",\"position\":1,\"name\":\"Accueil\",\"item\":\"https:\/\/paracherkaoui.ma\/\"},{\"@type\":\"ListItem\",\"position\":2,\"name\":\"Boutique\",\"item\":\"https:\/\/paracherkaoui.ma\/index.php\/boutique\/\"},{\"@type\":\"ListItem\",\"position\":3,\"name\":\"LUXEOL SERUM REPARATEUR 75ML\"}]},{\"@type\":\"WebSite\",\"@id\":\"https:\/\/paracherkaoui.ma\/#website\",\"url\":\"https:\/\/paracherkaoui.ma\/\",\"name\":\"Paracherkaoui.ma\",\"description\":\"Achetez en ligne sur Paracherkaoui.ma\",\"potentialAction\":[{\"@type\":\"SearchAction\",\"target\":{\"@type\":\"EntryPoint\",\"urlTemplate\":\"https:\/\/paracherkaoui.ma\/?s={search_term_string}\"},\"query-input\":{\"@type\":\"PropertyValueSpecification\",\"valueRequired\":true,\"valueName\":\"search_term_string\"}}],\"inLanguage\":\"fr-FR\"}]}<\/script>\r\n<!-- \/ Yoast SEO plugin. -->","yoast_head_json":{"title":"LUXEOL SERUM REPARATEUR 75ML - Paracherkaoui.ma","robots":{"index":"index","follow":"follow","max-snippet":"max-snippet:-1","max-image-preview":"max-image-preview:large","max-video-preview":"max-video-preview:-1"},"canonical":"https:\/\/paracherkaoui.ma\/index.php\/produit\/luxeol-serum-reparateur-75ml\/","og_locale":"fr_FR","og_type":"article","og_title":"LUXEOL SERUM REPARATEUR 75ML - Paracherkaoui.ma","og_description":"LUXEOL est une marque fran\u00e7aise qui d\u00e9veloppe des compl\u00e9ments alimentaires et produits cosm\u00e9tiques \u00e0 base de plantes, vitamines, et min\u00e9raux","og_url":"https:\/\/paracherkaoui.ma\/index.php\/produit\/luxeol-serum-reparateur-75ml\/","og_site_name":"Paracherkaoui.ma","article_modified_time":"2025-12-12T16:54:26+00:00","og_image":[{"width":700,"height":700,"url":"https:\/\/paracherkaoui.ma\/wp-content\/uploads\/2025\/12\/luxeol-luxeol-serum-reparateur-75ml-serum-et-huiles.jpg","type":"image\/jpeg"}],"twitter_card":"summary_large_image","twitter_misc":{"Dur\u00e9e de lecture estim\u00e9e":"1 minute"},"schema":{"@context":"https:\/\/schema.org","@graph":[{"@type":"WebPage","@id":"https:\/\/paracherkaoui.ma\/index.php\/produit\/luxeol-serum-reparateur-75ml\/","url":"https:\/\/paracherkaoui.ma\/index.php\/produit\/luxeol-serum-reparateur-75ml\/","name":"LUXEOL SERUM REPARATEUR 75ML - Paracherkaoui.ma","isPartOf":{"@id":"https:\/\/paracherkaoui.ma\/#website"},"primaryImageOfPage":{"@id":"https:\/\/paracherkaoui.ma\/index.php\/produit\/luxeol-serum-reparateur-75ml\/#primaryimage"},"image":{"@id":"https:\/\/paracherkaoui.ma\/index.php\/produit\/luxeol-serum-reparateur-75ml\/#primaryimage"},"thumbnailUrl":"https:\/\/paracherkaoui.ma\/wp-content\/uploads\/2025\/12\/luxeol-luxeol-serum-reparateur-75ml-serum-et-huiles.jpg","datePublished":"2025-12-12T16:54:22+00:00","dateModified":"2025-12-12T16:54:26+00:00","breadcrumb":{"@id":"https:\/\/paracherkaoui.ma\/index.php\/produit\/luxeol-serum-reparateur-75ml\/#breadcrumb"},"inLanguage":"fr-FR","potentialAction":[{"@type":"ReadAction","target":["https:\/\/paracherkaoui.ma\/index.php\/produit\/luxeol-serum-reparateur-75ml\/"]}]},{"@type":"ImageObject","inLanguage":"fr-FR","@id":"https:\/\/paracherkaoui.ma\/index.php\/produit\/luxeol-serum-reparateur-75ml\/#primaryimage","url":"https:\/\/paracherkaoui.ma\/wp-content\/uploads\/2025\/12\/luxeol-luxeol-serum-reparateur-75ml-serum-et-huiles.jpg","contentUrl":"https:\/\/paracherkaoui.ma\/wp-content\/uploads\/2025\/12\/luxeol-luxeol-serum-reparateur-75ml-serum-et-huiles.jpg","width":700,"height":700},{"@type":"BreadcrumbList","@id":"https:\/\/paracherkaoui.ma\/index.php\/produit\/luxeol-serum-reparateur-75ml\/#breadcrumb","itemListElement":[{"@type":"ListItem","position":1,"name":"Accueil","item":"https:\/\/paracherkaoui.ma\/"},{"@type":"ListItem","position":2,"name":"Boutique","item":"https:\/\/paracherkaoui.ma\/index.php\/boutique\/"},{"@type":"ListItem","position":3,"name":"LUXEOL SERUM REPARATEUR 75ML"}]},{"@type":"WebSite","@id":"https:\/\/paracherkaoui.ma\/#website","url":"https:\/\/paracherkaoui.ma\/","name":"Paracherkaoui.ma","description":"Achetez en ligne sur Paracherkaoui.ma","potentialAction":[{"@type":"SearchAction","target":{"@type":"EntryPoint","urlTemplate":"https:\/\/paracherkaoui.ma\/?s={search_term_string}"},"query-input":{"@type":"PropertyValueSpecification","valueRequired":true,"valueName":"search_term_string"}}],"inLanguage":"fr-FR"}]}},"_links":{"self":[{"href":"https:\/\/paracherkaoui.ma\/index.php\/wp-json\/wp\/v2\/product\/16228","targetHints":{"allow":["GET"]}}],"collection":[{"href":"https:\/\/paracherkaoui.ma\/index.php\/wp-json\/wp\/v2\/product"}],"about":[{"href":"https:\/\/paracherkaoui.ma\/index.php\/wp-json\/wp\/v2\/types\/product"}],"replies":[{"embeddable":true,"href":"https:\/\/paracherkaoui.ma\/index.php\/wp-json\/wp\/v2\/comments?post=16228"}],"version-history":[{"count":1,"href":"https:\/\/paracherkaoui.ma\/index.php\/wp-json\/wp\/v2\/product\/16228\/revisions"}],"predecessor-version":[{"id":16324,"href":"https:\/\/paracherkaoui.ma\/index.php\/wp-json\/wp\/v2\/product\/16228\/revisions\/16324"}],"wp:featuredmedia":[{"embeddable":true,"href":"https:\/\/paracherkaoui.ma\/index.php\/wp-json\/wp\/v2\/media\/16322"}],"wp:attachment":[{"href":"https:\/\/paracherkaoui.ma\/index.php\/wp-json\/wp\/v2\/media?parent=16228"}],"wp:term":[{"taxonomy":"product_brand","embeddable":true,"href":"https:\/\/paracherkaoui.ma\/index.php\/wp-json\/wp\/v2\/product_brand?post=16228"},{"taxonomy":"product_cat","embeddable":true,"href":"https:\/\/paracherkaoui.ma\/index.php\/wp-json\/wp\/v2\/product_cat?post=16228"},{"taxonomy":"product_tag","embeddable":true,"href":"https:\/\/paracherkaoui.ma\/index.php\/wp-json\/wp\/v2\/product_tag?post=16228"}],"curies":[{"name":"wp","href":"https:\/\/api.w.org\/{rel}","templated":true}]}}