{"id":16050,"date":"2025-12-12T17:54:04","date_gmt":"2025-12-12T16:54:04","guid":{"rendered":"https:\/\/test.ecbeaute.com\/?post_type=product&#038;p=16050"},"modified":"2025-12-12T17:54:06","modified_gmt":"2025-12-12T16:54:06","slug":"phytomillesime-color-locker-pre-shampooing-flacon-pompe-100-ml","status":"publish","type":"product","link":"https:\/\/paracherkaoui.ma\/index.php\/produit\/phytomillesime-color-locker-pre-shampooing-flacon-pompe-100-ml\/","title":{"rendered":"PHYTOMILLESIME COLOR LOCKER PR\u00c9-SHAMPOOING FLACON POMPE 100 ML"},"content":{"rendered":"<p>Juste apr\u00e8s la coloration, votre couleur n\u2019a jamais \u00e9t\u00e9 aussi brillante et intense, vous l\u2019adorez! Mais, d\u00e8s le premier shampooing, elle d\u00e9gorge et s\u2019en va dans les eaux de lavage. Le Color Locker agit avant le shampooing pour fixer les pigments au c\u0153ur de la fibre. D\u2019origine v\u00e9g\u00e9tale, le complexe Color locker forme une barri\u00e8re protectrice pour emprisonner les pigments et les emp\u00eacher de fuir dans les eaux de lavage. Parfaitement prot\u00e9g\u00e9e \u00e0 chaque shampooing, la couleur est pr\u00e9serv\u00e9e et sa tenue prolong\u00e9e.<\/p>\n","protected":false},"excerpt":{"rendered":"<p>Juste apr\u00e8s la coloration, votre couleur n\u2019a jamais \u00e9t\u00e9 aussi brillante et intense, vous l\u2019adorez! Mais, d\u00e8s le premier shampooing,<\/p>\n","protected":false},"featured_media":16082,"comment_status":"open","ping_status":"closed","template":"","meta":[],"product_brand":[269],"product_cat":[183],"product_tag":[],"class_list":{"0":"post-16050","1":"product","2":"type-product","3":"status-publish","4":"has-post-thumbnail","6":"product_brand-phyto-systeme","7":"product_cat-masques-et-cremes","9":"first","10":"instock","11":"shipping-taxable","12":"purchasable","13":"product-type-simple"},"yoast_head":"<!-- This site is optimized with the Yoast SEO plugin v26.6 - https:\/\/yoast.com\/wordpress\/plugins\/seo\/ -->\r\n<title>PHYTOMILLESIME COLOR LOCKER PR\u00c9-SHAMPOOING FLACON POMPE 100 ML - Paracherkaoui.ma<\/title>\r\n<meta name=\"robots\" content=\"index, follow, max-snippet:-1, max-image-preview:large, max-video-preview:-1\" \/>\r\n<link rel=\"canonical\" href=\"https:\/\/paracherkaoui.ma\/index.php\/produit\/phytomillesime-color-locker-pre-shampooing-flacon-pompe-100-ml\/\" \/>\r\n<meta property=\"og:locale\" content=\"fr_FR\" \/>\r\n<meta property=\"og:type\" content=\"article\" \/>\r\n<meta property=\"og:title\" content=\"PHYTOMILLESIME COLOR LOCKER PR\u00c9-SHAMPOOING FLACON POMPE 100 ML - Paracherkaoui.ma\" \/>\r\n<meta property=\"og:description\" content=\"Juste apr\u00e8s la coloration, votre couleur n\u2019a jamais \u00e9t\u00e9 aussi brillante et intense, vous l\u2019adorez! Mais, d\u00e8s le premier shampooing,\" \/>\r\n<meta property=\"og:url\" content=\"https:\/\/paracherkaoui.ma\/index.php\/produit\/phytomillesime-color-locker-pre-shampooing-flacon-pompe-100-ml\/\" \/>\r\n<meta property=\"og:site_name\" content=\"Paracherkaoui.ma\" \/>\r\n<meta property=\"article:modified_time\" content=\"2025-12-12T16:54:06+00:00\" \/>\r\n<meta property=\"og:image\" content=\"https:\/\/paracherkaoui.ma\/wp-content\/uploads\/2025\/12\/phyto-phytomillesime-color-locker-pre-shampooing-flacon-pompe-100-ml-masque-et-cremes-reparateurs.jpg\" \/>\r\n\t<meta property=\"og:image:width\" content=\"700\" \/>\r\n\t<meta property=\"og:image:height\" content=\"700\" \/>\r\n\t<meta property=\"og:image:type\" content=\"image\/jpeg\" \/>\r\n<meta name=\"twitter:card\" content=\"summary_large_image\" \/>\r\n<script type=\"application\/ld+json\" class=\"yoast-schema-graph\">{\"@context\":\"https:\/\/schema.org\",\"@graph\":[{\"@type\":\"WebPage\",\"@id\":\"https:\/\/paracherkaoui.ma\/index.php\/produit\/phytomillesime-color-locker-pre-shampooing-flacon-pompe-100-ml\/\",\"url\":\"https:\/\/paracherkaoui.ma\/index.php\/produit\/phytomillesime-color-locker-pre-shampooing-flacon-pompe-100-ml\/\",\"name\":\"PHYTOMILLESIME COLOR LOCKER PR\u00c9-SHAMPOOING FLACON POMPE 100 ML - Paracherkaoui.ma\",\"isPartOf\":{\"@id\":\"https:\/\/paracherkaoui.ma\/#website\"},\"primaryImageOfPage\":{\"@id\":\"https:\/\/paracherkaoui.ma\/index.php\/produit\/phytomillesime-color-locker-pre-shampooing-flacon-pompe-100-ml\/#primaryimage\"},\"image\":{\"@id\":\"https:\/\/paracherkaoui.ma\/index.php\/produit\/phytomillesime-color-locker-pre-shampooing-flacon-pompe-100-ml\/#primaryimage\"},\"thumbnailUrl\":\"https:\/\/paracherkaoui.ma\/wp-content\/uploads\/2025\/12\/phyto-phytomillesime-color-locker-pre-shampooing-flacon-pompe-100-ml-masque-et-cremes-reparateurs.jpg\",\"datePublished\":\"2025-12-12T16:54:04+00:00\",\"dateModified\":\"2025-12-12T16:54:06+00:00\",\"breadcrumb\":{\"@id\":\"https:\/\/paracherkaoui.ma\/index.php\/produit\/phytomillesime-color-locker-pre-shampooing-flacon-pompe-100-ml\/#breadcrumb\"},\"inLanguage\":\"fr-FR\",\"potentialAction\":[{\"@type\":\"ReadAction\",\"target\":[\"https:\/\/paracherkaoui.ma\/index.php\/produit\/phytomillesime-color-locker-pre-shampooing-flacon-pompe-100-ml\/\"]}]},{\"@type\":\"ImageObject\",\"inLanguage\":\"fr-FR\",\"@id\":\"https:\/\/paracherkaoui.ma\/index.php\/produit\/phytomillesime-color-locker-pre-shampooing-flacon-pompe-100-ml\/#primaryimage\",\"url\":\"https:\/\/paracherkaoui.ma\/wp-content\/uploads\/2025\/12\/phyto-phytomillesime-color-locker-pre-shampooing-flacon-pompe-100-ml-masque-et-cremes-reparateurs.jpg\",\"contentUrl\":\"https:\/\/paracherkaoui.ma\/wp-content\/uploads\/2025\/12\/phyto-phytomillesime-color-locker-pre-shampooing-flacon-pompe-100-ml-masque-et-cremes-reparateurs.jpg\",\"width\":700,\"height\":700},{\"@type\":\"BreadcrumbList\",\"@id\":\"https:\/\/paracherkaoui.ma\/index.php\/produit\/phytomillesime-color-locker-pre-shampooing-flacon-pompe-100-ml\/#breadcrumb\",\"itemListElement\":[{\"@type\":\"ListItem\",\"position\":1,\"name\":\"Accueil\",\"item\":\"https:\/\/paracherkaoui.ma\/\"},{\"@type\":\"ListItem\",\"position\":2,\"name\":\"Boutique\",\"item\":\"https:\/\/paracherkaoui.ma\/index.php\/boutique\/\"},{\"@type\":\"ListItem\",\"position\":3,\"name\":\"PHYTOMILLESIME COLOR LOCKER PR\u00c9-SHAMPOOING FLACON POMPE 100 ML\"}]},{\"@type\":\"WebSite\",\"@id\":\"https:\/\/paracherkaoui.ma\/#website\",\"url\":\"https:\/\/paracherkaoui.ma\/\",\"name\":\"Paracherkaoui.ma\",\"description\":\"Achetez en ligne sur Paracherkaoui.ma\",\"potentialAction\":[{\"@type\":\"SearchAction\",\"target\":{\"@type\":\"EntryPoint\",\"urlTemplate\":\"https:\/\/paracherkaoui.ma\/?s={search_term_string}\"},\"query-input\":{\"@type\":\"PropertyValueSpecification\",\"valueRequired\":true,\"valueName\":\"search_term_string\"}}],\"inLanguage\":\"fr-FR\"}]}<\/script>\r\n<!-- \/ Yoast SEO plugin. -->","yoast_head_json":{"title":"PHYTOMILLESIME COLOR LOCKER PR\u00c9-SHAMPOOING FLACON POMPE 100 ML - Paracherkaoui.ma","robots":{"index":"index","follow":"follow","max-snippet":"max-snippet:-1","max-image-preview":"max-image-preview:large","max-video-preview":"max-video-preview:-1"},"canonical":"https:\/\/paracherkaoui.ma\/index.php\/produit\/phytomillesime-color-locker-pre-shampooing-flacon-pompe-100-ml\/","og_locale":"fr_FR","og_type":"article","og_title":"PHYTOMILLESIME COLOR LOCKER PR\u00c9-SHAMPOOING FLACON POMPE 100 ML - Paracherkaoui.ma","og_description":"Juste apr\u00e8s la coloration, votre couleur n\u2019a jamais \u00e9t\u00e9 aussi brillante et intense, vous l\u2019adorez! Mais, d\u00e8s le premier shampooing,","og_url":"https:\/\/paracherkaoui.ma\/index.php\/produit\/phytomillesime-color-locker-pre-shampooing-flacon-pompe-100-ml\/","og_site_name":"Paracherkaoui.ma","article_modified_time":"2025-12-12T16:54:06+00:00","og_image":[{"width":700,"height":700,"url":"https:\/\/paracherkaoui.ma\/wp-content\/uploads\/2025\/12\/phyto-phytomillesime-color-locker-pre-shampooing-flacon-pompe-100-ml-masque-et-cremes-reparateurs.jpg","type":"image\/jpeg"}],"twitter_card":"summary_large_image","schema":{"@context":"https:\/\/schema.org","@graph":[{"@type":"WebPage","@id":"https:\/\/paracherkaoui.ma\/index.php\/produit\/phytomillesime-color-locker-pre-shampooing-flacon-pompe-100-ml\/","url":"https:\/\/paracherkaoui.ma\/index.php\/produit\/phytomillesime-color-locker-pre-shampooing-flacon-pompe-100-ml\/","name":"PHYTOMILLESIME COLOR LOCKER PR\u00c9-SHAMPOOING FLACON POMPE 100 ML - Paracherkaoui.ma","isPartOf":{"@id":"https:\/\/paracherkaoui.ma\/#website"},"primaryImageOfPage":{"@id":"https:\/\/paracherkaoui.ma\/index.php\/produit\/phytomillesime-color-locker-pre-shampooing-flacon-pompe-100-ml\/#primaryimage"},"image":{"@id":"https:\/\/paracherkaoui.ma\/index.php\/produit\/phytomillesime-color-locker-pre-shampooing-flacon-pompe-100-ml\/#primaryimage"},"thumbnailUrl":"https:\/\/paracherkaoui.ma\/wp-content\/uploads\/2025\/12\/phyto-phytomillesime-color-locker-pre-shampooing-flacon-pompe-100-ml-masque-et-cremes-reparateurs.jpg","datePublished":"2025-12-12T16:54:04+00:00","dateModified":"2025-12-12T16:54:06+00:00","breadcrumb":{"@id":"https:\/\/paracherkaoui.ma\/index.php\/produit\/phytomillesime-color-locker-pre-shampooing-flacon-pompe-100-ml\/#breadcrumb"},"inLanguage":"fr-FR","potentialAction":[{"@type":"ReadAction","target":["https:\/\/paracherkaoui.ma\/index.php\/produit\/phytomillesime-color-locker-pre-shampooing-flacon-pompe-100-ml\/"]}]},{"@type":"ImageObject","inLanguage":"fr-FR","@id":"https:\/\/paracherkaoui.ma\/index.php\/produit\/phytomillesime-color-locker-pre-shampooing-flacon-pompe-100-ml\/#primaryimage","url":"https:\/\/paracherkaoui.ma\/wp-content\/uploads\/2025\/12\/phyto-phytomillesime-color-locker-pre-shampooing-flacon-pompe-100-ml-masque-et-cremes-reparateurs.jpg","contentUrl":"https:\/\/paracherkaoui.ma\/wp-content\/uploads\/2025\/12\/phyto-phytomillesime-color-locker-pre-shampooing-flacon-pompe-100-ml-masque-et-cremes-reparateurs.jpg","width":700,"height":700},{"@type":"BreadcrumbList","@id":"https:\/\/paracherkaoui.ma\/index.php\/produit\/phytomillesime-color-locker-pre-shampooing-flacon-pompe-100-ml\/#breadcrumb","itemListElement":[{"@type":"ListItem","position":1,"name":"Accueil","item":"https:\/\/paracherkaoui.ma\/"},{"@type":"ListItem","position":2,"name":"Boutique","item":"https:\/\/paracherkaoui.ma\/index.php\/boutique\/"},{"@type":"ListItem","position":3,"name":"PHYTOMILLESIME COLOR LOCKER PR\u00c9-SHAMPOOING FLACON POMPE 100 ML"}]},{"@type":"WebSite","@id":"https:\/\/paracherkaoui.ma\/#website","url":"https:\/\/paracherkaoui.ma\/","name":"Paracherkaoui.ma","description":"Achetez en ligne sur Paracherkaoui.ma","potentialAction":[{"@type":"SearchAction","target":{"@type":"EntryPoint","urlTemplate":"https:\/\/paracherkaoui.ma\/?s={search_term_string}"},"query-input":{"@type":"PropertyValueSpecification","valueRequired":true,"valueName":"search_term_string"}}],"inLanguage":"fr-FR"}]}},"_links":{"self":[{"href":"https:\/\/paracherkaoui.ma\/index.php\/wp-json\/wp\/v2\/product\/16050","targetHints":{"allow":["GET"]}}],"collection":[{"href":"https:\/\/paracherkaoui.ma\/index.php\/wp-json\/wp\/v2\/product"}],"about":[{"href":"https:\/\/paracherkaoui.ma\/index.php\/wp-json\/wp\/v2\/types\/product"}],"replies":[{"embeddable":true,"href":"https:\/\/paracherkaoui.ma\/index.php\/wp-json\/wp\/v2\/comments?post=16050"}],"version-history":[{"count":1,"href":"https:\/\/paracherkaoui.ma\/index.php\/wp-json\/wp\/v2\/product\/16050\/revisions"}],"predecessor-version":[{"id":16083,"href":"https:\/\/paracherkaoui.ma\/index.php\/wp-json\/wp\/v2\/product\/16050\/revisions\/16083"}],"wp:featuredmedia":[{"embeddable":true,"href":"https:\/\/paracherkaoui.ma\/index.php\/wp-json\/wp\/v2\/media\/16082"}],"wp:attachment":[{"href":"https:\/\/paracherkaoui.ma\/index.php\/wp-json\/wp\/v2\/media?parent=16050"}],"wp:term":[{"taxonomy":"product_brand","embeddable":true,"href":"https:\/\/paracherkaoui.ma\/index.php\/wp-json\/wp\/v2\/product_brand?post=16050"},{"taxonomy":"product_cat","embeddable":true,"href":"https:\/\/paracherkaoui.ma\/index.php\/wp-json\/wp\/v2\/product_cat?post=16050"},{"taxonomy":"product_tag","embeddable":true,"href":"https:\/\/paracherkaoui.ma\/index.php\/wp-json\/wp\/v2\/product_tag?post=16050"}],"curies":[{"name":"wp","href":"https:\/\/api.w.org\/{rel}","templated":true}]}}