{"id":16001,"date":"2025-12-12T17:54:01","date_gmt":"2025-12-12T16:54:01","guid":{"rendered":"https:\/\/test.ecbeaute.com\/?post_type=product&#038;p=16001"},"modified":"2025-12-12T17:54:02","modified_gmt":"2025-12-12T16:54:02","slug":"k18-masque-capillaire-4-minutes-15-ml-2","status":"publish","type":"product","link":"https:\/\/paracherkaoui.ma\/index.php\/produit\/k18-masque-capillaire-4-minutes-15-ml-2\/","title":{"rendered":"K18 MASQUE CAPILLAIRE 4 MINUTES 15 ML"},"content":{"rendered":"<p>Un masque de traitement sans rin\u00e7age qui agit au niveau mol\u00e9culaire pour inverser les dommages caus\u00e9s aux cheveux en seulement 4 minutes. Il est cliniquement prouv\u00e9 que le K18PEPTID r\u00e9pare les dommages caus\u00e9s par l&rsquo;eau de Javel, la coloration, les services chimiques et la chaleur avec des r\u00e9sultats imm\u00e9diats et durables pour redonner force, douceur, douceur et rebond aux cheveux.<br \/>\nVa plus loin dans la r\u00e9paration des dommages \u2013 reconnecte les deux cha\u00eenes polypeptidiques (et, par cons\u00e9quent, reconnecte \u00e9galement les liaisons disulfure) pour plus de force sur toute la longueur et la largeur des cheveux \u2013 offrant une r\u00e9paration compl\u00e8te et durable des dommages.<br \/>\nRestaure les cheveux m\u00eame des dommages extr\u00eames &#8211; en travaillant sur la couche la plus interne des cheveux, la force et l&rsquo;\u00e9lasticit\u00e9 du noyau sont renouvel\u00e9es pour des cheveux forts, lisses et rebondissants.<br \/>\nFournit des r\u00e9sultats imm\u00e9diats et durables : les cheveux sont r\u00e9par\u00e9s d\u00e8s la premi\u00e8re utilisation et durent apr\u00e8s votre prochain lavage, pour des bienfaits r\u00e9parateurs continus<br \/>\nR\u00e9paration simplifi\u00e9e : formule pratique sans rin\u00e7age qui agit en seulement 4 minutes, sans rin\u00e7age suppl\u00e9mentaire n\u00e9cessaire.<br \/>\nFonctionne sur tous les types de cheveux \u2013 parce que K18PEPTIDE\u2122 agit au niveau mol\u00e9culaire (o\u00f9 tous les cheveux sont identiques), ce produit est efficace sur tous les types de cheveux<br \/>\nConseils d&rsquo;utilisation:<br \/>\nShampoing, ne conditionne pas. Bien s\u00e9cher avec une serviette<br \/>\nAppliquez 3 \u00e0 9 pompes du masque capillaire r\u00e9parateur mol\u00e9culaire sans rin\u00e7age K18 en fonction de votre longueur et de votre densit\u00e9, en commen\u00e7ant par les pointes et en remontant vers les racines.<br \/>\nLaissez reposer 4 minutes. Ne pas rincer<br \/>\nPeignez, ajoutez du produit + du style comme d&rsquo;habitude. Utiliser pour 4 \u00e0 6 lavages apr\u00e8s-salon, puis au besoin<\/p>\n","protected":false},"excerpt":{"rendered":"<p>Un masque de traitement sans rin\u00e7age qui agit au niveau mol\u00e9culaire pour inverser les dommages caus\u00e9s aux cheveux en seulement<\/p>\n","protected":false},"featured_media":15911,"comment_status":"open","ping_status":"closed","template":"","meta":[],"product_brand":[218],"product_cat":[183],"product_tag":[],"class_list":{"0":"post-16001","1":"product","2":"type-product","3":"status-publish","4":"has-post-thumbnail","6":"product_brand-k18","7":"product_cat-masques-et-cremes","9":"first","10":"instock","11":"shipping-taxable","12":"purchasable","13":"product-type-simple"},"yoast_head":"<!-- This site is optimized with the Yoast SEO plugin v26.6 - https:\/\/yoast.com\/wordpress\/plugins\/seo\/ -->\r\n<title>K18 MASQUE CAPILLAIRE 4 MINUTES 15 ML - Paracherkaoui.ma<\/title>\r\n<meta name=\"robots\" content=\"index, follow, max-snippet:-1, max-image-preview:large, max-video-preview:-1\" \/>\r\n<link rel=\"canonical\" href=\"https:\/\/paracherkaoui.ma\/index.php\/produit\/k18-masque-capillaire-4-minutes-15-ml-2\/\" \/>\r\n<meta property=\"og:locale\" content=\"fr_FR\" \/>\r\n<meta property=\"og:type\" content=\"article\" \/>\r\n<meta property=\"og:title\" content=\"K18 MASQUE CAPILLAIRE 4 MINUTES 15 ML - Paracherkaoui.ma\" \/>\r\n<meta property=\"og:description\" content=\"Un masque de traitement sans rin\u00e7age qui agit au niveau mol\u00e9culaire pour inverser les dommages caus\u00e9s aux cheveux en seulement\" \/>\r\n<meta property=\"og:url\" content=\"https:\/\/paracherkaoui.ma\/index.php\/produit\/k18-masque-capillaire-4-minutes-15-ml-2\/\" \/>\r\n<meta property=\"og:site_name\" content=\"Paracherkaoui.ma\" \/>\r\n<meta property=\"article:modified_time\" content=\"2025-12-12T16:54:02+00:00\" \/>\r\n<meta property=\"og:image\" content=\"https:\/\/paracherkaoui.ma\/wp-content\/uploads\/2025\/12\/k18-k18-masque-capillaire-4-minutes-15-ml-masque-creme-et-soins.jpg\" \/>\r\n\t<meta property=\"og:image:width\" content=\"700\" \/>\r\n\t<meta property=\"og:image:height\" content=\"700\" \/>\r\n\t<meta property=\"og:image:type\" content=\"image\/jpeg\" \/>\r\n<meta name=\"twitter:card\" content=\"summary_large_image\" \/>\r\n<meta name=\"twitter:label1\" content=\"Dur\u00e9e de lecture estim\u00e9e\" \/>\n\t<meta name=\"twitter:data1\" content=\"2 minutes\" \/>\r\n<script type=\"application\/ld+json\" class=\"yoast-schema-graph\">{\"@context\":\"https:\/\/schema.org\",\"@graph\":[{\"@type\":\"WebPage\",\"@id\":\"https:\/\/paracherkaoui.ma\/index.php\/produit\/k18-masque-capillaire-4-minutes-15-ml-2\/\",\"url\":\"https:\/\/paracherkaoui.ma\/index.php\/produit\/k18-masque-capillaire-4-minutes-15-ml-2\/\",\"name\":\"K18 MASQUE CAPILLAIRE 4 MINUTES 15 ML - Paracherkaoui.ma\",\"isPartOf\":{\"@id\":\"https:\/\/paracherkaoui.ma\/#website\"},\"primaryImageOfPage\":{\"@id\":\"https:\/\/paracherkaoui.ma\/index.php\/produit\/k18-masque-capillaire-4-minutes-15-ml-2\/#primaryimage\"},\"image\":{\"@id\":\"https:\/\/paracherkaoui.ma\/index.php\/produit\/k18-masque-capillaire-4-minutes-15-ml-2\/#primaryimage\"},\"thumbnailUrl\":\"https:\/\/paracherkaoui.ma\/wp-content\/uploads\/2025\/12\/k18-k18-masque-capillaire-4-minutes-15-ml-masque-creme-et-soins.jpg\",\"datePublished\":\"2025-12-12T16:54:01+00:00\",\"dateModified\":\"2025-12-12T16:54:02+00:00\",\"breadcrumb\":{\"@id\":\"https:\/\/paracherkaoui.ma\/index.php\/produit\/k18-masque-capillaire-4-minutes-15-ml-2\/#breadcrumb\"},\"inLanguage\":\"fr-FR\",\"potentialAction\":[{\"@type\":\"ReadAction\",\"target\":[\"https:\/\/paracherkaoui.ma\/index.php\/produit\/k18-masque-capillaire-4-minutes-15-ml-2\/\"]}]},{\"@type\":\"ImageObject\",\"inLanguage\":\"fr-FR\",\"@id\":\"https:\/\/paracherkaoui.ma\/index.php\/produit\/k18-masque-capillaire-4-minutes-15-ml-2\/#primaryimage\",\"url\":\"https:\/\/paracherkaoui.ma\/wp-content\/uploads\/2025\/12\/k18-k18-masque-capillaire-4-minutes-15-ml-masque-creme-et-soins.jpg\",\"contentUrl\":\"https:\/\/paracherkaoui.ma\/wp-content\/uploads\/2025\/12\/k18-k18-masque-capillaire-4-minutes-15-ml-masque-creme-et-soins.jpg\",\"width\":700,\"height\":700},{\"@type\":\"BreadcrumbList\",\"@id\":\"https:\/\/paracherkaoui.ma\/index.php\/produit\/k18-masque-capillaire-4-minutes-15-ml-2\/#breadcrumb\",\"itemListElement\":[{\"@type\":\"ListItem\",\"position\":1,\"name\":\"Accueil\",\"item\":\"https:\/\/paracherkaoui.ma\/\"},{\"@type\":\"ListItem\",\"position\":2,\"name\":\"Boutique\",\"item\":\"https:\/\/paracherkaoui.ma\/index.php\/boutique\/\"},{\"@type\":\"ListItem\",\"position\":3,\"name\":\"K18 MASQUE CAPILLAIRE 4 MINUTES 15 ML\"}]},{\"@type\":\"WebSite\",\"@id\":\"https:\/\/paracherkaoui.ma\/#website\",\"url\":\"https:\/\/paracherkaoui.ma\/\",\"name\":\"Paracherkaoui.ma\",\"description\":\"Achetez en ligne sur Paracherkaoui.ma\",\"potentialAction\":[{\"@type\":\"SearchAction\",\"target\":{\"@type\":\"EntryPoint\",\"urlTemplate\":\"https:\/\/paracherkaoui.ma\/?s={search_term_string}\"},\"query-input\":{\"@type\":\"PropertyValueSpecification\",\"valueRequired\":true,\"valueName\":\"search_term_string\"}}],\"inLanguage\":\"fr-FR\"}]}<\/script>\r\n<!-- \/ Yoast SEO plugin. -->","yoast_head_json":{"title":"K18 MASQUE CAPILLAIRE 4 MINUTES 15 ML - Paracherkaoui.ma","robots":{"index":"index","follow":"follow","max-snippet":"max-snippet:-1","max-image-preview":"max-image-preview:large","max-video-preview":"max-video-preview:-1"},"canonical":"https:\/\/paracherkaoui.ma\/index.php\/produit\/k18-masque-capillaire-4-minutes-15-ml-2\/","og_locale":"fr_FR","og_type":"article","og_title":"K18 MASQUE CAPILLAIRE 4 MINUTES 15 ML - Paracherkaoui.ma","og_description":"Un masque de traitement sans rin\u00e7age qui agit au niveau mol\u00e9culaire pour inverser les dommages caus\u00e9s aux cheveux en seulement","og_url":"https:\/\/paracherkaoui.ma\/index.php\/produit\/k18-masque-capillaire-4-minutes-15-ml-2\/","og_site_name":"Paracherkaoui.ma","article_modified_time":"2025-12-12T16:54:02+00:00","og_image":[{"width":700,"height":700,"url":"https:\/\/paracherkaoui.ma\/wp-content\/uploads\/2025\/12\/k18-k18-masque-capillaire-4-minutes-15-ml-masque-creme-et-soins.jpg","type":"image\/jpeg"}],"twitter_card":"summary_large_image","twitter_misc":{"Dur\u00e9e de lecture estim\u00e9e":"2 minutes"},"schema":{"@context":"https:\/\/schema.org","@graph":[{"@type":"WebPage","@id":"https:\/\/paracherkaoui.ma\/index.php\/produit\/k18-masque-capillaire-4-minutes-15-ml-2\/","url":"https:\/\/paracherkaoui.ma\/index.php\/produit\/k18-masque-capillaire-4-minutes-15-ml-2\/","name":"K18 MASQUE CAPILLAIRE 4 MINUTES 15 ML - Paracherkaoui.ma","isPartOf":{"@id":"https:\/\/paracherkaoui.ma\/#website"},"primaryImageOfPage":{"@id":"https:\/\/paracherkaoui.ma\/index.php\/produit\/k18-masque-capillaire-4-minutes-15-ml-2\/#primaryimage"},"image":{"@id":"https:\/\/paracherkaoui.ma\/index.php\/produit\/k18-masque-capillaire-4-minutes-15-ml-2\/#primaryimage"},"thumbnailUrl":"https:\/\/paracherkaoui.ma\/wp-content\/uploads\/2025\/12\/k18-k18-masque-capillaire-4-minutes-15-ml-masque-creme-et-soins.jpg","datePublished":"2025-12-12T16:54:01+00:00","dateModified":"2025-12-12T16:54:02+00:00","breadcrumb":{"@id":"https:\/\/paracherkaoui.ma\/index.php\/produit\/k18-masque-capillaire-4-minutes-15-ml-2\/#breadcrumb"},"inLanguage":"fr-FR","potentialAction":[{"@type":"ReadAction","target":["https:\/\/paracherkaoui.ma\/index.php\/produit\/k18-masque-capillaire-4-minutes-15-ml-2\/"]}]},{"@type":"ImageObject","inLanguage":"fr-FR","@id":"https:\/\/paracherkaoui.ma\/index.php\/produit\/k18-masque-capillaire-4-minutes-15-ml-2\/#primaryimage","url":"https:\/\/paracherkaoui.ma\/wp-content\/uploads\/2025\/12\/k18-k18-masque-capillaire-4-minutes-15-ml-masque-creme-et-soins.jpg","contentUrl":"https:\/\/paracherkaoui.ma\/wp-content\/uploads\/2025\/12\/k18-k18-masque-capillaire-4-minutes-15-ml-masque-creme-et-soins.jpg","width":700,"height":700},{"@type":"BreadcrumbList","@id":"https:\/\/paracherkaoui.ma\/index.php\/produit\/k18-masque-capillaire-4-minutes-15-ml-2\/#breadcrumb","itemListElement":[{"@type":"ListItem","position":1,"name":"Accueil","item":"https:\/\/paracherkaoui.ma\/"},{"@type":"ListItem","position":2,"name":"Boutique","item":"https:\/\/paracherkaoui.ma\/index.php\/boutique\/"},{"@type":"ListItem","position":3,"name":"K18 MASQUE CAPILLAIRE 4 MINUTES 15 ML"}]},{"@type":"WebSite","@id":"https:\/\/paracherkaoui.ma\/#website","url":"https:\/\/paracherkaoui.ma\/","name":"Paracherkaoui.ma","description":"Achetez en ligne sur Paracherkaoui.ma","potentialAction":[{"@type":"SearchAction","target":{"@type":"EntryPoint","urlTemplate":"https:\/\/paracherkaoui.ma\/?s={search_term_string}"},"query-input":{"@type":"PropertyValueSpecification","valueRequired":true,"valueName":"search_term_string"}}],"inLanguage":"fr-FR"}]}},"_links":{"self":[{"href":"https:\/\/paracherkaoui.ma\/index.php\/wp-json\/wp\/v2\/product\/16001","targetHints":{"allow":["GET"]}}],"collection":[{"href":"https:\/\/paracherkaoui.ma\/index.php\/wp-json\/wp\/v2\/product"}],"about":[{"href":"https:\/\/paracherkaoui.ma\/index.php\/wp-json\/wp\/v2\/types\/product"}],"replies":[{"embeddable":true,"href":"https:\/\/paracherkaoui.ma\/index.php\/wp-json\/wp\/v2\/comments?post=16001"}],"version-history":[{"count":1,"href":"https:\/\/paracherkaoui.ma\/index.php\/wp-json\/wp\/v2\/product\/16001\/revisions"}],"predecessor-version":[{"id":16031,"href":"https:\/\/paracherkaoui.ma\/index.php\/wp-json\/wp\/v2\/product\/16001\/revisions\/16031"}],"wp:featuredmedia":[{"embeddable":true,"href":"https:\/\/paracherkaoui.ma\/index.php\/wp-json\/wp\/v2\/media\/15911"}],"wp:attachment":[{"href":"https:\/\/paracherkaoui.ma\/index.php\/wp-json\/wp\/v2\/media?parent=16001"}],"wp:term":[{"taxonomy":"product_brand","embeddable":true,"href":"https:\/\/paracherkaoui.ma\/index.php\/wp-json\/wp\/v2\/product_brand?post=16001"},{"taxonomy":"product_cat","embeddable":true,"href":"https:\/\/paracherkaoui.ma\/index.php\/wp-json\/wp\/v2\/product_cat?post=16001"},{"taxonomy":"product_tag","embeddable":true,"href":"https:\/\/paracherkaoui.ma\/index.php\/wp-json\/wp\/v2\/product_tag?post=16001"}],"curies":[{"name":"wp","href":"https:\/\/api.w.org\/{rel}","templated":true}]}}