{"id":15949,"date":"2025-12-12T17:53:57","date_gmt":"2025-12-12T16:53:57","guid":{"rendered":"https:\/\/test.ecbeaute.com\/?post_type=product&#038;p=15949"},"modified":"2025-12-12T17:53:59","modified_gmt":"2025-12-12T16:53:59","slug":"cattier-masque-detox-cuir-chevelu-200-ml-3","status":"publish","type":"product","link":"https:\/\/paracherkaoui.ma\/index.php\/produit\/cattier-masque-detox-cuir-chevelu-200-ml-3\/","title":{"rendered":"CATTIER MASQUE DETOX CUIR CHEVELU 200 ML"},"content":{"rendered":"<p>Le Masque d\u00e9tox cuir chevelu Cattier est un avant-shampooing qui apaise, purifie et redynamise tous les cuirs chevelus, m\u00eame les plus sensibles. Ce masque capillaire est enrichi en argile rose qui r\u00e9\u00e9quilibre le cuir chevelu, en extrait de citron bio qui dynamise, en miel de thym bio qui purifie et assainit et en Defensil Plus, un complexe d&rsquo;actifs qui stimule le renouvellement cellulaire et calme les irritations du cuir chevelu.<br \/>\nConseils d&rsquo;utilisation:<br \/>\nSur cheveux secs, appliquez ce masque sur les racines, raie par raie, sur l&rsquo;ensemble du cuir chevelu. Effectuez un l\u00e9ger massage du bout des doigts, laissez poser 8 \u00e0 10 minutes, rincez abondamment puis faites \u00e0 votre shampooing.<\/p>\n","protected":false},"excerpt":{"rendered":"<p>Le Masque d\u00e9tox cuir chevelu Cattier est un avant-shampooing qui apaise, purifie et redynamise tous les cuirs chevelus, m\u00eame les<\/p>\n","protected":false},"featured_media":14530,"comment_status":"open","ping_status":"closed","template":"","meta":[],"product_brand":[187],"product_cat":[183],"product_tag":[],"class_list":{"0":"post-15949","1":"product","2":"type-product","3":"status-publish","4":"has-post-thumbnail","6":"product_brand-cattier","7":"product_cat-masques-et-cremes","9":"first","10":"instock","11":"shipping-taxable","12":"purchasable","13":"product-type-simple"},"yoast_head":"<!-- This site is optimized with the Yoast SEO plugin v26.6 - https:\/\/yoast.com\/wordpress\/plugins\/seo\/ -->\r\n<title>CATTIER MASQUE DETOX CUIR CHEVELU 200 ML - Paracherkaoui.ma<\/title>\r\n<meta name=\"robots\" content=\"index, follow, max-snippet:-1, max-image-preview:large, max-video-preview:-1\" \/>\r\n<link rel=\"canonical\" href=\"https:\/\/paracherkaoui.ma\/index.php\/produit\/cattier-masque-detox-cuir-chevelu-200-ml-3\/\" \/>\r\n<meta property=\"og:locale\" content=\"fr_FR\" \/>\r\n<meta property=\"og:type\" content=\"article\" \/>\r\n<meta property=\"og:title\" content=\"CATTIER MASQUE DETOX CUIR CHEVELU 200 ML - Paracherkaoui.ma\" \/>\r\n<meta property=\"og:description\" content=\"Le Masque d\u00e9tox cuir chevelu Cattier est un avant-shampooing qui apaise, purifie et redynamise tous les cuirs chevelus, m\u00eame les\" \/>\r\n<meta property=\"og:url\" content=\"https:\/\/paracherkaoui.ma\/index.php\/produit\/cattier-masque-detox-cuir-chevelu-200-ml-3\/\" \/>\r\n<meta property=\"og:site_name\" content=\"Paracherkaoui.ma\" \/>\r\n<meta property=\"article:modified_time\" content=\"2025-12-12T16:53:59+00:00\" \/>\r\n<meta property=\"og:image\" content=\"https:\/\/paracherkaoui.ma\/wp-content\/uploads\/2025\/12\/cattier-cattier-masque-detox-cuir-chevelu-200-ml-masque-creme-et-soins.jpg\" \/>\r\n\t<meta property=\"og:image:width\" content=\"700\" \/>\r\n\t<meta property=\"og:image:height\" content=\"700\" \/>\r\n\t<meta property=\"og:image:type\" content=\"image\/jpeg\" \/>\r\n<meta name=\"twitter:card\" content=\"summary_large_image\" \/>\r\n<meta name=\"twitter:label1\" content=\"Dur\u00e9e de lecture estim\u00e9e\" \/>\n\t<meta name=\"twitter:data1\" content=\"1 minute\" \/>\r\n<script type=\"application\/ld+json\" class=\"yoast-schema-graph\">{\"@context\":\"https:\/\/schema.org\",\"@graph\":[{\"@type\":\"WebPage\",\"@id\":\"https:\/\/paracherkaoui.ma\/index.php\/produit\/cattier-masque-detox-cuir-chevelu-200-ml-3\/\",\"url\":\"https:\/\/paracherkaoui.ma\/index.php\/produit\/cattier-masque-detox-cuir-chevelu-200-ml-3\/\",\"name\":\"CATTIER MASQUE DETOX CUIR CHEVELU 200 ML - Paracherkaoui.ma\",\"isPartOf\":{\"@id\":\"https:\/\/paracherkaoui.ma\/#website\"},\"primaryImageOfPage\":{\"@id\":\"https:\/\/paracherkaoui.ma\/index.php\/produit\/cattier-masque-detox-cuir-chevelu-200-ml-3\/#primaryimage\"},\"image\":{\"@id\":\"https:\/\/paracherkaoui.ma\/index.php\/produit\/cattier-masque-detox-cuir-chevelu-200-ml-3\/#primaryimage\"},\"thumbnailUrl\":\"https:\/\/paracherkaoui.ma\/wp-content\/uploads\/2025\/12\/cattier-cattier-masque-detox-cuir-chevelu-200-ml-masque-creme-et-soins.jpg\",\"datePublished\":\"2025-12-12T16:53:57+00:00\",\"dateModified\":\"2025-12-12T16:53:59+00:00\",\"breadcrumb\":{\"@id\":\"https:\/\/paracherkaoui.ma\/index.php\/produit\/cattier-masque-detox-cuir-chevelu-200-ml-3\/#breadcrumb\"},\"inLanguage\":\"fr-FR\",\"potentialAction\":[{\"@type\":\"ReadAction\",\"target\":[\"https:\/\/paracherkaoui.ma\/index.php\/produit\/cattier-masque-detox-cuir-chevelu-200-ml-3\/\"]}]},{\"@type\":\"ImageObject\",\"inLanguage\":\"fr-FR\",\"@id\":\"https:\/\/paracherkaoui.ma\/index.php\/produit\/cattier-masque-detox-cuir-chevelu-200-ml-3\/#primaryimage\",\"url\":\"https:\/\/paracherkaoui.ma\/wp-content\/uploads\/2025\/12\/cattier-cattier-masque-detox-cuir-chevelu-200-ml-masque-creme-et-soins.jpg\",\"contentUrl\":\"https:\/\/paracherkaoui.ma\/wp-content\/uploads\/2025\/12\/cattier-cattier-masque-detox-cuir-chevelu-200-ml-masque-creme-et-soins.jpg\",\"width\":700,\"height\":700},{\"@type\":\"BreadcrumbList\",\"@id\":\"https:\/\/paracherkaoui.ma\/index.php\/produit\/cattier-masque-detox-cuir-chevelu-200-ml-3\/#breadcrumb\",\"itemListElement\":[{\"@type\":\"ListItem\",\"position\":1,\"name\":\"Accueil\",\"item\":\"https:\/\/paracherkaoui.ma\/\"},{\"@type\":\"ListItem\",\"position\":2,\"name\":\"Boutique\",\"item\":\"https:\/\/paracherkaoui.ma\/index.php\/boutique\/\"},{\"@type\":\"ListItem\",\"position\":3,\"name\":\"CATTIER MASQUE DETOX CUIR CHEVELU 200 ML\"}]},{\"@type\":\"WebSite\",\"@id\":\"https:\/\/paracherkaoui.ma\/#website\",\"url\":\"https:\/\/paracherkaoui.ma\/\",\"name\":\"Paracherkaoui.ma\",\"description\":\"Achetez en ligne sur Paracherkaoui.ma\",\"potentialAction\":[{\"@type\":\"SearchAction\",\"target\":{\"@type\":\"EntryPoint\",\"urlTemplate\":\"https:\/\/paracherkaoui.ma\/?s={search_term_string}\"},\"query-input\":{\"@type\":\"PropertyValueSpecification\",\"valueRequired\":true,\"valueName\":\"search_term_string\"}}],\"inLanguage\":\"fr-FR\"}]}<\/script>\r\n<!-- \/ Yoast SEO plugin. -->","yoast_head_json":{"title":"CATTIER MASQUE DETOX CUIR CHEVELU 200 ML - Paracherkaoui.ma","robots":{"index":"index","follow":"follow","max-snippet":"max-snippet:-1","max-image-preview":"max-image-preview:large","max-video-preview":"max-video-preview:-1"},"canonical":"https:\/\/paracherkaoui.ma\/index.php\/produit\/cattier-masque-detox-cuir-chevelu-200-ml-3\/","og_locale":"fr_FR","og_type":"article","og_title":"CATTIER MASQUE DETOX CUIR CHEVELU 200 ML - Paracherkaoui.ma","og_description":"Le Masque d\u00e9tox cuir chevelu Cattier est un avant-shampooing qui apaise, purifie et redynamise tous les cuirs chevelus, m\u00eame les","og_url":"https:\/\/paracherkaoui.ma\/index.php\/produit\/cattier-masque-detox-cuir-chevelu-200-ml-3\/","og_site_name":"Paracherkaoui.ma","article_modified_time":"2025-12-12T16:53:59+00:00","og_image":[{"width":700,"height":700,"url":"https:\/\/paracherkaoui.ma\/wp-content\/uploads\/2025\/12\/cattier-cattier-masque-detox-cuir-chevelu-200-ml-masque-creme-et-soins.jpg","type":"image\/jpeg"}],"twitter_card":"summary_large_image","twitter_misc":{"Dur\u00e9e de lecture estim\u00e9e":"1 minute"},"schema":{"@context":"https:\/\/schema.org","@graph":[{"@type":"WebPage","@id":"https:\/\/paracherkaoui.ma\/index.php\/produit\/cattier-masque-detox-cuir-chevelu-200-ml-3\/","url":"https:\/\/paracherkaoui.ma\/index.php\/produit\/cattier-masque-detox-cuir-chevelu-200-ml-3\/","name":"CATTIER MASQUE DETOX CUIR CHEVELU 200 ML - Paracherkaoui.ma","isPartOf":{"@id":"https:\/\/paracherkaoui.ma\/#website"},"primaryImageOfPage":{"@id":"https:\/\/paracherkaoui.ma\/index.php\/produit\/cattier-masque-detox-cuir-chevelu-200-ml-3\/#primaryimage"},"image":{"@id":"https:\/\/paracherkaoui.ma\/index.php\/produit\/cattier-masque-detox-cuir-chevelu-200-ml-3\/#primaryimage"},"thumbnailUrl":"https:\/\/paracherkaoui.ma\/wp-content\/uploads\/2025\/12\/cattier-cattier-masque-detox-cuir-chevelu-200-ml-masque-creme-et-soins.jpg","datePublished":"2025-12-12T16:53:57+00:00","dateModified":"2025-12-12T16:53:59+00:00","breadcrumb":{"@id":"https:\/\/paracherkaoui.ma\/index.php\/produit\/cattier-masque-detox-cuir-chevelu-200-ml-3\/#breadcrumb"},"inLanguage":"fr-FR","potentialAction":[{"@type":"ReadAction","target":["https:\/\/paracherkaoui.ma\/index.php\/produit\/cattier-masque-detox-cuir-chevelu-200-ml-3\/"]}]},{"@type":"ImageObject","inLanguage":"fr-FR","@id":"https:\/\/paracherkaoui.ma\/index.php\/produit\/cattier-masque-detox-cuir-chevelu-200-ml-3\/#primaryimage","url":"https:\/\/paracherkaoui.ma\/wp-content\/uploads\/2025\/12\/cattier-cattier-masque-detox-cuir-chevelu-200-ml-masque-creme-et-soins.jpg","contentUrl":"https:\/\/paracherkaoui.ma\/wp-content\/uploads\/2025\/12\/cattier-cattier-masque-detox-cuir-chevelu-200-ml-masque-creme-et-soins.jpg","width":700,"height":700},{"@type":"BreadcrumbList","@id":"https:\/\/paracherkaoui.ma\/index.php\/produit\/cattier-masque-detox-cuir-chevelu-200-ml-3\/#breadcrumb","itemListElement":[{"@type":"ListItem","position":1,"name":"Accueil","item":"https:\/\/paracherkaoui.ma\/"},{"@type":"ListItem","position":2,"name":"Boutique","item":"https:\/\/paracherkaoui.ma\/index.php\/boutique\/"},{"@type":"ListItem","position":3,"name":"CATTIER MASQUE DETOX CUIR CHEVELU 200 ML"}]},{"@type":"WebSite","@id":"https:\/\/paracherkaoui.ma\/#website","url":"https:\/\/paracherkaoui.ma\/","name":"Paracherkaoui.ma","description":"Achetez en ligne sur Paracherkaoui.ma","potentialAction":[{"@type":"SearchAction","target":{"@type":"EntryPoint","urlTemplate":"https:\/\/paracherkaoui.ma\/?s={search_term_string}"},"query-input":{"@type":"PropertyValueSpecification","valueRequired":true,"valueName":"search_term_string"}}],"inLanguage":"fr-FR"}]}},"_links":{"self":[{"href":"https:\/\/paracherkaoui.ma\/index.php\/wp-json\/wp\/v2\/product\/15949","targetHints":{"allow":["GET"]}}],"collection":[{"href":"https:\/\/paracherkaoui.ma\/index.php\/wp-json\/wp\/v2\/product"}],"about":[{"href":"https:\/\/paracherkaoui.ma\/index.php\/wp-json\/wp\/v2\/types\/product"}],"replies":[{"embeddable":true,"href":"https:\/\/paracherkaoui.ma\/index.php\/wp-json\/wp\/v2\/comments?post=15949"}],"version-history":[{"count":1,"href":"https:\/\/paracherkaoui.ma\/index.php\/wp-json\/wp\/v2\/product\/15949\/revisions"}],"predecessor-version":[{"id":15979,"href":"https:\/\/paracherkaoui.ma\/index.php\/wp-json\/wp\/v2\/product\/15949\/revisions\/15979"}],"wp:featuredmedia":[{"embeddable":true,"href":"https:\/\/paracherkaoui.ma\/index.php\/wp-json\/wp\/v2\/media\/14530"}],"wp:attachment":[{"href":"https:\/\/paracherkaoui.ma\/index.php\/wp-json\/wp\/v2\/media?parent=15949"}],"wp:term":[{"taxonomy":"product_brand","embeddable":true,"href":"https:\/\/paracherkaoui.ma\/index.php\/wp-json\/wp\/v2\/product_brand?post=15949"},{"taxonomy":"product_cat","embeddable":true,"href":"https:\/\/paracherkaoui.ma\/index.php\/wp-json\/wp\/v2\/product_cat?post=15949"},{"taxonomy":"product_tag","embeddable":true,"href":"https:\/\/paracherkaoui.ma\/index.php\/wp-json\/wp\/v2\/product_tag?post=15949"}],"curies":[{"name":"wp","href":"https:\/\/api.w.org\/{rel}","templated":true}]}}