{"id":15948,"date":"2025-12-12T17:53:57","date_gmt":"2025-12-12T16:53:57","guid":{"rendered":"https:\/\/test.ecbeaute.com\/?post_type=product&#038;p=15948"},"modified":"2025-12-12T17:53:59","modified_gmt":"2025-12-12T16:53:59","slug":"biokera-nature-masque-cheveux-traites-200ml-3","status":"publish","type":"product","link":"https:\/\/paracherkaoui.ma\/index.php\/produit\/biokera-nature-masque-cheveux-traites-200ml-3\/","title":{"rendered":"BIOKERA NATURE MASQUE CHEVEUX TRAITES 200ML"},"content":{"rendered":"<p>Description:<br \/>\nBiokera masque cheveux sensibilis\u00e9s et trait\u00e9s, am\u00e9liore l\u2019apparence saine et naturelle des cheveux sensibilis\u00e9s, prot\u00e8ge la couleur et aide \u00e0 augmenter sa r\u00e9sistance \u00e0 l\u2019oxydation et \u00e0 la r\u00e9paration de la fibre capillaire.<\/p>\n<p>Conseils d&rsquo;utilisation:<br \/>\nApr\u00e8s le lavage, appliquez le produit tout au long de la tige des cheveux sans toucher le cuir chevelu. Peignez en distribuant et laissez quelques minutes de temps d&rsquo;action. Rincez \u00e0 l&rsquo;eau ti\u00e8de et proc\u00e9dez au coiffage.Cette formule peut \u00eatre utilis\u00e9e aussi souvent que n\u00e9cessaire, mais la moyenne est r\u00e9gl\u00e9e \u00e0 deux applications par semaine. Peut \u00eatre prolong\u00e9e tant que le traitement serait n\u00e9cessaire.<\/p>\n","protected":false},"excerpt":{"rendered":"<p>Description: Biokera masque cheveux sensibilis\u00e9s et trait\u00e9s, am\u00e9liore l\u2019apparence saine et naturelle des cheveux sensibilis\u00e9s, prot\u00e8ge la couleur et aide<\/p>\n","protected":false},"featured_media":14526,"comment_status":"open","ping_status":"closed","template":"","meta":[],"product_brand":[191],"product_cat":[183],"product_tag":[],"class_list":{"0":"post-15948","1":"product","2":"type-product","3":"status-publish","4":"has-post-thumbnail","6":"product_brand-biokera","7":"product_cat-masques-et-cremes","9":"first","10":"instock","11":"sale","12":"shipping-taxable","13":"purchasable","14":"product-type-simple"},"yoast_head":"<!-- This site is optimized with the Yoast SEO plugin v26.6 - https:\/\/yoast.com\/wordpress\/plugins\/seo\/ -->\r\n<title>BIOKERA NATURE MASQUE CHEVEUX TRAITES 200ML - Paracherkaoui.ma<\/title>\r\n<meta name=\"robots\" content=\"index, follow, max-snippet:-1, max-image-preview:large, max-video-preview:-1\" \/>\r\n<link rel=\"canonical\" href=\"https:\/\/paracherkaoui.ma\/index.php\/produit\/biokera-nature-masque-cheveux-traites-200ml-3\/\" \/>\r\n<meta property=\"og:locale\" content=\"fr_FR\" \/>\r\n<meta property=\"og:type\" content=\"article\" \/>\r\n<meta property=\"og:title\" content=\"BIOKERA NATURE MASQUE CHEVEUX TRAITES 200ML - Paracherkaoui.ma\" \/>\r\n<meta property=\"og:description\" content=\"Description: Biokera masque cheveux sensibilis\u00e9s et trait\u00e9s, am\u00e9liore l\u2019apparence saine et naturelle des cheveux sensibilis\u00e9s, prot\u00e8ge la couleur et aide\" \/>\r\n<meta property=\"og:url\" content=\"https:\/\/paracherkaoui.ma\/index.php\/produit\/biokera-nature-masque-cheveux-traites-200ml-3\/\" \/>\r\n<meta property=\"og:site_name\" content=\"Paracherkaoui.ma\" \/>\r\n<meta property=\"article:modified_time\" content=\"2025-12-12T16:53:59+00:00\" \/>\r\n<meta property=\"og:image\" content=\"https:\/\/paracherkaoui.ma\/wp-content\/uploads\/2025\/12\/biokera-biokera-nature-masque-cheveux-traites-200ml-apres-shampooing-soin-des-cheveux.jpg\" \/>\r\n\t<meta property=\"og:image:width\" content=\"700\" \/>\r\n\t<meta property=\"og:image:height\" content=\"700\" \/>\r\n\t<meta property=\"og:image:type\" content=\"image\/jpeg\" \/>\r\n<meta name=\"twitter:card\" content=\"summary_large_image\" \/>\r\n<meta name=\"twitter:label1\" content=\"Dur\u00e9e de lecture estim\u00e9e\" \/>\n\t<meta name=\"twitter:data1\" content=\"1 minute\" \/>\r\n<script type=\"application\/ld+json\" class=\"yoast-schema-graph\">{\"@context\":\"https:\/\/schema.org\",\"@graph\":[{\"@type\":\"WebPage\",\"@id\":\"https:\/\/paracherkaoui.ma\/index.php\/produit\/biokera-nature-masque-cheveux-traites-200ml-3\/\",\"url\":\"https:\/\/paracherkaoui.ma\/index.php\/produit\/biokera-nature-masque-cheveux-traites-200ml-3\/\",\"name\":\"BIOKERA NATURE MASQUE CHEVEUX TRAITES 200ML - Paracherkaoui.ma\",\"isPartOf\":{\"@id\":\"https:\/\/paracherkaoui.ma\/#website\"},\"primaryImageOfPage\":{\"@id\":\"https:\/\/paracherkaoui.ma\/index.php\/produit\/biokera-nature-masque-cheveux-traites-200ml-3\/#primaryimage\"},\"image\":{\"@id\":\"https:\/\/paracherkaoui.ma\/index.php\/produit\/biokera-nature-masque-cheveux-traites-200ml-3\/#primaryimage\"},\"thumbnailUrl\":\"https:\/\/paracherkaoui.ma\/wp-content\/uploads\/2025\/12\/biokera-biokera-nature-masque-cheveux-traites-200ml-apres-shampooing-soin-des-cheveux.jpg\",\"datePublished\":\"2025-12-12T16:53:57+00:00\",\"dateModified\":\"2025-12-12T16:53:59+00:00\",\"breadcrumb\":{\"@id\":\"https:\/\/paracherkaoui.ma\/index.php\/produit\/biokera-nature-masque-cheveux-traites-200ml-3\/#breadcrumb\"},\"inLanguage\":\"fr-FR\",\"potentialAction\":[{\"@type\":\"ReadAction\",\"target\":[\"https:\/\/paracherkaoui.ma\/index.php\/produit\/biokera-nature-masque-cheveux-traites-200ml-3\/\"]}]},{\"@type\":\"ImageObject\",\"inLanguage\":\"fr-FR\",\"@id\":\"https:\/\/paracherkaoui.ma\/index.php\/produit\/biokera-nature-masque-cheveux-traites-200ml-3\/#primaryimage\",\"url\":\"https:\/\/paracherkaoui.ma\/wp-content\/uploads\/2025\/12\/biokera-biokera-nature-masque-cheveux-traites-200ml-apres-shampooing-soin-des-cheveux.jpg\",\"contentUrl\":\"https:\/\/paracherkaoui.ma\/wp-content\/uploads\/2025\/12\/biokera-biokera-nature-masque-cheveux-traites-200ml-apres-shampooing-soin-des-cheveux.jpg\",\"width\":700,\"height\":700},{\"@type\":\"BreadcrumbList\",\"@id\":\"https:\/\/paracherkaoui.ma\/index.php\/produit\/biokera-nature-masque-cheveux-traites-200ml-3\/#breadcrumb\",\"itemListElement\":[{\"@type\":\"ListItem\",\"position\":1,\"name\":\"Accueil\",\"item\":\"https:\/\/paracherkaoui.ma\/\"},{\"@type\":\"ListItem\",\"position\":2,\"name\":\"Boutique\",\"item\":\"https:\/\/paracherkaoui.ma\/index.php\/boutique\/\"},{\"@type\":\"ListItem\",\"position\":3,\"name\":\"BIOKERA NATURE MASQUE CHEVEUX TRAITES 200ML\"}]},{\"@type\":\"WebSite\",\"@id\":\"https:\/\/paracherkaoui.ma\/#website\",\"url\":\"https:\/\/paracherkaoui.ma\/\",\"name\":\"Paracherkaoui.ma\",\"description\":\"Achetez en ligne sur Paracherkaoui.ma\",\"potentialAction\":[{\"@type\":\"SearchAction\",\"target\":{\"@type\":\"EntryPoint\",\"urlTemplate\":\"https:\/\/paracherkaoui.ma\/?s={search_term_string}\"},\"query-input\":{\"@type\":\"PropertyValueSpecification\",\"valueRequired\":true,\"valueName\":\"search_term_string\"}}],\"inLanguage\":\"fr-FR\"}]}<\/script>\r\n<!-- \/ Yoast SEO plugin. -->","yoast_head_json":{"title":"BIOKERA NATURE MASQUE CHEVEUX TRAITES 200ML - Paracherkaoui.ma","robots":{"index":"index","follow":"follow","max-snippet":"max-snippet:-1","max-image-preview":"max-image-preview:large","max-video-preview":"max-video-preview:-1"},"canonical":"https:\/\/paracherkaoui.ma\/index.php\/produit\/biokera-nature-masque-cheveux-traites-200ml-3\/","og_locale":"fr_FR","og_type":"article","og_title":"BIOKERA NATURE MASQUE CHEVEUX TRAITES 200ML - Paracherkaoui.ma","og_description":"Description: Biokera masque cheveux sensibilis\u00e9s et trait\u00e9s, am\u00e9liore l\u2019apparence saine et naturelle des cheveux sensibilis\u00e9s, prot\u00e8ge la couleur et aide","og_url":"https:\/\/paracherkaoui.ma\/index.php\/produit\/biokera-nature-masque-cheveux-traites-200ml-3\/","og_site_name":"Paracherkaoui.ma","article_modified_time":"2025-12-12T16:53:59+00:00","og_image":[{"width":700,"height":700,"url":"https:\/\/paracherkaoui.ma\/wp-content\/uploads\/2025\/12\/biokera-biokera-nature-masque-cheveux-traites-200ml-apres-shampooing-soin-des-cheveux.jpg","type":"image\/jpeg"}],"twitter_card":"summary_large_image","twitter_misc":{"Dur\u00e9e de lecture estim\u00e9e":"1 minute"},"schema":{"@context":"https:\/\/schema.org","@graph":[{"@type":"WebPage","@id":"https:\/\/paracherkaoui.ma\/index.php\/produit\/biokera-nature-masque-cheveux-traites-200ml-3\/","url":"https:\/\/paracherkaoui.ma\/index.php\/produit\/biokera-nature-masque-cheveux-traites-200ml-3\/","name":"BIOKERA NATURE MASQUE CHEVEUX TRAITES 200ML - Paracherkaoui.ma","isPartOf":{"@id":"https:\/\/paracherkaoui.ma\/#website"},"primaryImageOfPage":{"@id":"https:\/\/paracherkaoui.ma\/index.php\/produit\/biokera-nature-masque-cheveux-traites-200ml-3\/#primaryimage"},"image":{"@id":"https:\/\/paracherkaoui.ma\/index.php\/produit\/biokera-nature-masque-cheveux-traites-200ml-3\/#primaryimage"},"thumbnailUrl":"https:\/\/paracherkaoui.ma\/wp-content\/uploads\/2025\/12\/biokera-biokera-nature-masque-cheveux-traites-200ml-apres-shampooing-soin-des-cheveux.jpg","datePublished":"2025-12-12T16:53:57+00:00","dateModified":"2025-12-12T16:53:59+00:00","breadcrumb":{"@id":"https:\/\/paracherkaoui.ma\/index.php\/produit\/biokera-nature-masque-cheveux-traites-200ml-3\/#breadcrumb"},"inLanguage":"fr-FR","potentialAction":[{"@type":"ReadAction","target":["https:\/\/paracherkaoui.ma\/index.php\/produit\/biokera-nature-masque-cheveux-traites-200ml-3\/"]}]},{"@type":"ImageObject","inLanguage":"fr-FR","@id":"https:\/\/paracherkaoui.ma\/index.php\/produit\/biokera-nature-masque-cheveux-traites-200ml-3\/#primaryimage","url":"https:\/\/paracherkaoui.ma\/wp-content\/uploads\/2025\/12\/biokera-biokera-nature-masque-cheveux-traites-200ml-apres-shampooing-soin-des-cheveux.jpg","contentUrl":"https:\/\/paracherkaoui.ma\/wp-content\/uploads\/2025\/12\/biokera-biokera-nature-masque-cheveux-traites-200ml-apres-shampooing-soin-des-cheveux.jpg","width":700,"height":700},{"@type":"BreadcrumbList","@id":"https:\/\/paracherkaoui.ma\/index.php\/produit\/biokera-nature-masque-cheveux-traites-200ml-3\/#breadcrumb","itemListElement":[{"@type":"ListItem","position":1,"name":"Accueil","item":"https:\/\/paracherkaoui.ma\/"},{"@type":"ListItem","position":2,"name":"Boutique","item":"https:\/\/paracherkaoui.ma\/index.php\/boutique\/"},{"@type":"ListItem","position":3,"name":"BIOKERA NATURE MASQUE CHEVEUX TRAITES 200ML"}]},{"@type":"WebSite","@id":"https:\/\/paracherkaoui.ma\/#website","url":"https:\/\/paracherkaoui.ma\/","name":"Paracherkaoui.ma","description":"Achetez en ligne sur Paracherkaoui.ma","potentialAction":[{"@type":"SearchAction","target":{"@type":"EntryPoint","urlTemplate":"https:\/\/paracherkaoui.ma\/?s={search_term_string}"},"query-input":{"@type":"PropertyValueSpecification","valueRequired":true,"valueName":"search_term_string"}}],"inLanguage":"fr-FR"}]}},"_links":{"self":[{"href":"https:\/\/paracherkaoui.ma\/index.php\/wp-json\/wp\/v2\/product\/15948","targetHints":{"allow":["GET"]}}],"collection":[{"href":"https:\/\/paracherkaoui.ma\/index.php\/wp-json\/wp\/v2\/product"}],"about":[{"href":"https:\/\/paracherkaoui.ma\/index.php\/wp-json\/wp\/v2\/types\/product"}],"replies":[{"embeddable":true,"href":"https:\/\/paracherkaoui.ma\/index.php\/wp-json\/wp\/v2\/comments?post=15948"}],"version-history":[{"count":1,"href":"https:\/\/paracherkaoui.ma\/index.php\/wp-json\/wp\/v2\/product\/15948\/revisions"}],"predecessor-version":[{"id":15978,"href":"https:\/\/paracherkaoui.ma\/index.php\/wp-json\/wp\/v2\/product\/15948\/revisions\/15978"}],"wp:featuredmedia":[{"embeddable":true,"href":"https:\/\/paracherkaoui.ma\/index.php\/wp-json\/wp\/v2\/media\/14526"}],"wp:attachment":[{"href":"https:\/\/paracherkaoui.ma\/index.php\/wp-json\/wp\/v2\/media?parent=15948"}],"wp:term":[{"taxonomy":"product_brand","embeddable":true,"href":"https:\/\/paracherkaoui.ma\/index.php\/wp-json\/wp\/v2\/product_brand?post=15948"},{"taxonomy":"product_cat","embeddable":true,"href":"https:\/\/paracherkaoui.ma\/index.php\/wp-json\/wp\/v2\/product_cat?post=15948"},{"taxonomy":"product_tag","embeddable":true,"href":"https:\/\/paracherkaoui.ma\/index.php\/wp-json\/wp\/v2\/product_tag?post=15948"}],"curies":[{"name":"wp","href":"https:\/\/api.w.org\/{rel}","templated":true}]}}