{"id":15928,"date":"2025-12-12T17:53:56","date_gmt":"2025-12-12T16:53:56","guid":{"rendered":"https:\/\/test.ecbeaute.com\/?post_type=product&#038;p=15928"},"modified":"2025-12-12T17:53:58","modified_gmt":"2025-12-12T16:53:58","slug":"biokera-nature-masque-hydratant-1kg-3","status":"publish","type":"product","link":"https:\/\/paracherkaoui.ma\/index.php\/produit\/biokera-nature-masque-hydratant-1kg-3\/","title":{"rendered":"BIOKERA NATURE MASQUE HYDRATANT 1KG"},"content":{"rendered":"<p>Description:<br \/>\nMasque Hydratant est un masque intensif \u00e0 utilisation continue recommand\u00e9 pour r\u00e9cup\u00e9rer les cheveux tr\u00e8s d\u00e9shydrat\u00e9s et avec des probl\u00e8mes de manque d\u2019\u00e9lasticit\u00e9. Id\u00e9al pour des cheveux avec un manque d\u2019hydratation, suite aux processus techniques ou aux tensions m\u00e9caniques. Sa formule au germe de bl\u00e9\u00a0 apporte une r\u00e9sistance \u00e0 la traction, en r\u00e9cup\u00e9rant des cheveux pr\u00e9sentant des \u00e9tats graves de d\u00e9shydratation suite \u00e0 chaque lavage et redonne un niveau de brillance naturelle.<\/p>\n","protected":false},"excerpt":{"rendered":"<p>Description: Masque Hydratant est un masque intensif \u00e0 utilisation continue recommand\u00e9 pour r\u00e9cup\u00e9rer les cheveux tr\u00e8s d\u00e9shydrat\u00e9s et avec des<\/p>\n","protected":false},"featured_media":14443,"comment_status":"open","ping_status":"closed","template":"","meta":[],"product_brand":[191],"product_cat":[183],"product_tag":[],"class_list":{"0":"post-15928","1":"product","2":"type-product","3":"status-publish","4":"has-post-thumbnail","6":"product_brand-biokera","7":"product_cat-masques-et-cremes","9":"first","10":"instock","11":"sale","12":"shipping-taxable","13":"purchasable","14":"product-type-simple"},"yoast_head":"<!-- This site is optimized with the Yoast SEO plugin v26.6 - https:\/\/yoast.com\/wordpress\/plugins\/seo\/ -->\r\n<title>BIOKERA NATURE MASQUE HYDRATANT 1KG - Paracherkaoui.ma<\/title>\r\n<meta name=\"robots\" content=\"index, follow, max-snippet:-1, max-image-preview:large, max-video-preview:-1\" \/>\r\n<link rel=\"canonical\" href=\"https:\/\/paracherkaoui.ma\/index.php\/produit\/biokera-nature-masque-hydratant-1kg-3\/\" \/>\r\n<meta property=\"og:locale\" content=\"fr_FR\" \/>\r\n<meta property=\"og:type\" content=\"article\" \/>\r\n<meta property=\"og:title\" content=\"BIOKERA NATURE MASQUE HYDRATANT 1KG - Paracherkaoui.ma\" \/>\r\n<meta property=\"og:description\" content=\"Description: Masque Hydratant est un masque intensif \u00e0 utilisation continue recommand\u00e9 pour r\u00e9cup\u00e9rer les cheveux tr\u00e8s d\u00e9shydrat\u00e9s et avec des\" \/>\r\n<meta property=\"og:url\" content=\"https:\/\/paracherkaoui.ma\/index.php\/produit\/biokera-nature-masque-hydratant-1kg-3\/\" \/>\r\n<meta property=\"og:site_name\" content=\"Paracherkaoui.ma\" \/>\r\n<meta property=\"article:modified_time\" content=\"2025-12-12T16:53:58+00:00\" \/>\r\n<meta property=\"og:image\" content=\"https:\/\/paracherkaoui.ma\/wp-content\/uploads\/2025\/12\/biokera-biokera-nature-masque-hydratant-1kg-apres-shampooing-soin-des-cheveux.jpg\" \/>\r\n\t<meta property=\"og:image:width\" content=\"700\" \/>\r\n\t<meta property=\"og:image:height\" content=\"700\" \/>\r\n\t<meta property=\"og:image:type\" content=\"image\/jpeg\" \/>\r\n<meta name=\"twitter:card\" content=\"summary_large_image\" \/>\r\n<script type=\"application\/ld+json\" class=\"yoast-schema-graph\">{\"@context\":\"https:\/\/schema.org\",\"@graph\":[{\"@type\":\"WebPage\",\"@id\":\"https:\/\/paracherkaoui.ma\/index.php\/produit\/biokera-nature-masque-hydratant-1kg-3\/\",\"url\":\"https:\/\/paracherkaoui.ma\/index.php\/produit\/biokera-nature-masque-hydratant-1kg-3\/\",\"name\":\"BIOKERA NATURE MASQUE HYDRATANT 1KG - Paracherkaoui.ma\",\"isPartOf\":{\"@id\":\"https:\/\/paracherkaoui.ma\/#website\"},\"primaryImageOfPage\":{\"@id\":\"https:\/\/paracherkaoui.ma\/index.php\/produit\/biokera-nature-masque-hydratant-1kg-3\/#primaryimage\"},\"image\":{\"@id\":\"https:\/\/paracherkaoui.ma\/index.php\/produit\/biokera-nature-masque-hydratant-1kg-3\/#primaryimage\"},\"thumbnailUrl\":\"https:\/\/paracherkaoui.ma\/wp-content\/uploads\/2025\/12\/biokera-biokera-nature-masque-hydratant-1kg-apres-shampooing-soin-des-cheveux.jpg\",\"datePublished\":\"2025-12-12T16:53:56+00:00\",\"dateModified\":\"2025-12-12T16:53:58+00:00\",\"breadcrumb\":{\"@id\":\"https:\/\/paracherkaoui.ma\/index.php\/produit\/biokera-nature-masque-hydratant-1kg-3\/#breadcrumb\"},\"inLanguage\":\"fr-FR\",\"potentialAction\":[{\"@type\":\"ReadAction\",\"target\":[\"https:\/\/paracherkaoui.ma\/index.php\/produit\/biokera-nature-masque-hydratant-1kg-3\/\"]}]},{\"@type\":\"ImageObject\",\"inLanguage\":\"fr-FR\",\"@id\":\"https:\/\/paracherkaoui.ma\/index.php\/produit\/biokera-nature-masque-hydratant-1kg-3\/#primaryimage\",\"url\":\"https:\/\/paracherkaoui.ma\/wp-content\/uploads\/2025\/12\/biokera-biokera-nature-masque-hydratant-1kg-apres-shampooing-soin-des-cheveux.jpg\",\"contentUrl\":\"https:\/\/paracherkaoui.ma\/wp-content\/uploads\/2025\/12\/biokera-biokera-nature-masque-hydratant-1kg-apres-shampooing-soin-des-cheveux.jpg\",\"width\":700,\"height\":700},{\"@type\":\"BreadcrumbList\",\"@id\":\"https:\/\/paracherkaoui.ma\/index.php\/produit\/biokera-nature-masque-hydratant-1kg-3\/#breadcrumb\",\"itemListElement\":[{\"@type\":\"ListItem\",\"position\":1,\"name\":\"Accueil\",\"item\":\"https:\/\/paracherkaoui.ma\/\"},{\"@type\":\"ListItem\",\"position\":2,\"name\":\"Boutique\",\"item\":\"https:\/\/paracherkaoui.ma\/index.php\/boutique\/\"},{\"@type\":\"ListItem\",\"position\":3,\"name\":\"BIOKERA NATURE MASQUE HYDRATANT 1KG\"}]},{\"@type\":\"WebSite\",\"@id\":\"https:\/\/paracherkaoui.ma\/#website\",\"url\":\"https:\/\/paracherkaoui.ma\/\",\"name\":\"Paracherkaoui.ma\",\"description\":\"Achetez en ligne sur Paracherkaoui.ma\",\"potentialAction\":[{\"@type\":\"SearchAction\",\"target\":{\"@type\":\"EntryPoint\",\"urlTemplate\":\"https:\/\/paracherkaoui.ma\/?s={search_term_string}\"},\"query-input\":{\"@type\":\"PropertyValueSpecification\",\"valueRequired\":true,\"valueName\":\"search_term_string\"}}],\"inLanguage\":\"fr-FR\"}]}<\/script>\r\n<!-- \/ Yoast SEO plugin. -->","yoast_head_json":{"title":"BIOKERA NATURE MASQUE HYDRATANT 1KG - Paracherkaoui.ma","robots":{"index":"index","follow":"follow","max-snippet":"max-snippet:-1","max-image-preview":"max-image-preview:large","max-video-preview":"max-video-preview:-1"},"canonical":"https:\/\/paracherkaoui.ma\/index.php\/produit\/biokera-nature-masque-hydratant-1kg-3\/","og_locale":"fr_FR","og_type":"article","og_title":"BIOKERA NATURE MASQUE HYDRATANT 1KG - Paracherkaoui.ma","og_description":"Description: Masque Hydratant est un masque intensif \u00e0 utilisation continue recommand\u00e9 pour r\u00e9cup\u00e9rer les cheveux tr\u00e8s d\u00e9shydrat\u00e9s et avec des","og_url":"https:\/\/paracherkaoui.ma\/index.php\/produit\/biokera-nature-masque-hydratant-1kg-3\/","og_site_name":"Paracherkaoui.ma","article_modified_time":"2025-12-12T16:53:58+00:00","og_image":[{"width":700,"height":700,"url":"https:\/\/paracherkaoui.ma\/wp-content\/uploads\/2025\/12\/biokera-biokera-nature-masque-hydratant-1kg-apres-shampooing-soin-des-cheveux.jpg","type":"image\/jpeg"}],"twitter_card":"summary_large_image","schema":{"@context":"https:\/\/schema.org","@graph":[{"@type":"WebPage","@id":"https:\/\/paracherkaoui.ma\/index.php\/produit\/biokera-nature-masque-hydratant-1kg-3\/","url":"https:\/\/paracherkaoui.ma\/index.php\/produit\/biokera-nature-masque-hydratant-1kg-3\/","name":"BIOKERA NATURE MASQUE HYDRATANT 1KG - Paracherkaoui.ma","isPartOf":{"@id":"https:\/\/paracherkaoui.ma\/#website"},"primaryImageOfPage":{"@id":"https:\/\/paracherkaoui.ma\/index.php\/produit\/biokera-nature-masque-hydratant-1kg-3\/#primaryimage"},"image":{"@id":"https:\/\/paracherkaoui.ma\/index.php\/produit\/biokera-nature-masque-hydratant-1kg-3\/#primaryimage"},"thumbnailUrl":"https:\/\/paracherkaoui.ma\/wp-content\/uploads\/2025\/12\/biokera-biokera-nature-masque-hydratant-1kg-apres-shampooing-soin-des-cheveux.jpg","datePublished":"2025-12-12T16:53:56+00:00","dateModified":"2025-12-12T16:53:58+00:00","breadcrumb":{"@id":"https:\/\/paracherkaoui.ma\/index.php\/produit\/biokera-nature-masque-hydratant-1kg-3\/#breadcrumb"},"inLanguage":"fr-FR","potentialAction":[{"@type":"ReadAction","target":["https:\/\/paracherkaoui.ma\/index.php\/produit\/biokera-nature-masque-hydratant-1kg-3\/"]}]},{"@type":"ImageObject","inLanguage":"fr-FR","@id":"https:\/\/paracherkaoui.ma\/index.php\/produit\/biokera-nature-masque-hydratant-1kg-3\/#primaryimage","url":"https:\/\/paracherkaoui.ma\/wp-content\/uploads\/2025\/12\/biokera-biokera-nature-masque-hydratant-1kg-apres-shampooing-soin-des-cheveux.jpg","contentUrl":"https:\/\/paracherkaoui.ma\/wp-content\/uploads\/2025\/12\/biokera-biokera-nature-masque-hydratant-1kg-apres-shampooing-soin-des-cheveux.jpg","width":700,"height":700},{"@type":"BreadcrumbList","@id":"https:\/\/paracherkaoui.ma\/index.php\/produit\/biokera-nature-masque-hydratant-1kg-3\/#breadcrumb","itemListElement":[{"@type":"ListItem","position":1,"name":"Accueil","item":"https:\/\/paracherkaoui.ma\/"},{"@type":"ListItem","position":2,"name":"Boutique","item":"https:\/\/paracherkaoui.ma\/index.php\/boutique\/"},{"@type":"ListItem","position":3,"name":"BIOKERA NATURE MASQUE HYDRATANT 1KG"}]},{"@type":"WebSite","@id":"https:\/\/paracherkaoui.ma\/#website","url":"https:\/\/paracherkaoui.ma\/","name":"Paracherkaoui.ma","description":"Achetez en ligne sur Paracherkaoui.ma","potentialAction":[{"@type":"SearchAction","target":{"@type":"EntryPoint","urlTemplate":"https:\/\/paracherkaoui.ma\/?s={search_term_string}"},"query-input":{"@type":"PropertyValueSpecification","valueRequired":true,"valueName":"search_term_string"}}],"inLanguage":"fr-FR"}]}},"_links":{"self":[{"href":"https:\/\/paracherkaoui.ma\/index.php\/wp-json\/wp\/v2\/product\/15928","targetHints":{"allow":["GET"]}}],"collection":[{"href":"https:\/\/paracherkaoui.ma\/index.php\/wp-json\/wp\/v2\/product"}],"about":[{"href":"https:\/\/paracherkaoui.ma\/index.php\/wp-json\/wp\/v2\/types\/product"}],"replies":[{"embeddable":true,"href":"https:\/\/paracherkaoui.ma\/index.php\/wp-json\/wp\/v2\/comments?post=15928"}],"version-history":[{"count":1,"href":"https:\/\/paracherkaoui.ma\/index.php\/wp-json\/wp\/v2\/product\/15928\/revisions"}],"predecessor-version":[{"id":15958,"href":"https:\/\/paracherkaoui.ma\/index.php\/wp-json\/wp\/v2\/product\/15928\/revisions\/15958"}],"wp:featuredmedia":[{"embeddable":true,"href":"https:\/\/paracherkaoui.ma\/index.php\/wp-json\/wp\/v2\/media\/14443"}],"wp:attachment":[{"href":"https:\/\/paracherkaoui.ma\/index.php\/wp-json\/wp\/v2\/media?parent=15928"}],"wp:term":[{"taxonomy":"product_brand","embeddable":true,"href":"https:\/\/paracherkaoui.ma\/index.php\/wp-json\/wp\/v2\/product_brand?post=15928"},{"taxonomy":"product_cat","embeddable":true,"href":"https:\/\/paracherkaoui.ma\/index.php\/wp-json\/wp\/v2\/product_cat?post=15928"},{"taxonomy":"product_tag","embeddable":true,"href":"https:\/\/paracherkaoui.ma\/index.php\/wp-json\/wp\/v2\/product_tag?post=15928"}],"curies":[{"name":"wp","href":"https:\/\/api.w.org\/{rel}","templated":true}]}}