{"id":15818,"date":"2025-12-12T17:53:03","date_gmt":"2025-12-12T16:53:03","guid":{"rendered":"https:\/\/test.ecbeaute.com\/?post_type=product&#038;p=15818"},"modified":"2025-12-12T17:53:06","modified_gmt":"2025-12-12T16:53:06","slug":"erayba-always-beautiful-hair-volume-masque-250-ml","status":"publish","type":"product","link":"https:\/\/paracherkaoui.ma\/index.php\/produit\/erayba-always-beautiful-hair-volume-masque-250-ml\/","title":{"rendered":"ERAYBA ALWAYS BEAUTIFUL HAIR VOLUME MASQUE 250 ML"},"content":{"rendered":"<p>Le masque capillaire ERAYBA ALWAYS BEAUTIFUL HAIR VOLUME est le soin id\u00e9al pour les cheveux fins en manque de volume. Sa formule vegan, riche en actifs naturels, apporte corps, l\u00e9g\u00e8ret\u00e9 et vitalit\u00e9 aux cheveux, tout en contr\u00f4lant les frisottis.<br \/>\nUne formule naturelle et performante<br \/>\nCe masque volumateur est un v\u00e9ritable concentr\u00e9 d&rsquo;ingr\u00e9dients b\u00e9n\u00e9fiques pour les cheveux fins :<br \/>\nActifs volumisants: ils renforcent la fibre capillaire et donnent de la densit\u00e9 aux cheveux, pour un effet \u00e9paississant visible.<br \/>\nActifs hydratants: ils hydratent en profondeur sans alourdir les cheveux, pour une chevelure souple et l\u00e9g\u00e8re.<br \/>\nComplexe anti-frisottis: il prot\u00e8ge les cheveux de l&rsquo;humidit\u00e9 et des agressions ext\u00e9rieures, pour un contr\u00f4le parfait des frisottis.<br \/>\nConseils d&rsquo;utilisation<br \/>\nPour profiter pleinement des bienfaits du masque ERAYBA ALWAYS BEAUTIFUL HAIR VOLUME, suivez ces conseils d&rsquo;utilisation :<br \/>\nApr\u00e8s avoir lav\u00e9 vos cheveux avec le shampooing ERAYBA ALWAYS BEAUTIFUL HAIR VOLUME, appliquez une quantit\u00e9 g\u00e9n\u00e9reuse de masque sur les longueurs et les pointes.<br \/>\nLaissez agir pendant 5 \u00e0 10 minutes pour une hydratation et une r\u00e9paration optimales.<br \/>\nRincez abondamment \u00e0 l&rsquo;eau ti\u00e8de.G<\/p>\n","protected":false},"excerpt":{"rendered":"<p>Le masque capillaire ERAYBA ALWAYS BEAUTIFUL HAIR VOLUME est le soin id\u00e9al pour les cheveux fins en manque de volume.<\/p>\n","protected":false},"featured_media":15880,"comment_status":"open","ping_status":"closed","template":"","meta":[],"product_brand":[193],"product_cat":[183],"product_tag":[],"class_list":{"0":"post-15818","1":"product","2":"type-product","3":"status-publish","4":"has-post-thumbnail","6":"product_brand-erayba","7":"product_cat-masques-et-cremes","9":"first","10":"instock","11":"sale","12":"shipping-taxable","13":"purchasable","14":"product-type-simple"},"yoast_head":"<!-- This site is optimized with the Yoast SEO plugin v26.6 - https:\/\/yoast.com\/wordpress\/plugins\/seo\/ -->\r\n<title>ERAYBA ALWAYS BEAUTIFUL HAIR VOLUME MASQUE 250 ML - Paracherkaoui.ma<\/title>\r\n<meta name=\"robots\" content=\"index, follow, max-snippet:-1, max-image-preview:large, max-video-preview:-1\" \/>\r\n<link rel=\"canonical\" href=\"https:\/\/paracherkaoui.ma\/index.php\/produit\/erayba-always-beautiful-hair-volume-masque-250-ml\/\" \/>\r\n<meta property=\"og:locale\" content=\"fr_FR\" \/>\r\n<meta property=\"og:type\" content=\"article\" \/>\r\n<meta property=\"og:title\" content=\"ERAYBA ALWAYS BEAUTIFUL HAIR VOLUME MASQUE 250 ML - Paracherkaoui.ma\" \/>\r\n<meta property=\"og:description\" content=\"Le masque capillaire ERAYBA ALWAYS BEAUTIFUL HAIR VOLUME est le soin id\u00e9al pour les cheveux fins en manque de volume.\" \/>\r\n<meta property=\"og:url\" content=\"https:\/\/paracherkaoui.ma\/index.php\/produit\/erayba-always-beautiful-hair-volume-masque-250-ml\/\" \/>\r\n<meta property=\"og:site_name\" content=\"Paracherkaoui.ma\" \/>\r\n<meta property=\"article:modified_time\" content=\"2025-12-12T16:53:06+00:00\" \/>\r\n<meta property=\"og:image\" content=\"https:\/\/paracherkaoui.ma\/wp-content\/uploads\/2025\/12\/erayba-always-beautiful-hair-volume-masque-250-ml.jpg\" \/>\r\n\t<meta property=\"og:image:width\" content=\"700\" \/>\r\n\t<meta property=\"og:image:height\" content=\"700\" \/>\r\n\t<meta property=\"og:image:type\" content=\"image\/jpeg\" \/>\r\n<meta name=\"twitter:card\" content=\"summary_large_image\" \/>\r\n<meta name=\"twitter:label1\" content=\"Dur\u00e9e de lecture estim\u00e9e\" \/>\n\t<meta name=\"twitter:data1\" content=\"1 minute\" \/>\r\n<script type=\"application\/ld+json\" class=\"yoast-schema-graph\">{\"@context\":\"https:\/\/schema.org\",\"@graph\":[{\"@type\":\"WebPage\",\"@id\":\"https:\/\/paracherkaoui.ma\/index.php\/produit\/erayba-always-beautiful-hair-volume-masque-250-ml\/\",\"url\":\"https:\/\/paracherkaoui.ma\/index.php\/produit\/erayba-always-beautiful-hair-volume-masque-250-ml\/\",\"name\":\"ERAYBA ALWAYS BEAUTIFUL HAIR VOLUME MASQUE 250 ML - Paracherkaoui.ma\",\"isPartOf\":{\"@id\":\"https:\/\/paracherkaoui.ma\/#website\"},\"primaryImageOfPage\":{\"@id\":\"https:\/\/paracherkaoui.ma\/index.php\/produit\/erayba-always-beautiful-hair-volume-masque-250-ml\/#primaryimage\"},\"image\":{\"@id\":\"https:\/\/paracherkaoui.ma\/index.php\/produit\/erayba-always-beautiful-hair-volume-masque-250-ml\/#primaryimage\"},\"thumbnailUrl\":\"https:\/\/paracherkaoui.ma\/wp-content\/uploads\/2025\/12\/erayba-always-beautiful-hair-volume-masque-250-ml.jpg\",\"datePublished\":\"2025-12-12T16:53:03+00:00\",\"dateModified\":\"2025-12-12T16:53:06+00:00\",\"breadcrumb\":{\"@id\":\"https:\/\/paracherkaoui.ma\/index.php\/produit\/erayba-always-beautiful-hair-volume-masque-250-ml\/#breadcrumb\"},\"inLanguage\":\"fr-FR\",\"potentialAction\":[{\"@type\":\"ReadAction\",\"target\":[\"https:\/\/paracherkaoui.ma\/index.php\/produit\/erayba-always-beautiful-hair-volume-masque-250-ml\/\"]}]},{\"@type\":\"ImageObject\",\"inLanguage\":\"fr-FR\",\"@id\":\"https:\/\/paracherkaoui.ma\/index.php\/produit\/erayba-always-beautiful-hair-volume-masque-250-ml\/#primaryimage\",\"url\":\"https:\/\/paracherkaoui.ma\/wp-content\/uploads\/2025\/12\/erayba-always-beautiful-hair-volume-masque-250-ml.jpg\",\"contentUrl\":\"https:\/\/paracherkaoui.ma\/wp-content\/uploads\/2025\/12\/erayba-always-beautiful-hair-volume-masque-250-ml.jpg\",\"width\":700,\"height\":700},{\"@type\":\"BreadcrumbList\",\"@id\":\"https:\/\/paracherkaoui.ma\/index.php\/produit\/erayba-always-beautiful-hair-volume-masque-250-ml\/#breadcrumb\",\"itemListElement\":[{\"@type\":\"ListItem\",\"position\":1,\"name\":\"Accueil\",\"item\":\"https:\/\/paracherkaoui.ma\/\"},{\"@type\":\"ListItem\",\"position\":2,\"name\":\"Boutique\",\"item\":\"https:\/\/paracherkaoui.ma\/index.php\/boutique\/\"},{\"@type\":\"ListItem\",\"position\":3,\"name\":\"ERAYBA ALWAYS BEAUTIFUL HAIR VOLUME MASQUE 250 ML\"}]},{\"@type\":\"WebSite\",\"@id\":\"https:\/\/paracherkaoui.ma\/#website\",\"url\":\"https:\/\/paracherkaoui.ma\/\",\"name\":\"Paracherkaoui.ma\",\"description\":\"Achetez en ligne sur Paracherkaoui.ma\",\"potentialAction\":[{\"@type\":\"SearchAction\",\"target\":{\"@type\":\"EntryPoint\",\"urlTemplate\":\"https:\/\/paracherkaoui.ma\/?s={search_term_string}\"},\"query-input\":{\"@type\":\"PropertyValueSpecification\",\"valueRequired\":true,\"valueName\":\"search_term_string\"}}],\"inLanguage\":\"fr-FR\"}]}<\/script>\r\n<!-- \/ Yoast SEO plugin. -->","yoast_head_json":{"title":"ERAYBA ALWAYS BEAUTIFUL HAIR VOLUME MASQUE 250 ML - Paracherkaoui.ma","robots":{"index":"index","follow":"follow","max-snippet":"max-snippet:-1","max-image-preview":"max-image-preview:large","max-video-preview":"max-video-preview:-1"},"canonical":"https:\/\/paracherkaoui.ma\/index.php\/produit\/erayba-always-beautiful-hair-volume-masque-250-ml\/","og_locale":"fr_FR","og_type":"article","og_title":"ERAYBA ALWAYS BEAUTIFUL HAIR VOLUME MASQUE 250 ML - Paracherkaoui.ma","og_description":"Le masque capillaire ERAYBA ALWAYS BEAUTIFUL HAIR VOLUME est le soin id\u00e9al pour les cheveux fins en manque de volume.","og_url":"https:\/\/paracherkaoui.ma\/index.php\/produit\/erayba-always-beautiful-hair-volume-masque-250-ml\/","og_site_name":"Paracherkaoui.ma","article_modified_time":"2025-12-12T16:53:06+00:00","og_image":[{"width":700,"height":700,"url":"https:\/\/paracherkaoui.ma\/wp-content\/uploads\/2025\/12\/erayba-always-beautiful-hair-volume-masque-250-ml.jpg","type":"image\/jpeg"}],"twitter_card":"summary_large_image","twitter_misc":{"Dur\u00e9e de lecture estim\u00e9e":"1 minute"},"schema":{"@context":"https:\/\/schema.org","@graph":[{"@type":"WebPage","@id":"https:\/\/paracherkaoui.ma\/index.php\/produit\/erayba-always-beautiful-hair-volume-masque-250-ml\/","url":"https:\/\/paracherkaoui.ma\/index.php\/produit\/erayba-always-beautiful-hair-volume-masque-250-ml\/","name":"ERAYBA ALWAYS BEAUTIFUL HAIR VOLUME MASQUE 250 ML - Paracherkaoui.ma","isPartOf":{"@id":"https:\/\/paracherkaoui.ma\/#website"},"primaryImageOfPage":{"@id":"https:\/\/paracherkaoui.ma\/index.php\/produit\/erayba-always-beautiful-hair-volume-masque-250-ml\/#primaryimage"},"image":{"@id":"https:\/\/paracherkaoui.ma\/index.php\/produit\/erayba-always-beautiful-hair-volume-masque-250-ml\/#primaryimage"},"thumbnailUrl":"https:\/\/paracherkaoui.ma\/wp-content\/uploads\/2025\/12\/erayba-always-beautiful-hair-volume-masque-250-ml.jpg","datePublished":"2025-12-12T16:53:03+00:00","dateModified":"2025-12-12T16:53:06+00:00","breadcrumb":{"@id":"https:\/\/paracherkaoui.ma\/index.php\/produit\/erayba-always-beautiful-hair-volume-masque-250-ml\/#breadcrumb"},"inLanguage":"fr-FR","potentialAction":[{"@type":"ReadAction","target":["https:\/\/paracherkaoui.ma\/index.php\/produit\/erayba-always-beautiful-hair-volume-masque-250-ml\/"]}]},{"@type":"ImageObject","inLanguage":"fr-FR","@id":"https:\/\/paracherkaoui.ma\/index.php\/produit\/erayba-always-beautiful-hair-volume-masque-250-ml\/#primaryimage","url":"https:\/\/paracherkaoui.ma\/wp-content\/uploads\/2025\/12\/erayba-always-beautiful-hair-volume-masque-250-ml.jpg","contentUrl":"https:\/\/paracherkaoui.ma\/wp-content\/uploads\/2025\/12\/erayba-always-beautiful-hair-volume-masque-250-ml.jpg","width":700,"height":700},{"@type":"BreadcrumbList","@id":"https:\/\/paracherkaoui.ma\/index.php\/produit\/erayba-always-beautiful-hair-volume-masque-250-ml\/#breadcrumb","itemListElement":[{"@type":"ListItem","position":1,"name":"Accueil","item":"https:\/\/paracherkaoui.ma\/"},{"@type":"ListItem","position":2,"name":"Boutique","item":"https:\/\/paracherkaoui.ma\/index.php\/boutique\/"},{"@type":"ListItem","position":3,"name":"ERAYBA ALWAYS BEAUTIFUL HAIR VOLUME MASQUE 250 ML"}]},{"@type":"WebSite","@id":"https:\/\/paracherkaoui.ma\/#website","url":"https:\/\/paracherkaoui.ma\/","name":"Paracherkaoui.ma","description":"Achetez en ligne sur Paracherkaoui.ma","potentialAction":[{"@type":"SearchAction","target":{"@type":"EntryPoint","urlTemplate":"https:\/\/paracherkaoui.ma\/?s={search_term_string}"},"query-input":{"@type":"PropertyValueSpecification","valueRequired":true,"valueName":"search_term_string"}}],"inLanguage":"fr-FR"}]}},"_links":{"self":[{"href":"https:\/\/paracherkaoui.ma\/index.php\/wp-json\/wp\/v2\/product\/15818","targetHints":{"allow":["GET"]}}],"collection":[{"href":"https:\/\/paracherkaoui.ma\/index.php\/wp-json\/wp\/v2\/product"}],"about":[{"href":"https:\/\/paracherkaoui.ma\/index.php\/wp-json\/wp\/v2\/types\/product"}],"replies":[{"embeddable":true,"href":"https:\/\/paracherkaoui.ma\/index.php\/wp-json\/wp\/v2\/comments?post=15818"}],"version-history":[{"count":1,"href":"https:\/\/paracherkaoui.ma\/index.php\/wp-json\/wp\/v2\/product\/15818\/revisions"}],"predecessor-version":[{"id":15881,"href":"https:\/\/paracherkaoui.ma\/index.php\/wp-json\/wp\/v2\/product\/15818\/revisions\/15881"}],"wp:featuredmedia":[{"embeddable":true,"href":"https:\/\/paracherkaoui.ma\/index.php\/wp-json\/wp\/v2\/media\/15880"}],"wp:attachment":[{"href":"https:\/\/paracherkaoui.ma\/index.php\/wp-json\/wp\/v2\/media?parent=15818"}],"wp:term":[{"taxonomy":"product_brand","embeddable":true,"href":"https:\/\/paracherkaoui.ma\/index.php\/wp-json\/wp\/v2\/product_brand?post=15818"},{"taxonomy":"product_cat","embeddable":true,"href":"https:\/\/paracherkaoui.ma\/index.php\/wp-json\/wp\/v2\/product_cat?post=15818"},{"taxonomy":"product_tag","embeddable":true,"href":"https:\/\/paracherkaoui.ma\/index.php\/wp-json\/wp\/v2\/product_tag?post=15818"}],"curies":[{"name":"wp","href":"https:\/\/api.w.org\/{rel}","templated":true}]}}