{"id":15815,"date":"2025-12-12T17:53:03","date_gmt":"2025-12-12T16:53:03","guid":{"rendered":"https:\/\/test.ecbeaute.com\/?post_type=product&#038;p=15815"},"modified":"2025-12-12T17:53:07","modified_gmt":"2025-12-12T16:53:07","slug":"foligain-spray-volumateur-triple-action-femme-10-trioxidil-59-ml","status":"publish","type":"product","link":"https:\/\/paracherkaoui.ma\/index.php\/produit\/foligain-spray-volumateur-triple-action-femme-10-trioxidil-59-ml\/","title":{"rendered":"FOLIGAIN SPRAY VOLUMATEUR TRIPLE ACTION FEMME 10% TRIOXIDIL 59 ML"},"content":{"rendered":"<p>La formulation brevet\u00e9e Trioxidil\u00ae de Foligain stimule efficacement les follicules capillaires, augmentant visiblement l&rsquo;\u00e9paisseur et la pl\u00e9nitude de vos cheveux. Con\u00e7u pour une utilisation quotidienne, ce traitement revitalisant offre un volume naturel am\u00e9lior\u00e9 et renforce la vitalit\u00e9 de vos cheveux, tout en am\u00e9liorant leur apparence globale.<br \/>\nCOMPOSITION<br \/>\nPropyl\u00e8ne Glycol\u201a Aqua\/Eau\u201a Butyl\u00e8ne Gycol\u201a Glyc\u00e9rine\u201a Polysorbate 80\u201a Esters de Jojoba hydrolys\u00e9s\u201a PEG-6 Glyc\u00e9rides caprylique\/caprique\u201a Dextran\u201a Ac\u00e9tyl T\u00e9trapeptide-3\u201a Extrait de fleur de Trifolium Pratense (tr\u00e8fle)\u201a Acide citrique\u201a Extrait de racine de Panax Ginseng\u201a Arginine\u201a Acetyl Tyrosine\u201a Arctium Majus (Burdock) Root Extract\u201a Hydrolyzed Soy Protein\u201a Polyquarternium-11\u201a PEG-12 Dimethicone\u201a Calcium Pantothenate\u201a Zinc Gluconate\u201a Niacinamide\u201a Ortnithine HCl\u201a Citrulline\u201a Glucosamine HCl\u201a Biotin\u201a PPG-26-Buteth- 26\u201a Huile de ricin hydrog\u00e9n\u00e9e PEG-40\u201a Apig\u00e9nine\u201a Acide ol\u00e9anolique\u201a Biotinyl Tripeptide-1\u201a Acide lactique\u201a Huile de graines de Ribes Nigrum (cassis)\u201a Saccharomyces\/Ferment de cuivre\u201a Extrait de feuille d&rsquo;Aloe Barbadensis (Aloe Vera)\u201a Allanto\u00efne\u201a Panth\u00e9nol (vitamine B5)\u201a Extrait de germes de Pisum Sativum (pois)\u201a Huile de graines de Moringa Oleifera (Moringa)\u201a Extrait d&rsquo;Urtica Dioica (ortie)\u201a Succinate disodique\u201a Extrait de culture de cellules de fruits de Malus Domestica\u201a L\u00e9cithine\u201a Palmitate de r\u00e9tinyle (vitamine A)\u201a Ac\u00e9tate de tocoph\u00e9ryle (vitamine E) )\u201a Palmitate d&rsquo;ascorbyle (vitamine C)\u201a Gomme de xanthane\u201a Ph\u00e9noxy\u00e9thanol\u201a Benzoate de sodium<br \/>\nCONSEIL D\u2019UTILISATION<br \/>\nPour des r\u00e9sultats optimaux, appliquez 4 pulv\u00e9risations sur le cuir chevelu deux fois par jour, en ciblant les zones d&rsquo;amincissement. Laissez agir pendant au moins 4 heures avant de laver vos cheveux. Compl\u00e9tez votre routine en utilisant le rouleau Foligain pour cheveux et cuir chevelu afin de maximiser les bienfaits du traitement.<\/p>\n","protected":false},"excerpt":{"rendered":"<p>La formulation brevet\u00e9e Trioxidil\u00ae de Foligain stimule efficacement les follicules capillaires, augmentant visiblement l&rsquo;\u00e9paisseur et la pl\u00e9nitude de vos cheveux.<\/p>\n","protected":false},"featured_media":15895,"comment_status":"open","ping_status":"closed","template":"","meta":[],"product_brand":[207],"product_cat":[183],"product_tag":[],"class_list":{"0":"post-15815","1":"product","2":"type-product","3":"status-publish","4":"has-post-thumbnail","6":"product_brand-foligain","7":"product_cat-masques-et-cremes","9":"first","10":"instock","11":"sale","12":"shipping-taxable","13":"purchasable","14":"product-type-simple"},"yoast_head":"<!-- This site is optimized with the Yoast SEO plugin v26.6 - https:\/\/yoast.com\/wordpress\/plugins\/seo\/ -->\r\n<title>FOLIGAIN SPRAY VOLUMATEUR TRIPLE ACTION FEMME 10% TRIOXIDIL 59 ML - Paracherkaoui.ma<\/title>\r\n<meta name=\"robots\" content=\"index, follow, max-snippet:-1, max-image-preview:large, max-video-preview:-1\" \/>\r\n<link rel=\"canonical\" href=\"https:\/\/paracherkaoui.ma\/index.php\/produit\/foligain-spray-volumateur-triple-action-femme-10-trioxidil-59-ml\/\" \/>\r\n<meta property=\"og:locale\" content=\"fr_FR\" \/>\r\n<meta property=\"og:type\" content=\"article\" \/>\r\n<meta property=\"og:title\" content=\"FOLIGAIN SPRAY VOLUMATEUR TRIPLE ACTION FEMME 10% TRIOXIDIL 59 ML - Paracherkaoui.ma\" \/>\r\n<meta property=\"og:description\" content=\"La formulation brevet\u00e9e Trioxidil\u00ae de Foligain stimule efficacement les follicules capillaires, augmentant visiblement l&rsquo;\u00e9paisseur et la pl\u00e9nitude de vos cheveux.\" \/>\r\n<meta property=\"og:url\" content=\"https:\/\/paracherkaoui.ma\/index.php\/produit\/foligain-spray-volumateur-triple-action-femme-10-trioxidil-59-ml\/\" \/>\r\n<meta property=\"og:site_name\" content=\"Paracherkaoui.ma\" \/>\r\n<meta property=\"article:modified_time\" content=\"2025-12-12T16:53:07+00:00\" \/>\r\n<meta property=\"og:image\" content=\"https:\/\/paracherkaoui.ma\/wp-content\/uploads\/2025\/12\/foligain-foligain-spray-volumateur-triple-action-femme-10-trioxidil-59-ml-masque-creme-et-soins.jpg\" \/>\r\n\t<meta property=\"og:image:width\" content=\"700\" \/>\r\n\t<meta property=\"og:image:height\" content=\"700\" \/>\r\n\t<meta property=\"og:image:type\" content=\"image\/jpeg\" \/>\r\n<meta name=\"twitter:card\" content=\"summary_large_image\" \/>\r\n<meta name=\"twitter:label1\" content=\"Dur\u00e9e de lecture estim\u00e9e\" \/>\n\t<meta name=\"twitter:data1\" content=\"1 minute\" \/>\r\n<script type=\"application\/ld+json\" class=\"yoast-schema-graph\">{\"@context\":\"https:\/\/schema.org\",\"@graph\":[{\"@type\":\"WebPage\",\"@id\":\"https:\/\/paracherkaoui.ma\/index.php\/produit\/foligain-spray-volumateur-triple-action-femme-10-trioxidil-59-ml\/\",\"url\":\"https:\/\/paracherkaoui.ma\/index.php\/produit\/foligain-spray-volumateur-triple-action-femme-10-trioxidil-59-ml\/\",\"name\":\"FOLIGAIN SPRAY VOLUMATEUR TRIPLE ACTION FEMME 10% TRIOXIDIL 59 ML - Paracherkaoui.ma\",\"isPartOf\":{\"@id\":\"https:\/\/paracherkaoui.ma\/#website\"},\"primaryImageOfPage\":{\"@id\":\"https:\/\/paracherkaoui.ma\/index.php\/produit\/foligain-spray-volumateur-triple-action-femme-10-trioxidil-59-ml\/#primaryimage\"},\"image\":{\"@id\":\"https:\/\/paracherkaoui.ma\/index.php\/produit\/foligain-spray-volumateur-triple-action-femme-10-trioxidil-59-ml\/#primaryimage\"},\"thumbnailUrl\":\"https:\/\/paracherkaoui.ma\/wp-content\/uploads\/2025\/12\/foligain-foligain-spray-volumateur-triple-action-femme-10-trioxidil-59-ml-masque-creme-et-soins.jpg\",\"datePublished\":\"2025-12-12T16:53:03+00:00\",\"dateModified\":\"2025-12-12T16:53:07+00:00\",\"breadcrumb\":{\"@id\":\"https:\/\/paracherkaoui.ma\/index.php\/produit\/foligain-spray-volumateur-triple-action-femme-10-trioxidil-59-ml\/#breadcrumb\"},\"inLanguage\":\"fr-FR\",\"potentialAction\":[{\"@type\":\"ReadAction\",\"target\":[\"https:\/\/paracherkaoui.ma\/index.php\/produit\/foligain-spray-volumateur-triple-action-femme-10-trioxidil-59-ml\/\"]}]},{\"@type\":\"ImageObject\",\"inLanguage\":\"fr-FR\",\"@id\":\"https:\/\/paracherkaoui.ma\/index.php\/produit\/foligain-spray-volumateur-triple-action-femme-10-trioxidil-59-ml\/#primaryimage\",\"url\":\"https:\/\/paracherkaoui.ma\/wp-content\/uploads\/2025\/12\/foligain-foligain-spray-volumateur-triple-action-femme-10-trioxidil-59-ml-masque-creme-et-soins.jpg\",\"contentUrl\":\"https:\/\/paracherkaoui.ma\/wp-content\/uploads\/2025\/12\/foligain-foligain-spray-volumateur-triple-action-femme-10-trioxidil-59-ml-masque-creme-et-soins.jpg\",\"width\":700,\"height\":700},{\"@type\":\"BreadcrumbList\",\"@id\":\"https:\/\/paracherkaoui.ma\/index.php\/produit\/foligain-spray-volumateur-triple-action-femme-10-trioxidil-59-ml\/#breadcrumb\",\"itemListElement\":[{\"@type\":\"ListItem\",\"position\":1,\"name\":\"Accueil\",\"item\":\"https:\/\/paracherkaoui.ma\/\"},{\"@type\":\"ListItem\",\"position\":2,\"name\":\"Boutique\",\"item\":\"https:\/\/paracherkaoui.ma\/index.php\/boutique\/\"},{\"@type\":\"ListItem\",\"position\":3,\"name\":\"FOLIGAIN SPRAY VOLUMATEUR TRIPLE ACTION FEMME 10% TRIOXIDIL 59 ML\"}]},{\"@type\":\"WebSite\",\"@id\":\"https:\/\/paracherkaoui.ma\/#website\",\"url\":\"https:\/\/paracherkaoui.ma\/\",\"name\":\"Paracherkaoui.ma\",\"description\":\"Achetez en ligne sur Paracherkaoui.ma\",\"potentialAction\":[{\"@type\":\"SearchAction\",\"target\":{\"@type\":\"EntryPoint\",\"urlTemplate\":\"https:\/\/paracherkaoui.ma\/?s={search_term_string}\"},\"query-input\":{\"@type\":\"PropertyValueSpecification\",\"valueRequired\":true,\"valueName\":\"search_term_string\"}}],\"inLanguage\":\"fr-FR\"}]}<\/script>\r\n<!-- \/ Yoast SEO plugin. -->","yoast_head_json":{"title":"FOLIGAIN SPRAY VOLUMATEUR TRIPLE ACTION FEMME 10% TRIOXIDIL 59 ML - Paracherkaoui.ma","robots":{"index":"index","follow":"follow","max-snippet":"max-snippet:-1","max-image-preview":"max-image-preview:large","max-video-preview":"max-video-preview:-1"},"canonical":"https:\/\/paracherkaoui.ma\/index.php\/produit\/foligain-spray-volumateur-triple-action-femme-10-trioxidil-59-ml\/","og_locale":"fr_FR","og_type":"article","og_title":"FOLIGAIN SPRAY VOLUMATEUR TRIPLE ACTION FEMME 10% TRIOXIDIL 59 ML - Paracherkaoui.ma","og_description":"La formulation brevet\u00e9e Trioxidil\u00ae de Foligain stimule efficacement les follicules capillaires, augmentant visiblement l&rsquo;\u00e9paisseur et la pl\u00e9nitude de vos cheveux.","og_url":"https:\/\/paracherkaoui.ma\/index.php\/produit\/foligain-spray-volumateur-triple-action-femme-10-trioxidil-59-ml\/","og_site_name":"Paracherkaoui.ma","article_modified_time":"2025-12-12T16:53:07+00:00","og_image":[{"width":700,"height":700,"url":"https:\/\/paracherkaoui.ma\/wp-content\/uploads\/2025\/12\/foligain-foligain-spray-volumateur-triple-action-femme-10-trioxidil-59-ml-masque-creme-et-soins.jpg","type":"image\/jpeg"}],"twitter_card":"summary_large_image","twitter_misc":{"Dur\u00e9e de lecture estim\u00e9e":"1 minute"},"schema":{"@context":"https:\/\/schema.org","@graph":[{"@type":"WebPage","@id":"https:\/\/paracherkaoui.ma\/index.php\/produit\/foligain-spray-volumateur-triple-action-femme-10-trioxidil-59-ml\/","url":"https:\/\/paracherkaoui.ma\/index.php\/produit\/foligain-spray-volumateur-triple-action-femme-10-trioxidil-59-ml\/","name":"FOLIGAIN SPRAY VOLUMATEUR TRIPLE ACTION FEMME 10% TRIOXIDIL 59 ML - Paracherkaoui.ma","isPartOf":{"@id":"https:\/\/paracherkaoui.ma\/#website"},"primaryImageOfPage":{"@id":"https:\/\/paracherkaoui.ma\/index.php\/produit\/foligain-spray-volumateur-triple-action-femme-10-trioxidil-59-ml\/#primaryimage"},"image":{"@id":"https:\/\/paracherkaoui.ma\/index.php\/produit\/foligain-spray-volumateur-triple-action-femme-10-trioxidil-59-ml\/#primaryimage"},"thumbnailUrl":"https:\/\/paracherkaoui.ma\/wp-content\/uploads\/2025\/12\/foligain-foligain-spray-volumateur-triple-action-femme-10-trioxidil-59-ml-masque-creme-et-soins.jpg","datePublished":"2025-12-12T16:53:03+00:00","dateModified":"2025-12-12T16:53:07+00:00","breadcrumb":{"@id":"https:\/\/paracherkaoui.ma\/index.php\/produit\/foligain-spray-volumateur-triple-action-femme-10-trioxidil-59-ml\/#breadcrumb"},"inLanguage":"fr-FR","potentialAction":[{"@type":"ReadAction","target":["https:\/\/paracherkaoui.ma\/index.php\/produit\/foligain-spray-volumateur-triple-action-femme-10-trioxidil-59-ml\/"]}]},{"@type":"ImageObject","inLanguage":"fr-FR","@id":"https:\/\/paracherkaoui.ma\/index.php\/produit\/foligain-spray-volumateur-triple-action-femme-10-trioxidil-59-ml\/#primaryimage","url":"https:\/\/paracherkaoui.ma\/wp-content\/uploads\/2025\/12\/foligain-foligain-spray-volumateur-triple-action-femme-10-trioxidil-59-ml-masque-creme-et-soins.jpg","contentUrl":"https:\/\/paracherkaoui.ma\/wp-content\/uploads\/2025\/12\/foligain-foligain-spray-volumateur-triple-action-femme-10-trioxidil-59-ml-masque-creme-et-soins.jpg","width":700,"height":700},{"@type":"BreadcrumbList","@id":"https:\/\/paracherkaoui.ma\/index.php\/produit\/foligain-spray-volumateur-triple-action-femme-10-trioxidil-59-ml\/#breadcrumb","itemListElement":[{"@type":"ListItem","position":1,"name":"Accueil","item":"https:\/\/paracherkaoui.ma\/"},{"@type":"ListItem","position":2,"name":"Boutique","item":"https:\/\/paracherkaoui.ma\/index.php\/boutique\/"},{"@type":"ListItem","position":3,"name":"FOLIGAIN SPRAY VOLUMATEUR TRIPLE ACTION FEMME 10% TRIOXIDIL 59 ML"}]},{"@type":"WebSite","@id":"https:\/\/paracherkaoui.ma\/#website","url":"https:\/\/paracherkaoui.ma\/","name":"Paracherkaoui.ma","description":"Achetez en ligne sur Paracherkaoui.ma","potentialAction":[{"@type":"SearchAction","target":{"@type":"EntryPoint","urlTemplate":"https:\/\/paracherkaoui.ma\/?s={search_term_string}"},"query-input":{"@type":"PropertyValueSpecification","valueRequired":true,"valueName":"search_term_string"}}],"inLanguage":"fr-FR"}]}},"_links":{"self":[{"href":"https:\/\/paracherkaoui.ma\/index.php\/wp-json\/wp\/v2\/product\/15815","targetHints":{"allow":["GET"]}}],"collection":[{"href":"https:\/\/paracherkaoui.ma\/index.php\/wp-json\/wp\/v2\/product"}],"about":[{"href":"https:\/\/paracherkaoui.ma\/index.php\/wp-json\/wp\/v2\/types\/product"}],"replies":[{"embeddable":true,"href":"https:\/\/paracherkaoui.ma\/index.php\/wp-json\/wp\/v2\/comments?post=15815"}],"version-history":[{"count":1,"href":"https:\/\/paracherkaoui.ma\/index.php\/wp-json\/wp\/v2\/product\/15815\/revisions"}],"predecessor-version":[{"id":15897,"href":"https:\/\/paracherkaoui.ma\/index.php\/wp-json\/wp\/v2\/product\/15815\/revisions\/15897"}],"wp:featuredmedia":[{"embeddable":true,"href":"https:\/\/paracherkaoui.ma\/index.php\/wp-json\/wp\/v2\/media\/15895"}],"wp:attachment":[{"href":"https:\/\/paracherkaoui.ma\/index.php\/wp-json\/wp\/v2\/media?parent=15815"}],"wp:term":[{"taxonomy":"product_brand","embeddable":true,"href":"https:\/\/paracherkaoui.ma\/index.php\/wp-json\/wp\/v2\/product_brand?post=15815"},{"taxonomy":"product_cat","embeddable":true,"href":"https:\/\/paracherkaoui.ma\/index.php\/wp-json\/wp\/v2\/product_cat?post=15815"},{"taxonomy":"product_tag","embeddable":true,"href":"https:\/\/paracherkaoui.ma\/index.php\/wp-json\/wp\/v2\/product_tag?post=15815"}],"curies":[{"name":"wp","href":"https:\/\/api.w.org\/{rel}","templated":true}]}}