{"id":15809,"date":"2025-12-12T17:53:03","date_gmt":"2025-12-12T16:53:03","guid":{"rendered":"https:\/\/test.ecbeaute.com\/?post_type=product&#038;p=15809"},"modified":"2025-12-12T17:53:06","modified_gmt":"2025-12-12T16:53:06","slug":"skinor-huile-de-coco-250-ml","status":"publish","type":"product","link":"https:\/\/paracherkaoui.ma\/index.php\/produit\/skinor-huile-de-coco-250-ml\/","title":{"rendered":"SKINOR HUILE DE COCO 250 ML"},"content":{"rendered":"<p>Cette huile de coco \u00e9cologique d\u00e9sodorisante \u2013 \u00e9labor\u00e9e \u00e0 partir de noix de culture \u00e9cologique \u2013 va vous \u00e9poustoufler\u2026 Riche en vitamines E et K, et en fer, l\u2019huile de coco contient de puissants antioxydants, am\u00e9liore votre renouvellement cellulaire, hydrate votre peau et limite les dommages caus\u00e9s par le soleil. Elle nourrit votre chevelure et la rend dense.<br \/>\nQuand Marco Polo d\u00e9couvrit ce fruit, il le surnomma la \u00ab noix du pharaon \u00bb, tant il fut s\u00e9duit par son go\u00fbt, sa couleur et sa forme. Bien qu\u2019utilis\u00e9e comme nourriture et boisson, l\u2019huile obtenue \u00e0 partir du fruit a par la suite servi comme mati\u00e8re premi\u00e8re en cosm\u00e9tique, puisque l\u2019huile de coco a fait ses preuves depuis la Polyn\u00e9sie vers le reste du monde\u2026<br \/>\nCONSEILS D&rsquo;UTILISATION:<br \/>\nLors de son utilisation, et pour ne pas graisser votre cuir chevelu, il faudra se concentrer sur vos pointes ou faire des masques pour cheveux (appliquez l\u2019huile sur cheveux secs puis enveloppez-les dans une serviette chaude et laissez reposer avant de mettre le shampoing). Pour vos dents, elle est une pr\u00e9cieuse alli\u00e9e, id\u00e9ale pour se faire un bain de bouche \u00ab blanchissant \u00bb avant de se rincer les dents.<br \/>\nVous pouvez l\u2019utiliser pour tout, elle est votre indispensable soin pour une \u00ab beaut\u00e9 naturelle \u00bb. Outre les prescriptions cit\u00e9es, elle peut vous servir comme cr\u00e8me pour le visage, baume pour les l\u00e8vres et d\u00e9odorant secret. Ses multiples utilisations passionnent et r\u00e9confortent<\/p>\n","protected":false},"excerpt":{"rendered":"<p>Cette huile de coco \u00e9cologique d\u00e9sodorisante \u2013 \u00e9labor\u00e9e \u00e0 partir de noix de culture \u00e9cologique \u2013 va vous \u00e9poustoufler\u2026 Riche<\/p>\n","protected":false},"featured_media":15883,"comment_status":"open","ping_status":"closed","template":"","meta":[],"product_brand":[213],"product_cat":[183],"product_tag":[],"class_list":{"0":"post-15809","1":"product","2":"type-product","3":"status-publish","4":"has-post-thumbnail","6":"product_brand-skinor","7":"product_cat-masques-et-cremes","9":"first","10":"instock","11":"sale","12":"shipping-taxable","13":"purchasable","14":"product-type-simple"},"yoast_head":"<!-- This site is optimized with the Yoast SEO plugin v26.6 - https:\/\/yoast.com\/wordpress\/plugins\/seo\/ -->\r\n<title>SKINOR HUILE DE COCO 250 ML - Paracherkaoui.ma<\/title>\r\n<meta name=\"robots\" content=\"index, follow, max-snippet:-1, max-image-preview:large, max-video-preview:-1\" \/>\r\n<link rel=\"canonical\" href=\"https:\/\/paracherkaoui.ma\/index.php\/produit\/skinor-huile-de-coco-250-ml\/\" \/>\r\n<meta property=\"og:locale\" content=\"fr_FR\" \/>\r\n<meta property=\"og:type\" content=\"article\" \/>\r\n<meta property=\"og:title\" content=\"SKINOR HUILE DE COCO 250 ML - Paracherkaoui.ma\" \/>\r\n<meta property=\"og:description\" content=\"Cette huile de coco \u00e9cologique d\u00e9sodorisante \u2013 \u00e9labor\u00e9e \u00e0 partir de noix de culture \u00e9cologique \u2013 va vous \u00e9poustoufler\u2026 Riche\" \/>\r\n<meta property=\"og:url\" content=\"https:\/\/paracherkaoui.ma\/index.php\/produit\/skinor-huile-de-coco-250-ml\/\" \/>\r\n<meta property=\"og:site_name\" content=\"Paracherkaoui.ma\" \/>\r\n<meta property=\"article:modified_time\" content=\"2025-12-12T16:53:06+00:00\" \/>\r\n<meta property=\"og:image\" content=\"https:\/\/paracherkaoui.ma\/wp-content\/uploads\/2025\/12\/skinor-skinor-huile-de-coco-250-ml-masque-creme-et-soins.jpg\" \/>\r\n\t<meta property=\"og:image:width\" content=\"700\" \/>\r\n\t<meta property=\"og:image:height\" content=\"700\" \/>\r\n\t<meta property=\"og:image:type\" content=\"image\/jpeg\" \/>\r\n<meta name=\"twitter:card\" content=\"summary_large_image\" \/>\r\n<meta name=\"twitter:label1\" content=\"Dur\u00e9e de lecture estim\u00e9e\" \/>\n\t<meta name=\"twitter:data1\" content=\"1 minute\" \/>\r\n<script type=\"application\/ld+json\" class=\"yoast-schema-graph\">{\"@context\":\"https:\/\/schema.org\",\"@graph\":[{\"@type\":\"WebPage\",\"@id\":\"https:\/\/paracherkaoui.ma\/index.php\/produit\/skinor-huile-de-coco-250-ml\/\",\"url\":\"https:\/\/paracherkaoui.ma\/index.php\/produit\/skinor-huile-de-coco-250-ml\/\",\"name\":\"SKINOR HUILE DE COCO 250 ML - Paracherkaoui.ma\",\"isPartOf\":{\"@id\":\"https:\/\/paracherkaoui.ma\/#website\"},\"primaryImageOfPage\":{\"@id\":\"https:\/\/paracherkaoui.ma\/index.php\/produit\/skinor-huile-de-coco-250-ml\/#primaryimage\"},\"image\":{\"@id\":\"https:\/\/paracherkaoui.ma\/index.php\/produit\/skinor-huile-de-coco-250-ml\/#primaryimage\"},\"thumbnailUrl\":\"https:\/\/paracherkaoui.ma\/wp-content\/uploads\/2025\/12\/skinor-skinor-huile-de-coco-250-ml-masque-creme-et-soins.jpg\",\"datePublished\":\"2025-12-12T16:53:03+00:00\",\"dateModified\":\"2025-12-12T16:53:06+00:00\",\"breadcrumb\":{\"@id\":\"https:\/\/paracherkaoui.ma\/index.php\/produit\/skinor-huile-de-coco-250-ml\/#breadcrumb\"},\"inLanguage\":\"fr-FR\",\"potentialAction\":[{\"@type\":\"ReadAction\",\"target\":[\"https:\/\/paracherkaoui.ma\/index.php\/produit\/skinor-huile-de-coco-250-ml\/\"]}]},{\"@type\":\"ImageObject\",\"inLanguage\":\"fr-FR\",\"@id\":\"https:\/\/paracherkaoui.ma\/index.php\/produit\/skinor-huile-de-coco-250-ml\/#primaryimage\",\"url\":\"https:\/\/paracherkaoui.ma\/wp-content\/uploads\/2025\/12\/skinor-skinor-huile-de-coco-250-ml-masque-creme-et-soins.jpg\",\"contentUrl\":\"https:\/\/paracherkaoui.ma\/wp-content\/uploads\/2025\/12\/skinor-skinor-huile-de-coco-250-ml-masque-creme-et-soins.jpg\",\"width\":700,\"height\":700},{\"@type\":\"BreadcrumbList\",\"@id\":\"https:\/\/paracherkaoui.ma\/index.php\/produit\/skinor-huile-de-coco-250-ml\/#breadcrumb\",\"itemListElement\":[{\"@type\":\"ListItem\",\"position\":1,\"name\":\"Accueil\",\"item\":\"https:\/\/paracherkaoui.ma\/\"},{\"@type\":\"ListItem\",\"position\":2,\"name\":\"Boutique\",\"item\":\"https:\/\/paracherkaoui.ma\/index.php\/boutique\/\"},{\"@type\":\"ListItem\",\"position\":3,\"name\":\"SKINOR HUILE DE COCO 250 ML\"}]},{\"@type\":\"WebSite\",\"@id\":\"https:\/\/paracherkaoui.ma\/#website\",\"url\":\"https:\/\/paracherkaoui.ma\/\",\"name\":\"Paracherkaoui.ma\",\"description\":\"Achetez en ligne sur Paracherkaoui.ma\",\"potentialAction\":[{\"@type\":\"SearchAction\",\"target\":{\"@type\":\"EntryPoint\",\"urlTemplate\":\"https:\/\/paracherkaoui.ma\/?s={search_term_string}\"},\"query-input\":{\"@type\":\"PropertyValueSpecification\",\"valueRequired\":true,\"valueName\":\"search_term_string\"}}],\"inLanguage\":\"fr-FR\"}]}<\/script>\r\n<!-- \/ Yoast SEO plugin. -->","yoast_head_json":{"title":"SKINOR HUILE DE COCO 250 ML - Paracherkaoui.ma","robots":{"index":"index","follow":"follow","max-snippet":"max-snippet:-1","max-image-preview":"max-image-preview:large","max-video-preview":"max-video-preview:-1"},"canonical":"https:\/\/paracherkaoui.ma\/index.php\/produit\/skinor-huile-de-coco-250-ml\/","og_locale":"fr_FR","og_type":"article","og_title":"SKINOR HUILE DE COCO 250 ML - Paracherkaoui.ma","og_description":"Cette huile de coco \u00e9cologique d\u00e9sodorisante \u2013 \u00e9labor\u00e9e \u00e0 partir de noix de culture \u00e9cologique \u2013 va vous \u00e9poustoufler\u2026 Riche","og_url":"https:\/\/paracherkaoui.ma\/index.php\/produit\/skinor-huile-de-coco-250-ml\/","og_site_name":"Paracherkaoui.ma","article_modified_time":"2025-12-12T16:53:06+00:00","og_image":[{"width":700,"height":700,"url":"https:\/\/paracherkaoui.ma\/wp-content\/uploads\/2025\/12\/skinor-skinor-huile-de-coco-250-ml-masque-creme-et-soins.jpg","type":"image\/jpeg"}],"twitter_card":"summary_large_image","twitter_misc":{"Dur\u00e9e de lecture estim\u00e9e":"1 minute"},"schema":{"@context":"https:\/\/schema.org","@graph":[{"@type":"WebPage","@id":"https:\/\/paracherkaoui.ma\/index.php\/produit\/skinor-huile-de-coco-250-ml\/","url":"https:\/\/paracherkaoui.ma\/index.php\/produit\/skinor-huile-de-coco-250-ml\/","name":"SKINOR HUILE DE COCO 250 ML - Paracherkaoui.ma","isPartOf":{"@id":"https:\/\/paracherkaoui.ma\/#website"},"primaryImageOfPage":{"@id":"https:\/\/paracherkaoui.ma\/index.php\/produit\/skinor-huile-de-coco-250-ml\/#primaryimage"},"image":{"@id":"https:\/\/paracherkaoui.ma\/index.php\/produit\/skinor-huile-de-coco-250-ml\/#primaryimage"},"thumbnailUrl":"https:\/\/paracherkaoui.ma\/wp-content\/uploads\/2025\/12\/skinor-skinor-huile-de-coco-250-ml-masque-creme-et-soins.jpg","datePublished":"2025-12-12T16:53:03+00:00","dateModified":"2025-12-12T16:53:06+00:00","breadcrumb":{"@id":"https:\/\/paracherkaoui.ma\/index.php\/produit\/skinor-huile-de-coco-250-ml\/#breadcrumb"},"inLanguage":"fr-FR","potentialAction":[{"@type":"ReadAction","target":["https:\/\/paracherkaoui.ma\/index.php\/produit\/skinor-huile-de-coco-250-ml\/"]}]},{"@type":"ImageObject","inLanguage":"fr-FR","@id":"https:\/\/paracherkaoui.ma\/index.php\/produit\/skinor-huile-de-coco-250-ml\/#primaryimage","url":"https:\/\/paracherkaoui.ma\/wp-content\/uploads\/2025\/12\/skinor-skinor-huile-de-coco-250-ml-masque-creme-et-soins.jpg","contentUrl":"https:\/\/paracherkaoui.ma\/wp-content\/uploads\/2025\/12\/skinor-skinor-huile-de-coco-250-ml-masque-creme-et-soins.jpg","width":700,"height":700},{"@type":"BreadcrumbList","@id":"https:\/\/paracherkaoui.ma\/index.php\/produit\/skinor-huile-de-coco-250-ml\/#breadcrumb","itemListElement":[{"@type":"ListItem","position":1,"name":"Accueil","item":"https:\/\/paracherkaoui.ma\/"},{"@type":"ListItem","position":2,"name":"Boutique","item":"https:\/\/paracherkaoui.ma\/index.php\/boutique\/"},{"@type":"ListItem","position":3,"name":"SKINOR HUILE DE COCO 250 ML"}]},{"@type":"WebSite","@id":"https:\/\/paracherkaoui.ma\/#website","url":"https:\/\/paracherkaoui.ma\/","name":"Paracherkaoui.ma","description":"Achetez en ligne sur Paracherkaoui.ma","potentialAction":[{"@type":"SearchAction","target":{"@type":"EntryPoint","urlTemplate":"https:\/\/paracherkaoui.ma\/?s={search_term_string}"},"query-input":{"@type":"PropertyValueSpecification","valueRequired":true,"valueName":"search_term_string"}}],"inLanguage":"fr-FR"}]}},"_links":{"self":[{"href":"https:\/\/paracherkaoui.ma\/index.php\/wp-json\/wp\/v2\/product\/15809","targetHints":{"allow":["GET"]}}],"collection":[{"href":"https:\/\/paracherkaoui.ma\/index.php\/wp-json\/wp\/v2\/product"}],"about":[{"href":"https:\/\/paracherkaoui.ma\/index.php\/wp-json\/wp\/v2\/types\/product"}],"replies":[{"embeddable":true,"href":"https:\/\/paracherkaoui.ma\/index.php\/wp-json\/wp\/v2\/comments?post=15809"}],"version-history":[{"count":1,"href":"https:\/\/paracherkaoui.ma\/index.php\/wp-json\/wp\/v2\/product\/15809\/revisions"}],"predecessor-version":[{"id":15885,"href":"https:\/\/paracherkaoui.ma\/index.php\/wp-json\/wp\/v2\/product\/15809\/revisions\/15885"}],"wp:featuredmedia":[{"embeddable":true,"href":"https:\/\/paracherkaoui.ma\/index.php\/wp-json\/wp\/v2\/media\/15883"}],"wp:attachment":[{"href":"https:\/\/paracherkaoui.ma\/index.php\/wp-json\/wp\/v2\/media?parent=15809"}],"wp:term":[{"taxonomy":"product_brand","embeddable":true,"href":"https:\/\/paracherkaoui.ma\/index.php\/wp-json\/wp\/v2\/product_brand?post=15809"},{"taxonomy":"product_cat","embeddable":true,"href":"https:\/\/paracherkaoui.ma\/index.php\/wp-json\/wp\/v2\/product_cat?post=15809"},{"taxonomy":"product_tag","embeddable":true,"href":"https:\/\/paracherkaoui.ma\/index.php\/wp-json\/wp\/v2\/product_tag?post=15809"}],"curies":[{"name":"wp","href":"https:\/\/api.w.org\/{rel}","templated":true}]}}