{"id":15807,"date":"2025-12-12T17:53:03","date_gmt":"2025-12-12T16:53:03","guid":{"rendered":"https:\/\/test.ecbeaute.com\/?post_type=product&#038;p=15807"},"modified":"2025-12-12T17:53:06","modified_gmt":"2025-12-12T16:53:06","slug":"erayba-always-beautiful-hair-color-care-masque-250-ml","status":"publish","type":"product","link":"https:\/\/paracherkaoui.ma\/index.php\/produit\/erayba-always-beautiful-hair-color-care-masque-250-ml\/","title":{"rendered":"ERAYBA ALWAYS BEAUTIFUL HAIR COLOR CARE MASQUE 250 ML"},"content":{"rendered":"<p>Masque capillaire protecteur de couleur, v\u00e9g\u00e9talien et riche en ingr\u00e9dients naturels. Surtout pour les cheveux color\u00e9s. Nettoie en douceur les cheveux, scelle la cuticule gr\u00e2ce \u00e0 son pH acide favorisant une couleur plus durable. Prolonge et maintient les qualit\u00e9s de couleur. Effet rajeunissant anti-oxydant. Apporte hydratation, brillance et douceur aux cheveux.<br \/>\nConseils d&rsquo;utilisation:<br \/>\nAppliquer sur cheveux mouill\u00e9s en massant doucement, laisser agir 1 ou 2 minutes et rincer.<\/p>\n","protected":false},"excerpt":{"rendered":"<p>Masque capillaire protecteur de couleur, v\u00e9g\u00e9talien et riche en ingr\u00e9dients naturels. Surtout pour les cheveux color\u00e9s. Nettoie en douceur les<\/p>\n","protected":false},"featured_media":15879,"comment_status":"open","ping_status":"closed","template":"","meta":[],"product_brand":[193],"product_cat":[183],"product_tag":[],"class_list":{"0":"post-15807","1":"product","2":"type-product","3":"status-publish","4":"has-post-thumbnail","6":"product_brand-erayba","7":"product_cat-masques-et-cremes","9":"first","10":"instock","11":"sale","12":"shipping-taxable","13":"purchasable","14":"product-type-simple"},"yoast_head":"<!-- This site is optimized with the Yoast SEO plugin v26.6 - https:\/\/yoast.com\/wordpress\/plugins\/seo\/ -->\r\n<title>ERAYBA ALWAYS BEAUTIFUL HAIR COLOR CARE MASQUE 250 ML - Paracherkaoui.ma<\/title>\r\n<meta name=\"robots\" content=\"index, follow, max-snippet:-1, max-image-preview:large, max-video-preview:-1\" \/>\r\n<link rel=\"canonical\" href=\"https:\/\/paracherkaoui.ma\/index.php\/produit\/erayba-always-beautiful-hair-color-care-masque-250-ml\/\" \/>\r\n<meta property=\"og:locale\" content=\"fr_FR\" \/>\r\n<meta property=\"og:type\" content=\"article\" \/>\r\n<meta property=\"og:title\" content=\"ERAYBA ALWAYS BEAUTIFUL HAIR COLOR CARE MASQUE 250 ML - Paracherkaoui.ma\" \/>\r\n<meta property=\"og:description\" content=\"Masque capillaire protecteur de couleur, v\u00e9g\u00e9talien et riche en ingr\u00e9dients naturels. Surtout pour les cheveux color\u00e9s. Nettoie en douceur les\" \/>\r\n<meta property=\"og:url\" content=\"https:\/\/paracherkaoui.ma\/index.php\/produit\/erayba-always-beautiful-hair-color-care-masque-250-ml\/\" \/>\r\n<meta property=\"og:site_name\" content=\"Paracherkaoui.ma\" \/>\r\n<meta property=\"article:modified_time\" content=\"2025-12-12T16:53:06+00:00\" \/>\r\n<meta property=\"og:image\" content=\"https:\/\/paracherkaoui.ma\/wp-content\/uploads\/2025\/12\/erayba-erayba-always-beautiful-hair-color-care-masque-250-ml-masque-creme-et-soins.jpg\" \/>\r\n\t<meta property=\"og:image:width\" content=\"700\" \/>\r\n\t<meta property=\"og:image:height\" content=\"700\" \/>\r\n\t<meta property=\"og:image:type\" content=\"image\/jpeg\" \/>\r\n<meta name=\"twitter:card\" content=\"summary_large_image\" \/>\r\n<script type=\"application\/ld+json\" class=\"yoast-schema-graph\">{\"@context\":\"https:\/\/schema.org\",\"@graph\":[{\"@type\":\"WebPage\",\"@id\":\"https:\/\/paracherkaoui.ma\/index.php\/produit\/erayba-always-beautiful-hair-color-care-masque-250-ml\/\",\"url\":\"https:\/\/paracherkaoui.ma\/index.php\/produit\/erayba-always-beautiful-hair-color-care-masque-250-ml\/\",\"name\":\"ERAYBA ALWAYS BEAUTIFUL HAIR COLOR CARE MASQUE 250 ML - Paracherkaoui.ma\",\"isPartOf\":{\"@id\":\"https:\/\/paracherkaoui.ma\/#website\"},\"primaryImageOfPage\":{\"@id\":\"https:\/\/paracherkaoui.ma\/index.php\/produit\/erayba-always-beautiful-hair-color-care-masque-250-ml\/#primaryimage\"},\"image\":{\"@id\":\"https:\/\/paracherkaoui.ma\/index.php\/produit\/erayba-always-beautiful-hair-color-care-masque-250-ml\/#primaryimage\"},\"thumbnailUrl\":\"https:\/\/paracherkaoui.ma\/wp-content\/uploads\/2025\/12\/erayba-erayba-always-beautiful-hair-color-care-masque-250-ml-masque-creme-et-soins.jpg\",\"datePublished\":\"2025-12-12T16:53:03+00:00\",\"dateModified\":\"2025-12-12T16:53:06+00:00\",\"breadcrumb\":{\"@id\":\"https:\/\/paracherkaoui.ma\/index.php\/produit\/erayba-always-beautiful-hair-color-care-masque-250-ml\/#breadcrumb\"},\"inLanguage\":\"fr-FR\",\"potentialAction\":[{\"@type\":\"ReadAction\",\"target\":[\"https:\/\/paracherkaoui.ma\/index.php\/produit\/erayba-always-beautiful-hair-color-care-masque-250-ml\/\"]}]},{\"@type\":\"ImageObject\",\"inLanguage\":\"fr-FR\",\"@id\":\"https:\/\/paracherkaoui.ma\/index.php\/produit\/erayba-always-beautiful-hair-color-care-masque-250-ml\/#primaryimage\",\"url\":\"https:\/\/paracherkaoui.ma\/wp-content\/uploads\/2025\/12\/erayba-erayba-always-beautiful-hair-color-care-masque-250-ml-masque-creme-et-soins.jpg\",\"contentUrl\":\"https:\/\/paracherkaoui.ma\/wp-content\/uploads\/2025\/12\/erayba-erayba-always-beautiful-hair-color-care-masque-250-ml-masque-creme-et-soins.jpg\",\"width\":700,\"height\":700},{\"@type\":\"BreadcrumbList\",\"@id\":\"https:\/\/paracherkaoui.ma\/index.php\/produit\/erayba-always-beautiful-hair-color-care-masque-250-ml\/#breadcrumb\",\"itemListElement\":[{\"@type\":\"ListItem\",\"position\":1,\"name\":\"Accueil\",\"item\":\"https:\/\/paracherkaoui.ma\/\"},{\"@type\":\"ListItem\",\"position\":2,\"name\":\"Boutique\",\"item\":\"https:\/\/paracherkaoui.ma\/index.php\/boutique\/\"},{\"@type\":\"ListItem\",\"position\":3,\"name\":\"ERAYBA ALWAYS BEAUTIFUL HAIR COLOR CARE MASQUE 250 ML\"}]},{\"@type\":\"WebSite\",\"@id\":\"https:\/\/paracherkaoui.ma\/#website\",\"url\":\"https:\/\/paracherkaoui.ma\/\",\"name\":\"Paracherkaoui.ma\",\"description\":\"Achetez en ligne sur Paracherkaoui.ma\",\"potentialAction\":[{\"@type\":\"SearchAction\",\"target\":{\"@type\":\"EntryPoint\",\"urlTemplate\":\"https:\/\/paracherkaoui.ma\/?s={search_term_string}\"},\"query-input\":{\"@type\":\"PropertyValueSpecification\",\"valueRequired\":true,\"valueName\":\"search_term_string\"}}],\"inLanguage\":\"fr-FR\"}]}<\/script>\r\n<!-- \/ Yoast SEO plugin. -->","yoast_head_json":{"title":"ERAYBA ALWAYS BEAUTIFUL HAIR COLOR CARE MASQUE 250 ML - Paracherkaoui.ma","robots":{"index":"index","follow":"follow","max-snippet":"max-snippet:-1","max-image-preview":"max-image-preview:large","max-video-preview":"max-video-preview:-1"},"canonical":"https:\/\/paracherkaoui.ma\/index.php\/produit\/erayba-always-beautiful-hair-color-care-masque-250-ml\/","og_locale":"fr_FR","og_type":"article","og_title":"ERAYBA ALWAYS BEAUTIFUL HAIR COLOR CARE MASQUE 250 ML - Paracherkaoui.ma","og_description":"Masque capillaire protecteur de couleur, v\u00e9g\u00e9talien et riche en ingr\u00e9dients naturels. Surtout pour les cheveux color\u00e9s. Nettoie en douceur les","og_url":"https:\/\/paracherkaoui.ma\/index.php\/produit\/erayba-always-beautiful-hair-color-care-masque-250-ml\/","og_site_name":"Paracherkaoui.ma","article_modified_time":"2025-12-12T16:53:06+00:00","og_image":[{"width":700,"height":700,"url":"https:\/\/paracherkaoui.ma\/wp-content\/uploads\/2025\/12\/erayba-erayba-always-beautiful-hair-color-care-masque-250-ml-masque-creme-et-soins.jpg","type":"image\/jpeg"}],"twitter_card":"summary_large_image","schema":{"@context":"https:\/\/schema.org","@graph":[{"@type":"WebPage","@id":"https:\/\/paracherkaoui.ma\/index.php\/produit\/erayba-always-beautiful-hair-color-care-masque-250-ml\/","url":"https:\/\/paracherkaoui.ma\/index.php\/produit\/erayba-always-beautiful-hair-color-care-masque-250-ml\/","name":"ERAYBA ALWAYS BEAUTIFUL HAIR COLOR CARE MASQUE 250 ML - Paracherkaoui.ma","isPartOf":{"@id":"https:\/\/paracherkaoui.ma\/#website"},"primaryImageOfPage":{"@id":"https:\/\/paracherkaoui.ma\/index.php\/produit\/erayba-always-beautiful-hair-color-care-masque-250-ml\/#primaryimage"},"image":{"@id":"https:\/\/paracherkaoui.ma\/index.php\/produit\/erayba-always-beautiful-hair-color-care-masque-250-ml\/#primaryimage"},"thumbnailUrl":"https:\/\/paracherkaoui.ma\/wp-content\/uploads\/2025\/12\/erayba-erayba-always-beautiful-hair-color-care-masque-250-ml-masque-creme-et-soins.jpg","datePublished":"2025-12-12T16:53:03+00:00","dateModified":"2025-12-12T16:53:06+00:00","breadcrumb":{"@id":"https:\/\/paracherkaoui.ma\/index.php\/produit\/erayba-always-beautiful-hair-color-care-masque-250-ml\/#breadcrumb"},"inLanguage":"fr-FR","potentialAction":[{"@type":"ReadAction","target":["https:\/\/paracherkaoui.ma\/index.php\/produit\/erayba-always-beautiful-hair-color-care-masque-250-ml\/"]}]},{"@type":"ImageObject","inLanguage":"fr-FR","@id":"https:\/\/paracherkaoui.ma\/index.php\/produit\/erayba-always-beautiful-hair-color-care-masque-250-ml\/#primaryimage","url":"https:\/\/paracherkaoui.ma\/wp-content\/uploads\/2025\/12\/erayba-erayba-always-beautiful-hair-color-care-masque-250-ml-masque-creme-et-soins.jpg","contentUrl":"https:\/\/paracherkaoui.ma\/wp-content\/uploads\/2025\/12\/erayba-erayba-always-beautiful-hair-color-care-masque-250-ml-masque-creme-et-soins.jpg","width":700,"height":700},{"@type":"BreadcrumbList","@id":"https:\/\/paracherkaoui.ma\/index.php\/produit\/erayba-always-beautiful-hair-color-care-masque-250-ml\/#breadcrumb","itemListElement":[{"@type":"ListItem","position":1,"name":"Accueil","item":"https:\/\/paracherkaoui.ma\/"},{"@type":"ListItem","position":2,"name":"Boutique","item":"https:\/\/paracherkaoui.ma\/index.php\/boutique\/"},{"@type":"ListItem","position":3,"name":"ERAYBA ALWAYS BEAUTIFUL HAIR COLOR CARE MASQUE 250 ML"}]},{"@type":"WebSite","@id":"https:\/\/paracherkaoui.ma\/#website","url":"https:\/\/paracherkaoui.ma\/","name":"Paracherkaoui.ma","description":"Achetez en ligne sur Paracherkaoui.ma","potentialAction":[{"@type":"SearchAction","target":{"@type":"EntryPoint","urlTemplate":"https:\/\/paracherkaoui.ma\/?s={search_term_string}"},"query-input":{"@type":"PropertyValueSpecification","valueRequired":true,"valueName":"search_term_string"}}],"inLanguage":"fr-FR"}]}},"_links":{"self":[{"href":"https:\/\/paracherkaoui.ma\/index.php\/wp-json\/wp\/v2\/product\/15807","targetHints":{"allow":["GET"]}}],"collection":[{"href":"https:\/\/paracherkaoui.ma\/index.php\/wp-json\/wp\/v2\/product"}],"about":[{"href":"https:\/\/paracherkaoui.ma\/index.php\/wp-json\/wp\/v2\/types\/product"}],"replies":[{"embeddable":true,"href":"https:\/\/paracherkaoui.ma\/index.php\/wp-json\/wp\/v2\/comments?post=15807"}],"version-history":[{"count":1,"href":"https:\/\/paracherkaoui.ma\/index.php\/wp-json\/wp\/v2\/product\/15807\/revisions"}],"predecessor-version":[{"id":15882,"href":"https:\/\/paracherkaoui.ma\/index.php\/wp-json\/wp\/v2\/product\/15807\/revisions\/15882"}],"wp:featuredmedia":[{"embeddable":true,"href":"https:\/\/paracherkaoui.ma\/index.php\/wp-json\/wp\/v2\/media\/15879"}],"wp:attachment":[{"href":"https:\/\/paracherkaoui.ma\/index.php\/wp-json\/wp\/v2\/media?parent=15807"}],"wp:term":[{"taxonomy":"product_brand","embeddable":true,"href":"https:\/\/paracherkaoui.ma\/index.php\/wp-json\/wp\/v2\/product_brand?post=15807"},{"taxonomy":"product_cat","embeddable":true,"href":"https:\/\/paracherkaoui.ma\/index.php\/wp-json\/wp\/v2\/product_cat?post=15807"},{"taxonomy":"product_tag","embeddable":true,"href":"https:\/\/paracherkaoui.ma\/index.php\/wp-json\/wp\/v2\/product_tag?post=15807"}],"curies":[{"name":"wp","href":"https:\/\/api.w.org\/{rel}","templated":true}]}}