{"id":15805,"date":"2025-12-12T17:53:03","date_gmt":"2025-12-12T16:53:03","guid":{"rendered":"https:\/\/test.ecbeaute.com\/?post_type=product&#038;p=15805"},"modified":"2025-12-12T17:53:06","modified_gmt":"2025-12-12T16:53:06","slug":"so-bio-creme-de-soin-cheveux-hydrates-coco-bio-100-ml","status":"publish","type":"product","link":"https:\/\/paracherkaoui.ma\/index.php\/produit\/so-bio-creme-de-soin-cheveux-hydrates-coco-bio-100-ml\/","title":{"rendered":"SO BIO CREME DE SOIN CHEVEUX HYDRATES COCO BIO 100 ML"},"content":{"rendered":"<p>Pour des CHEVEUX HYDRAT\u00c9S, cette cr\u00e8me de soin SANS RIN\u00c7AGE \u00e0 l\u2019huile de Coco bio et \u00e0 l\u2019Acide hyaluronique va cr\u00e9er un film protecteur l\u00e9ger et nourrir sans graisser ni alourdir le cheveu.<br \/>\nRetrouvez une chevelure soyeuse, disciplin\u00e9e et prot\u00e9g\u00e9e !<br \/>\nCOMPOSITION :<br \/>\nCetyl Alcohol : agent d\u2019origine naturelle apportant de la consistance<br \/>\nMyristyl Alcohol : agent d\u2019origine naturelle apportant de la consistance<br \/>\nCoco-Caprylate : \u00c9mollient permettant d\u2019apporter douceur au cheveu<br \/>\nCocos Nucifera (Coconut) Oil : Huile de Coco bio<br \/>\nMyristyl Glucoside : \u00c9mulsionnant d\u2019origine naturelle permettant la formation d\u2019un soin<br \/>\nXanthan Gum : \u00c9paississant d\u2019origine naturelle<br \/>\nGlyceryl Stearate Citrate : \u00c9mulsionnant d\u2019origine naturelle permettant la formation d\u2019un soin<br \/>\nSodium Stearoyl Glutamate : \u00c9mulsionnant d\u2019origine naturelle permettant la formation d\u2019un soin<br \/>\nParfum (Fragrance) : Composition parfumante 100% d\u2019origine naturelle<br \/>\nAloe Barbadensis Leaf Juice Powder: Poudre d\u2019Aloe vera bio<br \/>\nSodium Hyaluronate : Acide hyaluronique hydratant1 d\u2019origine naturelle<br \/>\nCaesalpinia Spinosa Gum : Conditionneur capillaire naturel facilitant le d\u00e9m\u00ealage<br \/>\nSodium Levulinate : Stabilisant d\u2019origine naturelle<br \/>\nTocopherol : Vitamine E<br \/>\nCONSEILS D&rsquo;UTILISATION:<br \/>\nAppliquer la cr\u00e8me de soin Coco bio en petites doses sur cheveux humides ou secs pour faciliter le coiffage et hydrater1 au quotidien.<\/p>\n","protected":false},"excerpt":{"rendered":"<p>Pour des CHEVEUX HYDRAT\u00c9S, cette cr\u00e8me de soin SANS RIN\u00c7AGE \u00e0 l\u2019huile de Coco bio et \u00e0 l\u2019Acide hyaluronique va<\/p>\n","protected":false},"featured_media":15875,"comment_status":"open","ping_status":"closed","template":"","meta":[],"product_brand":[212],"product_cat":[183],"product_tag":[],"class_list":{"0":"post-15805","1":"product","2":"type-product","3":"status-publish","4":"has-post-thumbnail","6":"product_brand-so-bio","7":"product_cat-masques-et-cremes","9":"first","10":"instock","11":"shipping-taxable","12":"purchasable","13":"product-type-simple"},"yoast_head":"<!-- This site is optimized with the Yoast SEO plugin v26.6 - https:\/\/yoast.com\/wordpress\/plugins\/seo\/ -->\r\n<title>SO BIO CREME DE SOIN CHEVEUX HYDRATES COCO BIO 100 ML - Paracherkaoui.ma<\/title>\r\n<meta name=\"robots\" content=\"index, follow, max-snippet:-1, max-image-preview:large, max-video-preview:-1\" \/>\r\n<link rel=\"canonical\" href=\"https:\/\/paracherkaoui.ma\/index.php\/produit\/so-bio-creme-de-soin-cheveux-hydrates-coco-bio-100-ml\/\" \/>\r\n<meta property=\"og:locale\" content=\"fr_FR\" \/>\r\n<meta property=\"og:type\" content=\"article\" \/>\r\n<meta property=\"og:title\" content=\"SO BIO CREME DE SOIN CHEVEUX HYDRATES COCO BIO 100 ML - Paracherkaoui.ma\" \/>\r\n<meta property=\"og:description\" content=\"Pour des CHEVEUX HYDRAT\u00c9S, cette cr\u00e8me de soin SANS RIN\u00c7AGE \u00e0 l\u2019huile de Coco bio et \u00e0 l\u2019Acide hyaluronique va\" \/>\r\n<meta property=\"og:url\" content=\"https:\/\/paracherkaoui.ma\/index.php\/produit\/so-bio-creme-de-soin-cheveux-hydrates-coco-bio-100-ml\/\" \/>\r\n<meta property=\"og:site_name\" content=\"Paracherkaoui.ma\" \/>\r\n<meta property=\"article:modified_time\" content=\"2025-12-12T16:53:06+00:00\" \/>\r\n<meta property=\"og:image\" content=\"https:\/\/paracherkaoui.ma\/wp-content\/uploads\/2025\/12\/so-bio-so-bio-creme-de-soin-cheveux-hydrates-coco-bio-100-ml-masque-creme-et-soins.jpg\" \/>\r\n\t<meta property=\"og:image:width\" content=\"700\" \/>\r\n\t<meta property=\"og:image:height\" content=\"700\" \/>\r\n\t<meta property=\"og:image:type\" content=\"image\/jpeg\" \/>\r\n<meta name=\"twitter:card\" content=\"summary_large_image\" \/>\r\n<meta name=\"twitter:label1\" content=\"Dur\u00e9e de lecture estim\u00e9e\" \/>\n\t<meta name=\"twitter:data1\" content=\"1 minute\" \/>\r\n<script type=\"application\/ld+json\" class=\"yoast-schema-graph\">{\"@context\":\"https:\/\/schema.org\",\"@graph\":[{\"@type\":\"WebPage\",\"@id\":\"https:\/\/paracherkaoui.ma\/index.php\/produit\/so-bio-creme-de-soin-cheveux-hydrates-coco-bio-100-ml\/\",\"url\":\"https:\/\/paracherkaoui.ma\/index.php\/produit\/so-bio-creme-de-soin-cheveux-hydrates-coco-bio-100-ml\/\",\"name\":\"SO BIO CREME DE SOIN CHEVEUX HYDRATES COCO BIO 100 ML - Paracherkaoui.ma\",\"isPartOf\":{\"@id\":\"https:\/\/paracherkaoui.ma\/#website\"},\"primaryImageOfPage\":{\"@id\":\"https:\/\/paracherkaoui.ma\/index.php\/produit\/so-bio-creme-de-soin-cheveux-hydrates-coco-bio-100-ml\/#primaryimage\"},\"image\":{\"@id\":\"https:\/\/paracherkaoui.ma\/index.php\/produit\/so-bio-creme-de-soin-cheveux-hydrates-coco-bio-100-ml\/#primaryimage\"},\"thumbnailUrl\":\"https:\/\/paracherkaoui.ma\/wp-content\/uploads\/2025\/12\/so-bio-so-bio-creme-de-soin-cheveux-hydrates-coco-bio-100-ml-masque-creme-et-soins.jpg\",\"datePublished\":\"2025-12-12T16:53:03+00:00\",\"dateModified\":\"2025-12-12T16:53:06+00:00\",\"breadcrumb\":{\"@id\":\"https:\/\/paracherkaoui.ma\/index.php\/produit\/so-bio-creme-de-soin-cheveux-hydrates-coco-bio-100-ml\/#breadcrumb\"},\"inLanguage\":\"fr-FR\",\"potentialAction\":[{\"@type\":\"ReadAction\",\"target\":[\"https:\/\/paracherkaoui.ma\/index.php\/produit\/so-bio-creme-de-soin-cheveux-hydrates-coco-bio-100-ml\/\"]}]},{\"@type\":\"ImageObject\",\"inLanguage\":\"fr-FR\",\"@id\":\"https:\/\/paracherkaoui.ma\/index.php\/produit\/so-bio-creme-de-soin-cheveux-hydrates-coco-bio-100-ml\/#primaryimage\",\"url\":\"https:\/\/paracherkaoui.ma\/wp-content\/uploads\/2025\/12\/so-bio-so-bio-creme-de-soin-cheveux-hydrates-coco-bio-100-ml-masque-creme-et-soins.jpg\",\"contentUrl\":\"https:\/\/paracherkaoui.ma\/wp-content\/uploads\/2025\/12\/so-bio-so-bio-creme-de-soin-cheveux-hydrates-coco-bio-100-ml-masque-creme-et-soins.jpg\",\"width\":700,\"height\":700},{\"@type\":\"BreadcrumbList\",\"@id\":\"https:\/\/paracherkaoui.ma\/index.php\/produit\/so-bio-creme-de-soin-cheveux-hydrates-coco-bio-100-ml\/#breadcrumb\",\"itemListElement\":[{\"@type\":\"ListItem\",\"position\":1,\"name\":\"Accueil\",\"item\":\"https:\/\/paracherkaoui.ma\/\"},{\"@type\":\"ListItem\",\"position\":2,\"name\":\"Boutique\",\"item\":\"https:\/\/paracherkaoui.ma\/index.php\/boutique\/\"},{\"@type\":\"ListItem\",\"position\":3,\"name\":\"SO BIO CREME DE SOIN CHEVEUX HYDRATES COCO BIO 100 ML\"}]},{\"@type\":\"WebSite\",\"@id\":\"https:\/\/paracherkaoui.ma\/#website\",\"url\":\"https:\/\/paracherkaoui.ma\/\",\"name\":\"Paracherkaoui.ma\",\"description\":\"Achetez en ligne sur Paracherkaoui.ma\",\"potentialAction\":[{\"@type\":\"SearchAction\",\"target\":{\"@type\":\"EntryPoint\",\"urlTemplate\":\"https:\/\/paracherkaoui.ma\/?s={search_term_string}\"},\"query-input\":{\"@type\":\"PropertyValueSpecification\",\"valueRequired\":true,\"valueName\":\"search_term_string\"}}],\"inLanguage\":\"fr-FR\"}]}<\/script>\r\n<!-- \/ Yoast SEO plugin. -->","yoast_head_json":{"title":"SO BIO CREME DE SOIN CHEVEUX HYDRATES COCO BIO 100 ML - Paracherkaoui.ma","robots":{"index":"index","follow":"follow","max-snippet":"max-snippet:-1","max-image-preview":"max-image-preview:large","max-video-preview":"max-video-preview:-1"},"canonical":"https:\/\/paracherkaoui.ma\/index.php\/produit\/so-bio-creme-de-soin-cheveux-hydrates-coco-bio-100-ml\/","og_locale":"fr_FR","og_type":"article","og_title":"SO BIO CREME DE SOIN CHEVEUX HYDRATES COCO BIO 100 ML - Paracherkaoui.ma","og_description":"Pour des CHEVEUX HYDRAT\u00c9S, cette cr\u00e8me de soin SANS RIN\u00c7AGE \u00e0 l\u2019huile de Coco bio et \u00e0 l\u2019Acide hyaluronique va","og_url":"https:\/\/paracherkaoui.ma\/index.php\/produit\/so-bio-creme-de-soin-cheveux-hydrates-coco-bio-100-ml\/","og_site_name":"Paracherkaoui.ma","article_modified_time":"2025-12-12T16:53:06+00:00","og_image":[{"width":700,"height":700,"url":"https:\/\/paracherkaoui.ma\/wp-content\/uploads\/2025\/12\/so-bio-so-bio-creme-de-soin-cheveux-hydrates-coco-bio-100-ml-masque-creme-et-soins.jpg","type":"image\/jpeg"}],"twitter_card":"summary_large_image","twitter_misc":{"Dur\u00e9e de lecture estim\u00e9e":"1 minute"},"schema":{"@context":"https:\/\/schema.org","@graph":[{"@type":"WebPage","@id":"https:\/\/paracherkaoui.ma\/index.php\/produit\/so-bio-creme-de-soin-cheveux-hydrates-coco-bio-100-ml\/","url":"https:\/\/paracherkaoui.ma\/index.php\/produit\/so-bio-creme-de-soin-cheveux-hydrates-coco-bio-100-ml\/","name":"SO BIO CREME DE SOIN CHEVEUX HYDRATES COCO BIO 100 ML - Paracherkaoui.ma","isPartOf":{"@id":"https:\/\/paracherkaoui.ma\/#website"},"primaryImageOfPage":{"@id":"https:\/\/paracherkaoui.ma\/index.php\/produit\/so-bio-creme-de-soin-cheveux-hydrates-coco-bio-100-ml\/#primaryimage"},"image":{"@id":"https:\/\/paracherkaoui.ma\/index.php\/produit\/so-bio-creme-de-soin-cheveux-hydrates-coco-bio-100-ml\/#primaryimage"},"thumbnailUrl":"https:\/\/paracherkaoui.ma\/wp-content\/uploads\/2025\/12\/so-bio-so-bio-creme-de-soin-cheveux-hydrates-coco-bio-100-ml-masque-creme-et-soins.jpg","datePublished":"2025-12-12T16:53:03+00:00","dateModified":"2025-12-12T16:53:06+00:00","breadcrumb":{"@id":"https:\/\/paracherkaoui.ma\/index.php\/produit\/so-bio-creme-de-soin-cheveux-hydrates-coco-bio-100-ml\/#breadcrumb"},"inLanguage":"fr-FR","potentialAction":[{"@type":"ReadAction","target":["https:\/\/paracherkaoui.ma\/index.php\/produit\/so-bio-creme-de-soin-cheveux-hydrates-coco-bio-100-ml\/"]}]},{"@type":"ImageObject","inLanguage":"fr-FR","@id":"https:\/\/paracherkaoui.ma\/index.php\/produit\/so-bio-creme-de-soin-cheveux-hydrates-coco-bio-100-ml\/#primaryimage","url":"https:\/\/paracherkaoui.ma\/wp-content\/uploads\/2025\/12\/so-bio-so-bio-creme-de-soin-cheveux-hydrates-coco-bio-100-ml-masque-creme-et-soins.jpg","contentUrl":"https:\/\/paracherkaoui.ma\/wp-content\/uploads\/2025\/12\/so-bio-so-bio-creme-de-soin-cheveux-hydrates-coco-bio-100-ml-masque-creme-et-soins.jpg","width":700,"height":700},{"@type":"BreadcrumbList","@id":"https:\/\/paracherkaoui.ma\/index.php\/produit\/so-bio-creme-de-soin-cheveux-hydrates-coco-bio-100-ml\/#breadcrumb","itemListElement":[{"@type":"ListItem","position":1,"name":"Accueil","item":"https:\/\/paracherkaoui.ma\/"},{"@type":"ListItem","position":2,"name":"Boutique","item":"https:\/\/paracherkaoui.ma\/index.php\/boutique\/"},{"@type":"ListItem","position":3,"name":"SO BIO CREME DE SOIN CHEVEUX HYDRATES COCO BIO 100 ML"}]},{"@type":"WebSite","@id":"https:\/\/paracherkaoui.ma\/#website","url":"https:\/\/paracherkaoui.ma\/","name":"Paracherkaoui.ma","description":"Achetez en ligne sur Paracherkaoui.ma","potentialAction":[{"@type":"SearchAction","target":{"@type":"EntryPoint","urlTemplate":"https:\/\/paracherkaoui.ma\/?s={search_term_string}"},"query-input":{"@type":"PropertyValueSpecification","valueRequired":true,"valueName":"search_term_string"}}],"inLanguage":"fr-FR"}]}},"_links":{"self":[{"href":"https:\/\/paracherkaoui.ma\/index.php\/wp-json\/wp\/v2\/product\/15805","targetHints":{"allow":["GET"]}}],"collection":[{"href":"https:\/\/paracherkaoui.ma\/index.php\/wp-json\/wp\/v2\/product"}],"about":[{"href":"https:\/\/paracherkaoui.ma\/index.php\/wp-json\/wp\/v2\/types\/product"}],"replies":[{"embeddable":true,"href":"https:\/\/paracherkaoui.ma\/index.php\/wp-json\/wp\/v2\/comments?post=15805"}],"version-history":[{"count":1,"href":"https:\/\/paracherkaoui.ma\/index.php\/wp-json\/wp\/v2\/product\/15805\/revisions"}],"predecessor-version":[{"id":15878,"href":"https:\/\/paracherkaoui.ma\/index.php\/wp-json\/wp\/v2\/product\/15805\/revisions\/15878"}],"wp:featuredmedia":[{"embeddable":true,"href":"https:\/\/paracherkaoui.ma\/index.php\/wp-json\/wp\/v2\/media\/15875"}],"wp:attachment":[{"href":"https:\/\/paracherkaoui.ma\/index.php\/wp-json\/wp\/v2\/media?parent=15805"}],"wp:term":[{"taxonomy":"product_brand","embeddable":true,"href":"https:\/\/paracherkaoui.ma\/index.php\/wp-json\/wp\/v2\/product_brand?post=15805"},{"taxonomy":"product_cat","embeddable":true,"href":"https:\/\/paracherkaoui.ma\/index.php\/wp-json\/wp\/v2\/product_cat?post=15805"},{"taxonomy":"product_tag","embeddable":true,"href":"https:\/\/paracherkaoui.ma\/index.php\/wp-json\/wp\/v2\/product_tag?post=15805"}],"curies":[{"name":"wp","href":"https:\/\/api.w.org\/{rel}","templated":true}]}}