{"id":15796,"date":"2025-12-12T17:53:03","date_gmt":"2025-12-12T16:53:03","guid":{"rendered":"https:\/\/test.ecbeaute.com\/?post_type=product&#038;p=15796"},"modified":"2025-12-12T17:53:05","modified_gmt":"2025-12-12T16:53:05","slug":"bio12-baume-equilibrant-200-ml","status":"publish","type":"product","link":"https:\/\/paracherkaoui.ma\/index.php\/produit\/bio12-baume-equilibrant-200-ml\/","title":{"rendered":"BIO12 BAUME EQUILIBRANT 200 ML"},"content":{"rendered":"<p>Description:<br \/>\nLotion apr\u00e8s shampooing pour tous les types de cheveux, m\u00eame ceux \u00e0 tendance mixte ou grasse. Il d\u00e9m\u00eale les cheveux en les laissant l\u00e9g\u00e8res, propres et sans r\u00e9sidus. Apr\u00e8s les premi\u00e8res minutes de l&rsquo;application, les cheveux seront plus doux et faciles \u00e0 peigner pour les cheveux cassants dont la longueur est moyenne ou longue.Donne un coup d&rsquo;\u00e9clat instantan\u00e9.<br \/>\nConseils d&rsquo;utilisation:<br \/>\nAppliquer sur les cheveux humides apr\u00e8s le lavage, principalement \u00e0 mi-chemin des pointes. Laisser un certain temps, puis rincer abondamment<\/p>\n","protected":false},"excerpt":{"rendered":"<p>Description: Lotion apr\u00e8s shampooing pour tous les types de cheveux, m\u00eame ceux \u00e0 tendance mixte ou grasse. Il d\u00e9m\u00eale les<\/p>\n","protected":false},"featured_media":15855,"comment_status":"open","ping_status":"closed","template":"","meta":[],"product_brand":[209],"product_cat":[183],"product_tag":[],"class_list":{"0":"post-15796","1":"product","2":"type-product","3":"status-publish","4":"has-post-thumbnail","6":"product_brand-md-pharmacy","7":"product_cat-masques-et-cremes","9":"first","10":"instock","11":"sale","12":"shipping-taxable","13":"purchasable","14":"product-type-simple"},"yoast_head":"<!-- This site is optimized with the Yoast SEO plugin v26.6 - https:\/\/yoast.com\/wordpress\/plugins\/seo\/ -->\r\n<title>BIO12 BAUME EQUILIBRANT 200 ML - Paracherkaoui.ma<\/title>\r\n<meta name=\"robots\" content=\"index, follow, max-snippet:-1, max-image-preview:large, max-video-preview:-1\" \/>\r\n<link rel=\"canonical\" href=\"https:\/\/paracherkaoui.ma\/index.php\/produit\/bio12-baume-equilibrant-200-ml\/\" \/>\r\n<meta property=\"og:locale\" content=\"fr_FR\" \/>\r\n<meta property=\"og:type\" content=\"article\" \/>\r\n<meta property=\"og:title\" content=\"BIO12 BAUME EQUILIBRANT 200 ML - Paracherkaoui.ma\" \/>\r\n<meta property=\"og:description\" content=\"Description: Lotion apr\u00e8s shampooing pour tous les types de cheveux, m\u00eame ceux \u00e0 tendance mixte ou grasse. Il d\u00e9m\u00eale les\" \/>\r\n<meta property=\"og:url\" content=\"https:\/\/paracherkaoui.ma\/index.php\/produit\/bio12-baume-equilibrant-200-ml\/\" \/>\r\n<meta property=\"og:site_name\" content=\"Paracherkaoui.ma\" \/>\r\n<meta property=\"article:modified_time\" content=\"2025-12-12T16:53:05+00:00\" \/>\r\n<meta property=\"og:image\" content=\"https:\/\/paracherkaoui.ma\/wp-content\/uploads\/2025\/12\/md-pharmacy-bio12-baume-equilibrant-200-ml-masque-et-cremes-reparateurs.jpg\" \/>\r\n\t<meta property=\"og:image:width\" content=\"700\" \/>\r\n\t<meta property=\"og:image:height\" content=\"700\" \/>\r\n\t<meta property=\"og:image:type\" content=\"image\/jpeg\" \/>\r\n<meta name=\"twitter:card\" content=\"summary_large_image\" \/>\r\n<script type=\"application\/ld+json\" class=\"yoast-schema-graph\">{\"@context\":\"https:\/\/schema.org\",\"@graph\":[{\"@type\":\"WebPage\",\"@id\":\"https:\/\/paracherkaoui.ma\/index.php\/produit\/bio12-baume-equilibrant-200-ml\/\",\"url\":\"https:\/\/paracherkaoui.ma\/index.php\/produit\/bio12-baume-equilibrant-200-ml\/\",\"name\":\"BIO12 BAUME EQUILIBRANT 200 ML - Paracherkaoui.ma\",\"isPartOf\":{\"@id\":\"https:\/\/paracherkaoui.ma\/#website\"},\"primaryImageOfPage\":{\"@id\":\"https:\/\/paracherkaoui.ma\/index.php\/produit\/bio12-baume-equilibrant-200-ml\/#primaryimage\"},\"image\":{\"@id\":\"https:\/\/paracherkaoui.ma\/index.php\/produit\/bio12-baume-equilibrant-200-ml\/#primaryimage\"},\"thumbnailUrl\":\"https:\/\/paracherkaoui.ma\/wp-content\/uploads\/2025\/12\/md-pharmacy-bio12-baume-equilibrant-200-ml-masque-et-cremes-reparateurs.jpg\",\"datePublished\":\"2025-12-12T16:53:03+00:00\",\"dateModified\":\"2025-12-12T16:53:05+00:00\",\"breadcrumb\":{\"@id\":\"https:\/\/paracherkaoui.ma\/index.php\/produit\/bio12-baume-equilibrant-200-ml\/#breadcrumb\"},\"inLanguage\":\"fr-FR\",\"potentialAction\":[{\"@type\":\"ReadAction\",\"target\":[\"https:\/\/paracherkaoui.ma\/index.php\/produit\/bio12-baume-equilibrant-200-ml\/\"]}]},{\"@type\":\"ImageObject\",\"inLanguage\":\"fr-FR\",\"@id\":\"https:\/\/paracherkaoui.ma\/index.php\/produit\/bio12-baume-equilibrant-200-ml\/#primaryimage\",\"url\":\"https:\/\/paracherkaoui.ma\/wp-content\/uploads\/2025\/12\/md-pharmacy-bio12-baume-equilibrant-200-ml-masque-et-cremes-reparateurs.jpg\",\"contentUrl\":\"https:\/\/paracherkaoui.ma\/wp-content\/uploads\/2025\/12\/md-pharmacy-bio12-baume-equilibrant-200-ml-masque-et-cremes-reparateurs.jpg\",\"width\":700,\"height\":700},{\"@type\":\"BreadcrumbList\",\"@id\":\"https:\/\/paracherkaoui.ma\/index.php\/produit\/bio12-baume-equilibrant-200-ml\/#breadcrumb\",\"itemListElement\":[{\"@type\":\"ListItem\",\"position\":1,\"name\":\"Accueil\",\"item\":\"https:\/\/paracherkaoui.ma\/\"},{\"@type\":\"ListItem\",\"position\":2,\"name\":\"Boutique\",\"item\":\"https:\/\/paracherkaoui.ma\/index.php\/boutique\/\"},{\"@type\":\"ListItem\",\"position\":3,\"name\":\"BIO12 BAUME EQUILIBRANT 200 ML\"}]},{\"@type\":\"WebSite\",\"@id\":\"https:\/\/paracherkaoui.ma\/#website\",\"url\":\"https:\/\/paracherkaoui.ma\/\",\"name\":\"Paracherkaoui.ma\",\"description\":\"Achetez en ligne sur Paracherkaoui.ma\",\"potentialAction\":[{\"@type\":\"SearchAction\",\"target\":{\"@type\":\"EntryPoint\",\"urlTemplate\":\"https:\/\/paracherkaoui.ma\/?s={search_term_string}\"},\"query-input\":{\"@type\":\"PropertyValueSpecification\",\"valueRequired\":true,\"valueName\":\"search_term_string\"}}],\"inLanguage\":\"fr-FR\"}]}<\/script>\r\n<!-- \/ Yoast SEO plugin. -->","yoast_head_json":{"title":"BIO12 BAUME EQUILIBRANT 200 ML - Paracherkaoui.ma","robots":{"index":"index","follow":"follow","max-snippet":"max-snippet:-1","max-image-preview":"max-image-preview:large","max-video-preview":"max-video-preview:-1"},"canonical":"https:\/\/paracherkaoui.ma\/index.php\/produit\/bio12-baume-equilibrant-200-ml\/","og_locale":"fr_FR","og_type":"article","og_title":"BIO12 BAUME EQUILIBRANT 200 ML - Paracherkaoui.ma","og_description":"Description: Lotion apr\u00e8s shampooing pour tous les types de cheveux, m\u00eame ceux \u00e0 tendance mixte ou grasse. Il d\u00e9m\u00eale les","og_url":"https:\/\/paracherkaoui.ma\/index.php\/produit\/bio12-baume-equilibrant-200-ml\/","og_site_name":"Paracherkaoui.ma","article_modified_time":"2025-12-12T16:53:05+00:00","og_image":[{"width":700,"height":700,"url":"https:\/\/paracherkaoui.ma\/wp-content\/uploads\/2025\/12\/md-pharmacy-bio12-baume-equilibrant-200-ml-masque-et-cremes-reparateurs.jpg","type":"image\/jpeg"}],"twitter_card":"summary_large_image","schema":{"@context":"https:\/\/schema.org","@graph":[{"@type":"WebPage","@id":"https:\/\/paracherkaoui.ma\/index.php\/produit\/bio12-baume-equilibrant-200-ml\/","url":"https:\/\/paracherkaoui.ma\/index.php\/produit\/bio12-baume-equilibrant-200-ml\/","name":"BIO12 BAUME EQUILIBRANT 200 ML - Paracherkaoui.ma","isPartOf":{"@id":"https:\/\/paracherkaoui.ma\/#website"},"primaryImageOfPage":{"@id":"https:\/\/paracherkaoui.ma\/index.php\/produit\/bio12-baume-equilibrant-200-ml\/#primaryimage"},"image":{"@id":"https:\/\/paracherkaoui.ma\/index.php\/produit\/bio12-baume-equilibrant-200-ml\/#primaryimage"},"thumbnailUrl":"https:\/\/paracherkaoui.ma\/wp-content\/uploads\/2025\/12\/md-pharmacy-bio12-baume-equilibrant-200-ml-masque-et-cremes-reparateurs.jpg","datePublished":"2025-12-12T16:53:03+00:00","dateModified":"2025-12-12T16:53:05+00:00","breadcrumb":{"@id":"https:\/\/paracherkaoui.ma\/index.php\/produit\/bio12-baume-equilibrant-200-ml\/#breadcrumb"},"inLanguage":"fr-FR","potentialAction":[{"@type":"ReadAction","target":["https:\/\/paracherkaoui.ma\/index.php\/produit\/bio12-baume-equilibrant-200-ml\/"]}]},{"@type":"ImageObject","inLanguage":"fr-FR","@id":"https:\/\/paracherkaoui.ma\/index.php\/produit\/bio12-baume-equilibrant-200-ml\/#primaryimage","url":"https:\/\/paracherkaoui.ma\/wp-content\/uploads\/2025\/12\/md-pharmacy-bio12-baume-equilibrant-200-ml-masque-et-cremes-reparateurs.jpg","contentUrl":"https:\/\/paracherkaoui.ma\/wp-content\/uploads\/2025\/12\/md-pharmacy-bio12-baume-equilibrant-200-ml-masque-et-cremes-reparateurs.jpg","width":700,"height":700},{"@type":"BreadcrumbList","@id":"https:\/\/paracherkaoui.ma\/index.php\/produit\/bio12-baume-equilibrant-200-ml\/#breadcrumb","itemListElement":[{"@type":"ListItem","position":1,"name":"Accueil","item":"https:\/\/paracherkaoui.ma\/"},{"@type":"ListItem","position":2,"name":"Boutique","item":"https:\/\/paracherkaoui.ma\/index.php\/boutique\/"},{"@type":"ListItem","position":3,"name":"BIO12 BAUME EQUILIBRANT 200 ML"}]},{"@type":"WebSite","@id":"https:\/\/paracherkaoui.ma\/#website","url":"https:\/\/paracherkaoui.ma\/","name":"Paracherkaoui.ma","description":"Achetez en ligne sur Paracherkaoui.ma","potentialAction":[{"@type":"SearchAction","target":{"@type":"EntryPoint","urlTemplate":"https:\/\/paracherkaoui.ma\/?s={search_term_string}"},"query-input":{"@type":"PropertyValueSpecification","valueRequired":true,"valueName":"search_term_string"}}],"inLanguage":"fr-FR"}]}},"_links":{"self":[{"href":"https:\/\/paracherkaoui.ma\/index.php\/wp-json\/wp\/v2\/product\/15796","targetHints":{"allow":["GET"]}}],"collection":[{"href":"https:\/\/paracherkaoui.ma\/index.php\/wp-json\/wp\/v2\/product"}],"about":[{"href":"https:\/\/paracherkaoui.ma\/index.php\/wp-json\/wp\/v2\/types\/product"}],"replies":[{"embeddable":true,"href":"https:\/\/paracherkaoui.ma\/index.php\/wp-json\/wp\/v2\/comments?post=15796"}],"version-history":[{"count":1,"href":"https:\/\/paracherkaoui.ma\/index.php\/wp-json\/wp\/v2\/product\/15796\/revisions"}],"predecessor-version":[{"id":15857,"href":"https:\/\/paracherkaoui.ma\/index.php\/wp-json\/wp\/v2\/product\/15796\/revisions\/15857"}],"wp:featuredmedia":[{"embeddable":true,"href":"https:\/\/paracherkaoui.ma\/index.php\/wp-json\/wp\/v2\/media\/15855"}],"wp:attachment":[{"href":"https:\/\/paracherkaoui.ma\/index.php\/wp-json\/wp\/v2\/media?parent=15796"}],"wp:term":[{"taxonomy":"product_brand","embeddable":true,"href":"https:\/\/paracherkaoui.ma\/index.php\/wp-json\/wp\/v2\/product_brand?post=15796"},{"taxonomy":"product_cat","embeddable":true,"href":"https:\/\/paracherkaoui.ma\/index.php\/wp-json\/wp\/v2\/product_cat?post=15796"},{"taxonomy":"product_tag","embeddable":true,"href":"https:\/\/paracherkaoui.ma\/index.php\/wp-json\/wp\/v2\/product_tag?post=15796"}],"curies":[{"name":"wp","href":"https:\/\/api.w.org\/{rel}","templated":true}]}}