{"id":15794,"date":"2025-12-12T17:53:03","date_gmt":"2025-12-12T16:53:03","guid":{"rendered":"https:\/\/test.ecbeaute.com\/?post_type=product&#038;p=15794"},"modified":"2025-12-12T17:53:04","modified_gmt":"2025-12-12T16:53:04","slug":"odarym-duo-poudres-capillaires-100-ml","status":"publish","type":"product","link":"https:\/\/paracherkaoui.ma\/index.php\/produit\/odarym-duo-poudres-capillaires-100-ml\/","title":{"rendered":"ODARYM DUO POUDRES CAPILLAIRES 100 ML"},"content":{"rendered":"<p>Vos cheveux ont besoin d&rsquo;un soin profond ? Le duo poudres capillaires est l\u00e0 \u00e0 votre rescousse, deux m\u00e9langes de poudres dans un seul pot, une premi\u00e8re, vous avez le choix entre 2 :<br \/>\nPoudres automnales:\u00a0poudre d\u2019alzaze\u00a0( id\u00e9al pour les cheveux ternes, elle entoure la fibre capillaire d\u2019un soin magique con\u00e7u pour les cheveux en manque d\u2019hydratation et de brillance ! L\u2019alzaze stoppe la chute de cheveux et stimule la pousse, vos cheveux seront plus forts et plus r\u00e9sistants , poudre de riz\u00a0(permet de dompter les frisottis et redonner l&rsquo;\u00e9lasticit\u00e9 aux longueurs et poudre d\u2019avoine\u00a0(hydrate, nourrit, fortifie, d\u00e9m\u00eale et aide \u00e0 avoir des boucles mieux d\u00e9finies) .<br \/>\nPoudres fruit\u00e9es :\u00a0poudre de mangue ( nourrissante, \u00e9molliente et renforce la cuticule du cheveu, apporte \u00e9clat et brillance. Elle r\u00e9pare et assouplit la fibre capillaire et pr\u00e9vient la formation des fourches.)\u00a0poudre de banane\u00a0( Adoucissante, la banane prot\u00e8ge l&rsquo;\u00e9lasticit\u00e9 naturelle des cheveux et pr\u00e9vient l&rsquo;apparition des pellicules. Fortifiante, elle lutte \u00e9galement contre la perte de cheveux et aide \u00e0 r\u00e9parer les cheveux secs et ab\u00eem\u00e9s) et poudre d\u2019orange (Tonifiante, elle permet de renforcer la chevelure. \u00b7 Elle est connue pour rendre les cheveux plus brillants )!<br \/>\nConseil d&rsquo;utilisation :<br \/>\nM\u00e9langez 2 grandes cuill\u00e8res du m\u00e9lange que vous souhaitez (automnales ou fruit\u00e9es ) \u00e0 2 grandes cuill\u00e8res du masque capillaire jusqu\u2019a ce que tout soit homog\u00e8ne, vous pouvez ajouter du gel de lin pour encore plus d\u2019hydratation , appliquez de la racine jusqu\u2019aux pointes laissez 1h et rincez<\/p>\n","protected":false},"excerpt":{"rendered":"<p>Vos cheveux ont besoin d&rsquo;un soin profond ? Le duo poudres capillaires est l\u00e0 \u00e0 votre rescousse, deux m\u00e9langes de<\/p>\n","protected":false},"featured_media":14607,"comment_status":"open","ping_status":"closed","template":"","meta":[],"product_brand":[208],"product_cat":[183],"product_tag":[],"class_list":{"0":"post-15794","1":"product","2":"type-product","3":"status-publish","4":"has-post-thumbnail","6":"product_brand-odarym","7":"product_cat-masques-et-cremes","9":"first","10":"instock","11":"shipping-taxable","12":"purchasable","13":"product-type-simple"},"yoast_head":"<!-- This site is optimized with the Yoast SEO plugin v26.6 - https:\/\/yoast.com\/wordpress\/plugins\/seo\/ -->\r\n<title>ODARYM DUO POUDRES CAPILLAIRES 100 ML - Paracherkaoui.ma<\/title>\r\n<meta name=\"robots\" content=\"index, follow, max-snippet:-1, max-image-preview:large, max-video-preview:-1\" \/>\r\n<link rel=\"canonical\" href=\"https:\/\/paracherkaoui.ma\/index.php\/produit\/odarym-duo-poudres-capillaires-100-ml\/\" \/>\r\n<meta property=\"og:locale\" content=\"fr_FR\" \/>\r\n<meta property=\"og:type\" content=\"article\" \/>\r\n<meta property=\"og:title\" content=\"ODARYM DUO POUDRES CAPILLAIRES 100 ML - Paracherkaoui.ma\" \/>\r\n<meta property=\"og:description\" content=\"Vos cheveux ont besoin d&rsquo;un soin profond ? Le duo poudres capillaires est l\u00e0 \u00e0 votre rescousse, deux m\u00e9langes de\" \/>\r\n<meta property=\"og:url\" content=\"https:\/\/paracherkaoui.ma\/index.php\/produit\/odarym-duo-poudres-capillaires-100-ml\/\" \/>\r\n<meta property=\"og:site_name\" content=\"Paracherkaoui.ma\" \/>\r\n<meta property=\"article:modified_time\" content=\"2025-12-12T16:53:04+00:00\" \/>\r\n<meta property=\"og:image\" content=\"https:\/\/paracherkaoui.ma\/wp-content\/uploads\/2025\/12\/odarym-odarym-duo-poudres-capillaires-100-ml-soins-cheveux.jpg\" \/>\r\n\t<meta property=\"og:image:width\" content=\"700\" \/>\r\n\t<meta property=\"og:image:height\" content=\"700\" \/>\r\n\t<meta property=\"og:image:type\" content=\"image\/jpeg\" \/>\r\n<meta name=\"twitter:card\" content=\"summary_large_image\" \/>\r\n<meta name=\"twitter:label1\" content=\"Dur\u00e9e de lecture estim\u00e9e\" \/>\n\t<meta name=\"twitter:data1\" content=\"1 minute\" \/>\r\n<script type=\"application\/ld+json\" class=\"yoast-schema-graph\">{\"@context\":\"https:\/\/schema.org\",\"@graph\":[{\"@type\":\"WebPage\",\"@id\":\"https:\/\/paracherkaoui.ma\/index.php\/produit\/odarym-duo-poudres-capillaires-100-ml\/\",\"url\":\"https:\/\/paracherkaoui.ma\/index.php\/produit\/odarym-duo-poudres-capillaires-100-ml\/\",\"name\":\"ODARYM DUO POUDRES CAPILLAIRES 100 ML - Paracherkaoui.ma\",\"isPartOf\":{\"@id\":\"https:\/\/paracherkaoui.ma\/#website\"},\"primaryImageOfPage\":{\"@id\":\"https:\/\/paracherkaoui.ma\/index.php\/produit\/odarym-duo-poudres-capillaires-100-ml\/#primaryimage\"},\"image\":{\"@id\":\"https:\/\/paracherkaoui.ma\/index.php\/produit\/odarym-duo-poudres-capillaires-100-ml\/#primaryimage\"},\"thumbnailUrl\":\"https:\/\/paracherkaoui.ma\/wp-content\/uploads\/2025\/12\/odarym-odarym-duo-poudres-capillaires-100-ml-soins-cheveux.jpg\",\"datePublished\":\"2025-12-12T16:53:03+00:00\",\"dateModified\":\"2025-12-12T16:53:04+00:00\",\"breadcrumb\":{\"@id\":\"https:\/\/paracherkaoui.ma\/index.php\/produit\/odarym-duo-poudres-capillaires-100-ml\/#breadcrumb\"},\"inLanguage\":\"fr-FR\",\"potentialAction\":[{\"@type\":\"ReadAction\",\"target\":[\"https:\/\/paracherkaoui.ma\/index.php\/produit\/odarym-duo-poudres-capillaires-100-ml\/\"]}]},{\"@type\":\"ImageObject\",\"inLanguage\":\"fr-FR\",\"@id\":\"https:\/\/paracherkaoui.ma\/index.php\/produit\/odarym-duo-poudres-capillaires-100-ml\/#primaryimage\",\"url\":\"https:\/\/paracherkaoui.ma\/wp-content\/uploads\/2025\/12\/odarym-odarym-duo-poudres-capillaires-100-ml-soins-cheveux.jpg\",\"contentUrl\":\"https:\/\/paracherkaoui.ma\/wp-content\/uploads\/2025\/12\/odarym-odarym-duo-poudres-capillaires-100-ml-soins-cheveux.jpg\",\"width\":700,\"height\":700},{\"@type\":\"BreadcrumbList\",\"@id\":\"https:\/\/paracherkaoui.ma\/index.php\/produit\/odarym-duo-poudres-capillaires-100-ml\/#breadcrumb\",\"itemListElement\":[{\"@type\":\"ListItem\",\"position\":1,\"name\":\"Accueil\",\"item\":\"https:\/\/paracherkaoui.ma\/\"},{\"@type\":\"ListItem\",\"position\":2,\"name\":\"Boutique\",\"item\":\"https:\/\/paracherkaoui.ma\/index.php\/boutique\/\"},{\"@type\":\"ListItem\",\"position\":3,\"name\":\"ODARYM DUO POUDRES CAPILLAIRES 100 ML\"}]},{\"@type\":\"WebSite\",\"@id\":\"https:\/\/paracherkaoui.ma\/#website\",\"url\":\"https:\/\/paracherkaoui.ma\/\",\"name\":\"Paracherkaoui.ma\",\"description\":\"Achetez en ligne sur Paracherkaoui.ma\",\"potentialAction\":[{\"@type\":\"SearchAction\",\"target\":{\"@type\":\"EntryPoint\",\"urlTemplate\":\"https:\/\/paracherkaoui.ma\/?s={search_term_string}\"},\"query-input\":{\"@type\":\"PropertyValueSpecification\",\"valueRequired\":true,\"valueName\":\"search_term_string\"}}],\"inLanguage\":\"fr-FR\"}]}<\/script>\r\n<!-- \/ Yoast SEO plugin. -->","yoast_head_json":{"title":"ODARYM DUO POUDRES CAPILLAIRES 100 ML - Paracherkaoui.ma","robots":{"index":"index","follow":"follow","max-snippet":"max-snippet:-1","max-image-preview":"max-image-preview:large","max-video-preview":"max-video-preview:-1"},"canonical":"https:\/\/paracherkaoui.ma\/index.php\/produit\/odarym-duo-poudres-capillaires-100-ml\/","og_locale":"fr_FR","og_type":"article","og_title":"ODARYM DUO POUDRES CAPILLAIRES 100 ML - Paracherkaoui.ma","og_description":"Vos cheveux ont besoin d&rsquo;un soin profond ? Le duo poudres capillaires est l\u00e0 \u00e0 votre rescousse, deux m\u00e9langes de","og_url":"https:\/\/paracherkaoui.ma\/index.php\/produit\/odarym-duo-poudres-capillaires-100-ml\/","og_site_name":"Paracherkaoui.ma","article_modified_time":"2025-12-12T16:53:04+00:00","og_image":[{"width":700,"height":700,"url":"https:\/\/paracherkaoui.ma\/wp-content\/uploads\/2025\/12\/odarym-odarym-duo-poudres-capillaires-100-ml-soins-cheveux.jpg","type":"image\/jpeg"}],"twitter_card":"summary_large_image","twitter_misc":{"Dur\u00e9e de lecture estim\u00e9e":"1 minute"},"schema":{"@context":"https:\/\/schema.org","@graph":[{"@type":"WebPage","@id":"https:\/\/paracherkaoui.ma\/index.php\/produit\/odarym-duo-poudres-capillaires-100-ml\/","url":"https:\/\/paracherkaoui.ma\/index.php\/produit\/odarym-duo-poudres-capillaires-100-ml\/","name":"ODARYM DUO POUDRES CAPILLAIRES 100 ML - Paracherkaoui.ma","isPartOf":{"@id":"https:\/\/paracherkaoui.ma\/#website"},"primaryImageOfPage":{"@id":"https:\/\/paracherkaoui.ma\/index.php\/produit\/odarym-duo-poudres-capillaires-100-ml\/#primaryimage"},"image":{"@id":"https:\/\/paracherkaoui.ma\/index.php\/produit\/odarym-duo-poudres-capillaires-100-ml\/#primaryimage"},"thumbnailUrl":"https:\/\/paracherkaoui.ma\/wp-content\/uploads\/2025\/12\/odarym-odarym-duo-poudres-capillaires-100-ml-soins-cheveux.jpg","datePublished":"2025-12-12T16:53:03+00:00","dateModified":"2025-12-12T16:53:04+00:00","breadcrumb":{"@id":"https:\/\/paracherkaoui.ma\/index.php\/produit\/odarym-duo-poudres-capillaires-100-ml\/#breadcrumb"},"inLanguage":"fr-FR","potentialAction":[{"@type":"ReadAction","target":["https:\/\/paracherkaoui.ma\/index.php\/produit\/odarym-duo-poudres-capillaires-100-ml\/"]}]},{"@type":"ImageObject","inLanguage":"fr-FR","@id":"https:\/\/paracherkaoui.ma\/index.php\/produit\/odarym-duo-poudres-capillaires-100-ml\/#primaryimage","url":"https:\/\/paracherkaoui.ma\/wp-content\/uploads\/2025\/12\/odarym-odarym-duo-poudres-capillaires-100-ml-soins-cheveux.jpg","contentUrl":"https:\/\/paracherkaoui.ma\/wp-content\/uploads\/2025\/12\/odarym-odarym-duo-poudres-capillaires-100-ml-soins-cheveux.jpg","width":700,"height":700},{"@type":"BreadcrumbList","@id":"https:\/\/paracherkaoui.ma\/index.php\/produit\/odarym-duo-poudres-capillaires-100-ml\/#breadcrumb","itemListElement":[{"@type":"ListItem","position":1,"name":"Accueil","item":"https:\/\/paracherkaoui.ma\/"},{"@type":"ListItem","position":2,"name":"Boutique","item":"https:\/\/paracherkaoui.ma\/index.php\/boutique\/"},{"@type":"ListItem","position":3,"name":"ODARYM DUO POUDRES CAPILLAIRES 100 ML"}]},{"@type":"WebSite","@id":"https:\/\/paracherkaoui.ma\/#website","url":"https:\/\/paracherkaoui.ma\/","name":"Paracherkaoui.ma","description":"Achetez en ligne sur Paracherkaoui.ma","potentialAction":[{"@type":"SearchAction","target":{"@type":"EntryPoint","urlTemplate":"https:\/\/paracherkaoui.ma\/?s={search_term_string}"},"query-input":{"@type":"PropertyValueSpecification","valueRequired":true,"valueName":"search_term_string"}}],"inLanguage":"fr-FR"}]}},"_links":{"self":[{"href":"https:\/\/paracherkaoui.ma\/index.php\/wp-json\/wp\/v2\/product\/15794","targetHints":{"allow":["GET"]}}],"collection":[{"href":"https:\/\/paracherkaoui.ma\/index.php\/wp-json\/wp\/v2\/product"}],"about":[{"href":"https:\/\/paracherkaoui.ma\/index.php\/wp-json\/wp\/v2\/types\/product"}],"replies":[{"embeddable":true,"href":"https:\/\/paracherkaoui.ma\/index.php\/wp-json\/wp\/v2\/comments?post=15794"}],"version-history":[{"count":1,"href":"https:\/\/paracherkaoui.ma\/index.php\/wp-json\/wp\/v2\/product\/15794\/revisions"}],"predecessor-version":[{"id":15849,"href":"https:\/\/paracherkaoui.ma\/index.php\/wp-json\/wp\/v2\/product\/15794\/revisions\/15849"}],"wp:featuredmedia":[{"embeddable":true,"href":"https:\/\/paracherkaoui.ma\/index.php\/wp-json\/wp\/v2\/media\/14607"}],"wp:attachment":[{"href":"https:\/\/paracherkaoui.ma\/index.php\/wp-json\/wp\/v2\/media?parent=15794"}],"wp:term":[{"taxonomy":"product_brand","embeddable":true,"href":"https:\/\/paracherkaoui.ma\/index.php\/wp-json\/wp\/v2\/product_brand?post=15794"},{"taxonomy":"product_cat","embeddable":true,"href":"https:\/\/paracherkaoui.ma\/index.php\/wp-json\/wp\/v2\/product_cat?post=15794"},{"taxonomy":"product_tag","embeddable":true,"href":"https:\/\/paracherkaoui.ma\/index.php\/wp-json\/wp\/v2\/product_tag?post=15794"}],"curies":[{"name":"wp","href":"https:\/\/api.w.org\/{rel}","templated":true}]}}