{"id":15790,"date":"2025-12-12T17:53:02","date_gmt":"2025-12-12T16:53:02","guid":{"rendered":"https:\/\/test.ecbeaute.com\/?post_type=product&#038;p=15790"},"modified":"2025-12-12T17:53:04","modified_gmt":"2025-12-12T16:53:04","slug":"foligain-spray-volumateur-triple-action-homme-10-trioxidil-59-ml-2","status":"publish","type":"product","link":"https:\/\/paracherkaoui.ma\/index.php\/produit\/foligain-spray-volumateur-triple-action-homme-10-trioxidil-59-ml-2\/","title":{"rendered":"FOLIGAIN SPRAY VOLUMATEUR TRIPLE ACTION HOMME 10% TRIOXIDIL 59 ML"},"content":{"rendered":"<p>La formule puissante du Foligain Spray Volumateur comprend un complexe exclusif de Trioxidil\u00ae, renforc\u00e9 par des ingr\u00e9dients tels que la biotine, Trichogen\u2122, Procapil\u2122, des peptides de cuivre et l&rsquo;extrait de pousses de pois. Ces composants sont rigoureusement test\u00e9s et \u00e9tudi\u00e9s pour assurer le soutien optimal de la sant\u00e9 du cuir chevelu et des cheveux. En utilisant ce spray, vous pouvez dire adieu aux cheveux fins et accueillir une chevelure d&rsquo;apparence jeune, dense et saine.<br \/>\nLe Foligain Spray est exempt de parab\u00e8nes, sulfates et phtalates, garantissant une formule douce et s\u00fbre pour un usage quotidien. Son application est simple et rapide, ce qui en fait une solution pratique pour les hommes actifs et soucieux de leur apparence capillaire. Pour obtenir les meilleurs r\u00e9sultats, appliquez 4 pulv\u00e9risations sur le cuir chevelu une fois par jour, directement sur les zones de perte ou d&rsquo;amincissement des cheveux.<br \/>\nEn utilisant r\u00e9guli\u00e8rement le spray volumateur Foligain, vous offrez \u00e0 vos cheveux les meilleurs nutriments pour am\u00e9liorer leur densit\u00e9 et leur vitalit\u00e9. Profitez d&rsquo;une chevelure revitalis\u00e9e et d&rsquo;apparence plus saine sans les inconv\u00e9nients des traitements co\u00fbteux et agressifs.<br \/>\nCOMPOSITION<br \/>\nPropyl\u00e8ne glycol, eau\/eau, butyl\u00e8ne glycol, glyc\u00e9rine, polysorbate 80, esters de jojoba hydrolys\u00e9s, dextran, ac\u00e9tyl t\u00e9trapeptide-3, extrait de fleur de trifolium pratense (tr\u00e8fle), acide citrique, glyc\u00e9rides caprylique\/caprique PEG-6, racine de ginseng Panax Extrait, arginine, ac\u00e9tyltyrosine, extrait de racine d&rsquo;Arctium Majus (bardane), prot\u00e9ine de soja hydrolys\u00e9e, polyquaternium-11, dim\u00e9thicone PEG-12, pantoth\u00e9nate de calcium, gluconate de zinc, niacinamide, chlorhydrate d&rsquo;ornithine, citrulline, chlorhydrate de glucosamine, succinate disodique, biotine, PPG -26-Buteth-26, huile de ricin hydrog\u00e9n\u00e9e PEG-40, apig\u00e9nine, acide ol\u00e9anolique, biotinoyl tripeptide-1, acide lactique, saccharomyces\/ferment de cuivre, extrait de feuille d&rsquo;Aloe Barbadensis (Aloe Vera), allanto\u00efne, extrait de pousse de Pisum Sativum (pois) , Extrait de fruit de Serenoa Serrulata (Palmier nain), Extrait d&rsquo;Equisetum Arvense (Pr\u00eale), L\u00e9cithine, Palmitate de r\u00e9tinyle (Vitamine A), Ac\u00e9tate de tocoph\u00e9rol (Vitamine E), Palmitate d&rsquo;ascorbyle (Vitamine C), Panth\u00e9nol (Vitamine B5), Ph\u00e9noxy\u00e9thanol, Benzoate de sodium.<br \/>\nCONSEIL D\u2019UTILISATION<br \/>\nAppliquer 4 pulv\u00e9risations sur le cuir chevelu une fois par jour, directement sur les zones concern\u00e9es. Masser le cuir chevelu avec les doigts pendant plusieurs minutes. Se laver les mains \u00e0 l&rsquo;eau et au savon apr\u00e8s utilisation. Laisser le produit sur le cuir chevelu pendant au moins 4 heures, ou toute la nuit pour de meilleurs r\u00e9sultats.<\/p>\n","protected":false},"excerpt":{"rendered":"<p>La formule puissante du Foligain Spray Volumateur comprend un complexe exclusif de Trioxidil\u00ae, renforc\u00e9 par des ingr\u00e9dients tels que la<\/p>\n","protected":false},"featured_media":14592,"comment_status":"open","ping_status":"closed","template":"","meta":[],"product_brand":[207],"product_cat":[183],"product_tag":[],"class_list":{"0":"post-15790","1":"product","2":"type-product","3":"status-publish","4":"has-post-thumbnail","6":"product_brand-foligain","7":"product_cat-masques-et-cremes","9":"first","10":"instock","11":"sale","12":"shipping-taxable","13":"purchasable","14":"product-type-simple"},"yoast_head":"<!-- This site is optimized with the Yoast SEO plugin v26.6 - https:\/\/yoast.com\/wordpress\/plugins\/seo\/ -->\r\n<title>FOLIGAIN SPRAY VOLUMATEUR TRIPLE ACTION HOMME 10% TRIOXIDIL 59 ML - Paracherkaoui.ma<\/title>\r\n<meta name=\"robots\" content=\"index, follow, max-snippet:-1, max-image-preview:large, max-video-preview:-1\" \/>\r\n<link rel=\"canonical\" href=\"https:\/\/paracherkaoui.ma\/index.php\/produit\/foligain-spray-volumateur-triple-action-homme-10-trioxidil-59-ml-2\/\" \/>\r\n<meta property=\"og:locale\" content=\"fr_FR\" \/>\r\n<meta property=\"og:type\" content=\"article\" \/>\r\n<meta property=\"og:title\" content=\"FOLIGAIN SPRAY VOLUMATEUR TRIPLE ACTION HOMME 10% TRIOXIDIL 59 ML - Paracherkaoui.ma\" \/>\r\n<meta property=\"og:description\" content=\"La formule puissante du Foligain Spray Volumateur comprend un complexe exclusif de Trioxidil\u00ae, renforc\u00e9 par des ingr\u00e9dients tels que la\" \/>\r\n<meta property=\"og:url\" content=\"https:\/\/paracherkaoui.ma\/index.php\/produit\/foligain-spray-volumateur-triple-action-homme-10-trioxidil-59-ml-2\/\" \/>\r\n<meta property=\"og:site_name\" content=\"Paracherkaoui.ma\" \/>\r\n<meta property=\"article:modified_time\" content=\"2025-12-12T16:53:04+00:00\" \/>\r\n<meta property=\"og:image\" content=\"https:\/\/paracherkaoui.ma\/wp-content\/uploads\/2025\/12\/foligain-foligain-spray-volumateur-triple-action-homme-10-trioxidil-59-ml-masque-creme-et-soins.jpg\" \/>\r\n\t<meta property=\"og:image:width\" content=\"700\" \/>\r\n\t<meta property=\"og:image:height\" content=\"700\" \/>\r\n\t<meta property=\"og:image:type\" content=\"image\/jpeg\" \/>\r\n<meta name=\"twitter:card\" content=\"summary_large_image\" \/>\r\n<meta name=\"twitter:label1\" content=\"Dur\u00e9e de lecture estim\u00e9e\" \/>\n\t<meta name=\"twitter:data1\" content=\"2 minutes\" \/>\r\n<script type=\"application\/ld+json\" class=\"yoast-schema-graph\">{\"@context\":\"https:\/\/schema.org\",\"@graph\":[{\"@type\":\"WebPage\",\"@id\":\"https:\/\/paracherkaoui.ma\/index.php\/produit\/foligain-spray-volumateur-triple-action-homme-10-trioxidil-59-ml-2\/\",\"url\":\"https:\/\/paracherkaoui.ma\/index.php\/produit\/foligain-spray-volumateur-triple-action-homme-10-trioxidil-59-ml-2\/\",\"name\":\"FOLIGAIN SPRAY VOLUMATEUR TRIPLE ACTION HOMME 10% TRIOXIDIL 59 ML - Paracherkaoui.ma\",\"isPartOf\":{\"@id\":\"https:\/\/paracherkaoui.ma\/#website\"},\"primaryImageOfPage\":{\"@id\":\"https:\/\/paracherkaoui.ma\/index.php\/produit\/foligain-spray-volumateur-triple-action-homme-10-trioxidil-59-ml-2\/#primaryimage\"},\"image\":{\"@id\":\"https:\/\/paracherkaoui.ma\/index.php\/produit\/foligain-spray-volumateur-triple-action-homme-10-trioxidil-59-ml-2\/#primaryimage\"},\"thumbnailUrl\":\"https:\/\/paracherkaoui.ma\/wp-content\/uploads\/2025\/12\/foligain-foligain-spray-volumateur-triple-action-homme-10-trioxidil-59-ml-masque-creme-et-soins.jpg\",\"datePublished\":\"2025-12-12T16:53:02+00:00\",\"dateModified\":\"2025-12-12T16:53:04+00:00\",\"breadcrumb\":{\"@id\":\"https:\/\/paracherkaoui.ma\/index.php\/produit\/foligain-spray-volumateur-triple-action-homme-10-trioxidil-59-ml-2\/#breadcrumb\"},\"inLanguage\":\"fr-FR\",\"potentialAction\":[{\"@type\":\"ReadAction\",\"target\":[\"https:\/\/paracherkaoui.ma\/index.php\/produit\/foligain-spray-volumateur-triple-action-homme-10-trioxidil-59-ml-2\/\"]}]},{\"@type\":\"ImageObject\",\"inLanguage\":\"fr-FR\",\"@id\":\"https:\/\/paracherkaoui.ma\/index.php\/produit\/foligain-spray-volumateur-triple-action-homme-10-trioxidil-59-ml-2\/#primaryimage\",\"url\":\"https:\/\/paracherkaoui.ma\/wp-content\/uploads\/2025\/12\/foligain-foligain-spray-volumateur-triple-action-homme-10-trioxidil-59-ml-masque-creme-et-soins.jpg\",\"contentUrl\":\"https:\/\/paracherkaoui.ma\/wp-content\/uploads\/2025\/12\/foligain-foligain-spray-volumateur-triple-action-homme-10-trioxidil-59-ml-masque-creme-et-soins.jpg\",\"width\":700,\"height\":700},{\"@type\":\"BreadcrumbList\",\"@id\":\"https:\/\/paracherkaoui.ma\/index.php\/produit\/foligain-spray-volumateur-triple-action-homme-10-trioxidil-59-ml-2\/#breadcrumb\",\"itemListElement\":[{\"@type\":\"ListItem\",\"position\":1,\"name\":\"Accueil\",\"item\":\"https:\/\/paracherkaoui.ma\/\"},{\"@type\":\"ListItem\",\"position\":2,\"name\":\"Boutique\",\"item\":\"https:\/\/paracherkaoui.ma\/index.php\/boutique\/\"},{\"@type\":\"ListItem\",\"position\":3,\"name\":\"FOLIGAIN SPRAY VOLUMATEUR TRIPLE ACTION HOMME 10% TRIOXIDIL 59 ML\"}]},{\"@type\":\"WebSite\",\"@id\":\"https:\/\/paracherkaoui.ma\/#website\",\"url\":\"https:\/\/paracherkaoui.ma\/\",\"name\":\"Paracherkaoui.ma\",\"description\":\"Achetez en ligne sur Paracherkaoui.ma\",\"potentialAction\":[{\"@type\":\"SearchAction\",\"target\":{\"@type\":\"EntryPoint\",\"urlTemplate\":\"https:\/\/paracherkaoui.ma\/?s={search_term_string}\"},\"query-input\":{\"@type\":\"PropertyValueSpecification\",\"valueRequired\":true,\"valueName\":\"search_term_string\"}}],\"inLanguage\":\"fr-FR\"}]}<\/script>\r\n<!-- \/ Yoast SEO plugin. -->","yoast_head_json":{"title":"FOLIGAIN SPRAY VOLUMATEUR TRIPLE ACTION HOMME 10% TRIOXIDIL 59 ML - Paracherkaoui.ma","robots":{"index":"index","follow":"follow","max-snippet":"max-snippet:-1","max-image-preview":"max-image-preview:large","max-video-preview":"max-video-preview:-1"},"canonical":"https:\/\/paracherkaoui.ma\/index.php\/produit\/foligain-spray-volumateur-triple-action-homme-10-trioxidil-59-ml-2\/","og_locale":"fr_FR","og_type":"article","og_title":"FOLIGAIN SPRAY VOLUMATEUR TRIPLE ACTION HOMME 10% TRIOXIDIL 59 ML - Paracherkaoui.ma","og_description":"La formule puissante du Foligain Spray Volumateur comprend un complexe exclusif de Trioxidil\u00ae, renforc\u00e9 par des ingr\u00e9dients tels que la","og_url":"https:\/\/paracherkaoui.ma\/index.php\/produit\/foligain-spray-volumateur-triple-action-homme-10-trioxidil-59-ml-2\/","og_site_name":"Paracherkaoui.ma","article_modified_time":"2025-12-12T16:53:04+00:00","og_image":[{"width":700,"height":700,"url":"https:\/\/paracherkaoui.ma\/wp-content\/uploads\/2025\/12\/foligain-foligain-spray-volumateur-triple-action-homme-10-trioxidil-59-ml-masque-creme-et-soins.jpg","type":"image\/jpeg"}],"twitter_card":"summary_large_image","twitter_misc":{"Dur\u00e9e de lecture estim\u00e9e":"2 minutes"},"schema":{"@context":"https:\/\/schema.org","@graph":[{"@type":"WebPage","@id":"https:\/\/paracherkaoui.ma\/index.php\/produit\/foligain-spray-volumateur-triple-action-homme-10-trioxidil-59-ml-2\/","url":"https:\/\/paracherkaoui.ma\/index.php\/produit\/foligain-spray-volumateur-triple-action-homme-10-trioxidil-59-ml-2\/","name":"FOLIGAIN SPRAY VOLUMATEUR TRIPLE ACTION HOMME 10% TRIOXIDIL 59 ML - Paracherkaoui.ma","isPartOf":{"@id":"https:\/\/paracherkaoui.ma\/#website"},"primaryImageOfPage":{"@id":"https:\/\/paracherkaoui.ma\/index.php\/produit\/foligain-spray-volumateur-triple-action-homme-10-trioxidil-59-ml-2\/#primaryimage"},"image":{"@id":"https:\/\/paracherkaoui.ma\/index.php\/produit\/foligain-spray-volumateur-triple-action-homme-10-trioxidil-59-ml-2\/#primaryimage"},"thumbnailUrl":"https:\/\/paracherkaoui.ma\/wp-content\/uploads\/2025\/12\/foligain-foligain-spray-volumateur-triple-action-homme-10-trioxidil-59-ml-masque-creme-et-soins.jpg","datePublished":"2025-12-12T16:53:02+00:00","dateModified":"2025-12-12T16:53:04+00:00","breadcrumb":{"@id":"https:\/\/paracherkaoui.ma\/index.php\/produit\/foligain-spray-volumateur-triple-action-homme-10-trioxidil-59-ml-2\/#breadcrumb"},"inLanguage":"fr-FR","potentialAction":[{"@type":"ReadAction","target":["https:\/\/paracherkaoui.ma\/index.php\/produit\/foligain-spray-volumateur-triple-action-homme-10-trioxidil-59-ml-2\/"]}]},{"@type":"ImageObject","inLanguage":"fr-FR","@id":"https:\/\/paracherkaoui.ma\/index.php\/produit\/foligain-spray-volumateur-triple-action-homme-10-trioxidil-59-ml-2\/#primaryimage","url":"https:\/\/paracherkaoui.ma\/wp-content\/uploads\/2025\/12\/foligain-foligain-spray-volumateur-triple-action-homme-10-trioxidil-59-ml-masque-creme-et-soins.jpg","contentUrl":"https:\/\/paracherkaoui.ma\/wp-content\/uploads\/2025\/12\/foligain-foligain-spray-volumateur-triple-action-homme-10-trioxidil-59-ml-masque-creme-et-soins.jpg","width":700,"height":700},{"@type":"BreadcrumbList","@id":"https:\/\/paracherkaoui.ma\/index.php\/produit\/foligain-spray-volumateur-triple-action-homme-10-trioxidil-59-ml-2\/#breadcrumb","itemListElement":[{"@type":"ListItem","position":1,"name":"Accueil","item":"https:\/\/paracherkaoui.ma\/"},{"@type":"ListItem","position":2,"name":"Boutique","item":"https:\/\/paracherkaoui.ma\/index.php\/boutique\/"},{"@type":"ListItem","position":3,"name":"FOLIGAIN SPRAY VOLUMATEUR TRIPLE ACTION HOMME 10% TRIOXIDIL 59 ML"}]},{"@type":"WebSite","@id":"https:\/\/paracherkaoui.ma\/#website","url":"https:\/\/paracherkaoui.ma\/","name":"Paracherkaoui.ma","description":"Achetez en ligne sur Paracherkaoui.ma","potentialAction":[{"@type":"SearchAction","target":{"@type":"EntryPoint","urlTemplate":"https:\/\/paracherkaoui.ma\/?s={search_term_string}"},"query-input":{"@type":"PropertyValueSpecification","valueRequired":true,"valueName":"search_term_string"}}],"inLanguage":"fr-FR"}]}},"_links":{"self":[{"href":"https:\/\/paracherkaoui.ma\/index.php\/wp-json\/wp\/v2\/product\/15790","targetHints":{"allow":["GET"]}}],"collection":[{"href":"https:\/\/paracherkaoui.ma\/index.php\/wp-json\/wp\/v2\/product"}],"about":[{"href":"https:\/\/paracherkaoui.ma\/index.php\/wp-json\/wp\/v2\/types\/product"}],"replies":[{"embeddable":true,"href":"https:\/\/paracherkaoui.ma\/index.php\/wp-json\/wp\/v2\/comments?post=15790"}],"version-history":[{"count":1,"href":"https:\/\/paracherkaoui.ma\/index.php\/wp-json\/wp\/v2\/product\/15790\/revisions"}],"predecessor-version":[{"id":15841,"href":"https:\/\/paracherkaoui.ma\/index.php\/wp-json\/wp\/v2\/product\/15790\/revisions\/15841"}],"wp:featuredmedia":[{"embeddable":true,"href":"https:\/\/paracherkaoui.ma\/index.php\/wp-json\/wp\/v2\/media\/14592"}],"wp:attachment":[{"href":"https:\/\/paracherkaoui.ma\/index.php\/wp-json\/wp\/v2\/media?parent=15790"}],"wp:term":[{"taxonomy":"product_brand","embeddable":true,"href":"https:\/\/paracherkaoui.ma\/index.php\/wp-json\/wp\/v2\/product_brand?post=15790"},{"taxonomy":"product_cat","embeddable":true,"href":"https:\/\/paracherkaoui.ma\/index.php\/wp-json\/wp\/v2\/product_cat?post=15790"},{"taxonomy":"product_tag","embeddable":true,"href":"https:\/\/paracherkaoui.ma\/index.php\/wp-json\/wp\/v2\/product_tag?post=15790"}],"curies":[{"name":"wp","href":"https:\/\/api.w.org\/{rel}","templated":true}]}}