{"id":15721,"date":"2025-12-12T17:52:58","date_gmt":"2025-12-12T16:52:58","guid":{"rendered":"https:\/\/test.ecbeaute.com\/?post_type=product&#038;p=15721"},"modified":"2025-12-12T17:53:01","modified_gmt":"2025-12-12T16:53:01","slug":"macadamia-masque-ultra-rich-repair-2","status":"publish","type":"product","link":"https:\/\/paracherkaoui.ma\/index.php\/produit\/macadamia-masque-ultra-rich-repair-2\/","title":{"rendered":"MACADAMIA Masque ultra rich repair"},"content":{"rendered":"<p>Macadamia Professional Ultra Rich Moisture Masque : Ce masque nourrit les cheveux secs et ab\u00eem\u00e9s et renforce les m\u00e8ches de cheveux individuelles pour aider \u00e0 r\u00e9parer et \u00e0 se d\u00e9fendre contre les dommages futurs. L&rsquo;hydratation est bloqu\u00e9e et les cheveux sont laiss\u00e9s en bonne sant\u00e9, brillants et restaur\u00e9s.<\/p>\n","protected":false},"excerpt":{"rendered":"<p>Macadamia Professional Ultra Rich Moisture Masque : Ce masque nourrit les cheveux secs et ab\u00eem\u00e9s et renforce les m\u00e8ches de<\/p>\n","protected":false},"featured_media":14522,"comment_status":"open","ping_status":"closed","template":"","meta":[],"product_brand":[196],"product_cat":[183],"product_tag":[],"class_list":{"0":"post-15721","1":"product","2":"type-product","3":"status-publish","4":"has-post-thumbnail","6":"product_brand-macadamia","7":"product_cat-masques-et-cremes","9":"first","10":"instock","11":"shipping-taxable","12":"purchasable","13":"product-type-simple"},"yoast_head":"<!-- This site is optimized with the Yoast SEO plugin v26.6 - https:\/\/yoast.com\/wordpress\/plugins\/seo\/ -->\r\n<title>MACADAMIA Masque ultra rich repair - Paracherkaoui.ma<\/title>\r\n<meta name=\"robots\" content=\"index, follow, max-snippet:-1, max-image-preview:large, max-video-preview:-1\" \/>\r\n<link rel=\"canonical\" href=\"https:\/\/paracherkaoui.ma\/index.php\/produit\/macadamia-masque-ultra-rich-repair-2\/\" \/>\r\n<meta property=\"og:locale\" content=\"fr_FR\" \/>\r\n<meta property=\"og:type\" content=\"article\" \/>\r\n<meta property=\"og:title\" content=\"MACADAMIA Masque ultra rich repair - Paracherkaoui.ma\" \/>\r\n<meta property=\"og:description\" content=\"Macadamia Professional Ultra Rich Moisture Masque : Ce masque nourrit les cheveux secs et ab\u00eem\u00e9s et renforce les m\u00e8ches de\" \/>\r\n<meta property=\"og:url\" content=\"https:\/\/paracherkaoui.ma\/index.php\/produit\/macadamia-masque-ultra-rich-repair-2\/\" \/>\r\n<meta property=\"og:site_name\" content=\"Paracherkaoui.ma\" \/>\r\n<meta property=\"article:modified_time\" content=\"2025-12-12T16:53:01+00:00\" \/>\r\n<meta property=\"og:image\" content=\"https:\/\/paracherkaoui.ma\/wp-content\/uploads\/2025\/12\/macadamia-macadamia-masque-ultra-rich-repair-masque-creme-et-soins.jpg\" \/>\r\n\t<meta property=\"og:image:width\" content=\"700\" \/>\r\n\t<meta property=\"og:image:height\" content=\"700\" \/>\r\n\t<meta property=\"og:image:type\" content=\"image\/jpeg\" \/>\r\n<meta name=\"twitter:card\" content=\"summary_large_image\" \/>\r\n<script type=\"application\/ld+json\" class=\"yoast-schema-graph\">{\"@context\":\"https:\/\/schema.org\",\"@graph\":[{\"@type\":\"WebPage\",\"@id\":\"https:\/\/paracherkaoui.ma\/index.php\/produit\/macadamia-masque-ultra-rich-repair-2\/\",\"url\":\"https:\/\/paracherkaoui.ma\/index.php\/produit\/macadamia-masque-ultra-rich-repair-2\/\",\"name\":\"MACADAMIA Masque ultra rich repair - Paracherkaoui.ma\",\"isPartOf\":{\"@id\":\"https:\/\/paracherkaoui.ma\/#website\"},\"primaryImageOfPage\":{\"@id\":\"https:\/\/paracherkaoui.ma\/index.php\/produit\/macadamia-masque-ultra-rich-repair-2\/#primaryimage\"},\"image\":{\"@id\":\"https:\/\/paracherkaoui.ma\/index.php\/produit\/macadamia-masque-ultra-rich-repair-2\/#primaryimage\"},\"thumbnailUrl\":\"https:\/\/paracherkaoui.ma\/wp-content\/uploads\/2025\/12\/macadamia-macadamia-masque-ultra-rich-repair-masque-creme-et-soins.jpg\",\"datePublished\":\"2025-12-12T16:52:58+00:00\",\"dateModified\":\"2025-12-12T16:53:01+00:00\",\"breadcrumb\":{\"@id\":\"https:\/\/paracherkaoui.ma\/index.php\/produit\/macadamia-masque-ultra-rich-repair-2\/#breadcrumb\"},\"inLanguage\":\"fr-FR\",\"potentialAction\":[{\"@type\":\"ReadAction\",\"target\":[\"https:\/\/paracherkaoui.ma\/index.php\/produit\/macadamia-masque-ultra-rich-repair-2\/\"]}]},{\"@type\":\"ImageObject\",\"inLanguage\":\"fr-FR\",\"@id\":\"https:\/\/paracherkaoui.ma\/index.php\/produit\/macadamia-masque-ultra-rich-repair-2\/#primaryimage\",\"url\":\"https:\/\/paracherkaoui.ma\/wp-content\/uploads\/2025\/12\/macadamia-macadamia-masque-ultra-rich-repair-masque-creme-et-soins.jpg\",\"contentUrl\":\"https:\/\/paracherkaoui.ma\/wp-content\/uploads\/2025\/12\/macadamia-macadamia-masque-ultra-rich-repair-masque-creme-et-soins.jpg\",\"width\":700,\"height\":700},{\"@type\":\"BreadcrumbList\",\"@id\":\"https:\/\/paracherkaoui.ma\/index.php\/produit\/macadamia-masque-ultra-rich-repair-2\/#breadcrumb\",\"itemListElement\":[{\"@type\":\"ListItem\",\"position\":1,\"name\":\"Accueil\",\"item\":\"https:\/\/paracherkaoui.ma\/\"},{\"@type\":\"ListItem\",\"position\":2,\"name\":\"Boutique\",\"item\":\"https:\/\/paracherkaoui.ma\/index.php\/boutique\/\"},{\"@type\":\"ListItem\",\"position\":3,\"name\":\"MACADAMIA Masque ultra rich repair\"}]},{\"@type\":\"WebSite\",\"@id\":\"https:\/\/paracherkaoui.ma\/#website\",\"url\":\"https:\/\/paracherkaoui.ma\/\",\"name\":\"Paracherkaoui.ma\",\"description\":\"Achetez en ligne sur Paracherkaoui.ma\",\"potentialAction\":[{\"@type\":\"SearchAction\",\"target\":{\"@type\":\"EntryPoint\",\"urlTemplate\":\"https:\/\/paracherkaoui.ma\/?s={search_term_string}\"},\"query-input\":{\"@type\":\"PropertyValueSpecification\",\"valueRequired\":true,\"valueName\":\"search_term_string\"}}],\"inLanguage\":\"fr-FR\"}]}<\/script>\r\n<!-- \/ Yoast SEO plugin. -->","yoast_head_json":{"title":"MACADAMIA Masque ultra rich repair - Paracherkaoui.ma","robots":{"index":"index","follow":"follow","max-snippet":"max-snippet:-1","max-image-preview":"max-image-preview:large","max-video-preview":"max-video-preview:-1"},"canonical":"https:\/\/paracherkaoui.ma\/index.php\/produit\/macadamia-masque-ultra-rich-repair-2\/","og_locale":"fr_FR","og_type":"article","og_title":"MACADAMIA Masque ultra rich repair - Paracherkaoui.ma","og_description":"Macadamia Professional Ultra Rich Moisture Masque : Ce masque nourrit les cheveux secs et ab\u00eem\u00e9s et renforce les m\u00e8ches de","og_url":"https:\/\/paracherkaoui.ma\/index.php\/produit\/macadamia-masque-ultra-rich-repair-2\/","og_site_name":"Paracherkaoui.ma","article_modified_time":"2025-12-12T16:53:01+00:00","og_image":[{"width":700,"height":700,"url":"https:\/\/paracherkaoui.ma\/wp-content\/uploads\/2025\/12\/macadamia-macadamia-masque-ultra-rich-repair-masque-creme-et-soins.jpg","type":"image\/jpeg"}],"twitter_card":"summary_large_image","schema":{"@context":"https:\/\/schema.org","@graph":[{"@type":"WebPage","@id":"https:\/\/paracherkaoui.ma\/index.php\/produit\/macadamia-masque-ultra-rich-repair-2\/","url":"https:\/\/paracherkaoui.ma\/index.php\/produit\/macadamia-masque-ultra-rich-repair-2\/","name":"MACADAMIA Masque ultra rich repair - Paracherkaoui.ma","isPartOf":{"@id":"https:\/\/paracherkaoui.ma\/#website"},"primaryImageOfPage":{"@id":"https:\/\/paracherkaoui.ma\/index.php\/produit\/macadamia-masque-ultra-rich-repair-2\/#primaryimage"},"image":{"@id":"https:\/\/paracherkaoui.ma\/index.php\/produit\/macadamia-masque-ultra-rich-repair-2\/#primaryimage"},"thumbnailUrl":"https:\/\/paracherkaoui.ma\/wp-content\/uploads\/2025\/12\/macadamia-macadamia-masque-ultra-rich-repair-masque-creme-et-soins.jpg","datePublished":"2025-12-12T16:52:58+00:00","dateModified":"2025-12-12T16:53:01+00:00","breadcrumb":{"@id":"https:\/\/paracherkaoui.ma\/index.php\/produit\/macadamia-masque-ultra-rich-repair-2\/#breadcrumb"},"inLanguage":"fr-FR","potentialAction":[{"@type":"ReadAction","target":["https:\/\/paracherkaoui.ma\/index.php\/produit\/macadamia-masque-ultra-rich-repair-2\/"]}]},{"@type":"ImageObject","inLanguage":"fr-FR","@id":"https:\/\/paracherkaoui.ma\/index.php\/produit\/macadamia-masque-ultra-rich-repair-2\/#primaryimage","url":"https:\/\/paracherkaoui.ma\/wp-content\/uploads\/2025\/12\/macadamia-macadamia-masque-ultra-rich-repair-masque-creme-et-soins.jpg","contentUrl":"https:\/\/paracherkaoui.ma\/wp-content\/uploads\/2025\/12\/macadamia-macadamia-masque-ultra-rich-repair-masque-creme-et-soins.jpg","width":700,"height":700},{"@type":"BreadcrumbList","@id":"https:\/\/paracherkaoui.ma\/index.php\/produit\/macadamia-masque-ultra-rich-repair-2\/#breadcrumb","itemListElement":[{"@type":"ListItem","position":1,"name":"Accueil","item":"https:\/\/paracherkaoui.ma\/"},{"@type":"ListItem","position":2,"name":"Boutique","item":"https:\/\/paracherkaoui.ma\/index.php\/boutique\/"},{"@type":"ListItem","position":3,"name":"MACADAMIA Masque ultra rich repair"}]},{"@type":"WebSite","@id":"https:\/\/paracherkaoui.ma\/#website","url":"https:\/\/paracherkaoui.ma\/","name":"Paracherkaoui.ma","description":"Achetez en ligne sur Paracherkaoui.ma","potentialAction":[{"@type":"SearchAction","target":{"@type":"EntryPoint","urlTemplate":"https:\/\/paracherkaoui.ma\/?s={search_term_string}"},"query-input":{"@type":"PropertyValueSpecification","valueRequired":true,"valueName":"search_term_string"}}],"inLanguage":"fr-FR"}]}},"_links":{"self":[{"href":"https:\/\/paracherkaoui.ma\/index.php\/wp-json\/wp\/v2\/product\/15721","targetHints":{"allow":["GET"]}}],"collection":[{"href":"https:\/\/paracherkaoui.ma\/index.php\/wp-json\/wp\/v2\/product"}],"about":[{"href":"https:\/\/paracherkaoui.ma\/index.php\/wp-json\/wp\/v2\/types\/product"}],"replies":[{"embeddable":true,"href":"https:\/\/paracherkaoui.ma\/index.php\/wp-json\/wp\/v2\/comments?post=15721"}],"version-history":[{"count":1,"href":"https:\/\/paracherkaoui.ma\/index.php\/wp-json\/wp\/v2\/product\/15721\/revisions"}],"predecessor-version":[{"id":15778,"href":"https:\/\/paracherkaoui.ma\/index.php\/wp-json\/wp\/v2\/product\/15721\/revisions\/15778"}],"wp:featuredmedia":[{"embeddable":true,"href":"https:\/\/paracherkaoui.ma\/index.php\/wp-json\/wp\/v2\/media\/14522"}],"wp:attachment":[{"href":"https:\/\/paracherkaoui.ma\/index.php\/wp-json\/wp\/v2\/media?parent=15721"}],"wp:term":[{"taxonomy":"product_brand","embeddable":true,"href":"https:\/\/paracherkaoui.ma\/index.php\/wp-json\/wp\/v2\/product_brand?post=15721"},{"taxonomy":"product_cat","embeddable":true,"href":"https:\/\/paracherkaoui.ma\/index.php\/wp-json\/wp\/v2\/product_cat?post=15721"},{"taxonomy":"product_tag","embeddable":true,"href":"https:\/\/paracherkaoui.ma\/index.php\/wp-json\/wp\/v2\/product_tag?post=15721"}],"curies":[{"name":"wp","href":"https:\/\/api.w.org\/{rel}","templated":true}]}}