{"id":15719,"date":"2025-12-12T17:52:58","date_gmt":"2025-12-12T16:52:58","guid":{"rendered":"https:\/\/test.ecbeaute.com\/?post_type=product&#038;p=15719"},"modified":"2025-12-12T17:53:01","modified_gmt":"2025-12-12T16:53:01","slug":"macadamia-natural-oil-whipped-detailing-cream-2","status":"publish","type":"product","link":"https:\/\/paracherkaoui.ma\/index.php\/produit\/macadamia-natural-oil-whipped-detailing-cream-2\/","title":{"rendered":"MACADAMIA NATURAL OIL WHIPPED DETAILING CREAM"},"content":{"rendered":"<p>Une cr\u00e8me de d\u00e9finition l\u00e9g\u00e8re et a\u00e9rienne qui d\u00e9finit, d\u00e9marque et contr\u00f4le les cheveux pour leur apporter structure et texture. Id\u00e9ale pour un look \u00e0 la finition parfaite et un style modelable.<br \/>\nFORMAT\u00a0: 57\u00a0gr<br \/>\nIngr\u00e9dients principaux<br \/>\nHuile de Macadamia, riche en Om\u00e9ga 7 et acides amin\u00e9s<br \/>\nHuile d\u2019Argan, nourrissante<br \/>\nHuile de Pistache, prot\u00e8ge des agressions exterieures<br \/>\nCire de Carnauba, pour une brillance \u00e9clatante<br \/>\nGlyc\u00e9rine, hydratante<br \/>\nBIENFAITS :<br \/>\nD\u00e9finit tout en conservant un look naturel<br \/>\nApporte du contr\u00f4le sans alourdir et sans r\u00e9sidus<br \/>\nAbsorbe l\u2019exc\u00e8s de s\u00e9bum pour plus de l\u00e9g\u00e8ret\u00e9<br \/>\nLaisse les cheveux doux et l\u00e9gers<br \/>\nApporte de la brillance<\/p>\n","protected":false},"excerpt":{"rendered":"<p>Une cr\u00e8me de d\u00e9finition l\u00e9g\u00e8re et a\u00e9rienne qui d\u00e9finit, d\u00e9marque et contr\u00f4le les cheveux pour leur apporter structure et texture.<\/p>\n","protected":false},"featured_media":14518,"comment_status":"open","ping_status":"closed","template":"","meta":[],"product_brand":[196],"product_cat":[183],"product_tag":[],"class_list":{"0":"post-15719","1":"product","2":"type-product","3":"status-publish","4":"has-post-thumbnail","6":"product_brand-macadamia","7":"product_cat-masques-et-cremes","9":"first","10":"instock","11":"shipping-taxable","12":"purchasable","13":"product-type-simple"},"yoast_head":"<!-- This site is optimized with the Yoast SEO plugin v26.6 - https:\/\/yoast.com\/wordpress\/plugins\/seo\/ -->\r\n<title>MACADAMIA NATURAL OIL WHIPPED DETAILING CREAM - Paracherkaoui.ma<\/title>\r\n<meta name=\"robots\" content=\"index, follow, max-snippet:-1, max-image-preview:large, max-video-preview:-1\" \/>\r\n<link rel=\"canonical\" href=\"https:\/\/paracherkaoui.ma\/index.php\/produit\/macadamia-natural-oil-whipped-detailing-cream-2\/\" \/>\r\n<meta property=\"og:locale\" content=\"fr_FR\" \/>\r\n<meta property=\"og:type\" content=\"article\" \/>\r\n<meta property=\"og:title\" content=\"MACADAMIA NATURAL OIL WHIPPED DETAILING CREAM - Paracherkaoui.ma\" \/>\r\n<meta property=\"og:description\" content=\"Une cr\u00e8me de d\u00e9finition l\u00e9g\u00e8re et a\u00e9rienne qui d\u00e9finit, d\u00e9marque et contr\u00f4le les cheveux pour leur apporter structure et texture.\" \/>\r\n<meta property=\"og:url\" content=\"https:\/\/paracherkaoui.ma\/index.php\/produit\/macadamia-natural-oil-whipped-detailing-cream-2\/\" \/>\r\n<meta property=\"og:site_name\" content=\"Paracherkaoui.ma\" \/>\r\n<meta property=\"article:modified_time\" content=\"2025-12-12T16:53:01+00:00\" \/>\r\n<meta property=\"og:image\" content=\"https:\/\/paracherkaoui.ma\/wp-content\/uploads\/2025\/12\/macadamia-macadamia-natural-oil-whipped-detailing-cream-masque-et-cremes-reparateurs.jpg\" \/>\r\n\t<meta property=\"og:image:width\" content=\"700\" \/>\r\n\t<meta property=\"og:image:height\" content=\"700\" \/>\r\n\t<meta property=\"og:image:type\" content=\"image\/jpeg\" \/>\r\n<meta name=\"twitter:card\" content=\"summary_large_image\" \/>\r\n<meta name=\"twitter:label1\" content=\"Dur\u00e9e de lecture estim\u00e9e\" \/>\n\t<meta name=\"twitter:data1\" content=\"1 minute\" \/>\r\n<script type=\"application\/ld+json\" class=\"yoast-schema-graph\">{\"@context\":\"https:\/\/schema.org\",\"@graph\":[{\"@type\":\"WebPage\",\"@id\":\"https:\/\/paracherkaoui.ma\/index.php\/produit\/macadamia-natural-oil-whipped-detailing-cream-2\/\",\"url\":\"https:\/\/paracherkaoui.ma\/index.php\/produit\/macadamia-natural-oil-whipped-detailing-cream-2\/\",\"name\":\"MACADAMIA NATURAL OIL WHIPPED DETAILING CREAM - Paracherkaoui.ma\",\"isPartOf\":{\"@id\":\"https:\/\/paracherkaoui.ma\/#website\"},\"primaryImageOfPage\":{\"@id\":\"https:\/\/paracherkaoui.ma\/index.php\/produit\/macadamia-natural-oil-whipped-detailing-cream-2\/#primaryimage\"},\"image\":{\"@id\":\"https:\/\/paracherkaoui.ma\/index.php\/produit\/macadamia-natural-oil-whipped-detailing-cream-2\/#primaryimage\"},\"thumbnailUrl\":\"https:\/\/paracherkaoui.ma\/wp-content\/uploads\/2025\/12\/macadamia-macadamia-natural-oil-whipped-detailing-cream-masque-et-cremes-reparateurs.jpg\",\"datePublished\":\"2025-12-12T16:52:58+00:00\",\"dateModified\":\"2025-12-12T16:53:01+00:00\",\"breadcrumb\":{\"@id\":\"https:\/\/paracherkaoui.ma\/index.php\/produit\/macadamia-natural-oil-whipped-detailing-cream-2\/#breadcrumb\"},\"inLanguage\":\"fr-FR\",\"potentialAction\":[{\"@type\":\"ReadAction\",\"target\":[\"https:\/\/paracherkaoui.ma\/index.php\/produit\/macadamia-natural-oil-whipped-detailing-cream-2\/\"]}]},{\"@type\":\"ImageObject\",\"inLanguage\":\"fr-FR\",\"@id\":\"https:\/\/paracherkaoui.ma\/index.php\/produit\/macadamia-natural-oil-whipped-detailing-cream-2\/#primaryimage\",\"url\":\"https:\/\/paracherkaoui.ma\/wp-content\/uploads\/2025\/12\/macadamia-macadamia-natural-oil-whipped-detailing-cream-masque-et-cremes-reparateurs.jpg\",\"contentUrl\":\"https:\/\/paracherkaoui.ma\/wp-content\/uploads\/2025\/12\/macadamia-macadamia-natural-oil-whipped-detailing-cream-masque-et-cremes-reparateurs.jpg\",\"width\":700,\"height\":700},{\"@type\":\"BreadcrumbList\",\"@id\":\"https:\/\/paracherkaoui.ma\/index.php\/produit\/macadamia-natural-oil-whipped-detailing-cream-2\/#breadcrumb\",\"itemListElement\":[{\"@type\":\"ListItem\",\"position\":1,\"name\":\"Accueil\",\"item\":\"https:\/\/paracherkaoui.ma\/\"},{\"@type\":\"ListItem\",\"position\":2,\"name\":\"Boutique\",\"item\":\"https:\/\/paracherkaoui.ma\/index.php\/boutique\/\"},{\"@type\":\"ListItem\",\"position\":3,\"name\":\"MACADAMIA NATURAL OIL WHIPPED DETAILING CREAM\"}]},{\"@type\":\"WebSite\",\"@id\":\"https:\/\/paracherkaoui.ma\/#website\",\"url\":\"https:\/\/paracherkaoui.ma\/\",\"name\":\"Paracherkaoui.ma\",\"description\":\"Achetez en ligne sur Paracherkaoui.ma\",\"potentialAction\":[{\"@type\":\"SearchAction\",\"target\":{\"@type\":\"EntryPoint\",\"urlTemplate\":\"https:\/\/paracherkaoui.ma\/?s={search_term_string}\"},\"query-input\":{\"@type\":\"PropertyValueSpecification\",\"valueRequired\":true,\"valueName\":\"search_term_string\"}}],\"inLanguage\":\"fr-FR\"}]}<\/script>\r\n<!-- \/ Yoast SEO plugin. -->","yoast_head_json":{"title":"MACADAMIA NATURAL OIL WHIPPED DETAILING CREAM - Paracherkaoui.ma","robots":{"index":"index","follow":"follow","max-snippet":"max-snippet:-1","max-image-preview":"max-image-preview:large","max-video-preview":"max-video-preview:-1"},"canonical":"https:\/\/paracherkaoui.ma\/index.php\/produit\/macadamia-natural-oil-whipped-detailing-cream-2\/","og_locale":"fr_FR","og_type":"article","og_title":"MACADAMIA NATURAL OIL WHIPPED DETAILING CREAM - Paracherkaoui.ma","og_description":"Une cr\u00e8me de d\u00e9finition l\u00e9g\u00e8re et a\u00e9rienne qui d\u00e9finit, d\u00e9marque et contr\u00f4le les cheveux pour leur apporter structure et texture.","og_url":"https:\/\/paracherkaoui.ma\/index.php\/produit\/macadamia-natural-oil-whipped-detailing-cream-2\/","og_site_name":"Paracherkaoui.ma","article_modified_time":"2025-12-12T16:53:01+00:00","og_image":[{"width":700,"height":700,"url":"https:\/\/paracherkaoui.ma\/wp-content\/uploads\/2025\/12\/macadamia-macadamia-natural-oil-whipped-detailing-cream-masque-et-cremes-reparateurs.jpg","type":"image\/jpeg"}],"twitter_card":"summary_large_image","twitter_misc":{"Dur\u00e9e de lecture estim\u00e9e":"1 minute"},"schema":{"@context":"https:\/\/schema.org","@graph":[{"@type":"WebPage","@id":"https:\/\/paracherkaoui.ma\/index.php\/produit\/macadamia-natural-oil-whipped-detailing-cream-2\/","url":"https:\/\/paracherkaoui.ma\/index.php\/produit\/macadamia-natural-oil-whipped-detailing-cream-2\/","name":"MACADAMIA NATURAL OIL WHIPPED DETAILING CREAM - Paracherkaoui.ma","isPartOf":{"@id":"https:\/\/paracherkaoui.ma\/#website"},"primaryImageOfPage":{"@id":"https:\/\/paracherkaoui.ma\/index.php\/produit\/macadamia-natural-oil-whipped-detailing-cream-2\/#primaryimage"},"image":{"@id":"https:\/\/paracherkaoui.ma\/index.php\/produit\/macadamia-natural-oil-whipped-detailing-cream-2\/#primaryimage"},"thumbnailUrl":"https:\/\/paracherkaoui.ma\/wp-content\/uploads\/2025\/12\/macadamia-macadamia-natural-oil-whipped-detailing-cream-masque-et-cremes-reparateurs.jpg","datePublished":"2025-12-12T16:52:58+00:00","dateModified":"2025-12-12T16:53:01+00:00","breadcrumb":{"@id":"https:\/\/paracherkaoui.ma\/index.php\/produit\/macadamia-natural-oil-whipped-detailing-cream-2\/#breadcrumb"},"inLanguage":"fr-FR","potentialAction":[{"@type":"ReadAction","target":["https:\/\/paracherkaoui.ma\/index.php\/produit\/macadamia-natural-oil-whipped-detailing-cream-2\/"]}]},{"@type":"ImageObject","inLanguage":"fr-FR","@id":"https:\/\/paracherkaoui.ma\/index.php\/produit\/macadamia-natural-oil-whipped-detailing-cream-2\/#primaryimage","url":"https:\/\/paracherkaoui.ma\/wp-content\/uploads\/2025\/12\/macadamia-macadamia-natural-oil-whipped-detailing-cream-masque-et-cremes-reparateurs.jpg","contentUrl":"https:\/\/paracherkaoui.ma\/wp-content\/uploads\/2025\/12\/macadamia-macadamia-natural-oil-whipped-detailing-cream-masque-et-cremes-reparateurs.jpg","width":700,"height":700},{"@type":"BreadcrumbList","@id":"https:\/\/paracherkaoui.ma\/index.php\/produit\/macadamia-natural-oil-whipped-detailing-cream-2\/#breadcrumb","itemListElement":[{"@type":"ListItem","position":1,"name":"Accueil","item":"https:\/\/paracherkaoui.ma\/"},{"@type":"ListItem","position":2,"name":"Boutique","item":"https:\/\/paracherkaoui.ma\/index.php\/boutique\/"},{"@type":"ListItem","position":3,"name":"MACADAMIA NATURAL OIL WHIPPED DETAILING CREAM"}]},{"@type":"WebSite","@id":"https:\/\/paracherkaoui.ma\/#website","url":"https:\/\/paracherkaoui.ma\/","name":"Paracherkaoui.ma","description":"Achetez en ligne sur Paracherkaoui.ma","potentialAction":[{"@type":"SearchAction","target":{"@type":"EntryPoint","urlTemplate":"https:\/\/paracherkaoui.ma\/?s={search_term_string}"},"query-input":{"@type":"PropertyValueSpecification","valueRequired":true,"valueName":"search_term_string"}}],"inLanguage":"fr-FR"}]}},"_links":{"self":[{"href":"https:\/\/paracherkaoui.ma\/index.php\/wp-json\/wp\/v2\/product\/15719","targetHints":{"allow":["GET"]}}],"collection":[{"href":"https:\/\/paracherkaoui.ma\/index.php\/wp-json\/wp\/v2\/product"}],"about":[{"href":"https:\/\/paracherkaoui.ma\/index.php\/wp-json\/wp\/v2\/types\/product"}],"replies":[{"embeddable":true,"href":"https:\/\/paracherkaoui.ma\/index.php\/wp-json\/wp\/v2\/comments?post=15719"}],"version-history":[{"count":1,"href":"https:\/\/paracherkaoui.ma\/index.php\/wp-json\/wp\/v2\/product\/15719\/revisions"}],"predecessor-version":[{"id":15776,"href":"https:\/\/paracherkaoui.ma\/index.php\/wp-json\/wp\/v2\/product\/15719\/revisions\/15776"}],"wp:featuredmedia":[{"embeddable":true,"href":"https:\/\/paracherkaoui.ma\/index.php\/wp-json\/wp\/v2\/media\/14518"}],"wp:attachment":[{"href":"https:\/\/paracherkaoui.ma\/index.php\/wp-json\/wp\/v2\/media?parent=15719"}],"wp:term":[{"taxonomy":"product_brand","embeddable":true,"href":"https:\/\/paracherkaoui.ma\/index.php\/wp-json\/wp\/v2\/product_brand?post=15719"},{"taxonomy":"product_cat","embeddable":true,"href":"https:\/\/paracherkaoui.ma\/index.php\/wp-json\/wp\/v2\/product_cat?post=15719"},{"taxonomy":"product_tag","embeddable":true,"href":"https:\/\/paracherkaoui.ma\/index.php\/wp-json\/wp\/v2\/product_tag?post=15719"}],"curies":[{"name":"wp","href":"https:\/\/api.w.org\/{rel}","templated":true}]}}