{"id":15708,"date":"2025-12-12T17:52:58","date_gmt":"2025-12-12T16:52:58","guid":{"rendered":"https:\/\/test.ecbeaute.com\/?post_type=product&#038;p=15708"},"modified":"2025-12-12T17:53:00","modified_gmt":"2025-12-12T16:53:00","slug":"erayba-nutriactive-collastin-masque-n10-250ml-2","status":"publish","type":"product","link":"https:\/\/paracherkaoui.ma\/index.php\/produit\/erayba-nutriactive-collastin-masque-n10-250ml-2\/","title":{"rendered":"ERAYBA NUTRIACTIVE COLLASTIN MASQUE N10 250ML"},"content":{"rendered":"<p>Masque intense au collag\u00e8ne et \u00e0 l&rsquo;\u00e9lastine. Nutrition profonde et hydratation. Cheveux secs ou ab\u00eem\u00e9s.<br \/>\nLe cheveu retrouve ses propri\u00e9t\u00e9s saines: force, douceur, hydratation et brillance. Facilite le style imm\u00e9diatement.<br \/>\n&#8211; Collag\u00e8ne hydrolys\u00e9, \u00c9lastine hydrolys\u00e9e &#8211; Beurre de karit\u00e9, Huile de graines de Limnanthes alba &#8211; Parfum hypoallerg\u00e9nique &#8211; Sans sel, sans parab\u00e8nes, sans sulfates<br \/>\nConseils d&rsquo;utilisation<br \/>\nLaver et essorer les cheveux \u00e0 la serviette. Appliquer en r\u00e9partissant bien le produit sur toute la chevelure et faire de l\u00e9gers massages. Laisser agir pendant quelques minutes puis rincer soigneusement.<\/p>\n","protected":false},"excerpt":{"rendered":"<p>Masque intense au collag\u00e8ne et \u00e0 l&rsquo;\u00e9lastine. Nutrition profonde et hydratation. Cheveux secs ou ab\u00eem\u00e9s. Le cheveu retrouve ses propri\u00e9t\u00e9s<\/p>\n","protected":false},"featured_media":14492,"comment_status":"open","ping_status":"closed","template":"","meta":[],"product_brand":[193],"product_cat":[183],"product_tag":[],"class_list":{"0":"post-15708","1":"product","2":"type-product","3":"status-publish","4":"has-post-thumbnail","6":"product_brand-erayba","7":"product_cat-masques-et-cremes","9":"first","10":"instock","11":"sale","12":"shipping-taxable","13":"purchasable","14":"product-type-simple"},"yoast_head":"<!-- This site is optimized with the Yoast SEO plugin v26.6 - https:\/\/yoast.com\/wordpress\/plugins\/seo\/ -->\r\n<title>ERAYBA NUTRIACTIVE COLLASTIN MASQUE N10 250ML - Paracherkaoui.ma<\/title>\r\n<meta name=\"robots\" content=\"index, follow, max-snippet:-1, max-image-preview:large, max-video-preview:-1\" \/>\r\n<link rel=\"canonical\" href=\"https:\/\/paracherkaoui.ma\/index.php\/produit\/erayba-nutriactive-collastin-masque-n10-250ml-2\/\" \/>\r\n<meta property=\"og:locale\" content=\"fr_FR\" \/>\r\n<meta property=\"og:type\" content=\"article\" \/>\r\n<meta property=\"og:title\" content=\"ERAYBA NUTRIACTIVE COLLASTIN MASQUE N10 250ML - Paracherkaoui.ma\" \/>\r\n<meta property=\"og:description\" content=\"Masque intense au collag\u00e8ne et \u00e0 l&rsquo;\u00e9lastine. Nutrition profonde et hydratation. Cheveux secs ou ab\u00eem\u00e9s. Le cheveu retrouve ses propri\u00e9t\u00e9s\" \/>\r\n<meta property=\"og:url\" content=\"https:\/\/paracherkaoui.ma\/index.php\/produit\/erayba-nutriactive-collastin-masque-n10-250ml-2\/\" \/>\r\n<meta property=\"og:site_name\" content=\"Paracherkaoui.ma\" \/>\r\n<meta property=\"article:modified_time\" content=\"2025-12-12T16:53:00+00:00\" \/>\r\n<meta property=\"og:image\" content=\"https:\/\/paracherkaoui.ma\/wp-content\/uploads\/2025\/12\/erayba-erayba-nutriactive-collastin-masque-n10-250ml-masques-baumes-huiles-capillaires.jpg\" \/>\r\n\t<meta property=\"og:image:width\" content=\"700\" \/>\r\n\t<meta property=\"og:image:height\" content=\"700\" \/>\r\n\t<meta property=\"og:image:type\" content=\"image\/jpeg\" \/>\r\n<meta name=\"twitter:card\" content=\"summary_large_image\" \/>\r\n<script type=\"application\/ld+json\" class=\"yoast-schema-graph\">{\"@context\":\"https:\/\/schema.org\",\"@graph\":[{\"@type\":\"WebPage\",\"@id\":\"https:\/\/paracherkaoui.ma\/index.php\/produit\/erayba-nutriactive-collastin-masque-n10-250ml-2\/\",\"url\":\"https:\/\/paracherkaoui.ma\/index.php\/produit\/erayba-nutriactive-collastin-masque-n10-250ml-2\/\",\"name\":\"ERAYBA NUTRIACTIVE COLLASTIN MASQUE N10 250ML - Paracherkaoui.ma\",\"isPartOf\":{\"@id\":\"https:\/\/paracherkaoui.ma\/#website\"},\"primaryImageOfPage\":{\"@id\":\"https:\/\/paracherkaoui.ma\/index.php\/produit\/erayba-nutriactive-collastin-masque-n10-250ml-2\/#primaryimage\"},\"image\":{\"@id\":\"https:\/\/paracherkaoui.ma\/index.php\/produit\/erayba-nutriactive-collastin-masque-n10-250ml-2\/#primaryimage\"},\"thumbnailUrl\":\"https:\/\/paracherkaoui.ma\/wp-content\/uploads\/2025\/12\/erayba-erayba-nutriactive-collastin-masque-n10-250ml-masques-baumes-huiles-capillaires.jpg\",\"datePublished\":\"2025-12-12T16:52:58+00:00\",\"dateModified\":\"2025-12-12T16:53:00+00:00\",\"breadcrumb\":{\"@id\":\"https:\/\/paracherkaoui.ma\/index.php\/produit\/erayba-nutriactive-collastin-masque-n10-250ml-2\/#breadcrumb\"},\"inLanguage\":\"fr-FR\",\"potentialAction\":[{\"@type\":\"ReadAction\",\"target\":[\"https:\/\/paracherkaoui.ma\/index.php\/produit\/erayba-nutriactive-collastin-masque-n10-250ml-2\/\"]}]},{\"@type\":\"ImageObject\",\"inLanguage\":\"fr-FR\",\"@id\":\"https:\/\/paracherkaoui.ma\/index.php\/produit\/erayba-nutriactive-collastin-masque-n10-250ml-2\/#primaryimage\",\"url\":\"https:\/\/paracherkaoui.ma\/wp-content\/uploads\/2025\/12\/erayba-erayba-nutriactive-collastin-masque-n10-250ml-masques-baumes-huiles-capillaires.jpg\",\"contentUrl\":\"https:\/\/paracherkaoui.ma\/wp-content\/uploads\/2025\/12\/erayba-erayba-nutriactive-collastin-masque-n10-250ml-masques-baumes-huiles-capillaires.jpg\",\"width\":700,\"height\":700},{\"@type\":\"BreadcrumbList\",\"@id\":\"https:\/\/paracherkaoui.ma\/index.php\/produit\/erayba-nutriactive-collastin-masque-n10-250ml-2\/#breadcrumb\",\"itemListElement\":[{\"@type\":\"ListItem\",\"position\":1,\"name\":\"Accueil\",\"item\":\"https:\/\/paracherkaoui.ma\/\"},{\"@type\":\"ListItem\",\"position\":2,\"name\":\"Boutique\",\"item\":\"https:\/\/paracherkaoui.ma\/index.php\/boutique\/\"},{\"@type\":\"ListItem\",\"position\":3,\"name\":\"ERAYBA NUTRIACTIVE COLLASTIN MASQUE N10 250ML\"}]},{\"@type\":\"WebSite\",\"@id\":\"https:\/\/paracherkaoui.ma\/#website\",\"url\":\"https:\/\/paracherkaoui.ma\/\",\"name\":\"Paracherkaoui.ma\",\"description\":\"Achetez en ligne sur Paracherkaoui.ma\",\"potentialAction\":[{\"@type\":\"SearchAction\",\"target\":{\"@type\":\"EntryPoint\",\"urlTemplate\":\"https:\/\/paracherkaoui.ma\/?s={search_term_string}\"},\"query-input\":{\"@type\":\"PropertyValueSpecification\",\"valueRequired\":true,\"valueName\":\"search_term_string\"}}],\"inLanguage\":\"fr-FR\"}]}<\/script>\r\n<!-- \/ Yoast SEO plugin. -->","yoast_head_json":{"title":"ERAYBA NUTRIACTIVE COLLASTIN MASQUE N10 250ML - Paracherkaoui.ma","robots":{"index":"index","follow":"follow","max-snippet":"max-snippet:-1","max-image-preview":"max-image-preview:large","max-video-preview":"max-video-preview:-1"},"canonical":"https:\/\/paracherkaoui.ma\/index.php\/produit\/erayba-nutriactive-collastin-masque-n10-250ml-2\/","og_locale":"fr_FR","og_type":"article","og_title":"ERAYBA NUTRIACTIVE COLLASTIN MASQUE N10 250ML - Paracherkaoui.ma","og_description":"Masque intense au collag\u00e8ne et \u00e0 l&rsquo;\u00e9lastine. Nutrition profonde et hydratation. Cheveux secs ou ab\u00eem\u00e9s. Le cheveu retrouve ses propri\u00e9t\u00e9s","og_url":"https:\/\/paracherkaoui.ma\/index.php\/produit\/erayba-nutriactive-collastin-masque-n10-250ml-2\/","og_site_name":"Paracherkaoui.ma","article_modified_time":"2025-12-12T16:53:00+00:00","og_image":[{"width":700,"height":700,"url":"https:\/\/paracherkaoui.ma\/wp-content\/uploads\/2025\/12\/erayba-erayba-nutriactive-collastin-masque-n10-250ml-masques-baumes-huiles-capillaires.jpg","type":"image\/jpeg"}],"twitter_card":"summary_large_image","schema":{"@context":"https:\/\/schema.org","@graph":[{"@type":"WebPage","@id":"https:\/\/paracherkaoui.ma\/index.php\/produit\/erayba-nutriactive-collastin-masque-n10-250ml-2\/","url":"https:\/\/paracherkaoui.ma\/index.php\/produit\/erayba-nutriactive-collastin-masque-n10-250ml-2\/","name":"ERAYBA NUTRIACTIVE COLLASTIN MASQUE N10 250ML - Paracherkaoui.ma","isPartOf":{"@id":"https:\/\/paracherkaoui.ma\/#website"},"primaryImageOfPage":{"@id":"https:\/\/paracherkaoui.ma\/index.php\/produit\/erayba-nutriactive-collastin-masque-n10-250ml-2\/#primaryimage"},"image":{"@id":"https:\/\/paracherkaoui.ma\/index.php\/produit\/erayba-nutriactive-collastin-masque-n10-250ml-2\/#primaryimage"},"thumbnailUrl":"https:\/\/paracherkaoui.ma\/wp-content\/uploads\/2025\/12\/erayba-erayba-nutriactive-collastin-masque-n10-250ml-masques-baumes-huiles-capillaires.jpg","datePublished":"2025-12-12T16:52:58+00:00","dateModified":"2025-12-12T16:53:00+00:00","breadcrumb":{"@id":"https:\/\/paracherkaoui.ma\/index.php\/produit\/erayba-nutriactive-collastin-masque-n10-250ml-2\/#breadcrumb"},"inLanguage":"fr-FR","potentialAction":[{"@type":"ReadAction","target":["https:\/\/paracherkaoui.ma\/index.php\/produit\/erayba-nutriactive-collastin-masque-n10-250ml-2\/"]}]},{"@type":"ImageObject","inLanguage":"fr-FR","@id":"https:\/\/paracherkaoui.ma\/index.php\/produit\/erayba-nutriactive-collastin-masque-n10-250ml-2\/#primaryimage","url":"https:\/\/paracherkaoui.ma\/wp-content\/uploads\/2025\/12\/erayba-erayba-nutriactive-collastin-masque-n10-250ml-masques-baumes-huiles-capillaires.jpg","contentUrl":"https:\/\/paracherkaoui.ma\/wp-content\/uploads\/2025\/12\/erayba-erayba-nutriactive-collastin-masque-n10-250ml-masques-baumes-huiles-capillaires.jpg","width":700,"height":700},{"@type":"BreadcrumbList","@id":"https:\/\/paracherkaoui.ma\/index.php\/produit\/erayba-nutriactive-collastin-masque-n10-250ml-2\/#breadcrumb","itemListElement":[{"@type":"ListItem","position":1,"name":"Accueil","item":"https:\/\/paracherkaoui.ma\/"},{"@type":"ListItem","position":2,"name":"Boutique","item":"https:\/\/paracherkaoui.ma\/index.php\/boutique\/"},{"@type":"ListItem","position":3,"name":"ERAYBA NUTRIACTIVE COLLASTIN MASQUE N10 250ML"}]},{"@type":"WebSite","@id":"https:\/\/paracherkaoui.ma\/#website","url":"https:\/\/paracherkaoui.ma\/","name":"Paracherkaoui.ma","description":"Achetez en ligne sur Paracherkaoui.ma","potentialAction":[{"@type":"SearchAction","target":{"@type":"EntryPoint","urlTemplate":"https:\/\/paracherkaoui.ma\/?s={search_term_string}"},"query-input":{"@type":"PropertyValueSpecification","valueRequired":true,"valueName":"search_term_string"}}],"inLanguage":"fr-FR"}]}},"_links":{"self":[{"href":"https:\/\/paracherkaoui.ma\/index.php\/wp-json\/wp\/v2\/product\/15708","targetHints":{"allow":["GET"]}}],"collection":[{"href":"https:\/\/paracherkaoui.ma\/index.php\/wp-json\/wp\/v2\/product"}],"about":[{"href":"https:\/\/paracherkaoui.ma\/index.php\/wp-json\/wp\/v2\/types\/product"}],"replies":[{"embeddable":true,"href":"https:\/\/paracherkaoui.ma\/index.php\/wp-json\/wp\/v2\/comments?post=15708"}],"version-history":[{"count":1,"href":"https:\/\/paracherkaoui.ma\/index.php\/wp-json\/wp\/v2\/product\/15708\/revisions"}],"predecessor-version":[{"id":15763,"href":"https:\/\/paracherkaoui.ma\/index.php\/wp-json\/wp\/v2\/product\/15708\/revisions\/15763"}],"wp:featuredmedia":[{"embeddable":true,"href":"https:\/\/paracherkaoui.ma\/index.php\/wp-json\/wp\/v2\/media\/14492"}],"wp:attachment":[{"href":"https:\/\/paracherkaoui.ma\/index.php\/wp-json\/wp\/v2\/media?parent=15708"}],"wp:term":[{"taxonomy":"product_brand","embeddable":true,"href":"https:\/\/paracherkaoui.ma\/index.php\/wp-json\/wp\/v2\/product_brand?post=15708"},{"taxonomy":"product_cat","embeddable":true,"href":"https:\/\/paracherkaoui.ma\/index.php\/wp-json\/wp\/v2\/product_cat?post=15708"},{"taxonomy":"product_tag","embeddable":true,"href":"https:\/\/paracherkaoui.ma\/index.php\/wp-json\/wp\/v2\/product_tag?post=15708"}],"curies":[{"name":"wp","href":"https:\/\/api.w.org\/{rel}","templated":true}]}}