{"id":15655,"date":"2025-12-12T17:52:52","date_gmt":"2025-12-12T16:52:52","guid":{"rendered":"https:\/\/test.ecbeaute.com\/?post_type=product&#038;p=15655"},"modified":"2025-12-12T17:52:59","modified_gmt":"2025-12-12T16:52:59","slug":"biokera-masque-scalp-care-cuir-chevelu-sensible-miel-200-ml","status":"publish","type":"product","link":"https:\/\/paracherkaoui.ma\/index.php\/produit\/biokera-masque-scalp-care-cuir-chevelu-sensible-miel-200-ml\/","title":{"rendered":"BIOKERA MASQUE SCALP CARE CUIR CHEVELU SENSIBLE MIEL 200 ML"},"content":{"rendered":"<p>Description:<br \/>\nPurifie le cuir chevelu et restaure son \u00e9quilibre naturel, Il constitue la deuxi\u00e8me \u00e9tape du traitement Scalp Care pour le soin des cuirs chevelus sensibes, Il rehausse les propri\u00e9t\u00e9s du miel et de l&rsquo;huile de chia tout en nourrissant en profondeur, en conditionnant, en apportant douceur et brillance aux cheveux, Parmi ses principaux atouts nous trouvons la\u00a0miel issu de l&rsquo;apiculture biologique et l&rsquo;huile de graines de Chia,\u00a0Les deux ingr\u00e9dients naturels se distinguent par leur haute teneur en nutriments et leurs propri\u00e9t\u00e9s antioxydantes et anti-inflammatoires capables d&rsquo;hydrater et de prot\u00e9ger m\u00eame les cheveux les plus ab\u00eem\u00e9s,Il ne contient pas de sulfates ou de parabens,<\/p>\n","protected":false},"excerpt":{"rendered":"<p>Description: Purifie le cuir chevelu et restaure son \u00e9quilibre naturel, Il constitue la deuxi\u00e8me \u00e9tape du traitement Scalp Care pour<\/p>\n","protected":false},"featured_media":15731,"comment_status":"open","ping_status":"closed","template":"","meta":[],"product_brand":[191],"product_cat":[183],"product_tag":[],"class_list":{"0":"post-15655","1":"product","2":"type-product","3":"status-publish","4":"has-post-thumbnail","6":"product_brand-biokera","7":"product_cat-masques-et-cremes","9":"first","10":"instock","11":"sale","12":"shipping-taxable","13":"purchasable","14":"product-type-simple"},"yoast_head":"<!-- This site is optimized with the Yoast SEO plugin v26.6 - https:\/\/yoast.com\/wordpress\/plugins\/seo\/ -->\r\n<title>BIOKERA MASQUE SCALP CARE CUIR CHEVELU SENSIBLE MIEL 200 ML - Paracherkaoui.ma<\/title>\r\n<meta name=\"robots\" content=\"index, follow, max-snippet:-1, max-image-preview:large, max-video-preview:-1\" \/>\r\n<link rel=\"canonical\" href=\"https:\/\/paracherkaoui.ma\/index.php\/produit\/biokera-masque-scalp-care-cuir-chevelu-sensible-miel-200-ml\/\" \/>\r\n<meta property=\"og:locale\" content=\"fr_FR\" \/>\r\n<meta property=\"og:type\" content=\"article\" \/>\r\n<meta property=\"og:title\" content=\"BIOKERA MASQUE SCALP CARE CUIR CHEVELU SENSIBLE MIEL 200 ML - Paracherkaoui.ma\" \/>\r\n<meta property=\"og:description\" content=\"Description: Purifie le cuir chevelu et restaure son \u00e9quilibre naturel, Il constitue la deuxi\u00e8me \u00e9tape du traitement Scalp Care pour\" \/>\r\n<meta property=\"og:url\" content=\"https:\/\/paracherkaoui.ma\/index.php\/produit\/biokera-masque-scalp-care-cuir-chevelu-sensible-miel-200-ml\/\" \/>\r\n<meta property=\"og:site_name\" content=\"Paracherkaoui.ma\" \/>\r\n<meta property=\"article:modified_time\" content=\"2025-12-12T16:52:59+00:00\" \/>\r\n<meta property=\"og:image\" content=\"https:\/\/paracherkaoui.ma\/wp-content\/uploads\/2025\/12\/biokera-masque-scalp-care-cuir-chevelu-sensible-miel-200-ml.jpg\" \/>\r\n\t<meta property=\"og:image:width\" content=\"700\" \/>\r\n\t<meta property=\"og:image:height\" content=\"700\" \/>\r\n\t<meta property=\"og:image:type\" content=\"image\/jpeg\" \/>\r\n<meta name=\"twitter:card\" content=\"summary_large_image\" \/>\r\n<meta name=\"twitter:label1\" content=\"Dur\u00e9e de lecture estim\u00e9e\" \/>\n\t<meta name=\"twitter:data1\" content=\"1 minute\" \/>\r\n<script type=\"application\/ld+json\" class=\"yoast-schema-graph\">{\"@context\":\"https:\/\/schema.org\",\"@graph\":[{\"@type\":\"WebPage\",\"@id\":\"https:\/\/paracherkaoui.ma\/index.php\/produit\/biokera-masque-scalp-care-cuir-chevelu-sensible-miel-200-ml\/\",\"url\":\"https:\/\/paracherkaoui.ma\/index.php\/produit\/biokera-masque-scalp-care-cuir-chevelu-sensible-miel-200-ml\/\",\"name\":\"BIOKERA MASQUE SCALP CARE CUIR CHEVELU SENSIBLE MIEL 200 ML - Paracherkaoui.ma\",\"isPartOf\":{\"@id\":\"https:\/\/paracherkaoui.ma\/#website\"},\"primaryImageOfPage\":{\"@id\":\"https:\/\/paracherkaoui.ma\/index.php\/produit\/biokera-masque-scalp-care-cuir-chevelu-sensible-miel-200-ml\/#primaryimage\"},\"image\":{\"@id\":\"https:\/\/paracherkaoui.ma\/index.php\/produit\/biokera-masque-scalp-care-cuir-chevelu-sensible-miel-200-ml\/#primaryimage\"},\"thumbnailUrl\":\"https:\/\/paracherkaoui.ma\/wp-content\/uploads\/2025\/12\/biokera-masque-scalp-care-cuir-chevelu-sensible-miel-200-ml.jpg\",\"datePublished\":\"2025-12-12T16:52:52+00:00\",\"dateModified\":\"2025-12-12T16:52:59+00:00\",\"breadcrumb\":{\"@id\":\"https:\/\/paracherkaoui.ma\/index.php\/produit\/biokera-masque-scalp-care-cuir-chevelu-sensible-miel-200-ml\/#breadcrumb\"},\"inLanguage\":\"fr-FR\",\"potentialAction\":[{\"@type\":\"ReadAction\",\"target\":[\"https:\/\/paracherkaoui.ma\/index.php\/produit\/biokera-masque-scalp-care-cuir-chevelu-sensible-miel-200-ml\/\"]}]},{\"@type\":\"ImageObject\",\"inLanguage\":\"fr-FR\",\"@id\":\"https:\/\/paracherkaoui.ma\/index.php\/produit\/biokera-masque-scalp-care-cuir-chevelu-sensible-miel-200-ml\/#primaryimage\",\"url\":\"https:\/\/paracherkaoui.ma\/wp-content\/uploads\/2025\/12\/biokera-masque-scalp-care-cuir-chevelu-sensible-miel-200-ml.jpg\",\"contentUrl\":\"https:\/\/paracherkaoui.ma\/wp-content\/uploads\/2025\/12\/biokera-masque-scalp-care-cuir-chevelu-sensible-miel-200-ml.jpg\",\"width\":700,\"height\":700},{\"@type\":\"BreadcrumbList\",\"@id\":\"https:\/\/paracherkaoui.ma\/index.php\/produit\/biokera-masque-scalp-care-cuir-chevelu-sensible-miel-200-ml\/#breadcrumb\",\"itemListElement\":[{\"@type\":\"ListItem\",\"position\":1,\"name\":\"Accueil\",\"item\":\"https:\/\/paracherkaoui.ma\/\"},{\"@type\":\"ListItem\",\"position\":2,\"name\":\"Boutique\",\"item\":\"https:\/\/paracherkaoui.ma\/index.php\/boutique\/\"},{\"@type\":\"ListItem\",\"position\":3,\"name\":\"BIOKERA MASQUE SCALP CARE CUIR CHEVELU SENSIBLE MIEL 200 ML\"}]},{\"@type\":\"WebSite\",\"@id\":\"https:\/\/paracherkaoui.ma\/#website\",\"url\":\"https:\/\/paracherkaoui.ma\/\",\"name\":\"Paracherkaoui.ma\",\"description\":\"Achetez en ligne sur Paracherkaoui.ma\",\"potentialAction\":[{\"@type\":\"SearchAction\",\"target\":{\"@type\":\"EntryPoint\",\"urlTemplate\":\"https:\/\/paracherkaoui.ma\/?s={search_term_string}\"},\"query-input\":{\"@type\":\"PropertyValueSpecification\",\"valueRequired\":true,\"valueName\":\"search_term_string\"}}],\"inLanguage\":\"fr-FR\"}]}<\/script>\r\n<!-- \/ Yoast SEO plugin. -->","yoast_head_json":{"title":"BIOKERA MASQUE SCALP CARE CUIR CHEVELU SENSIBLE MIEL 200 ML - Paracherkaoui.ma","robots":{"index":"index","follow":"follow","max-snippet":"max-snippet:-1","max-image-preview":"max-image-preview:large","max-video-preview":"max-video-preview:-1"},"canonical":"https:\/\/paracherkaoui.ma\/index.php\/produit\/biokera-masque-scalp-care-cuir-chevelu-sensible-miel-200-ml\/","og_locale":"fr_FR","og_type":"article","og_title":"BIOKERA MASQUE SCALP CARE CUIR CHEVELU SENSIBLE MIEL 200 ML - Paracherkaoui.ma","og_description":"Description: Purifie le cuir chevelu et restaure son \u00e9quilibre naturel, Il constitue la deuxi\u00e8me \u00e9tape du traitement Scalp Care pour","og_url":"https:\/\/paracherkaoui.ma\/index.php\/produit\/biokera-masque-scalp-care-cuir-chevelu-sensible-miel-200-ml\/","og_site_name":"Paracherkaoui.ma","article_modified_time":"2025-12-12T16:52:59+00:00","og_image":[{"width":700,"height":700,"url":"https:\/\/paracherkaoui.ma\/wp-content\/uploads\/2025\/12\/biokera-masque-scalp-care-cuir-chevelu-sensible-miel-200-ml.jpg","type":"image\/jpeg"}],"twitter_card":"summary_large_image","twitter_misc":{"Dur\u00e9e de lecture estim\u00e9e":"1 minute"},"schema":{"@context":"https:\/\/schema.org","@graph":[{"@type":"WebPage","@id":"https:\/\/paracherkaoui.ma\/index.php\/produit\/biokera-masque-scalp-care-cuir-chevelu-sensible-miel-200-ml\/","url":"https:\/\/paracherkaoui.ma\/index.php\/produit\/biokera-masque-scalp-care-cuir-chevelu-sensible-miel-200-ml\/","name":"BIOKERA MASQUE SCALP CARE CUIR CHEVELU SENSIBLE MIEL 200 ML - Paracherkaoui.ma","isPartOf":{"@id":"https:\/\/paracherkaoui.ma\/#website"},"primaryImageOfPage":{"@id":"https:\/\/paracherkaoui.ma\/index.php\/produit\/biokera-masque-scalp-care-cuir-chevelu-sensible-miel-200-ml\/#primaryimage"},"image":{"@id":"https:\/\/paracherkaoui.ma\/index.php\/produit\/biokera-masque-scalp-care-cuir-chevelu-sensible-miel-200-ml\/#primaryimage"},"thumbnailUrl":"https:\/\/paracherkaoui.ma\/wp-content\/uploads\/2025\/12\/biokera-masque-scalp-care-cuir-chevelu-sensible-miel-200-ml.jpg","datePublished":"2025-12-12T16:52:52+00:00","dateModified":"2025-12-12T16:52:59+00:00","breadcrumb":{"@id":"https:\/\/paracherkaoui.ma\/index.php\/produit\/biokera-masque-scalp-care-cuir-chevelu-sensible-miel-200-ml\/#breadcrumb"},"inLanguage":"fr-FR","potentialAction":[{"@type":"ReadAction","target":["https:\/\/paracherkaoui.ma\/index.php\/produit\/biokera-masque-scalp-care-cuir-chevelu-sensible-miel-200-ml\/"]}]},{"@type":"ImageObject","inLanguage":"fr-FR","@id":"https:\/\/paracherkaoui.ma\/index.php\/produit\/biokera-masque-scalp-care-cuir-chevelu-sensible-miel-200-ml\/#primaryimage","url":"https:\/\/paracherkaoui.ma\/wp-content\/uploads\/2025\/12\/biokera-masque-scalp-care-cuir-chevelu-sensible-miel-200-ml.jpg","contentUrl":"https:\/\/paracherkaoui.ma\/wp-content\/uploads\/2025\/12\/biokera-masque-scalp-care-cuir-chevelu-sensible-miel-200-ml.jpg","width":700,"height":700},{"@type":"BreadcrumbList","@id":"https:\/\/paracherkaoui.ma\/index.php\/produit\/biokera-masque-scalp-care-cuir-chevelu-sensible-miel-200-ml\/#breadcrumb","itemListElement":[{"@type":"ListItem","position":1,"name":"Accueil","item":"https:\/\/paracherkaoui.ma\/"},{"@type":"ListItem","position":2,"name":"Boutique","item":"https:\/\/paracherkaoui.ma\/index.php\/boutique\/"},{"@type":"ListItem","position":3,"name":"BIOKERA MASQUE SCALP CARE CUIR CHEVELU SENSIBLE MIEL 200 ML"}]},{"@type":"WebSite","@id":"https:\/\/paracherkaoui.ma\/#website","url":"https:\/\/paracherkaoui.ma\/","name":"Paracherkaoui.ma","description":"Achetez en ligne sur Paracherkaoui.ma","potentialAction":[{"@type":"SearchAction","target":{"@type":"EntryPoint","urlTemplate":"https:\/\/paracherkaoui.ma\/?s={search_term_string}"},"query-input":{"@type":"PropertyValueSpecification","valueRequired":true,"valueName":"search_term_string"}}],"inLanguage":"fr-FR"}]}},"_links":{"self":[{"href":"https:\/\/paracherkaoui.ma\/index.php\/wp-json\/wp\/v2\/product\/15655","targetHints":{"allow":["GET"]}}],"collection":[{"href":"https:\/\/paracherkaoui.ma\/index.php\/wp-json\/wp\/v2\/product"}],"about":[{"href":"https:\/\/paracherkaoui.ma\/index.php\/wp-json\/wp\/v2\/types\/product"}],"replies":[{"embeddable":true,"href":"https:\/\/paracherkaoui.ma\/index.php\/wp-json\/wp\/v2\/comments?post=15655"}],"version-history":[{"count":1,"href":"https:\/\/paracherkaoui.ma\/index.php\/wp-json\/wp\/v2\/product\/15655\/revisions"}],"predecessor-version":[{"id":15733,"href":"https:\/\/paracherkaoui.ma\/index.php\/wp-json\/wp\/v2\/product\/15655\/revisions\/15733"}],"wp:featuredmedia":[{"embeddable":true,"href":"https:\/\/paracherkaoui.ma\/index.php\/wp-json\/wp\/v2\/media\/15731"}],"wp:attachment":[{"href":"https:\/\/paracherkaoui.ma\/index.php\/wp-json\/wp\/v2\/media?parent=15655"}],"wp:term":[{"taxonomy":"product_brand","embeddable":true,"href":"https:\/\/paracherkaoui.ma\/index.php\/wp-json\/wp\/v2\/product_brand?post=15655"},{"taxonomy":"product_cat","embeddable":true,"href":"https:\/\/paracherkaoui.ma\/index.php\/wp-json\/wp\/v2\/product_cat?post=15655"},{"taxonomy":"product_tag","embeddable":true,"href":"https:\/\/paracherkaoui.ma\/index.php\/wp-json\/wp\/v2\/product_tag?post=15655"}],"curies":[{"name":"wp","href":"https:\/\/api.w.org\/{rel}","templated":true}]}}