{"id":15644,"date":"2025-12-12T17:52:52","date_gmt":"2025-12-12T16:52:52","guid":{"rendered":"https:\/\/test.ecbeaute.com\/?post_type=product&#038;p=15644"},"modified":"2025-12-12T17:52:57","modified_gmt":"2025-12-12T16:52:57","slug":"puriaderm-puriphane2-baume-demelant-apres-shampooing-hommes-femmes-200-ml","status":"publish","type":"product","link":"https:\/\/paracherkaoui.ma\/index.php\/produit\/puriaderm-puriphane2-baume-demelant-apres-shampooing-hommes-femmes-200-ml\/","title":{"rendered":"PURIADERM PURIPHANE2 BAUME DEMELANT APRES SHAMPOOING HOMMES FEMMES 200 ML"},"content":{"rendered":"<p>Le baume d\u00e9m\u00ealant apr\u00e8s-shampooing Puriphan est sp\u00e9cialement con\u00e7u pour hydrater et tonifier les cheveux secs et ab\u00eem\u00e9s. Donne du volume, de la souplesse et brillance. Gr\u00e2ce \u00e0 sa texture riche et onctueuse, Puriphan procurera \u00e0 vos cheveux apr\u00e8s chaque application toute la vitalit\u00e9 et la beaut\u00e9 qu\u2019ils m\u00e9ritent. Sans parab\u00e8nes.<br \/>\nConseils d\u2019utilisation :<br \/>\nAppliquer apr\u00e8s le shampooing sur des cheveux essor\u00e9s. Masser d\u00e9licatement le cuir chevelu, laisser agir quelques minutes puis rincer abondamment. Pour de meilleurs r\u00e9sultats, utiliser en combinaison avec le shampooing et ampoules Puriphan.<\/p>\n","protected":false},"excerpt":{"rendered":"<p>Le baume d\u00e9m\u00ealant apr\u00e8s-shampooing Puriphan est sp\u00e9cialement con\u00e7u pour hydrater et tonifier les cheveux secs et ab\u00eem\u00e9s. Donne du volume,<\/p>\n","protected":false},"featured_media":15679,"comment_status":"open","ping_status":"closed","template":"","meta":[],"product_brand":[262],"product_cat":[183],"product_tag":[],"class_list":{"0":"post-15644","1":"product","2":"type-product","3":"status-publish","4":"has-post-thumbnail","6":"product_brand-puriaderm","7":"product_cat-masques-et-cremes","9":"first","10":"instock","11":"sale","12":"shipping-taxable","13":"purchasable","14":"product-type-simple"},"yoast_head":"<!-- This site is optimized with the Yoast SEO plugin v26.6 - https:\/\/yoast.com\/wordpress\/plugins\/seo\/ -->\r\n<title>PURIADERM PURIPHANE2 BAUME DEMELANT APRES SHAMPOOING HOMMES FEMMES 200 ML - Paracherkaoui.ma<\/title>\r\n<meta name=\"robots\" content=\"index, follow, max-snippet:-1, max-image-preview:large, max-video-preview:-1\" \/>\r\n<link rel=\"canonical\" href=\"https:\/\/paracherkaoui.ma\/index.php\/produit\/puriaderm-puriphane2-baume-demelant-apres-shampooing-hommes-femmes-200-ml\/\" \/>\r\n<meta property=\"og:locale\" content=\"fr_FR\" \/>\r\n<meta property=\"og:type\" content=\"article\" \/>\r\n<meta property=\"og:title\" content=\"PURIADERM PURIPHANE2 BAUME DEMELANT APRES SHAMPOOING HOMMES FEMMES 200 ML - Paracherkaoui.ma\" \/>\r\n<meta property=\"og:description\" content=\"Le baume d\u00e9m\u00ealant apr\u00e8s-shampooing Puriphan est sp\u00e9cialement con\u00e7u pour hydrater et tonifier les cheveux secs et ab\u00eem\u00e9s. Donne du volume,\" \/>\r\n<meta property=\"og:url\" content=\"https:\/\/paracherkaoui.ma\/index.php\/produit\/puriaderm-puriphane2-baume-demelant-apres-shampooing-hommes-femmes-200-ml\/\" \/>\r\n<meta property=\"og:site_name\" content=\"Paracherkaoui.ma\" \/>\r\n<meta property=\"article:modified_time\" content=\"2025-12-12T16:52:57+00:00\" \/>\r\n<meta property=\"og:image\" content=\"https:\/\/paracherkaoui.ma\/wp-content\/uploads\/2025\/12\/puriaderm-puriaderm-puriphane2-baume-demelant-apres-shampooing-hommes-femmes-200-ml-masques-et-cremes.jpg\" \/>\r\n\t<meta property=\"og:image:width\" content=\"700\" \/>\r\n\t<meta property=\"og:image:height\" content=\"700\" \/>\r\n\t<meta property=\"og:image:type\" content=\"image\/jpeg\" \/>\r\n<meta name=\"twitter:card\" content=\"summary_large_image\" \/>\r\n<meta name=\"twitter:label1\" content=\"Dur\u00e9e de lecture estim\u00e9e\" \/>\n\t<meta name=\"twitter:data1\" content=\"1 minute\" \/>\r\n<script type=\"application\/ld+json\" class=\"yoast-schema-graph\">{\"@context\":\"https:\/\/schema.org\",\"@graph\":[{\"@type\":\"WebPage\",\"@id\":\"https:\/\/paracherkaoui.ma\/index.php\/produit\/puriaderm-puriphane2-baume-demelant-apres-shampooing-hommes-femmes-200-ml\/\",\"url\":\"https:\/\/paracherkaoui.ma\/index.php\/produit\/puriaderm-puriphane2-baume-demelant-apres-shampooing-hommes-femmes-200-ml\/\",\"name\":\"PURIADERM PURIPHANE2 BAUME DEMELANT APRES SHAMPOOING HOMMES FEMMES 200 ML - Paracherkaoui.ma\",\"isPartOf\":{\"@id\":\"https:\/\/paracherkaoui.ma\/#website\"},\"primaryImageOfPage\":{\"@id\":\"https:\/\/paracherkaoui.ma\/index.php\/produit\/puriaderm-puriphane2-baume-demelant-apres-shampooing-hommes-femmes-200-ml\/#primaryimage\"},\"image\":{\"@id\":\"https:\/\/paracherkaoui.ma\/index.php\/produit\/puriaderm-puriphane2-baume-demelant-apres-shampooing-hommes-femmes-200-ml\/#primaryimage\"},\"thumbnailUrl\":\"https:\/\/paracherkaoui.ma\/wp-content\/uploads\/2025\/12\/puriaderm-puriaderm-puriphane2-baume-demelant-apres-shampooing-hommes-femmes-200-ml-masques-et-cremes.jpg\",\"datePublished\":\"2025-12-12T16:52:52+00:00\",\"dateModified\":\"2025-12-12T16:52:57+00:00\",\"breadcrumb\":{\"@id\":\"https:\/\/paracherkaoui.ma\/index.php\/produit\/puriaderm-puriphane2-baume-demelant-apres-shampooing-hommes-femmes-200-ml\/#breadcrumb\"},\"inLanguage\":\"fr-FR\",\"potentialAction\":[{\"@type\":\"ReadAction\",\"target\":[\"https:\/\/paracherkaoui.ma\/index.php\/produit\/puriaderm-puriphane2-baume-demelant-apres-shampooing-hommes-femmes-200-ml\/\"]}]},{\"@type\":\"ImageObject\",\"inLanguage\":\"fr-FR\",\"@id\":\"https:\/\/paracherkaoui.ma\/index.php\/produit\/puriaderm-puriphane2-baume-demelant-apres-shampooing-hommes-femmes-200-ml\/#primaryimage\",\"url\":\"https:\/\/paracherkaoui.ma\/wp-content\/uploads\/2025\/12\/puriaderm-puriaderm-puriphane2-baume-demelant-apres-shampooing-hommes-femmes-200-ml-masques-et-cremes.jpg\",\"contentUrl\":\"https:\/\/paracherkaoui.ma\/wp-content\/uploads\/2025\/12\/puriaderm-puriaderm-puriphane2-baume-demelant-apres-shampooing-hommes-femmes-200-ml-masques-et-cremes.jpg\",\"width\":700,\"height\":700},{\"@type\":\"BreadcrumbList\",\"@id\":\"https:\/\/paracherkaoui.ma\/index.php\/produit\/puriaderm-puriphane2-baume-demelant-apres-shampooing-hommes-femmes-200-ml\/#breadcrumb\",\"itemListElement\":[{\"@type\":\"ListItem\",\"position\":1,\"name\":\"Accueil\",\"item\":\"https:\/\/paracherkaoui.ma\/\"},{\"@type\":\"ListItem\",\"position\":2,\"name\":\"Boutique\",\"item\":\"https:\/\/paracherkaoui.ma\/index.php\/boutique\/\"},{\"@type\":\"ListItem\",\"position\":3,\"name\":\"PURIADERM PURIPHANE2 BAUME DEMELANT APRES SHAMPOOING HOMMES FEMMES 200 ML\"}]},{\"@type\":\"WebSite\",\"@id\":\"https:\/\/paracherkaoui.ma\/#website\",\"url\":\"https:\/\/paracherkaoui.ma\/\",\"name\":\"Paracherkaoui.ma\",\"description\":\"Achetez en ligne sur Paracherkaoui.ma\",\"potentialAction\":[{\"@type\":\"SearchAction\",\"target\":{\"@type\":\"EntryPoint\",\"urlTemplate\":\"https:\/\/paracherkaoui.ma\/?s={search_term_string}\"},\"query-input\":{\"@type\":\"PropertyValueSpecification\",\"valueRequired\":true,\"valueName\":\"search_term_string\"}}],\"inLanguage\":\"fr-FR\"}]}<\/script>\r\n<!-- \/ Yoast SEO plugin. -->","yoast_head_json":{"title":"PURIADERM PURIPHANE2 BAUME DEMELANT APRES SHAMPOOING HOMMES FEMMES 200 ML - Paracherkaoui.ma","robots":{"index":"index","follow":"follow","max-snippet":"max-snippet:-1","max-image-preview":"max-image-preview:large","max-video-preview":"max-video-preview:-1"},"canonical":"https:\/\/paracherkaoui.ma\/index.php\/produit\/puriaderm-puriphane2-baume-demelant-apres-shampooing-hommes-femmes-200-ml\/","og_locale":"fr_FR","og_type":"article","og_title":"PURIADERM PURIPHANE2 BAUME DEMELANT APRES SHAMPOOING HOMMES FEMMES 200 ML - Paracherkaoui.ma","og_description":"Le baume d\u00e9m\u00ealant apr\u00e8s-shampooing Puriphan est sp\u00e9cialement con\u00e7u pour hydrater et tonifier les cheveux secs et ab\u00eem\u00e9s. Donne du volume,","og_url":"https:\/\/paracherkaoui.ma\/index.php\/produit\/puriaderm-puriphane2-baume-demelant-apres-shampooing-hommes-femmes-200-ml\/","og_site_name":"Paracherkaoui.ma","article_modified_time":"2025-12-12T16:52:57+00:00","og_image":[{"width":700,"height":700,"url":"https:\/\/paracherkaoui.ma\/wp-content\/uploads\/2025\/12\/puriaderm-puriaderm-puriphane2-baume-demelant-apres-shampooing-hommes-femmes-200-ml-masques-et-cremes.jpg","type":"image\/jpeg"}],"twitter_card":"summary_large_image","twitter_misc":{"Dur\u00e9e de lecture estim\u00e9e":"1 minute"},"schema":{"@context":"https:\/\/schema.org","@graph":[{"@type":"WebPage","@id":"https:\/\/paracherkaoui.ma\/index.php\/produit\/puriaderm-puriphane2-baume-demelant-apres-shampooing-hommes-femmes-200-ml\/","url":"https:\/\/paracherkaoui.ma\/index.php\/produit\/puriaderm-puriphane2-baume-demelant-apres-shampooing-hommes-femmes-200-ml\/","name":"PURIADERM PURIPHANE2 BAUME DEMELANT APRES SHAMPOOING HOMMES FEMMES 200 ML - Paracherkaoui.ma","isPartOf":{"@id":"https:\/\/paracherkaoui.ma\/#website"},"primaryImageOfPage":{"@id":"https:\/\/paracherkaoui.ma\/index.php\/produit\/puriaderm-puriphane2-baume-demelant-apres-shampooing-hommes-femmes-200-ml\/#primaryimage"},"image":{"@id":"https:\/\/paracherkaoui.ma\/index.php\/produit\/puriaderm-puriphane2-baume-demelant-apres-shampooing-hommes-femmes-200-ml\/#primaryimage"},"thumbnailUrl":"https:\/\/paracherkaoui.ma\/wp-content\/uploads\/2025\/12\/puriaderm-puriaderm-puriphane2-baume-demelant-apres-shampooing-hommes-femmes-200-ml-masques-et-cremes.jpg","datePublished":"2025-12-12T16:52:52+00:00","dateModified":"2025-12-12T16:52:57+00:00","breadcrumb":{"@id":"https:\/\/paracherkaoui.ma\/index.php\/produit\/puriaderm-puriphane2-baume-demelant-apres-shampooing-hommes-femmes-200-ml\/#breadcrumb"},"inLanguage":"fr-FR","potentialAction":[{"@type":"ReadAction","target":["https:\/\/paracherkaoui.ma\/index.php\/produit\/puriaderm-puriphane2-baume-demelant-apres-shampooing-hommes-femmes-200-ml\/"]}]},{"@type":"ImageObject","inLanguage":"fr-FR","@id":"https:\/\/paracherkaoui.ma\/index.php\/produit\/puriaderm-puriphane2-baume-demelant-apres-shampooing-hommes-femmes-200-ml\/#primaryimage","url":"https:\/\/paracherkaoui.ma\/wp-content\/uploads\/2025\/12\/puriaderm-puriaderm-puriphane2-baume-demelant-apres-shampooing-hommes-femmes-200-ml-masques-et-cremes.jpg","contentUrl":"https:\/\/paracherkaoui.ma\/wp-content\/uploads\/2025\/12\/puriaderm-puriaderm-puriphane2-baume-demelant-apres-shampooing-hommes-femmes-200-ml-masques-et-cremes.jpg","width":700,"height":700},{"@type":"BreadcrumbList","@id":"https:\/\/paracherkaoui.ma\/index.php\/produit\/puriaderm-puriphane2-baume-demelant-apres-shampooing-hommes-femmes-200-ml\/#breadcrumb","itemListElement":[{"@type":"ListItem","position":1,"name":"Accueil","item":"https:\/\/paracherkaoui.ma\/"},{"@type":"ListItem","position":2,"name":"Boutique","item":"https:\/\/paracherkaoui.ma\/index.php\/boutique\/"},{"@type":"ListItem","position":3,"name":"PURIADERM PURIPHANE2 BAUME DEMELANT APRES SHAMPOOING HOMMES FEMMES 200 ML"}]},{"@type":"WebSite","@id":"https:\/\/paracherkaoui.ma\/#website","url":"https:\/\/paracherkaoui.ma\/","name":"Paracherkaoui.ma","description":"Achetez en ligne sur Paracherkaoui.ma","potentialAction":[{"@type":"SearchAction","target":{"@type":"EntryPoint","urlTemplate":"https:\/\/paracherkaoui.ma\/?s={search_term_string}"},"query-input":{"@type":"PropertyValueSpecification","valueRequired":true,"valueName":"search_term_string"}}],"inLanguage":"fr-FR"}]}},"_links":{"self":[{"href":"https:\/\/paracherkaoui.ma\/index.php\/wp-json\/wp\/v2\/product\/15644","targetHints":{"allow":["GET"]}}],"collection":[{"href":"https:\/\/paracherkaoui.ma\/index.php\/wp-json\/wp\/v2\/product"}],"about":[{"href":"https:\/\/paracherkaoui.ma\/index.php\/wp-json\/wp\/v2\/types\/product"}],"replies":[{"embeddable":true,"href":"https:\/\/paracherkaoui.ma\/index.php\/wp-json\/wp\/v2\/comments?post=15644"}],"version-history":[{"count":1,"href":"https:\/\/paracherkaoui.ma\/index.php\/wp-json\/wp\/v2\/product\/15644\/revisions"}],"predecessor-version":[{"id":15681,"href":"https:\/\/paracherkaoui.ma\/index.php\/wp-json\/wp\/v2\/product\/15644\/revisions\/15681"}],"wp:featuredmedia":[{"embeddable":true,"href":"https:\/\/paracherkaoui.ma\/index.php\/wp-json\/wp\/v2\/media\/15679"}],"wp:attachment":[{"href":"https:\/\/paracherkaoui.ma\/index.php\/wp-json\/wp\/v2\/media?parent=15644"}],"wp:term":[{"taxonomy":"product_brand","embeddable":true,"href":"https:\/\/paracherkaoui.ma\/index.php\/wp-json\/wp\/v2\/product_brand?post=15644"},{"taxonomy":"product_cat","embeddable":true,"href":"https:\/\/paracherkaoui.ma\/index.php\/wp-json\/wp\/v2\/product_cat?post=15644"},{"taxonomy":"product_tag","embeddable":true,"href":"https:\/\/paracherkaoui.ma\/index.php\/wp-json\/wp\/v2\/product_tag?post=15644"}],"curies":[{"name":"wp","href":"https:\/\/api.w.org\/{rel}","templated":true}]}}