{"id":15567,"date":"2025-12-12T17:52:42","date_gmt":"2025-12-12T16:52:42","guid":{"rendered":"https:\/\/test.ecbeaute.com\/?post_type=product&#038;p=15567"},"modified":"2025-12-12T17:52:49","modified_gmt":"2025-12-12T16:52:49","slug":"forcapil-masque-soin-double-usage-200-ml","status":"publish","type":"product","link":"https:\/\/paracherkaoui.ma\/index.php\/produit\/forcapil-masque-soin-double-usage-200-ml\/","title":{"rendered":"FORCAPIL MASQUE SOIN DOUBLE USAGE 200 ML"},"content":{"rendered":"<p>D\u00e9couvrez Forcapil K\u00e9ratine+ Masque Soin Double Usage 200 ml, la solution parfaite pour redonner vie \u00e0 vos cheveux ab\u00eem\u00e9s et cassants. Ce masque innovant \u00e0 la k\u00e9ratine v\u00e9g\u00e9tale combine efficacit\u00e9 et douceur gr\u00e2ce \u00e0 une formulation compos\u00e9e de 97% d\u2019ingr\u00e9dients d\u2019origine naturelle. Sans tensioactifs sulfat\u00e9s, sans silicones ni colorants chimiques, il respecte vos cheveux et l\u2019environnement.<br \/>\nCe soin 2-en-1 offre une flexibilit\u00e9 d&rsquo;utilisation : appliquez-le comme un apr\u00e8s-shampoing pour un traitement rapide ou laissez-le poser en masque pour une r\u00e9paration en profondeur. Sa formule enrichie en HAIR ACTIV\u2019 FORTIFY, un complexe puissant de vitamines B5, B6 et B8, renforce la fibre capillaire de la racine jusqu\u2019aux pointes, tout en apportant brillance, douceur et r\u00e9sistance.<br \/>\nGr\u00e2ce \u00e0 son action prouv\u00e9e, il aide \u00e0 :<br \/>\nFortifier la fibre capillaire (91% des utilisateurs constatent une am\u00e9lioration).<br \/>\nR\u00e9parer les cheveux ab\u00eem\u00e9s et cassants (82% des utilisateurs satisfaits).<br \/>\nQue vos cheveux soient fragilis\u00e9s par des traitements chimiques ou simplement par les agressions du quotidien, Forcapil K\u00e9ratine+ leur offre une nouvelle jeunesse en apportant force, souplesse et protection.<br \/>\nConseils d&rsquo;utilisation :<br \/>\nEn soin apr\u00e8s-shampoing : Appliquez 1 \u00e0 2 noix de produit sur les longueurs et pointes. Laissez agir 1 \u00e0 2 minutes avant de rincer.<br \/>\nEn masque intensif : Appliquez g\u00e9n\u00e9reusement sur cheveux humides, laissez poser 10 \u00e0 15 minutes, puis rincez abondamment.<\/p>\n","protected":false},"excerpt":{"rendered":"<p>D\u00e9couvrez Forcapil K\u00e9ratine+ Masque Soin Double Usage 200 ml, la solution parfaite pour redonner vie \u00e0 vos cheveux ab\u00eem\u00e9s et<\/p>\n","protected":false},"featured_media":15613,"comment_status":"open","ping_status":"closed","template":"","meta":[],"product_brand":[264],"product_cat":[183],"product_tag":[],"class_list":{"0":"post-15567","1":"product","2":"type-product","3":"status-publish","4":"has-post-thumbnail","6":"product_brand-forcapil","7":"product_cat-masques-et-cremes","9":"first","10":"instock","11":"sale","12":"shipping-taxable","13":"purchasable","14":"product-type-simple"},"yoast_head":"<!-- This site is optimized with the Yoast SEO plugin v26.6 - https:\/\/yoast.com\/wordpress\/plugins\/seo\/ -->\r\n<title>FORCAPIL MASQUE SOIN DOUBLE USAGE 200 ML - Paracherkaoui.ma<\/title>\r\n<meta name=\"robots\" content=\"index, follow, max-snippet:-1, max-image-preview:large, max-video-preview:-1\" \/>\r\n<link rel=\"canonical\" href=\"https:\/\/paracherkaoui.ma\/index.php\/produit\/forcapil-masque-soin-double-usage-200-ml\/\" \/>\r\n<meta property=\"og:locale\" content=\"fr_FR\" \/>\r\n<meta property=\"og:type\" content=\"article\" \/>\r\n<meta property=\"og:title\" content=\"FORCAPIL MASQUE SOIN DOUBLE USAGE 200 ML - Paracherkaoui.ma\" \/>\r\n<meta property=\"og:description\" content=\"D\u00e9couvrez Forcapil K\u00e9ratine+ Masque Soin Double Usage 200 ml, la solution parfaite pour redonner vie \u00e0 vos cheveux ab\u00eem\u00e9s et\" \/>\r\n<meta property=\"og:url\" content=\"https:\/\/paracherkaoui.ma\/index.php\/produit\/forcapil-masque-soin-double-usage-200-ml\/\" \/>\r\n<meta property=\"og:site_name\" content=\"Paracherkaoui.ma\" \/>\r\n<meta property=\"article:modified_time\" content=\"2025-12-12T16:52:49+00:00\" \/>\r\n<meta property=\"og:image\" content=\"https:\/\/paracherkaoui.ma\/wp-content\/uploads\/2025\/12\/forcapil-masque-soin-double-usage-200-ml.jpg\" \/>\r\n\t<meta property=\"og:image:width\" content=\"700\" \/>\r\n\t<meta property=\"og:image:height\" content=\"700\" \/>\r\n\t<meta property=\"og:image:type\" content=\"image\/jpeg\" \/>\r\n<meta name=\"twitter:card\" content=\"summary_large_image\" \/>\r\n<meta name=\"twitter:label1\" content=\"Dur\u00e9e de lecture estim\u00e9e\" \/>\n\t<meta name=\"twitter:data1\" content=\"1 minute\" \/>\r\n<script type=\"application\/ld+json\" class=\"yoast-schema-graph\">{\"@context\":\"https:\/\/schema.org\",\"@graph\":[{\"@type\":\"WebPage\",\"@id\":\"https:\/\/paracherkaoui.ma\/index.php\/produit\/forcapil-masque-soin-double-usage-200-ml\/\",\"url\":\"https:\/\/paracherkaoui.ma\/index.php\/produit\/forcapil-masque-soin-double-usage-200-ml\/\",\"name\":\"FORCAPIL MASQUE SOIN DOUBLE USAGE 200 ML - Paracherkaoui.ma\",\"isPartOf\":{\"@id\":\"https:\/\/paracherkaoui.ma\/#website\"},\"primaryImageOfPage\":{\"@id\":\"https:\/\/paracherkaoui.ma\/index.php\/produit\/forcapil-masque-soin-double-usage-200-ml\/#primaryimage\"},\"image\":{\"@id\":\"https:\/\/paracherkaoui.ma\/index.php\/produit\/forcapil-masque-soin-double-usage-200-ml\/#primaryimage\"},\"thumbnailUrl\":\"https:\/\/paracherkaoui.ma\/wp-content\/uploads\/2025\/12\/forcapil-masque-soin-double-usage-200-ml.jpg\",\"datePublished\":\"2025-12-12T16:52:42+00:00\",\"dateModified\":\"2025-12-12T16:52:49+00:00\",\"breadcrumb\":{\"@id\":\"https:\/\/paracherkaoui.ma\/index.php\/produit\/forcapil-masque-soin-double-usage-200-ml\/#breadcrumb\"},\"inLanguage\":\"fr-FR\",\"potentialAction\":[{\"@type\":\"ReadAction\",\"target\":[\"https:\/\/paracherkaoui.ma\/index.php\/produit\/forcapil-masque-soin-double-usage-200-ml\/\"]}]},{\"@type\":\"ImageObject\",\"inLanguage\":\"fr-FR\",\"@id\":\"https:\/\/paracherkaoui.ma\/index.php\/produit\/forcapil-masque-soin-double-usage-200-ml\/#primaryimage\",\"url\":\"https:\/\/paracherkaoui.ma\/wp-content\/uploads\/2025\/12\/forcapil-masque-soin-double-usage-200-ml.jpg\",\"contentUrl\":\"https:\/\/paracherkaoui.ma\/wp-content\/uploads\/2025\/12\/forcapil-masque-soin-double-usage-200-ml.jpg\",\"width\":700,\"height\":700},{\"@type\":\"BreadcrumbList\",\"@id\":\"https:\/\/paracherkaoui.ma\/index.php\/produit\/forcapil-masque-soin-double-usage-200-ml\/#breadcrumb\",\"itemListElement\":[{\"@type\":\"ListItem\",\"position\":1,\"name\":\"Accueil\",\"item\":\"https:\/\/paracherkaoui.ma\/\"},{\"@type\":\"ListItem\",\"position\":2,\"name\":\"Boutique\",\"item\":\"https:\/\/paracherkaoui.ma\/index.php\/boutique\/\"},{\"@type\":\"ListItem\",\"position\":3,\"name\":\"FORCAPIL MASQUE SOIN DOUBLE USAGE 200 ML\"}]},{\"@type\":\"WebSite\",\"@id\":\"https:\/\/paracherkaoui.ma\/#website\",\"url\":\"https:\/\/paracherkaoui.ma\/\",\"name\":\"Paracherkaoui.ma\",\"description\":\"Achetez en ligne sur Paracherkaoui.ma\",\"potentialAction\":[{\"@type\":\"SearchAction\",\"target\":{\"@type\":\"EntryPoint\",\"urlTemplate\":\"https:\/\/paracherkaoui.ma\/?s={search_term_string}\"},\"query-input\":{\"@type\":\"PropertyValueSpecification\",\"valueRequired\":true,\"valueName\":\"search_term_string\"}}],\"inLanguage\":\"fr-FR\"}]}<\/script>\r\n<!-- \/ Yoast SEO plugin. -->","yoast_head_json":{"title":"FORCAPIL MASQUE SOIN DOUBLE USAGE 200 ML - Paracherkaoui.ma","robots":{"index":"index","follow":"follow","max-snippet":"max-snippet:-1","max-image-preview":"max-image-preview:large","max-video-preview":"max-video-preview:-1"},"canonical":"https:\/\/paracherkaoui.ma\/index.php\/produit\/forcapil-masque-soin-double-usage-200-ml\/","og_locale":"fr_FR","og_type":"article","og_title":"FORCAPIL MASQUE SOIN DOUBLE USAGE 200 ML - Paracherkaoui.ma","og_description":"D\u00e9couvrez Forcapil K\u00e9ratine+ Masque Soin Double Usage 200 ml, la solution parfaite pour redonner vie \u00e0 vos cheveux ab\u00eem\u00e9s et","og_url":"https:\/\/paracherkaoui.ma\/index.php\/produit\/forcapil-masque-soin-double-usage-200-ml\/","og_site_name":"Paracherkaoui.ma","article_modified_time":"2025-12-12T16:52:49+00:00","og_image":[{"width":700,"height":700,"url":"https:\/\/paracherkaoui.ma\/wp-content\/uploads\/2025\/12\/forcapil-masque-soin-double-usage-200-ml.jpg","type":"image\/jpeg"}],"twitter_card":"summary_large_image","twitter_misc":{"Dur\u00e9e de lecture estim\u00e9e":"1 minute"},"schema":{"@context":"https:\/\/schema.org","@graph":[{"@type":"WebPage","@id":"https:\/\/paracherkaoui.ma\/index.php\/produit\/forcapil-masque-soin-double-usage-200-ml\/","url":"https:\/\/paracherkaoui.ma\/index.php\/produit\/forcapil-masque-soin-double-usage-200-ml\/","name":"FORCAPIL MASQUE SOIN DOUBLE USAGE 200 ML - Paracherkaoui.ma","isPartOf":{"@id":"https:\/\/paracherkaoui.ma\/#website"},"primaryImageOfPage":{"@id":"https:\/\/paracherkaoui.ma\/index.php\/produit\/forcapil-masque-soin-double-usage-200-ml\/#primaryimage"},"image":{"@id":"https:\/\/paracherkaoui.ma\/index.php\/produit\/forcapil-masque-soin-double-usage-200-ml\/#primaryimage"},"thumbnailUrl":"https:\/\/paracherkaoui.ma\/wp-content\/uploads\/2025\/12\/forcapil-masque-soin-double-usage-200-ml.jpg","datePublished":"2025-12-12T16:52:42+00:00","dateModified":"2025-12-12T16:52:49+00:00","breadcrumb":{"@id":"https:\/\/paracherkaoui.ma\/index.php\/produit\/forcapil-masque-soin-double-usage-200-ml\/#breadcrumb"},"inLanguage":"fr-FR","potentialAction":[{"@type":"ReadAction","target":["https:\/\/paracherkaoui.ma\/index.php\/produit\/forcapil-masque-soin-double-usage-200-ml\/"]}]},{"@type":"ImageObject","inLanguage":"fr-FR","@id":"https:\/\/paracherkaoui.ma\/index.php\/produit\/forcapil-masque-soin-double-usage-200-ml\/#primaryimage","url":"https:\/\/paracherkaoui.ma\/wp-content\/uploads\/2025\/12\/forcapil-masque-soin-double-usage-200-ml.jpg","contentUrl":"https:\/\/paracherkaoui.ma\/wp-content\/uploads\/2025\/12\/forcapil-masque-soin-double-usage-200-ml.jpg","width":700,"height":700},{"@type":"BreadcrumbList","@id":"https:\/\/paracherkaoui.ma\/index.php\/produit\/forcapil-masque-soin-double-usage-200-ml\/#breadcrumb","itemListElement":[{"@type":"ListItem","position":1,"name":"Accueil","item":"https:\/\/paracherkaoui.ma\/"},{"@type":"ListItem","position":2,"name":"Boutique","item":"https:\/\/paracherkaoui.ma\/index.php\/boutique\/"},{"@type":"ListItem","position":3,"name":"FORCAPIL MASQUE SOIN DOUBLE USAGE 200 ML"}]},{"@type":"WebSite","@id":"https:\/\/paracherkaoui.ma\/#website","url":"https:\/\/paracherkaoui.ma\/","name":"Paracherkaoui.ma","description":"Achetez en ligne sur Paracherkaoui.ma","potentialAction":[{"@type":"SearchAction","target":{"@type":"EntryPoint","urlTemplate":"https:\/\/paracherkaoui.ma\/?s={search_term_string}"},"query-input":{"@type":"PropertyValueSpecification","valueRequired":true,"valueName":"search_term_string"}}],"inLanguage":"fr-FR"}]}},"_links":{"self":[{"href":"https:\/\/paracherkaoui.ma\/index.php\/wp-json\/wp\/v2\/product\/15567","targetHints":{"allow":["GET"]}}],"collection":[{"href":"https:\/\/paracherkaoui.ma\/index.php\/wp-json\/wp\/v2\/product"}],"about":[{"href":"https:\/\/paracherkaoui.ma\/index.php\/wp-json\/wp\/v2\/types\/product"}],"replies":[{"embeddable":true,"href":"https:\/\/paracherkaoui.ma\/index.php\/wp-json\/wp\/v2\/comments?post=15567"}],"version-history":[{"count":1,"href":"https:\/\/paracherkaoui.ma\/index.php\/wp-json\/wp\/v2\/product\/15567\/revisions"}],"predecessor-version":[{"id":15614,"href":"https:\/\/paracherkaoui.ma\/index.php\/wp-json\/wp\/v2\/product\/15567\/revisions\/15614"}],"wp:featuredmedia":[{"embeddable":true,"href":"https:\/\/paracherkaoui.ma\/index.php\/wp-json\/wp\/v2\/media\/15613"}],"wp:attachment":[{"href":"https:\/\/paracherkaoui.ma\/index.php\/wp-json\/wp\/v2\/media?parent=15567"}],"wp:term":[{"taxonomy":"product_brand","embeddable":true,"href":"https:\/\/paracherkaoui.ma\/index.php\/wp-json\/wp\/v2\/product_brand?post=15567"},{"taxonomy":"product_cat","embeddable":true,"href":"https:\/\/paracherkaoui.ma\/index.php\/wp-json\/wp\/v2\/product_cat?post=15567"},{"taxonomy":"product_tag","embeddable":true,"href":"https:\/\/paracherkaoui.ma\/index.php\/wp-json\/wp\/v2\/product_tag?post=15567"}],"curies":[{"name":"wp","href":"https:\/\/api.w.org\/{rel}","templated":true}]}}