{"id":15566,"date":"2025-12-12T17:52:42","date_gmt":"2025-12-12T16:52:42","guid":{"rendered":"https:\/\/test.ecbeaute.com\/?post_type=product&#038;p=15566"},"modified":"2025-12-12T17:52:49","modified_gmt":"2025-12-12T16:52:49","slug":"luxeol-masque-fortifiant-cheveux-normaux-200ml","status":"publish","type":"product","link":"https:\/\/paracherkaoui.ma\/index.php\/produit\/luxeol-masque-fortifiant-cheveux-normaux-200ml\/","title":{"rendered":"LUXEOL MASQUE FORTIFIANT CHEVEUX NORMAUX 200ML"},"content":{"rendered":"<p>Le\u00a0Masque\u00a0fortifiant\u00a0de\u00a0LUXEOL,\u00a0redonne force et vitalit\u00e9\u00a0aux cheveux normaux. Sa formule, enrichie en\u00a0Provitamine B5\u00a0et \u00e0 la\u00a0Vitamine PP,\u00a0permet de prendre soin de vos cheveux.<br \/>\nEn effet, la Provitamine B5, reconnue pour ses propri\u00e9t\u00e9s fortifiantes,\u00a0r\u00e9pare et fortifie\u00a0de la pointe \u00e0 la racine. Et la Vitamine PP\u00a0active la circulation sanguine\u00a0\u00e0 la racine ce qui stimule le renouvellement du follicule pileux.<br \/>\nApr\u00e8s application, vos cheveux sont\u00a0faciles \u00e0 d\u00e9m\u00ealer, plus doux, et \u00e9clatants.<br \/>\nConseils d&rsquo;utilisation:<br \/>\nApr\u00e8s votre Shampooing habituel, appliquez g\u00e9n\u00e9reusement sur l&rsquo;ensemble de vos cheveux : de la racine jusqu&rsquo;aux pointes, le Masque fortifiant. Laissez agir deux ou trois minutes puis rincez soigneusement.<\/p>\n","protected":false},"excerpt":{"rendered":"<p>Le\u00a0Masque\u00a0fortifiant\u00a0de\u00a0LUXEOL,\u00a0redonne force et vitalit\u00e9\u00a0aux cheveux normaux. Sa formule, enrichie en\u00a0Provitamine B5\u00a0et \u00e0 la\u00a0Vitamine PP,\u00a0permet de prendre soin de vos cheveux.<\/p>\n","protected":false},"featured_media":15611,"comment_status":"open","ping_status":"closed","template":"","meta":[],"product_brand":[146],"product_cat":[183],"product_tag":[],"class_list":{"0":"post-15566","1":"product","2":"type-product","3":"status-publish","4":"has-post-thumbnail","6":"product_brand-luxeol","7":"product_cat-masques-et-cremes","9":"first","10":"instock","11":"sale","12":"shipping-taxable","13":"purchasable","14":"product-type-simple"},"yoast_head":"<!-- This site is optimized with the Yoast SEO plugin v26.6 - https:\/\/yoast.com\/wordpress\/plugins\/seo\/ -->\r\n<title>LUXEOL MASQUE FORTIFIANT CHEVEUX NORMAUX 200ML - Paracherkaoui.ma<\/title>\r\n<meta name=\"robots\" content=\"index, follow, max-snippet:-1, max-image-preview:large, max-video-preview:-1\" \/>\r\n<link rel=\"canonical\" href=\"https:\/\/paracherkaoui.ma\/index.php\/produit\/luxeol-masque-fortifiant-cheveux-normaux-200ml\/\" \/>\r\n<meta property=\"og:locale\" content=\"fr_FR\" \/>\r\n<meta property=\"og:type\" content=\"article\" \/>\r\n<meta property=\"og:title\" content=\"LUXEOL MASQUE FORTIFIANT CHEVEUX NORMAUX 200ML - Paracherkaoui.ma\" \/>\r\n<meta property=\"og:description\" content=\"Le\u00a0Masque\u00a0fortifiant\u00a0de\u00a0LUXEOL,\u00a0redonne force et vitalit\u00e9\u00a0aux cheveux normaux. Sa formule, enrichie en\u00a0Provitamine B5\u00a0et \u00e0 la\u00a0Vitamine PP,\u00a0permet de prendre soin de vos cheveux.\" \/>\r\n<meta property=\"og:url\" content=\"https:\/\/paracherkaoui.ma\/index.php\/produit\/luxeol-masque-fortifiant-cheveux-normaux-200ml\/\" \/>\r\n<meta property=\"og:site_name\" content=\"Paracherkaoui.ma\" \/>\r\n<meta property=\"article:modified_time\" content=\"2025-12-12T16:52:49+00:00\" \/>\r\n<meta property=\"og:image\" content=\"https:\/\/paracherkaoui.ma\/wp-content\/uploads\/2025\/12\/luxeol-luxeol-masque-fortifiant-cheveux-normaux-200ml-masques-baumes-huiles-capillaires.jpg\" \/>\r\n\t<meta property=\"og:image:width\" content=\"700\" \/>\r\n\t<meta property=\"og:image:height\" content=\"700\" \/>\r\n\t<meta property=\"og:image:type\" content=\"image\/jpeg\" \/>\r\n<meta name=\"twitter:card\" content=\"summary_large_image\" \/>\r\n<meta name=\"twitter:label1\" content=\"Dur\u00e9e de lecture estim\u00e9e\" \/>\n\t<meta name=\"twitter:data1\" content=\"1 minute\" \/>\r\n<script type=\"application\/ld+json\" class=\"yoast-schema-graph\">{\"@context\":\"https:\/\/schema.org\",\"@graph\":[{\"@type\":\"WebPage\",\"@id\":\"https:\/\/paracherkaoui.ma\/index.php\/produit\/luxeol-masque-fortifiant-cheveux-normaux-200ml\/\",\"url\":\"https:\/\/paracherkaoui.ma\/index.php\/produit\/luxeol-masque-fortifiant-cheveux-normaux-200ml\/\",\"name\":\"LUXEOL MASQUE FORTIFIANT CHEVEUX NORMAUX 200ML - Paracherkaoui.ma\",\"isPartOf\":{\"@id\":\"https:\/\/paracherkaoui.ma\/#website\"},\"primaryImageOfPage\":{\"@id\":\"https:\/\/paracherkaoui.ma\/index.php\/produit\/luxeol-masque-fortifiant-cheveux-normaux-200ml\/#primaryimage\"},\"image\":{\"@id\":\"https:\/\/paracherkaoui.ma\/index.php\/produit\/luxeol-masque-fortifiant-cheveux-normaux-200ml\/#primaryimage\"},\"thumbnailUrl\":\"https:\/\/paracherkaoui.ma\/wp-content\/uploads\/2025\/12\/luxeol-luxeol-masque-fortifiant-cheveux-normaux-200ml-masques-baumes-huiles-capillaires.jpg\",\"datePublished\":\"2025-12-12T16:52:42+00:00\",\"dateModified\":\"2025-12-12T16:52:49+00:00\",\"breadcrumb\":{\"@id\":\"https:\/\/paracherkaoui.ma\/index.php\/produit\/luxeol-masque-fortifiant-cheveux-normaux-200ml\/#breadcrumb\"},\"inLanguage\":\"fr-FR\",\"potentialAction\":[{\"@type\":\"ReadAction\",\"target\":[\"https:\/\/paracherkaoui.ma\/index.php\/produit\/luxeol-masque-fortifiant-cheveux-normaux-200ml\/\"]}]},{\"@type\":\"ImageObject\",\"inLanguage\":\"fr-FR\",\"@id\":\"https:\/\/paracherkaoui.ma\/index.php\/produit\/luxeol-masque-fortifiant-cheveux-normaux-200ml\/#primaryimage\",\"url\":\"https:\/\/paracherkaoui.ma\/wp-content\/uploads\/2025\/12\/luxeol-luxeol-masque-fortifiant-cheveux-normaux-200ml-masques-baumes-huiles-capillaires.jpg\",\"contentUrl\":\"https:\/\/paracherkaoui.ma\/wp-content\/uploads\/2025\/12\/luxeol-luxeol-masque-fortifiant-cheveux-normaux-200ml-masques-baumes-huiles-capillaires.jpg\",\"width\":700,\"height\":700},{\"@type\":\"BreadcrumbList\",\"@id\":\"https:\/\/paracherkaoui.ma\/index.php\/produit\/luxeol-masque-fortifiant-cheveux-normaux-200ml\/#breadcrumb\",\"itemListElement\":[{\"@type\":\"ListItem\",\"position\":1,\"name\":\"Accueil\",\"item\":\"https:\/\/paracherkaoui.ma\/\"},{\"@type\":\"ListItem\",\"position\":2,\"name\":\"Boutique\",\"item\":\"https:\/\/paracherkaoui.ma\/index.php\/boutique\/\"},{\"@type\":\"ListItem\",\"position\":3,\"name\":\"LUXEOL MASQUE FORTIFIANT CHEVEUX NORMAUX 200ML\"}]},{\"@type\":\"WebSite\",\"@id\":\"https:\/\/paracherkaoui.ma\/#website\",\"url\":\"https:\/\/paracherkaoui.ma\/\",\"name\":\"Paracherkaoui.ma\",\"description\":\"Achetez en ligne sur Paracherkaoui.ma\",\"potentialAction\":[{\"@type\":\"SearchAction\",\"target\":{\"@type\":\"EntryPoint\",\"urlTemplate\":\"https:\/\/paracherkaoui.ma\/?s={search_term_string}\"},\"query-input\":{\"@type\":\"PropertyValueSpecification\",\"valueRequired\":true,\"valueName\":\"search_term_string\"}}],\"inLanguage\":\"fr-FR\"}]}<\/script>\r\n<!-- \/ Yoast SEO plugin. -->","yoast_head_json":{"title":"LUXEOL MASQUE FORTIFIANT CHEVEUX NORMAUX 200ML - Paracherkaoui.ma","robots":{"index":"index","follow":"follow","max-snippet":"max-snippet:-1","max-image-preview":"max-image-preview:large","max-video-preview":"max-video-preview:-1"},"canonical":"https:\/\/paracherkaoui.ma\/index.php\/produit\/luxeol-masque-fortifiant-cheveux-normaux-200ml\/","og_locale":"fr_FR","og_type":"article","og_title":"LUXEOL MASQUE FORTIFIANT CHEVEUX NORMAUX 200ML - Paracherkaoui.ma","og_description":"Le\u00a0Masque\u00a0fortifiant\u00a0de\u00a0LUXEOL,\u00a0redonne force et vitalit\u00e9\u00a0aux cheveux normaux. Sa formule, enrichie en\u00a0Provitamine B5\u00a0et \u00e0 la\u00a0Vitamine PP,\u00a0permet de prendre soin de vos cheveux.","og_url":"https:\/\/paracherkaoui.ma\/index.php\/produit\/luxeol-masque-fortifiant-cheveux-normaux-200ml\/","og_site_name":"Paracherkaoui.ma","article_modified_time":"2025-12-12T16:52:49+00:00","og_image":[{"width":700,"height":700,"url":"https:\/\/paracherkaoui.ma\/wp-content\/uploads\/2025\/12\/luxeol-luxeol-masque-fortifiant-cheveux-normaux-200ml-masques-baumes-huiles-capillaires.jpg","type":"image\/jpeg"}],"twitter_card":"summary_large_image","twitter_misc":{"Dur\u00e9e de lecture estim\u00e9e":"1 minute"},"schema":{"@context":"https:\/\/schema.org","@graph":[{"@type":"WebPage","@id":"https:\/\/paracherkaoui.ma\/index.php\/produit\/luxeol-masque-fortifiant-cheveux-normaux-200ml\/","url":"https:\/\/paracherkaoui.ma\/index.php\/produit\/luxeol-masque-fortifiant-cheveux-normaux-200ml\/","name":"LUXEOL MASQUE FORTIFIANT CHEVEUX NORMAUX 200ML - Paracherkaoui.ma","isPartOf":{"@id":"https:\/\/paracherkaoui.ma\/#website"},"primaryImageOfPage":{"@id":"https:\/\/paracherkaoui.ma\/index.php\/produit\/luxeol-masque-fortifiant-cheveux-normaux-200ml\/#primaryimage"},"image":{"@id":"https:\/\/paracherkaoui.ma\/index.php\/produit\/luxeol-masque-fortifiant-cheveux-normaux-200ml\/#primaryimage"},"thumbnailUrl":"https:\/\/paracherkaoui.ma\/wp-content\/uploads\/2025\/12\/luxeol-luxeol-masque-fortifiant-cheveux-normaux-200ml-masques-baumes-huiles-capillaires.jpg","datePublished":"2025-12-12T16:52:42+00:00","dateModified":"2025-12-12T16:52:49+00:00","breadcrumb":{"@id":"https:\/\/paracherkaoui.ma\/index.php\/produit\/luxeol-masque-fortifiant-cheveux-normaux-200ml\/#breadcrumb"},"inLanguage":"fr-FR","potentialAction":[{"@type":"ReadAction","target":["https:\/\/paracherkaoui.ma\/index.php\/produit\/luxeol-masque-fortifiant-cheveux-normaux-200ml\/"]}]},{"@type":"ImageObject","inLanguage":"fr-FR","@id":"https:\/\/paracherkaoui.ma\/index.php\/produit\/luxeol-masque-fortifiant-cheveux-normaux-200ml\/#primaryimage","url":"https:\/\/paracherkaoui.ma\/wp-content\/uploads\/2025\/12\/luxeol-luxeol-masque-fortifiant-cheveux-normaux-200ml-masques-baumes-huiles-capillaires.jpg","contentUrl":"https:\/\/paracherkaoui.ma\/wp-content\/uploads\/2025\/12\/luxeol-luxeol-masque-fortifiant-cheveux-normaux-200ml-masques-baumes-huiles-capillaires.jpg","width":700,"height":700},{"@type":"BreadcrumbList","@id":"https:\/\/paracherkaoui.ma\/index.php\/produit\/luxeol-masque-fortifiant-cheveux-normaux-200ml\/#breadcrumb","itemListElement":[{"@type":"ListItem","position":1,"name":"Accueil","item":"https:\/\/paracherkaoui.ma\/"},{"@type":"ListItem","position":2,"name":"Boutique","item":"https:\/\/paracherkaoui.ma\/index.php\/boutique\/"},{"@type":"ListItem","position":3,"name":"LUXEOL MASQUE FORTIFIANT CHEVEUX NORMAUX 200ML"}]},{"@type":"WebSite","@id":"https:\/\/paracherkaoui.ma\/#website","url":"https:\/\/paracherkaoui.ma\/","name":"Paracherkaoui.ma","description":"Achetez en ligne sur Paracherkaoui.ma","potentialAction":[{"@type":"SearchAction","target":{"@type":"EntryPoint","urlTemplate":"https:\/\/paracherkaoui.ma\/?s={search_term_string}"},"query-input":{"@type":"PropertyValueSpecification","valueRequired":true,"valueName":"search_term_string"}}],"inLanguage":"fr-FR"}]}},"_links":{"self":[{"href":"https:\/\/paracherkaoui.ma\/index.php\/wp-json\/wp\/v2\/product\/15566","targetHints":{"allow":["GET"]}}],"collection":[{"href":"https:\/\/paracherkaoui.ma\/index.php\/wp-json\/wp\/v2\/product"}],"about":[{"href":"https:\/\/paracherkaoui.ma\/index.php\/wp-json\/wp\/v2\/types\/product"}],"replies":[{"embeddable":true,"href":"https:\/\/paracherkaoui.ma\/index.php\/wp-json\/wp\/v2\/comments?post=15566"}],"version-history":[{"count":1,"href":"https:\/\/paracherkaoui.ma\/index.php\/wp-json\/wp\/v2\/product\/15566\/revisions"}],"predecessor-version":[{"id":15612,"href":"https:\/\/paracherkaoui.ma\/index.php\/wp-json\/wp\/v2\/product\/15566\/revisions\/15612"}],"wp:featuredmedia":[{"embeddable":true,"href":"https:\/\/paracherkaoui.ma\/index.php\/wp-json\/wp\/v2\/media\/15611"}],"wp:attachment":[{"href":"https:\/\/paracherkaoui.ma\/index.php\/wp-json\/wp\/v2\/media?parent=15566"}],"wp:term":[{"taxonomy":"product_brand","embeddable":true,"href":"https:\/\/paracherkaoui.ma\/index.php\/wp-json\/wp\/v2\/product_brand?post=15566"},{"taxonomy":"product_cat","embeddable":true,"href":"https:\/\/paracherkaoui.ma\/index.php\/wp-json\/wp\/v2\/product_cat?post=15566"},{"taxonomy":"product_tag","embeddable":true,"href":"https:\/\/paracherkaoui.ma\/index.php\/wp-json\/wp\/v2\/product_tag?post=15566"}],"curies":[{"name":"wp","href":"https:\/\/api.w.org\/{rel}","templated":true}]}}