{"id":15490,"date":"2025-12-12T17:52:36","date_gmt":"2025-12-12T16:52:36","guid":{"rendered":"https:\/\/test.ecbeaute.com\/?post_type=product&#038;p=15490"},"modified":"2025-12-12T17:52:41","modified_gmt":"2025-12-12T16:52:41","slug":"puriaderm-puriphan-masque-ultra-reparateur-oligo-synergique-200ml","status":"publish","type":"product","link":"https:\/\/paracherkaoui.ma\/index.php\/produit\/puriaderm-puriphan-masque-ultra-reparateur-oligo-synergique-200ml\/","title":{"rendered":"PURIADERM PURIPHAN Masque ultra-r\u00e9parateur Oligo-synergique 200ml"},"content":{"rendered":"<p>Masque capillaire ultra-r\u00e9parateur pour cheveux secs et endommag\u00e9s. Formul\u00e9 \u00e0 partir d\u2019un complexe synergique exclusif d\u2019oligo-\u00e9l\u00e9ments et de sels min\u00e9raux adapt\u00e9 \u00e0 la r\u00e9paration progressive et au renforcement de la fibre capillaire. Formulation riche en Om\u00e9ga-7 mono insatur\u00e9 ainsi qu\u2019en acides gras om\u00e9ga-6 et en vitamine E afin d\u2019assurer une hydratation et une nutrition intense. R\u00e9pare profond\u00e9ment la chevelure gr\u00e2ce \u00e0 une synergie d\u2019huiles et d\u2019agents hautement nutritifs et gainants de la tige capillaire. Texture riche et onctueuse qui vous procurera des cheveux lisses, brillants, souples et un effet soyeux. Sans parab\u00e8nes<br \/>\nConseils d\u2019utilisation :<br \/>\nUtiliser le masque apr\u00e8s le shampooing sur des cheveux essor\u00e9s. Appliquer g\u00e9n\u00e9reusement tout en frictionnant sur l\u2019ensemble de la chevelure. Lisser avec un peigne et laisser agir pendant 3 \u00e0 5 minutes. Rincer abondement. Il est recommand\u00e9 l\u2019utilisation du masque ultra-r\u00e9parateur 1 \u00e0 2 fois par semaine.<\/p>\n","protected":false},"excerpt":{"rendered":"<p>Masque capillaire ultra-r\u00e9parateur pour cheveux secs et endommag\u00e9s. Formul\u00e9 \u00e0 partir d\u2019un complexe synergique exclusif d\u2019oligo-\u00e9l\u00e9ments et de sels min\u00e9raux<\/p>\n","protected":false},"featured_media":15547,"comment_status":"open","ping_status":"closed","template":"","meta":[],"product_brand":[262],"product_cat":[183],"product_tag":[],"class_list":{"0":"post-15490","1":"product","2":"type-product","3":"status-publish","4":"has-post-thumbnail","6":"product_brand-puriaderm","7":"product_cat-masques-et-cremes","9":"first","10":"instock","11":"sale","12":"shipping-taxable","13":"purchasable","14":"product-type-simple"},"yoast_head":"<!-- This site is optimized with the Yoast SEO plugin v26.6 - https:\/\/yoast.com\/wordpress\/plugins\/seo\/ -->\r\n<title>PURIADERM PURIPHAN Masque ultra-r\u00e9parateur Oligo-synergique 200ml - Paracherkaoui.ma<\/title>\r\n<meta name=\"robots\" content=\"index, follow, max-snippet:-1, max-image-preview:large, max-video-preview:-1\" \/>\r\n<link rel=\"canonical\" href=\"https:\/\/paracherkaoui.ma\/index.php\/produit\/puriaderm-puriphan-masque-ultra-reparateur-oligo-synergique-200ml\/\" \/>\r\n<meta property=\"og:locale\" content=\"fr_FR\" \/>\r\n<meta property=\"og:type\" content=\"article\" \/>\r\n<meta property=\"og:title\" content=\"PURIADERM PURIPHAN Masque ultra-r\u00e9parateur Oligo-synergique 200ml - Paracherkaoui.ma\" \/>\r\n<meta property=\"og:description\" content=\"Masque capillaire ultra-r\u00e9parateur pour cheveux secs et endommag\u00e9s. Formul\u00e9 \u00e0 partir d\u2019un complexe synergique exclusif d\u2019oligo-\u00e9l\u00e9ments et de sels min\u00e9raux\" \/>\r\n<meta property=\"og:url\" content=\"https:\/\/paracherkaoui.ma\/index.php\/produit\/puriaderm-puriphan-masque-ultra-reparateur-oligo-synergique-200ml\/\" \/>\r\n<meta property=\"og:site_name\" content=\"Paracherkaoui.ma\" \/>\r\n<meta property=\"article:modified_time\" content=\"2025-12-12T16:52:41+00:00\" \/>\r\n<meta property=\"og:image\" content=\"https:\/\/paracherkaoui.ma\/wp-content\/uploads\/2025\/12\/puriaderm-puriphan-masque-ultra-reparateur-oligo-synergique-200ml.jpg\" \/>\r\n\t<meta property=\"og:image:width\" content=\"700\" \/>\r\n\t<meta property=\"og:image:height\" content=\"700\" \/>\r\n\t<meta property=\"og:image:type\" content=\"image\/jpeg\" \/>\r\n<meta name=\"twitter:card\" content=\"summary_large_image\" \/>\r\n<meta name=\"twitter:label1\" content=\"Dur\u00e9e de lecture estim\u00e9e\" \/>\n\t<meta name=\"twitter:data1\" content=\"1 minute\" \/>\r\n<script type=\"application\/ld+json\" class=\"yoast-schema-graph\">{\"@context\":\"https:\/\/schema.org\",\"@graph\":[{\"@type\":\"WebPage\",\"@id\":\"https:\/\/paracherkaoui.ma\/index.php\/produit\/puriaderm-puriphan-masque-ultra-reparateur-oligo-synergique-200ml\/\",\"url\":\"https:\/\/paracherkaoui.ma\/index.php\/produit\/puriaderm-puriphan-masque-ultra-reparateur-oligo-synergique-200ml\/\",\"name\":\"PURIADERM PURIPHAN Masque ultra-r\u00e9parateur Oligo-synergique 200ml - Paracherkaoui.ma\",\"isPartOf\":{\"@id\":\"https:\/\/paracherkaoui.ma\/#website\"},\"primaryImageOfPage\":{\"@id\":\"https:\/\/paracherkaoui.ma\/index.php\/produit\/puriaderm-puriphan-masque-ultra-reparateur-oligo-synergique-200ml\/#primaryimage\"},\"image\":{\"@id\":\"https:\/\/paracherkaoui.ma\/index.php\/produit\/puriaderm-puriphan-masque-ultra-reparateur-oligo-synergique-200ml\/#primaryimage\"},\"thumbnailUrl\":\"https:\/\/paracherkaoui.ma\/wp-content\/uploads\/2025\/12\/puriaderm-puriphan-masque-ultra-reparateur-oligo-synergique-200ml.jpg\",\"datePublished\":\"2025-12-12T16:52:36+00:00\",\"dateModified\":\"2025-12-12T16:52:41+00:00\",\"breadcrumb\":{\"@id\":\"https:\/\/paracherkaoui.ma\/index.php\/produit\/puriaderm-puriphan-masque-ultra-reparateur-oligo-synergique-200ml\/#breadcrumb\"},\"inLanguage\":\"fr-FR\",\"potentialAction\":[{\"@type\":\"ReadAction\",\"target\":[\"https:\/\/paracherkaoui.ma\/index.php\/produit\/puriaderm-puriphan-masque-ultra-reparateur-oligo-synergique-200ml\/\"]}]},{\"@type\":\"ImageObject\",\"inLanguage\":\"fr-FR\",\"@id\":\"https:\/\/paracherkaoui.ma\/index.php\/produit\/puriaderm-puriphan-masque-ultra-reparateur-oligo-synergique-200ml\/#primaryimage\",\"url\":\"https:\/\/paracherkaoui.ma\/wp-content\/uploads\/2025\/12\/puriaderm-puriphan-masque-ultra-reparateur-oligo-synergique-200ml.jpg\",\"contentUrl\":\"https:\/\/paracherkaoui.ma\/wp-content\/uploads\/2025\/12\/puriaderm-puriphan-masque-ultra-reparateur-oligo-synergique-200ml.jpg\",\"width\":700,\"height\":700},{\"@type\":\"BreadcrumbList\",\"@id\":\"https:\/\/paracherkaoui.ma\/index.php\/produit\/puriaderm-puriphan-masque-ultra-reparateur-oligo-synergique-200ml\/#breadcrumb\",\"itemListElement\":[{\"@type\":\"ListItem\",\"position\":1,\"name\":\"Accueil\",\"item\":\"https:\/\/paracherkaoui.ma\/\"},{\"@type\":\"ListItem\",\"position\":2,\"name\":\"Boutique\",\"item\":\"https:\/\/paracherkaoui.ma\/index.php\/boutique\/\"},{\"@type\":\"ListItem\",\"position\":3,\"name\":\"PURIADERM PURIPHAN Masque ultra-r\u00e9parateur Oligo-synergique 200ml\"}]},{\"@type\":\"WebSite\",\"@id\":\"https:\/\/paracherkaoui.ma\/#website\",\"url\":\"https:\/\/paracherkaoui.ma\/\",\"name\":\"Paracherkaoui.ma\",\"description\":\"Achetez en ligne sur Paracherkaoui.ma\",\"potentialAction\":[{\"@type\":\"SearchAction\",\"target\":{\"@type\":\"EntryPoint\",\"urlTemplate\":\"https:\/\/paracherkaoui.ma\/?s={search_term_string}\"},\"query-input\":{\"@type\":\"PropertyValueSpecification\",\"valueRequired\":true,\"valueName\":\"search_term_string\"}}],\"inLanguage\":\"fr-FR\"}]}<\/script>\r\n<!-- \/ Yoast SEO plugin. -->","yoast_head_json":{"title":"PURIADERM PURIPHAN Masque ultra-r\u00e9parateur Oligo-synergique 200ml - Paracherkaoui.ma","robots":{"index":"index","follow":"follow","max-snippet":"max-snippet:-1","max-image-preview":"max-image-preview:large","max-video-preview":"max-video-preview:-1"},"canonical":"https:\/\/paracherkaoui.ma\/index.php\/produit\/puriaderm-puriphan-masque-ultra-reparateur-oligo-synergique-200ml\/","og_locale":"fr_FR","og_type":"article","og_title":"PURIADERM PURIPHAN Masque ultra-r\u00e9parateur Oligo-synergique 200ml - Paracherkaoui.ma","og_description":"Masque capillaire ultra-r\u00e9parateur pour cheveux secs et endommag\u00e9s. Formul\u00e9 \u00e0 partir d\u2019un complexe synergique exclusif d\u2019oligo-\u00e9l\u00e9ments et de sels min\u00e9raux","og_url":"https:\/\/paracherkaoui.ma\/index.php\/produit\/puriaderm-puriphan-masque-ultra-reparateur-oligo-synergique-200ml\/","og_site_name":"Paracherkaoui.ma","article_modified_time":"2025-12-12T16:52:41+00:00","og_image":[{"width":700,"height":700,"url":"https:\/\/paracherkaoui.ma\/wp-content\/uploads\/2025\/12\/puriaderm-puriphan-masque-ultra-reparateur-oligo-synergique-200ml.jpg","type":"image\/jpeg"}],"twitter_card":"summary_large_image","twitter_misc":{"Dur\u00e9e de lecture estim\u00e9e":"1 minute"},"schema":{"@context":"https:\/\/schema.org","@graph":[{"@type":"WebPage","@id":"https:\/\/paracherkaoui.ma\/index.php\/produit\/puriaderm-puriphan-masque-ultra-reparateur-oligo-synergique-200ml\/","url":"https:\/\/paracherkaoui.ma\/index.php\/produit\/puriaderm-puriphan-masque-ultra-reparateur-oligo-synergique-200ml\/","name":"PURIADERM PURIPHAN Masque ultra-r\u00e9parateur Oligo-synergique 200ml - Paracherkaoui.ma","isPartOf":{"@id":"https:\/\/paracherkaoui.ma\/#website"},"primaryImageOfPage":{"@id":"https:\/\/paracherkaoui.ma\/index.php\/produit\/puriaderm-puriphan-masque-ultra-reparateur-oligo-synergique-200ml\/#primaryimage"},"image":{"@id":"https:\/\/paracherkaoui.ma\/index.php\/produit\/puriaderm-puriphan-masque-ultra-reparateur-oligo-synergique-200ml\/#primaryimage"},"thumbnailUrl":"https:\/\/paracherkaoui.ma\/wp-content\/uploads\/2025\/12\/puriaderm-puriphan-masque-ultra-reparateur-oligo-synergique-200ml.jpg","datePublished":"2025-12-12T16:52:36+00:00","dateModified":"2025-12-12T16:52:41+00:00","breadcrumb":{"@id":"https:\/\/paracherkaoui.ma\/index.php\/produit\/puriaderm-puriphan-masque-ultra-reparateur-oligo-synergique-200ml\/#breadcrumb"},"inLanguage":"fr-FR","potentialAction":[{"@type":"ReadAction","target":["https:\/\/paracherkaoui.ma\/index.php\/produit\/puriaderm-puriphan-masque-ultra-reparateur-oligo-synergique-200ml\/"]}]},{"@type":"ImageObject","inLanguage":"fr-FR","@id":"https:\/\/paracherkaoui.ma\/index.php\/produit\/puriaderm-puriphan-masque-ultra-reparateur-oligo-synergique-200ml\/#primaryimage","url":"https:\/\/paracherkaoui.ma\/wp-content\/uploads\/2025\/12\/puriaderm-puriphan-masque-ultra-reparateur-oligo-synergique-200ml.jpg","contentUrl":"https:\/\/paracherkaoui.ma\/wp-content\/uploads\/2025\/12\/puriaderm-puriphan-masque-ultra-reparateur-oligo-synergique-200ml.jpg","width":700,"height":700},{"@type":"BreadcrumbList","@id":"https:\/\/paracherkaoui.ma\/index.php\/produit\/puriaderm-puriphan-masque-ultra-reparateur-oligo-synergique-200ml\/#breadcrumb","itemListElement":[{"@type":"ListItem","position":1,"name":"Accueil","item":"https:\/\/paracherkaoui.ma\/"},{"@type":"ListItem","position":2,"name":"Boutique","item":"https:\/\/paracherkaoui.ma\/index.php\/boutique\/"},{"@type":"ListItem","position":3,"name":"PURIADERM PURIPHAN Masque ultra-r\u00e9parateur Oligo-synergique 200ml"}]},{"@type":"WebSite","@id":"https:\/\/paracherkaoui.ma\/#website","url":"https:\/\/paracherkaoui.ma\/","name":"Paracherkaoui.ma","description":"Achetez en ligne sur Paracherkaoui.ma","potentialAction":[{"@type":"SearchAction","target":{"@type":"EntryPoint","urlTemplate":"https:\/\/paracherkaoui.ma\/?s={search_term_string}"},"query-input":{"@type":"PropertyValueSpecification","valueRequired":true,"valueName":"search_term_string"}}],"inLanguage":"fr-FR"}]}},"_links":{"self":[{"href":"https:\/\/paracherkaoui.ma\/index.php\/wp-json\/wp\/v2\/product\/15490","targetHints":{"allow":["GET"]}}],"collection":[{"href":"https:\/\/paracherkaoui.ma\/index.php\/wp-json\/wp\/v2\/product"}],"about":[{"href":"https:\/\/paracherkaoui.ma\/index.php\/wp-json\/wp\/v2\/types\/product"}],"replies":[{"embeddable":true,"href":"https:\/\/paracherkaoui.ma\/index.php\/wp-json\/wp\/v2\/comments?post=15490"}],"version-history":[{"count":1,"href":"https:\/\/paracherkaoui.ma\/index.php\/wp-json\/wp\/v2\/product\/15490\/revisions"}],"predecessor-version":[{"id":15548,"href":"https:\/\/paracherkaoui.ma\/index.php\/wp-json\/wp\/v2\/product\/15490\/revisions\/15548"}],"wp:featuredmedia":[{"embeddable":true,"href":"https:\/\/paracherkaoui.ma\/index.php\/wp-json\/wp\/v2\/media\/15547"}],"wp:attachment":[{"href":"https:\/\/paracherkaoui.ma\/index.php\/wp-json\/wp\/v2\/media?parent=15490"}],"wp:term":[{"taxonomy":"product_brand","embeddable":true,"href":"https:\/\/paracherkaoui.ma\/index.php\/wp-json\/wp\/v2\/product_brand?post=15490"},{"taxonomy":"product_cat","embeddable":true,"href":"https:\/\/paracherkaoui.ma\/index.php\/wp-json\/wp\/v2\/product_cat?post=15490"},{"taxonomy":"product_tag","embeddable":true,"href":"https:\/\/paracherkaoui.ma\/index.php\/wp-json\/wp\/v2\/product_tag?post=15490"}],"curies":[{"name":"wp","href":"https:\/\/api.w.org\/{rel}","templated":true}]}}