{"id":15479,"date":"2025-12-12T17:52:35","date_gmt":"2025-12-12T16:52:35","guid":{"rendered":"https:\/\/test.ecbeaute.com\/?post_type=product&#038;p=15479"},"modified":"2025-12-12T17:52:39","modified_gmt":"2025-12-12T16:52:39","slug":"d-cap-curly-girl-method-masque-cheveux-boucles-200-ml","status":"publish","type":"product","link":"https:\/\/paracherkaoui.ma\/index.php\/produit\/d-cap-curly-girl-method-masque-cheveux-boucles-200-ml\/","title":{"rendered":"D CAP CURLY GIRL METHOD MASQUE CHEVEUX BOUCLES 200 ML"},"content":{"rendered":"<p>MASQUE CURLY GIRL METHOD Aux extraits de k\u00e9ratine v\u00e9g\u00e9tale (mais, soja et bl\u00e9). Pour cheveux boucl\u00e9s<br \/>\nOffre des boucles naturellement d\u00e9finies, tout en dimi- nuant les frisottis et en am\u00e9liorant la r\u00e9tention, la force, la luminosit\u00e9 et Hydratation des boucles gr\u00e2ce \u00e0 une extraordinaire formule compos\u00e9e d\u2019extraits de k\u00e9ratine v\u00e9g\u00e9tale comme le mais, le soja et le bl\u00e9 ainsi qu\u2019un \u00e9lixir naturel d\u2019huiles (olive, amande, avocat, Cotton et soja) et de beurres (noix de coco et mangue)<br \/>\nCONSEILS D\u2019UTILISATION :<br \/>\nEssorez vos longueurs avant l\u2019application du masque afin que le produit soit bien absorb\u00e9.<br \/>\nAppliquez sur toute la chevelure en insistant sur les longueurs et les pointes.<br \/>\nLaissez poser entre 3 et 5 minutes pour un r\u00e9sultat optimal, puis rincez.<\/p>\n","protected":false},"excerpt":{"rendered":"<p>MASQUE CURLY GIRL METHOD Aux extraits de k\u00e9ratine v\u00e9g\u00e9tale (mais, soja et bl\u00e9). Pour cheveux boucl\u00e9s Offre des boucles naturellement<\/p>\n","protected":false},"featured_media":15525,"comment_status":"open","ping_status":"closed","template":"","meta":[],"product_brand":[238],"product_cat":[183],"product_tag":[],"class_list":{"0":"post-15479","1":"product","2":"type-product","3":"status-publish","4":"has-post-thumbnail","6":"product_brand-d-cap","7":"product_cat-masques-et-cremes","9":"first","10":"instock","11":"sale","12":"shipping-taxable","13":"purchasable","14":"product-type-simple"},"yoast_head":"<!-- This site is optimized with the Yoast SEO plugin v26.6 - https:\/\/yoast.com\/wordpress\/plugins\/seo\/ -->\r\n<title>D CAP CURLY GIRL METHOD MASQUE CHEVEUX BOUCLES 200 ML - Paracherkaoui.ma<\/title>\r\n<meta name=\"robots\" content=\"index, follow, max-snippet:-1, max-image-preview:large, max-video-preview:-1\" \/>\r\n<link rel=\"canonical\" href=\"https:\/\/paracherkaoui.ma\/index.php\/produit\/d-cap-curly-girl-method-masque-cheveux-boucles-200-ml\/\" \/>\r\n<meta property=\"og:locale\" content=\"fr_FR\" \/>\r\n<meta property=\"og:type\" content=\"article\" \/>\r\n<meta property=\"og:title\" content=\"D CAP CURLY GIRL METHOD MASQUE CHEVEUX BOUCLES 200 ML - Paracherkaoui.ma\" \/>\r\n<meta property=\"og:description\" content=\"MASQUE CURLY GIRL METHOD Aux extraits de k\u00e9ratine v\u00e9g\u00e9tale (mais, soja et bl\u00e9). Pour cheveux boucl\u00e9s Offre des boucles naturellement\" \/>\r\n<meta property=\"og:url\" content=\"https:\/\/paracherkaoui.ma\/index.php\/produit\/d-cap-curly-girl-method-masque-cheveux-boucles-200-ml\/\" \/>\r\n<meta property=\"og:site_name\" content=\"Paracherkaoui.ma\" \/>\r\n<meta property=\"article:modified_time\" content=\"2025-12-12T16:52:39+00:00\" \/>\r\n<meta property=\"og:image\" content=\"https:\/\/paracherkaoui.ma\/wp-content\/uploads\/2025\/12\/d-cap-d-cap-curly-girl-method-masque-cheveux-boucles-200-ml-masques-et-cremes.jpg\" \/>\r\n\t<meta property=\"og:image:width\" content=\"700\" \/>\r\n\t<meta property=\"og:image:height\" content=\"700\" \/>\r\n\t<meta property=\"og:image:type\" content=\"image\/jpeg\" \/>\r\n<meta name=\"twitter:card\" content=\"summary_large_image\" \/>\r\n<meta name=\"twitter:label1\" content=\"Dur\u00e9e de lecture estim\u00e9e\" \/>\n\t<meta name=\"twitter:data1\" content=\"1 minute\" \/>\r\n<script type=\"application\/ld+json\" class=\"yoast-schema-graph\">{\"@context\":\"https:\/\/schema.org\",\"@graph\":[{\"@type\":\"WebPage\",\"@id\":\"https:\/\/paracherkaoui.ma\/index.php\/produit\/d-cap-curly-girl-method-masque-cheveux-boucles-200-ml\/\",\"url\":\"https:\/\/paracherkaoui.ma\/index.php\/produit\/d-cap-curly-girl-method-masque-cheveux-boucles-200-ml\/\",\"name\":\"D CAP CURLY GIRL METHOD MASQUE CHEVEUX BOUCLES 200 ML - Paracherkaoui.ma\",\"isPartOf\":{\"@id\":\"https:\/\/paracherkaoui.ma\/#website\"},\"primaryImageOfPage\":{\"@id\":\"https:\/\/paracherkaoui.ma\/index.php\/produit\/d-cap-curly-girl-method-masque-cheveux-boucles-200-ml\/#primaryimage\"},\"image\":{\"@id\":\"https:\/\/paracherkaoui.ma\/index.php\/produit\/d-cap-curly-girl-method-masque-cheveux-boucles-200-ml\/#primaryimage\"},\"thumbnailUrl\":\"https:\/\/paracherkaoui.ma\/wp-content\/uploads\/2025\/12\/d-cap-d-cap-curly-girl-method-masque-cheveux-boucles-200-ml-masques-et-cremes.jpg\",\"datePublished\":\"2025-12-12T16:52:35+00:00\",\"dateModified\":\"2025-12-12T16:52:39+00:00\",\"breadcrumb\":{\"@id\":\"https:\/\/paracherkaoui.ma\/index.php\/produit\/d-cap-curly-girl-method-masque-cheveux-boucles-200-ml\/#breadcrumb\"},\"inLanguage\":\"fr-FR\",\"potentialAction\":[{\"@type\":\"ReadAction\",\"target\":[\"https:\/\/paracherkaoui.ma\/index.php\/produit\/d-cap-curly-girl-method-masque-cheveux-boucles-200-ml\/\"]}]},{\"@type\":\"ImageObject\",\"inLanguage\":\"fr-FR\",\"@id\":\"https:\/\/paracherkaoui.ma\/index.php\/produit\/d-cap-curly-girl-method-masque-cheveux-boucles-200-ml\/#primaryimage\",\"url\":\"https:\/\/paracherkaoui.ma\/wp-content\/uploads\/2025\/12\/d-cap-d-cap-curly-girl-method-masque-cheveux-boucles-200-ml-masques-et-cremes.jpg\",\"contentUrl\":\"https:\/\/paracherkaoui.ma\/wp-content\/uploads\/2025\/12\/d-cap-d-cap-curly-girl-method-masque-cheveux-boucles-200-ml-masques-et-cremes.jpg\",\"width\":700,\"height\":700},{\"@type\":\"BreadcrumbList\",\"@id\":\"https:\/\/paracherkaoui.ma\/index.php\/produit\/d-cap-curly-girl-method-masque-cheveux-boucles-200-ml\/#breadcrumb\",\"itemListElement\":[{\"@type\":\"ListItem\",\"position\":1,\"name\":\"Accueil\",\"item\":\"https:\/\/paracherkaoui.ma\/\"},{\"@type\":\"ListItem\",\"position\":2,\"name\":\"Boutique\",\"item\":\"https:\/\/paracherkaoui.ma\/index.php\/boutique\/\"},{\"@type\":\"ListItem\",\"position\":3,\"name\":\"D CAP CURLY GIRL METHOD MASQUE CHEVEUX BOUCLES 200 ML\"}]},{\"@type\":\"WebSite\",\"@id\":\"https:\/\/paracherkaoui.ma\/#website\",\"url\":\"https:\/\/paracherkaoui.ma\/\",\"name\":\"Paracherkaoui.ma\",\"description\":\"Achetez en ligne sur Paracherkaoui.ma\",\"potentialAction\":[{\"@type\":\"SearchAction\",\"target\":{\"@type\":\"EntryPoint\",\"urlTemplate\":\"https:\/\/paracherkaoui.ma\/?s={search_term_string}\"},\"query-input\":{\"@type\":\"PropertyValueSpecification\",\"valueRequired\":true,\"valueName\":\"search_term_string\"}}],\"inLanguage\":\"fr-FR\"}]}<\/script>\r\n<!-- \/ Yoast SEO plugin. -->","yoast_head_json":{"title":"D CAP CURLY GIRL METHOD MASQUE CHEVEUX BOUCLES 200 ML - Paracherkaoui.ma","robots":{"index":"index","follow":"follow","max-snippet":"max-snippet:-1","max-image-preview":"max-image-preview:large","max-video-preview":"max-video-preview:-1"},"canonical":"https:\/\/paracherkaoui.ma\/index.php\/produit\/d-cap-curly-girl-method-masque-cheveux-boucles-200-ml\/","og_locale":"fr_FR","og_type":"article","og_title":"D CAP CURLY GIRL METHOD MASQUE CHEVEUX BOUCLES 200 ML - Paracherkaoui.ma","og_description":"MASQUE CURLY GIRL METHOD Aux extraits de k\u00e9ratine v\u00e9g\u00e9tale (mais, soja et bl\u00e9). Pour cheveux boucl\u00e9s Offre des boucles naturellement","og_url":"https:\/\/paracherkaoui.ma\/index.php\/produit\/d-cap-curly-girl-method-masque-cheveux-boucles-200-ml\/","og_site_name":"Paracherkaoui.ma","article_modified_time":"2025-12-12T16:52:39+00:00","og_image":[{"width":700,"height":700,"url":"https:\/\/paracherkaoui.ma\/wp-content\/uploads\/2025\/12\/d-cap-d-cap-curly-girl-method-masque-cheveux-boucles-200-ml-masques-et-cremes.jpg","type":"image\/jpeg"}],"twitter_card":"summary_large_image","twitter_misc":{"Dur\u00e9e de lecture estim\u00e9e":"1 minute"},"schema":{"@context":"https:\/\/schema.org","@graph":[{"@type":"WebPage","@id":"https:\/\/paracherkaoui.ma\/index.php\/produit\/d-cap-curly-girl-method-masque-cheveux-boucles-200-ml\/","url":"https:\/\/paracherkaoui.ma\/index.php\/produit\/d-cap-curly-girl-method-masque-cheveux-boucles-200-ml\/","name":"D CAP CURLY GIRL METHOD MASQUE CHEVEUX BOUCLES 200 ML - Paracherkaoui.ma","isPartOf":{"@id":"https:\/\/paracherkaoui.ma\/#website"},"primaryImageOfPage":{"@id":"https:\/\/paracherkaoui.ma\/index.php\/produit\/d-cap-curly-girl-method-masque-cheveux-boucles-200-ml\/#primaryimage"},"image":{"@id":"https:\/\/paracherkaoui.ma\/index.php\/produit\/d-cap-curly-girl-method-masque-cheveux-boucles-200-ml\/#primaryimage"},"thumbnailUrl":"https:\/\/paracherkaoui.ma\/wp-content\/uploads\/2025\/12\/d-cap-d-cap-curly-girl-method-masque-cheveux-boucles-200-ml-masques-et-cremes.jpg","datePublished":"2025-12-12T16:52:35+00:00","dateModified":"2025-12-12T16:52:39+00:00","breadcrumb":{"@id":"https:\/\/paracherkaoui.ma\/index.php\/produit\/d-cap-curly-girl-method-masque-cheveux-boucles-200-ml\/#breadcrumb"},"inLanguage":"fr-FR","potentialAction":[{"@type":"ReadAction","target":["https:\/\/paracherkaoui.ma\/index.php\/produit\/d-cap-curly-girl-method-masque-cheveux-boucles-200-ml\/"]}]},{"@type":"ImageObject","inLanguage":"fr-FR","@id":"https:\/\/paracherkaoui.ma\/index.php\/produit\/d-cap-curly-girl-method-masque-cheveux-boucles-200-ml\/#primaryimage","url":"https:\/\/paracherkaoui.ma\/wp-content\/uploads\/2025\/12\/d-cap-d-cap-curly-girl-method-masque-cheveux-boucles-200-ml-masques-et-cremes.jpg","contentUrl":"https:\/\/paracherkaoui.ma\/wp-content\/uploads\/2025\/12\/d-cap-d-cap-curly-girl-method-masque-cheveux-boucles-200-ml-masques-et-cremes.jpg","width":700,"height":700},{"@type":"BreadcrumbList","@id":"https:\/\/paracherkaoui.ma\/index.php\/produit\/d-cap-curly-girl-method-masque-cheveux-boucles-200-ml\/#breadcrumb","itemListElement":[{"@type":"ListItem","position":1,"name":"Accueil","item":"https:\/\/paracherkaoui.ma\/"},{"@type":"ListItem","position":2,"name":"Boutique","item":"https:\/\/paracherkaoui.ma\/index.php\/boutique\/"},{"@type":"ListItem","position":3,"name":"D CAP CURLY GIRL METHOD MASQUE CHEVEUX BOUCLES 200 ML"}]},{"@type":"WebSite","@id":"https:\/\/paracherkaoui.ma\/#website","url":"https:\/\/paracherkaoui.ma\/","name":"Paracherkaoui.ma","description":"Achetez en ligne sur Paracherkaoui.ma","potentialAction":[{"@type":"SearchAction","target":{"@type":"EntryPoint","urlTemplate":"https:\/\/paracherkaoui.ma\/?s={search_term_string}"},"query-input":{"@type":"PropertyValueSpecification","valueRequired":true,"valueName":"search_term_string"}}],"inLanguage":"fr-FR"}]}},"_links":{"self":[{"href":"https:\/\/paracherkaoui.ma\/index.php\/wp-json\/wp\/v2\/product\/15479","targetHints":{"allow":["GET"]}}],"collection":[{"href":"https:\/\/paracherkaoui.ma\/index.php\/wp-json\/wp\/v2\/product"}],"about":[{"href":"https:\/\/paracherkaoui.ma\/index.php\/wp-json\/wp\/v2\/types\/product"}],"replies":[{"embeddable":true,"href":"https:\/\/paracherkaoui.ma\/index.php\/wp-json\/wp\/v2\/comments?post=15479"}],"version-history":[{"count":1,"href":"https:\/\/paracherkaoui.ma\/index.php\/wp-json\/wp\/v2\/product\/15479\/revisions"}],"predecessor-version":[{"id":15526,"href":"https:\/\/paracherkaoui.ma\/index.php\/wp-json\/wp\/v2\/product\/15479\/revisions\/15526"}],"wp:featuredmedia":[{"embeddable":true,"href":"https:\/\/paracherkaoui.ma\/index.php\/wp-json\/wp\/v2\/media\/15525"}],"wp:attachment":[{"href":"https:\/\/paracherkaoui.ma\/index.php\/wp-json\/wp\/v2\/media?parent=15479"}],"wp:term":[{"taxonomy":"product_brand","embeddable":true,"href":"https:\/\/paracherkaoui.ma\/index.php\/wp-json\/wp\/v2\/product_brand?post=15479"},{"taxonomy":"product_cat","embeddable":true,"href":"https:\/\/paracherkaoui.ma\/index.php\/wp-json\/wp\/v2\/product_cat?post=15479"},{"taxonomy":"product_tag","embeddable":true,"href":"https:\/\/paracherkaoui.ma\/index.php\/wp-json\/wp\/v2\/product_tag?post=15479"}],"curies":[{"name":"wp","href":"https:\/\/api.w.org\/{rel}","templated":true}]}}