{"id":15386,"date":"2025-12-12T17:52:29","date_gmt":"2025-12-12T16:52:29","guid":{"rendered":"https:\/\/test.ecbeaute.com\/?post_type=product&#038;p=15386"},"modified":"2025-12-12T17:52:31","modified_gmt":"2025-12-12T16:52:31","slug":"vichy-dercos-densi-solotions-baume-epaisseur-regenerant-2","status":"publish","type":"product","link":"https:\/\/paracherkaoui.ma\/index.php\/produit\/vichy-dercos-densi-solotions-baume-epaisseur-regenerant-2\/","title":{"rendered":"VICHY DERCOS DENSI SOLOTIONS BAUME EPAISSEUR REGENERANT"},"content":{"rendered":"<p>Sa texture baume fondante enveloppe la fibre capillaire pour la renforcer et lui redonner de la tonicit\u00e9, tout en facilitant le d\u00e9m\u00ealage. D\u00e8s la premi\u00e8re application, les cheveux apparaissent visiblement plus denses, brillants et r\u00e9sistants. Il associe des ingr\u00e9dients cl\u00e9s \u00e0 l&rsquo;efficacit\u00e9 prouv\u00e9e :<br \/>\nLe Rhamnose, un sucre v\u00e9g\u00e9tal, am\u00e9liore la tonicit\u00e9 de la fibre et revitalise la chevelure.<br \/>\nLes C\u00e9ramides renforcent la structure capillaire tout en prot\u00e9geant la fibre.<br \/>\nL\u2019huile essentielle de menthe poivr\u00e9e, combin\u00e9e au menthol, stimule le cuir chevelu et procure une sensation de fra\u00eecheur imm\u00e9diate.<br \/>\nTest\u00e9 sous contr\u00f4le dermatologique, ce soin est sans sulfate, sans paraben, sans silicone, et convient aux cuirs chevelus sensibles. En synergie avec le Shampooing \u00c9paisseur de la m\u00eame gamme, il augmente le volume capillaire de +62 % et rend les cheveux 3,8 fois plus brillants. Apr\u00e8s 6 semaines, 94 % des utilisatrices constatent des cheveux r\u00e9\u00e9paissis et 93 % des cheveux plus forts.<br \/>\nUn rituel de soin id\u00e9al pour retrouver une chevelure plus dense, \u00e9clatante et fortifi\u00e9e, jour apr\u00e8s jour.<br \/>\nConseils d&rsquo;utilisation<br \/>\nApr\u00e8s votre shampooing Densi-Solutions :<br \/>\nAppliquez une noisette du baume sur cheveux mouill\u00e9s, des racines jusqu\u2019aux pointes.<br \/>\nMassez d\u00e9licatement le cuir chevelu.<br \/>\nLaissez poser 1 minute.<br \/>\nRincez abondamment.<br \/>\nUtilisation recommand\u00e9e \u00e0 chaque lavage pour un r\u00e9sultat optimal.<br \/>\nComposition<br \/>\nAQUA \/ WATER, HYDROXYPROPYL STARCH PHOSPHATE, GLYCERIN, QUATERNIUM-87, STEARYL ALCOHOL, BEHENTRIMONIUM CHLORIDE, CANDELILLA CERA \/ CANDELILLA WAX, CAPRYLYL GLYCOL, CETYL ESTERS, GERANIOL, HEXYL CINNAMAL, ISONONYL ISONONANOATE, ISOPROPYL ALCOHOL, LIMONENE, LINALOOL, MENTHA PIPERITA OIL \/ PEPPERMINT OIL, MENTHOL, 2-OLEAMIDO-1,3-OCTADECANEDIOL, PHENOXYETHANOL, PROPYLENE GLYCOL, RHAMNOSE, SODIUM HYDROXIDE, TOCOPHERYL ACETATE, PARFUM \/ FRAGRANCE<\/p>\n","protected":false},"excerpt":{"rendered":"<p>Sa texture baume fondante enveloppe la fibre capillaire pour la renforcer et lui redonner de la tonicit\u00e9, tout en facilitant<\/p>\n","protected":false},"featured_media":10991,"comment_status":"open","ping_status":"closed","template":"","meta":[],"product_brand":[144],"product_cat":[183],"product_tag":[],"class_list":{"0":"post-15386","1":"product","2":"type-product","3":"status-publish","4":"has-post-thumbnail","6":"product_brand-dercos","7":"product_cat-masques-et-cremes","9":"first","10":"instock","11":"sale","12":"shipping-taxable","13":"purchasable","14":"product-type-simple"},"yoast_head":"<!-- This site is optimized with the Yoast SEO plugin v26.6 - https:\/\/yoast.com\/wordpress\/plugins\/seo\/ -->\r\n<title>VICHY DERCOS DENSI SOLOTIONS BAUME EPAISSEUR REGENERANT - Paracherkaoui.ma<\/title>\r\n<meta name=\"robots\" content=\"index, follow, max-snippet:-1, max-image-preview:large, max-video-preview:-1\" \/>\r\n<link rel=\"canonical\" href=\"https:\/\/paracherkaoui.ma\/index.php\/produit\/vichy-dercos-densi-solotions-baume-epaisseur-regenerant-2\/\" \/>\r\n<meta property=\"og:locale\" content=\"fr_FR\" \/>\r\n<meta property=\"og:type\" content=\"article\" \/>\r\n<meta property=\"og:title\" content=\"VICHY DERCOS DENSI SOLOTIONS BAUME EPAISSEUR REGENERANT - Paracherkaoui.ma\" \/>\r\n<meta property=\"og:description\" content=\"Sa texture baume fondante enveloppe la fibre capillaire pour la renforcer et lui redonner de la tonicit\u00e9, tout en facilitant\" \/>\r\n<meta property=\"og:url\" content=\"https:\/\/paracherkaoui.ma\/index.php\/produit\/vichy-dercos-densi-solotions-baume-epaisseur-regenerant-2\/\" \/>\r\n<meta property=\"og:site_name\" content=\"Paracherkaoui.ma\" \/>\r\n<meta property=\"article:modified_time\" content=\"2025-12-12T16:52:31+00:00\" \/>\r\n<meta property=\"og:image\" content=\"https:\/\/paracherkaoui.ma\/wp-content\/uploads\/2025\/12\/dercos-vichy-dercos-densi-solotions-baume-epaisseur-regenerant-masques-et-cremes.jpg\" \/>\r\n\t<meta property=\"og:image:width\" content=\"700\" \/>\r\n\t<meta property=\"og:image:height\" content=\"700\" \/>\r\n\t<meta property=\"og:image:type\" content=\"image\/jpeg\" \/>\r\n<meta name=\"twitter:card\" content=\"summary_large_image\" \/>\r\n<meta name=\"twitter:label1\" content=\"Dur\u00e9e de lecture estim\u00e9e\" \/>\n\t<meta name=\"twitter:data1\" content=\"1 minute\" \/>\r\n<script type=\"application\/ld+json\" class=\"yoast-schema-graph\">{\"@context\":\"https:\/\/schema.org\",\"@graph\":[{\"@type\":\"WebPage\",\"@id\":\"https:\/\/paracherkaoui.ma\/index.php\/produit\/vichy-dercos-densi-solotions-baume-epaisseur-regenerant-2\/\",\"url\":\"https:\/\/paracherkaoui.ma\/index.php\/produit\/vichy-dercos-densi-solotions-baume-epaisseur-regenerant-2\/\",\"name\":\"VICHY DERCOS DENSI SOLOTIONS BAUME EPAISSEUR REGENERANT - Paracherkaoui.ma\",\"isPartOf\":{\"@id\":\"https:\/\/paracherkaoui.ma\/#website\"},\"primaryImageOfPage\":{\"@id\":\"https:\/\/paracherkaoui.ma\/index.php\/produit\/vichy-dercos-densi-solotions-baume-epaisseur-regenerant-2\/#primaryimage\"},\"image\":{\"@id\":\"https:\/\/paracherkaoui.ma\/index.php\/produit\/vichy-dercos-densi-solotions-baume-epaisseur-regenerant-2\/#primaryimage\"},\"thumbnailUrl\":\"https:\/\/paracherkaoui.ma\/wp-content\/uploads\/2025\/12\/dercos-vichy-dercos-densi-solotions-baume-epaisseur-regenerant-masques-et-cremes.jpg\",\"datePublished\":\"2025-12-12T16:52:29+00:00\",\"dateModified\":\"2025-12-12T16:52:31+00:00\",\"breadcrumb\":{\"@id\":\"https:\/\/paracherkaoui.ma\/index.php\/produit\/vichy-dercos-densi-solotions-baume-epaisseur-regenerant-2\/#breadcrumb\"},\"inLanguage\":\"fr-FR\",\"potentialAction\":[{\"@type\":\"ReadAction\",\"target\":[\"https:\/\/paracherkaoui.ma\/index.php\/produit\/vichy-dercos-densi-solotions-baume-epaisseur-regenerant-2\/\"]}]},{\"@type\":\"ImageObject\",\"inLanguage\":\"fr-FR\",\"@id\":\"https:\/\/paracherkaoui.ma\/index.php\/produit\/vichy-dercos-densi-solotions-baume-epaisseur-regenerant-2\/#primaryimage\",\"url\":\"https:\/\/paracherkaoui.ma\/wp-content\/uploads\/2025\/12\/dercos-vichy-dercos-densi-solotions-baume-epaisseur-regenerant-masques-et-cremes.jpg\",\"contentUrl\":\"https:\/\/paracherkaoui.ma\/wp-content\/uploads\/2025\/12\/dercos-vichy-dercos-densi-solotions-baume-epaisseur-regenerant-masques-et-cremes.jpg\",\"width\":700,\"height\":700},{\"@type\":\"BreadcrumbList\",\"@id\":\"https:\/\/paracherkaoui.ma\/index.php\/produit\/vichy-dercos-densi-solotions-baume-epaisseur-regenerant-2\/#breadcrumb\",\"itemListElement\":[{\"@type\":\"ListItem\",\"position\":1,\"name\":\"Accueil\",\"item\":\"https:\/\/paracherkaoui.ma\/\"},{\"@type\":\"ListItem\",\"position\":2,\"name\":\"Boutique\",\"item\":\"https:\/\/paracherkaoui.ma\/index.php\/boutique\/\"},{\"@type\":\"ListItem\",\"position\":3,\"name\":\"VICHY DERCOS DENSI SOLOTIONS BAUME EPAISSEUR REGENERANT\"}]},{\"@type\":\"WebSite\",\"@id\":\"https:\/\/paracherkaoui.ma\/#website\",\"url\":\"https:\/\/paracherkaoui.ma\/\",\"name\":\"Paracherkaoui.ma\",\"description\":\"Achetez en ligne sur Paracherkaoui.ma\",\"potentialAction\":[{\"@type\":\"SearchAction\",\"target\":{\"@type\":\"EntryPoint\",\"urlTemplate\":\"https:\/\/paracherkaoui.ma\/?s={search_term_string}\"},\"query-input\":{\"@type\":\"PropertyValueSpecification\",\"valueRequired\":true,\"valueName\":\"search_term_string\"}}],\"inLanguage\":\"fr-FR\"}]}<\/script>\r\n<!-- \/ Yoast SEO plugin. -->","yoast_head_json":{"title":"VICHY DERCOS DENSI SOLOTIONS BAUME EPAISSEUR REGENERANT - Paracherkaoui.ma","robots":{"index":"index","follow":"follow","max-snippet":"max-snippet:-1","max-image-preview":"max-image-preview:large","max-video-preview":"max-video-preview:-1"},"canonical":"https:\/\/paracherkaoui.ma\/index.php\/produit\/vichy-dercos-densi-solotions-baume-epaisseur-regenerant-2\/","og_locale":"fr_FR","og_type":"article","og_title":"VICHY DERCOS DENSI SOLOTIONS BAUME EPAISSEUR REGENERANT - Paracherkaoui.ma","og_description":"Sa texture baume fondante enveloppe la fibre capillaire pour la renforcer et lui redonner de la tonicit\u00e9, tout en facilitant","og_url":"https:\/\/paracherkaoui.ma\/index.php\/produit\/vichy-dercos-densi-solotions-baume-epaisseur-regenerant-2\/","og_site_name":"Paracherkaoui.ma","article_modified_time":"2025-12-12T16:52:31+00:00","og_image":[{"width":700,"height":700,"url":"https:\/\/paracherkaoui.ma\/wp-content\/uploads\/2025\/12\/dercos-vichy-dercos-densi-solotions-baume-epaisseur-regenerant-masques-et-cremes.jpg","type":"image\/jpeg"}],"twitter_card":"summary_large_image","twitter_misc":{"Dur\u00e9e de lecture estim\u00e9e":"1 minute"},"schema":{"@context":"https:\/\/schema.org","@graph":[{"@type":"WebPage","@id":"https:\/\/paracherkaoui.ma\/index.php\/produit\/vichy-dercos-densi-solotions-baume-epaisseur-regenerant-2\/","url":"https:\/\/paracherkaoui.ma\/index.php\/produit\/vichy-dercos-densi-solotions-baume-epaisseur-regenerant-2\/","name":"VICHY DERCOS DENSI SOLOTIONS BAUME EPAISSEUR REGENERANT - Paracherkaoui.ma","isPartOf":{"@id":"https:\/\/paracherkaoui.ma\/#website"},"primaryImageOfPage":{"@id":"https:\/\/paracherkaoui.ma\/index.php\/produit\/vichy-dercos-densi-solotions-baume-epaisseur-regenerant-2\/#primaryimage"},"image":{"@id":"https:\/\/paracherkaoui.ma\/index.php\/produit\/vichy-dercos-densi-solotions-baume-epaisseur-regenerant-2\/#primaryimage"},"thumbnailUrl":"https:\/\/paracherkaoui.ma\/wp-content\/uploads\/2025\/12\/dercos-vichy-dercos-densi-solotions-baume-epaisseur-regenerant-masques-et-cremes.jpg","datePublished":"2025-12-12T16:52:29+00:00","dateModified":"2025-12-12T16:52:31+00:00","breadcrumb":{"@id":"https:\/\/paracherkaoui.ma\/index.php\/produit\/vichy-dercos-densi-solotions-baume-epaisseur-regenerant-2\/#breadcrumb"},"inLanguage":"fr-FR","potentialAction":[{"@type":"ReadAction","target":["https:\/\/paracherkaoui.ma\/index.php\/produit\/vichy-dercos-densi-solotions-baume-epaisseur-regenerant-2\/"]}]},{"@type":"ImageObject","inLanguage":"fr-FR","@id":"https:\/\/paracherkaoui.ma\/index.php\/produit\/vichy-dercos-densi-solotions-baume-epaisseur-regenerant-2\/#primaryimage","url":"https:\/\/paracherkaoui.ma\/wp-content\/uploads\/2025\/12\/dercos-vichy-dercos-densi-solotions-baume-epaisseur-regenerant-masques-et-cremes.jpg","contentUrl":"https:\/\/paracherkaoui.ma\/wp-content\/uploads\/2025\/12\/dercos-vichy-dercos-densi-solotions-baume-epaisseur-regenerant-masques-et-cremes.jpg","width":700,"height":700},{"@type":"BreadcrumbList","@id":"https:\/\/paracherkaoui.ma\/index.php\/produit\/vichy-dercos-densi-solotions-baume-epaisseur-regenerant-2\/#breadcrumb","itemListElement":[{"@type":"ListItem","position":1,"name":"Accueil","item":"https:\/\/paracherkaoui.ma\/"},{"@type":"ListItem","position":2,"name":"Boutique","item":"https:\/\/paracherkaoui.ma\/index.php\/boutique\/"},{"@type":"ListItem","position":3,"name":"VICHY DERCOS DENSI SOLOTIONS BAUME EPAISSEUR REGENERANT"}]},{"@type":"WebSite","@id":"https:\/\/paracherkaoui.ma\/#website","url":"https:\/\/paracherkaoui.ma\/","name":"Paracherkaoui.ma","description":"Achetez en ligne sur Paracherkaoui.ma","potentialAction":[{"@type":"SearchAction","target":{"@type":"EntryPoint","urlTemplate":"https:\/\/paracherkaoui.ma\/?s={search_term_string}"},"query-input":{"@type":"PropertyValueSpecification","valueRequired":true,"valueName":"search_term_string"}}],"inLanguage":"fr-FR"}]}},"_links":{"self":[{"href":"https:\/\/paracherkaoui.ma\/index.php\/wp-json\/wp\/v2\/product\/15386","targetHints":{"allow":["GET"]}}],"collection":[{"href":"https:\/\/paracherkaoui.ma\/index.php\/wp-json\/wp\/v2\/product"}],"about":[{"href":"https:\/\/paracherkaoui.ma\/index.php\/wp-json\/wp\/v2\/types\/product"}],"replies":[{"embeddable":true,"href":"https:\/\/paracherkaoui.ma\/index.php\/wp-json\/wp\/v2\/comments?post=15386"}],"version-history":[{"count":1,"href":"https:\/\/paracherkaoui.ma\/index.php\/wp-json\/wp\/v2\/product\/15386\/revisions"}],"predecessor-version":[{"id":15429,"href":"https:\/\/paracherkaoui.ma\/index.php\/wp-json\/wp\/v2\/product\/15386\/revisions\/15429"}],"wp:featuredmedia":[{"embeddable":true,"href":"https:\/\/paracherkaoui.ma\/index.php\/wp-json\/wp\/v2\/media\/10991"}],"wp:attachment":[{"href":"https:\/\/paracherkaoui.ma\/index.php\/wp-json\/wp\/v2\/media?parent=15386"}],"wp:term":[{"taxonomy":"product_brand","embeddable":true,"href":"https:\/\/paracherkaoui.ma\/index.php\/wp-json\/wp\/v2\/product_brand?post=15386"},{"taxonomy":"product_cat","embeddable":true,"href":"https:\/\/paracherkaoui.ma\/index.php\/wp-json\/wp\/v2\/product_cat?post=15386"},{"taxonomy":"product_tag","embeddable":true,"href":"https:\/\/paracherkaoui.ma\/index.php\/wp-json\/wp\/v2\/product_tag?post=15386"}],"curies":[{"name":"wp","href":"https:\/\/api.w.org\/{rel}","templated":true}]}}