{"id":15308,"date":"2025-12-12T17:52:23","date_gmt":"2025-12-12T16:52:23","guid":{"rendered":"https:\/\/test.ecbeaute.com\/?post_type=product&#038;p=15308"},"modified":"2025-12-12T17:52:26","modified_gmt":"2025-12-12T16:52:26","slug":"klorane-beurre-de-mangue-masque-reparateur-nutrition-intense-150-ml-2","status":"publish","type":"product","link":"https:\/\/paracherkaoui.ma\/index.php\/produit\/klorane-beurre-de-mangue-masque-reparateur-nutrition-intense-150-ml-2\/","title":{"rendered":"KLORANE BEURRE DE MANGUE MASQUE REPARATEUR NUTRITION INTENSE 150 ML"},"content":{"rendered":"<p>Fondant et gourmand, le Masque nourrissant \u00e0 la Mangue prend soin des cheveux secs. Le beurre de Mangue onctueux, extrait par pression \u00e0 froid de l&rsquo;amande du fruit juteux, est riche en acides gras essentiels aux vertus nutritives et protectrices. En nourrissant durablement et profond\u00e9ment les cheveux fragilis\u00e9s sans les alourdir, le Masque r\u00e9pare la fibre capillaire et ravive la chevelure tout en souplesse. Intens\u00e9ment nourries par sa formule g\u00e9n\u00e9reuse, les longueurs et les pointes sont moins ab\u00eem\u00e9es, et sont prot\u00e9g\u00e9es des agressions externes. S&rsquo;utilise au moins deux fois par semaine en soin profond, plus fr\u00e9quemment si les cheveux sont tr\u00e8s secs.<br \/>\nLes bienfaits :<br \/>\nHautement nutritif : la teneur \u00e9lev\u00e9e en acides gras essentiels du beurre de Mangue restructure la tige capillaire, nourrit intens\u00e9ment sans alourdir.<br \/>\nR\u00e9parateur : Redonne \u00e9clat, respecte la coloration et aide \u00e0 la r\u00e9paration des cheveux secs.<br \/>\nProtecteur : en lissant la fibre capillaire, il rend les cheveux plus r\u00e9sistants aux agressions externes.<br \/>\nConseils d&rsquo;utilisation:<br \/>\nAppliquer sur les longueurs et pointes rinc\u00e9es et essor\u00e9es. Laisser agir 5 minutes.<\/p>\n","protected":false},"excerpt":{"rendered":"<p>Fondant et gourmand, le Masque nourrissant \u00e0 la Mangue prend soin des cheveux secs. Le beurre de Mangue onctueux, extrait<\/p>\n","protected":false},"featured_media":10973,"comment_status":"open","ping_status":"closed","template":"","meta":[],"product_brand":[145],"product_cat":[183],"product_tag":[],"class_list":{"0":"post-15308","1":"product","2":"type-product","3":"status-publish","4":"has-post-thumbnail","6":"product_brand-klorane","7":"product_cat-masques-et-cremes","9":"first","10":"instock","11":"sale","12":"shipping-taxable","13":"purchasable","14":"product-type-simple"},"yoast_head":"<!-- This site is optimized with the Yoast SEO plugin v26.6 - https:\/\/yoast.com\/wordpress\/plugins\/seo\/ -->\r\n<title>KLORANE BEURRE DE MANGUE MASQUE REPARATEUR NUTRITION INTENSE 150 ML - Paracherkaoui.ma<\/title>\r\n<meta name=\"robots\" content=\"index, follow, max-snippet:-1, max-image-preview:large, max-video-preview:-1\" \/>\r\n<link rel=\"canonical\" href=\"https:\/\/paracherkaoui.ma\/index.php\/produit\/klorane-beurre-de-mangue-masque-reparateur-nutrition-intense-150-ml-2\/\" \/>\r\n<meta property=\"og:locale\" content=\"fr_FR\" \/>\r\n<meta property=\"og:type\" content=\"article\" \/>\r\n<meta property=\"og:title\" content=\"KLORANE BEURRE DE MANGUE MASQUE REPARATEUR NUTRITION INTENSE 150 ML - Paracherkaoui.ma\" \/>\r\n<meta property=\"og:description\" content=\"Fondant et gourmand, le Masque nourrissant \u00e0 la Mangue prend soin des cheveux secs. Le beurre de Mangue onctueux, extrait\" \/>\r\n<meta property=\"og:url\" content=\"https:\/\/paracherkaoui.ma\/index.php\/produit\/klorane-beurre-de-mangue-masque-reparateur-nutrition-intense-150-ml-2\/\" \/>\r\n<meta property=\"og:site_name\" content=\"Paracherkaoui.ma\" \/>\r\n<meta property=\"article:modified_time\" content=\"2025-12-12T16:52:26+00:00\" \/>\r\n<meta property=\"og:image\" content=\"https:\/\/paracherkaoui.ma\/wp-content\/uploads\/2025\/12\/klorane-klorane-beurre-de-mangue-masque-reparateur-nutrition-intense-150-ml-masque-creme-et-soins.jpg\" \/>\r\n\t<meta property=\"og:image:width\" content=\"700\" \/>\r\n\t<meta property=\"og:image:height\" content=\"700\" \/>\r\n\t<meta property=\"og:image:type\" content=\"image\/jpeg\" \/>\r\n<meta name=\"twitter:card\" content=\"summary_large_image\" \/>\r\n<meta name=\"twitter:label1\" content=\"Dur\u00e9e de lecture estim\u00e9e\" \/>\n\t<meta name=\"twitter:data1\" content=\"1 minute\" \/>\r\n<script type=\"application\/ld+json\" class=\"yoast-schema-graph\">{\"@context\":\"https:\/\/schema.org\",\"@graph\":[{\"@type\":\"WebPage\",\"@id\":\"https:\/\/paracherkaoui.ma\/index.php\/produit\/klorane-beurre-de-mangue-masque-reparateur-nutrition-intense-150-ml-2\/\",\"url\":\"https:\/\/paracherkaoui.ma\/index.php\/produit\/klorane-beurre-de-mangue-masque-reparateur-nutrition-intense-150-ml-2\/\",\"name\":\"KLORANE BEURRE DE MANGUE MASQUE REPARATEUR NUTRITION INTENSE 150 ML - Paracherkaoui.ma\",\"isPartOf\":{\"@id\":\"https:\/\/paracherkaoui.ma\/#website\"},\"primaryImageOfPage\":{\"@id\":\"https:\/\/paracherkaoui.ma\/index.php\/produit\/klorane-beurre-de-mangue-masque-reparateur-nutrition-intense-150-ml-2\/#primaryimage\"},\"image\":{\"@id\":\"https:\/\/paracherkaoui.ma\/index.php\/produit\/klorane-beurre-de-mangue-masque-reparateur-nutrition-intense-150-ml-2\/#primaryimage\"},\"thumbnailUrl\":\"https:\/\/paracherkaoui.ma\/wp-content\/uploads\/2025\/12\/klorane-klorane-beurre-de-mangue-masque-reparateur-nutrition-intense-150-ml-masque-creme-et-soins.jpg\",\"datePublished\":\"2025-12-12T16:52:23+00:00\",\"dateModified\":\"2025-12-12T16:52:26+00:00\",\"breadcrumb\":{\"@id\":\"https:\/\/paracherkaoui.ma\/index.php\/produit\/klorane-beurre-de-mangue-masque-reparateur-nutrition-intense-150-ml-2\/#breadcrumb\"},\"inLanguage\":\"fr-FR\",\"potentialAction\":[{\"@type\":\"ReadAction\",\"target\":[\"https:\/\/paracherkaoui.ma\/index.php\/produit\/klorane-beurre-de-mangue-masque-reparateur-nutrition-intense-150-ml-2\/\"]}]},{\"@type\":\"ImageObject\",\"inLanguage\":\"fr-FR\",\"@id\":\"https:\/\/paracherkaoui.ma\/index.php\/produit\/klorane-beurre-de-mangue-masque-reparateur-nutrition-intense-150-ml-2\/#primaryimage\",\"url\":\"https:\/\/paracherkaoui.ma\/wp-content\/uploads\/2025\/12\/klorane-klorane-beurre-de-mangue-masque-reparateur-nutrition-intense-150-ml-masque-creme-et-soins.jpg\",\"contentUrl\":\"https:\/\/paracherkaoui.ma\/wp-content\/uploads\/2025\/12\/klorane-klorane-beurre-de-mangue-masque-reparateur-nutrition-intense-150-ml-masque-creme-et-soins.jpg\",\"width\":700,\"height\":700},{\"@type\":\"BreadcrumbList\",\"@id\":\"https:\/\/paracherkaoui.ma\/index.php\/produit\/klorane-beurre-de-mangue-masque-reparateur-nutrition-intense-150-ml-2\/#breadcrumb\",\"itemListElement\":[{\"@type\":\"ListItem\",\"position\":1,\"name\":\"Accueil\",\"item\":\"https:\/\/paracherkaoui.ma\/\"},{\"@type\":\"ListItem\",\"position\":2,\"name\":\"Boutique\",\"item\":\"https:\/\/paracherkaoui.ma\/index.php\/boutique\/\"},{\"@type\":\"ListItem\",\"position\":3,\"name\":\"KLORANE BEURRE DE MANGUE MASQUE REPARATEUR NUTRITION INTENSE 150 ML\"}]},{\"@type\":\"WebSite\",\"@id\":\"https:\/\/paracherkaoui.ma\/#website\",\"url\":\"https:\/\/paracherkaoui.ma\/\",\"name\":\"Paracherkaoui.ma\",\"description\":\"Achetez en ligne sur Paracherkaoui.ma\",\"potentialAction\":[{\"@type\":\"SearchAction\",\"target\":{\"@type\":\"EntryPoint\",\"urlTemplate\":\"https:\/\/paracherkaoui.ma\/?s={search_term_string}\"},\"query-input\":{\"@type\":\"PropertyValueSpecification\",\"valueRequired\":true,\"valueName\":\"search_term_string\"}}],\"inLanguage\":\"fr-FR\"}]}<\/script>\r\n<!-- \/ Yoast SEO plugin. -->","yoast_head_json":{"title":"KLORANE BEURRE DE MANGUE MASQUE REPARATEUR NUTRITION INTENSE 150 ML - Paracherkaoui.ma","robots":{"index":"index","follow":"follow","max-snippet":"max-snippet:-1","max-image-preview":"max-image-preview:large","max-video-preview":"max-video-preview:-1"},"canonical":"https:\/\/paracherkaoui.ma\/index.php\/produit\/klorane-beurre-de-mangue-masque-reparateur-nutrition-intense-150-ml-2\/","og_locale":"fr_FR","og_type":"article","og_title":"KLORANE BEURRE DE MANGUE MASQUE REPARATEUR NUTRITION INTENSE 150 ML - Paracherkaoui.ma","og_description":"Fondant et gourmand, le Masque nourrissant \u00e0 la Mangue prend soin des cheveux secs. Le beurre de Mangue onctueux, extrait","og_url":"https:\/\/paracherkaoui.ma\/index.php\/produit\/klorane-beurre-de-mangue-masque-reparateur-nutrition-intense-150-ml-2\/","og_site_name":"Paracherkaoui.ma","article_modified_time":"2025-12-12T16:52:26+00:00","og_image":[{"width":700,"height":700,"url":"https:\/\/paracherkaoui.ma\/wp-content\/uploads\/2025\/12\/klorane-klorane-beurre-de-mangue-masque-reparateur-nutrition-intense-150-ml-masque-creme-et-soins.jpg","type":"image\/jpeg"}],"twitter_card":"summary_large_image","twitter_misc":{"Dur\u00e9e de lecture estim\u00e9e":"1 minute"},"schema":{"@context":"https:\/\/schema.org","@graph":[{"@type":"WebPage","@id":"https:\/\/paracherkaoui.ma\/index.php\/produit\/klorane-beurre-de-mangue-masque-reparateur-nutrition-intense-150-ml-2\/","url":"https:\/\/paracherkaoui.ma\/index.php\/produit\/klorane-beurre-de-mangue-masque-reparateur-nutrition-intense-150-ml-2\/","name":"KLORANE BEURRE DE MANGUE MASQUE REPARATEUR NUTRITION INTENSE 150 ML - Paracherkaoui.ma","isPartOf":{"@id":"https:\/\/paracherkaoui.ma\/#website"},"primaryImageOfPage":{"@id":"https:\/\/paracherkaoui.ma\/index.php\/produit\/klorane-beurre-de-mangue-masque-reparateur-nutrition-intense-150-ml-2\/#primaryimage"},"image":{"@id":"https:\/\/paracherkaoui.ma\/index.php\/produit\/klorane-beurre-de-mangue-masque-reparateur-nutrition-intense-150-ml-2\/#primaryimage"},"thumbnailUrl":"https:\/\/paracherkaoui.ma\/wp-content\/uploads\/2025\/12\/klorane-klorane-beurre-de-mangue-masque-reparateur-nutrition-intense-150-ml-masque-creme-et-soins.jpg","datePublished":"2025-12-12T16:52:23+00:00","dateModified":"2025-12-12T16:52:26+00:00","breadcrumb":{"@id":"https:\/\/paracherkaoui.ma\/index.php\/produit\/klorane-beurre-de-mangue-masque-reparateur-nutrition-intense-150-ml-2\/#breadcrumb"},"inLanguage":"fr-FR","potentialAction":[{"@type":"ReadAction","target":["https:\/\/paracherkaoui.ma\/index.php\/produit\/klorane-beurre-de-mangue-masque-reparateur-nutrition-intense-150-ml-2\/"]}]},{"@type":"ImageObject","inLanguage":"fr-FR","@id":"https:\/\/paracherkaoui.ma\/index.php\/produit\/klorane-beurre-de-mangue-masque-reparateur-nutrition-intense-150-ml-2\/#primaryimage","url":"https:\/\/paracherkaoui.ma\/wp-content\/uploads\/2025\/12\/klorane-klorane-beurre-de-mangue-masque-reparateur-nutrition-intense-150-ml-masque-creme-et-soins.jpg","contentUrl":"https:\/\/paracherkaoui.ma\/wp-content\/uploads\/2025\/12\/klorane-klorane-beurre-de-mangue-masque-reparateur-nutrition-intense-150-ml-masque-creme-et-soins.jpg","width":700,"height":700},{"@type":"BreadcrumbList","@id":"https:\/\/paracherkaoui.ma\/index.php\/produit\/klorane-beurre-de-mangue-masque-reparateur-nutrition-intense-150-ml-2\/#breadcrumb","itemListElement":[{"@type":"ListItem","position":1,"name":"Accueil","item":"https:\/\/paracherkaoui.ma\/"},{"@type":"ListItem","position":2,"name":"Boutique","item":"https:\/\/paracherkaoui.ma\/index.php\/boutique\/"},{"@type":"ListItem","position":3,"name":"KLORANE BEURRE DE MANGUE MASQUE REPARATEUR NUTRITION INTENSE 150 ML"}]},{"@type":"WebSite","@id":"https:\/\/paracherkaoui.ma\/#website","url":"https:\/\/paracherkaoui.ma\/","name":"Paracherkaoui.ma","description":"Achetez en ligne sur Paracherkaoui.ma","potentialAction":[{"@type":"SearchAction","target":{"@type":"EntryPoint","urlTemplate":"https:\/\/paracherkaoui.ma\/?s={search_term_string}"},"query-input":{"@type":"PropertyValueSpecification","valueRequired":true,"valueName":"search_term_string"}}],"inLanguage":"fr-FR"}]}},"_links":{"self":[{"href":"https:\/\/paracherkaoui.ma\/index.php\/wp-json\/wp\/v2\/product\/15308","targetHints":{"allow":["GET"]}}],"collection":[{"href":"https:\/\/paracherkaoui.ma\/index.php\/wp-json\/wp\/v2\/product"}],"about":[{"href":"https:\/\/paracherkaoui.ma\/index.php\/wp-json\/wp\/v2\/types\/product"}],"replies":[{"embeddable":true,"href":"https:\/\/paracherkaoui.ma\/index.php\/wp-json\/wp\/v2\/comments?post=15308"}],"version-history":[{"count":1,"href":"https:\/\/paracherkaoui.ma\/index.php\/wp-json\/wp\/v2\/product\/15308\/revisions"}],"predecessor-version":[{"id":15355,"href":"https:\/\/paracherkaoui.ma\/index.php\/wp-json\/wp\/v2\/product\/15308\/revisions\/15355"}],"wp:featuredmedia":[{"embeddable":true,"href":"https:\/\/paracherkaoui.ma\/index.php\/wp-json\/wp\/v2\/media\/10973"}],"wp:attachment":[{"href":"https:\/\/paracherkaoui.ma\/index.php\/wp-json\/wp\/v2\/media?parent=15308"}],"wp:term":[{"taxonomy":"product_brand","embeddable":true,"href":"https:\/\/paracherkaoui.ma\/index.php\/wp-json\/wp\/v2\/product_brand?post=15308"},{"taxonomy":"product_cat","embeddable":true,"href":"https:\/\/paracherkaoui.ma\/index.php\/wp-json\/wp\/v2\/product_cat?post=15308"},{"taxonomy":"product_tag","embeddable":true,"href":"https:\/\/paracherkaoui.ma\/index.php\/wp-json\/wp\/v2\/product_tag?post=15308"}],"curies":[{"name":"wp","href":"https:\/\/api.w.org\/{rel}","templated":true}]}}