{"id":15205,"date":"2025-12-12T17:52:16","date_gmt":"2025-12-12T16:52:16","guid":{"rendered":"https:\/\/test.ecbeaute.com\/?post_type=product&#038;p=15205"},"modified":"2025-12-12T17:52:19","modified_gmt":"2025-12-12T16:52:19","slug":"macadamia-nourishing-moisture-conditioner-300ml","status":"publish","type":"product","link":"https:\/\/paracherkaoui.ma\/index.php\/produit\/macadamia-nourishing-moisture-conditioner-300ml\/","title":{"rendered":"MACADAMIA Nourishing Moisture Conditioner \/ 300ML"},"content":{"rendered":"<p>L&rsquo;apr\u00e8s-shampoing Nourishing Moisture est compos\u00e9 d&rsquo;une formule nutritive enrichie en PRO OIL COMPLEX, compos\u00e9 d&rsquo;huiles de Macadamia et d&rsquo;Argan, ainsi que d&rsquo;huiles d&rsquo;avocat et de noisette pour une hydratation profonde des cheveux et du cuir chevelu.<br \/>\nUne combinaison de collag\u00e8ne et d&rsquo;acides amin\u00e9s de soie aide \u00e0 r\u00e9parer et renforcer les cheveux.<br \/>\nINDICATIONS :<br \/>\nR\u00e9pare, renforce, reconstitue<br \/>\nHydrate sans alourdir<br \/>\nNourrit le cuir chevelu<\/p>\n","protected":false},"excerpt":{"rendered":"<p>L&rsquo;apr\u00e8s-shampoing Nourishing Moisture est compos\u00e9 d&rsquo;une formule nutritive enrichie en PRO OIL COMPLEX, compos\u00e9 d&rsquo;huiles de Macadamia et d&rsquo;Argan, ainsi<\/p>\n","protected":false},"featured_media":15241,"comment_status":"open","ping_status":"closed","template":"","meta":[],"product_brand":[196],"product_cat":[225],"product_tag":[],"class_list":{"0":"post-15205","1":"product","2":"type-product","3":"status-publish","4":"has-post-thumbnail","6":"product_brand-macadamia","7":"product_cat-apres-shampoing","9":"first","10":"instock","11":"shipping-taxable","12":"purchasable","13":"product-type-simple"},"yoast_head":"<!-- This site is optimized with the Yoast SEO plugin v26.6 - https:\/\/yoast.com\/wordpress\/plugins\/seo\/ -->\r\n<title>MACADAMIA Nourishing Moisture Conditioner \/ 300ML - Paracherkaoui.ma<\/title>\r\n<meta name=\"robots\" content=\"index, follow, max-snippet:-1, max-image-preview:large, max-video-preview:-1\" \/>\r\n<link rel=\"canonical\" href=\"https:\/\/paracherkaoui.ma\/index.php\/produit\/macadamia-nourishing-moisture-conditioner-300ml\/\" \/>\r\n<meta property=\"og:locale\" content=\"fr_FR\" \/>\r\n<meta property=\"og:type\" content=\"article\" \/>\r\n<meta property=\"og:title\" content=\"MACADAMIA Nourishing Moisture Conditioner \/ 300ML - Paracherkaoui.ma\" \/>\r\n<meta property=\"og:description\" content=\"L&rsquo;apr\u00e8s-shampoing Nourishing Moisture est compos\u00e9 d&rsquo;une formule nutritive enrichie en PRO OIL COMPLEX, compos\u00e9 d&rsquo;huiles de Macadamia et d&rsquo;Argan, ainsi\" \/>\r\n<meta property=\"og:url\" content=\"https:\/\/paracherkaoui.ma\/index.php\/produit\/macadamia-nourishing-moisture-conditioner-300ml\/\" \/>\r\n<meta property=\"og:site_name\" content=\"Paracherkaoui.ma\" \/>\r\n<meta property=\"article:modified_time\" content=\"2025-12-12T16:52:19+00:00\" \/>\r\n<meta property=\"og:image\" content=\"https:\/\/paracherkaoui.ma\/wp-content\/uploads\/2025\/12\/macadamia-macadamia-nourishing-moisture-conditioner-300ml-apres-shampoing.jpg\" \/>\r\n\t<meta property=\"og:image:width\" content=\"700\" \/>\r\n\t<meta property=\"og:image:height\" content=\"700\" \/>\r\n\t<meta property=\"og:image:type\" content=\"image\/jpeg\" \/>\r\n<meta name=\"twitter:card\" content=\"summary_large_image\" \/>\r\n<script type=\"application\/ld+json\" class=\"yoast-schema-graph\">{\"@context\":\"https:\/\/schema.org\",\"@graph\":[{\"@type\":\"WebPage\",\"@id\":\"https:\/\/paracherkaoui.ma\/index.php\/produit\/macadamia-nourishing-moisture-conditioner-300ml\/\",\"url\":\"https:\/\/paracherkaoui.ma\/index.php\/produit\/macadamia-nourishing-moisture-conditioner-300ml\/\",\"name\":\"MACADAMIA Nourishing Moisture Conditioner \/ 300ML - Paracherkaoui.ma\",\"isPartOf\":{\"@id\":\"https:\/\/paracherkaoui.ma\/#website\"},\"primaryImageOfPage\":{\"@id\":\"https:\/\/paracherkaoui.ma\/index.php\/produit\/macadamia-nourishing-moisture-conditioner-300ml\/#primaryimage\"},\"image\":{\"@id\":\"https:\/\/paracherkaoui.ma\/index.php\/produit\/macadamia-nourishing-moisture-conditioner-300ml\/#primaryimage\"},\"thumbnailUrl\":\"https:\/\/paracherkaoui.ma\/wp-content\/uploads\/2025\/12\/macadamia-macadamia-nourishing-moisture-conditioner-300ml-apres-shampoing.jpg\",\"datePublished\":\"2025-12-12T16:52:16+00:00\",\"dateModified\":\"2025-12-12T16:52:19+00:00\",\"breadcrumb\":{\"@id\":\"https:\/\/paracherkaoui.ma\/index.php\/produit\/macadamia-nourishing-moisture-conditioner-300ml\/#breadcrumb\"},\"inLanguage\":\"fr-FR\",\"potentialAction\":[{\"@type\":\"ReadAction\",\"target\":[\"https:\/\/paracherkaoui.ma\/index.php\/produit\/macadamia-nourishing-moisture-conditioner-300ml\/\"]}]},{\"@type\":\"ImageObject\",\"inLanguage\":\"fr-FR\",\"@id\":\"https:\/\/paracherkaoui.ma\/index.php\/produit\/macadamia-nourishing-moisture-conditioner-300ml\/#primaryimage\",\"url\":\"https:\/\/paracherkaoui.ma\/wp-content\/uploads\/2025\/12\/macadamia-macadamia-nourishing-moisture-conditioner-300ml-apres-shampoing.jpg\",\"contentUrl\":\"https:\/\/paracherkaoui.ma\/wp-content\/uploads\/2025\/12\/macadamia-macadamia-nourishing-moisture-conditioner-300ml-apres-shampoing.jpg\",\"width\":700,\"height\":700},{\"@type\":\"BreadcrumbList\",\"@id\":\"https:\/\/paracherkaoui.ma\/index.php\/produit\/macadamia-nourishing-moisture-conditioner-300ml\/#breadcrumb\",\"itemListElement\":[{\"@type\":\"ListItem\",\"position\":1,\"name\":\"Accueil\",\"item\":\"https:\/\/paracherkaoui.ma\/\"},{\"@type\":\"ListItem\",\"position\":2,\"name\":\"Boutique\",\"item\":\"https:\/\/paracherkaoui.ma\/index.php\/boutique\/\"},{\"@type\":\"ListItem\",\"position\":3,\"name\":\"MACADAMIA Nourishing Moisture Conditioner \/ 300ML\"}]},{\"@type\":\"WebSite\",\"@id\":\"https:\/\/paracherkaoui.ma\/#website\",\"url\":\"https:\/\/paracherkaoui.ma\/\",\"name\":\"Paracherkaoui.ma\",\"description\":\"Achetez en ligne sur Paracherkaoui.ma\",\"potentialAction\":[{\"@type\":\"SearchAction\",\"target\":{\"@type\":\"EntryPoint\",\"urlTemplate\":\"https:\/\/paracherkaoui.ma\/?s={search_term_string}\"},\"query-input\":{\"@type\":\"PropertyValueSpecification\",\"valueRequired\":true,\"valueName\":\"search_term_string\"}}],\"inLanguage\":\"fr-FR\"}]}<\/script>\r\n<!-- \/ Yoast SEO plugin. -->","yoast_head_json":{"title":"MACADAMIA Nourishing Moisture Conditioner \/ 300ML - Paracherkaoui.ma","robots":{"index":"index","follow":"follow","max-snippet":"max-snippet:-1","max-image-preview":"max-image-preview:large","max-video-preview":"max-video-preview:-1"},"canonical":"https:\/\/paracherkaoui.ma\/index.php\/produit\/macadamia-nourishing-moisture-conditioner-300ml\/","og_locale":"fr_FR","og_type":"article","og_title":"MACADAMIA Nourishing Moisture Conditioner \/ 300ML - Paracherkaoui.ma","og_description":"L&rsquo;apr\u00e8s-shampoing Nourishing Moisture est compos\u00e9 d&rsquo;une formule nutritive enrichie en PRO OIL COMPLEX, compos\u00e9 d&rsquo;huiles de Macadamia et d&rsquo;Argan, ainsi","og_url":"https:\/\/paracherkaoui.ma\/index.php\/produit\/macadamia-nourishing-moisture-conditioner-300ml\/","og_site_name":"Paracherkaoui.ma","article_modified_time":"2025-12-12T16:52:19+00:00","og_image":[{"width":700,"height":700,"url":"https:\/\/paracherkaoui.ma\/wp-content\/uploads\/2025\/12\/macadamia-macadamia-nourishing-moisture-conditioner-300ml-apres-shampoing.jpg","type":"image\/jpeg"}],"twitter_card":"summary_large_image","schema":{"@context":"https:\/\/schema.org","@graph":[{"@type":"WebPage","@id":"https:\/\/paracherkaoui.ma\/index.php\/produit\/macadamia-nourishing-moisture-conditioner-300ml\/","url":"https:\/\/paracherkaoui.ma\/index.php\/produit\/macadamia-nourishing-moisture-conditioner-300ml\/","name":"MACADAMIA Nourishing Moisture Conditioner \/ 300ML - Paracherkaoui.ma","isPartOf":{"@id":"https:\/\/paracherkaoui.ma\/#website"},"primaryImageOfPage":{"@id":"https:\/\/paracherkaoui.ma\/index.php\/produit\/macadamia-nourishing-moisture-conditioner-300ml\/#primaryimage"},"image":{"@id":"https:\/\/paracherkaoui.ma\/index.php\/produit\/macadamia-nourishing-moisture-conditioner-300ml\/#primaryimage"},"thumbnailUrl":"https:\/\/paracherkaoui.ma\/wp-content\/uploads\/2025\/12\/macadamia-macadamia-nourishing-moisture-conditioner-300ml-apres-shampoing.jpg","datePublished":"2025-12-12T16:52:16+00:00","dateModified":"2025-12-12T16:52:19+00:00","breadcrumb":{"@id":"https:\/\/paracherkaoui.ma\/index.php\/produit\/macadamia-nourishing-moisture-conditioner-300ml\/#breadcrumb"},"inLanguage":"fr-FR","potentialAction":[{"@type":"ReadAction","target":["https:\/\/paracherkaoui.ma\/index.php\/produit\/macadamia-nourishing-moisture-conditioner-300ml\/"]}]},{"@type":"ImageObject","inLanguage":"fr-FR","@id":"https:\/\/paracherkaoui.ma\/index.php\/produit\/macadamia-nourishing-moisture-conditioner-300ml\/#primaryimage","url":"https:\/\/paracherkaoui.ma\/wp-content\/uploads\/2025\/12\/macadamia-macadamia-nourishing-moisture-conditioner-300ml-apres-shampoing.jpg","contentUrl":"https:\/\/paracherkaoui.ma\/wp-content\/uploads\/2025\/12\/macadamia-macadamia-nourishing-moisture-conditioner-300ml-apres-shampoing.jpg","width":700,"height":700},{"@type":"BreadcrumbList","@id":"https:\/\/paracherkaoui.ma\/index.php\/produit\/macadamia-nourishing-moisture-conditioner-300ml\/#breadcrumb","itemListElement":[{"@type":"ListItem","position":1,"name":"Accueil","item":"https:\/\/paracherkaoui.ma\/"},{"@type":"ListItem","position":2,"name":"Boutique","item":"https:\/\/paracherkaoui.ma\/index.php\/boutique\/"},{"@type":"ListItem","position":3,"name":"MACADAMIA Nourishing Moisture Conditioner \/ 300ML"}]},{"@type":"WebSite","@id":"https:\/\/paracherkaoui.ma\/#website","url":"https:\/\/paracherkaoui.ma\/","name":"Paracherkaoui.ma","description":"Achetez en ligne sur Paracherkaoui.ma","potentialAction":[{"@type":"SearchAction","target":{"@type":"EntryPoint","urlTemplate":"https:\/\/paracherkaoui.ma\/?s={search_term_string}"},"query-input":{"@type":"PropertyValueSpecification","valueRequired":true,"valueName":"search_term_string"}}],"inLanguage":"fr-FR"}]}},"_links":{"self":[{"href":"https:\/\/paracherkaoui.ma\/index.php\/wp-json\/wp\/v2\/product\/15205","targetHints":{"allow":["GET"]}}],"collection":[{"href":"https:\/\/paracherkaoui.ma\/index.php\/wp-json\/wp\/v2\/product"}],"about":[{"href":"https:\/\/paracherkaoui.ma\/index.php\/wp-json\/wp\/v2\/types\/product"}],"replies":[{"embeddable":true,"href":"https:\/\/paracherkaoui.ma\/index.php\/wp-json\/wp\/v2\/comments?post=15205"}],"version-history":[{"count":1,"href":"https:\/\/paracherkaoui.ma\/index.php\/wp-json\/wp\/v2\/product\/15205\/revisions"}],"predecessor-version":[{"id":15242,"href":"https:\/\/paracherkaoui.ma\/index.php\/wp-json\/wp\/v2\/product\/15205\/revisions\/15242"}],"wp:featuredmedia":[{"embeddable":true,"href":"https:\/\/paracherkaoui.ma\/index.php\/wp-json\/wp\/v2\/media\/15241"}],"wp:attachment":[{"href":"https:\/\/paracherkaoui.ma\/index.php\/wp-json\/wp\/v2\/media?parent=15205"}],"wp:term":[{"taxonomy":"product_brand","embeddable":true,"href":"https:\/\/paracherkaoui.ma\/index.php\/wp-json\/wp\/v2\/product_brand?post=15205"},{"taxonomy":"product_cat","embeddable":true,"href":"https:\/\/paracherkaoui.ma\/index.php\/wp-json\/wp\/v2\/product_cat?post=15205"},{"taxonomy":"product_tag","embeddable":true,"href":"https:\/\/paracherkaoui.ma\/index.php\/wp-json\/wp\/v2\/product_tag?post=15205"}],"curies":[{"name":"wp","href":"https:\/\/api.w.org\/{rel}","templated":true}]}}