{"id":15151,"date":"2025-12-12T17:51:23","date_gmt":"2025-12-12T16:51:23","guid":{"rendered":"https:\/\/test.ecbeaute.com\/?post_type=product&#038;p=15151"},"modified":"2025-12-12T17:51:26","modified_gmt":"2025-12-12T16:51:26","slug":"erayba-hydraker-k16-keratine-conditionner-250-ml","status":"publish","type":"product","link":"https:\/\/paracherkaoui.ma\/index.php\/produit\/erayba-hydraker-k16-keratine-conditionner-250-ml\/","title":{"rendered":"ERAYBA HYDRAKER K16 KERATINE CONDITIONNER 250 ML"},"content":{"rendered":"<p>Conditionneur hydratant et r\u00e9parateur riche en k\u00e9ratine v\u00e9g\u00e9tale et huile d\u2019argan. Pour cheveux ab\u00eem\u00e9s et cassants. Les cheveux retrouvent leur \u00e9quilibre naturel: vigueur, souplesse, hydratation et brillance. Facilite imm\u00e9diatement le coiffage.<br \/>\nConseils d&rsquo;utilisation :<br \/>\nLaver et essorer les cheveux \u00e0 la serviette. Appliquer en r\u00e9partissant bien le produit sur toute la chevelure et faire de l\u00e9gers massages.Laisser agir pendant quelques minutes, puis rincer soigneusement.<\/p>\n","protected":false},"excerpt":{"rendered":"<p>Conditionneur hydratant et r\u00e9parateur riche en k\u00e9ratine v\u00e9g\u00e9tale et huile d\u2019argan. Pour cheveux ab\u00eem\u00e9s et cassants. Les cheveux retrouvent leur<\/p>\n","protected":false},"featured_media":15183,"comment_status":"open","ping_status":"closed","template":"","meta":[],"product_brand":[193],"product_cat":[225],"product_tag":[],"class_list":{"0":"post-15151","1":"product","2":"type-product","3":"status-publish","4":"has-post-thumbnail","6":"product_brand-erayba","7":"product_cat-apres-shampoing","9":"first","10":"instock","11":"sale","12":"shipping-taxable","13":"purchasable","14":"product-type-simple"},"yoast_head":"<!-- This site is optimized with the Yoast SEO plugin v26.6 - https:\/\/yoast.com\/wordpress\/plugins\/seo\/ -->\r\n<title>ERAYBA HYDRAKER K16 KERATINE CONDITIONNER 250 ML - Paracherkaoui.ma<\/title>\r\n<meta name=\"robots\" content=\"index, follow, max-snippet:-1, max-image-preview:large, max-video-preview:-1\" \/>\r\n<link rel=\"canonical\" href=\"https:\/\/paracherkaoui.ma\/index.php\/produit\/erayba-hydraker-k16-keratine-conditionner-250-ml\/\" \/>\r\n<meta property=\"og:locale\" content=\"fr_FR\" \/>\r\n<meta property=\"og:type\" content=\"article\" \/>\r\n<meta property=\"og:title\" content=\"ERAYBA HYDRAKER K16 KERATINE CONDITIONNER 250 ML - Paracherkaoui.ma\" \/>\r\n<meta property=\"og:description\" content=\"Conditionneur hydratant et r\u00e9parateur riche en k\u00e9ratine v\u00e9g\u00e9tale et huile d\u2019argan. Pour cheveux ab\u00eem\u00e9s et cassants. Les cheveux retrouvent leur\" \/>\r\n<meta property=\"og:url\" content=\"https:\/\/paracherkaoui.ma\/index.php\/produit\/erayba-hydraker-k16-keratine-conditionner-250-ml\/\" \/>\r\n<meta property=\"og:site_name\" content=\"Paracherkaoui.ma\" \/>\r\n<meta property=\"article:modified_time\" content=\"2025-12-12T16:51:26+00:00\" \/>\r\n<meta property=\"og:image\" content=\"https:\/\/paracherkaoui.ma\/wp-content\/uploads\/2025\/12\/erayba-erayba-hydraker-k16-keratine-conditionner-250-ml-apres-shampoing.jpg\" \/>\r\n\t<meta property=\"og:image:width\" content=\"700\" \/>\r\n\t<meta property=\"og:image:height\" content=\"700\" \/>\r\n\t<meta property=\"og:image:type\" content=\"image\/jpeg\" \/>\r\n<meta name=\"twitter:card\" content=\"summary_large_image\" \/>\r\n<script type=\"application\/ld+json\" class=\"yoast-schema-graph\">{\"@context\":\"https:\/\/schema.org\",\"@graph\":[{\"@type\":\"WebPage\",\"@id\":\"https:\/\/paracherkaoui.ma\/index.php\/produit\/erayba-hydraker-k16-keratine-conditionner-250-ml\/\",\"url\":\"https:\/\/paracherkaoui.ma\/index.php\/produit\/erayba-hydraker-k16-keratine-conditionner-250-ml\/\",\"name\":\"ERAYBA HYDRAKER K16 KERATINE CONDITIONNER 250 ML - Paracherkaoui.ma\",\"isPartOf\":{\"@id\":\"https:\/\/paracherkaoui.ma\/#website\"},\"primaryImageOfPage\":{\"@id\":\"https:\/\/paracherkaoui.ma\/index.php\/produit\/erayba-hydraker-k16-keratine-conditionner-250-ml\/#primaryimage\"},\"image\":{\"@id\":\"https:\/\/paracherkaoui.ma\/index.php\/produit\/erayba-hydraker-k16-keratine-conditionner-250-ml\/#primaryimage\"},\"thumbnailUrl\":\"https:\/\/paracherkaoui.ma\/wp-content\/uploads\/2025\/12\/erayba-erayba-hydraker-k16-keratine-conditionner-250-ml-apres-shampoing.jpg\",\"datePublished\":\"2025-12-12T16:51:23+00:00\",\"dateModified\":\"2025-12-12T16:51:26+00:00\",\"breadcrumb\":{\"@id\":\"https:\/\/paracherkaoui.ma\/index.php\/produit\/erayba-hydraker-k16-keratine-conditionner-250-ml\/#breadcrumb\"},\"inLanguage\":\"fr-FR\",\"potentialAction\":[{\"@type\":\"ReadAction\",\"target\":[\"https:\/\/paracherkaoui.ma\/index.php\/produit\/erayba-hydraker-k16-keratine-conditionner-250-ml\/\"]}]},{\"@type\":\"ImageObject\",\"inLanguage\":\"fr-FR\",\"@id\":\"https:\/\/paracherkaoui.ma\/index.php\/produit\/erayba-hydraker-k16-keratine-conditionner-250-ml\/#primaryimage\",\"url\":\"https:\/\/paracherkaoui.ma\/wp-content\/uploads\/2025\/12\/erayba-erayba-hydraker-k16-keratine-conditionner-250-ml-apres-shampoing.jpg\",\"contentUrl\":\"https:\/\/paracherkaoui.ma\/wp-content\/uploads\/2025\/12\/erayba-erayba-hydraker-k16-keratine-conditionner-250-ml-apres-shampoing.jpg\",\"width\":700,\"height\":700},{\"@type\":\"BreadcrumbList\",\"@id\":\"https:\/\/paracherkaoui.ma\/index.php\/produit\/erayba-hydraker-k16-keratine-conditionner-250-ml\/#breadcrumb\",\"itemListElement\":[{\"@type\":\"ListItem\",\"position\":1,\"name\":\"Accueil\",\"item\":\"https:\/\/paracherkaoui.ma\/\"},{\"@type\":\"ListItem\",\"position\":2,\"name\":\"Boutique\",\"item\":\"https:\/\/paracherkaoui.ma\/index.php\/boutique\/\"},{\"@type\":\"ListItem\",\"position\":3,\"name\":\"ERAYBA HYDRAKER K16 KERATINE CONDITIONNER 250 ML\"}]},{\"@type\":\"WebSite\",\"@id\":\"https:\/\/paracherkaoui.ma\/#website\",\"url\":\"https:\/\/paracherkaoui.ma\/\",\"name\":\"Paracherkaoui.ma\",\"description\":\"Achetez en ligne sur Paracherkaoui.ma\",\"potentialAction\":[{\"@type\":\"SearchAction\",\"target\":{\"@type\":\"EntryPoint\",\"urlTemplate\":\"https:\/\/paracherkaoui.ma\/?s={search_term_string}\"},\"query-input\":{\"@type\":\"PropertyValueSpecification\",\"valueRequired\":true,\"valueName\":\"search_term_string\"}}],\"inLanguage\":\"fr-FR\"}]}<\/script>\r\n<!-- \/ Yoast SEO plugin. -->","yoast_head_json":{"title":"ERAYBA HYDRAKER K16 KERATINE CONDITIONNER 250 ML - Paracherkaoui.ma","robots":{"index":"index","follow":"follow","max-snippet":"max-snippet:-1","max-image-preview":"max-image-preview:large","max-video-preview":"max-video-preview:-1"},"canonical":"https:\/\/paracherkaoui.ma\/index.php\/produit\/erayba-hydraker-k16-keratine-conditionner-250-ml\/","og_locale":"fr_FR","og_type":"article","og_title":"ERAYBA HYDRAKER K16 KERATINE CONDITIONNER 250 ML - Paracherkaoui.ma","og_description":"Conditionneur hydratant et r\u00e9parateur riche en k\u00e9ratine v\u00e9g\u00e9tale et huile d\u2019argan. Pour cheveux ab\u00eem\u00e9s et cassants. Les cheveux retrouvent leur","og_url":"https:\/\/paracherkaoui.ma\/index.php\/produit\/erayba-hydraker-k16-keratine-conditionner-250-ml\/","og_site_name":"Paracherkaoui.ma","article_modified_time":"2025-12-12T16:51:26+00:00","og_image":[{"width":700,"height":700,"url":"https:\/\/paracherkaoui.ma\/wp-content\/uploads\/2025\/12\/erayba-erayba-hydraker-k16-keratine-conditionner-250-ml-apres-shampoing.jpg","type":"image\/jpeg"}],"twitter_card":"summary_large_image","schema":{"@context":"https:\/\/schema.org","@graph":[{"@type":"WebPage","@id":"https:\/\/paracherkaoui.ma\/index.php\/produit\/erayba-hydraker-k16-keratine-conditionner-250-ml\/","url":"https:\/\/paracherkaoui.ma\/index.php\/produit\/erayba-hydraker-k16-keratine-conditionner-250-ml\/","name":"ERAYBA HYDRAKER K16 KERATINE CONDITIONNER 250 ML - Paracherkaoui.ma","isPartOf":{"@id":"https:\/\/paracherkaoui.ma\/#website"},"primaryImageOfPage":{"@id":"https:\/\/paracherkaoui.ma\/index.php\/produit\/erayba-hydraker-k16-keratine-conditionner-250-ml\/#primaryimage"},"image":{"@id":"https:\/\/paracherkaoui.ma\/index.php\/produit\/erayba-hydraker-k16-keratine-conditionner-250-ml\/#primaryimage"},"thumbnailUrl":"https:\/\/paracherkaoui.ma\/wp-content\/uploads\/2025\/12\/erayba-erayba-hydraker-k16-keratine-conditionner-250-ml-apres-shampoing.jpg","datePublished":"2025-12-12T16:51:23+00:00","dateModified":"2025-12-12T16:51:26+00:00","breadcrumb":{"@id":"https:\/\/paracherkaoui.ma\/index.php\/produit\/erayba-hydraker-k16-keratine-conditionner-250-ml\/#breadcrumb"},"inLanguage":"fr-FR","potentialAction":[{"@type":"ReadAction","target":["https:\/\/paracherkaoui.ma\/index.php\/produit\/erayba-hydraker-k16-keratine-conditionner-250-ml\/"]}]},{"@type":"ImageObject","inLanguage":"fr-FR","@id":"https:\/\/paracherkaoui.ma\/index.php\/produit\/erayba-hydraker-k16-keratine-conditionner-250-ml\/#primaryimage","url":"https:\/\/paracherkaoui.ma\/wp-content\/uploads\/2025\/12\/erayba-erayba-hydraker-k16-keratine-conditionner-250-ml-apres-shampoing.jpg","contentUrl":"https:\/\/paracherkaoui.ma\/wp-content\/uploads\/2025\/12\/erayba-erayba-hydraker-k16-keratine-conditionner-250-ml-apres-shampoing.jpg","width":700,"height":700},{"@type":"BreadcrumbList","@id":"https:\/\/paracherkaoui.ma\/index.php\/produit\/erayba-hydraker-k16-keratine-conditionner-250-ml\/#breadcrumb","itemListElement":[{"@type":"ListItem","position":1,"name":"Accueil","item":"https:\/\/paracherkaoui.ma\/"},{"@type":"ListItem","position":2,"name":"Boutique","item":"https:\/\/paracherkaoui.ma\/index.php\/boutique\/"},{"@type":"ListItem","position":3,"name":"ERAYBA HYDRAKER K16 KERATINE CONDITIONNER 250 ML"}]},{"@type":"WebSite","@id":"https:\/\/paracherkaoui.ma\/#website","url":"https:\/\/paracherkaoui.ma\/","name":"Paracherkaoui.ma","description":"Achetez en ligne sur Paracherkaoui.ma","potentialAction":[{"@type":"SearchAction","target":{"@type":"EntryPoint","urlTemplate":"https:\/\/paracherkaoui.ma\/?s={search_term_string}"},"query-input":{"@type":"PropertyValueSpecification","valueRequired":true,"valueName":"search_term_string"}}],"inLanguage":"fr-FR"}]}},"_links":{"self":[{"href":"https:\/\/paracherkaoui.ma\/index.php\/wp-json\/wp\/v2\/product\/15151","targetHints":{"allow":["GET"]}}],"collection":[{"href":"https:\/\/paracherkaoui.ma\/index.php\/wp-json\/wp\/v2\/product"}],"about":[{"href":"https:\/\/paracherkaoui.ma\/index.php\/wp-json\/wp\/v2\/types\/product"}],"replies":[{"embeddable":true,"href":"https:\/\/paracherkaoui.ma\/index.php\/wp-json\/wp\/v2\/comments?post=15151"}],"version-history":[{"count":1,"href":"https:\/\/paracherkaoui.ma\/index.php\/wp-json\/wp\/v2\/product\/15151\/revisions"}],"predecessor-version":[{"id":15184,"href":"https:\/\/paracherkaoui.ma\/index.php\/wp-json\/wp\/v2\/product\/15151\/revisions\/15184"}],"wp:featuredmedia":[{"embeddable":true,"href":"https:\/\/paracherkaoui.ma\/index.php\/wp-json\/wp\/v2\/media\/15183"}],"wp:attachment":[{"href":"https:\/\/paracherkaoui.ma\/index.php\/wp-json\/wp\/v2\/media?parent=15151"}],"wp:term":[{"taxonomy":"product_brand","embeddable":true,"href":"https:\/\/paracherkaoui.ma\/index.php\/wp-json\/wp\/v2\/product_brand?post=15151"},{"taxonomy":"product_cat","embeddable":true,"href":"https:\/\/paracherkaoui.ma\/index.php\/wp-json\/wp\/v2\/product_cat?post=15151"},{"taxonomy":"product_tag","embeddable":true,"href":"https:\/\/paracherkaoui.ma\/index.php\/wp-json\/wp\/v2\/product_tag?post=15151"}],"curies":[{"name":"wp","href":"https:\/\/api.w.org\/{rel}","templated":true}]}}