{"id":15069,"date":"2025-12-12T17:51:18","date_gmt":"2025-12-12T16:51:18","guid":{"rendered":"https:\/\/test.ecbeaute.com\/?post_type=product&#038;p=15069"},"modified":"2025-12-12T17:51:21","modified_gmt":"2025-12-12T16:51:21","slug":"phyto-curls-apres-shampooing-hydratation-boucles-175-ml","status":"publish","type":"product","link":"https:\/\/paracherkaoui.ma\/index.php\/produit\/phyto-curls-apres-shampooing-hydratation-boucles-175-ml\/","title":{"rendered":"PHYTO CURLS APRES SHAMPOOING HYDRATATION BOUCLES 175 ML"},"content":{"rendered":"<p>D\u00e9couvrez le PHYTO CURLS APRES SHAMPOOING HYDRATATION BOUCLES 250 ML, un soin capillaire r\u00e9volutionnaire con\u00e7u sp\u00e9cifiquement pour les cheveux boucl\u00e9s et ondul\u00e9s. Ce conditionneur hydrate en profondeur, nourrit et red\u00e9finit vos boucles, pour un r\u00e9sultat imm\u00e9diat et visible. Gr\u00e2ce \u00e0 sa formule innovante, les cheveux sont instantan\u00e9ment d\u00e9m\u00eal\u00e9s et plus faciles \u00e0 coiffer, sans compromis sur la douceur et la brillance.<br \/>\nAu c\u0153ur de sa composition, l&rsquo;Hydra Curl Complex agit en enveloppant chaque m\u00e8che pour garantir une hydratation durable, tout en red\u00e9finissant la forme de vos boucles. Le beurre d\u2019illip\u00e9, connu pour ses vertus nourrissantes, p\u00e9n\u00e8tre la fibre capillaire pour la nourrir en profondeur et la rendre plus souple. R\u00e9sultat : des boucles parfaitement d\u00e9finies, hydrat\u00e9es et resplendissantes de sant\u00e9.<br \/>\nL\u2019extraction de mauve blanche ajoute une touche de brillance, rendant vos boucles deux fois plus lumineuses et \u00e9clatantes de vie. Ce soin est formul\u00e9 sans silicones, ce qui permet de respecter et de pr\u00e9server la nature de vos cheveux tout en les rendant plus souples et soyeux.<br \/>\nId\u00e9al pour les cheveux boucl\u00e9s et ondul\u00e9s, l\u2019Apr\u00e8s-shampooing Phyto Curls est votre alli\u00e9 pour sublimer vos boucles et retrouver des cheveux doux, brillants et parfaitement hydrat\u00e9s. Offrez-leur le soin qu\u2019ils m\u00e9ritent avec PHYTO CURLS APRES SHAMPOOING.<br \/>\nConseils d&rsquo;utilisation :<br \/>\nApr\u00e8s le shampooing, appliquez l&rsquo;apr\u00e8s-shampooing sur cheveux mouill\u00e9s, de la racine jusqu&rsquo;aux pointes.<br \/>\nComposition :<br \/>\nAQUA \/ WATER \/ EAU. ERYTHRITOL. CETYL ALCOHOL. CETEARYL ALCOHOL. SHOREA STENOPTERA SEED BUTTER. BEHENTRIMONIUM CHLORIDE. POLYQUATERNIUM-37. PRUNUS AMYGDALUS DULCIS (SWEET ALMOND) OIL. PARFUM \/ FRAGRANCE. CETRIMONIUM CHLORIDE. SODIUM BENZOATE. CITRIC ACID. ETHYLHEXYLGLYCERIN. LINALOOL. TOCOPHEROL. LINALYL ACETATE. ALTHAEA OFFICINALIS ROOT EXTRACT. ALPHA-ISOMETHYL IONONE. LIMONENE. HELIANTHUS ANNUUS (SUNFLOWER) SEED OIL.<\/p>\n","protected":false},"excerpt":{"rendered":"<p>D\u00e9couvrez le PHYTO CURLS APRES SHAMPOOING HYDRATATION BOUCLES 250 ML, un soin capillaire r\u00e9volutionnaire con\u00e7u sp\u00e9cifiquement pour les cheveux boucl\u00e9s<\/p>\n","protected":false},"featured_media":15119,"comment_status":"open","ping_status":"closed","template":"","meta":[],"product_brand":[233],"product_cat":[225],"product_tag":[],"class_list":{"0":"post-15069","1":"product","2":"type-product","3":"status-publish","4":"has-post-thumbnail","6":"product_brand-phyto","7":"product_cat-apres-shampoing","9":"first","10":"instock","11":"shipping-taxable","12":"purchasable","13":"product-type-simple"},"yoast_head":"<!-- This site is optimized with the Yoast SEO plugin v26.6 - https:\/\/yoast.com\/wordpress\/plugins\/seo\/ -->\r\n<title>PHYTO CURLS APRES SHAMPOOING HYDRATATION BOUCLES 175 ML - Paracherkaoui.ma<\/title>\r\n<meta name=\"robots\" content=\"index, follow, max-snippet:-1, max-image-preview:large, max-video-preview:-1\" \/>\r\n<link rel=\"canonical\" href=\"https:\/\/paracherkaoui.ma\/index.php\/produit\/phyto-curls-apres-shampooing-hydratation-boucles-175-ml\/\" \/>\r\n<meta property=\"og:locale\" content=\"fr_FR\" \/>\r\n<meta property=\"og:type\" content=\"article\" \/>\r\n<meta property=\"og:title\" content=\"PHYTO CURLS APRES SHAMPOOING HYDRATATION BOUCLES 175 ML - Paracherkaoui.ma\" \/>\r\n<meta property=\"og:description\" content=\"D\u00e9couvrez le PHYTO CURLS APRES SHAMPOOING HYDRATATION BOUCLES 250 ML, un soin capillaire r\u00e9volutionnaire con\u00e7u sp\u00e9cifiquement pour les cheveux boucl\u00e9s\" \/>\r\n<meta property=\"og:url\" content=\"https:\/\/paracherkaoui.ma\/index.php\/produit\/phyto-curls-apres-shampooing-hydratation-boucles-175-ml\/\" \/>\r\n<meta property=\"og:site_name\" content=\"Paracherkaoui.ma\" \/>\r\n<meta property=\"article:modified_time\" content=\"2025-12-12T16:51:21+00:00\" \/>\r\n<meta property=\"og:image\" content=\"https:\/\/paracherkaoui.ma\/wp-content\/uploads\/2025\/12\/phyto-curls-apres-shampooing-hydratation-boucles-175-ml.jpg\" \/>\r\n\t<meta property=\"og:image:width\" content=\"700\" \/>\r\n\t<meta property=\"og:image:height\" content=\"700\" \/>\r\n\t<meta property=\"og:image:type\" content=\"image\/jpeg\" \/>\r\n<meta name=\"twitter:card\" content=\"summary_large_image\" \/>\r\n<meta name=\"twitter:label1\" content=\"Dur\u00e9e de lecture estim\u00e9e\" \/>\n\t<meta name=\"twitter:data1\" content=\"1 minute\" \/>\r\n<script type=\"application\/ld+json\" class=\"yoast-schema-graph\">{\"@context\":\"https:\/\/schema.org\",\"@graph\":[{\"@type\":\"WebPage\",\"@id\":\"https:\/\/paracherkaoui.ma\/index.php\/produit\/phyto-curls-apres-shampooing-hydratation-boucles-175-ml\/\",\"url\":\"https:\/\/paracherkaoui.ma\/index.php\/produit\/phyto-curls-apres-shampooing-hydratation-boucles-175-ml\/\",\"name\":\"PHYTO CURLS APRES SHAMPOOING HYDRATATION BOUCLES 175 ML - Paracherkaoui.ma\",\"isPartOf\":{\"@id\":\"https:\/\/paracherkaoui.ma\/#website\"},\"primaryImageOfPage\":{\"@id\":\"https:\/\/paracherkaoui.ma\/index.php\/produit\/phyto-curls-apres-shampooing-hydratation-boucles-175-ml\/#primaryimage\"},\"image\":{\"@id\":\"https:\/\/paracherkaoui.ma\/index.php\/produit\/phyto-curls-apres-shampooing-hydratation-boucles-175-ml\/#primaryimage\"},\"thumbnailUrl\":\"https:\/\/paracherkaoui.ma\/wp-content\/uploads\/2025\/12\/phyto-curls-apres-shampooing-hydratation-boucles-175-ml.jpg\",\"datePublished\":\"2025-12-12T16:51:18+00:00\",\"dateModified\":\"2025-12-12T16:51:21+00:00\",\"breadcrumb\":{\"@id\":\"https:\/\/paracherkaoui.ma\/index.php\/produit\/phyto-curls-apres-shampooing-hydratation-boucles-175-ml\/#breadcrumb\"},\"inLanguage\":\"fr-FR\",\"potentialAction\":[{\"@type\":\"ReadAction\",\"target\":[\"https:\/\/paracherkaoui.ma\/index.php\/produit\/phyto-curls-apres-shampooing-hydratation-boucles-175-ml\/\"]}]},{\"@type\":\"ImageObject\",\"inLanguage\":\"fr-FR\",\"@id\":\"https:\/\/paracherkaoui.ma\/index.php\/produit\/phyto-curls-apres-shampooing-hydratation-boucles-175-ml\/#primaryimage\",\"url\":\"https:\/\/paracherkaoui.ma\/wp-content\/uploads\/2025\/12\/phyto-curls-apres-shampooing-hydratation-boucles-175-ml.jpg\",\"contentUrl\":\"https:\/\/paracherkaoui.ma\/wp-content\/uploads\/2025\/12\/phyto-curls-apres-shampooing-hydratation-boucles-175-ml.jpg\",\"width\":700,\"height\":700},{\"@type\":\"BreadcrumbList\",\"@id\":\"https:\/\/paracherkaoui.ma\/index.php\/produit\/phyto-curls-apres-shampooing-hydratation-boucles-175-ml\/#breadcrumb\",\"itemListElement\":[{\"@type\":\"ListItem\",\"position\":1,\"name\":\"Accueil\",\"item\":\"https:\/\/paracherkaoui.ma\/\"},{\"@type\":\"ListItem\",\"position\":2,\"name\":\"Boutique\",\"item\":\"https:\/\/paracherkaoui.ma\/index.php\/boutique\/\"},{\"@type\":\"ListItem\",\"position\":3,\"name\":\"PHYTO CURLS APRES SHAMPOOING HYDRATATION BOUCLES 175 ML\"}]},{\"@type\":\"WebSite\",\"@id\":\"https:\/\/paracherkaoui.ma\/#website\",\"url\":\"https:\/\/paracherkaoui.ma\/\",\"name\":\"Paracherkaoui.ma\",\"description\":\"Achetez en ligne sur Paracherkaoui.ma\",\"potentialAction\":[{\"@type\":\"SearchAction\",\"target\":{\"@type\":\"EntryPoint\",\"urlTemplate\":\"https:\/\/paracherkaoui.ma\/?s={search_term_string}\"},\"query-input\":{\"@type\":\"PropertyValueSpecification\",\"valueRequired\":true,\"valueName\":\"search_term_string\"}}],\"inLanguage\":\"fr-FR\"}]}<\/script>\r\n<!-- \/ Yoast SEO plugin. -->","yoast_head_json":{"title":"PHYTO CURLS APRES SHAMPOOING HYDRATATION BOUCLES 175 ML - Paracherkaoui.ma","robots":{"index":"index","follow":"follow","max-snippet":"max-snippet:-1","max-image-preview":"max-image-preview:large","max-video-preview":"max-video-preview:-1"},"canonical":"https:\/\/paracherkaoui.ma\/index.php\/produit\/phyto-curls-apres-shampooing-hydratation-boucles-175-ml\/","og_locale":"fr_FR","og_type":"article","og_title":"PHYTO CURLS APRES SHAMPOOING HYDRATATION BOUCLES 175 ML - Paracherkaoui.ma","og_description":"D\u00e9couvrez le PHYTO CURLS APRES SHAMPOOING HYDRATATION BOUCLES 250 ML, un soin capillaire r\u00e9volutionnaire con\u00e7u sp\u00e9cifiquement pour les cheveux boucl\u00e9s","og_url":"https:\/\/paracherkaoui.ma\/index.php\/produit\/phyto-curls-apres-shampooing-hydratation-boucles-175-ml\/","og_site_name":"Paracherkaoui.ma","article_modified_time":"2025-12-12T16:51:21+00:00","og_image":[{"width":700,"height":700,"url":"https:\/\/paracherkaoui.ma\/wp-content\/uploads\/2025\/12\/phyto-curls-apres-shampooing-hydratation-boucles-175-ml.jpg","type":"image\/jpeg"}],"twitter_card":"summary_large_image","twitter_misc":{"Dur\u00e9e de lecture estim\u00e9e":"1 minute"},"schema":{"@context":"https:\/\/schema.org","@graph":[{"@type":"WebPage","@id":"https:\/\/paracherkaoui.ma\/index.php\/produit\/phyto-curls-apres-shampooing-hydratation-boucles-175-ml\/","url":"https:\/\/paracherkaoui.ma\/index.php\/produit\/phyto-curls-apres-shampooing-hydratation-boucles-175-ml\/","name":"PHYTO CURLS APRES SHAMPOOING HYDRATATION BOUCLES 175 ML - Paracherkaoui.ma","isPartOf":{"@id":"https:\/\/paracherkaoui.ma\/#website"},"primaryImageOfPage":{"@id":"https:\/\/paracherkaoui.ma\/index.php\/produit\/phyto-curls-apres-shampooing-hydratation-boucles-175-ml\/#primaryimage"},"image":{"@id":"https:\/\/paracherkaoui.ma\/index.php\/produit\/phyto-curls-apres-shampooing-hydratation-boucles-175-ml\/#primaryimage"},"thumbnailUrl":"https:\/\/paracherkaoui.ma\/wp-content\/uploads\/2025\/12\/phyto-curls-apres-shampooing-hydratation-boucles-175-ml.jpg","datePublished":"2025-12-12T16:51:18+00:00","dateModified":"2025-12-12T16:51:21+00:00","breadcrumb":{"@id":"https:\/\/paracherkaoui.ma\/index.php\/produit\/phyto-curls-apres-shampooing-hydratation-boucles-175-ml\/#breadcrumb"},"inLanguage":"fr-FR","potentialAction":[{"@type":"ReadAction","target":["https:\/\/paracherkaoui.ma\/index.php\/produit\/phyto-curls-apres-shampooing-hydratation-boucles-175-ml\/"]}]},{"@type":"ImageObject","inLanguage":"fr-FR","@id":"https:\/\/paracherkaoui.ma\/index.php\/produit\/phyto-curls-apres-shampooing-hydratation-boucles-175-ml\/#primaryimage","url":"https:\/\/paracherkaoui.ma\/wp-content\/uploads\/2025\/12\/phyto-curls-apres-shampooing-hydratation-boucles-175-ml.jpg","contentUrl":"https:\/\/paracherkaoui.ma\/wp-content\/uploads\/2025\/12\/phyto-curls-apres-shampooing-hydratation-boucles-175-ml.jpg","width":700,"height":700},{"@type":"BreadcrumbList","@id":"https:\/\/paracherkaoui.ma\/index.php\/produit\/phyto-curls-apres-shampooing-hydratation-boucles-175-ml\/#breadcrumb","itemListElement":[{"@type":"ListItem","position":1,"name":"Accueil","item":"https:\/\/paracherkaoui.ma\/"},{"@type":"ListItem","position":2,"name":"Boutique","item":"https:\/\/paracherkaoui.ma\/index.php\/boutique\/"},{"@type":"ListItem","position":3,"name":"PHYTO CURLS APRES SHAMPOOING HYDRATATION BOUCLES 175 ML"}]},{"@type":"WebSite","@id":"https:\/\/paracherkaoui.ma\/#website","url":"https:\/\/paracherkaoui.ma\/","name":"Paracherkaoui.ma","description":"Achetez en ligne sur Paracherkaoui.ma","potentialAction":[{"@type":"SearchAction","target":{"@type":"EntryPoint","urlTemplate":"https:\/\/paracherkaoui.ma\/?s={search_term_string}"},"query-input":{"@type":"PropertyValueSpecification","valueRequired":true,"valueName":"search_term_string"}}],"inLanguage":"fr-FR"}]}},"_links":{"self":[{"href":"https:\/\/paracherkaoui.ma\/index.php\/wp-json\/wp\/v2\/product\/15069","targetHints":{"allow":["GET"]}}],"collection":[{"href":"https:\/\/paracherkaoui.ma\/index.php\/wp-json\/wp\/v2\/product"}],"about":[{"href":"https:\/\/paracherkaoui.ma\/index.php\/wp-json\/wp\/v2\/types\/product"}],"replies":[{"embeddable":true,"href":"https:\/\/paracherkaoui.ma\/index.php\/wp-json\/wp\/v2\/comments?post=15069"}],"version-history":[{"count":1,"href":"https:\/\/paracherkaoui.ma\/index.php\/wp-json\/wp\/v2\/product\/15069\/revisions"}],"predecessor-version":[{"id":15120,"href":"https:\/\/paracherkaoui.ma\/index.php\/wp-json\/wp\/v2\/product\/15069\/revisions\/15120"}],"wp:featuredmedia":[{"embeddable":true,"href":"https:\/\/paracherkaoui.ma\/index.php\/wp-json\/wp\/v2\/media\/15119"}],"wp:attachment":[{"href":"https:\/\/paracherkaoui.ma\/index.php\/wp-json\/wp\/v2\/media?parent=15069"}],"wp:term":[{"taxonomy":"product_brand","embeddable":true,"href":"https:\/\/paracherkaoui.ma\/index.php\/wp-json\/wp\/v2\/product_brand?post=15069"},{"taxonomy":"product_cat","embeddable":true,"href":"https:\/\/paracherkaoui.ma\/index.php\/wp-json\/wp\/v2\/product_cat?post=15069"},{"taxonomy":"product_tag","embeddable":true,"href":"https:\/\/paracherkaoui.ma\/index.php\/wp-json\/wp\/v2\/product_tag?post=15069"}],"curies":[{"name":"wp","href":"https:\/\/api.w.org\/{rel}","templated":true}]}}