{"id":15058,"date":"2025-12-12T17:51:18","date_gmt":"2025-12-12T16:51:18","guid":{"rendered":"https:\/\/test.ecbeaute.com\/?post_type=product&#038;p=15058"},"modified":"2025-12-12T17:51:20","modified_gmt":"2025-12-12T16:51:20","slug":"cattier-apres-shampooing-soin-volume-cheveux-fins-150-ml","status":"publish","type":"product","link":"https:\/\/paracherkaoui.ma\/index.php\/produit\/cattier-apres-shampooing-soin-volume-cheveux-fins-150-ml\/","title":{"rendered":"CATTIER APRES SHAMPOOING SOIN VOLUME CHEVEUX FINS 150 ML"},"content":{"rendered":"<p>L&rsquo;Apr\u00e8s-shampooing Soin Volume Cattier, \u00e0 la texture cr\u00e9meuse et fondante, nourrit, densifie et renforce les longueurs affin\u00e9es. V\u00e9ritable complexe cr\u00e9ateur de mati\u00e8re, l&rsquo;huile d&rsquo;abyssinie, associ\u00e9e aux phytost\u00e9rols, restructure et prot\u00e8ge les cheveux gr\u00e2ce \u00e0 ses vertus nutritives et filmog\u00e8nes. Le beurre de cupua\u00e7u r\u00e9pare, gaine et facilite le d\u00e9m\u00ealage sans alourdir les cheveux. La chevelure, douce et brillante, retrouve son toucher souple, soyeux et a\u00e9r\u00e9.<\/p>\n<p>&#8211; Natura-tec Abysoft (huile d&rsquo;abyssinie et phytost\u00e9rols) : hydrate, prot\u00e8ge la fibre capillaire, am\u00e9liore la r\u00e9sistance, l&rsquo;\u00e9lasticit\u00e9 et la souplesse<br \/>\n&#8211; Beurre de cupua\u00e7u bio : ultra-nourrissant, non gras, r\u00e9pare, restructure, lisse et prot\u00e8ge la fibre capillaire, facilite le coiffage et redonne souplesse \u00e0 la chevelure<br \/>\n&#8211; Huile de souchet bio : adoucit, apporte brillance aux cheveux, effet conditionneur<br \/>\n&#8211; Huile de jojoba bio : nourrit, am\u00e9liore la texture et facilite le coiffage des cheveux, apporte douceur et brillance<br \/>\n&#8211; Aloe vera bio : hydrate, prot\u00e8ge et adoucit<br \/>\nPour un volume optimal, \u00e0 utiliser apr\u00e8s le Shampooing Volume Cattier. Sur cheveux essor\u00e9s, appliquer une noix des longueurs jusqu&rsquo;au pointes. Laisser poser 2 \u00e0 3 minutes puis rincer.<\/p>\n","protected":false},"excerpt":{"rendered":"<p>L&rsquo;Apr\u00e8s-shampooing Soin Volume Cattier, \u00e0 la texture cr\u00e9meuse et fondante, nourrit, densifie et renforce les longueurs affin\u00e9es. V\u00e9ritable complexe cr\u00e9ateur<\/p>\n","protected":false},"featured_media":15097,"comment_status":"open","ping_status":"closed","template":"","meta":[],"product_brand":[187],"product_cat":[225],"product_tag":[],"class_list":{"0":"post-15058","1":"product","2":"type-product","3":"status-publish","4":"has-post-thumbnail","6":"product_brand-cattier","7":"product_cat-apres-shampoing","9":"first","10":"instock","11":"shipping-taxable","12":"purchasable","13":"product-type-simple"},"yoast_head":"<!-- This site is optimized with the Yoast SEO plugin v26.6 - https:\/\/yoast.com\/wordpress\/plugins\/seo\/ -->\r\n<title>CATTIER APRES SHAMPOOING SOIN VOLUME CHEVEUX FINS 150 ML - Paracherkaoui.ma<\/title>\r\n<meta name=\"robots\" content=\"index, follow, max-snippet:-1, max-image-preview:large, max-video-preview:-1\" \/>\r\n<link rel=\"canonical\" href=\"https:\/\/paracherkaoui.ma\/index.php\/produit\/cattier-apres-shampooing-soin-volume-cheveux-fins-150-ml\/\" \/>\r\n<meta property=\"og:locale\" content=\"fr_FR\" \/>\r\n<meta property=\"og:type\" content=\"article\" \/>\r\n<meta property=\"og:title\" content=\"CATTIER APRES SHAMPOOING SOIN VOLUME CHEVEUX FINS 150 ML - Paracherkaoui.ma\" \/>\r\n<meta property=\"og:description\" content=\"L&rsquo;Apr\u00e8s-shampooing Soin Volume Cattier, \u00e0 la texture cr\u00e9meuse et fondante, nourrit, densifie et renforce les longueurs affin\u00e9es. V\u00e9ritable complexe cr\u00e9ateur\" \/>\r\n<meta property=\"og:url\" content=\"https:\/\/paracherkaoui.ma\/index.php\/produit\/cattier-apres-shampooing-soin-volume-cheveux-fins-150-ml\/\" \/>\r\n<meta property=\"og:site_name\" content=\"Paracherkaoui.ma\" \/>\r\n<meta property=\"article:modified_time\" content=\"2025-12-12T16:51:20+00:00\" \/>\r\n<meta property=\"og:image\" content=\"https:\/\/paracherkaoui.ma\/wp-content\/uploads\/2025\/12\/cattier-apres-shampooing-soin-volume-cheveux-fins-150-ml.jpg\" \/>\r\n\t<meta property=\"og:image:width\" content=\"700\" \/>\r\n\t<meta property=\"og:image:height\" content=\"700\" \/>\r\n\t<meta property=\"og:image:type\" content=\"image\/jpeg\" \/>\r\n<meta name=\"twitter:card\" content=\"summary_large_image\" \/>\r\n<meta name=\"twitter:label1\" content=\"Dur\u00e9e de lecture estim\u00e9e\" \/>\n\t<meta name=\"twitter:data1\" content=\"1 minute\" \/>\r\n<script type=\"application\/ld+json\" class=\"yoast-schema-graph\">{\"@context\":\"https:\/\/schema.org\",\"@graph\":[{\"@type\":\"WebPage\",\"@id\":\"https:\/\/paracherkaoui.ma\/index.php\/produit\/cattier-apres-shampooing-soin-volume-cheveux-fins-150-ml\/\",\"url\":\"https:\/\/paracherkaoui.ma\/index.php\/produit\/cattier-apres-shampooing-soin-volume-cheveux-fins-150-ml\/\",\"name\":\"CATTIER APRES SHAMPOOING SOIN VOLUME CHEVEUX FINS 150 ML - Paracherkaoui.ma\",\"isPartOf\":{\"@id\":\"https:\/\/paracherkaoui.ma\/#website\"},\"primaryImageOfPage\":{\"@id\":\"https:\/\/paracherkaoui.ma\/index.php\/produit\/cattier-apres-shampooing-soin-volume-cheveux-fins-150-ml\/#primaryimage\"},\"image\":{\"@id\":\"https:\/\/paracherkaoui.ma\/index.php\/produit\/cattier-apres-shampooing-soin-volume-cheveux-fins-150-ml\/#primaryimage\"},\"thumbnailUrl\":\"https:\/\/paracherkaoui.ma\/wp-content\/uploads\/2025\/12\/cattier-apres-shampooing-soin-volume-cheveux-fins-150-ml.jpg\",\"datePublished\":\"2025-12-12T16:51:18+00:00\",\"dateModified\":\"2025-12-12T16:51:20+00:00\",\"breadcrumb\":{\"@id\":\"https:\/\/paracherkaoui.ma\/index.php\/produit\/cattier-apres-shampooing-soin-volume-cheveux-fins-150-ml\/#breadcrumb\"},\"inLanguage\":\"fr-FR\",\"potentialAction\":[{\"@type\":\"ReadAction\",\"target\":[\"https:\/\/paracherkaoui.ma\/index.php\/produit\/cattier-apres-shampooing-soin-volume-cheveux-fins-150-ml\/\"]}]},{\"@type\":\"ImageObject\",\"inLanguage\":\"fr-FR\",\"@id\":\"https:\/\/paracherkaoui.ma\/index.php\/produit\/cattier-apres-shampooing-soin-volume-cheveux-fins-150-ml\/#primaryimage\",\"url\":\"https:\/\/paracherkaoui.ma\/wp-content\/uploads\/2025\/12\/cattier-apres-shampooing-soin-volume-cheveux-fins-150-ml.jpg\",\"contentUrl\":\"https:\/\/paracherkaoui.ma\/wp-content\/uploads\/2025\/12\/cattier-apres-shampooing-soin-volume-cheveux-fins-150-ml.jpg\",\"width\":700,\"height\":700},{\"@type\":\"BreadcrumbList\",\"@id\":\"https:\/\/paracherkaoui.ma\/index.php\/produit\/cattier-apres-shampooing-soin-volume-cheveux-fins-150-ml\/#breadcrumb\",\"itemListElement\":[{\"@type\":\"ListItem\",\"position\":1,\"name\":\"Accueil\",\"item\":\"https:\/\/paracherkaoui.ma\/\"},{\"@type\":\"ListItem\",\"position\":2,\"name\":\"Boutique\",\"item\":\"https:\/\/paracherkaoui.ma\/index.php\/boutique\/\"},{\"@type\":\"ListItem\",\"position\":3,\"name\":\"CATTIER APRES SHAMPOOING SOIN VOLUME CHEVEUX FINS 150 ML\"}]},{\"@type\":\"WebSite\",\"@id\":\"https:\/\/paracherkaoui.ma\/#website\",\"url\":\"https:\/\/paracherkaoui.ma\/\",\"name\":\"Paracherkaoui.ma\",\"description\":\"Achetez en ligne sur Paracherkaoui.ma\",\"potentialAction\":[{\"@type\":\"SearchAction\",\"target\":{\"@type\":\"EntryPoint\",\"urlTemplate\":\"https:\/\/paracherkaoui.ma\/?s={search_term_string}\"},\"query-input\":{\"@type\":\"PropertyValueSpecification\",\"valueRequired\":true,\"valueName\":\"search_term_string\"}}],\"inLanguage\":\"fr-FR\"}]}<\/script>\r\n<!-- \/ Yoast SEO plugin. -->","yoast_head_json":{"title":"CATTIER APRES SHAMPOOING SOIN VOLUME CHEVEUX FINS 150 ML - Paracherkaoui.ma","robots":{"index":"index","follow":"follow","max-snippet":"max-snippet:-1","max-image-preview":"max-image-preview:large","max-video-preview":"max-video-preview:-1"},"canonical":"https:\/\/paracherkaoui.ma\/index.php\/produit\/cattier-apres-shampooing-soin-volume-cheveux-fins-150-ml\/","og_locale":"fr_FR","og_type":"article","og_title":"CATTIER APRES SHAMPOOING SOIN VOLUME CHEVEUX FINS 150 ML - Paracherkaoui.ma","og_description":"L&rsquo;Apr\u00e8s-shampooing Soin Volume Cattier, \u00e0 la texture cr\u00e9meuse et fondante, nourrit, densifie et renforce les longueurs affin\u00e9es. V\u00e9ritable complexe cr\u00e9ateur","og_url":"https:\/\/paracherkaoui.ma\/index.php\/produit\/cattier-apres-shampooing-soin-volume-cheveux-fins-150-ml\/","og_site_name":"Paracherkaoui.ma","article_modified_time":"2025-12-12T16:51:20+00:00","og_image":[{"width":700,"height":700,"url":"https:\/\/paracherkaoui.ma\/wp-content\/uploads\/2025\/12\/cattier-apres-shampooing-soin-volume-cheveux-fins-150-ml.jpg","type":"image\/jpeg"}],"twitter_card":"summary_large_image","twitter_misc":{"Dur\u00e9e de lecture estim\u00e9e":"1 minute"},"schema":{"@context":"https:\/\/schema.org","@graph":[{"@type":"WebPage","@id":"https:\/\/paracherkaoui.ma\/index.php\/produit\/cattier-apres-shampooing-soin-volume-cheveux-fins-150-ml\/","url":"https:\/\/paracherkaoui.ma\/index.php\/produit\/cattier-apres-shampooing-soin-volume-cheveux-fins-150-ml\/","name":"CATTIER APRES SHAMPOOING SOIN VOLUME CHEVEUX FINS 150 ML - Paracherkaoui.ma","isPartOf":{"@id":"https:\/\/paracherkaoui.ma\/#website"},"primaryImageOfPage":{"@id":"https:\/\/paracherkaoui.ma\/index.php\/produit\/cattier-apres-shampooing-soin-volume-cheveux-fins-150-ml\/#primaryimage"},"image":{"@id":"https:\/\/paracherkaoui.ma\/index.php\/produit\/cattier-apres-shampooing-soin-volume-cheveux-fins-150-ml\/#primaryimage"},"thumbnailUrl":"https:\/\/paracherkaoui.ma\/wp-content\/uploads\/2025\/12\/cattier-apres-shampooing-soin-volume-cheveux-fins-150-ml.jpg","datePublished":"2025-12-12T16:51:18+00:00","dateModified":"2025-12-12T16:51:20+00:00","breadcrumb":{"@id":"https:\/\/paracherkaoui.ma\/index.php\/produit\/cattier-apres-shampooing-soin-volume-cheveux-fins-150-ml\/#breadcrumb"},"inLanguage":"fr-FR","potentialAction":[{"@type":"ReadAction","target":["https:\/\/paracherkaoui.ma\/index.php\/produit\/cattier-apres-shampooing-soin-volume-cheveux-fins-150-ml\/"]}]},{"@type":"ImageObject","inLanguage":"fr-FR","@id":"https:\/\/paracherkaoui.ma\/index.php\/produit\/cattier-apres-shampooing-soin-volume-cheveux-fins-150-ml\/#primaryimage","url":"https:\/\/paracherkaoui.ma\/wp-content\/uploads\/2025\/12\/cattier-apres-shampooing-soin-volume-cheveux-fins-150-ml.jpg","contentUrl":"https:\/\/paracherkaoui.ma\/wp-content\/uploads\/2025\/12\/cattier-apres-shampooing-soin-volume-cheveux-fins-150-ml.jpg","width":700,"height":700},{"@type":"BreadcrumbList","@id":"https:\/\/paracherkaoui.ma\/index.php\/produit\/cattier-apres-shampooing-soin-volume-cheveux-fins-150-ml\/#breadcrumb","itemListElement":[{"@type":"ListItem","position":1,"name":"Accueil","item":"https:\/\/paracherkaoui.ma\/"},{"@type":"ListItem","position":2,"name":"Boutique","item":"https:\/\/paracherkaoui.ma\/index.php\/boutique\/"},{"@type":"ListItem","position":3,"name":"CATTIER APRES SHAMPOOING SOIN VOLUME CHEVEUX FINS 150 ML"}]},{"@type":"WebSite","@id":"https:\/\/paracherkaoui.ma\/#website","url":"https:\/\/paracherkaoui.ma\/","name":"Paracherkaoui.ma","description":"Achetez en ligne sur Paracherkaoui.ma","potentialAction":[{"@type":"SearchAction","target":{"@type":"EntryPoint","urlTemplate":"https:\/\/paracherkaoui.ma\/?s={search_term_string}"},"query-input":{"@type":"PropertyValueSpecification","valueRequired":true,"valueName":"search_term_string"}}],"inLanguage":"fr-FR"}]}},"_links":{"self":[{"href":"https:\/\/paracherkaoui.ma\/index.php\/wp-json\/wp\/v2\/product\/15058","targetHints":{"allow":["GET"]}}],"collection":[{"href":"https:\/\/paracherkaoui.ma\/index.php\/wp-json\/wp\/v2\/product"}],"about":[{"href":"https:\/\/paracherkaoui.ma\/index.php\/wp-json\/wp\/v2\/types\/product"}],"replies":[{"embeddable":true,"href":"https:\/\/paracherkaoui.ma\/index.php\/wp-json\/wp\/v2\/comments?post=15058"}],"version-history":[{"count":1,"href":"https:\/\/paracherkaoui.ma\/index.php\/wp-json\/wp\/v2\/product\/15058\/revisions"}],"predecessor-version":[{"id":15098,"href":"https:\/\/paracherkaoui.ma\/index.php\/wp-json\/wp\/v2\/product\/15058\/revisions\/15098"}],"wp:featuredmedia":[{"embeddable":true,"href":"https:\/\/paracherkaoui.ma\/index.php\/wp-json\/wp\/v2\/media\/15097"}],"wp:attachment":[{"href":"https:\/\/paracherkaoui.ma\/index.php\/wp-json\/wp\/v2\/media?parent=15058"}],"wp:term":[{"taxonomy":"product_brand","embeddable":true,"href":"https:\/\/paracherkaoui.ma\/index.php\/wp-json\/wp\/v2\/product_brand?post=15058"},{"taxonomy":"product_cat","embeddable":true,"href":"https:\/\/paracherkaoui.ma\/index.php\/wp-json\/wp\/v2\/product_cat?post=15058"},{"taxonomy":"product_tag","embeddable":true,"href":"https:\/\/paracherkaoui.ma\/index.php\/wp-json\/wp\/v2\/product_tag?post=15058"}],"curies":[{"name":"wp","href":"https:\/\/api.w.org\/{rel}","templated":true}]}}