{"id":14971,"date":"2025-12-12T17:51:11","date_gmt":"2025-12-12T16:51:11","guid":{"rendered":"https:\/\/test.ecbeaute.com\/?post_type=product&#038;p=14971"},"modified":"2025-12-12T17:51:14","modified_gmt":"2025-12-12T16:51:14","slug":"macadamia-apres-shampooing-hydratant-rinse-1-litre","status":"publish","type":"product","link":"https:\/\/paracherkaoui.ma\/index.php\/produit\/macadamia-apres-shampooing-hydratant-rinse-1-litre\/","title":{"rendered":"MACADAMIA APRES SHAMPOOING HYDRATANT RINSE 1 LITRE"},"content":{"rendered":"<p>Macadamia Natural Oil Moisturizing Rinse &#8211; Apr\u00e8s-Shampooing Quotidien Tous Types de Cheveux 1L<\/p>\n<p>Sans Sulfate, Sans Paraben, Convient pour cheveux color\u00e9s.<\/p>\n<p>Apr\u00e8s-shampooing r\u00e9parateur pouvant \u00eatre utilis\u00e9 quotidiennement, parfait pour hydrater et nourrir intens\u00e9ment les cheveux.<br \/>\nIl d\u00e9m\u00eale instantan\u00e9ment et offre une protection en laissant les cheveux doux, souples et faciles \u00e0 coiffer.<\/p>\n<p>Id\u00e9al pour tous les types de cheveux, le rin\u00e7age hydratant macadamia Natural Oil est un soin conditionneur quotidien qui nourrit en douceur. D\u00e9m\u00eale, hydrate et prot\u00e8ge. Laissant les cheveux doux, dociles et pret a coiffer.<\/p>\n","protected":false},"excerpt":{"rendered":"<p>Macadamia Natural Oil Moisturizing Rinse &#8211; Apr\u00e8s-Shampooing Quotidien Tous Types de Cheveux 1L Sans Sulfate, Sans Paraben, Convient pour cheveux<\/p>\n","protected":false},"featured_media":15012,"comment_status":"open","ping_status":"closed","template":"","meta":[],"product_brand":[196],"product_cat":[225],"product_tag":[],"class_list":{"0":"post-14971","1":"product","2":"type-product","3":"status-publish","4":"has-post-thumbnail","6":"product_brand-macadamia","7":"product_cat-apres-shampoing","9":"first","10":"instock","11":"shipping-taxable","12":"purchasable","13":"product-type-simple"},"yoast_head":"<!-- This site is optimized with the Yoast SEO plugin v26.6 - https:\/\/yoast.com\/wordpress\/plugins\/seo\/ -->\r\n<title>MACADAMIA APRES SHAMPOOING HYDRATANT RINSE 1 LITRE - Paracherkaoui.ma<\/title>\r\n<meta name=\"robots\" content=\"index, follow, max-snippet:-1, max-image-preview:large, max-video-preview:-1\" \/>\r\n<link rel=\"canonical\" href=\"https:\/\/paracherkaoui.ma\/index.php\/produit\/macadamia-apres-shampooing-hydratant-rinse-1-litre\/\" \/>\r\n<meta property=\"og:locale\" content=\"fr_FR\" \/>\r\n<meta property=\"og:type\" content=\"article\" \/>\r\n<meta property=\"og:title\" content=\"MACADAMIA APRES SHAMPOOING HYDRATANT RINSE 1 LITRE - Paracherkaoui.ma\" \/>\r\n<meta property=\"og:description\" content=\"Macadamia Natural Oil Moisturizing Rinse &#8211; Apr\u00e8s-Shampooing Quotidien Tous Types de Cheveux 1L Sans Sulfate, Sans Paraben, Convient pour cheveux\" \/>\r\n<meta property=\"og:url\" content=\"https:\/\/paracherkaoui.ma\/index.php\/produit\/macadamia-apres-shampooing-hydratant-rinse-1-litre\/\" \/>\r\n<meta property=\"og:site_name\" content=\"Paracherkaoui.ma\" \/>\r\n<meta property=\"article:modified_time\" content=\"2025-12-12T16:51:14+00:00\" \/>\r\n<meta property=\"og:image\" content=\"https:\/\/paracherkaoui.ma\/wp-content\/uploads\/2025\/12\/macadamia-macadamia-apres-shampooing-hydratant-rinse-1-litre-apres-shampoing.jpg\" \/>\r\n\t<meta property=\"og:image:width\" content=\"700\" \/>\r\n\t<meta property=\"og:image:height\" content=\"700\" \/>\r\n\t<meta property=\"og:image:type\" content=\"image\/jpeg\" \/>\r\n<meta name=\"twitter:card\" content=\"summary_large_image\" \/>\r\n<script type=\"application\/ld+json\" class=\"yoast-schema-graph\">{\"@context\":\"https:\/\/schema.org\",\"@graph\":[{\"@type\":\"WebPage\",\"@id\":\"https:\/\/paracherkaoui.ma\/index.php\/produit\/macadamia-apres-shampooing-hydratant-rinse-1-litre\/\",\"url\":\"https:\/\/paracherkaoui.ma\/index.php\/produit\/macadamia-apres-shampooing-hydratant-rinse-1-litre\/\",\"name\":\"MACADAMIA APRES SHAMPOOING HYDRATANT RINSE 1 LITRE - Paracherkaoui.ma\",\"isPartOf\":{\"@id\":\"https:\/\/paracherkaoui.ma\/#website\"},\"primaryImageOfPage\":{\"@id\":\"https:\/\/paracherkaoui.ma\/index.php\/produit\/macadamia-apres-shampooing-hydratant-rinse-1-litre\/#primaryimage\"},\"image\":{\"@id\":\"https:\/\/paracherkaoui.ma\/index.php\/produit\/macadamia-apres-shampooing-hydratant-rinse-1-litre\/#primaryimage\"},\"thumbnailUrl\":\"https:\/\/paracherkaoui.ma\/wp-content\/uploads\/2025\/12\/macadamia-macadamia-apres-shampooing-hydratant-rinse-1-litre-apres-shampoing.jpg\",\"datePublished\":\"2025-12-12T16:51:11+00:00\",\"dateModified\":\"2025-12-12T16:51:14+00:00\",\"breadcrumb\":{\"@id\":\"https:\/\/paracherkaoui.ma\/index.php\/produit\/macadamia-apres-shampooing-hydratant-rinse-1-litre\/#breadcrumb\"},\"inLanguage\":\"fr-FR\",\"potentialAction\":[{\"@type\":\"ReadAction\",\"target\":[\"https:\/\/paracherkaoui.ma\/index.php\/produit\/macadamia-apres-shampooing-hydratant-rinse-1-litre\/\"]}]},{\"@type\":\"ImageObject\",\"inLanguage\":\"fr-FR\",\"@id\":\"https:\/\/paracherkaoui.ma\/index.php\/produit\/macadamia-apres-shampooing-hydratant-rinse-1-litre\/#primaryimage\",\"url\":\"https:\/\/paracherkaoui.ma\/wp-content\/uploads\/2025\/12\/macadamia-macadamia-apres-shampooing-hydratant-rinse-1-litre-apres-shampoing.jpg\",\"contentUrl\":\"https:\/\/paracherkaoui.ma\/wp-content\/uploads\/2025\/12\/macadamia-macadamia-apres-shampooing-hydratant-rinse-1-litre-apres-shampoing.jpg\",\"width\":700,\"height\":700},{\"@type\":\"BreadcrumbList\",\"@id\":\"https:\/\/paracherkaoui.ma\/index.php\/produit\/macadamia-apres-shampooing-hydratant-rinse-1-litre\/#breadcrumb\",\"itemListElement\":[{\"@type\":\"ListItem\",\"position\":1,\"name\":\"Accueil\",\"item\":\"https:\/\/paracherkaoui.ma\/\"},{\"@type\":\"ListItem\",\"position\":2,\"name\":\"Boutique\",\"item\":\"https:\/\/paracherkaoui.ma\/index.php\/boutique\/\"},{\"@type\":\"ListItem\",\"position\":3,\"name\":\"MACADAMIA APRES SHAMPOOING HYDRATANT RINSE 1 LITRE\"}]},{\"@type\":\"WebSite\",\"@id\":\"https:\/\/paracherkaoui.ma\/#website\",\"url\":\"https:\/\/paracherkaoui.ma\/\",\"name\":\"Paracherkaoui.ma\",\"description\":\"Achetez en ligne sur Paracherkaoui.ma\",\"potentialAction\":[{\"@type\":\"SearchAction\",\"target\":{\"@type\":\"EntryPoint\",\"urlTemplate\":\"https:\/\/paracherkaoui.ma\/?s={search_term_string}\"},\"query-input\":{\"@type\":\"PropertyValueSpecification\",\"valueRequired\":true,\"valueName\":\"search_term_string\"}}],\"inLanguage\":\"fr-FR\"}]}<\/script>\r\n<!-- \/ Yoast SEO plugin. -->","yoast_head_json":{"title":"MACADAMIA APRES SHAMPOOING HYDRATANT RINSE 1 LITRE - Paracherkaoui.ma","robots":{"index":"index","follow":"follow","max-snippet":"max-snippet:-1","max-image-preview":"max-image-preview:large","max-video-preview":"max-video-preview:-1"},"canonical":"https:\/\/paracherkaoui.ma\/index.php\/produit\/macadamia-apres-shampooing-hydratant-rinse-1-litre\/","og_locale":"fr_FR","og_type":"article","og_title":"MACADAMIA APRES SHAMPOOING HYDRATANT RINSE 1 LITRE - Paracherkaoui.ma","og_description":"Macadamia Natural Oil Moisturizing Rinse &#8211; Apr\u00e8s-Shampooing Quotidien Tous Types de Cheveux 1L Sans Sulfate, Sans Paraben, Convient pour cheveux","og_url":"https:\/\/paracherkaoui.ma\/index.php\/produit\/macadamia-apres-shampooing-hydratant-rinse-1-litre\/","og_site_name":"Paracherkaoui.ma","article_modified_time":"2025-12-12T16:51:14+00:00","og_image":[{"width":700,"height":700,"url":"https:\/\/paracherkaoui.ma\/wp-content\/uploads\/2025\/12\/macadamia-macadamia-apres-shampooing-hydratant-rinse-1-litre-apres-shampoing.jpg","type":"image\/jpeg"}],"twitter_card":"summary_large_image","schema":{"@context":"https:\/\/schema.org","@graph":[{"@type":"WebPage","@id":"https:\/\/paracherkaoui.ma\/index.php\/produit\/macadamia-apres-shampooing-hydratant-rinse-1-litre\/","url":"https:\/\/paracherkaoui.ma\/index.php\/produit\/macadamia-apres-shampooing-hydratant-rinse-1-litre\/","name":"MACADAMIA APRES SHAMPOOING HYDRATANT RINSE 1 LITRE - Paracherkaoui.ma","isPartOf":{"@id":"https:\/\/paracherkaoui.ma\/#website"},"primaryImageOfPage":{"@id":"https:\/\/paracherkaoui.ma\/index.php\/produit\/macadamia-apres-shampooing-hydratant-rinse-1-litre\/#primaryimage"},"image":{"@id":"https:\/\/paracherkaoui.ma\/index.php\/produit\/macadamia-apres-shampooing-hydratant-rinse-1-litre\/#primaryimage"},"thumbnailUrl":"https:\/\/paracherkaoui.ma\/wp-content\/uploads\/2025\/12\/macadamia-macadamia-apres-shampooing-hydratant-rinse-1-litre-apres-shampoing.jpg","datePublished":"2025-12-12T16:51:11+00:00","dateModified":"2025-12-12T16:51:14+00:00","breadcrumb":{"@id":"https:\/\/paracherkaoui.ma\/index.php\/produit\/macadamia-apres-shampooing-hydratant-rinse-1-litre\/#breadcrumb"},"inLanguage":"fr-FR","potentialAction":[{"@type":"ReadAction","target":["https:\/\/paracherkaoui.ma\/index.php\/produit\/macadamia-apres-shampooing-hydratant-rinse-1-litre\/"]}]},{"@type":"ImageObject","inLanguage":"fr-FR","@id":"https:\/\/paracherkaoui.ma\/index.php\/produit\/macadamia-apres-shampooing-hydratant-rinse-1-litre\/#primaryimage","url":"https:\/\/paracherkaoui.ma\/wp-content\/uploads\/2025\/12\/macadamia-macadamia-apres-shampooing-hydratant-rinse-1-litre-apres-shampoing.jpg","contentUrl":"https:\/\/paracherkaoui.ma\/wp-content\/uploads\/2025\/12\/macadamia-macadamia-apres-shampooing-hydratant-rinse-1-litre-apres-shampoing.jpg","width":700,"height":700},{"@type":"BreadcrumbList","@id":"https:\/\/paracherkaoui.ma\/index.php\/produit\/macadamia-apres-shampooing-hydratant-rinse-1-litre\/#breadcrumb","itemListElement":[{"@type":"ListItem","position":1,"name":"Accueil","item":"https:\/\/paracherkaoui.ma\/"},{"@type":"ListItem","position":2,"name":"Boutique","item":"https:\/\/paracherkaoui.ma\/index.php\/boutique\/"},{"@type":"ListItem","position":3,"name":"MACADAMIA APRES SHAMPOOING HYDRATANT RINSE 1 LITRE"}]},{"@type":"WebSite","@id":"https:\/\/paracherkaoui.ma\/#website","url":"https:\/\/paracherkaoui.ma\/","name":"Paracherkaoui.ma","description":"Achetez en ligne sur Paracherkaoui.ma","potentialAction":[{"@type":"SearchAction","target":{"@type":"EntryPoint","urlTemplate":"https:\/\/paracherkaoui.ma\/?s={search_term_string}"},"query-input":{"@type":"PropertyValueSpecification","valueRequired":true,"valueName":"search_term_string"}}],"inLanguage":"fr-FR"}]}},"_links":{"self":[{"href":"https:\/\/paracherkaoui.ma\/index.php\/wp-json\/wp\/v2\/product\/14971","targetHints":{"allow":["GET"]}}],"collection":[{"href":"https:\/\/paracherkaoui.ma\/index.php\/wp-json\/wp\/v2\/product"}],"about":[{"href":"https:\/\/paracherkaoui.ma\/index.php\/wp-json\/wp\/v2\/types\/product"}],"replies":[{"embeddable":true,"href":"https:\/\/paracherkaoui.ma\/index.php\/wp-json\/wp\/v2\/comments?post=14971"}],"version-history":[{"count":1,"href":"https:\/\/paracherkaoui.ma\/index.php\/wp-json\/wp\/v2\/product\/14971\/revisions"}],"predecessor-version":[{"id":15013,"href":"https:\/\/paracherkaoui.ma\/index.php\/wp-json\/wp\/v2\/product\/14971\/revisions\/15013"}],"wp:featuredmedia":[{"embeddable":true,"href":"https:\/\/paracherkaoui.ma\/index.php\/wp-json\/wp\/v2\/media\/15012"}],"wp:attachment":[{"href":"https:\/\/paracherkaoui.ma\/index.php\/wp-json\/wp\/v2\/media?parent=14971"}],"wp:term":[{"taxonomy":"product_brand","embeddable":true,"href":"https:\/\/paracherkaoui.ma\/index.php\/wp-json\/wp\/v2\/product_brand?post=14971"},{"taxonomy":"product_cat","embeddable":true,"href":"https:\/\/paracherkaoui.ma\/index.php\/wp-json\/wp\/v2\/product_cat?post=14971"},{"taxonomy":"product_tag","embeddable":true,"href":"https:\/\/paracherkaoui.ma\/index.php\/wp-json\/wp\/v2\/product_tag?post=14971"}],"curies":[{"name":"wp","href":"https:\/\/api.w.org\/{rel}","templated":true}]}}