{"id":14886,"date":"2025-12-12T17:51:02","date_gmt":"2025-12-12T16:51:02","guid":{"rendered":"https:\/\/test.ecbeaute.com\/?post_type=product&#038;p=14886"},"modified":"2025-12-12T17:51:07","modified_gmt":"2025-12-12T16:51:07","slug":"phyto-blonde-apres-shampooing-sublimateur-175-ml","status":"publish","type":"product","link":"https:\/\/paracherkaoui.ma\/index.php\/produit\/phyto-blonde-apres-shampooing-sublimateur-175-ml\/","title":{"rendered":"PHYTO BLONDE APRES SHAMPOOING SUBLIMATEUR 175 ML"},"content":{"rendered":"<p>Le PHYTO BLONDE APRES SHAMPOOING SUBLIMATEUR 250 ML est l&rsquo;incontournable pour sublimer l&rsquo;\u00e9clat des cheveux blonds de toute la famille, d\u00e8s la premi\u00e8re utilisation. Ce soin apr\u00e8s-shampooing d\u00e9m\u00eale en douceur, nourrit en profondeur et r\u00e9v\u00e8le la beaut\u00e9 naturelle du blond, le tout sans alourdir la chevelure. Id\u00e9al pour tous les types de cheveux blonds, il leur apporte douceur, brillance et vitalit\u00e9.<br \/>\nLa formule de ce soin est enrichie en vinaigre de cidre, un ingr\u00e9dient naturel qui lisse les \u00e9cailles de la fibre capillaire. Ce lissage permet non seulement de prot\u00e9ger les cheveux, mais aussi de renforcer leur \u00e9clat et de garantir une brillance \u00e9clatante. De plus, l&rsquo;extrait de carthame prot\u00e8ge la fibre capillaire des agressions ext\u00e9rieures, telles que la pollution et les rayons UV, en pr\u00e9servant son \u00e9lasticit\u00e9 et sa souplesse. Gr\u00e2ce \u00e0 l&rsquo;extraction de mauve blanche, l&rsquo;apr\u00e8s-shampooing Phyto double la brillance des cheveux, leur donnant un aspect lumineux et \u00e9clatant.<br \/>\nConseils d\u2019utilisation :<br \/>\nApr\u00e8s avoir lav\u00e9 vos cheveux avec le shampooing Phyto Blonde, appliquez l&rsquo;apr\u00e8s-shampooing sur cheveux humides.<br \/>\nR\u00e9partissez uniform\u00e9ment et laissez poser quelques minutes pour une action optimale.<br \/>\nRincez abondamment \u00e0 l\u2019eau ti\u00e8de pour des cheveux doux, d\u00e9m\u00eal\u00e9s et brillants.<br \/>\nPour des r\u00e9sultats maximaux, utilisez en compl\u00e9ment l&rsquo;apr\u00e8s-shampooing Phyto \u00e0 chaque lavage.<br \/>\nUn soin essentiel pour des cheveux blonds \u00e9clatants, hydrat\u00e9s et prot\u00e9g\u00e9s contre les agressions quotidiennes.<br \/>\nComposition :<br \/>\nAQUA \/ WATER \/ EAU. CETEARYL ALCOHOL. ISOSTEARYL ISOSTEARATE. POLYQUATERNIUM-37. GLYCERIN. BEHENTRIMONIUM CHLORIDE. ACETUM \/ VINEGAR \/ VINAIGRE. PANTHENOL. PARFUM \/ FRAGRANCE. CHLORPHENESIN. SODIUM BENZOATE. CITRIC ACID. ALTHAEA OFFICINALIS ROOT EXTRACT. CARTHAMUS TINCTORIUS (SAFFLOWER) FLOWER EXTRACT. POTASSIUM SORBATE. TETRAMETHYL ACETYLOCTAHYDRONAPHTHALENES<\/p>\n","protected":false},"excerpt":{"rendered":"<p>Le PHYTO BLONDE APRES SHAMPOOING SUBLIMATEUR 250 ML est l&rsquo;incontournable pour sublimer l&rsquo;\u00e9clat des cheveux blonds de toute la famille,<\/p>\n","protected":false},"featured_media":14931,"comment_status":"open","ping_status":"closed","template":"","meta":[],"product_brand":[233],"product_cat":[225],"product_tag":[],"class_list":{"0":"post-14886","1":"product","2":"type-product","3":"status-publish","4":"has-post-thumbnail","6":"product_brand-phyto","7":"product_cat-apres-shampoing","9":"first","10":"instock","11":"shipping-taxable","12":"purchasable","13":"product-type-simple"},"yoast_head":"<!-- This site is optimized with the Yoast SEO plugin v26.6 - https:\/\/yoast.com\/wordpress\/plugins\/seo\/ -->\r\n<title>PHYTO BLONDE APRES SHAMPOOING SUBLIMATEUR 175 ML - Paracherkaoui.ma<\/title>\r\n<meta name=\"robots\" content=\"index, follow, max-snippet:-1, max-image-preview:large, max-video-preview:-1\" \/>\r\n<link rel=\"canonical\" href=\"https:\/\/paracherkaoui.ma\/index.php\/produit\/phyto-blonde-apres-shampooing-sublimateur-175-ml\/\" \/>\r\n<meta property=\"og:locale\" content=\"fr_FR\" \/>\r\n<meta property=\"og:type\" content=\"article\" \/>\r\n<meta property=\"og:title\" content=\"PHYTO BLONDE APRES SHAMPOOING SUBLIMATEUR 175 ML - Paracherkaoui.ma\" \/>\r\n<meta property=\"og:description\" content=\"Le PHYTO BLONDE APRES SHAMPOOING SUBLIMATEUR 250 ML est l&rsquo;incontournable pour sublimer l&rsquo;\u00e9clat des cheveux blonds de toute la famille,\" \/>\r\n<meta property=\"og:url\" content=\"https:\/\/paracherkaoui.ma\/index.php\/produit\/phyto-blonde-apres-shampooing-sublimateur-175-ml\/\" \/>\r\n<meta property=\"og:site_name\" content=\"Paracherkaoui.ma\" \/>\r\n<meta property=\"article:modified_time\" content=\"2025-12-12T16:51:07+00:00\" \/>\r\n<meta property=\"og:image\" content=\"https:\/\/paracherkaoui.ma\/wp-content\/uploads\/2025\/12\/phyto-blonde-apres-shampooing-sublimateur-175-ml.jpg\" \/>\r\n\t<meta property=\"og:image:width\" content=\"700\" \/>\r\n\t<meta property=\"og:image:height\" content=\"700\" \/>\r\n\t<meta property=\"og:image:type\" content=\"image\/jpeg\" \/>\r\n<meta name=\"twitter:card\" content=\"summary_large_image\" \/>\r\n<meta name=\"twitter:label1\" content=\"Dur\u00e9e de lecture estim\u00e9e\" \/>\n\t<meta name=\"twitter:data1\" content=\"1 minute\" \/>\r\n<script type=\"application\/ld+json\" class=\"yoast-schema-graph\">{\"@context\":\"https:\/\/schema.org\",\"@graph\":[{\"@type\":\"WebPage\",\"@id\":\"https:\/\/paracherkaoui.ma\/index.php\/produit\/phyto-blonde-apres-shampooing-sublimateur-175-ml\/\",\"url\":\"https:\/\/paracherkaoui.ma\/index.php\/produit\/phyto-blonde-apres-shampooing-sublimateur-175-ml\/\",\"name\":\"PHYTO BLONDE APRES SHAMPOOING SUBLIMATEUR 175 ML - Paracherkaoui.ma\",\"isPartOf\":{\"@id\":\"https:\/\/paracherkaoui.ma\/#website\"},\"primaryImageOfPage\":{\"@id\":\"https:\/\/paracherkaoui.ma\/index.php\/produit\/phyto-blonde-apres-shampooing-sublimateur-175-ml\/#primaryimage\"},\"image\":{\"@id\":\"https:\/\/paracherkaoui.ma\/index.php\/produit\/phyto-blonde-apres-shampooing-sublimateur-175-ml\/#primaryimage\"},\"thumbnailUrl\":\"https:\/\/paracherkaoui.ma\/wp-content\/uploads\/2025\/12\/phyto-blonde-apres-shampooing-sublimateur-175-ml.jpg\",\"datePublished\":\"2025-12-12T16:51:02+00:00\",\"dateModified\":\"2025-12-12T16:51:07+00:00\",\"breadcrumb\":{\"@id\":\"https:\/\/paracherkaoui.ma\/index.php\/produit\/phyto-blonde-apres-shampooing-sublimateur-175-ml\/#breadcrumb\"},\"inLanguage\":\"fr-FR\",\"potentialAction\":[{\"@type\":\"ReadAction\",\"target\":[\"https:\/\/paracherkaoui.ma\/index.php\/produit\/phyto-blonde-apres-shampooing-sublimateur-175-ml\/\"]}]},{\"@type\":\"ImageObject\",\"inLanguage\":\"fr-FR\",\"@id\":\"https:\/\/paracherkaoui.ma\/index.php\/produit\/phyto-blonde-apres-shampooing-sublimateur-175-ml\/#primaryimage\",\"url\":\"https:\/\/paracherkaoui.ma\/wp-content\/uploads\/2025\/12\/phyto-blonde-apres-shampooing-sublimateur-175-ml.jpg\",\"contentUrl\":\"https:\/\/paracherkaoui.ma\/wp-content\/uploads\/2025\/12\/phyto-blonde-apres-shampooing-sublimateur-175-ml.jpg\",\"width\":700,\"height\":700},{\"@type\":\"BreadcrumbList\",\"@id\":\"https:\/\/paracherkaoui.ma\/index.php\/produit\/phyto-blonde-apres-shampooing-sublimateur-175-ml\/#breadcrumb\",\"itemListElement\":[{\"@type\":\"ListItem\",\"position\":1,\"name\":\"Accueil\",\"item\":\"https:\/\/paracherkaoui.ma\/\"},{\"@type\":\"ListItem\",\"position\":2,\"name\":\"Boutique\",\"item\":\"https:\/\/paracherkaoui.ma\/index.php\/boutique\/\"},{\"@type\":\"ListItem\",\"position\":3,\"name\":\"PHYTO BLONDE APRES SHAMPOOING SUBLIMATEUR 175 ML\"}]},{\"@type\":\"WebSite\",\"@id\":\"https:\/\/paracherkaoui.ma\/#website\",\"url\":\"https:\/\/paracherkaoui.ma\/\",\"name\":\"Paracherkaoui.ma\",\"description\":\"Achetez en ligne sur Paracherkaoui.ma\",\"potentialAction\":[{\"@type\":\"SearchAction\",\"target\":{\"@type\":\"EntryPoint\",\"urlTemplate\":\"https:\/\/paracherkaoui.ma\/?s={search_term_string}\"},\"query-input\":{\"@type\":\"PropertyValueSpecification\",\"valueRequired\":true,\"valueName\":\"search_term_string\"}}],\"inLanguage\":\"fr-FR\"}]}<\/script>\r\n<!-- \/ Yoast SEO plugin. -->","yoast_head_json":{"title":"PHYTO BLONDE APRES SHAMPOOING SUBLIMATEUR 175 ML - Paracherkaoui.ma","robots":{"index":"index","follow":"follow","max-snippet":"max-snippet:-1","max-image-preview":"max-image-preview:large","max-video-preview":"max-video-preview:-1"},"canonical":"https:\/\/paracherkaoui.ma\/index.php\/produit\/phyto-blonde-apres-shampooing-sublimateur-175-ml\/","og_locale":"fr_FR","og_type":"article","og_title":"PHYTO BLONDE APRES SHAMPOOING SUBLIMATEUR 175 ML - Paracherkaoui.ma","og_description":"Le PHYTO BLONDE APRES SHAMPOOING SUBLIMATEUR 250 ML est l&rsquo;incontournable pour sublimer l&rsquo;\u00e9clat des cheveux blonds de toute la famille,","og_url":"https:\/\/paracherkaoui.ma\/index.php\/produit\/phyto-blonde-apres-shampooing-sublimateur-175-ml\/","og_site_name":"Paracherkaoui.ma","article_modified_time":"2025-12-12T16:51:07+00:00","og_image":[{"width":700,"height":700,"url":"https:\/\/paracherkaoui.ma\/wp-content\/uploads\/2025\/12\/phyto-blonde-apres-shampooing-sublimateur-175-ml.jpg","type":"image\/jpeg"}],"twitter_card":"summary_large_image","twitter_misc":{"Dur\u00e9e de lecture estim\u00e9e":"1 minute"},"schema":{"@context":"https:\/\/schema.org","@graph":[{"@type":"WebPage","@id":"https:\/\/paracherkaoui.ma\/index.php\/produit\/phyto-blonde-apres-shampooing-sublimateur-175-ml\/","url":"https:\/\/paracherkaoui.ma\/index.php\/produit\/phyto-blonde-apres-shampooing-sublimateur-175-ml\/","name":"PHYTO BLONDE APRES SHAMPOOING SUBLIMATEUR 175 ML - Paracherkaoui.ma","isPartOf":{"@id":"https:\/\/paracherkaoui.ma\/#website"},"primaryImageOfPage":{"@id":"https:\/\/paracherkaoui.ma\/index.php\/produit\/phyto-blonde-apres-shampooing-sublimateur-175-ml\/#primaryimage"},"image":{"@id":"https:\/\/paracherkaoui.ma\/index.php\/produit\/phyto-blonde-apres-shampooing-sublimateur-175-ml\/#primaryimage"},"thumbnailUrl":"https:\/\/paracherkaoui.ma\/wp-content\/uploads\/2025\/12\/phyto-blonde-apres-shampooing-sublimateur-175-ml.jpg","datePublished":"2025-12-12T16:51:02+00:00","dateModified":"2025-12-12T16:51:07+00:00","breadcrumb":{"@id":"https:\/\/paracherkaoui.ma\/index.php\/produit\/phyto-blonde-apres-shampooing-sublimateur-175-ml\/#breadcrumb"},"inLanguage":"fr-FR","potentialAction":[{"@type":"ReadAction","target":["https:\/\/paracherkaoui.ma\/index.php\/produit\/phyto-blonde-apres-shampooing-sublimateur-175-ml\/"]}]},{"@type":"ImageObject","inLanguage":"fr-FR","@id":"https:\/\/paracherkaoui.ma\/index.php\/produit\/phyto-blonde-apres-shampooing-sublimateur-175-ml\/#primaryimage","url":"https:\/\/paracherkaoui.ma\/wp-content\/uploads\/2025\/12\/phyto-blonde-apres-shampooing-sublimateur-175-ml.jpg","contentUrl":"https:\/\/paracherkaoui.ma\/wp-content\/uploads\/2025\/12\/phyto-blonde-apres-shampooing-sublimateur-175-ml.jpg","width":700,"height":700},{"@type":"BreadcrumbList","@id":"https:\/\/paracherkaoui.ma\/index.php\/produit\/phyto-blonde-apres-shampooing-sublimateur-175-ml\/#breadcrumb","itemListElement":[{"@type":"ListItem","position":1,"name":"Accueil","item":"https:\/\/paracherkaoui.ma\/"},{"@type":"ListItem","position":2,"name":"Boutique","item":"https:\/\/paracherkaoui.ma\/index.php\/boutique\/"},{"@type":"ListItem","position":3,"name":"PHYTO BLONDE APRES SHAMPOOING SUBLIMATEUR 175 ML"}]},{"@type":"WebSite","@id":"https:\/\/paracherkaoui.ma\/#website","url":"https:\/\/paracherkaoui.ma\/","name":"Paracherkaoui.ma","description":"Achetez en ligne sur Paracherkaoui.ma","potentialAction":[{"@type":"SearchAction","target":{"@type":"EntryPoint","urlTemplate":"https:\/\/paracherkaoui.ma\/?s={search_term_string}"},"query-input":{"@type":"PropertyValueSpecification","valueRequired":true,"valueName":"search_term_string"}}],"inLanguage":"fr-FR"}]}},"_links":{"self":[{"href":"https:\/\/paracherkaoui.ma\/index.php\/wp-json\/wp\/v2\/product\/14886","targetHints":{"allow":["GET"]}}],"collection":[{"href":"https:\/\/paracherkaoui.ma\/index.php\/wp-json\/wp\/v2\/product"}],"about":[{"href":"https:\/\/paracherkaoui.ma\/index.php\/wp-json\/wp\/v2\/types\/product"}],"replies":[{"embeddable":true,"href":"https:\/\/paracherkaoui.ma\/index.php\/wp-json\/wp\/v2\/comments?post=14886"}],"version-history":[{"count":1,"href":"https:\/\/paracherkaoui.ma\/index.php\/wp-json\/wp\/v2\/product\/14886\/revisions"}],"predecessor-version":[{"id":14932,"href":"https:\/\/paracherkaoui.ma\/index.php\/wp-json\/wp\/v2\/product\/14886\/revisions\/14932"}],"wp:featuredmedia":[{"embeddable":true,"href":"https:\/\/paracherkaoui.ma\/index.php\/wp-json\/wp\/v2\/media\/14931"}],"wp:attachment":[{"href":"https:\/\/paracherkaoui.ma\/index.php\/wp-json\/wp\/v2\/media?parent=14886"}],"wp:term":[{"taxonomy":"product_brand","embeddable":true,"href":"https:\/\/paracherkaoui.ma\/index.php\/wp-json\/wp\/v2\/product_brand?post=14886"},{"taxonomy":"product_cat","embeddable":true,"href":"https:\/\/paracherkaoui.ma\/index.php\/wp-json\/wp\/v2\/product_cat?post=14886"},{"taxonomy":"product_tag","embeddable":true,"href":"https:\/\/paracherkaoui.ma\/index.php\/wp-json\/wp\/v2\/product_tag?post=14886"}],"curies":[{"name":"wp","href":"https:\/\/api.w.org\/{rel}","templated":true}]}}