{"id":14808,"date":"2025-12-12T17:50:56","date_gmt":"2025-12-12T16:50:56","guid":{"rendered":"https:\/\/test.ecbeaute.com\/?post_type=product&#038;p=14808"},"modified":"2025-12-12T17:51:00","modified_gmt":"2025-12-12T16:51:00","slug":"phyto-couleur-apres-shampooing-raviveur-declat-175-ml","status":"publish","type":"product","link":"https:\/\/paracherkaoui.ma\/index.php\/produit\/phyto-couleur-apres-shampooing-raviveur-declat-175-ml\/","title":{"rendered":"PHYTO COULEUR APRES SHAMPOOING RAVIVEUR D&rsquo;ECLAT 175 ML"},"content":{"rendered":"<p>L&rsquo;APRES SHAMPOOING COULEUR d\u00e9m\u00eale, hydrate et ravive l\u2019\u00e9clat\u00a0des cheveux color\u00e9s d\u00e8s la 1\u00e8re utilisation. Les cheveux sont brillants et la couleur est toujours aussi lumineuse jusqu&rsquo;\u00e0 9 semaines**. Au c\u0153ur de la formule, un complexe de peptides de riz qui pr\u00e9serve l&rsquo;intensit\u00e9\u00a0et l&rsquo;\u00e9clat de la couleur au fil des semaines. Des tanins de tara et jeunes pousses de tournesol antioxydantes apportent protection\u00a0\u00e0 la couleur. L&rsquo;huile de karanja apporte nutrition\u00a0aux cheveux. Une extraction de mauve blanche rend les cheveux deux fois plus brillants.<br \/>\nSans silicones, sans colorants<br \/>\nCONSEILS D&rsquo;UTILISATION:<br \/>\nAppliquer sur les longueurs apr\u00e8s le shampooing, laisser poser 1 \u00e0 2 minutes puis rincer.<\/p>\n","protected":false},"excerpt":{"rendered":"<p>L&rsquo;APRES SHAMPOOING COULEUR d\u00e9m\u00eale, hydrate et ravive l\u2019\u00e9clat\u00a0des cheveux color\u00e9s d\u00e8s la 1\u00e8re utilisation. Les cheveux sont brillants et la<\/p>\n","protected":false},"featured_media":14865,"comment_status":"open","ping_status":"closed","template":"","meta":[],"product_brand":[233],"product_cat":[225],"product_tag":[],"class_list":{"0":"post-14808","1":"product","2":"type-product","3":"status-publish","4":"has-post-thumbnail","6":"product_brand-phyto","7":"product_cat-apres-shampoing","9":"first","10":"instock","11":"shipping-taxable","12":"purchasable","13":"product-type-simple"},"yoast_head":"<!-- This site is optimized with the Yoast SEO plugin v26.6 - https:\/\/yoast.com\/wordpress\/plugins\/seo\/ -->\r\n<title>PHYTO COULEUR APRES SHAMPOOING RAVIVEUR D&#039;ECLAT 175 ML - Paracherkaoui.ma<\/title>\r\n<meta name=\"robots\" content=\"index, follow, max-snippet:-1, max-image-preview:large, max-video-preview:-1\" \/>\r\n<link rel=\"canonical\" href=\"https:\/\/paracherkaoui.ma\/index.php\/produit\/phyto-couleur-apres-shampooing-raviveur-declat-175-ml\/\" \/>\r\n<meta property=\"og:locale\" content=\"fr_FR\" \/>\r\n<meta property=\"og:type\" content=\"article\" \/>\r\n<meta property=\"og:title\" content=\"PHYTO COULEUR APRES SHAMPOOING RAVIVEUR D&#039;ECLAT 175 ML - Paracherkaoui.ma\" \/>\r\n<meta property=\"og:description\" content=\"L&rsquo;APRES SHAMPOOING COULEUR d\u00e9m\u00eale, hydrate et ravive l\u2019\u00e9clat\u00a0des cheveux color\u00e9s d\u00e8s la 1\u00e8re utilisation. Les cheveux sont brillants et la\" \/>\r\n<meta property=\"og:url\" content=\"https:\/\/paracherkaoui.ma\/index.php\/produit\/phyto-couleur-apres-shampooing-raviveur-declat-175-ml\/\" \/>\r\n<meta property=\"og:site_name\" content=\"Paracherkaoui.ma\" \/>\r\n<meta property=\"article:modified_time\" content=\"2025-12-12T16:51:00+00:00\" \/>\r\n<meta property=\"og:image\" content=\"https:\/\/paracherkaoui.ma\/wp-content\/uploads\/2025\/12\/phyto-phyto-couleur-apres-shampooing-raviveur-declat-175-ml-apres-shampoing.jpg\" \/>\r\n\t<meta property=\"og:image:width\" content=\"700\" \/>\r\n\t<meta property=\"og:image:height\" content=\"700\" \/>\r\n\t<meta property=\"og:image:type\" content=\"image\/jpeg\" \/>\r\n<meta name=\"twitter:card\" content=\"summary_large_image\" \/>\r\n<meta name=\"twitter:label1\" content=\"Dur\u00e9e de lecture estim\u00e9e\" \/>\n\t<meta name=\"twitter:data1\" content=\"1 minute\" \/>\r\n<script type=\"application\/ld+json\" class=\"yoast-schema-graph\">{\"@context\":\"https:\/\/schema.org\",\"@graph\":[{\"@type\":\"WebPage\",\"@id\":\"https:\/\/paracherkaoui.ma\/index.php\/produit\/phyto-couleur-apres-shampooing-raviveur-declat-175-ml\/\",\"url\":\"https:\/\/paracherkaoui.ma\/index.php\/produit\/phyto-couleur-apres-shampooing-raviveur-declat-175-ml\/\",\"name\":\"PHYTO COULEUR APRES SHAMPOOING RAVIVEUR D'ECLAT 175 ML - Paracherkaoui.ma\",\"isPartOf\":{\"@id\":\"https:\/\/paracherkaoui.ma\/#website\"},\"primaryImageOfPage\":{\"@id\":\"https:\/\/paracherkaoui.ma\/index.php\/produit\/phyto-couleur-apres-shampooing-raviveur-declat-175-ml\/#primaryimage\"},\"image\":{\"@id\":\"https:\/\/paracherkaoui.ma\/index.php\/produit\/phyto-couleur-apres-shampooing-raviveur-declat-175-ml\/#primaryimage\"},\"thumbnailUrl\":\"https:\/\/paracherkaoui.ma\/wp-content\/uploads\/2025\/12\/phyto-phyto-couleur-apres-shampooing-raviveur-declat-175-ml-apres-shampoing.jpg\",\"datePublished\":\"2025-12-12T16:50:56+00:00\",\"dateModified\":\"2025-12-12T16:51:00+00:00\",\"breadcrumb\":{\"@id\":\"https:\/\/paracherkaoui.ma\/index.php\/produit\/phyto-couleur-apres-shampooing-raviveur-declat-175-ml\/#breadcrumb\"},\"inLanguage\":\"fr-FR\",\"potentialAction\":[{\"@type\":\"ReadAction\",\"target\":[\"https:\/\/paracherkaoui.ma\/index.php\/produit\/phyto-couleur-apres-shampooing-raviveur-declat-175-ml\/\"]}]},{\"@type\":\"ImageObject\",\"inLanguage\":\"fr-FR\",\"@id\":\"https:\/\/paracherkaoui.ma\/index.php\/produit\/phyto-couleur-apres-shampooing-raviveur-declat-175-ml\/#primaryimage\",\"url\":\"https:\/\/paracherkaoui.ma\/wp-content\/uploads\/2025\/12\/phyto-phyto-couleur-apres-shampooing-raviveur-declat-175-ml-apres-shampoing.jpg\",\"contentUrl\":\"https:\/\/paracherkaoui.ma\/wp-content\/uploads\/2025\/12\/phyto-phyto-couleur-apres-shampooing-raviveur-declat-175-ml-apres-shampoing.jpg\",\"width\":700,\"height\":700},{\"@type\":\"BreadcrumbList\",\"@id\":\"https:\/\/paracherkaoui.ma\/index.php\/produit\/phyto-couleur-apres-shampooing-raviveur-declat-175-ml\/#breadcrumb\",\"itemListElement\":[{\"@type\":\"ListItem\",\"position\":1,\"name\":\"Accueil\",\"item\":\"https:\/\/paracherkaoui.ma\/\"},{\"@type\":\"ListItem\",\"position\":2,\"name\":\"Boutique\",\"item\":\"https:\/\/paracherkaoui.ma\/index.php\/boutique\/\"},{\"@type\":\"ListItem\",\"position\":3,\"name\":\"PHYTO COULEUR APRES SHAMPOOING RAVIVEUR D&rsquo;ECLAT 175 ML\"}]},{\"@type\":\"WebSite\",\"@id\":\"https:\/\/paracherkaoui.ma\/#website\",\"url\":\"https:\/\/paracherkaoui.ma\/\",\"name\":\"Paracherkaoui.ma\",\"description\":\"Achetez en ligne sur Paracherkaoui.ma\",\"potentialAction\":[{\"@type\":\"SearchAction\",\"target\":{\"@type\":\"EntryPoint\",\"urlTemplate\":\"https:\/\/paracherkaoui.ma\/?s={search_term_string}\"},\"query-input\":{\"@type\":\"PropertyValueSpecification\",\"valueRequired\":true,\"valueName\":\"search_term_string\"}}],\"inLanguage\":\"fr-FR\"}]}<\/script>\r\n<!-- \/ Yoast SEO plugin. -->","yoast_head_json":{"title":"PHYTO COULEUR APRES SHAMPOOING RAVIVEUR D'ECLAT 175 ML - Paracherkaoui.ma","robots":{"index":"index","follow":"follow","max-snippet":"max-snippet:-1","max-image-preview":"max-image-preview:large","max-video-preview":"max-video-preview:-1"},"canonical":"https:\/\/paracherkaoui.ma\/index.php\/produit\/phyto-couleur-apres-shampooing-raviveur-declat-175-ml\/","og_locale":"fr_FR","og_type":"article","og_title":"PHYTO COULEUR APRES SHAMPOOING RAVIVEUR D'ECLAT 175 ML - Paracherkaoui.ma","og_description":"L&rsquo;APRES SHAMPOOING COULEUR d\u00e9m\u00eale, hydrate et ravive l\u2019\u00e9clat\u00a0des cheveux color\u00e9s d\u00e8s la 1\u00e8re utilisation. Les cheveux sont brillants et la","og_url":"https:\/\/paracherkaoui.ma\/index.php\/produit\/phyto-couleur-apres-shampooing-raviveur-declat-175-ml\/","og_site_name":"Paracherkaoui.ma","article_modified_time":"2025-12-12T16:51:00+00:00","og_image":[{"width":700,"height":700,"url":"https:\/\/paracherkaoui.ma\/wp-content\/uploads\/2025\/12\/phyto-phyto-couleur-apres-shampooing-raviveur-declat-175-ml-apres-shampoing.jpg","type":"image\/jpeg"}],"twitter_card":"summary_large_image","twitter_misc":{"Dur\u00e9e de lecture estim\u00e9e":"1 minute"},"schema":{"@context":"https:\/\/schema.org","@graph":[{"@type":"WebPage","@id":"https:\/\/paracherkaoui.ma\/index.php\/produit\/phyto-couleur-apres-shampooing-raviveur-declat-175-ml\/","url":"https:\/\/paracherkaoui.ma\/index.php\/produit\/phyto-couleur-apres-shampooing-raviveur-declat-175-ml\/","name":"PHYTO COULEUR APRES SHAMPOOING RAVIVEUR D'ECLAT 175 ML - Paracherkaoui.ma","isPartOf":{"@id":"https:\/\/paracherkaoui.ma\/#website"},"primaryImageOfPage":{"@id":"https:\/\/paracherkaoui.ma\/index.php\/produit\/phyto-couleur-apres-shampooing-raviveur-declat-175-ml\/#primaryimage"},"image":{"@id":"https:\/\/paracherkaoui.ma\/index.php\/produit\/phyto-couleur-apres-shampooing-raviveur-declat-175-ml\/#primaryimage"},"thumbnailUrl":"https:\/\/paracherkaoui.ma\/wp-content\/uploads\/2025\/12\/phyto-phyto-couleur-apres-shampooing-raviveur-declat-175-ml-apres-shampoing.jpg","datePublished":"2025-12-12T16:50:56+00:00","dateModified":"2025-12-12T16:51:00+00:00","breadcrumb":{"@id":"https:\/\/paracherkaoui.ma\/index.php\/produit\/phyto-couleur-apres-shampooing-raviveur-declat-175-ml\/#breadcrumb"},"inLanguage":"fr-FR","potentialAction":[{"@type":"ReadAction","target":["https:\/\/paracherkaoui.ma\/index.php\/produit\/phyto-couleur-apres-shampooing-raviveur-declat-175-ml\/"]}]},{"@type":"ImageObject","inLanguage":"fr-FR","@id":"https:\/\/paracherkaoui.ma\/index.php\/produit\/phyto-couleur-apres-shampooing-raviveur-declat-175-ml\/#primaryimage","url":"https:\/\/paracherkaoui.ma\/wp-content\/uploads\/2025\/12\/phyto-phyto-couleur-apres-shampooing-raviveur-declat-175-ml-apres-shampoing.jpg","contentUrl":"https:\/\/paracherkaoui.ma\/wp-content\/uploads\/2025\/12\/phyto-phyto-couleur-apres-shampooing-raviveur-declat-175-ml-apres-shampoing.jpg","width":700,"height":700},{"@type":"BreadcrumbList","@id":"https:\/\/paracherkaoui.ma\/index.php\/produit\/phyto-couleur-apres-shampooing-raviveur-declat-175-ml\/#breadcrumb","itemListElement":[{"@type":"ListItem","position":1,"name":"Accueil","item":"https:\/\/paracherkaoui.ma\/"},{"@type":"ListItem","position":2,"name":"Boutique","item":"https:\/\/paracherkaoui.ma\/index.php\/boutique\/"},{"@type":"ListItem","position":3,"name":"PHYTO COULEUR APRES SHAMPOOING RAVIVEUR D&rsquo;ECLAT 175 ML"}]},{"@type":"WebSite","@id":"https:\/\/paracherkaoui.ma\/#website","url":"https:\/\/paracherkaoui.ma\/","name":"Paracherkaoui.ma","description":"Achetez en ligne sur Paracherkaoui.ma","potentialAction":[{"@type":"SearchAction","target":{"@type":"EntryPoint","urlTemplate":"https:\/\/paracherkaoui.ma\/?s={search_term_string}"},"query-input":{"@type":"PropertyValueSpecification","valueRequired":true,"valueName":"search_term_string"}}],"inLanguage":"fr-FR"}]}},"_links":{"self":[{"href":"https:\/\/paracherkaoui.ma\/index.php\/wp-json\/wp\/v2\/product\/14808","targetHints":{"allow":["GET"]}}],"collection":[{"href":"https:\/\/paracherkaoui.ma\/index.php\/wp-json\/wp\/v2\/product"}],"about":[{"href":"https:\/\/paracherkaoui.ma\/index.php\/wp-json\/wp\/v2\/types\/product"}],"replies":[{"embeddable":true,"href":"https:\/\/paracherkaoui.ma\/index.php\/wp-json\/wp\/v2\/comments?post=14808"}],"version-history":[{"count":1,"href":"https:\/\/paracherkaoui.ma\/index.php\/wp-json\/wp\/v2\/product\/14808\/revisions"}],"predecessor-version":[{"id":14866,"href":"https:\/\/paracherkaoui.ma\/index.php\/wp-json\/wp\/v2\/product\/14808\/revisions\/14866"}],"wp:featuredmedia":[{"embeddable":true,"href":"https:\/\/paracherkaoui.ma\/index.php\/wp-json\/wp\/v2\/media\/14865"}],"wp:attachment":[{"href":"https:\/\/paracherkaoui.ma\/index.php\/wp-json\/wp\/v2\/media?parent=14808"}],"wp:term":[{"taxonomy":"product_brand","embeddable":true,"href":"https:\/\/paracherkaoui.ma\/index.php\/wp-json\/wp\/v2\/product_brand?post=14808"},{"taxonomy":"product_cat","embeddable":true,"href":"https:\/\/paracherkaoui.ma\/index.php\/wp-json\/wp\/v2\/product_cat?post=14808"},{"taxonomy":"product_tag","embeddable":true,"href":"https:\/\/paracherkaoui.ma\/index.php\/wp-json\/wp\/v2\/product_tag?post=14808"}],"curies":[{"name":"wp","href":"https:\/\/api.w.org\/{rel}","templated":true}]}}