{"id":14806,"date":"2025-12-12T17:50:56","date_gmt":"2025-12-12T16:50:56","guid":{"rendered":"https:\/\/test.ecbeaute.com\/?post_type=product&#038;p=14806"},"modified":"2025-12-12T17:50:59","modified_gmt":"2025-12-12T16:50:59","slug":"d-cap-anti-pelliculaire-apres-shampooing-250-ml","status":"publish","type":"product","link":"https:\/\/paracherkaoui.ma\/index.php\/produit\/d-cap-anti-pelliculaire-apres-shampooing-250-ml\/","title":{"rendered":"D CAP ANTI PELLICULAIRE APRES SHAMPOOING 250 ML"},"content":{"rendered":"<p>Apr\u00e8s shampooing calmant pour tous types de pellicules. L\u2019extrait de romarin renforce les follicules pileux et stimule la circulation Sanguine, favorisant Oxyg\u00e9nation. Le pin et l\u2019eucalyptus apportent \u00e0 eux une fraicheur qui cr\u00e9e non seulement une exp\u00e9rience d\u2019utilisation agr\u00e9able, mais aussi purifie les cheveux et aide \u00e0 l\u2019action antipelliculaire. La chlorure de c\u00e9trimonium poss\u00e8de quant \u00e0 elle une action antifongique et antiseptique ainsi que d\u00e9m\u00ealante<br \/>\nConseils d&rsquo;utilisation :<br \/>\nApr\u00e8s le shampoing, appliquez une noisette dame sur toutes les longueurs et massez en douceur jusqu\u2019aux pointes.<br \/>\nLaisse quelques instants et rincez.<\/p>\n","protected":false},"excerpt":{"rendered":"<p>Apr\u00e8s shampooing calmant pour tous types de pellicules. L\u2019extrait de romarin renforce les follicules pileux et stimule la circulation Sanguine,<\/p>\n","protected":false},"featured_media":14861,"comment_status":"open","ping_status":"closed","template":"","meta":[],"product_brand":[238],"product_cat":[225],"product_tag":[],"class_list":{"0":"post-14806","1":"product","2":"type-product","3":"status-publish","4":"has-post-thumbnail","6":"product_brand-d-cap","7":"product_cat-apres-shampoing","9":"first","10":"instock","11":"sale","12":"shipping-taxable","13":"purchasable","14":"product-type-simple"},"yoast_head":"<!-- This site is optimized with the Yoast SEO plugin v26.6 - https:\/\/yoast.com\/wordpress\/plugins\/seo\/ -->\r\n<title>D CAP ANTI PELLICULAIRE APRES SHAMPOOING 250 ML - Paracherkaoui.ma<\/title>\r\n<meta name=\"robots\" content=\"index, follow, max-snippet:-1, max-image-preview:large, max-video-preview:-1\" \/>\r\n<link rel=\"canonical\" href=\"https:\/\/paracherkaoui.ma\/index.php\/produit\/d-cap-anti-pelliculaire-apres-shampooing-250-ml\/\" \/>\r\n<meta property=\"og:locale\" content=\"fr_FR\" \/>\r\n<meta property=\"og:type\" content=\"article\" \/>\r\n<meta property=\"og:title\" content=\"D CAP ANTI PELLICULAIRE APRES SHAMPOOING 250 ML - Paracherkaoui.ma\" \/>\r\n<meta property=\"og:description\" content=\"Apr\u00e8s shampooing calmant pour tous types de pellicules. L\u2019extrait de romarin renforce les follicules pileux et stimule la circulation Sanguine,\" \/>\r\n<meta property=\"og:url\" content=\"https:\/\/paracherkaoui.ma\/index.php\/produit\/d-cap-anti-pelliculaire-apres-shampooing-250-ml\/\" \/>\r\n<meta property=\"og:site_name\" content=\"Paracherkaoui.ma\" \/>\r\n<meta property=\"article:modified_time\" content=\"2025-12-12T16:50:59+00:00\" \/>\r\n<meta property=\"og:image\" content=\"https:\/\/paracherkaoui.ma\/wp-content\/uploads\/2025\/12\/d-cap-d-cap-anti-pelliculaire-apres-shampooing-250-ml-apres-shampoing.jpg\" \/>\r\n\t<meta property=\"og:image:width\" content=\"700\" \/>\r\n\t<meta property=\"og:image:height\" content=\"700\" \/>\r\n\t<meta property=\"og:image:type\" content=\"image\/jpeg\" \/>\r\n<meta name=\"twitter:card\" content=\"summary_large_image\" \/>\r\n<meta name=\"twitter:label1\" content=\"Dur\u00e9e de lecture estim\u00e9e\" \/>\n\t<meta name=\"twitter:data1\" content=\"1 minute\" \/>\r\n<script type=\"application\/ld+json\" class=\"yoast-schema-graph\">{\"@context\":\"https:\/\/schema.org\",\"@graph\":[{\"@type\":\"WebPage\",\"@id\":\"https:\/\/paracherkaoui.ma\/index.php\/produit\/d-cap-anti-pelliculaire-apres-shampooing-250-ml\/\",\"url\":\"https:\/\/paracherkaoui.ma\/index.php\/produit\/d-cap-anti-pelliculaire-apres-shampooing-250-ml\/\",\"name\":\"D CAP ANTI PELLICULAIRE APRES SHAMPOOING 250 ML - Paracherkaoui.ma\",\"isPartOf\":{\"@id\":\"https:\/\/paracherkaoui.ma\/#website\"},\"primaryImageOfPage\":{\"@id\":\"https:\/\/paracherkaoui.ma\/index.php\/produit\/d-cap-anti-pelliculaire-apres-shampooing-250-ml\/#primaryimage\"},\"image\":{\"@id\":\"https:\/\/paracherkaoui.ma\/index.php\/produit\/d-cap-anti-pelliculaire-apres-shampooing-250-ml\/#primaryimage\"},\"thumbnailUrl\":\"https:\/\/paracherkaoui.ma\/wp-content\/uploads\/2025\/12\/d-cap-d-cap-anti-pelliculaire-apres-shampooing-250-ml-apres-shampoing.jpg\",\"datePublished\":\"2025-12-12T16:50:56+00:00\",\"dateModified\":\"2025-12-12T16:50:59+00:00\",\"breadcrumb\":{\"@id\":\"https:\/\/paracherkaoui.ma\/index.php\/produit\/d-cap-anti-pelliculaire-apres-shampooing-250-ml\/#breadcrumb\"},\"inLanguage\":\"fr-FR\",\"potentialAction\":[{\"@type\":\"ReadAction\",\"target\":[\"https:\/\/paracherkaoui.ma\/index.php\/produit\/d-cap-anti-pelliculaire-apres-shampooing-250-ml\/\"]}]},{\"@type\":\"ImageObject\",\"inLanguage\":\"fr-FR\",\"@id\":\"https:\/\/paracherkaoui.ma\/index.php\/produit\/d-cap-anti-pelliculaire-apres-shampooing-250-ml\/#primaryimage\",\"url\":\"https:\/\/paracherkaoui.ma\/wp-content\/uploads\/2025\/12\/d-cap-d-cap-anti-pelliculaire-apres-shampooing-250-ml-apres-shampoing.jpg\",\"contentUrl\":\"https:\/\/paracherkaoui.ma\/wp-content\/uploads\/2025\/12\/d-cap-d-cap-anti-pelliculaire-apres-shampooing-250-ml-apres-shampoing.jpg\",\"width\":700,\"height\":700},{\"@type\":\"BreadcrumbList\",\"@id\":\"https:\/\/paracherkaoui.ma\/index.php\/produit\/d-cap-anti-pelliculaire-apres-shampooing-250-ml\/#breadcrumb\",\"itemListElement\":[{\"@type\":\"ListItem\",\"position\":1,\"name\":\"Accueil\",\"item\":\"https:\/\/paracherkaoui.ma\/\"},{\"@type\":\"ListItem\",\"position\":2,\"name\":\"Boutique\",\"item\":\"https:\/\/paracherkaoui.ma\/index.php\/boutique\/\"},{\"@type\":\"ListItem\",\"position\":3,\"name\":\"D CAP ANTI PELLICULAIRE APRES SHAMPOOING 250 ML\"}]},{\"@type\":\"WebSite\",\"@id\":\"https:\/\/paracherkaoui.ma\/#website\",\"url\":\"https:\/\/paracherkaoui.ma\/\",\"name\":\"Paracherkaoui.ma\",\"description\":\"Achetez en ligne sur Paracherkaoui.ma\",\"potentialAction\":[{\"@type\":\"SearchAction\",\"target\":{\"@type\":\"EntryPoint\",\"urlTemplate\":\"https:\/\/paracherkaoui.ma\/?s={search_term_string}\"},\"query-input\":{\"@type\":\"PropertyValueSpecification\",\"valueRequired\":true,\"valueName\":\"search_term_string\"}}],\"inLanguage\":\"fr-FR\"}]}<\/script>\r\n<!-- \/ Yoast SEO plugin. -->","yoast_head_json":{"title":"D CAP ANTI PELLICULAIRE APRES SHAMPOOING 250 ML - Paracherkaoui.ma","robots":{"index":"index","follow":"follow","max-snippet":"max-snippet:-1","max-image-preview":"max-image-preview:large","max-video-preview":"max-video-preview:-1"},"canonical":"https:\/\/paracherkaoui.ma\/index.php\/produit\/d-cap-anti-pelliculaire-apres-shampooing-250-ml\/","og_locale":"fr_FR","og_type":"article","og_title":"D CAP ANTI PELLICULAIRE APRES SHAMPOOING 250 ML - Paracherkaoui.ma","og_description":"Apr\u00e8s shampooing calmant pour tous types de pellicules. L\u2019extrait de romarin renforce les follicules pileux et stimule la circulation Sanguine,","og_url":"https:\/\/paracherkaoui.ma\/index.php\/produit\/d-cap-anti-pelliculaire-apres-shampooing-250-ml\/","og_site_name":"Paracherkaoui.ma","article_modified_time":"2025-12-12T16:50:59+00:00","og_image":[{"width":700,"height":700,"url":"https:\/\/paracherkaoui.ma\/wp-content\/uploads\/2025\/12\/d-cap-d-cap-anti-pelliculaire-apres-shampooing-250-ml-apres-shampoing.jpg","type":"image\/jpeg"}],"twitter_card":"summary_large_image","twitter_misc":{"Dur\u00e9e de lecture estim\u00e9e":"1 minute"},"schema":{"@context":"https:\/\/schema.org","@graph":[{"@type":"WebPage","@id":"https:\/\/paracherkaoui.ma\/index.php\/produit\/d-cap-anti-pelliculaire-apres-shampooing-250-ml\/","url":"https:\/\/paracherkaoui.ma\/index.php\/produit\/d-cap-anti-pelliculaire-apres-shampooing-250-ml\/","name":"D CAP ANTI PELLICULAIRE APRES SHAMPOOING 250 ML - Paracherkaoui.ma","isPartOf":{"@id":"https:\/\/paracherkaoui.ma\/#website"},"primaryImageOfPage":{"@id":"https:\/\/paracherkaoui.ma\/index.php\/produit\/d-cap-anti-pelliculaire-apres-shampooing-250-ml\/#primaryimage"},"image":{"@id":"https:\/\/paracherkaoui.ma\/index.php\/produit\/d-cap-anti-pelliculaire-apres-shampooing-250-ml\/#primaryimage"},"thumbnailUrl":"https:\/\/paracherkaoui.ma\/wp-content\/uploads\/2025\/12\/d-cap-d-cap-anti-pelliculaire-apres-shampooing-250-ml-apres-shampoing.jpg","datePublished":"2025-12-12T16:50:56+00:00","dateModified":"2025-12-12T16:50:59+00:00","breadcrumb":{"@id":"https:\/\/paracherkaoui.ma\/index.php\/produit\/d-cap-anti-pelliculaire-apres-shampooing-250-ml\/#breadcrumb"},"inLanguage":"fr-FR","potentialAction":[{"@type":"ReadAction","target":["https:\/\/paracherkaoui.ma\/index.php\/produit\/d-cap-anti-pelliculaire-apres-shampooing-250-ml\/"]}]},{"@type":"ImageObject","inLanguage":"fr-FR","@id":"https:\/\/paracherkaoui.ma\/index.php\/produit\/d-cap-anti-pelliculaire-apres-shampooing-250-ml\/#primaryimage","url":"https:\/\/paracherkaoui.ma\/wp-content\/uploads\/2025\/12\/d-cap-d-cap-anti-pelliculaire-apres-shampooing-250-ml-apres-shampoing.jpg","contentUrl":"https:\/\/paracherkaoui.ma\/wp-content\/uploads\/2025\/12\/d-cap-d-cap-anti-pelliculaire-apres-shampooing-250-ml-apres-shampoing.jpg","width":700,"height":700},{"@type":"BreadcrumbList","@id":"https:\/\/paracherkaoui.ma\/index.php\/produit\/d-cap-anti-pelliculaire-apres-shampooing-250-ml\/#breadcrumb","itemListElement":[{"@type":"ListItem","position":1,"name":"Accueil","item":"https:\/\/paracherkaoui.ma\/"},{"@type":"ListItem","position":2,"name":"Boutique","item":"https:\/\/paracherkaoui.ma\/index.php\/boutique\/"},{"@type":"ListItem","position":3,"name":"D CAP ANTI PELLICULAIRE APRES SHAMPOOING 250 ML"}]},{"@type":"WebSite","@id":"https:\/\/paracherkaoui.ma\/#website","url":"https:\/\/paracherkaoui.ma\/","name":"Paracherkaoui.ma","description":"Achetez en ligne sur Paracherkaoui.ma","potentialAction":[{"@type":"SearchAction","target":{"@type":"EntryPoint","urlTemplate":"https:\/\/paracherkaoui.ma\/?s={search_term_string}"},"query-input":{"@type":"PropertyValueSpecification","valueRequired":true,"valueName":"search_term_string"}}],"inLanguage":"fr-FR"}]}},"_links":{"self":[{"href":"https:\/\/paracherkaoui.ma\/index.php\/wp-json\/wp\/v2\/product\/14806","targetHints":{"allow":["GET"]}}],"collection":[{"href":"https:\/\/paracherkaoui.ma\/index.php\/wp-json\/wp\/v2\/product"}],"about":[{"href":"https:\/\/paracherkaoui.ma\/index.php\/wp-json\/wp\/v2\/types\/product"}],"replies":[{"embeddable":true,"href":"https:\/\/paracherkaoui.ma\/index.php\/wp-json\/wp\/v2\/comments?post=14806"}],"version-history":[{"count":1,"href":"https:\/\/paracherkaoui.ma\/index.php\/wp-json\/wp\/v2\/product\/14806\/revisions"}],"predecessor-version":[{"id":14862,"href":"https:\/\/paracherkaoui.ma\/index.php\/wp-json\/wp\/v2\/product\/14806\/revisions\/14862"}],"wp:featuredmedia":[{"embeddable":true,"href":"https:\/\/paracherkaoui.ma\/index.php\/wp-json\/wp\/v2\/media\/14861"}],"wp:attachment":[{"href":"https:\/\/paracherkaoui.ma\/index.php\/wp-json\/wp\/v2\/media?parent=14806"}],"wp:term":[{"taxonomy":"product_brand","embeddable":true,"href":"https:\/\/paracherkaoui.ma\/index.php\/wp-json\/wp\/v2\/product_brand?post=14806"},{"taxonomy":"product_cat","embeddable":true,"href":"https:\/\/paracherkaoui.ma\/index.php\/wp-json\/wp\/v2\/product_cat?post=14806"},{"taxonomy":"product_tag","embeddable":true,"href":"https:\/\/paracherkaoui.ma\/index.php\/wp-json\/wp\/v2\/product_tag?post=14806"}],"curies":[{"name":"wp","href":"https:\/\/api.w.org\/{rel}","templated":true}]}}