{"id":14716,"date":"2025-12-12T17:50:49","date_gmt":"2025-12-12T16:50:49","guid":{"rendered":"https:\/\/test.ecbeaute.com\/?post_type=product&#038;p=14716"},"modified":"2025-12-12T17:50:53","modified_gmt":"2025-12-12T16:50:53","slug":"odarym-apres-shampoing-demelant-a-laloe-vera-et-huile-dargan-250-ml","status":"publish","type":"product","link":"https:\/\/paracherkaoui.ma\/index.php\/produit\/odarym-apres-shampoing-demelant-a-laloe-vera-et-huile-dargan-250-ml\/","title":{"rendered":"ODARYM APRES SHAMPOING DEMELANT A L&rsquo;ALOE VERA ET HUILE D&rsquo;ARGAN 250 ML"},"content":{"rendered":"<p>Cet apr\u00e8s-shampoing hydratant \u00e0 base d\u2019aloe vera ingr\u00e9dient connu pour hydrater intens\u00e9ment les cheveux, il apportera brillance et va r\u00e9guler l\u2019exc\u00e8s de s\u00e9bum et va apporter l\u2019hydratation dont vos cheveux auront besoin, formul\u00e9 pour d\u00e9m\u00ealer efficacement les cheveux, les laissant hydrat\u00e9s, facile \u00e0 coiffer et forts, excellent pour les personnes ayant les cheveux gras et\/ou mixtes .<br \/>\nConseils d&rsquo;utilisation:<br \/>\nAppliquez sur les longueurs des cheveux, d\u00e9m\u00ealez avec vos doigts et votre peigne, laissez reposer 5-10minutes et rincez !<\/p>\n","protected":false},"excerpt":{"rendered":"<p>Cet apr\u00e8s-shampoing hydratant \u00e0 base d\u2019aloe vera ingr\u00e9dient connu pour hydrater intens\u00e9ment les cheveux, il apportera brillance et va r\u00e9guler<\/p>\n","protected":false},"featured_media":14769,"comment_status":"open","ping_status":"closed","template":"","meta":[],"product_brand":[208],"product_cat":[225],"product_tag":[],"class_list":{"0":"post-14716","1":"product","2":"type-product","3":"status-publish","4":"has-post-thumbnail","6":"product_brand-odarym","7":"product_cat-apres-shampoing","9":"first","10":"instock","11":"shipping-taxable","12":"purchasable","13":"product-type-simple"},"yoast_head":"<!-- This site is optimized with the Yoast SEO plugin v26.6 - https:\/\/yoast.com\/wordpress\/plugins\/seo\/ -->\r\n<title>ODARYM APRES SHAMPOING DEMELANT A L&#039;ALOE VERA ET HUILE D&#039;ARGAN 250 ML - Paracherkaoui.ma<\/title>\r\n<meta name=\"robots\" content=\"index, follow, max-snippet:-1, max-image-preview:large, max-video-preview:-1\" \/>\r\n<link rel=\"canonical\" href=\"https:\/\/paracherkaoui.ma\/index.php\/produit\/odarym-apres-shampoing-demelant-a-laloe-vera-et-huile-dargan-250-ml\/\" \/>\r\n<meta property=\"og:locale\" content=\"fr_FR\" \/>\r\n<meta property=\"og:type\" content=\"article\" \/>\r\n<meta property=\"og:title\" content=\"ODARYM APRES SHAMPOING DEMELANT A L&#039;ALOE VERA ET HUILE D&#039;ARGAN 250 ML - Paracherkaoui.ma\" \/>\r\n<meta property=\"og:description\" content=\"Cet apr\u00e8s-shampoing hydratant \u00e0 base d\u2019aloe vera ingr\u00e9dient connu pour hydrater intens\u00e9ment les cheveux, il apportera brillance et va r\u00e9guler\" \/>\r\n<meta property=\"og:url\" content=\"https:\/\/paracherkaoui.ma\/index.php\/produit\/odarym-apres-shampoing-demelant-a-laloe-vera-et-huile-dargan-250-ml\/\" \/>\r\n<meta property=\"og:site_name\" content=\"Paracherkaoui.ma\" \/>\r\n<meta property=\"article:modified_time\" content=\"2025-12-12T16:50:53+00:00\" \/>\r\n<meta property=\"og:image\" content=\"https:\/\/paracherkaoui.ma\/wp-content\/uploads\/2025\/12\/odarym-odarym-apres-shampoing-demelant-a-laloe-vera-et-huile-dargan-250-ml-soins-cheveux.jpg\" \/>\r\n\t<meta property=\"og:image:width\" content=\"700\" \/>\r\n\t<meta property=\"og:image:height\" content=\"700\" \/>\r\n\t<meta property=\"og:image:type\" content=\"image\/jpeg\" \/>\r\n<meta name=\"twitter:card\" content=\"summary_large_image\" \/>\r\n<script type=\"application\/ld+json\" class=\"yoast-schema-graph\">{\"@context\":\"https:\/\/schema.org\",\"@graph\":[{\"@type\":\"WebPage\",\"@id\":\"https:\/\/paracherkaoui.ma\/index.php\/produit\/odarym-apres-shampoing-demelant-a-laloe-vera-et-huile-dargan-250-ml\/\",\"url\":\"https:\/\/paracherkaoui.ma\/index.php\/produit\/odarym-apres-shampoing-demelant-a-laloe-vera-et-huile-dargan-250-ml\/\",\"name\":\"ODARYM APRES SHAMPOING DEMELANT A L'ALOE VERA ET HUILE D'ARGAN 250 ML - Paracherkaoui.ma\",\"isPartOf\":{\"@id\":\"https:\/\/paracherkaoui.ma\/#website\"},\"primaryImageOfPage\":{\"@id\":\"https:\/\/paracherkaoui.ma\/index.php\/produit\/odarym-apres-shampoing-demelant-a-laloe-vera-et-huile-dargan-250-ml\/#primaryimage\"},\"image\":{\"@id\":\"https:\/\/paracherkaoui.ma\/index.php\/produit\/odarym-apres-shampoing-demelant-a-laloe-vera-et-huile-dargan-250-ml\/#primaryimage\"},\"thumbnailUrl\":\"https:\/\/paracherkaoui.ma\/wp-content\/uploads\/2025\/12\/odarym-odarym-apres-shampoing-demelant-a-laloe-vera-et-huile-dargan-250-ml-soins-cheveux.jpg\",\"datePublished\":\"2025-12-12T16:50:49+00:00\",\"dateModified\":\"2025-12-12T16:50:53+00:00\",\"breadcrumb\":{\"@id\":\"https:\/\/paracherkaoui.ma\/index.php\/produit\/odarym-apres-shampoing-demelant-a-laloe-vera-et-huile-dargan-250-ml\/#breadcrumb\"},\"inLanguage\":\"fr-FR\",\"potentialAction\":[{\"@type\":\"ReadAction\",\"target\":[\"https:\/\/paracherkaoui.ma\/index.php\/produit\/odarym-apres-shampoing-demelant-a-laloe-vera-et-huile-dargan-250-ml\/\"]}]},{\"@type\":\"ImageObject\",\"inLanguage\":\"fr-FR\",\"@id\":\"https:\/\/paracherkaoui.ma\/index.php\/produit\/odarym-apres-shampoing-demelant-a-laloe-vera-et-huile-dargan-250-ml\/#primaryimage\",\"url\":\"https:\/\/paracherkaoui.ma\/wp-content\/uploads\/2025\/12\/odarym-odarym-apres-shampoing-demelant-a-laloe-vera-et-huile-dargan-250-ml-soins-cheveux.jpg\",\"contentUrl\":\"https:\/\/paracherkaoui.ma\/wp-content\/uploads\/2025\/12\/odarym-odarym-apres-shampoing-demelant-a-laloe-vera-et-huile-dargan-250-ml-soins-cheveux.jpg\",\"width\":700,\"height\":700},{\"@type\":\"BreadcrumbList\",\"@id\":\"https:\/\/paracherkaoui.ma\/index.php\/produit\/odarym-apres-shampoing-demelant-a-laloe-vera-et-huile-dargan-250-ml\/#breadcrumb\",\"itemListElement\":[{\"@type\":\"ListItem\",\"position\":1,\"name\":\"Accueil\",\"item\":\"https:\/\/paracherkaoui.ma\/\"},{\"@type\":\"ListItem\",\"position\":2,\"name\":\"Boutique\",\"item\":\"https:\/\/paracherkaoui.ma\/index.php\/boutique\/\"},{\"@type\":\"ListItem\",\"position\":3,\"name\":\"ODARYM APRES SHAMPOING DEMELANT A L&rsquo;ALOE VERA ET HUILE D&rsquo;ARGAN 250 ML\"}]},{\"@type\":\"WebSite\",\"@id\":\"https:\/\/paracherkaoui.ma\/#website\",\"url\":\"https:\/\/paracherkaoui.ma\/\",\"name\":\"Paracherkaoui.ma\",\"description\":\"Achetez en ligne sur Paracherkaoui.ma\",\"potentialAction\":[{\"@type\":\"SearchAction\",\"target\":{\"@type\":\"EntryPoint\",\"urlTemplate\":\"https:\/\/paracherkaoui.ma\/?s={search_term_string}\"},\"query-input\":{\"@type\":\"PropertyValueSpecification\",\"valueRequired\":true,\"valueName\":\"search_term_string\"}}],\"inLanguage\":\"fr-FR\"}]}<\/script>\r\n<!-- \/ Yoast SEO plugin. -->","yoast_head_json":{"title":"ODARYM APRES SHAMPOING DEMELANT A L'ALOE VERA ET HUILE D'ARGAN 250 ML - Paracherkaoui.ma","robots":{"index":"index","follow":"follow","max-snippet":"max-snippet:-1","max-image-preview":"max-image-preview:large","max-video-preview":"max-video-preview:-1"},"canonical":"https:\/\/paracherkaoui.ma\/index.php\/produit\/odarym-apres-shampoing-demelant-a-laloe-vera-et-huile-dargan-250-ml\/","og_locale":"fr_FR","og_type":"article","og_title":"ODARYM APRES SHAMPOING DEMELANT A L'ALOE VERA ET HUILE D'ARGAN 250 ML - Paracherkaoui.ma","og_description":"Cet apr\u00e8s-shampoing hydratant \u00e0 base d\u2019aloe vera ingr\u00e9dient connu pour hydrater intens\u00e9ment les cheveux, il apportera brillance et va r\u00e9guler","og_url":"https:\/\/paracherkaoui.ma\/index.php\/produit\/odarym-apres-shampoing-demelant-a-laloe-vera-et-huile-dargan-250-ml\/","og_site_name":"Paracherkaoui.ma","article_modified_time":"2025-12-12T16:50:53+00:00","og_image":[{"width":700,"height":700,"url":"https:\/\/paracherkaoui.ma\/wp-content\/uploads\/2025\/12\/odarym-odarym-apres-shampoing-demelant-a-laloe-vera-et-huile-dargan-250-ml-soins-cheveux.jpg","type":"image\/jpeg"}],"twitter_card":"summary_large_image","schema":{"@context":"https:\/\/schema.org","@graph":[{"@type":"WebPage","@id":"https:\/\/paracherkaoui.ma\/index.php\/produit\/odarym-apres-shampoing-demelant-a-laloe-vera-et-huile-dargan-250-ml\/","url":"https:\/\/paracherkaoui.ma\/index.php\/produit\/odarym-apres-shampoing-demelant-a-laloe-vera-et-huile-dargan-250-ml\/","name":"ODARYM APRES SHAMPOING DEMELANT A L'ALOE VERA ET HUILE D'ARGAN 250 ML - Paracherkaoui.ma","isPartOf":{"@id":"https:\/\/paracherkaoui.ma\/#website"},"primaryImageOfPage":{"@id":"https:\/\/paracherkaoui.ma\/index.php\/produit\/odarym-apres-shampoing-demelant-a-laloe-vera-et-huile-dargan-250-ml\/#primaryimage"},"image":{"@id":"https:\/\/paracherkaoui.ma\/index.php\/produit\/odarym-apres-shampoing-demelant-a-laloe-vera-et-huile-dargan-250-ml\/#primaryimage"},"thumbnailUrl":"https:\/\/paracherkaoui.ma\/wp-content\/uploads\/2025\/12\/odarym-odarym-apres-shampoing-demelant-a-laloe-vera-et-huile-dargan-250-ml-soins-cheveux.jpg","datePublished":"2025-12-12T16:50:49+00:00","dateModified":"2025-12-12T16:50:53+00:00","breadcrumb":{"@id":"https:\/\/paracherkaoui.ma\/index.php\/produit\/odarym-apres-shampoing-demelant-a-laloe-vera-et-huile-dargan-250-ml\/#breadcrumb"},"inLanguage":"fr-FR","potentialAction":[{"@type":"ReadAction","target":["https:\/\/paracherkaoui.ma\/index.php\/produit\/odarym-apres-shampoing-demelant-a-laloe-vera-et-huile-dargan-250-ml\/"]}]},{"@type":"ImageObject","inLanguage":"fr-FR","@id":"https:\/\/paracherkaoui.ma\/index.php\/produit\/odarym-apres-shampoing-demelant-a-laloe-vera-et-huile-dargan-250-ml\/#primaryimage","url":"https:\/\/paracherkaoui.ma\/wp-content\/uploads\/2025\/12\/odarym-odarym-apres-shampoing-demelant-a-laloe-vera-et-huile-dargan-250-ml-soins-cheveux.jpg","contentUrl":"https:\/\/paracherkaoui.ma\/wp-content\/uploads\/2025\/12\/odarym-odarym-apres-shampoing-demelant-a-laloe-vera-et-huile-dargan-250-ml-soins-cheveux.jpg","width":700,"height":700},{"@type":"BreadcrumbList","@id":"https:\/\/paracherkaoui.ma\/index.php\/produit\/odarym-apres-shampoing-demelant-a-laloe-vera-et-huile-dargan-250-ml\/#breadcrumb","itemListElement":[{"@type":"ListItem","position":1,"name":"Accueil","item":"https:\/\/paracherkaoui.ma\/"},{"@type":"ListItem","position":2,"name":"Boutique","item":"https:\/\/paracherkaoui.ma\/index.php\/boutique\/"},{"@type":"ListItem","position":3,"name":"ODARYM APRES SHAMPOING DEMELANT A L&rsquo;ALOE VERA ET HUILE D&rsquo;ARGAN 250 ML"}]},{"@type":"WebSite","@id":"https:\/\/paracherkaoui.ma\/#website","url":"https:\/\/paracherkaoui.ma\/","name":"Paracherkaoui.ma","description":"Achetez en ligne sur Paracherkaoui.ma","potentialAction":[{"@type":"SearchAction","target":{"@type":"EntryPoint","urlTemplate":"https:\/\/paracherkaoui.ma\/?s={search_term_string}"},"query-input":{"@type":"PropertyValueSpecification","valueRequired":true,"valueName":"search_term_string"}}],"inLanguage":"fr-FR"}]}},"_links":{"self":[{"href":"https:\/\/paracherkaoui.ma\/index.php\/wp-json\/wp\/v2\/product\/14716","targetHints":{"allow":["GET"]}}],"collection":[{"href":"https:\/\/paracherkaoui.ma\/index.php\/wp-json\/wp\/v2\/product"}],"about":[{"href":"https:\/\/paracherkaoui.ma\/index.php\/wp-json\/wp\/v2\/types\/product"}],"replies":[{"embeddable":true,"href":"https:\/\/paracherkaoui.ma\/index.php\/wp-json\/wp\/v2\/comments?post=14716"}],"version-history":[{"count":1,"href":"https:\/\/paracherkaoui.ma\/index.php\/wp-json\/wp\/v2\/product\/14716\/revisions"}],"predecessor-version":[{"id":14770,"href":"https:\/\/paracherkaoui.ma\/index.php\/wp-json\/wp\/v2\/product\/14716\/revisions\/14770"}],"wp:featuredmedia":[{"embeddable":true,"href":"https:\/\/paracherkaoui.ma\/index.php\/wp-json\/wp\/v2\/media\/14769"}],"wp:attachment":[{"href":"https:\/\/paracherkaoui.ma\/index.php\/wp-json\/wp\/v2\/media?parent=14716"}],"wp:term":[{"taxonomy":"product_brand","embeddable":true,"href":"https:\/\/paracherkaoui.ma\/index.php\/wp-json\/wp\/v2\/product_brand?post=14716"},{"taxonomy":"product_cat","embeddable":true,"href":"https:\/\/paracherkaoui.ma\/index.php\/wp-json\/wp\/v2\/product_cat?post=14716"},{"taxonomy":"product_tag","embeddable":true,"href":"https:\/\/paracherkaoui.ma\/index.php\/wp-json\/wp\/v2\/product_tag?post=14716"}],"curies":[{"name":"wp","href":"https:\/\/api.w.org\/{rel}","templated":true}]}}