{"id":14709,"date":"2025-12-12T17:50:49","date_gmt":"2025-12-12T16:50:49","guid":{"rendered":"https:\/\/test.ecbeaute.com\/?post_type=product&#038;p=14709"},"modified":"2025-12-12T17:50:52","modified_gmt":"2025-12-12T16:50:52","slug":"phyto-reparation-apres-shampooing-175-ml","status":"publish","type":"product","link":"https:\/\/paracherkaoui.ma\/index.php\/produit\/phyto-reparation-apres-shampooing-175-ml\/","title":{"rendered":"PHYTO REPARATION APRES SHAMPOOING 175 ML"},"content":{"rendered":"<p>Au c\u0153ur de la formule, un nouveau complexe biomim\u00e9tique \u00ab\u00a0K\u00e9ratine A18+\u00a0\u00bb issue de la recherche v\u00e9g\u00e9tale : une k\u00e9ratine compos\u00e9e de 18 acides amin\u00e9s boost\u00e9s qui agit comme un combleur intra-fibre pour recr\u00e9er de la mati\u00e8re au c\u0153ur du cheveu et restaurer la fibre endommag\u00e9e. Issue d\u2019Avoine noir et Lupin cette k\u00e9ratine v\u00e9g\u00e9tale supercharg\u00e9e en acides amin\u00e9s garantie la r\u00e9sistance d\u2019un cheveu naturellement sain et en bonne sant\u00e9 ! Gr\u00e2ce \u00e0 une extraction de mauve blanche, les cheveux sont deux fois plus brillants.<br \/>\nCONSEILS D&rsquo;UTILISATION:<br \/>\nAppliquer sur les longueurs apr\u00e8s le shampooing. Laisser poser 1 \u00e0 2 minutes. Rincer.<\/p>\n","protected":false},"excerpt":{"rendered":"<p>Au c\u0153ur de la formule, un nouveau complexe biomim\u00e9tique \u00ab\u00a0K\u00e9ratine A18+\u00a0\u00bb issue de la recherche v\u00e9g\u00e9tale : une k\u00e9ratine compos\u00e9e<\/p>\n","protected":false},"featured_media":14755,"comment_status":"open","ping_status":"closed","template":"","meta":[],"product_brand":[233],"product_cat":[225],"product_tag":[],"class_list":{"0":"post-14709","1":"product","2":"type-product","3":"status-publish","4":"has-post-thumbnail","6":"product_brand-phyto","7":"product_cat-apres-shampoing","9":"first","10":"instock","11":"shipping-taxable","12":"purchasable","13":"product-type-simple"},"yoast_head":"<!-- This site is optimized with the Yoast SEO plugin v26.6 - https:\/\/yoast.com\/wordpress\/plugins\/seo\/ -->\r\n<title>PHYTO REPARATION APRES SHAMPOOING 175 ML - Paracherkaoui.ma<\/title>\r\n<meta name=\"robots\" content=\"index, follow, max-snippet:-1, max-image-preview:large, max-video-preview:-1\" \/>\r\n<link rel=\"canonical\" href=\"https:\/\/paracherkaoui.ma\/index.php\/produit\/phyto-reparation-apres-shampooing-175-ml\/\" \/>\r\n<meta property=\"og:locale\" content=\"fr_FR\" \/>\r\n<meta property=\"og:type\" content=\"article\" \/>\r\n<meta property=\"og:title\" content=\"PHYTO REPARATION APRES SHAMPOOING 175 ML - Paracherkaoui.ma\" \/>\r\n<meta property=\"og:description\" content=\"Au c\u0153ur de la formule, un nouveau complexe biomim\u00e9tique \u00ab\u00a0K\u00e9ratine A18+\u00a0\u00bb issue de la recherche v\u00e9g\u00e9tale : une k\u00e9ratine compos\u00e9e\" \/>\r\n<meta property=\"og:url\" content=\"https:\/\/paracherkaoui.ma\/index.php\/produit\/phyto-reparation-apres-shampooing-175-ml\/\" \/>\r\n<meta property=\"og:site_name\" content=\"Paracherkaoui.ma\" \/>\r\n<meta property=\"article:modified_time\" content=\"2025-12-12T16:50:52+00:00\" \/>\r\n<meta property=\"og:image\" content=\"https:\/\/paracherkaoui.ma\/wp-content\/uploads\/2025\/12\/phyto-phyto-reparation-apres-shampooing-175-ml-apres-shampoing.jpg\" \/>\r\n\t<meta property=\"og:image:width\" content=\"700\" \/>\r\n\t<meta property=\"og:image:height\" content=\"700\" \/>\r\n\t<meta property=\"og:image:type\" content=\"image\/jpeg\" \/>\r\n<meta name=\"twitter:card\" content=\"summary_large_image\" \/>\r\n<meta name=\"twitter:label1\" content=\"Dur\u00e9e de lecture estim\u00e9e\" \/>\n\t<meta name=\"twitter:data1\" content=\"1 minute\" \/>\r\n<script type=\"application\/ld+json\" class=\"yoast-schema-graph\">{\"@context\":\"https:\/\/schema.org\",\"@graph\":[{\"@type\":\"WebPage\",\"@id\":\"https:\/\/paracherkaoui.ma\/index.php\/produit\/phyto-reparation-apres-shampooing-175-ml\/\",\"url\":\"https:\/\/paracherkaoui.ma\/index.php\/produit\/phyto-reparation-apres-shampooing-175-ml\/\",\"name\":\"PHYTO REPARATION APRES SHAMPOOING 175 ML - Paracherkaoui.ma\",\"isPartOf\":{\"@id\":\"https:\/\/paracherkaoui.ma\/#website\"},\"primaryImageOfPage\":{\"@id\":\"https:\/\/paracherkaoui.ma\/index.php\/produit\/phyto-reparation-apres-shampooing-175-ml\/#primaryimage\"},\"image\":{\"@id\":\"https:\/\/paracherkaoui.ma\/index.php\/produit\/phyto-reparation-apres-shampooing-175-ml\/#primaryimage\"},\"thumbnailUrl\":\"https:\/\/paracherkaoui.ma\/wp-content\/uploads\/2025\/12\/phyto-phyto-reparation-apres-shampooing-175-ml-apres-shampoing.jpg\",\"datePublished\":\"2025-12-12T16:50:49+00:00\",\"dateModified\":\"2025-12-12T16:50:52+00:00\",\"breadcrumb\":{\"@id\":\"https:\/\/paracherkaoui.ma\/index.php\/produit\/phyto-reparation-apres-shampooing-175-ml\/#breadcrumb\"},\"inLanguage\":\"fr-FR\",\"potentialAction\":[{\"@type\":\"ReadAction\",\"target\":[\"https:\/\/paracherkaoui.ma\/index.php\/produit\/phyto-reparation-apres-shampooing-175-ml\/\"]}]},{\"@type\":\"ImageObject\",\"inLanguage\":\"fr-FR\",\"@id\":\"https:\/\/paracherkaoui.ma\/index.php\/produit\/phyto-reparation-apres-shampooing-175-ml\/#primaryimage\",\"url\":\"https:\/\/paracherkaoui.ma\/wp-content\/uploads\/2025\/12\/phyto-phyto-reparation-apres-shampooing-175-ml-apres-shampoing.jpg\",\"contentUrl\":\"https:\/\/paracherkaoui.ma\/wp-content\/uploads\/2025\/12\/phyto-phyto-reparation-apres-shampooing-175-ml-apres-shampoing.jpg\",\"width\":700,\"height\":700},{\"@type\":\"BreadcrumbList\",\"@id\":\"https:\/\/paracherkaoui.ma\/index.php\/produit\/phyto-reparation-apres-shampooing-175-ml\/#breadcrumb\",\"itemListElement\":[{\"@type\":\"ListItem\",\"position\":1,\"name\":\"Accueil\",\"item\":\"https:\/\/paracherkaoui.ma\/\"},{\"@type\":\"ListItem\",\"position\":2,\"name\":\"Boutique\",\"item\":\"https:\/\/paracherkaoui.ma\/index.php\/boutique\/\"},{\"@type\":\"ListItem\",\"position\":3,\"name\":\"PHYTO REPARATION APRES SHAMPOOING 175 ML\"}]},{\"@type\":\"WebSite\",\"@id\":\"https:\/\/paracherkaoui.ma\/#website\",\"url\":\"https:\/\/paracherkaoui.ma\/\",\"name\":\"Paracherkaoui.ma\",\"description\":\"Achetez en ligne sur Paracherkaoui.ma\",\"potentialAction\":[{\"@type\":\"SearchAction\",\"target\":{\"@type\":\"EntryPoint\",\"urlTemplate\":\"https:\/\/paracherkaoui.ma\/?s={search_term_string}\"},\"query-input\":{\"@type\":\"PropertyValueSpecification\",\"valueRequired\":true,\"valueName\":\"search_term_string\"}}],\"inLanguage\":\"fr-FR\"}]}<\/script>\r\n<!-- \/ Yoast SEO plugin. -->","yoast_head_json":{"title":"PHYTO REPARATION APRES SHAMPOOING 175 ML - Paracherkaoui.ma","robots":{"index":"index","follow":"follow","max-snippet":"max-snippet:-1","max-image-preview":"max-image-preview:large","max-video-preview":"max-video-preview:-1"},"canonical":"https:\/\/paracherkaoui.ma\/index.php\/produit\/phyto-reparation-apres-shampooing-175-ml\/","og_locale":"fr_FR","og_type":"article","og_title":"PHYTO REPARATION APRES SHAMPOOING 175 ML - Paracherkaoui.ma","og_description":"Au c\u0153ur de la formule, un nouveau complexe biomim\u00e9tique \u00ab\u00a0K\u00e9ratine A18+\u00a0\u00bb issue de la recherche v\u00e9g\u00e9tale : une k\u00e9ratine compos\u00e9e","og_url":"https:\/\/paracherkaoui.ma\/index.php\/produit\/phyto-reparation-apres-shampooing-175-ml\/","og_site_name":"Paracherkaoui.ma","article_modified_time":"2025-12-12T16:50:52+00:00","og_image":[{"width":700,"height":700,"url":"https:\/\/paracherkaoui.ma\/wp-content\/uploads\/2025\/12\/phyto-phyto-reparation-apres-shampooing-175-ml-apres-shampoing.jpg","type":"image\/jpeg"}],"twitter_card":"summary_large_image","twitter_misc":{"Dur\u00e9e de lecture estim\u00e9e":"1 minute"},"schema":{"@context":"https:\/\/schema.org","@graph":[{"@type":"WebPage","@id":"https:\/\/paracherkaoui.ma\/index.php\/produit\/phyto-reparation-apres-shampooing-175-ml\/","url":"https:\/\/paracherkaoui.ma\/index.php\/produit\/phyto-reparation-apres-shampooing-175-ml\/","name":"PHYTO REPARATION APRES SHAMPOOING 175 ML - Paracherkaoui.ma","isPartOf":{"@id":"https:\/\/paracherkaoui.ma\/#website"},"primaryImageOfPage":{"@id":"https:\/\/paracherkaoui.ma\/index.php\/produit\/phyto-reparation-apres-shampooing-175-ml\/#primaryimage"},"image":{"@id":"https:\/\/paracherkaoui.ma\/index.php\/produit\/phyto-reparation-apres-shampooing-175-ml\/#primaryimage"},"thumbnailUrl":"https:\/\/paracherkaoui.ma\/wp-content\/uploads\/2025\/12\/phyto-phyto-reparation-apres-shampooing-175-ml-apres-shampoing.jpg","datePublished":"2025-12-12T16:50:49+00:00","dateModified":"2025-12-12T16:50:52+00:00","breadcrumb":{"@id":"https:\/\/paracherkaoui.ma\/index.php\/produit\/phyto-reparation-apres-shampooing-175-ml\/#breadcrumb"},"inLanguage":"fr-FR","potentialAction":[{"@type":"ReadAction","target":["https:\/\/paracherkaoui.ma\/index.php\/produit\/phyto-reparation-apres-shampooing-175-ml\/"]}]},{"@type":"ImageObject","inLanguage":"fr-FR","@id":"https:\/\/paracherkaoui.ma\/index.php\/produit\/phyto-reparation-apres-shampooing-175-ml\/#primaryimage","url":"https:\/\/paracherkaoui.ma\/wp-content\/uploads\/2025\/12\/phyto-phyto-reparation-apres-shampooing-175-ml-apres-shampoing.jpg","contentUrl":"https:\/\/paracherkaoui.ma\/wp-content\/uploads\/2025\/12\/phyto-phyto-reparation-apres-shampooing-175-ml-apres-shampoing.jpg","width":700,"height":700},{"@type":"BreadcrumbList","@id":"https:\/\/paracherkaoui.ma\/index.php\/produit\/phyto-reparation-apres-shampooing-175-ml\/#breadcrumb","itemListElement":[{"@type":"ListItem","position":1,"name":"Accueil","item":"https:\/\/paracherkaoui.ma\/"},{"@type":"ListItem","position":2,"name":"Boutique","item":"https:\/\/paracherkaoui.ma\/index.php\/boutique\/"},{"@type":"ListItem","position":3,"name":"PHYTO REPARATION APRES SHAMPOOING 175 ML"}]},{"@type":"WebSite","@id":"https:\/\/paracherkaoui.ma\/#website","url":"https:\/\/paracherkaoui.ma\/","name":"Paracherkaoui.ma","description":"Achetez en ligne sur Paracherkaoui.ma","potentialAction":[{"@type":"SearchAction","target":{"@type":"EntryPoint","urlTemplate":"https:\/\/paracherkaoui.ma\/?s={search_term_string}"},"query-input":{"@type":"PropertyValueSpecification","valueRequired":true,"valueName":"search_term_string"}}],"inLanguage":"fr-FR"}]}},"_links":{"self":[{"href":"https:\/\/paracherkaoui.ma\/index.php\/wp-json\/wp\/v2\/product\/14709","targetHints":{"allow":["GET"]}}],"collection":[{"href":"https:\/\/paracherkaoui.ma\/index.php\/wp-json\/wp\/v2\/product"}],"about":[{"href":"https:\/\/paracherkaoui.ma\/index.php\/wp-json\/wp\/v2\/types\/product"}],"replies":[{"embeddable":true,"href":"https:\/\/paracherkaoui.ma\/index.php\/wp-json\/wp\/v2\/comments?post=14709"}],"version-history":[{"count":1,"href":"https:\/\/paracherkaoui.ma\/index.php\/wp-json\/wp\/v2\/product\/14709\/revisions"}],"predecessor-version":[{"id":14756,"href":"https:\/\/paracherkaoui.ma\/index.php\/wp-json\/wp\/v2\/product\/14709\/revisions\/14756"}],"wp:featuredmedia":[{"embeddable":true,"href":"https:\/\/paracherkaoui.ma\/index.php\/wp-json\/wp\/v2\/media\/14755"}],"wp:attachment":[{"href":"https:\/\/paracherkaoui.ma\/index.php\/wp-json\/wp\/v2\/media?parent=14709"}],"wp:term":[{"taxonomy":"product_brand","embeddable":true,"href":"https:\/\/paracherkaoui.ma\/index.php\/wp-json\/wp\/v2\/product_brand?post=14709"},{"taxonomy":"product_cat","embeddable":true,"href":"https:\/\/paracherkaoui.ma\/index.php\/wp-json\/wp\/v2\/product_cat?post=14709"},{"taxonomy":"product_tag","embeddable":true,"href":"https:\/\/paracherkaoui.ma\/index.php\/wp-json\/wp\/v2\/product_tag?post=14709"}],"curies":[{"name":"wp","href":"https:\/\/api.w.org\/{rel}","templated":true}]}}