{"id":14699,"date":"2025-12-12T17:50:49","date_gmt":"2025-12-12T16:50:49","guid":{"rendered":"https:\/\/test.ecbeaute.com\/?post_type=product&#038;p=14699"},"modified":"2025-12-12T17:50:51","modified_gmt":"2025-12-12T16:50:51","slug":"luxeol-conditionner-croissance-150-ml","status":"publish","type":"product","link":"https:\/\/paracherkaoui.ma\/index.php\/produit\/luxeol-conditionner-croissance-150-ml\/","title":{"rendered":"LUXEOL CONDITIONNER CROISSANCE 150 ML"},"content":{"rendered":"<p>Lux\u00e9ol Conditionneur Croissance 150 ML : Acc\u00e9l\u00e9rez la Croissance de Vos Cheveux !<br \/>\nTransformez votre routine capillaire avec le Conditionneur Croissance Lux\u00e9ol, une solution innovante pour des cheveux plus longs, plus rapidement. Ce soin sans rin\u00e7age combine une texture cr\u00e9meuse l\u00e9g\u00e8re \u00e0 une formule compos\u00e9e d\u2019ingr\u00e9dients d\u2019origine naturelle, pour nourrir intens\u00e9ment sans alourdir la fibre capillaire. Issu du c\u00e9l\u00e8bre protocole Croissance de Lux\u00e9ol, ce conditionneur est cliniquement prouv\u00e9 pour acc\u00e9l\u00e9rer la croissance des cheveux jusqu\u2019\u00e0 60 %, soit 6 cm en seulement 3 mois !<br \/>\nLes Bienfaits du Conditionneur Croissance Lux\u00e9ol<br \/>\nCroissance Acc\u00e9l\u00e9r\u00e9e : Vos cheveux poussent visiblement plus vite gr\u00e2ce \u00e0 une formule test\u00e9e et approuv\u00e9e par une \u00e9tude clinique r\u00e9alis\u00e9e sur 87 femmes, avec une efficacit\u00e9 prouv\u00e9e dans 100 % des cas.<br \/>\nHydratation et Nutrition : Sa texture l\u00e9g\u00e8re hydrate vos cheveux en profondeur tout en leur apportant souplesse et brillance.<br \/>\nFormule Naturelle : Enrichi \u00e0 96 % d\u2019ingr\u00e9dients d\u2019origine naturelle, il respecte la sant\u00e9 de vos cheveux et de votre cuir chevelu.<br \/>\nConseils d\u2019utilisation :<br \/>\nAppliquez quotidiennement sur cheveux propres et secs ou l\u00e9g\u00e8rement humides.<br \/>\nR\u00e9partissez uniform\u00e9ment sur les longueurs et pointes en \u00e9vitant les racines pour ne pas graisser vos cheveux.<br \/>\nNe pas rincer : Laissez agir pour profiter de ses bienfaits tout au long de la journ\u00e9e.<\/p>\n","protected":false},"excerpt":{"rendered":"<p>Lux\u00e9ol Conditionneur Croissance 150 ML : Acc\u00e9l\u00e9rez la Croissance de Vos Cheveux ! Transformez votre routine capillaire avec le Conditionneur<\/p>\n","protected":false},"featured_media":14736,"comment_status":"open","ping_status":"closed","template":"","meta":[],"product_brand":[146],"product_cat":[225],"product_tag":[],"class_list":{"0":"post-14699","1":"product","2":"type-product","3":"status-publish","4":"has-post-thumbnail","6":"product_brand-luxeol","7":"product_cat-apres-shampoing","9":"first","10":"instock","11":"sale","12":"shipping-taxable","13":"purchasable","14":"product-type-simple"},"yoast_head":"<!-- This site is optimized with the Yoast SEO plugin v26.6 - https:\/\/yoast.com\/wordpress\/plugins\/seo\/ -->\r\n<title>LUXEOL CONDITIONNER CROISSANCE 150 ML - Paracherkaoui.ma<\/title>\r\n<meta name=\"robots\" content=\"index, follow, max-snippet:-1, max-image-preview:large, max-video-preview:-1\" \/>\r\n<link rel=\"canonical\" href=\"https:\/\/paracherkaoui.ma\/index.php\/produit\/luxeol-conditionner-croissance-150-ml\/\" \/>\r\n<meta property=\"og:locale\" content=\"fr_FR\" \/>\r\n<meta property=\"og:type\" content=\"article\" \/>\r\n<meta property=\"og:title\" content=\"LUXEOL CONDITIONNER CROISSANCE 150 ML - Paracherkaoui.ma\" \/>\r\n<meta property=\"og:description\" content=\"Lux\u00e9ol Conditionneur Croissance 150 ML : Acc\u00e9l\u00e9rez la Croissance de Vos Cheveux ! Transformez votre routine capillaire avec le Conditionneur\" \/>\r\n<meta property=\"og:url\" content=\"https:\/\/paracherkaoui.ma\/index.php\/produit\/luxeol-conditionner-croissance-150-ml\/\" \/>\r\n<meta property=\"og:site_name\" content=\"Paracherkaoui.ma\" \/>\r\n<meta property=\"article:modified_time\" content=\"2025-12-12T16:50:51+00:00\" \/>\r\n<meta property=\"og:image\" content=\"https:\/\/paracherkaoui.ma\/wp-content\/uploads\/2025\/12\/luxeol-luxeol-conditionner-croissance-150-ml-apres-shampoing.jpg\" \/>\r\n\t<meta property=\"og:image:width\" content=\"700\" \/>\r\n\t<meta property=\"og:image:height\" content=\"700\" \/>\r\n\t<meta property=\"og:image:type\" content=\"image\/jpeg\" \/>\r\n<meta name=\"twitter:card\" content=\"summary_large_image\" \/>\r\n<meta name=\"twitter:label1\" content=\"Dur\u00e9e de lecture estim\u00e9e\" \/>\n\t<meta name=\"twitter:data1\" content=\"1 minute\" \/>\r\n<script type=\"application\/ld+json\" class=\"yoast-schema-graph\">{\"@context\":\"https:\/\/schema.org\",\"@graph\":[{\"@type\":\"WebPage\",\"@id\":\"https:\/\/paracherkaoui.ma\/index.php\/produit\/luxeol-conditionner-croissance-150-ml\/\",\"url\":\"https:\/\/paracherkaoui.ma\/index.php\/produit\/luxeol-conditionner-croissance-150-ml\/\",\"name\":\"LUXEOL CONDITIONNER CROISSANCE 150 ML - Paracherkaoui.ma\",\"isPartOf\":{\"@id\":\"https:\/\/paracherkaoui.ma\/#website\"},\"primaryImageOfPage\":{\"@id\":\"https:\/\/paracherkaoui.ma\/index.php\/produit\/luxeol-conditionner-croissance-150-ml\/#primaryimage\"},\"image\":{\"@id\":\"https:\/\/paracherkaoui.ma\/index.php\/produit\/luxeol-conditionner-croissance-150-ml\/#primaryimage\"},\"thumbnailUrl\":\"https:\/\/paracherkaoui.ma\/wp-content\/uploads\/2025\/12\/luxeol-luxeol-conditionner-croissance-150-ml-apres-shampoing.jpg\",\"datePublished\":\"2025-12-12T16:50:49+00:00\",\"dateModified\":\"2025-12-12T16:50:51+00:00\",\"breadcrumb\":{\"@id\":\"https:\/\/paracherkaoui.ma\/index.php\/produit\/luxeol-conditionner-croissance-150-ml\/#breadcrumb\"},\"inLanguage\":\"fr-FR\",\"potentialAction\":[{\"@type\":\"ReadAction\",\"target\":[\"https:\/\/paracherkaoui.ma\/index.php\/produit\/luxeol-conditionner-croissance-150-ml\/\"]}]},{\"@type\":\"ImageObject\",\"inLanguage\":\"fr-FR\",\"@id\":\"https:\/\/paracherkaoui.ma\/index.php\/produit\/luxeol-conditionner-croissance-150-ml\/#primaryimage\",\"url\":\"https:\/\/paracherkaoui.ma\/wp-content\/uploads\/2025\/12\/luxeol-luxeol-conditionner-croissance-150-ml-apres-shampoing.jpg\",\"contentUrl\":\"https:\/\/paracherkaoui.ma\/wp-content\/uploads\/2025\/12\/luxeol-luxeol-conditionner-croissance-150-ml-apres-shampoing.jpg\",\"width\":700,\"height\":700},{\"@type\":\"BreadcrumbList\",\"@id\":\"https:\/\/paracherkaoui.ma\/index.php\/produit\/luxeol-conditionner-croissance-150-ml\/#breadcrumb\",\"itemListElement\":[{\"@type\":\"ListItem\",\"position\":1,\"name\":\"Accueil\",\"item\":\"https:\/\/paracherkaoui.ma\/\"},{\"@type\":\"ListItem\",\"position\":2,\"name\":\"Boutique\",\"item\":\"https:\/\/paracherkaoui.ma\/index.php\/boutique\/\"},{\"@type\":\"ListItem\",\"position\":3,\"name\":\"LUXEOL CONDITIONNER CROISSANCE 150 ML\"}]},{\"@type\":\"WebSite\",\"@id\":\"https:\/\/paracherkaoui.ma\/#website\",\"url\":\"https:\/\/paracherkaoui.ma\/\",\"name\":\"Paracherkaoui.ma\",\"description\":\"Achetez en ligne sur Paracherkaoui.ma\",\"potentialAction\":[{\"@type\":\"SearchAction\",\"target\":{\"@type\":\"EntryPoint\",\"urlTemplate\":\"https:\/\/paracherkaoui.ma\/?s={search_term_string}\"},\"query-input\":{\"@type\":\"PropertyValueSpecification\",\"valueRequired\":true,\"valueName\":\"search_term_string\"}}],\"inLanguage\":\"fr-FR\"}]}<\/script>\r\n<!-- \/ Yoast SEO plugin. -->","yoast_head_json":{"title":"LUXEOL CONDITIONNER CROISSANCE 150 ML - Paracherkaoui.ma","robots":{"index":"index","follow":"follow","max-snippet":"max-snippet:-1","max-image-preview":"max-image-preview:large","max-video-preview":"max-video-preview:-1"},"canonical":"https:\/\/paracherkaoui.ma\/index.php\/produit\/luxeol-conditionner-croissance-150-ml\/","og_locale":"fr_FR","og_type":"article","og_title":"LUXEOL CONDITIONNER CROISSANCE 150 ML - Paracherkaoui.ma","og_description":"Lux\u00e9ol Conditionneur Croissance 150 ML : Acc\u00e9l\u00e9rez la Croissance de Vos Cheveux ! Transformez votre routine capillaire avec le Conditionneur","og_url":"https:\/\/paracherkaoui.ma\/index.php\/produit\/luxeol-conditionner-croissance-150-ml\/","og_site_name":"Paracherkaoui.ma","article_modified_time":"2025-12-12T16:50:51+00:00","og_image":[{"width":700,"height":700,"url":"https:\/\/paracherkaoui.ma\/wp-content\/uploads\/2025\/12\/luxeol-luxeol-conditionner-croissance-150-ml-apres-shampoing.jpg","type":"image\/jpeg"}],"twitter_card":"summary_large_image","twitter_misc":{"Dur\u00e9e de lecture estim\u00e9e":"1 minute"},"schema":{"@context":"https:\/\/schema.org","@graph":[{"@type":"WebPage","@id":"https:\/\/paracherkaoui.ma\/index.php\/produit\/luxeol-conditionner-croissance-150-ml\/","url":"https:\/\/paracherkaoui.ma\/index.php\/produit\/luxeol-conditionner-croissance-150-ml\/","name":"LUXEOL CONDITIONNER CROISSANCE 150 ML - Paracherkaoui.ma","isPartOf":{"@id":"https:\/\/paracherkaoui.ma\/#website"},"primaryImageOfPage":{"@id":"https:\/\/paracherkaoui.ma\/index.php\/produit\/luxeol-conditionner-croissance-150-ml\/#primaryimage"},"image":{"@id":"https:\/\/paracherkaoui.ma\/index.php\/produit\/luxeol-conditionner-croissance-150-ml\/#primaryimage"},"thumbnailUrl":"https:\/\/paracherkaoui.ma\/wp-content\/uploads\/2025\/12\/luxeol-luxeol-conditionner-croissance-150-ml-apres-shampoing.jpg","datePublished":"2025-12-12T16:50:49+00:00","dateModified":"2025-12-12T16:50:51+00:00","breadcrumb":{"@id":"https:\/\/paracherkaoui.ma\/index.php\/produit\/luxeol-conditionner-croissance-150-ml\/#breadcrumb"},"inLanguage":"fr-FR","potentialAction":[{"@type":"ReadAction","target":["https:\/\/paracherkaoui.ma\/index.php\/produit\/luxeol-conditionner-croissance-150-ml\/"]}]},{"@type":"ImageObject","inLanguage":"fr-FR","@id":"https:\/\/paracherkaoui.ma\/index.php\/produit\/luxeol-conditionner-croissance-150-ml\/#primaryimage","url":"https:\/\/paracherkaoui.ma\/wp-content\/uploads\/2025\/12\/luxeol-luxeol-conditionner-croissance-150-ml-apres-shampoing.jpg","contentUrl":"https:\/\/paracherkaoui.ma\/wp-content\/uploads\/2025\/12\/luxeol-luxeol-conditionner-croissance-150-ml-apres-shampoing.jpg","width":700,"height":700},{"@type":"BreadcrumbList","@id":"https:\/\/paracherkaoui.ma\/index.php\/produit\/luxeol-conditionner-croissance-150-ml\/#breadcrumb","itemListElement":[{"@type":"ListItem","position":1,"name":"Accueil","item":"https:\/\/paracherkaoui.ma\/"},{"@type":"ListItem","position":2,"name":"Boutique","item":"https:\/\/paracherkaoui.ma\/index.php\/boutique\/"},{"@type":"ListItem","position":3,"name":"LUXEOL CONDITIONNER CROISSANCE 150 ML"}]},{"@type":"WebSite","@id":"https:\/\/paracherkaoui.ma\/#website","url":"https:\/\/paracherkaoui.ma\/","name":"Paracherkaoui.ma","description":"Achetez en ligne sur Paracherkaoui.ma","potentialAction":[{"@type":"SearchAction","target":{"@type":"EntryPoint","urlTemplate":"https:\/\/paracherkaoui.ma\/?s={search_term_string}"},"query-input":{"@type":"PropertyValueSpecification","valueRequired":true,"valueName":"search_term_string"}}],"inLanguage":"fr-FR"}]}},"_links":{"self":[{"href":"https:\/\/paracherkaoui.ma\/index.php\/wp-json\/wp\/v2\/product\/14699","targetHints":{"allow":["GET"]}}],"collection":[{"href":"https:\/\/paracherkaoui.ma\/index.php\/wp-json\/wp\/v2\/product"}],"about":[{"href":"https:\/\/paracherkaoui.ma\/index.php\/wp-json\/wp\/v2\/types\/product"}],"replies":[{"embeddable":true,"href":"https:\/\/paracherkaoui.ma\/index.php\/wp-json\/wp\/v2\/comments?post=14699"}],"version-history":[{"count":1,"href":"https:\/\/paracherkaoui.ma\/index.php\/wp-json\/wp\/v2\/product\/14699\/revisions"}],"predecessor-version":[{"id":14737,"href":"https:\/\/paracherkaoui.ma\/index.php\/wp-json\/wp\/v2\/product\/14699\/revisions\/14737"}],"wp:featuredmedia":[{"embeddable":true,"href":"https:\/\/paracherkaoui.ma\/index.php\/wp-json\/wp\/v2\/media\/14736"}],"wp:attachment":[{"href":"https:\/\/paracherkaoui.ma\/index.php\/wp-json\/wp\/v2\/media?parent=14699"}],"wp:term":[{"taxonomy":"product_brand","embeddable":true,"href":"https:\/\/paracherkaoui.ma\/index.php\/wp-json\/wp\/v2\/product_brand?post=14699"},{"taxonomy":"product_cat","embeddable":true,"href":"https:\/\/paracherkaoui.ma\/index.php\/wp-json\/wp\/v2\/product_cat?post=14699"},{"taxonomy":"product_tag","embeddable":true,"href":"https:\/\/paracherkaoui.ma\/index.php\/wp-json\/wp\/v2\/product_tag?post=14699"}],"curies":[{"name":"wp","href":"https:\/\/api.w.org\/{rel}","templated":true}]}}