{"id":14696,"date":"2025-12-12T17:50:49","date_gmt":"2025-12-12T16:50:49","guid":{"rendered":"https:\/\/test.ecbeaute.com\/?post_type=product&#038;p=14696"},"modified":"2025-12-12T17:50:51","modified_gmt":"2025-12-12T16:50:51","slug":"biokap-creme-baume-capillaire-200ml","status":"publish","type":"product","link":"https:\/\/paracherkaoui.ma\/index.php\/produit\/biokap-creme-baume-capillaire-200ml\/","title":{"rendered":"BIOKAP CREME BAUME CAPILLAIRE 200ML"},"content":{"rendered":"<p>Description:<br \/>\nSoin sp\u00e9cifique pour cheveux color\u00e9s, m\u00e9ch\u00e9s ou permanent\u00e9s Recommand\u00e9 \u00e9galement aux cheveux fins et fragiles, il permet d\u2019\u00e9viter l\u2019\u00e9lectricit\u00e9 statique et les n\u0153uds, rend les cheveux doux et facile \u00e0 d\u00e9m\u00ealer.Renforce la fibre capillaire, rend les cheveux doux et volumineux. Les acides gras insatur\u00e9s, la vitamine E, l\u2019huile d\u2019Argan prot\u00e8gent, restructurent et rendent les cheveux fragiles brillants. Les huiles essentielles de Romarin et Eucalyptus tonifient le cuir chevelu, les extraits de Saule prot\u00e8gent la coloration de l\u2019oxydation caus\u00e9e par les UV.<br \/>\nCONSEILS D\u2019UTILISATION :<br \/>\nAppliquer apr\u00e8s le shampoing sur cheveux mouill\u00e9s sur toute la longueur, peigner avec un peigne \u00e0 larges dents. Laisser poser 2 minutes avant de rincer.<\/p>\n","protected":false},"excerpt":{"rendered":"<p>Description: Soin sp\u00e9cifique pour cheveux color\u00e9s, m\u00e9ch\u00e9s ou permanent\u00e9s Recommand\u00e9 \u00e9galement aux cheveux fins et fragiles, il permet d\u2019\u00e9viter l\u2019\u00e9lectricit\u00e9<\/p>\n","protected":false},"featured_media":14730,"comment_status":"open","ping_status":"closed","template":"","meta":[],"product_brand":[229],"product_cat":[225],"product_tag":[],"class_list":{"0":"post-14696","1":"product","2":"type-product","3":"status-publish","4":"has-post-thumbnail","6":"product_brand-biokap","7":"product_cat-apres-shampoing","9":"first","10":"instock","11":"sale","12":"shipping-taxable","13":"purchasable","14":"product-type-simple"},"yoast_head":"<!-- This site is optimized with the Yoast SEO plugin v26.6 - https:\/\/yoast.com\/wordpress\/plugins\/seo\/ -->\r\n<title>BIOKAP CREME BAUME CAPILLAIRE 200ML - Paracherkaoui.ma<\/title>\r\n<meta name=\"robots\" content=\"index, follow, max-snippet:-1, max-image-preview:large, max-video-preview:-1\" \/>\r\n<link rel=\"canonical\" href=\"https:\/\/paracherkaoui.ma\/index.php\/produit\/biokap-creme-baume-capillaire-200ml\/\" \/>\r\n<meta property=\"og:locale\" content=\"fr_FR\" \/>\r\n<meta property=\"og:type\" content=\"article\" \/>\r\n<meta property=\"og:title\" content=\"BIOKAP CREME BAUME CAPILLAIRE 200ML - Paracherkaoui.ma\" \/>\r\n<meta property=\"og:description\" content=\"Description: Soin sp\u00e9cifique pour cheveux color\u00e9s, m\u00e9ch\u00e9s ou permanent\u00e9s Recommand\u00e9 \u00e9galement aux cheveux fins et fragiles, il permet d\u2019\u00e9viter l\u2019\u00e9lectricit\u00e9\" \/>\r\n<meta property=\"og:url\" content=\"https:\/\/paracherkaoui.ma\/index.php\/produit\/biokap-creme-baume-capillaire-200ml\/\" \/>\r\n<meta property=\"og:site_name\" content=\"Paracherkaoui.ma\" \/>\r\n<meta property=\"article:modified_time\" content=\"2025-12-12T16:50:51+00:00\" \/>\r\n<meta property=\"og:image\" content=\"https:\/\/paracherkaoui.ma\/wp-content\/uploads\/2025\/12\/biokap-creme-baume-capillaire-200ml.jpg\" \/>\r\n\t<meta property=\"og:image:width\" content=\"700\" \/>\r\n\t<meta property=\"og:image:height\" content=\"700\" \/>\r\n\t<meta property=\"og:image:type\" content=\"image\/jpeg\" \/>\r\n<meta name=\"twitter:card\" content=\"summary_large_image\" \/>\r\n<meta name=\"twitter:label1\" content=\"Dur\u00e9e de lecture estim\u00e9e\" \/>\n\t<meta name=\"twitter:data1\" content=\"1 minute\" \/>\r\n<script type=\"application\/ld+json\" class=\"yoast-schema-graph\">{\"@context\":\"https:\/\/schema.org\",\"@graph\":[{\"@type\":\"WebPage\",\"@id\":\"https:\/\/paracherkaoui.ma\/index.php\/produit\/biokap-creme-baume-capillaire-200ml\/\",\"url\":\"https:\/\/paracherkaoui.ma\/index.php\/produit\/biokap-creme-baume-capillaire-200ml\/\",\"name\":\"BIOKAP CREME BAUME CAPILLAIRE 200ML - Paracherkaoui.ma\",\"isPartOf\":{\"@id\":\"https:\/\/paracherkaoui.ma\/#website\"},\"primaryImageOfPage\":{\"@id\":\"https:\/\/paracherkaoui.ma\/index.php\/produit\/biokap-creme-baume-capillaire-200ml\/#primaryimage\"},\"image\":{\"@id\":\"https:\/\/paracherkaoui.ma\/index.php\/produit\/biokap-creme-baume-capillaire-200ml\/#primaryimage\"},\"thumbnailUrl\":\"https:\/\/paracherkaoui.ma\/wp-content\/uploads\/2025\/12\/biokap-creme-baume-capillaire-200ml.jpg\",\"datePublished\":\"2025-12-12T16:50:49+00:00\",\"dateModified\":\"2025-12-12T16:50:51+00:00\",\"breadcrumb\":{\"@id\":\"https:\/\/paracherkaoui.ma\/index.php\/produit\/biokap-creme-baume-capillaire-200ml\/#breadcrumb\"},\"inLanguage\":\"fr-FR\",\"potentialAction\":[{\"@type\":\"ReadAction\",\"target\":[\"https:\/\/paracherkaoui.ma\/index.php\/produit\/biokap-creme-baume-capillaire-200ml\/\"]}]},{\"@type\":\"ImageObject\",\"inLanguage\":\"fr-FR\",\"@id\":\"https:\/\/paracherkaoui.ma\/index.php\/produit\/biokap-creme-baume-capillaire-200ml\/#primaryimage\",\"url\":\"https:\/\/paracherkaoui.ma\/wp-content\/uploads\/2025\/12\/biokap-creme-baume-capillaire-200ml.jpg\",\"contentUrl\":\"https:\/\/paracherkaoui.ma\/wp-content\/uploads\/2025\/12\/biokap-creme-baume-capillaire-200ml.jpg\",\"width\":700,\"height\":700},{\"@type\":\"BreadcrumbList\",\"@id\":\"https:\/\/paracherkaoui.ma\/index.php\/produit\/biokap-creme-baume-capillaire-200ml\/#breadcrumb\",\"itemListElement\":[{\"@type\":\"ListItem\",\"position\":1,\"name\":\"Accueil\",\"item\":\"https:\/\/paracherkaoui.ma\/\"},{\"@type\":\"ListItem\",\"position\":2,\"name\":\"Boutique\",\"item\":\"https:\/\/paracherkaoui.ma\/index.php\/boutique\/\"},{\"@type\":\"ListItem\",\"position\":3,\"name\":\"BIOKAP CREME BAUME CAPILLAIRE 200ML\"}]},{\"@type\":\"WebSite\",\"@id\":\"https:\/\/paracherkaoui.ma\/#website\",\"url\":\"https:\/\/paracherkaoui.ma\/\",\"name\":\"Paracherkaoui.ma\",\"description\":\"Achetez en ligne sur Paracherkaoui.ma\",\"potentialAction\":[{\"@type\":\"SearchAction\",\"target\":{\"@type\":\"EntryPoint\",\"urlTemplate\":\"https:\/\/paracherkaoui.ma\/?s={search_term_string}\"},\"query-input\":{\"@type\":\"PropertyValueSpecification\",\"valueRequired\":true,\"valueName\":\"search_term_string\"}}],\"inLanguage\":\"fr-FR\"}]}<\/script>\r\n<!-- \/ Yoast SEO plugin. -->","yoast_head_json":{"title":"BIOKAP CREME BAUME CAPILLAIRE 200ML - Paracherkaoui.ma","robots":{"index":"index","follow":"follow","max-snippet":"max-snippet:-1","max-image-preview":"max-image-preview:large","max-video-preview":"max-video-preview:-1"},"canonical":"https:\/\/paracherkaoui.ma\/index.php\/produit\/biokap-creme-baume-capillaire-200ml\/","og_locale":"fr_FR","og_type":"article","og_title":"BIOKAP CREME BAUME CAPILLAIRE 200ML - Paracherkaoui.ma","og_description":"Description: Soin sp\u00e9cifique pour cheveux color\u00e9s, m\u00e9ch\u00e9s ou permanent\u00e9s Recommand\u00e9 \u00e9galement aux cheveux fins et fragiles, il permet d\u2019\u00e9viter l\u2019\u00e9lectricit\u00e9","og_url":"https:\/\/paracherkaoui.ma\/index.php\/produit\/biokap-creme-baume-capillaire-200ml\/","og_site_name":"Paracherkaoui.ma","article_modified_time":"2025-12-12T16:50:51+00:00","og_image":[{"width":700,"height":700,"url":"https:\/\/paracherkaoui.ma\/wp-content\/uploads\/2025\/12\/biokap-creme-baume-capillaire-200ml.jpg","type":"image\/jpeg"}],"twitter_card":"summary_large_image","twitter_misc":{"Dur\u00e9e de lecture estim\u00e9e":"1 minute"},"schema":{"@context":"https:\/\/schema.org","@graph":[{"@type":"WebPage","@id":"https:\/\/paracherkaoui.ma\/index.php\/produit\/biokap-creme-baume-capillaire-200ml\/","url":"https:\/\/paracherkaoui.ma\/index.php\/produit\/biokap-creme-baume-capillaire-200ml\/","name":"BIOKAP CREME BAUME CAPILLAIRE 200ML - Paracherkaoui.ma","isPartOf":{"@id":"https:\/\/paracherkaoui.ma\/#website"},"primaryImageOfPage":{"@id":"https:\/\/paracherkaoui.ma\/index.php\/produit\/biokap-creme-baume-capillaire-200ml\/#primaryimage"},"image":{"@id":"https:\/\/paracherkaoui.ma\/index.php\/produit\/biokap-creme-baume-capillaire-200ml\/#primaryimage"},"thumbnailUrl":"https:\/\/paracherkaoui.ma\/wp-content\/uploads\/2025\/12\/biokap-creme-baume-capillaire-200ml.jpg","datePublished":"2025-12-12T16:50:49+00:00","dateModified":"2025-12-12T16:50:51+00:00","breadcrumb":{"@id":"https:\/\/paracherkaoui.ma\/index.php\/produit\/biokap-creme-baume-capillaire-200ml\/#breadcrumb"},"inLanguage":"fr-FR","potentialAction":[{"@type":"ReadAction","target":["https:\/\/paracherkaoui.ma\/index.php\/produit\/biokap-creme-baume-capillaire-200ml\/"]}]},{"@type":"ImageObject","inLanguage":"fr-FR","@id":"https:\/\/paracherkaoui.ma\/index.php\/produit\/biokap-creme-baume-capillaire-200ml\/#primaryimage","url":"https:\/\/paracherkaoui.ma\/wp-content\/uploads\/2025\/12\/biokap-creme-baume-capillaire-200ml.jpg","contentUrl":"https:\/\/paracherkaoui.ma\/wp-content\/uploads\/2025\/12\/biokap-creme-baume-capillaire-200ml.jpg","width":700,"height":700},{"@type":"BreadcrumbList","@id":"https:\/\/paracherkaoui.ma\/index.php\/produit\/biokap-creme-baume-capillaire-200ml\/#breadcrumb","itemListElement":[{"@type":"ListItem","position":1,"name":"Accueil","item":"https:\/\/paracherkaoui.ma\/"},{"@type":"ListItem","position":2,"name":"Boutique","item":"https:\/\/paracherkaoui.ma\/index.php\/boutique\/"},{"@type":"ListItem","position":3,"name":"BIOKAP CREME BAUME CAPILLAIRE 200ML"}]},{"@type":"WebSite","@id":"https:\/\/paracherkaoui.ma\/#website","url":"https:\/\/paracherkaoui.ma\/","name":"Paracherkaoui.ma","description":"Achetez en ligne sur Paracherkaoui.ma","potentialAction":[{"@type":"SearchAction","target":{"@type":"EntryPoint","urlTemplate":"https:\/\/paracherkaoui.ma\/?s={search_term_string}"},"query-input":{"@type":"PropertyValueSpecification","valueRequired":true,"valueName":"search_term_string"}}],"inLanguage":"fr-FR"}]}},"_links":{"self":[{"href":"https:\/\/paracherkaoui.ma\/index.php\/wp-json\/wp\/v2\/product\/14696","targetHints":{"allow":["GET"]}}],"collection":[{"href":"https:\/\/paracherkaoui.ma\/index.php\/wp-json\/wp\/v2\/product"}],"about":[{"href":"https:\/\/paracherkaoui.ma\/index.php\/wp-json\/wp\/v2\/types\/product"}],"replies":[{"embeddable":true,"href":"https:\/\/paracherkaoui.ma\/index.php\/wp-json\/wp\/v2\/comments?post=14696"}],"version-history":[{"count":1,"href":"https:\/\/paracherkaoui.ma\/index.php\/wp-json\/wp\/v2\/product\/14696\/revisions"}],"predecessor-version":[{"id":14731,"href":"https:\/\/paracherkaoui.ma\/index.php\/wp-json\/wp\/v2\/product\/14696\/revisions\/14731"}],"wp:featuredmedia":[{"embeddable":true,"href":"https:\/\/paracherkaoui.ma\/index.php\/wp-json\/wp\/v2\/media\/14730"}],"wp:attachment":[{"href":"https:\/\/paracherkaoui.ma\/index.php\/wp-json\/wp\/v2\/media?parent=14696"}],"wp:term":[{"taxonomy":"product_brand","embeddable":true,"href":"https:\/\/paracherkaoui.ma\/index.php\/wp-json\/wp\/v2\/product_brand?post=14696"},{"taxonomy":"product_cat","embeddable":true,"href":"https:\/\/paracherkaoui.ma\/index.php\/wp-json\/wp\/v2\/product_cat?post=14696"},{"taxonomy":"product_tag","embeddable":true,"href":"https:\/\/paracherkaoui.ma\/index.php\/wp-json\/wp\/v2\/product_tag?post=14696"}],"curies":[{"name":"wp","href":"https:\/\/api.w.org\/{rel}","templated":true}]}}