{"id":14617,"date":"2025-12-12T17:50:43","date_gmt":"2025-12-12T16:50:43","guid":{"rendered":"https:\/\/test.ecbeaute.com\/?post_type=product&#038;p=14617"},"modified":"2025-12-12T17:50:46","modified_gmt":"2025-12-12T16:50:46","slug":"petit-nez-mouche-bebe-par-aspiration","status":"publish","type":"product","link":"https:\/\/paracherkaoui.ma\/index.php\/produit\/petit-nez-mouche-bebe-par-aspiration\/","title":{"rendered":"PETIT NEZ MOUCHE BEBE PAR ASPIRATION"},"content":{"rendered":"<p>Pour garantir une utilisation propre et sans risque, le mouche b\u00e9b\u00e9 est livr\u00e9 avec 3 filtres hygi\u00e9niques jetables qui pr\u00e9viennent tout contact avec les s\u00e9cr\u00e9tions. Une petite brosse de nettoyage est \u00e9galement incluse, permettant un entretien facile et rapide de l\u2019appareil. Compact et facile \u00e0 transporter, il s\u2019adapte parfaitement \u00e0 la routine de soin de votre b\u00e9b\u00e9, que vous soyez \u00e0 la maison ou en d\u00e9placement.<br \/>\nAvec sa conception ergonomique et ses mat\u00e9riaux s\u00fbrs, le Petit Nez Mouche B\u00e9b\u00e9 par Aspiration est un accessoire essentiel pour maintenir le nez de votre b\u00e9b\u00e9 d\u00e9gag\u00e9 et pr\u00e9venir les inconforts li\u00e9s aux congestions nasales. Ce produit pratique est id\u00e9al d\u00e8s les premiers mois, offrant une solution douce, efficace et hygi\u00e9nique pour les parents soucieux du bien-\u00eatre de leur enfant.<br \/>\nConseils d\u2019utilisation<br \/>\nPr\u00e9paration : Ins\u00e9rez un filtre hygi\u00e9nique dans le mouche b\u00e9b\u00e9 avant utilisation.<br \/>\nUtilisation : Positionnez doucement l\u2019embout en silicone dans la narine de votre b\u00e9b\u00e9, puis aspirez lentement par l\u2019embout buccal. Changez de narine si n\u00e9cessaire.<br \/>\nNettoyage : Apr\u00e8s usage, d\u00e9montez l\u2019appareil, jetez le filtre utilis\u00e9 et nettoyez toutes les pi\u00e8ces avec la brosse incluse. Lavez-les ensuite \u00e0 l\u2019eau ti\u00e8de savonneuse, puis s\u00e9chez-les compl\u00e8tement avant de remonter l\u2019appareil.<\/p>\n","protected":false},"excerpt":{"rendered":"<p>Pour garantir une utilisation propre et sans risque, le mouche b\u00e9b\u00e9 est livr\u00e9 avec 3 filtres hygi\u00e9niques jetables qui pr\u00e9viennent<\/p>\n","protected":false},"featured_media":14656,"comment_status":"open","ping_status":"closed","template":"","meta":[],"product_brand":[223],"product_cat":[197],"product_tag":[],"class_list":{"0":"post-14617","1":"product","2":"type-product","3":"status-publish","4":"has-post-thumbnail","6":"product_brand-petit-nez","7":"product_cat-anti-poux","9":"first","10":"instock","11":"shipping-taxable","12":"purchasable","13":"product-type-simple"},"yoast_head":"<!-- This site is optimized with the Yoast SEO plugin v26.6 - https:\/\/yoast.com\/wordpress\/plugins\/seo\/ -->\r\n<title>PETIT NEZ MOUCHE BEBE PAR ASPIRATION - Paracherkaoui.ma<\/title>\r\n<meta name=\"robots\" content=\"index, follow, max-snippet:-1, max-image-preview:large, max-video-preview:-1\" \/>\r\n<link rel=\"canonical\" href=\"https:\/\/paracherkaoui.ma\/index.php\/produit\/petit-nez-mouche-bebe-par-aspiration\/\" \/>\r\n<meta property=\"og:locale\" content=\"fr_FR\" \/>\r\n<meta property=\"og:type\" content=\"article\" \/>\r\n<meta property=\"og:title\" content=\"PETIT NEZ MOUCHE BEBE PAR ASPIRATION - Paracherkaoui.ma\" \/>\r\n<meta property=\"og:description\" content=\"Pour garantir une utilisation propre et sans risque, le mouche b\u00e9b\u00e9 est livr\u00e9 avec 3 filtres hygi\u00e9niques jetables qui pr\u00e9viennent\" \/>\r\n<meta property=\"og:url\" content=\"https:\/\/paracherkaoui.ma\/index.php\/produit\/petit-nez-mouche-bebe-par-aspiration\/\" \/>\r\n<meta property=\"og:site_name\" content=\"Paracherkaoui.ma\" \/>\r\n<meta property=\"article:modified_time\" content=\"2025-12-12T16:50:46+00:00\" \/>\r\n<meta property=\"og:image\" content=\"https:\/\/paracherkaoui.ma\/wp-content\/uploads\/2025\/12\/petit-nez-petit-nez-mouche-bebe-par-aspiration-hygiene-bebe.jpg\" \/>\r\n\t<meta property=\"og:image:width\" content=\"700\" \/>\r\n\t<meta property=\"og:image:height\" content=\"700\" \/>\r\n\t<meta property=\"og:image:type\" content=\"image\/jpeg\" \/>\r\n<meta name=\"twitter:card\" content=\"summary_large_image\" \/>\r\n<meta name=\"twitter:label1\" content=\"Dur\u00e9e de lecture estim\u00e9e\" \/>\n\t<meta name=\"twitter:data1\" content=\"1 minute\" \/>\r\n<script type=\"application\/ld+json\" class=\"yoast-schema-graph\">{\"@context\":\"https:\/\/schema.org\",\"@graph\":[{\"@type\":\"WebPage\",\"@id\":\"https:\/\/paracherkaoui.ma\/index.php\/produit\/petit-nez-mouche-bebe-par-aspiration\/\",\"url\":\"https:\/\/paracherkaoui.ma\/index.php\/produit\/petit-nez-mouche-bebe-par-aspiration\/\",\"name\":\"PETIT NEZ MOUCHE BEBE PAR ASPIRATION - Paracherkaoui.ma\",\"isPartOf\":{\"@id\":\"https:\/\/paracherkaoui.ma\/#website\"},\"primaryImageOfPage\":{\"@id\":\"https:\/\/paracherkaoui.ma\/index.php\/produit\/petit-nez-mouche-bebe-par-aspiration\/#primaryimage\"},\"image\":{\"@id\":\"https:\/\/paracherkaoui.ma\/index.php\/produit\/petit-nez-mouche-bebe-par-aspiration\/#primaryimage\"},\"thumbnailUrl\":\"https:\/\/paracherkaoui.ma\/wp-content\/uploads\/2025\/12\/petit-nez-petit-nez-mouche-bebe-par-aspiration-hygiene-bebe.jpg\",\"datePublished\":\"2025-12-12T16:50:43+00:00\",\"dateModified\":\"2025-12-12T16:50:46+00:00\",\"breadcrumb\":{\"@id\":\"https:\/\/paracherkaoui.ma\/index.php\/produit\/petit-nez-mouche-bebe-par-aspiration\/#breadcrumb\"},\"inLanguage\":\"fr-FR\",\"potentialAction\":[{\"@type\":\"ReadAction\",\"target\":[\"https:\/\/paracherkaoui.ma\/index.php\/produit\/petit-nez-mouche-bebe-par-aspiration\/\"]}]},{\"@type\":\"ImageObject\",\"inLanguage\":\"fr-FR\",\"@id\":\"https:\/\/paracherkaoui.ma\/index.php\/produit\/petit-nez-mouche-bebe-par-aspiration\/#primaryimage\",\"url\":\"https:\/\/paracherkaoui.ma\/wp-content\/uploads\/2025\/12\/petit-nez-petit-nez-mouche-bebe-par-aspiration-hygiene-bebe.jpg\",\"contentUrl\":\"https:\/\/paracherkaoui.ma\/wp-content\/uploads\/2025\/12\/petit-nez-petit-nez-mouche-bebe-par-aspiration-hygiene-bebe.jpg\",\"width\":700,\"height\":700},{\"@type\":\"BreadcrumbList\",\"@id\":\"https:\/\/paracherkaoui.ma\/index.php\/produit\/petit-nez-mouche-bebe-par-aspiration\/#breadcrumb\",\"itemListElement\":[{\"@type\":\"ListItem\",\"position\":1,\"name\":\"Accueil\",\"item\":\"https:\/\/paracherkaoui.ma\/\"},{\"@type\":\"ListItem\",\"position\":2,\"name\":\"Boutique\",\"item\":\"https:\/\/paracherkaoui.ma\/index.php\/boutique\/\"},{\"@type\":\"ListItem\",\"position\":3,\"name\":\"PETIT NEZ MOUCHE BEBE PAR ASPIRATION\"}]},{\"@type\":\"WebSite\",\"@id\":\"https:\/\/paracherkaoui.ma\/#website\",\"url\":\"https:\/\/paracherkaoui.ma\/\",\"name\":\"Paracherkaoui.ma\",\"description\":\"Achetez en ligne sur Paracherkaoui.ma\",\"potentialAction\":[{\"@type\":\"SearchAction\",\"target\":{\"@type\":\"EntryPoint\",\"urlTemplate\":\"https:\/\/paracherkaoui.ma\/?s={search_term_string}\"},\"query-input\":{\"@type\":\"PropertyValueSpecification\",\"valueRequired\":true,\"valueName\":\"search_term_string\"}}],\"inLanguage\":\"fr-FR\"}]}<\/script>\r\n<!-- \/ Yoast SEO plugin. -->","yoast_head_json":{"title":"PETIT NEZ MOUCHE BEBE PAR ASPIRATION - Paracherkaoui.ma","robots":{"index":"index","follow":"follow","max-snippet":"max-snippet:-1","max-image-preview":"max-image-preview:large","max-video-preview":"max-video-preview:-1"},"canonical":"https:\/\/paracherkaoui.ma\/index.php\/produit\/petit-nez-mouche-bebe-par-aspiration\/","og_locale":"fr_FR","og_type":"article","og_title":"PETIT NEZ MOUCHE BEBE PAR ASPIRATION - Paracherkaoui.ma","og_description":"Pour garantir une utilisation propre et sans risque, le mouche b\u00e9b\u00e9 est livr\u00e9 avec 3 filtres hygi\u00e9niques jetables qui pr\u00e9viennent","og_url":"https:\/\/paracherkaoui.ma\/index.php\/produit\/petit-nez-mouche-bebe-par-aspiration\/","og_site_name":"Paracherkaoui.ma","article_modified_time":"2025-12-12T16:50:46+00:00","og_image":[{"width":700,"height":700,"url":"https:\/\/paracherkaoui.ma\/wp-content\/uploads\/2025\/12\/petit-nez-petit-nez-mouche-bebe-par-aspiration-hygiene-bebe.jpg","type":"image\/jpeg"}],"twitter_card":"summary_large_image","twitter_misc":{"Dur\u00e9e de lecture estim\u00e9e":"1 minute"},"schema":{"@context":"https:\/\/schema.org","@graph":[{"@type":"WebPage","@id":"https:\/\/paracherkaoui.ma\/index.php\/produit\/petit-nez-mouche-bebe-par-aspiration\/","url":"https:\/\/paracherkaoui.ma\/index.php\/produit\/petit-nez-mouche-bebe-par-aspiration\/","name":"PETIT NEZ MOUCHE BEBE PAR ASPIRATION - Paracherkaoui.ma","isPartOf":{"@id":"https:\/\/paracherkaoui.ma\/#website"},"primaryImageOfPage":{"@id":"https:\/\/paracherkaoui.ma\/index.php\/produit\/petit-nez-mouche-bebe-par-aspiration\/#primaryimage"},"image":{"@id":"https:\/\/paracherkaoui.ma\/index.php\/produit\/petit-nez-mouche-bebe-par-aspiration\/#primaryimage"},"thumbnailUrl":"https:\/\/paracherkaoui.ma\/wp-content\/uploads\/2025\/12\/petit-nez-petit-nez-mouche-bebe-par-aspiration-hygiene-bebe.jpg","datePublished":"2025-12-12T16:50:43+00:00","dateModified":"2025-12-12T16:50:46+00:00","breadcrumb":{"@id":"https:\/\/paracherkaoui.ma\/index.php\/produit\/petit-nez-mouche-bebe-par-aspiration\/#breadcrumb"},"inLanguage":"fr-FR","potentialAction":[{"@type":"ReadAction","target":["https:\/\/paracherkaoui.ma\/index.php\/produit\/petit-nez-mouche-bebe-par-aspiration\/"]}]},{"@type":"ImageObject","inLanguage":"fr-FR","@id":"https:\/\/paracherkaoui.ma\/index.php\/produit\/petit-nez-mouche-bebe-par-aspiration\/#primaryimage","url":"https:\/\/paracherkaoui.ma\/wp-content\/uploads\/2025\/12\/petit-nez-petit-nez-mouche-bebe-par-aspiration-hygiene-bebe.jpg","contentUrl":"https:\/\/paracherkaoui.ma\/wp-content\/uploads\/2025\/12\/petit-nez-petit-nez-mouche-bebe-par-aspiration-hygiene-bebe.jpg","width":700,"height":700},{"@type":"BreadcrumbList","@id":"https:\/\/paracherkaoui.ma\/index.php\/produit\/petit-nez-mouche-bebe-par-aspiration\/#breadcrumb","itemListElement":[{"@type":"ListItem","position":1,"name":"Accueil","item":"https:\/\/paracherkaoui.ma\/"},{"@type":"ListItem","position":2,"name":"Boutique","item":"https:\/\/paracherkaoui.ma\/index.php\/boutique\/"},{"@type":"ListItem","position":3,"name":"PETIT NEZ MOUCHE BEBE PAR ASPIRATION"}]},{"@type":"WebSite","@id":"https:\/\/paracherkaoui.ma\/#website","url":"https:\/\/paracherkaoui.ma\/","name":"Paracherkaoui.ma","description":"Achetez en ligne sur Paracherkaoui.ma","potentialAction":[{"@type":"SearchAction","target":{"@type":"EntryPoint","urlTemplate":"https:\/\/paracherkaoui.ma\/?s={search_term_string}"},"query-input":{"@type":"PropertyValueSpecification","valueRequired":true,"valueName":"search_term_string"}}],"inLanguage":"fr-FR"}]}},"_links":{"self":[{"href":"https:\/\/paracherkaoui.ma\/index.php\/wp-json\/wp\/v2\/product\/14617","targetHints":{"allow":["GET"]}}],"collection":[{"href":"https:\/\/paracherkaoui.ma\/index.php\/wp-json\/wp\/v2\/product"}],"about":[{"href":"https:\/\/paracherkaoui.ma\/index.php\/wp-json\/wp\/v2\/types\/product"}],"replies":[{"embeddable":true,"href":"https:\/\/paracherkaoui.ma\/index.php\/wp-json\/wp\/v2\/comments?post=14617"}],"version-history":[{"count":1,"href":"https:\/\/paracherkaoui.ma\/index.php\/wp-json\/wp\/v2\/product\/14617\/revisions"}],"predecessor-version":[{"id":14657,"href":"https:\/\/paracherkaoui.ma\/index.php\/wp-json\/wp\/v2\/product\/14617\/revisions\/14657"}],"wp:featuredmedia":[{"embeddable":true,"href":"https:\/\/paracherkaoui.ma\/index.php\/wp-json\/wp\/v2\/media\/14656"}],"wp:attachment":[{"href":"https:\/\/paracherkaoui.ma\/index.php\/wp-json\/wp\/v2\/media?parent=14617"}],"wp:term":[{"taxonomy":"product_brand","embeddable":true,"href":"https:\/\/paracherkaoui.ma\/index.php\/wp-json\/wp\/v2\/product_brand?post=14617"},{"taxonomy":"product_cat","embeddable":true,"href":"https:\/\/paracherkaoui.ma\/index.php\/wp-json\/wp\/v2\/product_cat?post=14617"},{"taxonomy":"product_tag","embeddable":true,"href":"https:\/\/paracherkaoui.ma\/index.php\/wp-json\/wp\/v2\/product_tag?post=14617"}],"curies":[{"name":"wp","href":"https:\/\/api.w.org\/{rel}","templated":true}]}}