{"id":14611,"date":"2025-12-12T17:50:43","date_gmt":"2025-12-12T16:50:43","guid":{"rendered":"https:\/\/test.ecbeaute.com\/?post_type=product&#038;p=14611"},"modified":"2025-12-12T17:50:45","modified_gmt":"2025-12-12T16:50:45","slug":"puressentiel-anti-poux-lotion-traitante-200-ml-peigne","status":"publish","type":"product","link":"https:\/\/paracherkaoui.ma\/index.php\/produit\/puressentiel-anti-poux-lotion-traitante-200-ml-peigne\/","title":{"rendered":"PURESSENTIEL ANTI POUX LOTION TRAITANTE 200 ML + PEIGNE"},"content":{"rendered":"<p>Puressentiel Anti-Poux Lotion Traitante 200 ml + Peigne est un traitement \u00e0 la formule 100% d&rsquo;origine naturelle qui permet d&rsquo;\u00e9liminer rapidement et efficacement les poux, les lentes et les larves.<br \/>\nCette lotion \u00e0 la formule sans insecticide neurotoxique contient :<br \/>\n&#8211; 6 huiles v\u00e9g\u00e9tales : Amande douce, Calophyllum, Coco, Jojoba, Ricin et Tournesol qui agissent de fa\u00e7on m\u00e9canique par obstruction des voies respiratoires.<br \/>\n&#8211; 4 huiles essentielles : Arbre \u00e0 Th\u00e9, Giroflier, Lavande Vraie, G\u00e9ranium Rosat, aux vertus apaisantes et r\u00e9paratrice id\u00e9ales pour calmer les d\u00e9mangeaisons du cuir chevelu.<br \/>\nD\u00e8s 10 minutes et d\u00e8s la 1\u00e8re utilisation, il agit efficacement sur les poux, les lentes et les larves.<br \/>\nPratique, son format de flacon rond vous garantit une excellent prise en mains. Sa canule applicatrice permet un ciblage pr\u00e9cis raie par raie. Un peigne \u00e0 poux est inclus afin d&rsquo;aider \u00e0 retirer les larves, les lentes et les poux morts.<br \/>\nDoux et respectueux des cheveux et de l&rsquo;environnement, il laisse les cheveux soyeux, brillants et agr\u00e9ablement parfum\u00e9s.<br \/>\nCommencez par appliquer g\u00e9n\u00e9reusement raie par raie ce produit Anti-Poux sur cheveux secs de fa\u00e7on \u00e0 obtenir une impr\u00e9gnation compl\u00e8te.<br \/>\nLaissez agir 10 minutes, puis, lavez les cheveux avec notre shampooing naturel ou avec votre shampooing habituel. Passez soigneusement le peigne \u00e0 poux pour retirer les lentes, les larves et les poux morts. Une 2e application 3 jours plus tard est n\u00e9cessaire.<\/p>\n","protected":false},"excerpt":{"rendered":"<p>Puressentiel Anti-Poux Lotion Traitante 200 ml + Peigne est un traitement \u00e0 la formule 100% d&rsquo;origine naturelle qui permet d&rsquo;\u00e9liminer<\/p>\n","protected":false},"featured_media":14644,"comment_status":"open","ping_status":"closed","template":"","meta":[],"product_brand":[204],"product_cat":[197],"product_tag":[],"class_list":{"0":"post-14611","1":"product","2":"type-product","3":"status-publish","4":"has-post-thumbnail","6":"product_brand-puressentiel","7":"product_cat-anti-poux","9":"first","10":"instock","11":"sale","12":"shipping-taxable","13":"purchasable","14":"product-type-simple"},"yoast_head":"<!-- This site is optimized with the Yoast SEO plugin v26.6 - https:\/\/yoast.com\/wordpress\/plugins\/seo\/ -->\r\n<title>PURESSENTIEL ANTI POUX LOTION TRAITANTE 200 ML + PEIGNE - Paracherkaoui.ma<\/title>\r\n<meta name=\"robots\" content=\"index, follow, max-snippet:-1, max-image-preview:large, max-video-preview:-1\" \/>\r\n<link rel=\"canonical\" href=\"https:\/\/paracherkaoui.ma\/index.php\/produit\/puressentiel-anti-poux-lotion-traitante-200-ml-peigne\/\" \/>\r\n<meta property=\"og:locale\" content=\"fr_FR\" \/>\r\n<meta property=\"og:type\" content=\"article\" \/>\r\n<meta property=\"og:title\" content=\"PURESSENTIEL ANTI POUX LOTION TRAITANTE 200 ML + PEIGNE - Paracherkaoui.ma\" \/>\r\n<meta property=\"og:description\" content=\"Puressentiel Anti-Poux Lotion Traitante 200 ml + Peigne est un traitement \u00e0 la formule 100% d&rsquo;origine naturelle qui permet d&rsquo;\u00e9liminer\" \/>\r\n<meta property=\"og:url\" content=\"https:\/\/paracherkaoui.ma\/index.php\/produit\/puressentiel-anti-poux-lotion-traitante-200-ml-peigne\/\" \/>\r\n<meta property=\"og:site_name\" content=\"Paracherkaoui.ma\" \/>\r\n<meta property=\"article:modified_time\" content=\"2025-12-12T16:50:45+00:00\" \/>\r\n<meta property=\"og:image\" content=\"https:\/\/paracherkaoui.ma\/wp-content\/uploads\/2025\/12\/puressentiel-puressentiel-anti-poux-lotion-traitante-200-ml-peigne-anti-poux.jpg\" \/>\r\n\t<meta property=\"og:image:width\" content=\"700\" \/>\r\n\t<meta property=\"og:image:height\" content=\"700\" \/>\r\n\t<meta property=\"og:image:type\" content=\"image\/jpeg\" \/>\r\n<meta name=\"twitter:card\" content=\"summary_large_image\" \/>\r\n<meta name=\"twitter:label1\" content=\"Dur\u00e9e de lecture estim\u00e9e\" \/>\n\t<meta name=\"twitter:data1\" content=\"1 minute\" \/>\r\n<script type=\"application\/ld+json\" class=\"yoast-schema-graph\">{\"@context\":\"https:\/\/schema.org\",\"@graph\":[{\"@type\":\"WebPage\",\"@id\":\"https:\/\/paracherkaoui.ma\/index.php\/produit\/puressentiel-anti-poux-lotion-traitante-200-ml-peigne\/\",\"url\":\"https:\/\/paracherkaoui.ma\/index.php\/produit\/puressentiel-anti-poux-lotion-traitante-200-ml-peigne\/\",\"name\":\"PURESSENTIEL ANTI POUX LOTION TRAITANTE 200 ML + PEIGNE - Paracherkaoui.ma\",\"isPartOf\":{\"@id\":\"https:\/\/paracherkaoui.ma\/#website\"},\"primaryImageOfPage\":{\"@id\":\"https:\/\/paracherkaoui.ma\/index.php\/produit\/puressentiel-anti-poux-lotion-traitante-200-ml-peigne\/#primaryimage\"},\"image\":{\"@id\":\"https:\/\/paracherkaoui.ma\/index.php\/produit\/puressentiel-anti-poux-lotion-traitante-200-ml-peigne\/#primaryimage\"},\"thumbnailUrl\":\"https:\/\/paracherkaoui.ma\/wp-content\/uploads\/2025\/12\/puressentiel-puressentiel-anti-poux-lotion-traitante-200-ml-peigne-anti-poux.jpg\",\"datePublished\":\"2025-12-12T16:50:43+00:00\",\"dateModified\":\"2025-12-12T16:50:45+00:00\",\"breadcrumb\":{\"@id\":\"https:\/\/paracherkaoui.ma\/index.php\/produit\/puressentiel-anti-poux-lotion-traitante-200-ml-peigne\/#breadcrumb\"},\"inLanguage\":\"fr-FR\",\"potentialAction\":[{\"@type\":\"ReadAction\",\"target\":[\"https:\/\/paracherkaoui.ma\/index.php\/produit\/puressentiel-anti-poux-lotion-traitante-200-ml-peigne\/\"]}]},{\"@type\":\"ImageObject\",\"inLanguage\":\"fr-FR\",\"@id\":\"https:\/\/paracherkaoui.ma\/index.php\/produit\/puressentiel-anti-poux-lotion-traitante-200-ml-peigne\/#primaryimage\",\"url\":\"https:\/\/paracherkaoui.ma\/wp-content\/uploads\/2025\/12\/puressentiel-puressentiel-anti-poux-lotion-traitante-200-ml-peigne-anti-poux.jpg\",\"contentUrl\":\"https:\/\/paracherkaoui.ma\/wp-content\/uploads\/2025\/12\/puressentiel-puressentiel-anti-poux-lotion-traitante-200-ml-peigne-anti-poux.jpg\",\"width\":700,\"height\":700},{\"@type\":\"BreadcrumbList\",\"@id\":\"https:\/\/paracherkaoui.ma\/index.php\/produit\/puressentiel-anti-poux-lotion-traitante-200-ml-peigne\/#breadcrumb\",\"itemListElement\":[{\"@type\":\"ListItem\",\"position\":1,\"name\":\"Accueil\",\"item\":\"https:\/\/paracherkaoui.ma\/\"},{\"@type\":\"ListItem\",\"position\":2,\"name\":\"Boutique\",\"item\":\"https:\/\/paracherkaoui.ma\/index.php\/boutique\/\"},{\"@type\":\"ListItem\",\"position\":3,\"name\":\"PURESSENTIEL ANTI POUX LOTION TRAITANTE 200 ML + PEIGNE\"}]},{\"@type\":\"WebSite\",\"@id\":\"https:\/\/paracherkaoui.ma\/#website\",\"url\":\"https:\/\/paracherkaoui.ma\/\",\"name\":\"Paracherkaoui.ma\",\"description\":\"Achetez en ligne sur Paracherkaoui.ma\",\"potentialAction\":[{\"@type\":\"SearchAction\",\"target\":{\"@type\":\"EntryPoint\",\"urlTemplate\":\"https:\/\/paracherkaoui.ma\/?s={search_term_string}\"},\"query-input\":{\"@type\":\"PropertyValueSpecification\",\"valueRequired\":true,\"valueName\":\"search_term_string\"}}],\"inLanguage\":\"fr-FR\"}]}<\/script>\r\n<!-- \/ Yoast SEO plugin. -->","yoast_head_json":{"title":"PURESSENTIEL ANTI POUX LOTION TRAITANTE 200 ML + PEIGNE - Paracherkaoui.ma","robots":{"index":"index","follow":"follow","max-snippet":"max-snippet:-1","max-image-preview":"max-image-preview:large","max-video-preview":"max-video-preview:-1"},"canonical":"https:\/\/paracherkaoui.ma\/index.php\/produit\/puressentiel-anti-poux-lotion-traitante-200-ml-peigne\/","og_locale":"fr_FR","og_type":"article","og_title":"PURESSENTIEL ANTI POUX LOTION TRAITANTE 200 ML + PEIGNE - Paracherkaoui.ma","og_description":"Puressentiel Anti-Poux Lotion Traitante 200 ml + Peigne est un traitement \u00e0 la formule 100% d&rsquo;origine naturelle qui permet d&rsquo;\u00e9liminer","og_url":"https:\/\/paracherkaoui.ma\/index.php\/produit\/puressentiel-anti-poux-lotion-traitante-200-ml-peigne\/","og_site_name":"Paracherkaoui.ma","article_modified_time":"2025-12-12T16:50:45+00:00","og_image":[{"width":700,"height":700,"url":"https:\/\/paracherkaoui.ma\/wp-content\/uploads\/2025\/12\/puressentiel-puressentiel-anti-poux-lotion-traitante-200-ml-peigne-anti-poux.jpg","type":"image\/jpeg"}],"twitter_card":"summary_large_image","twitter_misc":{"Dur\u00e9e de lecture estim\u00e9e":"1 minute"},"schema":{"@context":"https:\/\/schema.org","@graph":[{"@type":"WebPage","@id":"https:\/\/paracherkaoui.ma\/index.php\/produit\/puressentiel-anti-poux-lotion-traitante-200-ml-peigne\/","url":"https:\/\/paracherkaoui.ma\/index.php\/produit\/puressentiel-anti-poux-lotion-traitante-200-ml-peigne\/","name":"PURESSENTIEL ANTI POUX LOTION TRAITANTE 200 ML + PEIGNE - Paracherkaoui.ma","isPartOf":{"@id":"https:\/\/paracherkaoui.ma\/#website"},"primaryImageOfPage":{"@id":"https:\/\/paracherkaoui.ma\/index.php\/produit\/puressentiel-anti-poux-lotion-traitante-200-ml-peigne\/#primaryimage"},"image":{"@id":"https:\/\/paracherkaoui.ma\/index.php\/produit\/puressentiel-anti-poux-lotion-traitante-200-ml-peigne\/#primaryimage"},"thumbnailUrl":"https:\/\/paracherkaoui.ma\/wp-content\/uploads\/2025\/12\/puressentiel-puressentiel-anti-poux-lotion-traitante-200-ml-peigne-anti-poux.jpg","datePublished":"2025-12-12T16:50:43+00:00","dateModified":"2025-12-12T16:50:45+00:00","breadcrumb":{"@id":"https:\/\/paracherkaoui.ma\/index.php\/produit\/puressentiel-anti-poux-lotion-traitante-200-ml-peigne\/#breadcrumb"},"inLanguage":"fr-FR","potentialAction":[{"@type":"ReadAction","target":["https:\/\/paracherkaoui.ma\/index.php\/produit\/puressentiel-anti-poux-lotion-traitante-200-ml-peigne\/"]}]},{"@type":"ImageObject","inLanguage":"fr-FR","@id":"https:\/\/paracherkaoui.ma\/index.php\/produit\/puressentiel-anti-poux-lotion-traitante-200-ml-peigne\/#primaryimage","url":"https:\/\/paracherkaoui.ma\/wp-content\/uploads\/2025\/12\/puressentiel-puressentiel-anti-poux-lotion-traitante-200-ml-peigne-anti-poux.jpg","contentUrl":"https:\/\/paracherkaoui.ma\/wp-content\/uploads\/2025\/12\/puressentiel-puressentiel-anti-poux-lotion-traitante-200-ml-peigne-anti-poux.jpg","width":700,"height":700},{"@type":"BreadcrumbList","@id":"https:\/\/paracherkaoui.ma\/index.php\/produit\/puressentiel-anti-poux-lotion-traitante-200-ml-peigne\/#breadcrumb","itemListElement":[{"@type":"ListItem","position":1,"name":"Accueil","item":"https:\/\/paracherkaoui.ma\/"},{"@type":"ListItem","position":2,"name":"Boutique","item":"https:\/\/paracherkaoui.ma\/index.php\/boutique\/"},{"@type":"ListItem","position":3,"name":"PURESSENTIEL ANTI POUX LOTION TRAITANTE 200 ML + PEIGNE"}]},{"@type":"WebSite","@id":"https:\/\/paracherkaoui.ma\/#website","url":"https:\/\/paracherkaoui.ma\/","name":"Paracherkaoui.ma","description":"Achetez en ligne sur Paracherkaoui.ma","potentialAction":[{"@type":"SearchAction","target":{"@type":"EntryPoint","urlTemplate":"https:\/\/paracherkaoui.ma\/?s={search_term_string}"},"query-input":{"@type":"PropertyValueSpecification","valueRequired":true,"valueName":"search_term_string"}}],"inLanguage":"fr-FR"}]}},"_links":{"self":[{"href":"https:\/\/paracherkaoui.ma\/index.php\/wp-json\/wp\/v2\/product\/14611","targetHints":{"allow":["GET"]}}],"collection":[{"href":"https:\/\/paracherkaoui.ma\/index.php\/wp-json\/wp\/v2\/product"}],"about":[{"href":"https:\/\/paracherkaoui.ma\/index.php\/wp-json\/wp\/v2\/types\/product"}],"replies":[{"embeddable":true,"href":"https:\/\/paracherkaoui.ma\/index.php\/wp-json\/wp\/v2\/comments?post=14611"}],"version-history":[{"count":1,"href":"https:\/\/paracherkaoui.ma\/index.php\/wp-json\/wp\/v2\/product\/14611\/revisions"}],"predecessor-version":[{"id":14645,"href":"https:\/\/paracherkaoui.ma\/index.php\/wp-json\/wp\/v2\/product\/14611\/revisions\/14645"}],"wp:featuredmedia":[{"embeddable":true,"href":"https:\/\/paracherkaoui.ma\/index.php\/wp-json\/wp\/v2\/media\/14644"}],"wp:attachment":[{"href":"https:\/\/paracherkaoui.ma\/index.php\/wp-json\/wp\/v2\/media?parent=14611"}],"wp:term":[{"taxonomy":"product_brand","embeddable":true,"href":"https:\/\/paracherkaoui.ma\/index.php\/wp-json\/wp\/v2\/product_brand?post=14611"},{"taxonomy":"product_cat","embeddable":true,"href":"https:\/\/paracherkaoui.ma\/index.php\/wp-json\/wp\/v2\/product_cat?post=14611"},{"taxonomy":"product_tag","embeddable":true,"href":"https:\/\/paracherkaoui.ma\/index.php\/wp-json\/wp\/v2\/product_tag?post=14611"}],"curies":[{"name":"wp","href":"https:\/\/api.w.org\/{rel}","templated":true}]}}