{"id":14608,"date":"2025-12-12T17:50:43","date_gmt":"2025-12-12T16:50:43","guid":{"rendered":"https:\/\/test.ecbeaute.com\/?post_type=product&#038;p=14608"},"modified":"2025-12-12T17:50:44","modified_gmt":"2025-12-12T16:50:44","slug":"puressentiel-poux-doux-apres-shampooing-protecteur-200ml","status":"publish","type":"product","link":"https:\/\/paracherkaoui.ma\/index.php\/produit\/puressentiel-poux-doux-apres-shampooing-protecteur-200ml\/","title":{"rendered":"PURESSENTIEL POUX DOUX APRES SHAMPOOING PROTECTEUR 200ML"},"content":{"rendered":"<p>DESCRIPTION :<br \/>\nCompos\u00e9 d\u2019huiles essentielles bio (Lavande, Lavandin, Ylang Ylang, G\u00e9ranium) cet apr\u00e8s-shampooing Pouxdoux est id\u00e9al pour le d\u00e9m\u00ealage des cheveux et l\u2019\u00e9limination des lentes et poux morts. Il s\u2019utilise en compl\u00e9ment du traitement anti-poux en usage fr\u00e9quent.<br \/>\nLa formule \u00e0 98% d\u2019origine naturelle de ce soin d\u00e9m\u00ealant laisse les cheveux doux et agr\u00e9ablement parfum\u00e9s. Les cheveux sont prot\u00e9g\u00e9s, le cuir chevelu est apais\u00e9.<br \/>\nTest\u00e9 et approuv\u00e9 par les papas et les mamans* !<br \/>\nCONSEILS D&rsquo;UTILISATION :<br \/>\nAppliquer cet apr\u00e8s-shampooing sur cheveux mouill\u00e9s et essor\u00e9s. Masser d\u00e9licatement du bout des doigts. Laisser agir au moins trois minutes et rincer abondamment \u00e0 l\u2019eau claire. D\u00e9m\u00ealer ensuite \u00e0 l\u2019aide du peigne Anti-Poux afin d\u2019\u00e9liminer les derniers poux, larves et lentes.<br \/>\nEviter le contact de ce soin d\u00e9m\u00ealant avec les yeux. En cas de contact avec les yeux, laver abondamment avec de l\u2019eau. D\u00e9conseill\u00e9 aux enfants de moins de 3 ans et aux femmes enceintes ou allaitant. Ce produit est un cosm\u00e9tique \u00e0 usage externe.<\/p>\n","protected":false},"excerpt":{"rendered":"<p>DESCRIPTION : Compos\u00e9 d\u2019huiles essentielles bio (Lavande, Lavandin, Ylang Ylang, G\u00e9ranium) cet apr\u00e8s-shampooing Pouxdoux est id\u00e9al pour le d\u00e9m\u00ealage des<\/p>\n","protected":false},"featured_media":14638,"comment_status":"open","ping_status":"closed","template":"","meta":[],"product_brand":[204],"product_cat":[197],"product_tag":[],"class_list":{"0":"post-14608","1":"product","2":"type-product","3":"status-publish","4":"has-post-thumbnail","6":"product_brand-puressentiel","7":"product_cat-anti-poux","9":"first","10":"instock","11":"sale","12":"shipping-taxable","13":"purchasable","14":"product-type-simple"},"yoast_head":"<!-- This site is optimized with the Yoast SEO plugin v26.6 - https:\/\/yoast.com\/wordpress\/plugins\/seo\/ -->\r\n<title>PURESSENTIEL POUX DOUX APRES SHAMPOOING PROTECTEUR 200ML - Paracherkaoui.ma<\/title>\r\n<meta name=\"robots\" content=\"index, follow, max-snippet:-1, max-image-preview:large, max-video-preview:-1\" \/>\r\n<link rel=\"canonical\" href=\"https:\/\/paracherkaoui.ma\/index.php\/produit\/puressentiel-poux-doux-apres-shampooing-protecteur-200ml\/\" \/>\r\n<meta property=\"og:locale\" content=\"fr_FR\" \/>\r\n<meta property=\"og:type\" content=\"article\" \/>\r\n<meta property=\"og:title\" content=\"PURESSENTIEL POUX DOUX APRES SHAMPOOING PROTECTEUR 200ML - Paracherkaoui.ma\" \/>\r\n<meta property=\"og:description\" content=\"DESCRIPTION : Compos\u00e9 d\u2019huiles essentielles bio (Lavande, Lavandin, Ylang Ylang, G\u00e9ranium) cet apr\u00e8s-shampooing Pouxdoux est id\u00e9al pour le d\u00e9m\u00ealage des\" \/>\r\n<meta property=\"og:url\" content=\"https:\/\/paracherkaoui.ma\/index.php\/produit\/puressentiel-poux-doux-apres-shampooing-protecteur-200ml\/\" \/>\r\n<meta property=\"og:site_name\" content=\"Paracherkaoui.ma\" \/>\r\n<meta property=\"article:modified_time\" content=\"2025-12-12T16:50:44+00:00\" \/>\r\n<meta property=\"og:image\" content=\"https:\/\/paracherkaoui.ma\/wp-content\/uploads\/2025\/12\/puressentiel-poux-doux-apres-shampooing-protecteur-200ml.jpg\" \/>\r\n\t<meta property=\"og:image:width\" content=\"700\" \/>\r\n\t<meta property=\"og:image:height\" content=\"700\" \/>\r\n\t<meta property=\"og:image:type\" content=\"image\/jpeg\" \/>\r\n<meta name=\"twitter:card\" content=\"summary_large_image\" \/>\r\n<meta name=\"twitter:label1\" content=\"Dur\u00e9e de lecture estim\u00e9e\" \/>\n\t<meta name=\"twitter:data1\" content=\"1 minute\" \/>\r\n<script type=\"application\/ld+json\" class=\"yoast-schema-graph\">{\"@context\":\"https:\/\/schema.org\",\"@graph\":[{\"@type\":\"WebPage\",\"@id\":\"https:\/\/paracherkaoui.ma\/index.php\/produit\/puressentiel-poux-doux-apres-shampooing-protecteur-200ml\/\",\"url\":\"https:\/\/paracherkaoui.ma\/index.php\/produit\/puressentiel-poux-doux-apres-shampooing-protecteur-200ml\/\",\"name\":\"PURESSENTIEL POUX DOUX APRES SHAMPOOING PROTECTEUR 200ML - Paracherkaoui.ma\",\"isPartOf\":{\"@id\":\"https:\/\/paracherkaoui.ma\/#website\"},\"primaryImageOfPage\":{\"@id\":\"https:\/\/paracherkaoui.ma\/index.php\/produit\/puressentiel-poux-doux-apres-shampooing-protecteur-200ml\/#primaryimage\"},\"image\":{\"@id\":\"https:\/\/paracherkaoui.ma\/index.php\/produit\/puressentiel-poux-doux-apres-shampooing-protecteur-200ml\/#primaryimage\"},\"thumbnailUrl\":\"https:\/\/paracherkaoui.ma\/wp-content\/uploads\/2025\/12\/puressentiel-poux-doux-apres-shampooing-protecteur-200ml.jpg\",\"datePublished\":\"2025-12-12T16:50:43+00:00\",\"dateModified\":\"2025-12-12T16:50:44+00:00\",\"breadcrumb\":{\"@id\":\"https:\/\/paracherkaoui.ma\/index.php\/produit\/puressentiel-poux-doux-apres-shampooing-protecteur-200ml\/#breadcrumb\"},\"inLanguage\":\"fr-FR\",\"potentialAction\":[{\"@type\":\"ReadAction\",\"target\":[\"https:\/\/paracherkaoui.ma\/index.php\/produit\/puressentiel-poux-doux-apres-shampooing-protecteur-200ml\/\"]}]},{\"@type\":\"ImageObject\",\"inLanguage\":\"fr-FR\",\"@id\":\"https:\/\/paracherkaoui.ma\/index.php\/produit\/puressentiel-poux-doux-apres-shampooing-protecteur-200ml\/#primaryimage\",\"url\":\"https:\/\/paracherkaoui.ma\/wp-content\/uploads\/2025\/12\/puressentiel-poux-doux-apres-shampooing-protecteur-200ml.jpg\",\"contentUrl\":\"https:\/\/paracherkaoui.ma\/wp-content\/uploads\/2025\/12\/puressentiel-poux-doux-apres-shampooing-protecteur-200ml.jpg\",\"width\":700,\"height\":700},{\"@type\":\"BreadcrumbList\",\"@id\":\"https:\/\/paracherkaoui.ma\/index.php\/produit\/puressentiel-poux-doux-apres-shampooing-protecteur-200ml\/#breadcrumb\",\"itemListElement\":[{\"@type\":\"ListItem\",\"position\":1,\"name\":\"Accueil\",\"item\":\"https:\/\/paracherkaoui.ma\/\"},{\"@type\":\"ListItem\",\"position\":2,\"name\":\"Boutique\",\"item\":\"https:\/\/paracherkaoui.ma\/index.php\/boutique\/\"},{\"@type\":\"ListItem\",\"position\":3,\"name\":\"PURESSENTIEL POUX DOUX APRES SHAMPOOING PROTECTEUR 200ML\"}]},{\"@type\":\"WebSite\",\"@id\":\"https:\/\/paracherkaoui.ma\/#website\",\"url\":\"https:\/\/paracherkaoui.ma\/\",\"name\":\"Paracherkaoui.ma\",\"description\":\"Achetez en ligne sur Paracherkaoui.ma\",\"potentialAction\":[{\"@type\":\"SearchAction\",\"target\":{\"@type\":\"EntryPoint\",\"urlTemplate\":\"https:\/\/paracherkaoui.ma\/?s={search_term_string}\"},\"query-input\":{\"@type\":\"PropertyValueSpecification\",\"valueRequired\":true,\"valueName\":\"search_term_string\"}}],\"inLanguage\":\"fr-FR\"}]}<\/script>\r\n<!-- \/ Yoast SEO plugin. -->","yoast_head_json":{"title":"PURESSENTIEL POUX DOUX APRES SHAMPOOING PROTECTEUR 200ML - Paracherkaoui.ma","robots":{"index":"index","follow":"follow","max-snippet":"max-snippet:-1","max-image-preview":"max-image-preview:large","max-video-preview":"max-video-preview:-1"},"canonical":"https:\/\/paracherkaoui.ma\/index.php\/produit\/puressentiel-poux-doux-apres-shampooing-protecteur-200ml\/","og_locale":"fr_FR","og_type":"article","og_title":"PURESSENTIEL POUX DOUX APRES SHAMPOOING PROTECTEUR 200ML - Paracherkaoui.ma","og_description":"DESCRIPTION : Compos\u00e9 d\u2019huiles essentielles bio (Lavande, Lavandin, Ylang Ylang, G\u00e9ranium) cet apr\u00e8s-shampooing Pouxdoux est id\u00e9al pour le d\u00e9m\u00ealage des","og_url":"https:\/\/paracherkaoui.ma\/index.php\/produit\/puressentiel-poux-doux-apres-shampooing-protecteur-200ml\/","og_site_name":"Paracherkaoui.ma","article_modified_time":"2025-12-12T16:50:44+00:00","og_image":[{"width":700,"height":700,"url":"https:\/\/paracherkaoui.ma\/wp-content\/uploads\/2025\/12\/puressentiel-poux-doux-apres-shampooing-protecteur-200ml.jpg","type":"image\/jpeg"}],"twitter_card":"summary_large_image","twitter_misc":{"Dur\u00e9e de lecture estim\u00e9e":"1 minute"},"schema":{"@context":"https:\/\/schema.org","@graph":[{"@type":"WebPage","@id":"https:\/\/paracherkaoui.ma\/index.php\/produit\/puressentiel-poux-doux-apres-shampooing-protecteur-200ml\/","url":"https:\/\/paracherkaoui.ma\/index.php\/produit\/puressentiel-poux-doux-apres-shampooing-protecteur-200ml\/","name":"PURESSENTIEL POUX DOUX APRES SHAMPOOING PROTECTEUR 200ML - Paracherkaoui.ma","isPartOf":{"@id":"https:\/\/paracherkaoui.ma\/#website"},"primaryImageOfPage":{"@id":"https:\/\/paracherkaoui.ma\/index.php\/produit\/puressentiel-poux-doux-apres-shampooing-protecteur-200ml\/#primaryimage"},"image":{"@id":"https:\/\/paracherkaoui.ma\/index.php\/produit\/puressentiel-poux-doux-apres-shampooing-protecteur-200ml\/#primaryimage"},"thumbnailUrl":"https:\/\/paracherkaoui.ma\/wp-content\/uploads\/2025\/12\/puressentiel-poux-doux-apres-shampooing-protecteur-200ml.jpg","datePublished":"2025-12-12T16:50:43+00:00","dateModified":"2025-12-12T16:50:44+00:00","breadcrumb":{"@id":"https:\/\/paracherkaoui.ma\/index.php\/produit\/puressentiel-poux-doux-apres-shampooing-protecteur-200ml\/#breadcrumb"},"inLanguage":"fr-FR","potentialAction":[{"@type":"ReadAction","target":["https:\/\/paracherkaoui.ma\/index.php\/produit\/puressentiel-poux-doux-apres-shampooing-protecteur-200ml\/"]}]},{"@type":"ImageObject","inLanguage":"fr-FR","@id":"https:\/\/paracherkaoui.ma\/index.php\/produit\/puressentiel-poux-doux-apres-shampooing-protecteur-200ml\/#primaryimage","url":"https:\/\/paracherkaoui.ma\/wp-content\/uploads\/2025\/12\/puressentiel-poux-doux-apres-shampooing-protecteur-200ml.jpg","contentUrl":"https:\/\/paracherkaoui.ma\/wp-content\/uploads\/2025\/12\/puressentiel-poux-doux-apres-shampooing-protecteur-200ml.jpg","width":700,"height":700},{"@type":"BreadcrumbList","@id":"https:\/\/paracherkaoui.ma\/index.php\/produit\/puressentiel-poux-doux-apres-shampooing-protecteur-200ml\/#breadcrumb","itemListElement":[{"@type":"ListItem","position":1,"name":"Accueil","item":"https:\/\/paracherkaoui.ma\/"},{"@type":"ListItem","position":2,"name":"Boutique","item":"https:\/\/paracherkaoui.ma\/index.php\/boutique\/"},{"@type":"ListItem","position":3,"name":"PURESSENTIEL POUX DOUX APRES SHAMPOOING PROTECTEUR 200ML"}]},{"@type":"WebSite","@id":"https:\/\/paracherkaoui.ma\/#website","url":"https:\/\/paracherkaoui.ma\/","name":"Paracherkaoui.ma","description":"Achetez en ligne sur Paracherkaoui.ma","potentialAction":[{"@type":"SearchAction","target":{"@type":"EntryPoint","urlTemplate":"https:\/\/paracherkaoui.ma\/?s={search_term_string}"},"query-input":{"@type":"PropertyValueSpecification","valueRequired":true,"valueName":"search_term_string"}}],"inLanguage":"fr-FR"}]}},"_links":{"self":[{"href":"https:\/\/paracherkaoui.ma\/index.php\/wp-json\/wp\/v2\/product\/14608","targetHints":{"allow":["GET"]}}],"collection":[{"href":"https:\/\/paracherkaoui.ma\/index.php\/wp-json\/wp\/v2\/product"}],"about":[{"href":"https:\/\/paracherkaoui.ma\/index.php\/wp-json\/wp\/v2\/types\/product"}],"replies":[{"embeddable":true,"href":"https:\/\/paracherkaoui.ma\/index.php\/wp-json\/wp\/v2\/comments?post=14608"}],"version-history":[{"count":1,"href":"https:\/\/paracherkaoui.ma\/index.php\/wp-json\/wp\/v2\/product\/14608\/revisions"}],"predecessor-version":[{"id":14639,"href":"https:\/\/paracherkaoui.ma\/index.php\/wp-json\/wp\/v2\/product\/14608\/revisions\/14639"}],"wp:featuredmedia":[{"embeddable":true,"href":"https:\/\/paracherkaoui.ma\/index.php\/wp-json\/wp\/v2\/media\/14638"}],"wp:attachment":[{"href":"https:\/\/paracherkaoui.ma\/index.php\/wp-json\/wp\/v2\/media?parent=14608"}],"wp:term":[{"taxonomy":"product_brand","embeddable":true,"href":"https:\/\/paracherkaoui.ma\/index.php\/wp-json\/wp\/v2\/product_brand?post=14608"},{"taxonomy":"product_cat","embeddable":true,"href":"https:\/\/paracherkaoui.ma\/index.php\/wp-json\/wp\/v2\/product_cat?post=14608"},{"taxonomy":"product_tag","embeddable":true,"href":"https:\/\/paracherkaoui.ma\/index.php\/wp-json\/wp\/v2\/product_tag?post=14608"}],"curies":[{"name":"wp","href":"https:\/\/api.w.org\/{rel}","templated":true}]}}