{"id":14589,"date":"2025-12-12T17:50:33","date_gmt":"2025-12-12T16:50:33","guid":{"rendered":"https:\/\/test.ecbeaute.com\/?post_type=product&#038;p=14589"},"modified":"2025-12-12T17:50:33","modified_gmt":"2025-12-12T16:50:33","slug":"puressentiel-poux-doux-shampoing-quotidien-poux-doux-certifie-bio-200-ml","status":"publish","type":"product","link":"https:\/\/paracherkaoui.ma\/index.php\/produit\/puressentiel-poux-doux-shampoing-quotidien-poux-doux-certifie-bio-200-ml\/","title":{"rendered":"PURESSENTIEL POUX DOUX SHAMPOING QUOTIDIEN POUX DOUX CERTIFIE BIO 200 ML"},"content":{"rendered":"<p>En compl\u00e9ment de la lotion anti-poux, ce shampooing naturel* aux huiles essentielles s\u2019utilise pour aider \u00e0 d\u00e9coller les lentes et poux morts. Enrichi en aloe vera, il assainit et apaise le cuir chevelu. Ne dess\u00e9chant pas les cheveux, ce shampooing naturel certifi\u00e9 bio \u00e0 la senteur fra\u00eeche est formul\u00e9 pour un usage fr\u00e9quent. Il assure protection et hygi\u00e8ne naturelle \u00e0 toute la famille** ! Formule 99,4% d&rsquo;origine naturelle Test\u00e9 et approuv\u00e9 par les papas et les mamans (1) Test\u00e9 sous contr\u00f4le dermatologique et ophtalmique (1)<br \/>\nCONSEILS D&rsquo;UTILISATION :<br \/>\nAppliquez ce shampooing naturel* sur cheveux mouill\u00e9s, faites mousser. Puis rincez abondamment \u00e0 l&rsquo;eau. Pour \u00e9liminer poux, larves et lentes en seulement 10 minutes.<br \/>\nPRECAUTIONS D&rsquo;EMPLOI :<br \/>\nEviter le contact avec les yeux. En cas de contact de ce shampooing naturel* avec les yeux, laver abondamment avec de l\u2019eau. D\u00e9conseill\u00e9 aux enfants de moins de 3 ans, aux femmes enceintes ou allaitant. Ce produit est un cosm\u00e9tique \u00e0 usage externe.<\/p>\n","protected":false},"excerpt":{"rendered":"<p>En compl\u00e9ment de la lotion anti-poux, ce shampooing naturel* aux huiles essentielles s\u2019utilise pour aider \u00e0 d\u00e9coller les lentes et<\/p>\n","protected":false},"featured_media":14595,"comment_status":"open","ping_status":"closed","template":"","meta":[],"product_brand":[204],"product_cat":[197],"product_tag":[],"class_list":{"0":"post-14589","1":"product","2":"type-product","3":"status-publish","4":"has-post-thumbnail","6":"product_brand-puressentiel","7":"product_cat-anti-poux","9":"first","10":"instock","11":"sale","12":"shipping-taxable","13":"purchasable","14":"product-type-simple"},"yoast_head":"<!-- This site is optimized with the Yoast SEO plugin v26.6 - https:\/\/yoast.com\/wordpress\/plugins\/seo\/ -->\r\n<title>PURESSENTIEL POUX DOUX SHAMPOING QUOTIDIEN POUX DOUX CERTIFIE BIO 200 ML - Paracherkaoui.ma<\/title>\r\n<meta name=\"robots\" content=\"index, follow, max-snippet:-1, max-image-preview:large, max-video-preview:-1\" \/>\r\n<link rel=\"canonical\" href=\"https:\/\/paracherkaoui.ma\/index.php\/produit\/puressentiel-poux-doux-shampoing-quotidien-poux-doux-certifie-bio-200-ml\/\" \/>\r\n<meta property=\"og:locale\" content=\"fr_FR\" \/>\r\n<meta property=\"og:type\" content=\"article\" \/>\r\n<meta property=\"og:title\" content=\"PURESSENTIEL POUX DOUX SHAMPOING QUOTIDIEN POUX DOUX CERTIFIE BIO 200 ML - Paracherkaoui.ma\" \/>\r\n<meta property=\"og:description\" content=\"En compl\u00e9ment de la lotion anti-poux, ce shampooing naturel* aux huiles essentielles s\u2019utilise pour aider \u00e0 d\u00e9coller les lentes et\" \/>\r\n<meta property=\"og:url\" content=\"https:\/\/paracherkaoui.ma\/index.php\/produit\/puressentiel-poux-doux-shampoing-quotidien-poux-doux-certifie-bio-200-ml\/\" \/>\r\n<meta property=\"og:site_name\" content=\"Paracherkaoui.ma\" \/>\r\n<meta property=\"og:image\" content=\"https:\/\/paracherkaoui.ma\/wp-content\/uploads\/2025\/12\/puressentiel-poux-doux-shampoing-quotidien-poux-doux-certifie-bio-200-ml.jpg\" \/>\r\n\t<meta property=\"og:image:width\" content=\"700\" \/>\r\n\t<meta property=\"og:image:height\" content=\"700\" \/>\r\n\t<meta property=\"og:image:type\" content=\"image\/jpeg\" \/>\r\n<meta name=\"twitter:card\" content=\"summary_large_image\" \/>\r\n<meta name=\"twitter:label1\" content=\"Dur\u00e9e de lecture estim\u00e9e\" \/>\n\t<meta name=\"twitter:data1\" content=\"1 minute\" \/>\r\n<script type=\"application\/ld+json\" class=\"yoast-schema-graph\">{\"@context\":\"https:\/\/schema.org\",\"@graph\":[{\"@type\":\"WebPage\",\"@id\":\"https:\/\/paracherkaoui.ma\/index.php\/produit\/puressentiel-poux-doux-shampoing-quotidien-poux-doux-certifie-bio-200-ml\/\",\"url\":\"https:\/\/paracherkaoui.ma\/index.php\/produit\/puressentiel-poux-doux-shampoing-quotidien-poux-doux-certifie-bio-200-ml\/\",\"name\":\"PURESSENTIEL POUX DOUX SHAMPOING QUOTIDIEN POUX DOUX CERTIFIE BIO 200 ML - Paracherkaoui.ma\",\"isPartOf\":{\"@id\":\"https:\/\/paracherkaoui.ma\/#website\"},\"primaryImageOfPage\":{\"@id\":\"https:\/\/paracherkaoui.ma\/index.php\/produit\/puressentiel-poux-doux-shampoing-quotidien-poux-doux-certifie-bio-200-ml\/#primaryimage\"},\"image\":{\"@id\":\"https:\/\/paracherkaoui.ma\/index.php\/produit\/puressentiel-poux-doux-shampoing-quotidien-poux-doux-certifie-bio-200-ml\/#primaryimage\"},\"thumbnailUrl\":\"https:\/\/paracherkaoui.ma\/wp-content\/uploads\/2025\/12\/puressentiel-poux-doux-shampoing-quotidien-poux-doux-certifie-bio-200-ml.jpg\",\"datePublished\":\"2025-12-12T16:50:33+00:00\",\"breadcrumb\":{\"@id\":\"https:\/\/paracherkaoui.ma\/index.php\/produit\/puressentiel-poux-doux-shampoing-quotidien-poux-doux-certifie-bio-200-ml\/#breadcrumb\"},\"inLanguage\":\"fr-FR\",\"potentialAction\":[{\"@type\":\"ReadAction\",\"target\":[\"https:\/\/paracherkaoui.ma\/index.php\/produit\/puressentiel-poux-doux-shampoing-quotidien-poux-doux-certifie-bio-200-ml\/\"]}]},{\"@type\":\"ImageObject\",\"inLanguage\":\"fr-FR\",\"@id\":\"https:\/\/paracherkaoui.ma\/index.php\/produit\/puressentiel-poux-doux-shampoing-quotidien-poux-doux-certifie-bio-200-ml\/#primaryimage\",\"url\":\"https:\/\/paracherkaoui.ma\/wp-content\/uploads\/2025\/12\/puressentiel-poux-doux-shampoing-quotidien-poux-doux-certifie-bio-200-ml.jpg\",\"contentUrl\":\"https:\/\/paracherkaoui.ma\/wp-content\/uploads\/2025\/12\/puressentiel-poux-doux-shampoing-quotidien-poux-doux-certifie-bio-200-ml.jpg\",\"width\":700,\"height\":700},{\"@type\":\"BreadcrumbList\",\"@id\":\"https:\/\/paracherkaoui.ma\/index.php\/produit\/puressentiel-poux-doux-shampoing-quotidien-poux-doux-certifie-bio-200-ml\/#breadcrumb\",\"itemListElement\":[{\"@type\":\"ListItem\",\"position\":1,\"name\":\"Accueil\",\"item\":\"https:\/\/paracherkaoui.ma\/\"},{\"@type\":\"ListItem\",\"position\":2,\"name\":\"Boutique\",\"item\":\"https:\/\/paracherkaoui.ma\/index.php\/boutique\/\"},{\"@type\":\"ListItem\",\"position\":3,\"name\":\"PURESSENTIEL POUX DOUX SHAMPOING QUOTIDIEN POUX DOUX CERTIFIE BIO 200 ML\"}]},{\"@type\":\"WebSite\",\"@id\":\"https:\/\/paracherkaoui.ma\/#website\",\"url\":\"https:\/\/paracherkaoui.ma\/\",\"name\":\"Paracherkaoui.ma\",\"description\":\"Achetez en ligne sur Paracherkaoui.ma\",\"potentialAction\":[{\"@type\":\"SearchAction\",\"target\":{\"@type\":\"EntryPoint\",\"urlTemplate\":\"https:\/\/paracherkaoui.ma\/?s={search_term_string}\"},\"query-input\":{\"@type\":\"PropertyValueSpecification\",\"valueRequired\":true,\"valueName\":\"search_term_string\"}}],\"inLanguage\":\"fr-FR\"}]}<\/script>\r\n<!-- \/ Yoast SEO plugin. -->","yoast_head_json":{"title":"PURESSENTIEL POUX DOUX SHAMPOING QUOTIDIEN POUX DOUX CERTIFIE BIO 200 ML - Paracherkaoui.ma","robots":{"index":"index","follow":"follow","max-snippet":"max-snippet:-1","max-image-preview":"max-image-preview:large","max-video-preview":"max-video-preview:-1"},"canonical":"https:\/\/paracherkaoui.ma\/index.php\/produit\/puressentiel-poux-doux-shampoing-quotidien-poux-doux-certifie-bio-200-ml\/","og_locale":"fr_FR","og_type":"article","og_title":"PURESSENTIEL POUX DOUX SHAMPOING QUOTIDIEN POUX DOUX CERTIFIE BIO 200 ML - Paracherkaoui.ma","og_description":"En compl\u00e9ment de la lotion anti-poux, ce shampooing naturel* aux huiles essentielles s\u2019utilise pour aider \u00e0 d\u00e9coller les lentes et","og_url":"https:\/\/paracherkaoui.ma\/index.php\/produit\/puressentiel-poux-doux-shampoing-quotidien-poux-doux-certifie-bio-200-ml\/","og_site_name":"Paracherkaoui.ma","og_image":[{"width":700,"height":700,"url":"https:\/\/paracherkaoui.ma\/wp-content\/uploads\/2025\/12\/puressentiel-poux-doux-shampoing-quotidien-poux-doux-certifie-bio-200-ml.jpg","type":"image\/jpeg"}],"twitter_card":"summary_large_image","twitter_misc":{"Dur\u00e9e de lecture estim\u00e9e":"1 minute"},"schema":{"@context":"https:\/\/schema.org","@graph":[{"@type":"WebPage","@id":"https:\/\/paracherkaoui.ma\/index.php\/produit\/puressentiel-poux-doux-shampoing-quotidien-poux-doux-certifie-bio-200-ml\/","url":"https:\/\/paracherkaoui.ma\/index.php\/produit\/puressentiel-poux-doux-shampoing-quotidien-poux-doux-certifie-bio-200-ml\/","name":"PURESSENTIEL POUX DOUX SHAMPOING QUOTIDIEN POUX DOUX CERTIFIE BIO 200 ML - Paracherkaoui.ma","isPartOf":{"@id":"https:\/\/paracherkaoui.ma\/#website"},"primaryImageOfPage":{"@id":"https:\/\/paracherkaoui.ma\/index.php\/produit\/puressentiel-poux-doux-shampoing-quotidien-poux-doux-certifie-bio-200-ml\/#primaryimage"},"image":{"@id":"https:\/\/paracherkaoui.ma\/index.php\/produit\/puressentiel-poux-doux-shampoing-quotidien-poux-doux-certifie-bio-200-ml\/#primaryimage"},"thumbnailUrl":"https:\/\/paracherkaoui.ma\/wp-content\/uploads\/2025\/12\/puressentiel-poux-doux-shampoing-quotidien-poux-doux-certifie-bio-200-ml.jpg","datePublished":"2025-12-12T16:50:33+00:00","breadcrumb":{"@id":"https:\/\/paracherkaoui.ma\/index.php\/produit\/puressentiel-poux-doux-shampoing-quotidien-poux-doux-certifie-bio-200-ml\/#breadcrumb"},"inLanguage":"fr-FR","potentialAction":[{"@type":"ReadAction","target":["https:\/\/paracherkaoui.ma\/index.php\/produit\/puressentiel-poux-doux-shampoing-quotidien-poux-doux-certifie-bio-200-ml\/"]}]},{"@type":"ImageObject","inLanguage":"fr-FR","@id":"https:\/\/paracherkaoui.ma\/index.php\/produit\/puressentiel-poux-doux-shampoing-quotidien-poux-doux-certifie-bio-200-ml\/#primaryimage","url":"https:\/\/paracherkaoui.ma\/wp-content\/uploads\/2025\/12\/puressentiel-poux-doux-shampoing-quotidien-poux-doux-certifie-bio-200-ml.jpg","contentUrl":"https:\/\/paracherkaoui.ma\/wp-content\/uploads\/2025\/12\/puressentiel-poux-doux-shampoing-quotidien-poux-doux-certifie-bio-200-ml.jpg","width":700,"height":700},{"@type":"BreadcrumbList","@id":"https:\/\/paracherkaoui.ma\/index.php\/produit\/puressentiel-poux-doux-shampoing-quotidien-poux-doux-certifie-bio-200-ml\/#breadcrumb","itemListElement":[{"@type":"ListItem","position":1,"name":"Accueil","item":"https:\/\/paracherkaoui.ma\/"},{"@type":"ListItem","position":2,"name":"Boutique","item":"https:\/\/paracherkaoui.ma\/index.php\/boutique\/"},{"@type":"ListItem","position":3,"name":"PURESSENTIEL POUX DOUX SHAMPOING QUOTIDIEN POUX DOUX CERTIFIE BIO 200 ML"}]},{"@type":"WebSite","@id":"https:\/\/paracherkaoui.ma\/#website","url":"https:\/\/paracherkaoui.ma\/","name":"Paracherkaoui.ma","description":"Achetez en ligne sur Paracherkaoui.ma","potentialAction":[{"@type":"SearchAction","target":{"@type":"EntryPoint","urlTemplate":"https:\/\/paracherkaoui.ma\/?s={search_term_string}"},"query-input":{"@type":"PropertyValueSpecification","valueRequired":true,"valueName":"search_term_string"}}],"inLanguage":"fr-FR"}]}},"_links":{"self":[{"href":"https:\/\/paracherkaoui.ma\/index.php\/wp-json\/wp\/v2\/product\/14589","targetHints":{"allow":["GET"]}}],"collection":[{"href":"https:\/\/paracherkaoui.ma\/index.php\/wp-json\/wp\/v2\/product"}],"about":[{"href":"https:\/\/paracherkaoui.ma\/index.php\/wp-json\/wp\/v2\/types\/product"}],"replies":[{"embeddable":true,"href":"https:\/\/paracherkaoui.ma\/index.php\/wp-json\/wp\/v2\/comments?post=14589"}],"version-history":[{"count":1,"href":"https:\/\/paracherkaoui.ma\/index.php\/wp-json\/wp\/v2\/product\/14589\/revisions"}],"predecessor-version":[{"id":14597,"href":"https:\/\/paracherkaoui.ma\/index.php\/wp-json\/wp\/v2\/product\/14589\/revisions\/14597"}],"wp:featuredmedia":[{"embeddable":true,"href":"https:\/\/paracherkaoui.ma\/index.php\/wp-json\/wp\/v2\/media\/14595"}],"wp:attachment":[{"href":"https:\/\/paracherkaoui.ma\/index.php\/wp-json\/wp\/v2\/media?parent=14589"}],"wp:term":[{"taxonomy":"product_brand","embeddable":true,"href":"https:\/\/paracherkaoui.ma\/index.php\/wp-json\/wp\/v2\/product_brand?post=14589"},{"taxonomy":"product_cat","embeddable":true,"href":"https:\/\/paracherkaoui.ma\/index.php\/wp-json\/wp\/v2\/product_cat?post=14589"},{"taxonomy":"product_tag","embeddable":true,"href":"https:\/\/paracherkaoui.ma\/index.php\/wp-json\/wp\/v2\/product_tag?post=14589"}],"curies":[{"name":"wp","href":"https:\/\/api.w.org\/{rel}","templated":true}]}}